{"id":4415,"date":"2021-09-13T10:21:58","date_gmt":"2021-09-13T10:21:58","guid":{"rendered":"https:\/\/recyclingequipinc.com\/?post_type=product&#038;p=4415"},"modified":"2025-11-10T16:32:20","modified_gmt":"2025-11-10T08:32:20","slug":"egg-tray-reshaping-packing-progress","status":"publish","type":"product","link":"https:\/\/recyclingequipinc.com\/es\/product\/egg-tray-reshaping-packing-progress\/","title":{"rendered":"Progreso de remodelaci\u00f3n y empaque de bandejas de huevos"},"content":{"rendered":"<p class=\"translation-block\"><strong><b>El redimensionamiento y empaquetado de las bandejas de huevos<\/b><\/strong> es la etapa final de todo el proceso de fabricaci\u00f3n de bandejas de huevos. Contiene dos pasos: prensado en caliente y empaquetado. Por lo tanto, se requieren una m\u00e1quina de prensado en caliente y una m\u00e1quina de empaquetado. La prensa en caliente sirve para reducir el volumen de la bandeja de huevos y ahorrar espacio. La m\u00e1quina de empaquetado sirve para empaquetar los productos terminados. Pero puede elegir el empaquetado manual o el empaquetado autom\u00e1tico seg\u00fan las necesidades reales. En t\u00e9rminos generales, durante el proceso de fabricaci\u00f3n de bandejas de huevos, solo deben redimensionarse las cajas de huevos. Este paso siempre se realiza despu\u00e9s del secado. Por lo tanto, el proceso completo de fabricaci\u00f3n de bandejas de huevos incluye pulpado, formado, secado, prensado en caliente y empaquetado. \u00a1P\u00f3ngase en contacto con nosotros para obtener m\u00e1s informaci\u00f3n!<\/p> <figure id=\"attachment_4532\" aria-describedby=\"caption-attachment-4532\" style=\"width: 750px\" class=\"wp-caption aligncenter\"><img fetchpriority=\"high\" decoding=\"async\" class=\"wp-image-4532 size-full\" src=\"https:\/\/recyclingequipinc.com\/wp-content\/uploads\/2021\/09\/reshaping-machine-1.jpg\" alt=\"m\u00e1quina de moldeado para bandejas de huevo de papel\" width=\"750\" height=\"572\" srcset=\"https:\/\/recyclingequipinc.com\/wp-content\/uploads\/2021\/09\/reshaping-machine-1.jpg 750w, https:\/\/recyclingequipinc.com\/wp-content\/uploads\/2021\/09\/reshaping-machine-1-300x229.jpg 300w, https:\/\/recyclingequipinc.com\/wp-content\/uploads\/2021\/09\/reshaping-machine-1-600x458.jpg 600w\" sizes=\"(max-width: 750px) 100vw, 750px\" \/><figcaption id=\"caption-attachment-4532\" class=\"wp-caption-text\">m\u00e1quina de moldeado para bandejas de huevo de papel<\/figcaption><\/figure> <h2><strong><b>Progreso de remodelaci\u00f3n de la bandeja de huevos<\/b><\/strong><\/h2> <p>En este proceso, la prensa en caliente es una m\u00e1quina indispensable. La prensa en caliente se utiliza especialmente para productos ecol\u00f3gicos, como cajas de huevos, para hacer la superficie m\u00e1s suave y hermosa. Adem\u00e1s, despu\u00e9s de remodelar los carros para huevos, se ahorra espacio y se pueden almacenar m\u00e1s piezas. La estructura de la prensa en caliente incluye las siguientes partes: panel de control, cilindro, varilla gu\u00eda, marco, placa de ajuste, plantilla superior, plantilla inferior, triplete y v\u00e1lvula reguladora de presi\u00f3n. Y est\u00e1 controlado por control a\u00e9reo. Pero cabe se\u00f1alar que el aire comprimido del medio de trabajo del control neum\u00e1tico debe purificarse y secarse para garantizar la vida \u00fatil del control de aire.<\/p> <p>&nbsp;<\/p> <h2><strong><b>Progreso del embalaje<\/b><\/strong><\/h2> <p>Este progreso es el paso final. La m\u00e1quina empacadora se utiliza para empacar bandejas de huevos y entrega f\u00e1cil. Todo el proceso de fabricaci\u00f3n de la bandeja de huevos consiste en despulpar, formar, secar, remodelar y empaquetar de manera ordenada. La pulpa consiste en convertir en pulpa papel o revistas de desecho, etc. Formar es convertir la pulpa en moldes. El secado consiste en secar el molde mediante secado natural, secado de ladrillos o secado de metales. La remodelaci\u00f3n y el embalaje son para remodelar el molde y son f\u00e1ciles de entregar. Para hacer un carrito de huevos, cada paso es absolutamente necesario. Todo deber\u00eda coincidir. Entonces, si tienes alguna duda, \u00a1cont\u00e1ctanos lo antes posible!<\/p> <figure id=\"attachment_4541\" aria-describedby=\"caption-attachment-4541\" style=\"width: 670px\" class=\"wp-caption aligncenter\"><img decoding=\"async\" class=\"wp-image-4541 size-full\" src=\"https:\/\/recyclingequipinc.com\/wp-content\/uploads\/2021\/09\/flow-chart.jpg\" alt=\"diagrama de flujo\" width=\"670\" height=\"470\" srcset=\"https:\/\/recyclingequipinc.com\/wp-content\/uploads\/2021\/09\/flow-chart.jpg 670w, https:\/\/recyclingequipinc.com\/wp-content\/uploads\/2021\/09\/flow-chart-300x210.jpg 300w, https:\/\/recyclingequipinc.com\/wp-content\/uploads\/2021\/09\/flow-chart-600x421.jpg 600w\" sizes=\"(max-width: 670px) 100vw, 670px\" \/><figcaption id=\"caption-attachment-4541\" class=\"wp-caption-text\">diagrama de flujo<\/figcaption><\/figure> <h2><strong><b>Instrucciones para la m\u00e1quina de prensado en caliente<\/b><\/strong><\/h2> <p class=\"translation-block\"><strong><b>Elementos a comprobar antes de arrancar:<\/b><\/strong><\/p> <ol> <li>Compruebe si el molde de la m\u00e1quina est\u00e1 instalado firmemente.<\/li> <li>Compruebe si las partes m\u00f3viles de la m\u00e1quina est\u00e1n bien lubricadas y si los tornillos de cada parte est\u00e1n flojos.<\/li> <li>Verifique si la presi\u00f3n del aire de trabajo y la temperatura de trabajo cumplen con los requisitos del proceso de producci\u00f3n (la presi\u00f3n del aire es de 0,5 \u00b1 0,05 MPa, la temperatura de trabajo es de 165 \u00b1 15 \u2103) y encienda el interruptor de control de temperatura en el panel.<\/li> <li>Opere manualmente la m\u00e1quina para verificar si el control de operaci\u00f3n de la m\u00e1quina es normal.<\/li> <\/ol> <p>&nbsp;<\/p> <h2><strong><b>M\u00e9todo de operaci\u00f3n<\/b><\/strong><strong><b>:<\/b><\/strong><\/h2> <ol> <li>El trabajo de inspecci\u00f3n se completa y confirma antes de la puesta en marcha y se puede llevar a cabo la operaci\u00f3n de producci\u00f3n.<\/li> <li>Cambie el interruptor giratorio \u201cmanual\/autom\u00e1tico\u201d del panel de operaci\u00f3n a la posici\u00f3n autom\u00e1tica.<\/li> <li>Tome el producto semiacabado que coincida con el molde del equipo, col\u00f3quelo sobre el molde y presione los dos interruptores de inicio con ambas manos al mismo tiempo.<\/li> <li>Despu\u00e9s de cerrar los bancos de trabajo superior e inferior del equipo, suelte el bot\u00f3n de inicio para preparar el siguiente producto y espere a que se separen los moldes superior e inferior.<\/li> <li>Despu\u00e9s de separar los moldes superior e inferior, saque el producto moldeado y verifique si el producto cumple con el est\u00e1ndar de calidad.<\/li> <li>Verifique y termine de apilar el producto terminado para continuar el trabajo de dar forma al siguiente producto.<\/li> <\/ol> <p>&nbsp;<\/p> <h2><strong><b>Asuntos <\/b><\/strong><strong><b>necesitando atenci\u00f3n<\/b><\/strong><strong><b>:<\/b><\/strong><\/h2> <ol> <li>1. Los operadores deben usar guantes y mangas cuando trabajen para evitar quemaduras.<\/li> <li>2. Est\u00e1 estrictamente prohibido que una persona encienda la m\u00e1quina y varias personas recojan y coloquen el producto para evitar aplastamientos.<\/li> <li>3. Preste mucha atenci\u00f3n al funcionamiento del equipo durante el trabajo. Si hay alguna anomal\u00eda, presione el interruptor de parada de emergencia y apague la alimentaci\u00f3n inmediatamente, e informe a tiempo al supervisor de turno y al personal t\u00e9cnico relacionado.<\/li> <\/ol> <p>&nbsp;<\/p> <h2><strong><b>Mantenimiento<\/b><\/strong><\/h2> <ol> <li>Durante el uso del equipo, siempre verifique si el sistema de suministro de gas es normal, si la l\u00ednea de suministro de energ\u00eda es normal, si hay alg\u00fan da\u00f1o o calentamiento de la l\u00ednea.<\/li> <li>Cuando se produce un impacto o ruido anormal durante el funcionamiento del equipo, se debe apagar inmediatamente para realizar una inspecci\u00f3n para descubrir la causa y eliminarla.<\/li> <li>Las piezas neum\u00e1ticas deben lubricarse y se debe agregar aceite de motor n.\u00b0 20 al recipiente de aceite de la pieza triple con regularidad.<\/li> <li>Para una parada prolongada, baje el molde superior a la posici\u00f3n m\u00e1s baja, rellene los moldes superior e inferior con madera y cierre la fuente de aire al equipo. Reposte combustible peri\u00f3dicamente y compruebe las piezas m\u00f3viles del equipo para garantizar el funcionamiento normal del equipo cuando est\u00e9 en uso.<\/li> <\/ol> <p>&nbsp;<\/p> <h2><strong><b>\u00bfQu\u00e9 tal nuestro servicio?<\/b><\/strong><\/h2> <p>Todos los productos adquiridos en nuestra empresa tienen garant\u00eda de mantenimiento en buen estado durante un a\u00f1o. Si ocurren problemas de calidad durante el per\u00edodo de garant\u00eda, nuestra empresa los mantendr\u00e1 de forma gratuita.<\/p> <ol> <li>Antes de enviar la m\u00e1quina, la probaremos y la pondremos en marcha, para que puedas usarla directamente cuando la recibas.<\/li> <li>Se enviar\u00e1n videos de operaci\u00f3n e instrucciones a los clientes para ayudarlos a utilizar mejor las m\u00e1quinas.<\/li> <li>Cualquier problema que ocurra durante el uso, se ofrecer\u00e1 asesoramiento profesional.<\/li> <li>Se suministra todo tipo de piezas de uso frecuente durante todo el a\u00f1o.<\/li> <\/ol> <p>&nbsp;<\/p> <p>Adem\u00e1s, nuestra empresa brinda soporte t\u00e9cnico y accesorios de por vida. El servicio posventa no est\u00e1 restringido por el tiempo y resolveremos sus problemas a tiempo. Si tiene alg\u00fan problema al utilizar nuestros productos, bienvenido a contactarnos en cualquier momento.<\/p> <figure id=\"attachment_4543\" aria-describedby=\"caption-attachment-4543\" style=\"width: 670px\" class=\"wp-caption aligncenter\"><img decoding=\"async\" class=\"wp-image-4543 size-full\" src=\"https:\/\/recyclingequipinc.com\/wp-content\/uploads\/2021\/09\/door-to-door-service.jpg\" alt=\"servicio puerta a puerta\" width=\"670\" height=\"470\" srcset=\"https:\/\/recyclingequipinc.com\/wp-content\/uploads\/2021\/09\/door-to-door-service.jpg 670w, https:\/\/recyclingequipinc.com\/wp-content\/uploads\/2021\/09\/door-to-door-service-300x210.jpg 300w, https:\/\/recyclingequipinc.com\/wp-content\/uploads\/2021\/09\/door-to-door-service-600x421.jpg 600w\" sizes=\"(max-width: 670px) 100vw, 670px\" \/><figcaption id=\"caption-attachment-4543\" class=\"wp-caption-text\">servicio puerta a puerta<\/figcaption><\/figure> <h2><strong><b>Conclusi\u00f3n<\/b><\/strong><\/h2> <p>Las m\u00e1quinas utilizadas en el proceso de remodelaci\u00f3n y embalaje tienen una estructura razonable, un rendimiento estable y una apariencia exquisita. El precio difiere seg\u00fan la ubicaci\u00f3n de toda la m\u00e1quina. Como empresa confiable y de gran reputaci\u00f3n, estamos ubicados en el conveniente centro de transporte de China. Por lo tanto, normalmente se aplica el m\u00e9todo de entrega rentable. Es decir, el transporte mar\u00edtimo. Sin embargo, durante la entrega mar\u00edtima, el paquete es muy importante. Por lo tanto, las m\u00e1quinas de nuestra empresa, Zhengzhou Shuliy Corporation, se envolver\u00e1n en una pel\u00edcula pl\u00e1stica antes del embalaje para evitar la humedad durante el env\u00edo. Adem\u00e1s, se colocan en una caja resistente de chapa de hierro\/caja de madera libre de fumigaci\u00f3n, revestida con alambre de metal si es necesario. Tambi\u00e9n apoyamos servicios de personalizaci\u00f3n. \u00a1Esperamos sus consultas! \u00a1Le responderemos muy pronto!<\/p> <p>&nbsp;<\/p> <p>&nbsp;<\/p>","protected":false},"excerpt":{"rendered":"<p>En t\u00e9rminos generales, durante el proceso de fabricaci\u00f3n de bandejas para huevos, solo se deben remodelar las cajas para huevos. Este paso siempre contin\u00faa despu\u00e9s del secado. Entonces, todo el proceso de fabricaci\u00f3n de bandejas de huevos incluye despulpado, formado, secado, prensado en caliente y envasado. \u00a1Cont\u00e1ctanos para m\u00e1s mensajes!<\/p>","protected":false},"featured_media":4485,"template":"","meta":{"site-sidebar-layout":"default","site-content-layout":"default","ast-site-content-layout":"default","site-content-style":"default","site-sidebar-style":"default","ast-global-header-display":"","ast-banner-title-visibility":"","ast-main-header-display":"","ast-hfb-above-header-display":"","ast-hfb-below-header-display":"","ast-hfb-mobile-header-display":"","site-post-title":"","ast-breadcrumbs-content":"","ast-featured-img":"","footer-sml-layout":"","ast-disable-related-posts":"","theme-transparent-header-meta":"default","adv-header-id-meta":"","stick-header-meta":"default","header-above-stick-meta":"","header-main-stick-meta":"","header-below-stick-meta":"","astra-migrate-meta-layouts":"set","ast-page-background-enabled":"default","ast-page-background-meta":{"desktop":{"background-color":"","background-image":"","background-repeat":"repeat","background-position":"center center","background-size":"auto","background-attachment":"scroll","background-type":"","background-media":"","overlay-type":"","overlay-color":"","overlay-opacity":"","overlay-gradient":""},"tablet":{"background-color":"","background-image":"","background-repeat":"repeat","background-position":"center center","background-size":"auto","background-attachment":"scroll","background-type":"","background-media":"","overlay-type":"","overlay-color":"","overlay-opacity":"","overlay-gradient":""},"mobile":{"background-color":"","background-image":"","background-repeat":"repeat","background-position":"center center","background-size":"auto","background-attachment":"scroll","background-type":"","background-media":"","overlay-type":"","overlay-color":"","overlay-opacity":"","overlay-gradient":""}},"ast-content-background-meta":{"desktop":{"background-color":"var(--ast-global-color-5)","background-image":"","background-repeat":"repeat","background-position":"center center","background-size":"auto","background-attachment":"scroll","background-type":"","background-media":"","overlay-type":"","overlay-color":"","overlay-opacity":"","overlay-gradient":""},"tablet":{"background-color":"var(--ast-global-color-5)","background-image":"","background-repeat":"repeat","background-position":"center center","background-size":"auto","background-attachment":"scroll","background-type":"","background-media":"","overlay-type":"","overlay-color":"","overlay-opacity":"","overlay-gradient":""},"mobile":{"background-color":"var(--ast-global-color-5)","background-image":"","background-repeat":"repeat","background-position":"center center","background-size":"auto","background-attachment":"scroll","background-type":"","background-media":"","overlay-type":"","overlay-color":"","overlay-opacity":"","overlay-gradient":""}}},"product_brand":[],"product_cat":[35],"product_tag":[],"class_list":{"0":"post-4415","1":"product","2":"type-product","3":"status-publish","4":"has-post-thumbnail","6":"product_cat-egg-tray-machine","7":"desktop-align-center","8":"tablet-align-center","9":"mobile-align-center","11":"first","12":"instock","13":"shipping-taxable","14":"product-type-simple"},"_links":{"self":[{"href":"https:\/\/recyclingequipinc.com\/es\/wp-json\/wp\/v2\/product\/4415","targetHints":{"allow":["GET"]}}],"collection":[{"href":"https:\/\/recyclingequipinc.com\/es\/wp-json\/wp\/v2\/product"}],"about":[{"href":"https:\/\/recyclingequipinc.com\/es\/wp-json\/wp\/v2\/types\/product"}],"version-history":[{"count":0,"href":"https:\/\/recyclingequipinc.com\/es\/wp-json\/wp\/v2\/product\/4415\/revisions"}],"wp:featuredmedia":[{"embeddable":true,"href":"https:\/\/recyclingequipinc.com\/es\/wp-json\/wp\/v2\/media\/4485"}],"wp:attachment":[{"href":"https:\/\/recyclingequipinc.com\/es\/wp-json\/wp\/v2\/media?parent=4415"}],"wp:term":[{"taxonomy":"product_brand","embeddable":true,"href":"https:\/\/recyclingequipinc.com\/es\/wp-json\/wp\/v2\/product_brand?post=4415"},{"taxonomy":"product_cat","embeddable":true,"href":"https:\/\/recyclingequipinc.com\/es\/wp-json\/wp\/v2\/product_cat?post=4415"},{"taxonomy":"product_tag","embeddable":true,"href":"https:\/\/recyclingequipinc.com\/es\/wp-json\/wp\/v2\/product_tag?post=4415"}],"curies":[{"name":"wp","href":"https:\/\/api.w.org\/{rel}","templated":true}]}}