{"id":4411,"date":"2021-09-13T10:12:43","date_gmt":"2021-09-13T10:12:43","guid":{"rendered":"https:\/\/recyclingequipinc.com\/?post_type=product&#038;p=4411"},"modified":"2025-11-10T16:05:50","modified_gmt":"2025-11-10T08:05:50","slug":"maquina-despulpadora-de-bandejas-de-huevos","status":"publish","type":"product","link":"https:\/\/recyclingequipinc.com\/es\/product\/egg-tray-pulping-machine\/","title":{"rendered":"M\u00e1quina de pulpa de bandeja de huevos"},"content":{"rendered":"<p>La m\u00e1quina despulpadora de bandejas de huevos puede convertir diversos materiales de papel de desecho en pulpa, lo que puede aportar muchos beneficios a los inversores. Tambi\u00e9n es un equipo imprescindible para fabricar bandejas de huevos. Adem\u00e1s de fabricar varias bandejas para huevos, estas pulpas tambi\u00e9n se pueden convertir en bandejas para manzanas, bandejas para tazas, bandejas para zapatos, bandejas m\u00e9dicas, etc. Teniendo en cuenta el papel de la pulpa, cada l\u00ednea de producci\u00f3n completa necesita una m\u00e1quina despulpadora de alta calidad para garantizar la calidad. del producto terminado. Zhengzhou Shuliy Machinery Co., Ltd. ofrece varias m\u00e1quinas despulpadoras de bandejas de huevos para elegir. Con una rica experiencia y un equipo t\u00e9cnico profesional, nuestras m\u00e1quinas son confiables en calidad y estables en rendimiento. Si tiene alguna necesidad, bienvenido a contactarnos para obtener m\u00e1s informaci\u00f3n.<\/p> <figure id=\"attachment_4523\" aria-describedby=\"caption-attachment-4523\" style=\"width: 750px\" class=\"wp-caption aligncenter\"><img fetchpriority=\"high\" decoding=\"async\" class=\"wp-image-4523 size-full\" src=\"https:\/\/recyclingequipinc.com\/wp-content\/uploads\/2021\/09\/pulp.jpg\" alt=\"M\u00e1quina de pulpa de bandeja de huevos\" width=\"750\" height=\"710\" srcset=\"https:\/\/recyclingequipinc.com\/wp-content\/uploads\/2021\/09\/pulp.jpg 750w, https:\/\/recyclingequipinc.com\/wp-content\/uploads\/2021\/09\/pulp-300x284.jpg 300w, https:\/\/recyclingequipinc.com\/wp-content\/uploads\/2021\/09\/pulp-600x568.jpg 600w\" sizes=\"(max-width: 750px) 100vw, 750px\" \/><figcaption id=\"caption-attachment-4523\" class=\"wp-caption-text\">M\u00e1quina de pulpa de bandeja de huevos<\/figcaption><\/figure> <h2><strong><b>\u00bfQu\u00e9 es el despulpado en bandeja de huevos? <\/b><\/strong><strong><b>\u00bfsistema?<\/b><\/strong><\/h2> <p>El sistema de despulpado de bandejas de huevos es un paso muy cr\u00edtico en la producci\u00f3n de bandejas de huevos. Su funci\u00f3n es convertir en pulpa diversos materiales de desecho, como cart\u00f3n de desecho, cajas de papel de desecho, libros de desecho y peri\u00f3dicos de desecho. Todo el proceso de operaci\u00f3n es muy simple. Coloque las materias primas de la bandeja de huevos en el despulpador hidr\u00e1ulico. Luego hay un batidor de pulpa para estanques que se puede usar para pulir la pulpa y hacerla m\u00e1s uniforme y suave. Adem\u00e1s del despulpador hidr\u00e1ulico, tambi\u00e9n necesitamos otros equipos para ayudar en el proceso de despulpado. Como tanque agitado, bomba de pulpa, etc. Como proveedor profesional de m\u00e1quinas despulpadoras de bandejas de huevos, nuestras m\u00e1quinas no solo son de alta calidad sino tambi\u00e9n de varios tipos. Adem\u00e1s, tambi\u00e9n podemos proporcionar servicios personalizados seg\u00fan los requisitos espec\u00edficos de los clientes. No dude en contactarnos para m\u00e1s detalles.<\/p> <h2><strong><b>Proceso de trabajo de la pulpa de bandeja de huevos<\/b><\/strong><strong><b>ing m<\/b><\/strong><strong><b>m\u00e1quina de hacer<\/b><\/strong><\/h2> <ol> <li>Vierta todo tipo de residuos de papel y agua en la pulpadora hidr\u00e1ulica en una proporci\u00f3n adecuada. Luego comienza el proceso de trituraci\u00f3n y trituraci\u00f3n dentro del tambor lleno de agua.<\/li> <li>Coloque la pulpa en el tanque de agitaci\u00f3n y selecci\u00f3nela a trav\u00e9s del homogeneizador. Al hacer esto, la pulpa puede quedar m\u00e1s uniforme y tersa.<\/li> <li>Durante el proceso de mezcla, los trabajadores pueden agregar un cierto agente de viscosidad, que puede mejorar la forma de la pulpa. Adem\u00e1s, los trabajadores tambi\u00e9n pueden agregar varios pigmentos para obtener diferentes colores de pulpa.<\/li> <li>Despu\u00e9s de que la m\u00e1quina revuelva la pulpa hasta obtener la consistencia requerida, transporte la pulpa al tanque de suministro para usarla en el siguiente proceso.<\/li> <\/ol> <h2><strong><b>Principal <\/b><\/strong><strong><b>Partes del sistema de pulpa de bandeja de huevos<\/b><\/strong><\/h2> <p class=\"translation-block\"><strong><b>Pulper hidr\u00e1ulico<\/b><\/strong>: Se utiliza para mezclar todo tipo de papel desechado, libros desechados, peri\u00f3dicos desechados y otros materiales crudos para hacer bandejas de huevo en una pulpa.<\/p> <p class=\"translation-block\"><strong><b>Batidor de estanque de pulpa<\/b><\/strong>: A trav\u00e9s de choques, selecci\u00f3n y otro m\u00e9todo, puede descomponer la pulpa y hacerla m\u00e1s uniforme.<\/p> <p class=\"translation-block\"><strong><b>Bomba de pulpa<\/b><\/strong>: La funci\u00f3n es transportar la pulpa al estanque de almacenamiento de pulpa y al estanque de pulpa refinada.<\/p> <p class=\"translation-block\"><strong><b>Bomba de agua:<\/b><\/strong> Se utiliza para transportar el agua de la piscina al pulper hidr\u00e1ulico, y tambi\u00e9n se utiliza para recuperar el agua residual producida en el proceso de pulpa.<\/p> <p class=\"translation-block\"><strong><b>Piscina de agua:<\/b><\/strong> Almacena el agua necesaria para la pulpa y el agua residual generada durante el proceso de pulpa.<\/p> <p class=\"translation-block\"><strong><b>Piscina de almacenamiento de pulpa:<\/b><\/strong> Almacena la pulpa que ha sido agitada, separada y triturada para su uso en el siguiente proceso.<\/p> <p class=\"translation-block\"><strong><b>Piscina de pulpa refinada:<\/b><\/strong> Agita la pulpa triturada m\u00e1s uniformemente mediante agitaci\u00f3n, separaci\u00f3n y otros m\u00e9todos.<\/p> <figure id=\"attachment_4525\" aria-describedby=\"caption-attachment-4525\" style=\"width: 750px\" class=\"wp-caption aligncenter\"><img decoding=\"async\" class=\"wp-image-4525 size-full\" src=\"https:\/\/recyclingequipinc.com\/wp-content\/uploads\/2021\/09\/pulping-progress.jpg\" alt=\"progreso del proceso de pulpa de papel de desecho\" width=\"750\" height=\"522\" srcset=\"https:\/\/recyclingequipinc.com\/wp-content\/uploads\/2021\/09\/pulping-progress.jpg 750w, https:\/\/recyclingequipinc.com\/wp-content\/uploads\/2021\/09\/pulping-progress-300x209.jpg 300w, https:\/\/recyclingequipinc.com\/wp-content\/uploads\/2021\/09\/pulping-progress-600x418.jpg 600w\" sizes=\"(max-width: 750px) 100vw, 750px\" \/><figcaption id=\"caption-attachment-4525\" class=\"wp-caption-text\">progreso del proceso de pulpa de papel de desecho<\/figcaption><\/figure> <h2><strong><b>Beneficios de <\/b><\/strong><strong><b>Pulpa de bandeja de huevos<\/b><\/strong><strong><b>sistema de ing <\/b><\/strong><\/h2> <ol> <li>Ahorre costos. La principal materia prima para la fabricaci\u00f3n de pulpa de papel es el papel usado, que es rico en fuentes y de bajo precio, y pertenece al desarrollo y aprovechamiento integral de los desechos.<\/li> <li>Operaci\u00f3n simple. La m\u00e1quina adopta un sistema de control avanzado. Los trabajadores solo necesitan colocar el papel usado en la pulpadora hidr\u00e1ulica. Esto hace que la operaci\u00f3n sea sencilla y segura. Un trabajador puede completar todo el proceso.<\/li> <li>Alto grado de automatizaci\u00f3n. Todo el proceso de operaci\u00f3n est\u00e1 controlado por la m\u00e1quina. Esto no s\u00f3lo reduce en gran medida la intensidad del trabajo, sino que tambi\u00e9n mejora la eficiencia y precisi\u00f3n del trabajo, de modo que la calidad de los productos de pulpa mejora en consecuencia.<\/li> <li>Peque\u00f1a huella de pie. Utilizamos tanques met\u00e1licos en lugar de piscinas de pulpa. No es necesario construir un estanque de pulpa por separado. Entonces todo el sistema ocupa un \u00e1rea peque\u00f1a y ahorra m\u00e1s espacio.<\/li> <\/ol> <h2><strong><b>Factores <\/b><\/strong><strong><b>A<\/b><\/strong><strong><b>afectando el <\/b><\/strong><strong><b>PAG<\/b><\/strong><strong><b>M\u00e1quina despulpadora de bandeja de huevos y arroz<\/b><\/strong><\/h2> <ol> <li>Calidad de la m\u00e1quina.<\/li> <li>Costo de la m\u00e1quina.<\/li> <li>Costo de env\u00edo<\/li> <li>Grado de automatizaci\u00f3n.<\/li> <li>Marca.<\/li> <li>Material de la m\u00e1quina.<\/li> <\/ol> <h2><strong><b>Nuestros servicios<\/b><\/strong><\/h2> <ol> <li>Brindamos servicios integrales de consultor\u00eda. Puede contactar con nosotros si encuentra alg\u00fan problema al comprar la m\u00e1quina y le responderemos lo antes posible.<\/li> <li>Proporcionamos servicios gratuitos de gu\u00eda de instalaci\u00f3n, puesta en servicio y producci\u00f3n de prueba. Aseg\u00farese de que la m\u00e1quina pueda cumplir con los requisitos de producci\u00f3n dentro del tiempo planificado.<\/li> <li>Brindamos capacitaci\u00f3n t\u00e9cnica gratuita, incluida la instalaci\u00f3n, operaci\u00f3n, precauciones y mantenimiento del equipo. Mientras tanto, se enviar\u00e1n videos e instrucciones de operaci\u00f3n a los clientes para ayudarlos a utilizar mejor las m\u00e1quinas.<\/li> <li>Perfecto servicio postventa. Todos los productos adquiridos en nuestra empresa tienen garant\u00eda de mantenimiento en buen estado durante un a\u00f1o. Si ocurren problemas de calidad durante el per\u00edodo de garant\u00eda, nuestra empresa los mantendr\u00e1 de forma gratuita.<\/li> <\/ol> <figure id=\"attachment_4521\" aria-describedby=\"caption-attachment-4521\" style=\"width: 734px\" class=\"wp-caption aligncenter\"><img decoding=\"async\" class=\"wp-image-4521 size-full\" src=\"https:\/\/recyclingequipinc.com\/wp-content\/uploads\/2021\/09\/customer-photo.jpg\" alt=\"foto del cliente de Shuliy Machinery\" width=\"734\" height=\"603\" srcset=\"https:\/\/recyclingequipinc.com\/wp-content\/uploads\/2021\/09\/customer-photo.jpg 734w, https:\/\/recyclingequipinc.com\/wp-content\/uploads\/2021\/09\/customer-photo-300x246.jpg 300w, https:\/\/recyclingequipinc.com\/wp-content\/uploads\/2021\/09\/customer-photo-600x493.jpg 600w\" sizes=\"(max-width: 734px) 100vw, 734px\" \/><figcaption id=\"caption-attachment-4521\" class=\"wp-caption-text\">foto del cliente de Shuliy Machinery<\/figcaption><\/figure> <h2><strong><b>Conclusi\u00f3n<\/b><\/strong><\/h2> <p>La inversi\u00f3n en el negocio de las m\u00e1quinas despulpadoras de bandejas de huevos es muy rentable. Por un lado, tiene un mercado vasto y una gran demanda. Puedes vender f\u00e1cilmente todo tipo de bandejas fabricadas en pulpa. Adem\u00e1s, el coste de producci\u00f3n es bajo. Las materias primas para fabricar pulpa son diversos papeles usados \u200b\u200by el precio es bajo. Somos un proveedor profesional de m\u00e1quinas de pulpa para bandejas de huevos y podemos brindarles a los clientes soluciones satisfactorias. Y tenemos nuestra propia f\u00e1brica, por lo que nuestros precios son relativamente favorables. Si tiene alguna necesidad, p\u00f3ngase en contacto con nosotros lo antes posible.<\/p>","protected":false},"excerpt":{"rendered":"<p>La m\u00e1quina despulpadora de bandejas de huevos puede convertir diversos materiales de papel de desecho en pulpa, lo que puede aportar muchos beneficios a los inversores. Tambi\u00e9n es un equipo imprescindible para fabricar bandejas de huevos. Adem\u00e1s de fabricar varias bandejas para huevos, estas pulpas tambi\u00e9n se pueden convertir en bandejas para manzanas, bandejas para tazas, bandejas para zapatos, bandejas m\u00e9dicas, etc. Teniendo en cuenta el papel de la pulpa, cada l\u00ednea de producci\u00f3n completa necesita una m\u00e1quina despulpadora de alta calidad para garantizar la calidad. del producto terminado.<\/p>","protected":false},"featured_media":4484,"template":"","meta":{"site-sidebar-layout":"default","site-content-layout":"default","ast-site-content-layout":"default","site-content-style":"default","site-sidebar-style":"default","ast-global-header-display":"","ast-banner-title-visibility":"","ast-main-header-display":"","ast-hfb-above-header-display":"","ast-hfb-below-header-display":"","ast-hfb-mobile-header-display":"","site-post-title":"","ast-breadcrumbs-content":"","ast-featured-img":"","footer-sml-layout":"","ast-disable-related-posts":"","theme-transparent-header-meta":"default","adv-header-id-meta":"","stick-header-meta":"default","header-above-stick-meta":"","header-main-stick-meta":"","header-below-stick-meta":"","astra-migrate-meta-layouts":"set","ast-page-background-enabled":"default","ast-page-background-meta":{"desktop":{"background-color":"","background-image":"","background-repeat":"repeat","background-position":"center center","background-size":"auto","background-attachment":"scroll","background-type":"","background-media":"","overlay-type":"","overlay-color":"","overlay-opacity":"","overlay-gradient":""},"tablet":{"background-color":"","background-image":"","background-repeat":"repeat","background-position":"center center","background-size":"auto","background-attachment":"scroll","background-type":"","background-media":"","overlay-type":"","overlay-color":"","overlay-opacity":"","overlay-gradient":""},"mobile":{"background-color":"","background-image":"","background-repeat":"repeat","background-position":"center center","background-size":"auto","background-attachment":"scroll","background-type":"","background-media":"","overlay-type":"","overlay-color":"","overlay-opacity":"","overlay-gradient":""}},"ast-content-background-meta":{"desktop":{"background-color":"var(--ast-global-color-5)","background-image":"","background-repeat":"repeat","background-position":"center center","background-size":"auto","background-attachment":"scroll","background-type":"","background-media":"","overlay-type":"","overlay-color":"","overlay-opacity":"","overlay-gradient":""},"tablet":{"background-color":"var(--ast-global-color-5)","background-image":"","background-repeat":"repeat","background-position":"center center","background-size":"auto","background-attachment":"scroll","background-type":"","background-media":"","overlay-type":"","overlay-color":"","overlay-opacity":"","overlay-gradient":""},"mobile":{"background-color":"var(--ast-global-color-5)","background-image":"","background-repeat":"repeat","background-position":"center center","background-size":"auto","background-attachment":"scroll","background-type":"","background-media":"","overlay-type":"","overlay-color":"","overlay-opacity":"","overlay-gradient":""}}},"product_brand":[],"product_cat":[35],"product_tag":[],"class_list":{"0":"post-4411","1":"product","2":"type-product","3":"status-publish","4":"has-post-thumbnail","6":"product_cat-egg-tray-machine","7":"desktop-align-center","8":"tablet-align-center","9":"mobile-align-center","11":"first","12":"instock","13":"shipping-taxable","14":"product-type-simple"},"_links":{"self":[{"href":"https:\/\/recyclingequipinc.com\/es\/wp-json\/wp\/v2\/product\/4411","targetHints":{"allow":["GET"]}}],"collection":[{"href":"https:\/\/recyclingequipinc.com\/es\/wp-json\/wp\/v2\/product"}],"about":[{"href":"https:\/\/recyclingequipinc.com\/es\/wp-json\/wp\/v2\/types\/product"}],"version-history":[{"count":0,"href":"https:\/\/recyclingequipinc.com\/es\/wp-json\/wp\/v2\/product\/4411\/revisions"}],"wp:featuredmedia":[{"embeddable":true,"href":"https:\/\/recyclingequipinc.com\/es\/wp-json\/wp\/v2\/media\/4484"}],"wp:attachment":[{"href":"https:\/\/recyclingequipinc.com\/es\/wp-json\/wp\/v2\/media?parent=4411"}],"wp:term":[{"taxonomy":"product_brand","embeddable":true,"href":"https:\/\/recyclingequipinc.com\/es\/wp-json\/wp\/v2\/product_brand?post=4411"},{"taxonomy":"product_cat","embeddable":true,"href":"https:\/\/recyclingequipinc.com\/es\/wp-json\/wp\/v2\/product_cat?post=4411"},{"taxonomy":"product_tag","embeddable":true,"href":"https:\/\/recyclingequipinc.com\/es\/wp-json\/wp\/v2\/product_tag?post=4411"}],"curies":[{"name":"wp","href":"https:\/\/api.w.org\/{rel}","templated":true}]}}