{"id":4406,"date":"2021-09-13T10:08:23","date_gmt":"2021-09-13T10:08:23","guid":{"rendered":"https:\/\/recyclingequipinc.com\/?post_type=product&#038;p=4406"},"modified":"2022-02-08T01:57:23","modified_gmt":"2022-02-08T01:57:23","slug":"egg-carton-making-machine","status":"publish","type":"product","link":"https:\/\/recyclingequipinc.com\/es\/product\/egg-carton-making-machine\/","title":{"rendered":"M\u00e1quina para fabricar cartones de huevos"},"content":{"rendered":"<p class=\"translation-block\">La m\u00e1quina para hacer cartones de huevos est\u00e1 dise\u00f1ada y fabricada para producir varios cartones de pulpa para el transporte a larga distancia de huevos. Puede reciclar todo tipo de cajas de papel desechadas, peri\u00f3dicos viejos y libros en desuso, y convertir estos materiales en cartones de huevo de varios estilos. Con la creciente conciencia sobre la protecci\u00f3n del medio ambiente, las personas tienden a elegir m\u00e1quinas relativamente amigables con el medio ambiente. Adem\u00e1s, la principal materia prima de la m\u00e1quina para hacer cartones de huevos es papel reciclado, lo que est\u00e1 en l\u00ednea con el concepto de protecci\u00f3n ambiental de las personas. Adem\u00e1s, la m\u00e1quina de cartones de huevos tiene una amplia gama de usos. Aparte de hacer todo tipo de cartones de huevos, tambi\u00e9n puede fabricar varios <a href=\"https:\/\/recyclingequipinc.com\/es\/producto\/apple-tray-making-machine\/\">bandejas para manzanas<\/a>, bandejas para vino, bandejas para copas, bandejas m\u00e9dicas, bandejas para caf\u00e9, bandejas para pl\u00e1ntulas.<\/p> <p>Adem\u00e1s, nuestra m\u00e1quina tambi\u00e9n tiene un rendimiento estable y una alta eficiencia de trabajo, lo que puede brindarle muchos beneficios. Bienvenido a contactarnos para m\u00e1s informaci\u00f3n.<\/p> <figure id=\"attachment_4514\" aria-describedby=\"caption-attachment-4514\" style=\"width: 600px\" class=\"wp-caption aligncenter\"><img fetchpriority=\"high\" decoding=\"async\" class=\"wp-image-4514 size-full\" src=\"https:\/\/recyclingequipinc.com\/wp-content\/uploads\/2021\/09\/egg-carton-maker.jpg\" alt=\"fabricante de cartones de huevos\" width=\"600\" height=\"397\" srcset=\"https:\/\/recyclingequipinc.com\/wp-content\/uploads\/2021\/09\/egg-carton-maker.jpg 600w, https:\/\/recyclingequipinc.com\/wp-content\/uploads\/2021\/09\/egg-carton-maker-300x199.jpg 300w\" sizes=\"(max-width: 600px) 100vw, 600px\" \/><figcaption id=\"caption-attachment-4514\" class=\"wp-caption-text\">fabricante de cartones de huevos<\/figcaption><\/figure> <h2><strong><b>Diferente\u00a0<\/b><\/strong><strong><b>Huevo <\/b><\/strong><strong><b>M\u00e1quina para fabricar cajas de cart\u00f3n <\/b><\/strong><strong><b>para <\/b><\/strong><strong><b>S<\/b><\/strong><strong><b>cerveza inglesa<\/b><\/strong><strong><b>\u00a0<\/b><\/strong><\/h2> <p>Como proveedor profesional de m\u00e1quinas para fabricar cajas de huevos, existen diferentes tipos de m\u00e1quinas para fabricar cajas de huevos disponibles. Por ejemplo, de acuerdo con la producci\u00f3n de la m\u00e1quina, tenemos m\u00e1quinas para hacer cajas de huevos grandes y m\u00e1quinas para hacer cajas de huevos peque\u00f1as para elegir. La peque\u00f1a m\u00e1quina es adecuada para peque\u00f1as empresas o hogares. Mientras que la m\u00e1quina grande es adecuada para la producci\u00f3n a gran escala y tiene las ventajas de una alta eficiencia y un gran rendimiento. Adem\u00e1s, seg\u00fan el grado de automatizaci\u00f3n, disponemos de m\u00e1quinas para cajas de huevos semiautom\u00e1ticas y m\u00e1quinas para cajas de huevos totalmente autom\u00e1ticas. Su parte principal es totalmente autom\u00e1tica, pero el sistema de secado es diferente. El sistema completamente autom\u00e1tico utiliza secado de metal, lo que puede completar autom\u00e1ticamente el proceso de secado, ahorrando as\u00ed mucho tiempo y costos de mano de obra. El sistema de secado semiautom\u00e1tico incluye secado en horno de ladrillos y secado en carro. Sus ventajas son el bajo costo. Puede elegir seg\u00fan sus necesidades espec\u00edficas.<\/p> <figure id=\"attachment_4518\" aria-describedby=\"caption-attachment-4518\" style=\"width: 750px\" class=\"wp-caption aligncenter\"><img decoding=\"async\" class=\"wp-image-4518 size-full\" src=\"https:\/\/recyclingequipinc.com\/wp-content\/uploads\/2021\/09\/egg-box-machine.jpg\" alt=\"maquina para hacer cajas de huevos\" width=\"750\" height=\"750\" srcset=\"https:\/\/recyclingequipinc.com\/wp-content\/uploads\/2021\/09\/egg-box-machine.jpg 750w, https:\/\/recyclingequipinc.com\/wp-content\/uploads\/2021\/09\/egg-box-machine-100x100.jpg 100w, https:\/\/recyclingequipinc.com\/wp-content\/uploads\/2021\/09\/egg-box-machine-300x300.jpg 300w, https:\/\/recyclingequipinc.com\/wp-content\/uploads\/2021\/09\/egg-box-machine-150x150.jpg 150w, https:\/\/recyclingequipinc.com\/wp-content\/uploads\/2021\/09\/egg-box-machine-600x600.jpg 600w\" sizes=\"(max-width: 750px) 100vw, 750px\" \/><figcaption id=\"caption-attachment-4518\" class=\"wp-caption-text\">maquina para hacer cajas de huevos<\/figcaption><\/figure> <h2><strong><b>Componentes principales de <\/b><\/strong><strong><b>mi<\/b><\/strong><strong><b>ggg <\/b><\/strong><strong><b>C<\/b><\/strong><strong><b>tasa<\/b><\/strong><strong><b>\u00a0Haciendo<\/b><\/strong><strong><b>\u00a0<\/b><\/strong><strong><b>METRO<\/b><\/strong><strong><b>dolorido<\/b><\/strong><\/h2> <p>Una m\u00e1quina completa para fabricar cajas de huevos incluye principalmente piezas de pulpa, piezas de formaci\u00f3n, piezas de vac\u00edo y piezas de prensado en caliente.<\/p> <p class=\"translation-block\"><strong><b>Partes de Pulpeo<\/b><\/strong><strong><b>:<\/b><\/strong> Esta parte contiene un pulper hidr\u00e1ulico, tuber\u00eda de transporte, batidor de estanque de pulpa, etc. A trav\u00e9s de este proceso, se pueden convertir varios papeles de desecho en pulpa.<\/p> <p class=\"translation-block\"><strong><b>Partes de Formaci\u00f3n<\/b><\/strong><strong><b>: <\/b><\/strong>Esta parte est\u00e1 formada principalmente por una m\u00e1quina de moldeo y un molde de formaci\u00f3n, que puede convertir la pulpa de papel en diferentes tipos de cajas de huevo seg\u00fan las necesidades espec\u00edficas.<\/p> <p class=\"translation-block\"><strong><b>Partes de Vac\u00edo<\/b><\/strong><strong><b>: <\/b><\/strong>Esta parte est\u00e1 construida con una bomba de vac\u00edo, recipiente de presi\u00f3n subnormal de vac\u00edo, etc. El sistema de vac\u00edo puede succionar la pulpa sobre el molde de la m\u00e1quina formadora y absorber el exceso de agua en el tanque de separaci\u00f3n de vapor de agua.<\/p> <p class=\"translation-block\"><strong><b>Partes de Prensado en Caliente <\/b><\/strong><strong><b>y Embalaje <\/b><\/strong><strong><b>:<\/b><\/strong><\/p> <p>Para ahorrar espacio de embalaje y suavizar la superficie del cart\u00f3n de huevos, el cliente puede optar por prensar el cart\u00f3n de huevos en caliente. De esta forma se puede facilitar el transporte de cartones de huevos.<\/p> <h2><strong><b>Laboral <\/b><\/strong><strong><b>PAG<\/b><\/strong><strong><b>Proceso de este<\/b><\/strong><strong><b>\u00a0<\/b><\/strong><strong><b>METRO<\/b><\/strong><strong><b>dolorido<\/b><\/strong><\/h2> <p>El proceso de fabricaci\u00f3n de cajas de huevos incluye principalmente cuatro partes: despulpado, formado, secado y prensado en caliente.<\/p> <ol> <li><b><\/b><strong><b>Pulpa<\/b><\/strong><strong><b>En g<\/b><\/strong><\/li> <\/ol> <p>Coloque materias primas como diversos papeles de desecho, libros de desecho y cajas de desecho en la pulpadora hidr\u00e1ulica. Luego agrega la cantidad adecuada de agua y revuelve durante mucho tiempo. De esta forma se puede obtener una cierta consistencia de pulpa. Luego, la suspensi\u00f3n de papel uniforme se almacena en el estanque de suministro de pulpa para su reserva.<\/p> <ol start=\"2\"> <li><strong><b> formando<\/b><\/strong><\/li> <\/ol> <p>Para realizar este trabajo se utiliza una m\u00e1quina de moldeo de pulpa. Puede absorber la pulpa preparada en el molde de formaci\u00f3n, convirtiendo as\u00ed la pulpa en un cart\u00f3n de huevos completo.<\/p> <ol start=\"3\"> <li><strong><b> El secado <\/b><\/strong><\/li> <\/ol> <p>Hay cuatro m\u00e9todos de secado. Puede elegir secado natural, secado de ladrillos, secado en carro y secado de metales.<\/p> <ul> <li>Secado natural: El cart\u00f3n de huevos se seca directamente con el sol y el viento natural.<\/li> <li>Secado de ladrillos: A la hora de construir t\u00faneles para hornos de ladrillos, podemos optar por gas natural, di\u00e9sel, carb\u00f3n y otros combustibles.<\/li> <\/ul> <p>(3) Secado con carro:\u00a0Empuje las bandejas de huevos formadas a un lugar con un carro para un secado centralizado.<\/p> <p>(4) Secado de metales: es un m\u00e9todo de secado totalmente autom\u00e1tico.<\/p> <ol start=\"4\"> <li><strong><b> prensado en caliente<\/b><\/strong><\/li> <\/ol> <p>Utilice una m\u00e1quina moldeadora de prensa en caliente para dar forma al cart\u00f3n de huevos secos, lo que puede hacer que la superficie del cart\u00f3n de huevos est\u00e9 m\u00e1s limpia y ahorrar espacio. Luego empaca las bandejas para huevos con forma para usarlas.<\/p> <figure id=\"attachment_4495\" aria-describedby=\"caption-attachment-4495\" style=\"width: 750px\" class=\"wp-caption aligncenter\"><img decoding=\"async\" class=\"wp-image-4495 size-full\" src=\"https:\/\/recyclingequipinc.com\/wp-content\/uploads\/2021\/09\/technological-process-.jpg\" alt=\"proceso tecnol\u00f3gico-\" width=\"750\" height=\"457\" srcset=\"https:\/\/recyclingequipinc.com\/wp-content\/uploads\/2021\/09\/technological-process-.jpg 750w, https:\/\/recyclingequipinc.com\/wp-content\/uploads\/2021\/09\/technological-process--300x183.jpg 300w, https:\/\/recyclingequipinc.com\/wp-content\/uploads\/2021\/09\/technological-process--600x366.jpg 600w\" sizes=\"(max-width: 750px) 100vw, 750px\" \/><figcaption id=\"caption-attachment-4495\" class=\"wp-caption-text\">proceso tecnol\u00f3gico<\/figcaption><\/figure> <h2><strong><b>Varias ventajas de la m\u00e1quina para cajas de huevos<\/b><\/strong><\/h2> <ol> <li>Los componentes principales de las m\u00e1quinas para fabricar cartones de huevos son todos de marcas reconocidas, que son altamente eficientes, ahorran energ\u00eda y son duraderas.<\/li> <li>Los sistemas de secado son diversos y los clientes pueden elegir la l\u00ednea de secado m\u00e1s adecuada seg\u00fan la situaci\u00f3n espec\u00edfica. Adem\u00e1s, el combustible del sistema de secado puede utilizar diversos combustibles como gas natural, <a href=\"https:\/\/en.wikipedia.org\/wiki\/Coal\" target=\"_blank\" rel=\"noopener\">carb\u00f3n<\/a>, petr\u00f3leo, etc., que se pueden seleccionar seg\u00fan las condiciones locales del cliente.<\/li> <li>Esta l\u00ednea de producci\u00f3n de m\u00e1quinas para bandejas de huevos ahorra energ\u00eda, es ecol\u00f3gica, pr\u00e1ctica y hermosa. Durante todo el proceso productivo no se producen vertidos de aguas residuales.<\/li> <li>Las materias primas de las bandejas de huevos son peri\u00f3dicos, revistas, libros, cartones, etc. Por lo tanto, las materias primas son abundantes y el precio es bajo, lo que puede reducir los costos para los clientes y mejorar la eficiencia.<\/li> <\/ol> <h2><strong><b>Mantenimiento de la m\u00e1quina para fabricar cajas de huevos<\/b><\/strong><\/h2> <ol> <li>Durante el uso del equipo, verifique siempre si el sistema de suministro de gas es normal y si la l\u00ednea de suministro de energ\u00eda est\u00e1 da\u00f1ada o calentada.<\/li> <li>Cuando se produce un impacto o ruido anormal durante el funcionamiento del equipo, debe apagarlo inmediatamente para realizar una inspecci\u00f3n para descubrir la causa y eliminarla.<\/li> <li>Las piezas neum\u00e1ticas deben lubricarse y se debe agregar aceite peri\u00f3dicamente al recipiente de aceite de la pieza triple.<\/li> <li>Para paradas prolongadas, apague el suministro de energ\u00eda al equipo, reposte combustible e inspeccione peri\u00f3dicamente las partes m\u00f3viles del equipo para asegurarse de que funcione normalmente durante el uso.<\/li> <\/ol> <h2><strong><b>\u00bfC\u00f3mo elegir la m\u00e1quina para fabricar cartones de huevos adecuada?<\/b><\/strong><\/h2> <ol> <li>Descubra el prop\u00f3sito del dispositivo. Si planea expandir su negocio, es posible que necesite una m\u00e1quina para fabricar cajas de huevos que tambi\u00e9n pueda producir otros tipos de bandejas de papel.<\/li> <li>Costo. Muchos fabricantes tienen sus propios sitios web. Utilizan estos sitios web para promocionar sus m\u00e1quinas. Puedes visitar diferentes sitios web y consultar las tarifas. Compara precios y ventajas de diferentes fabricantes.<\/li> <li>La calidad de la m\u00e1quina. Despu\u00e9s de comprender los costos del fabricante, el siguiente paso es determinar la calidad de sus m\u00e1quinas. Los precios de algunos fabricantes pueden ser particularmente bajos, pero la calidad de sus m\u00e1quinas generalmente no es alta. Puede comparar m\u00e1s fabricantes y elegir el m\u00e1s rentable.<\/li> <li>La experiencia del creador. \u00bfEn qu\u00e9 fabricante deber\u00eda confiar? Ser\u00e1 mejor que elija un fabricante experimentado en fabricaci\u00f3n de bandejas para huevos. Porque pueden tener mejores m\u00e1quinas y servicios.<\/li> <\/ol> <h2><strong><b>\u00bfPor qu\u00e9 elegirnos como su fabricante?<\/b><\/strong><\/h2> <p class=\"translation-block\">Cuando compras una m\u00e1quina, debes prestar atenci\u00f3n a cierta informaci\u00f3n importante. Esta <a href=\"https:\/\/recyclingequipinc.com\/es\/what-you-should-know-on-buying-egg-tray-making-machines\/\">informaci\u00f3n te ayudar\u00e1 a comprar m\u00e1quinas para hacer cartones de huevo de mejor calidad<\/a> y fabricantes de confianza. Aqu\u00ed est\u00e1n las razones por las cuales nuestros clientes nos eligen.<\/p> <p class=\"translation-block\"><strong><b>Amplia experiencia<\/b><\/strong>. Zhengzhou Shuliy Machinery Co., Ltd tiene una historia de m\u00e1s de 20 a\u00f1os. Durante este tiempo, hemos estado comprometidos a producir m\u00e1quinas para hacer cartones de huevo de alta calidad. Por lo tanto, hemos acumulado una gran cantidad de experiencia y tecnolog\u00eda.<\/p> <figure id=\"attachment_4512\" aria-describedby=\"caption-attachment-4512\" style=\"width: 634px\" class=\"wp-caption aligncenter\"><img loading=\"lazy\" decoding=\"async\" class=\"wp-image-4512 size-full\" src=\"https:\/\/recyclingequipinc.com\/wp-content\/uploads\/2021\/09\/display.jpg\" alt=\"mostrar\" width=\"634\" height=\"651\" srcset=\"https:\/\/recyclingequipinc.com\/wp-content\/uploads\/2021\/09\/display.jpg 634w, https:\/\/recyclingequipinc.com\/wp-content\/uploads\/2021\/09\/display-292x300.jpg 292w, https:\/\/recyclingequipinc.com\/wp-content\/uploads\/2021\/09\/display-600x616.jpg 600w\" sizes=\"(max-width: 634px) 100vw, 634px\" \/><figcaption id=\"caption-attachment-4512\" class=\"wp-caption-text\">mostrar<\/figcaption><\/figure> <p class=\"translation-block\"><strong><b>M\u00e1quina de alta calidad<\/b><\/strong>. Nuestras m\u00e1quinas han pasado rigurosas inspecciones de calidad y cumplen plenamente con los est\u00e1ndares internacionales. Nuestras m\u00e1quinas no solo son de alta calidad, sino tambi\u00e9n estables en su rendimiento. Puedes comprar con confianza.<\/p> <p class=\"translation-block\"><strong><b>Amplio mercado<\/b><\/strong>. Nuestras <a href=\"https:\/\/recyclingequipinc.com\/es\/advantages-of-egg-trays\/\">m\u00e1quinas de bandejas de huevo<\/a> son favorecidas por los clientes debido a su alta calidad y precios favorables. En la actualidad, nuestros productos se exportan a m\u00e1s de 50 pa\u00edses y regiones como Estados Unidos, Canad\u00e1, Corea del Sur y Jap\u00f3n.<\/p> <p class=\"translation-block\"><strong><b>Servicio perfecto<\/b><\/strong>. Proporcionamos servicios de alta calidad antes de la venta, durante la venta y despu\u00e9s de la venta. No importa qu\u00e9 problemas encuentres, siempre puedes contactarnos. Contamos con personal profesional para responder tus preguntas. Te damos la bienvenida a contactarnos lo antes posible.<\/p>","protected":false},"excerpt":{"rendered":"<p>La m\u00e1quina para fabricar cartones de huevos es un equipo para producir diversos cartones de pulpa para el transporte de huevos a larga distancia. Puede reciclar todo tipo de cajas de papel de desecho, peri\u00f3dicos de desecho y libros de desecho y convertir estos materiales en cartones de huevos de varios estilos. Cont\u00e1ctenos para obtener una lista de precios gratuita.<\/p>","protected":false},"featured_media":4472,"template":"","meta":{"site-sidebar-layout":"default","site-content-layout":"default","ast-site-content-layout":"default","site-content-style":"default","site-sidebar-style":"default","ast-global-header-display":"","ast-banner-title-visibility":"","ast-main-header-display":"","ast-hfb-above-header-display":"","ast-hfb-below-header-display":"","ast-hfb-mobile-header-display":"","site-post-title":"","ast-breadcrumbs-content":"","ast-featured-img":"","footer-sml-layout":"","ast-disable-related-posts":"","theme-transparent-header-meta":"default","adv-header-id-meta":"","stick-header-meta":"default","header-above-stick-meta":"","header-main-stick-meta":"","header-below-stick-meta":"","astra-migrate-meta-layouts":"default","ast-page-background-enabled":"default","ast-page-background-meta":{"desktop":{"background-color":"","background-image":"","background-repeat":"repeat","background-position":"center center","background-size":"auto","background-attachment":"scroll","background-type":"","background-media":"","overlay-type":"","overlay-color":"","overlay-opacity":"","overlay-gradient":""},"tablet":{"background-color":"","background-image":"","background-repeat":"repeat","background-position":"center center","background-size":"auto","background-attachment":"scroll","background-type":"","background-media":"","overlay-type":"","overlay-color":"","overlay-opacity":"","overlay-gradient":""},"mobile":{"background-color":"","background-image":"","background-repeat":"repeat","background-position":"center center","background-size":"auto","background-attachment":"scroll","background-type":"","background-media":"","overlay-type":"","overlay-color":"","overlay-opacity":"","overlay-gradient":""}},"ast-content-background-meta":{"desktop":{"background-color":"var(--ast-global-color-5)","background-image":"","background-repeat":"repeat","background-position":"center center","background-size":"auto","background-attachment":"scroll","background-type":"","background-media":"","overlay-type":"","overlay-color":"","overlay-opacity":"","overlay-gradient":""},"tablet":{"background-color":"var(--ast-global-color-5)","background-image":"","background-repeat":"repeat","background-position":"center center","background-size":"auto","background-attachment":"scroll","background-type":"","background-media":"","overlay-type":"","overlay-color":"","overlay-opacity":"","overlay-gradient":""},"mobile":{"background-color":"var(--ast-global-color-5)","background-image":"","background-repeat":"repeat","background-position":"center center","background-size":"auto","background-attachment":"scroll","background-type":"","background-media":"","overlay-type":"","overlay-color":"","overlay-opacity":"","overlay-gradient":""}}},"product_brand":[],"product_cat":[35],"product_tag":[73],"class_list":{"0":"post-4406","1":"product","2":"type-product","3":"status-publish","4":"has-post-thumbnail","6":"product_cat-egg-tray-machine","7":"product_tag-egg-carton-making-machine","8":"desktop-align-center","9":"tablet-align-center","10":"mobile-align-center","12":"first","13":"instock","14":"shipping-taxable","15":"product-type-simple"},"_links":{"self":[{"href":"https:\/\/recyclingequipinc.com\/es\/wp-json\/wp\/v2\/product\/4406","targetHints":{"allow":["GET"]}}],"collection":[{"href":"https:\/\/recyclingequipinc.com\/es\/wp-json\/wp\/v2\/product"}],"about":[{"href":"https:\/\/recyclingequipinc.com\/es\/wp-json\/wp\/v2\/types\/product"}],"version-history":[{"count":0,"href":"https:\/\/recyclingequipinc.com\/es\/wp-json\/wp\/v2\/product\/4406\/revisions"}],"wp:featuredmedia":[{"embeddable":true,"href":"https:\/\/recyclingequipinc.com\/es\/wp-json\/wp\/v2\/media\/4472"}],"wp:attachment":[{"href":"https:\/\/recyclingequipinc.com\/es\/wp-json\/wp\/v2\/media?parent=4406"}],"wp:term":[{"taxonomy":"product_brand","embeddable":true,"href":"https:\/\/recyclingequipinc.com\/es\/wp-json\/wp\/v2\/product_brand?post=4406"},{"taxonomy":"product_cat","embeddable":true,"href":"https:\/\/recyclingequipinc.com\/es\/wp-json\/wp\/v2\/product_cat?post=4406"},{"taxonomy":"product_tag","embeddable":true,"href":"https:\/\/recyclingequipinc.com\/es\/wp-json\/wp\/v2\/product_tag?post=4406"}],"curies":[{"name":"wp","href":"https:\/\/api.w.org\/{rel}","templated":true}]}}