{"id":4403,"date":"2021-09-13T09:58:16","date_gmt":"2021-09-13T09:58:16","guid":{"rendered":"https:\/\/recyclingequipinc.com\/?post_type=product&#038;p=4403"},"modified":"2024-10-04T20:42:43","modified_gmt":"2024-10-04T12:42:43","slug":"egg-tray-molding-machine","status":"publish","type":"product","link":"https:\/\/recyclingequipinc.com\/es\/product\/egg-tray-molding-machine\/","title":{"rendered":"M\u00e1quina de moldeo de bandejas de huevos"},"content":{"rendered":"<p class=\"translation-block\"><strong><b>La m\u00e1quina para fabricar bandejas de huevos <\/b><\/strong>es la parte principal del proceso de moldeo en la fabricaci\u00f3n de bandejas de huevos. El sistema de moldeo de bandejas de huevos es el n\u00facleo de la l\u00ednea de producci\u00f3n de bandejas de huevos, y la m\u00e1quina de moldeo de pulpa es la m\u00e1xima prioridad. Si se considera la l\u00ednea de producci\u00f3n completa de bandejas de huevos como un ser humano, la m\u00e1quina de moldeo de pulpa es el cerebro humano. Por lo tanto, la importancia es autoexplicativa. Adem\u00e1s, el equipo suele ser una m\u00e1quina de moldeo de pulpa rotatoria. Seg\u00fan el molde diferente, podemos fabricar diferentes bandejas, como bandejas de huevos, <a href=\"https:\/\/recyclingequipinc.com\/es\/producto\/apple-tray-making-machine\/\">bandejas para manzanas<\/a>, cartones de huevos, bandejas m\u00e9dicas, etc. Lo que es m\u00e1s importante, esta m\u00e1quina es una m\u00e1quina respetuosa con el medio ambiente, beneficiosa para nuestras condiciones de vida. \u00a1Cont\u00e1ctenos para obtener m\u00e1s detalles!<\/p> <figure id=\"attachment_4477\" aria-describedby=\"caption-attachment-4477\" style=\"width: 750px\" class=\"wp-caption aligncenter\"><img fetchpriority=\"high\" decoding=\"async\" class=\"wp-image-4477 size-full\" src=\"https:\/\/recyclingequipinc.com\/wp-content\/uploads\/2021\/09\/egg-carton-marker.jpg\" alt=\"marcador de cart\u00f3n de huevos\" width=\"750\" height=\"750\" srcset=\"https:\/\/recyclingequipinc.com\/wp-content\/uploads\/2021\/09\/egg-carton-marker.jpg 750w, https:\/\/recyclingequipinc.com\/wp-content\/uploads\/2021\/09\/egg-carton-marker-100x100.jpg 100w, https:\/\/recyclingequipinc.com\/wp-content\/uploads\/2021\/09\/egg-carton-marker-300x300.jpg 300w, https:\/\/recyclingequipinc.com\/wp-content\/uploads\/2021\/09\/egg-carton-marker-150x150.jpg 150w, https:\/\/recyclingequipinc.com\/wp-content\/uploads\/2021\/09\/egg-carton-marker-600x600.jpg 600w\" sizes=\"(max-width: 750px) 100vw, 750px\" \/><figcaption id=\"caption-attachment-4477\" class=\"wp-caption-text\">marcador de cart\u00f3n de huevos<\/figcaption><\/figure> <h2><strong><b>Planta de trabajo de la m\u00e1quina moldeadora de bandejas de huevos<\/b><\/strong><\/h2> <p>La m\u00e1quina moldeadora de bandejas de huevos es un equipo de alta eficiencia, bajo consumo de energ\u00eda y estabilidad ultra alta. Generalmente, el sistema de formado est\u00e1 compuesto por la m\u00e1quina de moldeo, el sistema de vac\u00edo, el compresor de aire + la tuber\u00eda de alta presi\u00f3n y la m\u00e1quina de limpieza de moldes. Lo detallaremos a continuaci\u00f3n.<\/p> <figure id=\"attachment_4547\" aria-describedby=\"caption-attachment-4547\" style=\"width: 750px\" class=\"wp-caption aligncenter\"><img decoding=\"async\" class=\"wp-image-4547 size-full\" src=\"https:\/\/recyclingequipinc.com\/wp-content\/uploads\/2021\/09\/machien-components.jpg\" alt=\"componentes de la m\u00e1quina\" width=\"750\" height=\"750\" srcset=\"https:\/\/recyclingequipinc.com\/wp-content\/uploads\/2021\/09\/machien-components.jpg 750w, https:\/\/recyclingequipinc.com\/wp-content\/uploads\/2021\/09\/machien-components-100x100.jpg 100w, https:\/\/recyclingequipinc.com\/wp-content\/uploads\/2021\/09\/machien-components-300x300.jpg 300w, https:\/\/recyclingequipinc.com\/wp-content\/uploads\/2021\/09\/machien-components-150x150.jpg 150w, https:\/\/recyclingequipinc.com\/wp-content\/uploads\/2021\/09\/machien-components-600x600.jpg 600w\" sizes=\"(max-width: 750px) 100vw, 750px\" \/><figcaption id=\"caption-attachment-4547\" class=\"wp-caption-text\">componentes de la m\u00e1quina<\/figcaption><\/figure> <h3><strong><b>M\u00e1quina de moldeo de bandejas de huevos<\/b><\/strong><\/h3> <p>Est\u00e1 formado por moldes de conformaci\u00f3n y moldes de transferencia. El n\u00famero de moldes formadores influir\u00e1 en la capacidad de la m\u00e1quina. Tambi\u00e9n tiene otros componentes. Se enumeran a continuaci\u00f3n: v\u00e1lvula electromagn\u00e9tica, v\u00e1lvula de cinco v\u00edas de dos posiciones, v\u00e1lvula de mariposa, gabinete de control, v\u00e1lvula de globo, manguera de goma, interruptor de proximidad. Estas son colocaciones comunes. Sin embargo, la asignaci\u00f3n diferir\u00e1 seg\u00fan la capacidad de producci\u00f3n.<\/p> <h3><strong><b>Sistema de vac\u00edo<\/b><\/strong><\/h3> <p>El sistema de vac\u00edo consta de la bomba de vac\u00edo y la tuber\u00eda de vac\u00edo. Su funci\u00f3n es unir la pulpa a los troqueles formadores y eliminar la mayor cantidad de agua de la pulpa. La misma teor\u00eda se aplica al sistema de vac\u00edo. Es que la configuraci\u00f3n cambia junto con la capacidad de producci\u00f3n.<\/p> <h3><strong><b>Compresor de aire<\/b><\/strong><\/h3> <p>El compresor de aire normalmente funciona para la m\u00e1quina de moldeo. En el proceso de moldeo, principalmente separa el molde formado de los troqueles formadores, haciendo que el molde formado pase al molde de transferencia.<\/p> <h3><strong><b>M\u00e1quina de limpieza de moldes<\/b><\/strong><\/h3> <p>Como sugiere el nombre, se utiliza para limpiar el molde. Debido a que la pulpa es la mezcla de papel usado y agua, al terminar el molde sale algo de suciedad. En este momento, se necesita una m\u00e1quina limpiadora de moldes para dejarlo limpio y ordenado para que pueda volver a utilizarse.<\/p> <p>En definitiva, el sistema de vac\u00edo, el compresor de aire y la m\u00e1quina de limpieza de moldeo sirven para la m\u00e1quina de moldeo. Cuando vas a comprar una m\u00e1quina moldeadora, estas tres son necesarias.<\/p> <h2><strong><b>Varias m\u00e1quinas de moldeo de bandejas de huevos de <\/b><\/strong><strong><b>Maquinaria Shuliy<\/b><\/strong><\/h2> <p>Desde la perspectiva del rendimiento, varios tipos son 1000 piezas\/h, 1500-2000 piezas\/h, 3000 piezas\/h, 5000 piezas\/h, 6000 piezas\/h, 8000 piezas\/h. Como partes clave del equipo de moldeo, la forma, la apariencia y el tama\u00f1o del molde deben considerarse al dise\u00f1ar el molde, incluso si el molde se usa con frecuencia, su textura debe ser duradera. Generalmente existen dos tipos de moldes: moldes de formaci\u00f3n y moldes de transferencia. Le brindaremos las soluciones m\u00e1s satisfactorias seg\u00fan las diferentes necesidades y les ayudaremos a construir una l\u00ednea completa de producci\u00f3n de bandejas de huevos. Nuestra m\u00e1quina de moldeo no s\u00f3lo puede producir bandejas para huevos, sino tambi\u00e9n bandejas para frutas, bandejas para zapatos, bandejas industriales, bandejas m\u00e9dicas, etc. \u00bfQuiere saber m\u00e1s? \u00a1No dudes en llamarnos!<\/p> <figure id=\"attachment_4510\" aria-describedby=\"caption-attachment-4510\" style=\"width: 720px\" class=\"wp-caption aligncenter\"><img decoding=\"async\" class=\"wp-image-4510 size-full\" src=\"https:\/\/recyclingequipinc.com\/wp-content\/uploads\/2021\/09\/molding-machine.jpg\" alt=\"moldeadora\" width=\"720\" height=\"540\" srcset=\"https:\/\/recyclingequipinc.com\/wp-content\/uploads\/2021\/09\/molding-machine.jpg 720w, https:\/\/recyclingequipinc.com\/wp-content\/uploads\/2021\/09\/molding-machine-300x225.jpg 300w, https:\/\/recyclingequipinc.com\/wp-content\/uploads\/2021\/09\/molding-machine-600x450.jpg 600w\" sizes=\"(max-width: 720px) 100vw, 720px\" \/><figcaption id=\"caption-attachment-4510\" class=\"wp-caption-text\">moldeadora<\/figcaption><\/figure> <h2><strong><b>Ventajas de las m\u00e1quinas de moldeo de pulpa de papel<\/b><\/strong><\/h2> <ol> <li>La m\u00e1quina principal adopta la tecnolog\u00eda de divisor de engranajes de Taiw\u00e1n para lograr una precisi\u00f3n de operaci\u00f3n del equipo sin errores.<\/li> <li>La base principal de la m\u00e1quina est\u00e1 hecha de canal de acero engrosado 16# y el eje de transmisi\u00f3n est\u00e1 mecanizado con precisi\u00f3n con acero redondo 45#.<\/li> <li>El motor de toda la m\u00e1quina adopta marcas nacionales reconocidas.<\/li> <li>La corredera de posicionamiento del motor principal est\u00e1 soldada con una placa de acero 45# despu\u00e9s del tratamiento t\u00e9rmico.<\/li> <li>Se seleccionan marcas nacionales reconocidas para bombas de vac\u00edo y compresores de aire.<\/li> <li>Alto y r\u00e1pido retorno de la inversi\u00f3n para los inversores.<\/li> <li>Est\u00e1 equipado con un panel de control f\u00e1cil de usar con un sistema de servicio de bajo mantenimiento.<\/li> <li>Apoyamos los servicios de personalizaci\u00f3n.<\/li> <\/ol> <h2><strong><b>Productos finales de la l\u00ednea de producci\u00f3n de moldeo de pulpa<\/b><\/strong><\/h2> <p class=\"translation-block\">Los productos finales de la m\u00e1quina de moldeo de pulpa no son solo bandejas de huevos, sino tambi\u00e9n cajas de huevos, bandejas para frutas, bandejas para vino, bandejas m\u00e9dicas, bandejas para zapatos, bandejas para pl\u00e1ntulas, bandejas industriales, bandejas para aparatos el\u00e9ctricos, bandejas para tazas, etc. De hecho, las materias primas para las m\u00e1quinas de moldeo tienen amplias fuentes. Por ejemplo, papel de desecho, cajas de desecho, peri\u00f3dicos de desecho, revistas de desecho, etc. Es barato y muy f\u00e1cil de conseguir. Para los inversores, es de bajo costo. Obviamente, la l\u00ednea de producci\u00f3n de moldeo de pulpa es una gran inversi\u00f3n. Adem\u00e1s, la m\u00e1quina de moldeo de pulpa fabrica bandejas moldeadas de papel, que son <a href=\"https:\/\/en.wikipedia.org\/wiki\/Biodegradation\" target=\"_blank\" rel=\"noopener\">biodegradables<\/a>. Con la prohibici\u00f3n del pl\u00e1stico en muchos pa\u00edses, las bandejas de papel son cada vez m\u00e1s populares. Es m\u00e1s, la l\u00ednea de producci\u00f3n de moldeo de pulpa no contamina.<\/p> <figure id=\"attachment_4507\" aria-describedby=\"caption-attachment-4507\" style=\"width: 1024px\" class=\"wp-caption aligncenter\"><img loading=\"lazy\" decoding=\"async\" class=\"wp-image-4507 size-large\" src=\"https:\/\/recyclingequipinc.com\/wp-content\/uploads\/2021\/09\/end-products-1024x512.jpg\" alt=\"productos finales\" width=\"1024\" height=\"512\" srcset=\"https:\/\/recyclingequipinc.com\/wp-content\/uploads\/2021\/09\/end-products-1024x512.jpg 1024w, https:\/\/recyclingequipinc.com\/wp-content\/uploads\/2021\/09\/end-products-750x375.jpg 750w, https:\/\/recyclingequipinc.com\/wp-content\/uploads\/2021\/09\/end-products-300x150.jpg 300w, https:\/\/recyclingequipinc.com\/wp-content\/uploads\/2021\/09\/end-products-768x384.jpg 768w, https:\/\/recyclingequipinc.com\/wp-content\/uploads\/2021\/09\/end-products-1536x768.jpg 1536w, https:\/\/recyclingequipinc.com\/wp-content\/uploads\/2021\/09\/end-products-600x300.jpg 600w, https:\/\/recyclingequipinc.com\/wp-content\/uploads\/2021\/09\/end-products.jpg 1800w\" sizes=\"(max-width: 1024px) 100vw, 1024px\" \/><figcaption id=\"caption-attachment-4507\" class=\"wp-caption-text\">productos finales<\/figcaption><\/figure> <h2><strong><b>Deja tu informaci\u00f3n<\/b><\/strong><\/h2> <p class=\"translation-block\">Como fabricante y proveedor confiable de m\u00e1quinas de moldeo de papel, ofrecemos m\u00e1quinas de moldeo de alta calidad, a precios razonables y con una larga vida \u00fatil. El precio de la m\u00e1quina de moldeo de pulpa var\u00eda seg\u00fan la capacidad de producci\u00f3n y la configuraci\u00f3n. Equipamos las m\u00e1quinas de moldeo con marcas de renombre. Hasta cierto punto, una alta configuraci\u00f3n conlleva un precio m\u00e1s alto. Pero todo vale la pena. Si est\u00e1 listo para la m\u00e1quina para fabricar bandejas de papel, d\u00edganos qu\u00e9 capacidad de producci\u00f3n desea. Ofrecemos soluciones perfectas con servicios atentos. Por supuesto, el servicio posventa est\u00e1 incluido. Conf\u00ede en nosotros, esta m\u00e1quina ofrece un excelente ROI (retorno de la inversi\u00f3n). \u00bfQuiere saber c\u00f3mo elegir la mejor m\u00e1quina para fabricar bandejas de huevos? Haga clic en esta <a href=\"https:\/\/recyclingequipinc.com\/es\/what-you-should-know-on-buying-egg-tray-making-machines\/\">gu\u00eda de compra de m\u00e1quinas para fabricar bandejas de huevos<\/a>. Si tiene alguna duda, p\u00f3ngase en contacto con nosotros inmediatamente, le responderemos muy pronto.<\/p>","protected":false},"excerpt":{"rendered":"<p class=\"translation-block\"><strong><b>La m\u00e1quina para fabricar bandejas de huevos <\/b><\/strong>es la parte principal del proceso de moldeo en la fabricaci\u00f3n de bandejas de huevos. El sistema de moldeo de bandejas de huevos es el n\u00facleo de la l\u00ednea de producci\u00f3n de bandejas de huevos, y la m\u00e1quina de moldeo de pulpa es la m\u00e1xima prioridad. Env\u00edenos un correo electr\u00f3nico o ll\u00e1menos para obtener un presupuesto detallado.<\/p>","protected":false},"featured_media":4463,"template":"","meta":{"site-sidebar-layout":"default","site-content-layout":"default","ast-site-content-layout":"default","site-content-style":"default","site-sidebar-style":"default","ast-global-header-display":"","ast-banner-title-visibility":"","ast-main-header-display":"","ast-hfb-above-header-display":"","ast-hfb-below-header-display":"","ast-hfb-mobile-header-display":"","site-post-title":"","ast-breadcrumbs-content":"","ast-featured-img":"","footer-sml-layout":"","ast-disable-related-posts":"","theme-transparent-header-meta":"default","adv-header-id-meta":"","stick-header-meta":"default","header-above-stick-meta":"","header-main-stick-meta":"","header-below-stick-meta":"","astra-migrate-meta-layouts":"default","ast-page-background-enabled":"default","ast-page-background-meta":{"desktop":{"background-color":"","background-image":"","background-repeat":"repeat","background-position":"center center","background-size":"auto","background-attachment":"scroll","background-type":"","background-media":"","overlay-type":"","overlay-color":"","overlay-opacity":"","overlay-gradient":""},"tablet":{"background-color":"","background-image":"","background-repeat":"repeat","background-position":"center center","background-size":"auto","background-attachment":"scroll","background-type":"","background-media":"","overlay-type":"","overlay-color":"","overlay-opacity":"","overlay-gradient":""},"mobile":{"background-color":"","background-image":"","background-repeat":"repeat","background-position":"center center","background-size":"auto","background-attachment":"scroll","background-type":"","background-media":"","overlay-type":"","overlay-color":"","overlay-opacity":"","overlay-gradient":""}},"ast-content-background-meta":{"desktop":{"background-color":"var(--ast-global-color-5)","background-image":"","background-repeat":"repeat","background-position":"center center","background-size":"auto","background-attachment":"scroll","background-type":"","background-media":"","overlay-type":"","overlay-color":"","overlay-opacity":"","overlay-gradient":""},"tablet":{"background-color":"var(--ast-global-color-5)","background-image":"","background-repeat":"repeat","background-position":"center center","background-size":"auto","background-attachment":"scroll","background-type":"","background-media":"","overlay-type":"","overlay-color":"","overlay-opacity":"","overlay-gradient":""},"mobile":{"background-color":"var(--ast-global-color-5)","background-image":"","background-repeat":"repeat","background-position":"center center","background-size":"auto","background-attachment":"scroll","background-type":"","background-media":"","overlay-type":"","overlay-color":"","overlay-opacity":"","overlay-gradient":""}}},"product_brand":[],"product_cat":[35],"product_tag":[73],"class_list":{"0":"post-4403","1":"product","2":"type-product","3":"status-publish","4":"has-post-thumbnail","6":"product_cat-egg-tray-machine","7":"product_tag-egg-carton-making-machine","8":"desktop-align-center","9":"tablet-align-center","10":"mobile-align-center","12":"first","13":"instock","14":"shipping-taxable","15":"product-type-simple"},"_links":{"self":[{"href":"https:\/\/recyclingequipinc.com\/es\/wp-json\/wp\/v2\/product\/4403","targetHints":{"allow":["GET"]}}],"collection":[{"href":"https:\/\/recyclingequipinc.com\/es\/wp-json\/wp\/v2\/product"}],"about":[{"href":"https:\/\/recyclingequipinc.com\/es\/wp-json\/wp\/v2\/types\/product"}],"version-history":[{"count":0,"href":"https:\/\/recyclingequipinc.com\/es\/wp-json\/wp\/v2\/product\/4403\/revisions"}],"wp:featuredmedia":[{"embeddable":true,"href":"https:\/\/recyclingequipinc.com\/es\/wp-json\/wp\/v2\/media\/4463"}],"wp:attachment":[{"href":"https:\/\/recyclingequipinc.com\/es\/wp-json\/wp\/v2\/media?parent=4403"}],"wp:term":[{"taxonomy":"product_brand","embeddable":true,"href":"https:\/\/recyclingequipinc.com\/es\/wp-json\/wp\/v2\/product_brand?post=4403"},{"taxonomy":"product_cat","embeddable":true,"href":"https:\/\/recyclingequipinc.com\/es\/wp-json\/wp\/v2\/product_cat?post=4403"},{"taxonomy":"product_tag","embeddable":true,"href":"https:\/\/recyclingequipinc.com\/es\/wp-json\/wp\/v2\/product_tag?post=4403"}],"curies":[{"name":"wp","href":"https:\/\/api.w.org\/{rel}","templated":true}]}}