{"id":4400,"date":"2021-09-13T09:54:32","date_gmt":"2021-09-13T09:54:32","guid":{"rendered":"https:\/\/recyclingequipinc.com\/?post_type=product&#038;p=4400"},"modified":"2025-11-10T16:19:23","modified_gmt":"2025-11-10T08:19:23","slug":"egg-tray-making-machine","status":"publish","type":"product","link":"https:\/\/recyclingequipinc.com\/es\/product\/egg-tray-making-machine\/","title":{"rendered":"M\u00e1quina para fabricar bandejas de huevos"},"content":{"rendered":"<p class=\"translation-block\"><strong><b>La m\u00e1quina para fabricar bandejas de huevos<\/b><\/strong> es una m\u00e1quina ecol\u00f3gica, que puede convertir desechos en tesoros. Eso se debe a sus materias primas. Las materias primas provienen principalmente de varias tablas de pulpa, como cart\u00f3n reciclado, papel de cajas de cart\u00f3n, papel blanco reciclado, pulpa de ca\u00f1a, pulpa de paja, lodo, pulpa de bamb\u00fa y pulpa de madera, residuos de pulpa de f\u00e1bricas de papel, etc. Las materias primas son especialmente f\u00e1ciles de recolectar, y se producen grandes cantidades de materias primas cada d\u00eda. Con el desarrollo de la sociedad, las regiones y pa\u00edses de todo el mundo prestan m\u00e1s atenci\u00f3n al medio ambiente. Es una tendencia de progreso social. Por eso, la m\u00e1quina para hacer bandejas de huevos es bien recibida. Entonces, \u00bfquieres esta m\u00e1quina para fabricar bandejas de papel? \u00a1Cont\u00e1ctanos ahora!<\/p> <figure id=\"attachment_4498\" aria-describedby=\"caption-attachment-4498\" style=\"width: 750px\" class=\"wp-caption aligncenter\"><img fetchpriority=\"high\" decoding=\"async\" class=\"wp-image-4498 size-full\" src=\"https:\/\/recyclingequipinc.com\/wp-content\/uploads\/2021\/09\/egg-tray-marker.jpg\" alt=\"fabricante de bandejas de huevos\" width=\"750\" height=\"732\" srcset=\"https:\/\/recyclingequipinc.com\/wp-content\/uploads\/2021\/09\/egg-tray-marker.jpg 750w, https:\/\/recyclingequipinc.com\/wp-content\/uploads\/2021\/09\/egg-tray-marker-300x293.jpg 300w, https:\/\/recyclingequipinc.com\/wp-content\/uploads\/2021\/09\/egg-tray-marker-600x586.jpg 600w\" sizes=\"(max-width: 750px) 100vw, 750px\" \/><figcaption id=\"caption-attachment-4498\" class=\"wp-caption-text\">fabricante de bandejas de huevos<\/figcaption><\/figure> <h2><strong><b>Fabricante de bandejas de huevos de papel sobresaliente en venta<\/b><\/strong><\/h2> <p>En Zhengzhou Shuliy Machinery Co., Ltd, generalmente dividimos la m\u00e1quina para bandejas de huevos para la venta de acuerdo con los m\u00e9todos de secado. Normalmente aqu\u00ed hay dos tipos: totalmente autom\u00e1ticos y semiautom\u00e1ticos. Completamente autom\u00e1tico se refiere al m\u00e9todo de secado de la l\u00ednea de secado de bandejas de huevos mental con varias capas. El semiautom\u00e1tico es una referencia al m\u00e9todo de secado natural y a la l\u00ednea de secado de bandejas de huevos de ladrillo. Sin embargo, la l\u00ednea de secado de bandejas de huevos de ladrillo debe ser construida por los propios clientes. De acuerdo con la productividad, la clasificamos en 1000 piezas\/h, 1500-2000 piezas\/h, 3000 piezas\/h, 4000 piezas\/h, 5000 piezas\/h, 6000-7000 piezas\/h. En t\u00e9rminos generales, utilizamos dos n\u00fameros para describir. Por ejemplo, utilice 3*1 para expresar la productividad de 1000 piezas\/h (3 representa tres piezas una vez, 1 representa solo un molde formador). \u00a1Por favor, p\u00f3ngase en contacto con nosotros para m\u00e1s detalles!<\/p> <figure id=\"attachment_4496\" aria-describedby=\"caption-attachment-4496\" style=\"width: 750px\" class=\"wp-caption aligncenter\"><img decoding=\"async\" class=\"wp-image-4496 size-full\" title=\"m\u00e1quina para fabricar bandejas de huevos\" src=\"https:\/\/recyclingequipinc.com\/wp-content\/uploads\/2021\/09\/egg-tray-making-machine-1.jpg\" alt=\"m\u00e1quina para fabricar bandejas de huevos\" width=\"750\" height=\"750\" srcset=\"https:\/\/recyclingequipinc.com\/wp-content\/uploads\/2021\/09\/egg-tray-making-machine-1.jpg 750w, https:\/\/recyclingequipinc.com\/wp-content\/uploads\/2021\/09\/egg-tray-making-machine-1-100x100.jpg 100w, https:\/\/recyclingequipinc.com\/wp-content\/uploads\/2021\/09\/egg-tray-making-machine-1-300x300.jpg 300w, https:\/\/recyclingequipinc.com\/wp-content\/uploads\/2021\/09\/egg-tray-making-machine-1-150x150.jpg 150w, https:\/\/recyclingequipinc.com\/wp-content\/uploads\/2021\/09\/egg-tray-making-machine-1-600x600.jpg 600w\" sizes=\"(max-width: 750px) 100vw, 750px\" \/><figcaption id=\"caption-attachment-4496\" class=\"wp-caption-text\">m\u00e1quina para fabricar bandejas de huevos<\/figcaption><\/figure> <h2><strong><b>Diversas aplicaciones de la m\u00e1quina para fabricar bandejas de papel<\/b><\/strong><\/h2> <p class=\"translation-block\">Reciclamos los materiales desechados para producir los art\u00edculos utilizados en la vida. La m\u00e1quina para hacer bandejas de papel es una de esas m\u00e1quinas. Los productos terminados de la m\u00e1quina de fabricaci\u00f3n de bandejas de huevos son bandejas para huevos. Adem\u00e1s, los productos finales tambi\u00e9n pueden ser cajas para huevos, <a href=\"https:\/\/recyclingequipinc.com\/es\/advantages-of-egg-trays\/\">cartones de huevos<\/a>, bandejas para huevos de codorniz, <a href=\"https:\/\/recyclingequipinc.com\/es\/producto\/apple-tray-making-machine\/\">bandejas para manzanas<\/a>, bandejas para frutas, <a href=\"https:\/\/recyclingequipinc.com\/es\/producto\/shoe-tray-making-machine\/\">bandejas para zapatos<\/a>, bandejas el\u00e9ctricas, bandejas para tazas de caf\u00e9, modelos de papel, bandejas para pl\u00e1ntulas, bandejas para vino, bandejas m\u00e9dicas, etc. Lo que se debe tener en cuenta es que es una m\u00e1quina para hacer bandejas de papel, no una m\u00e1quina para hacer bandejas de pl\u00e1stico. Adem\u00e1s, hay muchas materias primas que se pueden utilizar para hacer soportes para huevos. Las materias primas incluyen papel reciclado, peri\u00f3dico reciclado, revista reciclada, papel corrugado y otros. Este es el encanto de las m\u00e1quinas ecol\u00f3gicas. La m\u00e1quina para hacer bandejas de huevos est\u00e1 en condiciones de cumplir con esta obligaci\u00f3n. \u00bfQuieres ser nuestro cooperador? \u00a1Ponte en contacto con nosotros muy pronto!<\/p> <figure id=\"attachment_4492\" aria-describedby=\"caption-attachment-4492\" style=\"width: 750px\" class=\"wp-caption aligncenter\"><img decoding=\"async\" class=\"wp-image-4492 size-full\" src=\"https:\/\/recyclingequipinc.com\/wp-content\/uploads\/2021\/09\/finished-products.jpg\" alt=\"productos terminados de la m\u00e1quina de fabricaci\u00f3n de bandejas de huevos\" width=\"750\" height=\"354\" srcset=\"https:\/\/recyclingequipinc.com\/wp-content\/uploads\/2021\/09\/finished-products.jpg 750w, https:\/\/recyclingequipinc.com\/wp-content\/uploads\/2021\/09\/finished-products-300x142.jpg 300w, https:\/\/recyclingequipinc.com\/wp-content\/uploads\/2021\/09\/finished-products-600x283.jpg 600w\" sizes=\"(max-width: 750px) 100vw, 750px\" \/><figcaption id=\"caption-attachment-4492\" class=\"wp-caption-text\">productos terminados de la m\u00e1quina de fabricaci\u00f3n de bandejas de huevos<\/figcaption><\/figure> <h2><strong><b>Qu\u00e9<\/b><\/strong><strong><b>'<\/b><\/strong><strong><b>Cu\u00e1l es el proceso tecnol\u00f3gico de la m\u00e1quina para bandejas de huevos?<\/b><\/strong><\/h2> <p>La l\u00ednea de producci\u00f3n de bandejas de huevos se describe como: papel usado \u2192 despulpado \u2192 mezclado de despulpado \u2192 tamizado \u2192 suministro de pulpa \u2192 conformaci\u00f3n \u2192 secado \u2192 entero \u2192 revisar \u2192 paquete. El proceso general se puede resumir en los siguientes pasos: sistema de despulpado, sistema de formaci\u00f3n, sistema de secado y sistema de empaque y remodelaci\u00f3n de bandejas de huevos, respectivamente.<\/p> <figure id=\"attachment_4495\" aria-describedby=\"caption-attachment-4495\" style=\"width: 750px\" class=\"wp-caption aligncenter\"><img loading=\"lazy\" decoding=\"async\" class=\"wp-image-4495 size-full\" src=\"https:\/\/recyclingequipinc.com\/wp-content\/uploads\/2021\/09\/technological-process-.jpg\" alt=\"proceso tecnol\u00f3gico del fabricante de bandejas de huevos\" width=\"750\" height=\"457\" srcset=\"https:\/\/recyclingequipinc.com\/wp-content\/uploads\/2021\/09\/technological-process-.jpg 750w, https:\/\/recyclingequipinc.com\/wp-content\/uploads\/2021\/09\/technological-process--300x183.jpg 300w, https:\/\/recyclingequipinc.com\/wp-content\/uploads\/2021\/09\/technological-process--600x366.jpg 600w\" sizes=\"(max-width: 750px) 100vw, 750px\" \/><figcaption id=\"caption-attachment-4495\" class=\"wp-caption-text\">proceso tecnol\u00f3gico del fabricante de bandejas de huevos<\/figcaption><\/figure> <p>&nbsp;<\/p> <h2><strong><b>Sistema de pulpa<\/b><\/strong><\/h2> <p class=\"translation-block\">El pulpeo es el primer paso para producir bandejas de huevos. En este paso, es necesaria una <a href=\"https:\/\/recyclingequipinc.com\/es\/producto\/maquina-despulpadora-de-bandejas-de-huevos\/\">m\u00e1quina de pulpeo para bandejas de huevos<\/a>. Consiste en un pulper y una v\u00e1lvula mariposa. Por supuesto, otras combinaciones son la bomba de pulpa, el batidor de estanque de pulpa, la bomba de aguas residuales, el tubo de transporte de pulpa. Pero tiene ligeras variaciones seg\u00fan la productividad. Este proceso consiste en colocar el papel reciclado en el pulper y agregar agua para triturar y obtener la pulpa.<\/p> <p>Adem\u00e1s se solicitan tres piscinas para celulosa. Uno sostiene la pulpa original, otro es para agua y el restante es para pulpa de cierta proporci\u00f3n. As\u00ed que no olvides mezclar la pulpa con agua en una determinada proporci\u00f3n antes de continuar con el siguiente paso.<\/p> <h2><strong><b>Sistema de formaci\u00f3n<\/b><\/strong><\/h2> <p class=\"translation-block\">La m\u00e1quina de moldeo, el <a href=\"https:\/\/en.wikipedia.org\/wiki\/Vacuum\" target=\"_blank\" rel=\"noopener\">sistema de vac\u00edo<\/a>, el compresor de aire y las m\u00e1quinas de limpieza de moldeo son com\u00fanmente utilizadas. A trav\u00e9s del tubo de transporte de pulpa, la pulpa llega al tanque de suministro de la m\u00e1quina de moldeo. Y luego, con la asistencia del sistema de vac\u00edo, la pulpa se absorbe en el molde de formaci\u00f3n. Mientras tanto, el agua blanca es succionada y transportada de vuelta al estanque. A continuaci\u00f3n, el molde formado se sopla hacia el molde de transferencia mediante el compresor de aire. Finalmente, el molde es enviado por el molde de transferencia. Lo que debe destacarse es que una m\u00e1quina para hacer bandejas de huevos tiene solo una m\u00e1quina de moldeo.<\/p> <h2><strong><b>Sistema de secado<\/b><\/strong><\/h2> <p>Su funci\u00f3n es exprimir el exceso de agua en las bandejas de huevos mojadas. Hay tres tipos de m\u00e9todos de secado disponibles para su elecci\u00f3n. Los distintos m\u00e9todos de secado tienen asignaciones diferentes.<\/p> <ul> <li>El secado natural al sol es adecuado para la producci\u00f3n de bandejas de huevos a peque\u00f1a escala (adecuadas para 2000 piezas o menos). Este m\u00e9todo necesita la ayuda de trabajadores.<\/li> <li>El secador de bandejas de huevos de ladrillo se combina con 2500 piezas o m\u00e1s; es producci\u00f3n a mediana escala. Se necesita menos mano de obra a pesar de que el horno de ladrillos se construy\u00f3 con sus propios gastos.<\/li> <li>El sistema de secado de bandejas met\u00e1licas para huevos se utiliza para clientes que tienen espacio limitado. Suele tener una sola capa y varias capas. Casi sin mano de obra y con automatizaci\u00f3n total.<\/li> <\/ul> <h2><strong><b>Sistema de empaque y remodelaci\u00f3n de bandejas de huevos<\/b><\/strong><\/h2> <p>La remodelaci\u00f3n necesita una m\u00e1quina de prensado en caliente. El objetivo es ahorrar espacio y costes. Adem\u00e1s, suaviza la apariencia. Universalmente, la bandeja de huevos no necesita un proceso de remodelaci\u00f3n a menos que sea el cart\u00f3n de huevos. Finalmente, aplicamos una m\u00e1quina empacadora de bandejas de huevos para empacar la bandeja de huevos, lo que facilita su entrega.<\/p> <p>Y tambi\u00e9n puedes elegir el recolector autom\u00e1tico, recogiendo autom\u00e1ticamente la bandeja de huevos despu\u00e9s del secado.<\/p> <p>Podemos proporcionar tres planos de piscinas y producir productos personalizados de acuerdo con sus demandas reales.<\/p> <figure id=\"attachment_4502\" aria-describedby=\"caption-attachment-4502\" style=\"width: 1024px\" class=\"wp-caption aligncenter\"><img loading=\"lazy\" decoding=\"async\" class=\"wp-image-4502 size-large\" src=\"https:\/\/recyclingequipinc.com\/wp-content\/uploads\/2021\/09\/progress-display-1024x471.jpg\" alt=\"pantalla completa del progreso de producci\u00f3n de bandejas de huevos\" width=\"1024\" height=\"471\" srcset=\"https:\/\/recyclingequipinc.com\/wp-content\/uploads\/2021\/09\/progress-display-1024x471.jpg 1024w, https:\/\/recyclingequipinc.com\/wp-content\/uploads\/2021\/09\/progress-display-750x345.jpg 750w, https:\/\/recyclingequipinc.com\/wp-content\/uploads\/2021\/09\/progress-display-300x138.jpg 300w, https:\/\/recyclingequipinc.com\/wp-content\/uploads\/2021\/09\/progress-display-768x353.jpg 768w, https:\/\/recyclingequipinc.com\/wp-content\/uploads\/2021\/09\/progress-display-600x276.jpg 600w, https:\/\/recyclingequipinc.com\/wp-content\/uploads\/2021\/09\/progress-display.jpg 1087w\" sizes=\"(max-width: 1024px) 100vw, 1024px\" \/><figcaption id=\"caption-attachment-4502\" class=\"wp-caption-text\">pantalla completa del progreso de producci\u00f3n de bandejas de huevos<\/figcaption><\/figure> <h2><strong><b>C\u00f3mo <\/b><\/strong><strong><b>F<\/b><\/strong><strong><b>Indiana <\/b><\/strong><strong><b>A<\/b><\/strong><strong><b>\u00a0<\/b><\/strong><strong><b>GRAMO<\/b><\/strong><strong><b>bueno <\/b><\/strong><strong><b>R<\/b><\/strong><strong><b>de buena reputaci\u00f3n <\/b><\/strong><strong><b>PAG<\/b><\/strong><strong><b>aper <\/b><\/strong><strong><b>mi<\/b><\/strong><strong><b>ggg <\/b><\/strong><strong><b>t<\/b><\/strong><strong><b>rayo <\/b><\/strong><strong><b>METRO<\/b><\/strong><strong><b>haciendo <\/b><\/strong><strong><b>METRO<\/b><\/strong><strong><b>dolorido <\/b><\/strong><strong><b>METRO<\/b><\/strong><strong><b>fabricante<\/b><\/strong><strong><b>\u00a0&amp; Proveedor<\/b><\/strong><strong><b>?<\/b><\/strong><\/h2> <p class=\"translation-block\">Nos<strong><b> <\/b><\/strong>Zhengzhou Shuliy Machinery Co., Ltd es una empresa que integra investigaci\u00f3n y producci\u00f3n. Tenemos las siguientes ventajas. En primer lugar, nuestra empresa ha acumulado casi treinta a\u00f1os de experiencia en este \u00e1rea. Por lo tanto, somos la empresa con m\u00e1s experiencia para suministrar la m\u00e1quina para hacer bandejas de huevos. En segundo lugar, cooperamos con marcas famosas. Debido a los componentes de marcas reconocidas, nuestras m\u00e1quinas tienen calidad superior y rendimiento estable. En tercer lugar, ofrecemos excelentes servicios a nuestros clientes. Sea cual sea la hora, siempre que los clientes tengan necesidades, daremos soluciones y respuestas r\u00e1pidas. Adem\u00e1s, puedes obtener estas m\u00e1quinas para hacer bandejas de pulpa de papel si est\u00e1s manejando una granja de gallinas. La m\u00e1quina puede ayudarte a promover tus intereses y beneficiar a tu negocio.<\/p> <figure id=\"attachment_4545\" aria-describedby=\"caption-attachment-4545\" style=\"width: 720px\" class=\"wp-caption aligncenter\"><img loading=\"lazy\" decoding=\"async\" class=\"wp-image-4545 size-full\" src=\"https:\/\/recyclingequipinc.com\/wp-content\/uploads\/2021\/09\/factory-display.jpg\" alt=\"pantalla de la f\u00e1brica de fabricantes de bandejas de huevos Shuliy\" width=\"720\" height=\"378\" srcset=\"https:\/\/recyclingequipinc.com\/wp-content\/uploads\/2021\/09\/factory-display.jpg 720w, https:\/\/recyclingequipinc.com\/wp-content\/uploads\/2021\/09\/factory-display-300x158.jpg 300w, https:\/\/recyclingequipinc.com\/wp-content\/uploads\/2021\/09\/factory-display-600x315.jpg 600w\" sizes=\"(max-width: 720px) 100vw, 720px\" \/><figcaption id=\"caption-attachment-4545\" class=\"wp-caption-text\">pantalla de la f\u00e1brica de fabricantes de bandejas de huevos Shuliy<\/figcaption><\/figure> <h2><strong><b>Qu\u00e9<\/b><\/strong><strong><b>'<\/b><\/strong><strong><b>s mi<\/b><\/strong><strong><b>ggg <\/b><\/strong><strong><b>t<\/b><\/strong><strong><b>rayo <\/b><\/strong><strong><b>METRO<\/b><\/strong><strong><b>dolorido <\/b><\/strong><strong><b>PAG<\/b><\/strong><strong><b>arroz<\/b><\/strong><strong><b>?<\/b><\/strong><\/h2> <p>Cuando vaya a comprar la m\u00e1quina para fabricar bandejas de huevos, es imperativo que tenga claro sus planes de pedido. Debido a que ahora muchos fabricantes y proveedores tienen esta m\u00e1quina, debe comparar y luego elegir la m\u00e1s beneficiosa. Nuestras m\u00e1quinas para fabricar bandejas de huevos est\u00e1n equipadas con componentes reconocidos, por lo que son competitivas. Pero al mismo tiempo su precio cambia junto con la colocaci\u00f3n. Es m\u00e1s, debe considerar su presupuesto y el costo de la m\u00e1quina de bandejas de papel. Su presupuesto determina el tama\u00f1o de la m\u00e1quina que comprar\u00e1. Y entre todos los fabricantes de bandejas para huevos, el precio de la m\u00e1quina manual para fabricar bandejas para huevos es el m\u00e1s barato. Por lo tanto, si decide comprar m\u00e1quinas respetuosas con el medio ambiente, debe considerar los planes de pedido, el presupuesto y el costo de la m\u00e1quina.<\/p> <h2><strong><b>Cont\u00e1ctenos para facilitar su negocio<\/b><\/strong><\/h2> <p>Al ser una empresa responsable, seguimos de cerca el ritmo del desarrollo social. Por eso, en nuestra empresa, la m\u00e1quina autom\u00e1tica para bandejas de huevos tiene como objetivo, naturalmente, reducir la carga de la tierra y promover el progreso sostenible. Si tienes mucho papel reciclado, por eso te recomendamos esta m\u00e1quina. La primera ventaja de la m\u00e1quina es respetuosa con el medio ambiente. est\u00e1 reemplazando la bandeja de pl\u00e1stico. El segundo son las amplias fuentes de materias primas y el bajo costo. Las materias primas son f\u00e1ciles de recolectar y baratas. Por lo tanto, ven a contactarnos para hacer algo para proteger nuestro medio ambiente. \u00a1Ll\u00e1menos para obtener m\u00e1s detalles y le responderemos muy pronto!<\/p>","protected":false},"excerpt":{"rendered":"<p class=\"translation-block\"><strong><b>La m\u00e1quina para fabricar bandejas de huevos<\/b><\/strong> es una m\u00e1quina ecol\u00f3gica, que puede convertir desechos en tesoros. Eso se debe a sus materias primas. Las materias primas provienen principalmente de varias tablas de pulpa, como cart\u00f3n reciclado, papel de cajas de cart\u00f3n, papel blanco reciclado, pulpa de ca\u00f1a, pulpa de paja, lodo, pulpa de bamb\u00fa y pulpa de madera, as\u00ed como residuos de pulpa de f\u00e1bricas de papel, etc. Cont\u00e1ctenos para obtener una cotizaci\u00f3n gratuita.<\/p>","protected":false},"featured_media":4443,"template":"","meta":{"site-sidebar-layout":"default","site-content-layout":"default","ast-site-content-layout":"default","site-content-style":"default","site-sidebar-style":"default","ast-global-header-display":"","ast-banner-title-visibility":"","ast-main-header-display":"","ast-hfb-above-header-display":"","ast-hfb-below-header-display":"","ast-hfb-mobile-header-display":"","site-post-title":"","ast-breadcrumbs-content":"","ast-featured-img":"","footer-sml-layout":"","ast-disable-related-posts":"","theme-transparent-header-meta":"default","adv-header-id-meta":"","stick-header-meta":"default","header-above-stick-meta":"","header-main-stick-meta":"","header-below-stick-meta":"","astra-migrate-meta-layouts":"set","ast-page-background-enabled":"default","ast-page-background-meta":{"desktop":{"background-color":"","background-image":"","background-repeat":"repeat","background-position":"center center","background-size":"auto","background-attachment":"scroll","background-type":"","background-media":"","overlay-type":"","overlay-color":"","overlay-opacity":"","overlay-gradient":""},"tablet":{"background-color":"","background-image":"","background-repeat":"repeat","background-position":"center center","background-size":"auto","background-attachment":"scroll","background-type":"","background-media":"","overlay-type":"","overlay-color":"","overlay-opacity":"","overlay-gradient":""},"mobile":{"background-color":"","background-image":"","background-repeat":"repeat","background-position":"center center","background-size":"auto","background-attachment":"scroll","background-type":"","background-media":"","overlay-type":"","overlay-color":"","overlay-opacity":"","overlay-gradient":""}},"ast-content-background-meta":{"desktop":{"background-color":"var(--ast-global-color-5)","background-image":"","background-repeat":"repeat","background-position":"center center","background-size":"auto","background-attachment":"scroll","background-type":"","background-media":"","overlay-type":"","overlay-color":"","overlay-opacity":"","overlay-gradient":""},"tablet":{"background-color":"var(--ast-global-color-5)","background-image":"","background-repeat":"repeat","background-position":"center center","background-size":"auto","background-attachment":"scroll","background-type":"","background-media":"","overlay-type":"","overlay-color":"","overlay-opacity":"","overlay-gradient":""},"mobile":{"background-color":"var(--ast-global-color-5)","background-image":"","background-repeat":"repeat","background-position":"center center","background-size":"auto","background-attachment":"scroll","background-type":"","background-media":"","overlay-type":"","overlay-color":"","overlay-opacity":"","overlay-gradient":""}}},"product_brand":[],"product_cat":[35],"product_tag":[73],"class_list":{"0":"post-4400","1":"product","2":"type-product","3":"status-publish","4":"has-post-thumbnail","6":"product_cat-egg-tray-machine","7":"product_tag-egg-carton-making-machine","8":"desktop-align-center","9":"tablet-align-center","10":"mobile-align-center","12":"first","13":"instock","14":"shipping-taxable","15":"product-type-simple"},"_links":{"self":[{"href":"https:\/\/recyclingequipinc.com\/es\/wp-json\/wp\/v2\/product\/4400","targetHints":{"allow":["GET"]}}],"collection":[{"href":"https:\/\/recyclingequipinc.com\/es\/wp-json\/wp\/v2\/product"}],"about":[{"href":"https:\/\/recyclingequipinc.com\/es\/wp-json\/wp\/v2\/types\/product"}],"version-history":[{"count":0,"href":"https:\/\/recyclingequipinc.com\/es\/wp-json\/wp\/v2\/product\/4400\/revisions"}],"wp:featuredmedia":[{"embeddable":true,"href":"https:\/\/recyclingequipinc.com\/es\/wp-json\/wp\/v2\/media\/4443"}],"wp:attachment":[{"href":"https:\/\/recyclingequipinc.com\/es\/wp-json\/wp\/v2\/media?parent=4400"}],"wp:term":[{"taxonomy":"product_brand","embeddable":true,"href":"https:\/\/recyclingequipinc.com\/es\/wp-json\/wp\/v2\/product_brand?post=4400"},{"taxonomy":"product_cat","embeddable":true,"href":"https:\/\/recyclingequipinc.com\/es\/wp-json\/wp\/v2\/product_cat?post=4400"},{"taxonomy":"product_tag","embeddable":true,"href":"https:\/\/recyclingequipinc.com\/es\/wp-json\/wp\/v2\/product_tag?post=4400"}],"curies":[{"name":"wp","href":"https:\/\/api.w.org\/{rel}","templated":true}]}}