{"id":4397,"date":"2021-09-13T09:45:45","date_gmt":"2021-09-13T09:45:45","guid":{"rendered":"https:\/\/recyclingequipinc.com\/?post_type=product&#038;p=4397"},"modified":"2025-01-20T10:22:57","modified_gmt":"2025-01-20T02:22:57","slug":"waste-plastic-crusher","status":"publish","type":"product","link":"https:\/\/recyclingequipinc.com\/es\/product\/waste-plastic-crusher\/","title":{"rendered":"Trituradora de residuos de pl\u00e1stico"},"content":{"rendered":"<p class=\"translation-block\">El triturador de pl\u00e1stico para desechos es el equipo para triturar materia prima en la l\u00ednea de reciclaje de pl\u00e1sticos. Es adecuado para el <a href=\"https:\/\/recyclingequipinc.com\/es\/producto\/plastic-film-recycling-machine\/\"><strong>reciclaje de film de PP PE<\/strong><\/a>, botellas, etc. El triturador de pl\u00e1stico cortar\u00e1 la materia prima en copos despu\u00e9s de que el transportador de banda en la l\u00ednea de producci\u00f3n env\u00ede objetos de pl\u00e1stico al triturador. Si deseas obtener fragmentos de pl\u00e1stico de diferentes tama\u00f1os, puedes conseguirlos al reemplazar pantallas de diferentes tama\u00f1os. Su objetivo es triturar todo tipo de pl\u00e1sticos blandos y duros, como pel\u00edculas de pl\u00e1stico, botellas de pl\u00e1stico, tuber\u00edas de PVC y otros desechos pl\u00e1sticos.<\/p> <figure id=\"attachment_5477\" aria-describedby=\"caption-attachment-5477\" style=\"width: 750px\" class=\"wp-caption aligncenter\"><img fetchpriority=\"high\" decoding=\"async\" src=\"https:\/\/recyclingequipinc.com\/wp-content\/uploads\/2021\/09\/Plastic-Crusher-Machine.jpg\" alt=\"M\u00e1quina trituradora de pl\u00e1stico\" width=\"750\" height=\"750\" \/><figcaption id=\"caption-attachment-5477\" class=\"wp-caption-text\">M\u00e1quina trituradora de pl\u00e1stico<\/figcaption><\/figure> <h2>Video de trabajo de trituradora de pl\u00e1stico para reciclaje.<\/h2> <div class=\"ast-oembed-container\" style=\"height: 100%;\"><iframe title=\"M\u00e1quina trituradora de pl\u00e1stico para triturar barriles, tambores y botellas de HDPE | Maquinaria para plantas de reciclaje de pl\u00e1stico.\" width=\"500\" height=\"281\" src=\"https:\/\/www.youtube.com\/embed\/yePaMCce--I?feature=oembed\" frameborder=\"0\" allow=\"accelerometer; autoplay; clipboard-write; encrypted-media; gyroscope; picture-in-picture; web-share\" referrerpolicy=\"strict-origin-when-cross-origin\" allowfullscreen><\/iframe><\/div> <h2>Caracter\u00edsticas de la m\u00e1quina trituradora de pl\u00e1stico.<\/h2> <ul> <li>La trituradora trituradora de residuos de pl\u00e1stico adopta cuchillas de acero aleado, que tienen una alta dureza y un tiempo de uso prolongado.<\/li> <li>La trituraci\u00f3n h\u00fameda no solo puede mejorar el efecto de lavado de las virutas de pl\u00e1stico, sino que tambi\u00e9n reduce el calor de fricci\u00f3n debido al efecto de enfriamiento del agua, lo que prolonga la vida \u00fatil de la hoja.<\/li> <li>La m\u00e1quina trituradora de pl\u00e1stico tambi\u00e9n tiene las caracter\u00edsticas de baja velocidad, bajo ruido, largo tiempo de servicio, bajo costo de mantenimiento y sin material de escoria.<\/li> <li>Dise\u00f1o especial de c\u00e1mara de trituraci\u00f3n, entrada de alimentaci\u00f3n grande y carga conveniente<\/li> <li>Movimiento estable, peque\u00f1a vibraci\u00f3n y operaci\u00f3n conveniente<\/li> <\/ul> <h2>Par\u00e1metros de la trituradora de residuos de pl\u00e1stico.<\/h2> <table style=\"border-collapse: collapse; width: 426.1pt; margin-left: 6.75pt; margin-right: 6.75pt; border: initial none initial;\" border=\"1\" cellspacing=\"0\"> <tbody> <tr> <td style=\"width: 142pt; padding: 0pt 5.4pt; border-width: 1pt; border-color: windowtext;\" valign=\"top\" width=\"189\">Modelo<\/td> <td style=\"width: 142.05pt; padding: 0pt 5.4pt; border-width: 1pt; border-color: windowtext;\" valign=\"top\" width=\"189\">60<\/td> <td style=\"width: 142.05pt; padding: 0pt 5.4pt; border-width: 1pt; border-color: windowtext;\" valign=\"top\" width=\"189\">80<\/td> <\/tr> <tr> <td style=\"width: 142pt; padding: 0pt 5.4pt; border-left-width: 1pt; border-left-color: windowtext; border-right-width: 1pt; border-right-color: windowtext; border-top: none; border-bottom-width: 1pt; border-bottom-color: windowtext;\" valign=\"top\" width=\"189\">Capacidad<\/td> <td style=\"width: 142.05pt; padding: 0pt 5.4pt; border-left-width: 1pt; border-left-color: windowtext; border-right-width: 1pt; border-right-color: windowtext; border-top: none; border-bottom-width: 1pt; border-bottom-color: windowtext;\" valign=\"top\" width=\"189\">500kg\/hora<\/td> <td style=\"width: 142.05pt; padding: 0pt 5.4pt; border-left-width: 1pt; border-left-color: windowtext; border-right-width: 1pt; border-right-color: windowtext; border-top: none; border-bottom-width: 1pt; border-bottom-color: windowtext;\" valign=\"top\" width=\"189\">1 t\/h<\/td> <\/tr> <tr> <td style=\"width: 142pt; padding: 0pt 5.4pt; border-left-width: 1pt; border-left-color: windowtext; border-right-width: 1pt; border-right-color: windowtext; border-top: none; border-bottom-width: 1pt; border-bottom-color: windowtext;\" valign=\"top\" width=\"189\">Ancho de la hoja<\/td> <td style=\"width: 142.05pt; padding: 0pt 5.4pt; border-left-width: 1pt; border-left-color: windowtext; border-right-width: 1pt; border-right-color: windowtext; border-top: none; border-bottom-width: 1pt; border-bottom-color: windowtext;\" valign=\"top\" width=\"189\">60cm+30cm<\/td> <td style=\"width: 142.05pt; padding: 0pt 5.4pt; border-left-width: 1pt; border-left-color: windowtext; border-right-width: 1pt; border-right-color: windowtext; border-top: none; border-bottom-width: 1pt; border-bottom-color: windowtext;\" valign=\"top\" width=\"189\">80cm+40vm<\/td> <\/tr> <tr> <td style=\"width: 142pt; padding: 0pt 5.4pt; border-left-width: 1pt; border-left-color: windowtext; border-right-width: 1pt; border-right-color: windowtext; border-top: none; border-bottom-width: 1pt; border-bottom-color: windowtext;\" valign=\"top\" width=\"189\">Fuerza<\/td> <td style=\"width: 142.05pt; padding: 0pt 5.4pt; border-left-width: 1pt; border-left-color: windowtext; border-right-width: 1pt; border-right-color: windowtext; border-top: none; border-bottom-width: 1pt; border-bottom-color: windowtext;\" valign=\"top\" width=\"189\">15+7,5kwkw<\/td> <td style=\"width: 142.05pt; padding: 0pt 5.4pt; border-left-width: 1pt; border-left-color: windowtext; border-right-width: 1pt; border-right-color: windowtext; border-top: none; border-bottom-width: 1pt; border-bottom-color: windowtext;\" valign=\"top\" width=\"189\">30+11kw<\/td> <\/tr> <\/tbody> <\/table> <p>Estos son dos modelos de m\u00e1quinas trituradoras de pl\u00e1stico de nuestra empresa. La mayor diferencia entre las dos m\u00e1quinas es el rendimiento. Uno es de 500 kg\/h y el otro de 1 tonelada\/h. Podr\u00e1s elegir el modelo de m\u00e1quina que desees seg\u00fan tus necesidades. Si tiene alguna pregunta, no dude en contactarnos y le responderemos lo antes posible.<\/p> <h2>Aplicaciones de la trituradora de pl\u00e1stico para reciclaje.<\/h2> <p>La trituradora de residuos de pl\u00e1stico suele ser un paso importante para la pel\u00edcula pl\u00e1stica LDPE LLDPE y los pl\u00e1sticos r\u00edgidos HDPE. Se utiliza para triturar y lavar una variedad de pl\u00e1sticos de desecho, incluidos pl\u00e1sticos blandos y duros, como tubos de pl\u00e1stico, varillas de pl\u00e1stico, pel\u00edculas de pl\u00e1stico, juguetes de pl\u00e1stico, productos de caucho de desecho, etc. Tiene una gran capacidad de tratamiento, funciona de manera eficiente y recibe elogios un\u00e1nimes de los clientes.<\/p> <p class=\"translation-block\">Shuliy Group tambi\u00e9n proporciona una m\u00e1quina trituradora profesional para <a href=\"https:\/\/recyclingequipinc.com\/es\/producto\/pet-bottle-recycling-machine\/\"><strong>la l\u00ednea de reciclaje de botellas de PET<\/strong><\/a>. Si tus materias primas son botellas de PET, te recomendamos que elijas esta: <strong><a href=\"https:\/\/recyclingequipinc.com\/es\/producto\/pet-plastic-bottle-crushing-machine\/\">trituradora de pl\u00e1stico para reciclaje de PET<\/a><\/strong>.<\/p>","protected":false},"excerpt":{"rendered":"<p>La trituradora de residuos de pl\u00e1stico es el equipo para triturar la materia prima en la l\u00ednea de reciclaje de pl\u00e1stico. Es adecuado para pel\u00edculas, botellas y cajas de PP PE, etc. La cinta transportadora en la l\u00ednea de producci\u00f3n enviar\u00e1 las materias primas a la trituradora, que cortar\u00e1 las escamas en pedazos. P\u00f3ngase en contacto con nosotros para obtener una lista de precios gratuita.<\/p>","protected":false},"featured_media":5650,"template":"","meta":{"site-sidebar-layout":"default","site-content-layout":"default","ast-site-content-layout":"default","site-content-style":"default","site-sidebar-style":"default","ast-global-header-display":"","ast-banner-title-visibility":"","ast-main-header-display":"","ast-hfb-above-header-display":"","ast-hfb-below-header-display":"","ast-hfb-mobile-header-display":"","site-post-title":"","ast-breadcrumbs-content":"","ast-featured-img":"","footer-sml-layout":"","ast-disable-related-posts":"","theme-transparent-header-meta":"default","adv-header-id-meta":"","stick-header-meta":"default","header-above-stick-meta":"","header-main-stick-meta":"","header-below-stick-meta":"","astra-migrate-meta-layouts":"set","ast-page-background-enabled":"default","ast-page-background-meta":{"desktop":{"background-color":"","background-image":"","background-repeat":"repeat","background-position":"center center","background-size":"auto","background-attachment":"scroll","background-type":"","background-media":"","overlay-type":"","overlay-color":"","overlay-opacity":"","overlay-gradient":""},"tablet":{"background-color":"","background-image":"","background-repeat":"repeat","background-position":"center center","background-size":"auto","background-attachment":"scroll","background-type":"","background-media":"","overlay-type":"","overlay-color":"","overlay-opacity":"","overlay-gradient":""},"mobile":{"background-color":"","background-image":"","background-repeat":"repeat","background-position":"center center","background-size":"auto","background-attachment":"scroll","background-type":"","background-media":"","overlay-type":"","overlay-color":"","overlay-opacity":"","overlay-gradient":""}},"ast-content-background-meta":{"desktop":{"background-color":"var(--ast-global-color-5)","background-image":"","background-repeat":"repeat","background-position":"center center","background-size":"auto","background-attachment":"scroll","background-type":"","background-media":"","overlay-type":"","overlay-color":"","overlay-opacity":"","overlay-gradient":""},"tablet":{"background-color":"var(--ast-global-color-5)","background-image":"","background-repeat":"repeat","background-position":"center center","background-size":"auto","background-attachment":"scroll","background-type":"","background-media":"","overlay-type":"","overlay-color":"","overlay-opacity":"","overlay-gradient":""},"mobile":{"background-color":"var(--ast-global-color-5)","background-image":"","background-repeat":"repeat","background-position":"center center","background-size":"auto","background-attachment":"scroll","background-type":"","background-media":"","overlay-type":"","overlay-color":"","overlay-opacity":"","overlay-gradient":""}}},"product_brand":[],"product_cat":[36],"product_tag":[96],"class_list":{"0":"post-4397","1":"product","2":"type-product","3":"status-publish","4":"has-post-thumbnail","6":"product_cat-plastic-recycling-machine","7":"product_tag-crusher","8":"desktop-align-center","9":"tablet-align-center","10":"mobile-align-center","12":"first","13":"instock","14":"shipping-taxable","15":"product-type-simple"},"_links":{"self":[{"href":"https:\/\/recyclingequipinc.com\/es\/wp-json\/wp\/v2\/product\/4397","targetHints":{"allow":["GET"]}}],"collection":[{"href":"https:\/\/recyclingequipinc.com\/es\/wp-json\/wp\/v2\/product"}],"about":[{"href":"https:\/\/recyclingequipinc.com\/es\/wp-json\/wp\/v2\/types\/product"}],"version-history":[{"count":0,"href":"https:\/\/recyclingequipinc.com\/es\/wp-json\/wp\/v2\/product\/4397\/revisions"}],"wp:featuredmedia":[{"embeddable":true,"href":"https:\/\/recyclingequipinc.com\/es\/wp-json\/wp\/v2\/media\/5650"}],"wp:attachment":[{"href":"https:\/\/recyclingequipinc.com\/es\/wp-json\/wp\/v2\/media?parent=4397"}],"wp:term":[{"taxonomy":"product_brand","embeddable":true,"href":"https:\/\/recyclingequipinc.com\/es\/wp-json\/wp\/v2\/product_brand?post=4397"},{"taxonomy":"product_cat","embeddable":true,"href":"https:\/\/recyclingequipinc.com\/es\/wp-json\/wp\/v2\/product_cat?post=4397"},{"taxonomy":"product_tag","embeddable":true,"href":"https:\/\/recyclingequipinc.com\/es\/wp-json\/wp\/v2\/product_tag?post=4397"}],"curies":[{"name":"wp","href":"https:\/\/api.w.org\/{rel}","templated":true}]}}