{"id":4394,"date":"2021-09-13T09:43:03","date_gmt":"2021-09-13T09:43:03","guid":{"rendered":"https:\/\/recyclingequipinc.com\/?post_type=product&#038;p=4394"},"modified":"2024-10-04T20:42:49","modified_gmt":"2024-10-04T12:42:49","slug":"vertical-baler","status":"publish","type":"product","link":"https:\/\/recyclingequipinc.com\/es\/product\/vertical-baler\/","title":{"rendered":"Empacadora vertical"},"content":{"rendered":"<p class=\"translation-block\"><strong>Prensa vertical hidr\u00e1ulica<\/strong> adopta energ\u00eda hidr\u00e1ulica para balar papel desechado, cart\u00f3n, textiles de algod\u00f3n, botellas de pl\u00e1stico, material de esquina industrial, latas de anilla, ropa y zapatos desechados, alfalfa, paja, y otros art\u00edculos. Hay tres tipos de m\u00e9todos de descarga opcionales: volcar, empujar la bolsa o sacar la bolsa manualmente. Se pueden usar motores o motores di\u00e9sel como fuente de energ\u00eda. El equipo puede reducir el \u00e1rea de los art\u00edculos desechados y facilitar el almacenamiento, transporte y procesamiento secundario y uso de los materiales. Suministramos seis tipos est\u00e1ndar de este tipo de equipo. Mientras tanto, el servicio OEM est\u00e1 disponible seg\u00fan tus necesidades.<\/p> <p>&nbsp;<\/p> <h2>Vendo empacadora vertical<\/h2> <p>Empacadora hidr\u00e1ulica vertical a la venta en Shuliy La maquinaria a la venta incluye varias potencias hidr\u00e1ulicas, como 40 toneladas, 60 toneladas, 80 toneladas, 100 toneladas, 120 toneladas, 150 toneladas, etc. La relaci\u00f3n de compactaci\u00f3n para este tipo de equipo es de aproximadamente 5:1. Cuanto mayor es la potencia hidr\u00e1ulica, mayores son el tama\u00f1o del embalaje, el tama\u00f1o de la abertura de alimentaci\u00f3n y la densidad de la empacadora. Puedes elegir seg\u00fan tus necesidades. Adem\u00e1s de la empacadora vertical hidr\u00e1ulica, tambi\u00e9n ofrecemos una empacadora hidr\u00e1ulica horizontal, que es m\u00e1s grande que una empacadora vertical. Adem\u00e1s, apoyamos la personalizaci\u00f3n de la m\u00e1quina seg\u00fan sus requisitos.<\/p> <div id='gallery-1' class='gallery galleryid-4394 gallery-columns-2 gallery-size-medium'><figure class='gallery-item'> \t\t\t<div class='gallery-icon landscape'> \t\t\t\t<img fetchpriority=\"high\" decoding=\"async\" width=\"300\" height=\"300\" src=\"https:\/\/recyclingequipinc.com\/wp-content\/uploads\/2021\/09\/baler-machine-with-blue-look-300x300.jpg\" class=\"attachment-medium size-medium\" alt=\"\" srcset=\"https:\/\/recyclingequipinc.com\/wp-content\/uploads\/2021\/09\/baler-machine-with-blue-look-300x300.jpg 300w, https:\/\/recyclingequipinc.com\/wp-content\/uploads\/2021\/09\/baler-machine-with-blue-look-100x100.jpg 100w, https:\/\/recyclingequipinc.com\/wp-content\/uploads\/2021\/09\/baler-machine-with-blue-look-150x150.jpg 150w, https:\/\/recyclingequipinc.com\/wp-content\/uploads\/2021\/09\/baler-machine-with-blue-look-600x600.jpg 600w, https:\/\/recyclingequipinc.com\/wp-content\/uploads\/2021\/09\/baler-machine-with-blue-look.jpg 750w\" sizes=\"(max-width: 300px) 100vw, 300px\" \/> \t\t\t<\/div><\/figure><figure class='gallery-item'> \t\t\t<div class='gallery-icon landscape'> \t\t\t\t<img decoding=\"async\" width=\"300\" height=\"300\" src=\"https:\/\/recyclingequipinc.com\/wp-content\/uploads\/2021\/09\/vertical-baler-with-red-appearance-1-300x300.jpg\" class=\"attachment-medium size-medium\" alt=\"\" srcset=\"https:\/\/recyclingequipinc.com\/wp-content\/uploads\/2021\/09\/vertical-baler-with-red-appearance-1-300x300.jpg 300w, https:\/\/recyclingequipinc.com\/wp-content\/uploads\/2021\/09\/vertical-baler-with-red-appearance-1-100x100.jpg 100w, https:\/\/recyclingequipinc.com\/wp-content\/uploads\/2021\/09\/vertical-baler-with-red-appearance-1-150x150.jpg 150w, https:\/\/recyclingequipinc.com\/wp-content\/uploads\/2021\/09\/vertical-baler-with-red-appearance-1-600x600.jpg 600w, https:\/\/recyclingequipinc.com\/wp-content\/uploads\/2021\/09\/vertical-baler-with-red-appearance-1.jpg 750w\" sizes=\"(max-width: 300px) 100vw, 300px\" \/> \t\t\t<\/div><\/figure> \t\t<\/div>  <h2>Amplias aplicaciones de la empacadora hidr\u00e1ulica vertical.<\/h2> <p>Adecuado para papel usado, cart\u00f3n, textiles de algod\u00f3n, lana, paja, esponja, botellas de pl\u00e1stico de desecho, latas con anilla, ropa y zapatos usados, neum\u00e1ticos, material de esquina industrial, etc. Cuando empaqueta el papel usado, puede poner cart\u00f3n encima. la parte inferior de la parte superior de estos papeles para evitar que el papel se salga del equipo durante el proceso hidr\u00e1ulico. Este tipo de empacadora vertical es adecuada para una variedad de tama\u00f1os de embalaje y puede consultar la tabla de par\u00e1metros en detalle.<\/p> <p>&nbsp;<\/p> <h2>Estructura empacadora vertical<\/h2> <p>La empacadora vertical consta de una c\u00e1mara de compresi\u00f3n, un cilindro de compresi\u00f3n vertical, un sistema hidr\u00e1ulico y un sistema de energ\u00eda. Esta empacadora vertical hidr\u00e1ulica adopta una placa gruesa y de alta calidad para formar un marco s\u00f3lido. Se utiliza un dise\u00f1o mec\u00e1nico avanzado para garantizar la vida \u00fatil del equipo. Adopta un sistema de control fotoel\u00e9ctrico y se empaqueta en cuatro pasos: tensi\u00f3n, capacidad calor\u00edfica, corte de correa y uni\u00f3n. El sistema hidr\u00e1ulico incluye bomba hidr\u00e1ulica, v\u00e1lvula electromagn\u00e9tica, sello de aceite del cilindro hidr\u00e1ulico y otras piezas clave que utilizan accesorios importados para que la capacidad de carga de esta empacadora vertical hidr\u00e1ulica sea fuerte y m\u00e1s duradera.<\/p> <figure id=\"attachment_4647\" aria-describedby=\"caption-attachment-4647\" style=\"width: 720px\" class=\"wp-caption aligncenter\"><a href=\"https:\/\/recyclingequipinc.com\/wp-content\/uploads\/2021\/09\/vertical-baler-machine-structure.webp\"><img decoding=\"async\" class=\"size-full wp-image-4647\" src=\"https:\/\/recyclingequipinc.com\/wp-content\/uploads\/2021\/09\/vertical-baler-machine-structure.webp\" alt=\"estructura de la m\u00e1quina empacadora vertical\" width=\"720\" height=\"540\" srcset=\"https:\/\/recyclingequipinc.com\/wp-content\/uploads\/2021\/09\/vertical-baler-machine-structure.webp 720w, https:\/\/recyclingequipinc.com\/wp-content\/uploads\/2021\/09\/vertical-baler-machine-structure-300x225.webp 300w, https:\/\/recyclingequipinc.com\/wp-content\/uploads\/2021\/09\/vertical-baler-machine-structure-600x450.webp 600w\" sizes=\"(max-width: 720px) 100vw, 720px\" \/><\/a><figcaption id=\"caption-attachment-4647\" class=\"wp-caption-text\">estructura de la m\u00e1quina empacadora vertical<\/figcaption><\/figure> <h2>Precio de la empacadora vertical<\/h2> <p>El precio de la empacadora hidr\u00e1ulica vertical est\u00e1 relacionado con el costo del equipo. Para diferentes tipos de empacadoras hidr\u00e1ulicas verticales se requieren costos diferentes, por lo que sus precios ser\u00e1n diversos. Como fabricante y proveedor con amplia experiencia en empacadoras, proporcionaremos m\u00e1quinas empacadoras al mejor precio y buena calidad. Mientras tanto, apoyamos servicios de personalizaci\u00f3n de acuerdo con sus requisitos reales. Si est\u00e1s interesado en \u00e9l, puedes ponerte en contacto con nosotros para obtener m\u00e1s detalles y el mejor precio.<\/p> <div id=\"gtx-trans\" style=\"position: absolute; left: 398px; top: 375px;\"> <div class=\"gtx-trans-icon\"><\/div> <\/div>","protected":false},"excerpt":{"rendered":"<p>La empacadora vertical hidr\u00e1ulica adopta energ\u00eda hidr\u00e1ulica para empacar desechos de papel, cart\u00f3n, textiles de algod\u00f3n, botellas de pl\u00e1stico, material de esquina industrial, latas con anilla, desechos de ropa y zapatos, alfalfa, paja y otros art\u00edculos. Hay tres tipos de m\u00e9todos de descarga opcionales: voltear, empujar la bolsa o sacar la bolsa manualmente. Contactenos para mas detalles.<\/p>","protected":false},"featured_media":4637,"template":"","meta":{"site-sidebar-layout":"default","site-content-layout":"default","ast-site-content-layout":"default","site-content-style":"default","site-sidebar-style":"default","ast-global-header-display":"","ast-banner-title-visibility":"","ast-main-header-display":"","ast-hfb-above-header-display":"","ast-hfb-below-header-display":"","ast-hfb-mobile-header-display":"","site-post-title":"","ast-breadcrumbs-content":"","ast-featured-img":"","footer-sml-layout":"","ast-disable-related-posts":"","theme-transparent-header-meta":"default","adv-header-id-meta":"","stick-header-meta":"default","header-above-stick-meta":"","header-main-stick-meta":"","header-below-stick-meta":"","astra-migrate-meta-layouts":"default","ast-page-background-enabled":"default","ast-page-background-meta":{"desktop":{"background-color":"","background-image":"","background-repeat":"repeat","background-position":"center center","background-size":"auto","background-attachment":"scroll","background-type":"","background-media":"","overlay-type":"","overlay-color":"","overlay-opacity":"","overlay-gradient":""},"tablet":{"background-color":"","background-image":"","background-repeat":"repeat","background-position":"center center","background-size":"auto","background-attachment":"scroll","background-type":"","background-media":"","overlay-type":"","overlay-color":"","overlay-opacity":"","overlay-gradient":""},"mobile":{"background-color":"","background-image":"","background-repeat":"repeat","background-position":"center center","background-size":"auto","background-attachment":"scroll","background-type":"","background-media":"","overlay-type":"","overlay-color":"","overlay-opacity":"","overlay-gradient":""}},"ast-content-background-meta":{"desktop":{"background-color":"var(--ast-global-color-5)","background-image":"","background-repeat":"repeat","background-position":"center center","background-size":"auto","background-attachment":"scroll","background-type":"","background-media":"","overlay-type":"","overlay-color":"","overlay-opacity":"","overlay-gradient":""},"tablet":{"background-color":"var(--ast-global-color-5)","background-image":"","background-repeat":"repeat","background-position":"center center","background-size":"auto","background-attachment":"scroll","background-type":"","background-media":"","overlay-type":"","overlay-color":"","overlay-opacity":"","overlay-gradient":""},"mobile":{"background-color":"var(--ast-global-color-5)","background-image":"","background-repeat":"repeat","background-position":"center center","background-size":"auto","background-attachment":"scroll","background-type":"","background-media":"","overlay-type":"","overlay-color":"","overlay-opacity":"","overlay-gradient":""}}},"product_brand":[],"product_cat":[34],"product_tag":[],"class_list":{"0":"post-4394","1":"product","2":"type-product","3":"status-publish","4":"has-post-thumbnail","6":"product_cat-industrial-baler","7":"desktop-align-center","8":"tablet-align-center","9":"mobile-align-center","11":"first","12":"instock","13":"shipping-taxable","14":"product-type-simple"},"_links":{"self":[{"href":"https:\/\/recyclingequipinc.com\/es\/wp-json\/wp\/v2\/product\/4394","targetHints":{"allow":["GET"]}}],"collection":[{"href":"https:\/\/recyclingequipinc.com\/es\/wp-json\/wp\/v2\/product"}],"about":[{"href":"https:\/\/recyclingequipinc.com\/es\/wp-json\/wp\/v2\/types\/product"}],"version-history":[{"count":0,"href":"https:\/\/recyclingequipinc.com\/es\/wp-json\/wp\/v2\/product\/4394\/revisions"}],"wp:featuredmedia":[{"embeddable":true,"href":"https:\/\/recyclingequipinc.com\/es\/wp-json\/wp\/v2\/media\/4637"}],"wp:attachment":[{"href":"https:\/\/recyclingequipinc.com\/es\/wp-json\/wp\/v2\/media?parent=4394"}],"wp:term":[{"taxonomy":"product_brand","embeddable":true,"href":"https:\/\/recyclingequipinc.com\/es\/wp-json\/wp\/v2\/product_brand?post=4394"},{"taxonomy":"product_cat","embeddable":true,"href":"https:\/\/recyclingequipinc.com\/es\/wp-json\/wp\/v2\/product_cat?post=4394"},{"taxonomy":"product_tag","embeddable":true,"href":"https:\/\/recyclingequipinc.com\/es\/wp-json\/wp\/v2\/product_tag?post=4394"}],"curies":[{"name":"wp","href":"https:\/\/api.w.org\/{rel}","templated":true}]}}