{"id":4390,"date":"2021-09-13T09:39:45","date_gmt":"2021-09-13T09:39:45","guid":{"rendered":"https:\/\/recyclingequipinc.com\/?post_type=product&#038;p=4390"},"modified":"2025-01-20T10:23:10","modified_gmt":"2025-01-20T02:23:10","slug":"plastic-crushing-and-washing-machine","status":"publish","type":"product","link":"https:\/\/recyclingequipinc.com\/es\/product\/plastic-crushing-and-washing-machine\/","title":{"rendered":"Lavadora de reciclaje de pl\u00e1stico"},"content":{"rendered":"<p>La lavadora de reciclaje de pl\u00e1stico es una pieza de equipo integral para triturar y limpiar material, principalmente adecuada para pel\u00edculas de pl\u00e1stico PP PE, pel\u00edculas de pl\u00e1stico agr\u00edcola, bolsas tejidas de PP, etc. En primer lugar, puede triturar y limpiar materias primas y luego usar el cilindro de limpieza. para limpieza secundaria. El equipo es de construcci\u00f3n cerrada para trituraci\u00f3n y limpieza. Tiene las caracter\u00edsticas de alta eficiencia, bajo nivel de ruido, bajo consumo de energ\u00eda y larga vida \u00fatil.<\/p> <h2>Caracter\u00edsticas<\/h2> <p>La carcasa de la trituradora de pl\u00e1stico blando est\u00e1 soldada mediante una gruesa placa de acero. Sus piezas de transmisi\u00f3n est\u00e1n finamente procesadas y sus cuchillas est\u00e1n hechas de acero 65Mn de alta calidad. Es necesario afilar la hoja cuando se ha tratado con 10 toneladas de materiales pl\u00e1sticos.<\/p> <figure id=\"attachment_4632\" aria-describedby=\"caption-attachment-4632\" style=\"width: 1020px\" class=\"wp-caption alignnone\"><img fetchpriority=\"high\" decoding=\"async\" class=\"size-full wp-image-4632\" src=\"https:\/\/recyclingequipinc.com\/wp-content\/uploads\/2021\/09\/plastic-crushing-and-cleaning-machine.jpg\" alt=\"maquina trituradora y limpiadora de plastico\" width=\"1020\" height=\"729\" srcset=\"https:\/\/recyclingequipinc.com\/wp-content\/uploads\/2021\/09\/plastic-crushing-and-cleaning-machine.jpg 1020w, https:\/\/recyclingequipinc.com\/wp-content\/uploads\/2021\/09\/plastic-crushing-and-cleaning-machine-750x536.jpg 750w, https:\/\/recyclingequipinc.com\/wp-content\/uploads\/2021\/09\/plastic-crushing-and-cleaning-machine-300x214.jpg 300w, https:\/\/recyclingequipinc.com\/wp-content\/uploads\/2021\/09\/plastic-crushing-and-cleaning-machine-768x549.jpg 768w, https:\/\/recyclingequipinc.com\/wp-content\/uploads\/2021\/09\/plastic-crushing-and-cleaning-machine-600x429.jpg 600w\" sizes=\"(max-width: 1020px) 100vw, 1020px\" \/><figcaption id=\"caption-attachment-4632\" class=\"wp-caption-text\">maquina trituradora y limpiadora de plastico<\/figcaption><\/figure> <h2>La perspectiva de la lavadora de reciclaje de pl\u00e1stico.<\/h2> <p class=\"translation-block\">Hoy en d\u00eda, el tratamiento del pl\u00e1stico sigue siendo un problema a resolver en todo el mundo. Porque usamos muchos pl\u00e1sticos todos los d\u00edas, como pel\u00edculas pl\u00e1sticas, bolsas de pl\u00e1stico, botellas de pl\u00e1stico, tuber\u00edas de pl\u00e1stico, etc. Las m\u00e1quinas de reciclaje de pl\u00e1stico no solo pueden reducir la contaminaci\u00f3n ambiental, sino que tambi\u00e9n pueden generar ganancias. Como un paso de la <a href=\"https:\/\/recyclingequipinc.com\/es\/producto\/plastic-film-recycling-machine\/\"><strong>l\u00ednea de producci\u00f3n de reciclaje de pel\u00edculas pl\u00e1sticas<\/strong><\/a>, la elecci\u00f3n de la m\u00e1quina lavadora de reciclaje de pl\u00e1stico es muy importante.<\/p> <h2>Ventajas de nuestra lavadora de reciclaje de pl\u00e1stico<\/h2> <p>La caracter\u00edstica m\u00e1s importante de esta m\u00e1quina es que no solo puede limpiar productos pl\u00e1sticos de desecho sino tambi\u00e9n triturarlos. Por lo tanto, tiene otro nombre: trituradora y lavadora de pl\u00e1stico. Esto significa que puede lograr un mayor valor con menos dinero.<\/p> <p>Adem\u00e1s, nuestra empresa se ha dedicado a la investigaci\u00f3n, dise\u00f1o, producci\u00f3n y venta de equipos de protecci\u00f3n ambiental durante muchos a\u00f1os. Para cada una de nuestras m\u00e1quinas, insistimos en la honestidad, buscando alta calidad, buena apariencia, precio adecuado, etc. Este tipo de nueva m\u00e1quina trituradora y lavadora de pl\u00e1stico ha absorbido muchas ventajas de una serie de productos. Hab\u00eda logrado un alto rendimiento, bajo consumo de energ\u00eda, alta eficiencia, bajo nivel de ruido, operaci\u00f3n simple, etc.<\/p>","protected":false},"excerpt":{"rendered":"<p>Plastic recycling washing machine is a piece of integral equipment for crushing and cleaning material, mainly suitable for PP PE [&hellip;]<\/p>\n","protected":false},"featured_media":4470,"template":"","meta":{"site-sidebar-layout":"default","site-content-layout":"default","ast-site-content-layout":"default","site-content-style":"default","site-sidebar-style":"default","ast-global-header-display":"","ast-banner-title-visibility":"","ast-main-header-display":"","ast-hfb-above-header-display":"","ast-hfb-below-header-display":"","ast-hfb-mobile-header-display":"","site-post-title":"","ast-breadcrumbs-content":"","ast-featured-img":"","footer-sml-layout":"","ast-disable-related-posts":"","theme-transparent-header-meta":"default","adv-header-id-meta":"","stick-header-meta":"default","header-above-stick-meta":"","header-main-stick-meta":"","header-below-stick-meta":"","astra-migrate-meta-layouts":"default","ast-page-background-enabled":"default","ast-page-background-meta":{"desktop":{"background-color":"","background-image":"","background-repeat":"repeat","background-position":"center center","background-size":"auto","background-attachment":"scroll","background-type":"","background-media":"","overlay-type":"","overlay-color":"","overlay-opacity":"","overlay-gradient":""},"tablet":{"background-color":"","background-image":"","background-repeat":"repeat","background-position":"center center","background-size":"auto","background-attachment":"scroll","background-type":"","background-media":"","overlay-type":"","overlay-color":"","overlay-opacity":"","overlay-gradient":""},"mobile":{"background-color":"","background-image":"","background-repeat":"repeat","background-position":"center center","background-size":"auto","background-attachment":"scroll","background-type":"","background-media":"","overlay-type":"","overlay-color":"","overlay-opacity":"","overlay-gradient":""}},"ast-content-background-meta":{"desktop":{"background-color":"var(--ast-global-color-5)","background-image":"","background-repeat":"repeat","background-position":"center center","background-size":"auto","background-attachment":"scroll","background-type":"","background-media":"","overlay-type":"","overlay-color":"","overlay-opacity":"","overlay-gradient":""},"tablet":{"background-color":"var(--ast-global-color-5)","background-image":"","background-repeat":"repeat","background-position":"center center","background-size":"auto","background-attachment":"scroll","background-type":"","background-media":"","overlay-type":"","overlay-color":"","overlay-opacity":"","overlay-gradient":""},"mobile":{"background-color":"var(--ast-global-color-5)","background-image":"","background-repeat":"repeat","background-position":"center center","background-size":"auto","background-attachment":"scroll","background-type":"","background-media":"","overlay-type":"","overlay-color":"","overlay-opacity":"","overlay-gradient":""}}},"product_brand":[],"product_cat":[36],"product_tag":[95],"class_list":{"0":"post-4390","1":"product","2":"type-product","3":"status-publish","4":"has-post-thumbnail","6":"product_cat-plastic-recycling-machine","7":"product_tag-washing","8":"desktop-align-center","9":"tablet-align-center","10":"mobile-align-center","12":"first","13":"instock","14":"shipping-taxable","15":"product-type-simple"},"_links":{"self":[{"href":"https:\/\/recyclingequipinc.com\/es\/wp-json\/wp\/v2\/product\/4390","targetHints":{"allow":["GET"]}}],"collection":[{"href":"https:\/\/recyclingequipinc.com\/es\/wp-json\/wp\/v2\/product"}],"about":[{"href":"https:\/\/recyclingequipinc.com\/es\/wp-json\/wp\/v2\/types\/product"}],"version-history":[{"count":0,"href":"https:\/\/recyclingequipinc.com\/es\/wp-json\/wp\/v2\/product\/4390\/revisions"}],"wp:featuredmedia":[{"embeddable":true,"href":"https:\/\/recyclingequipinc.com\/es\/wp-json\/wp\/v2\/media\/4470"}],"wp:attachment":[{"href":"https:\/\/recyclingequipinc.com\/es\/wp-json\/wp\/v2\/media?parent=4390"}],"wp:term":[{"taxonomy":"product_brand","embeddable":true,"href":"https:\/\/recyclingequipinc.com\/es\/wp-json\/wp\/v2\/product_brand?post=4390"},{"taxonomy":"product_cat","embeddable":true,"href":"https:\/\/recyclingequipinc.com\/es\/wp-json\/wp\/v2\/product_cat?post=4390"},{"taxonomy":"product_tag","embeddable":true,"href":"https:\/\/recyclingequipinc.com\/es\/wp-json\/wp\/v2\/product_tag?post=4390"}],"curies":[{"name":"wp","href":"https:\/\/api.w.org\/{rel}","templated":true}]}}