{"id":4386,"date":"2021-09-13T09:35:32","date_gmt":"2021-09-13T09:35:32","guid":{"rendered":"https:\/\/recyclingequipinc.com\/?post_type=product&#038;p=4386"},"modified":"2025-01-20T10:24:30","modified_gmt":"2025-01-20T02:24:30","slug":"pet-bottle-washing-line","status":"publish","type":"product","link":"https:\/\/recyclingequipinc.com\/es\/product\/pet-bottle-washing-line\/","title":{"rendered":"L\u00ednea de lavado de botellas de PET"},"content":{"rendered":"<p>La l\u00ednea de lavado de botellas de PET es principalmente una l\u00ednea de producci\u00f3n para limpiar y triturar botellas de pl\u00e1stico PET. La l\u00ednea de lavado de botellas de PET incluye principalmente un tanque de lavado, un tanque de lavado con agua caliente y al menos una m\u00e1quina de limpieza por fricci\u00f3n. Cada m\u00e1quina est\u00e1 conectada por un transportador de tornillo. Si el presupuesto es alto o busca productos terminados m\u00e1s claros, puede aumentar el n\u00famero de tanques de lavado, tanques de lavado con agua caliente y m\u00e1quinas de limpieza por fricci\u00f3n a dos o tres. Adem\u00e1s, podemos personalizar la l\u00ednea de equipos de lavado seg\u00fan sus necesidades.<\/p> <h2>El equipo principal de la l\u00ednea de lavado de botellas para mascotas<\/h2> <h3>Separador de etiquetas<\/h3> <p>El separador de etiquetas de botellas de pl\u00e1stico es la m\u00e1quina para quitar etiquetas de botellas de pl\u00e1stico. Bajo la acci\u00f3n de la rotaci\u00f3n de la m\u00e1quina, la placa de clavos dentro del removedor de etiquetas de pl\u00e1stico puede quitar la etiqueta del cuerpo de la botella. Despu\u00e9s de retirar la etiqueta, el ventilador situado encima del separador de botellas de pl\u00e1stico puede sacar la etiqueta del fuselaje. Porque la tasa de separaci\u00f3n de este removedor de etiquetas de pl\u00e1stico est\u00e1 entre 98% \u2013 99%. En comparaci\u00f3n con sus pares, la m\u00e1quina de Shuliy tiene grandes ventajas en cuanto a la tasa de separaci\u00f3n.<\/p> <figure id=\"attachment_5475\" aria-describedby=\"caption-attachment-5475\" style=\"width: 750px\" class=\"wp-caption aligncenter\"><img fetchpriority=\"high\" decoding=\"async\" class=\"size-full wp-image-5475\" src=\"https:\/\/recyclingequipinc.com\/wp-content\/uploads\/2021\/09\/Plastic-Label-Remove-Machine.jpg\" alt=\"M\u00e1quina para quitar etiquetas de pl\u00e1stico\" width=\"750\" height=\"750\" srcset=\"https:\/\/recyclingequipinc.com\/wp-content\/uploads\/2021\/09\/Plastic-Label-Remove-Machine.jpg 750w, https:\/\/recyclingequipinc.com\/wp-content\/uploads\/2021\/09\/Plastic-Label-Remove-Machine-100x100.jpg 100w, https:\/\/recyclingequipinc.com\/wp-content\/uploads\/2021\/09\/Plastic-Label-Remove-Machine-300x300.jpg 300w, https:\/\/recyclingequipinc.com\/wp-content\/uploads\/2021\/09\/Plastic-Label-Remove-Machine-150x150.jpg 150w, https:\/\/recyclingequipinc.com\/wp-content\/uploads\/2021\/09\/Plastic-Label-Remove-Machine-600x600.jpg 600w\" sizes=\"(max-width: 750px) 100vw, 750px\" \/><figcaption id=\"caption-attachment-5475\" class=\"wp-caption-text\">M\u00e1quina para quitar etiquetas de pl\u00e1stico<\/figcaption><\/figure> <h3>M\u00e1quina de mesa clasificadora de transporte por correa<\/h3> <p>La m\u00e1quina de mesa clasificadora con transporte por correa es una mesa transportadora plana. Puede separar las botellas de pl\u00e1stico que no han sido etiquetadas o botellas de pl\u00e1stico de diferentes colores. El objetivo es mejorar la pureza de las escamas de pl\u00e1stico. Como se ha mencionado anteriormente, un peque\u00f1o n\u00famero de botellas no han sido desetiquetadas tras pasar por el separador de etiquetas de pl\u00e1stico. En la mesa de clasificaci\u00f3n de la cinta transportadora, puede seleccionarlos.<\/p> <figure id=\"attachment_5476\" aria-describedby=\"caption-attachment-5476\" style=\"width: 720px\" class=\"wp-caption aligncenter\"><img decoding=\"async\" class=\"size-full wp-image-5476\" src=\"https:\/\/recyclingequipinc.com\/wp-content\/uploads\/2021\/09\/Belt-Conveying-Sorting-Table-Machine.jpg\" alt=\"M\u00e1quina de mesa clasificadora de transporte por correa\" width=\"720\" height=\"540\" srcset=\"https:\/\/recyclingequipinc.com\/wp-content\/uploads\/2021\/09\/Belt-Conveying-Sorting-Table-Machine.jpg 720w, https:\/\/recyclingequipinc.com\/wp-content\/uploads\/2021\/09\/Belt-Conveying-Sorting-Table-Machine-300x225.jpg 300w, https:\/\/recyclingequipinc.com\/wp-content\/uploads\/2021\/09\/Belt-Conveying-Sorting-Table-Machine-600x450.jpg 600w\" sizes=\"(max-width: 720px) 100vw, 720px\" \/><figcaption id=\"caption-attachment-5476\" class=\"wp-caption-text\">M\u00e1quina de mesa clasificadora de transporte por correa<\/figcaption><\/figure> <h3>M\u00e1quina trituradora de pl\u00e1stico<\/h3> <p>La trituradora de pl\u00e1stico Pet es una de las m\u00e1quinas m\u00e1s importantes de la l\u00ednea de lavado de botellas de PET. La funci\u00f3n de la trituradora de pl\u00e1stico es triturar la botella de pl\u00e1stico hasta obtener un tama\u00f1o de l\u00e1mina de pl\u00e1stico determinado. Nuestra herramienta de corte es de acero de alta calidad, que puede aplastar f\u00e1cilmente botellas de pl\u00e1stico bajo la acci\u00f3n de la rotaci\u00f3n. Y la pantalla dentro de la m\u00e1quina tiene un grosor de 12 mm y el orificio de la pantalla es de 16 mm. Si tiene la pantalla y el tama\u00f1o de malla deseados, puede contactarnos y podemos brindarle un servicio personalizado. Adem\u00e1s, el tama\u00f1o de las escamas de pl\u00e1stico terminadas se puede personalizar seg\u00fan sus necesidades.<\/p> <figure id=\"attachment_5477\" aria-describedby=\"caption-attachment-5477\" style=\"width: 750px\" class=\"wp-caption aligncenter\"><img decoding=\"async\" class=\"size-full wp-image-5477\" src=\"https:\/\/recyclingequipinc.com\/wp-content\/uploads\/2021\/09\/Plastic-Crusher-Machine.jpg\" alt=\"M\u00e1quina trituradora de pl\u00e1stico\" width=\"750\" height=\"750\" srcset=\"https:\/\/recyclingequipinc.com\/wp-content\/uploads\/2021\/09\/Plastic-Crusher-Machine.jpg 750w, https:\/\/recyclingequipinc.com\/wp-content\/uploads\/2021\/09\/Plastic-Crusher-Machine-100x100.jpg 100w, https:\/\/recyclingequipinc.com\/wp-content\/uploads\/2021\/09\/Plastic-Crusher-Machine-300x300.jpg 300w, https:\/\/recyclingequipinc.com\/wp-content\/uploads\/2021\/09\/Plastic-Crusher-Machine-150x150.jpg 150w, https:\/\/recyclingequipinc.com\/wp-content\/uploads\/2021\/09\/Plastic-Crusher-Machine-600x600.jpg 600w\" sizes=\"(max-width: 750px) 100vw, 750px\" \/><figcaption id=\"caption-attachment-5477\" class=\"wp-caption-text\">M\u00e1quina trituradora de pl\u00e1stico<\/figcaption><\/figure> <h3>Tanque de lavado<\/h3> <p>El equipo se utiliza para lavar las escamas de pl\u00e1stico la primera vez despu\u00e9s del proceso de trituraci\u00f3n. Adem\u00e1s, tambi\u00e9n puede separar escamas de tapas de pl\u00e1stico fabricadas con PP o PE para mejorar la pureza de las escamas de PET. Y es adecuado para una mayor separaci\u00f3n y enjuague despu\u00e9s del lavado con agua caliente y una m\u00e1quina de fricci\u00f3n para limpiar las escamas de las botellas. El tanque de lavado funciona de manera estable con suficiente potencia, material duradero y no es f\u00e1cil de quemar. Es una parte importante de la l\u00ednea de lavado de botellas de PET.<\/p> <figure id=\"attachment_4624\" aria-describedby=\"caption-attachment-4624\" style=\"width: 674px\" class=\"wp-caption aligncenter\"><img loading=\"lazy\" decoding=\"async\" class=\"size-full wp-image-4624\" src=\"https:\/\/recyclingequipinc.com\/wp-content\/uploads\/2021\/09\/washing-tank-equipment.jpg\" alt=\"equipo de tanque de lavado\" width=\"674\" height=\"545\" srcset=\"https:\/\/recyclingequipinc.com\/wp-content\/uploads\/2021\/09\/washing-tank-equipment.jpg 674w, https:\/\/recyclingequipinc.com\/wp-content\/uploads\/2021\/09\/washing-tank-equipment-300x243.jpg 300w, https:\/\/recyclingequipinc.com\/wp-content\/uploads\/2021\/09\/washing-tank-equipment-600x485.jpg 600w\" sizes=\"(max-width: 674px) 100vw, 674px\" \/><figcaption id=\"caption-attachment-4624\" class=\"wp-caption-text\">equipo de tanque de lavado<\/figcaption><\/figure> <h3>M\u00e1quina de limpieza por fricci\u00f3n de botellas para mascotas<\/h3> <p>La lavadora por fricci\u00f3n se aplica a la limpieza de residuos de pl\u00e1stico como equipo de soporte de la l\u00ednea de lavado de botellas de PET. Consta del motor principal, motor, bastidor de pie, entrada de agua, entrada de alimentaci\u00f3n, orificio de descarga, etc. Hay una entrada de agua externa en la parte superior y un filtro de malla fina en la parte inferior del cuerpo. Los materiales ingresan desde la entrada de alimentaci\u00f3n, se frotan completamente con agua corriente mediante el tornillo giratorio de alta velocidad, eliminando las impurezas (tierra, arena, hojas, papel, pulpa) y luego enjuagando la suciedad de la superficie.<\/p> <figure id=\"attachment_4626\" aria-describedby=\"caption-attachment-4626\" style=\"width: 720px\" class=\"wp-caption aligncenter\"><img loading=\"lazy\" decoding=\"async\" class=\"size-full wp-image-4626\" src=\"https:\/\/recyclingequipinc.com\/wp-content\/uploads\/2021\/09\/frictional-cleaning-equipment.jpg\" alt=\"equipo de limpieza por fricci\u00f3n\" width=\"720\" height=\"540\" srcset=\"https:\/\/recyclingequipinc.com\/wp-content\/uploads\/2021\/09\/frictional-cleaning-equipment.jpg 720w, https:\/\/recyclingequipinc.com\/wp-content\/uploads\/2021\/09\/frictional-cleaning-equipment-300x225.jpg 300w, https:\/\/recyclingequipinc.com\/wp-content\/uploads\/2021\/09\/frictional-cleaning-equipment-600x450.jpg 600w\" sizes=\"(max-width: 720px) 100vw, 720px\" \/><figcaption id=\"caption-attachment-4626\" class=\"wp-caption-text\">equipo de limpieza por fricci\u00f3n<\/figcaption><\/figure> <h3>M\u00e1quina de limpieza de alta temperatura<\/h3> <p class=\"translation-block\">La m\u00e1quina de lavado con agua caliente se aplica ampliamente para limpiar pl\u00e1sticos a fondo en agua caliente con detergente. Adopta una estructura abierta en la parte superior con control autom\u00e1tico de temperatura, conservaci\u00f3n de calor y agitaci\u00f3n. Y luego el equipo es adecuado para la <a href=\"https:\/\/recyclingequipinc.com\/es\/producto\/pet-bottle-recycling-machine\/\"><strong>l\u00ednea de reciclaje de botellas de PET<\/strong><\/a>, calentando r\u00e1pidamente y limpiando c\u00f3modamente.<\/p> <figure id=\"attachment_4625\" aria-describedby=\"caption-attachment-4625\" style=\"width: 475px\" class=\"wp-caption aligncenter\"><img loading=\"lazy\" decoding=\"async\" class=\"size-full wp-image-4625\" src=\"https:\/\/recyclingequipinc.com\/wp-content\/uploads\/2021\/09\/high-water-washing-machine.jpg\" alt=\"lavadora con alto contenido de agua\" width=\"475\" height=\"522\" srcset=\"https:\/\/recyclingequipinc.com\/wp-content\/uploads\/2021\/09\/high-water-washing-machine.jpg 475w, https:\/\/recyclingequipinc.com\/wp-content\/uploads\/2021\/09\/high-water-washing-machine-273x300.jpg 273w\" sizes=\"(max-width: 475px) 100vw, 475px\" \/><figcaption id=\"caption-attachment-4625\" class=\"wp-caption-text\">lavadora con alto contenido de agua<\/figcaption><\/figure> <h4>Caracter\u00edsticas de la lavadora de agua caliente<\/h4> <ol> <li>Mide y controla la temperatura del material conectando el termopar con el controlador de temperatura.<\/li> <li>Hay un manguito m\u00f3vil que conecta el eje de salida del reductor y el eje de la paleta, f\u00e1cil de desmontar y limpiar.<\/li> <li>La superficie de nuestra carcasa adopta un acabado mate pulido espejo.<\/li> <li>La superficie interna tiene un acabado de espejo. El tanque interior no tiene \u00e1ngulos muertos y el material de limpieza est\u00e1 libre de retenci\u00f3n.<\/li> <\/ol> <h4>Par\u00e1metros de la lavadora de alta temperatura<\/h4> <ol> <li>Volumen: 5L, 10L<\/li> <li>M\u00e9todo de calefacci\u00f3n: utilice carb\u00f3n o gas natural para calentar<\/li> <li>Temperatura de calentamiento del material: no m\u00e1s de 90 \u2103<\/li> <li>Velocidad de agitaci\u00f3n: 15 ~ 120 r\/min (velocidad constante)<\/li> <\/ol> <h3>M\u00e1quina de deshidrataci\u00f3n de pl\u00e1stico<\/h3> <p>El deshidratador de escamas de pl\u00e1stico es la \u00faltima m\u00e1quina principal de toda la l\u00ednea de reciclaje de botellas de pl\u00e1stico PET. Principalmente deshidrata y seca materiales. Con la ayuda de la m\u00e1quina deshidratadora de pl\u00e1stico, las escamas de pl\u00e1stico limpias pueden ingresar directamente al dep\u00f3sito de compensaci\u00f3n.<\/p> <figure id=\"attachment_5478\" aria-describedby=\"caption-attachment-5478\" style=\"width: 750px\" class=\"wp-caption aligncenter\"><img loading=\"lazy\" decoding=\"async\" class=\"size-full wp-image-5478\" src=\"https:\/\/recyclingequipinc.com\/wp-content\/uploads\/2021\/09\/Plastic-Dewatering-Machine.jpg\" alt=\"M\u00e1quina de deshidrataci\u00f3n de pl\u00e1stico\" width=\"750\" height=\"750\" srcset=\"https:\/\/recyclingequipinc.com\/wp-content\/uploads\/2021\/09\/Plastic-Dewatering-Machine.jpg 750w, https:\/\/recyclingequipinc.com\/wp-content\/uploads\/2021\/09\/Plastic-Dewatering-Machine-100x100.jpg 100w, https:\/\/recyclingequipinc.com\/wp-content\/uploads\/2021\/09\/Plastic-Dewatering-Machine-300x300.jpg 300w, https:\/\/recyclingequipinc.com\/wp-content\/uploads\/2021\/09\/Plastic-Dewatering-Machine-150x150.jpg 150w, https:\/\/recyclingequipinc.com\/wp-content\/uploads\/2021\/09\/Plastic-Dewatering-Machine-600x600.jpg 600w\" sizes=\"(max-width: 750px) 100vw, 750px\" \/><figcaption id=\"caption-attachment-5478\" class=\"wp-caption-text\">M\u00e1quina de deshidrataci\u00f3n de pl\u00e1stico<\/figcaption><\/figure> <h2>La funci\u00f3n de las escamas de pl\u00e1stico fabricadas en la l\u00ednea de lavado de botellas de pl\u00e1stico<\/h2> <ul> <li>Remanufactura de botellas de pl\u00e1stico PET. Las escamas de pl\u00e1stico reciclado no deber\u00e1n estar en contacto directo con los alimentos. Sin embargo, puede colocarlo en la capa intermedia de botellas de pl\u00e1stico PET de tres capas y luego convertirlo en botellas de bebidas carbonatadas.<\/li> <li>Las hojuelas de pl\u00e1stico PET se pueden convertir en fibra y usarse como sacos de dormir, colchones, almohadas, <a href=\"https:\/\/en.wikipedia.org\/wiki\/Felt\" target=\"_blank\" rel=\"noopener\">sinti\u00f3<\/a>, etc.<\/li> <li>Adem\u00e1s de hacer botellas de pl\u00e1stico pet, puedes usarlo para hacer cubiertas para ruedas de autos, etc.<\/li> <\/ul>","protected":false},"excerpt":{"rendered":"<p class=\"translation-block\"><strong><b>L\u00ednea de lavado de botellas de PET<\/b><\/strong> incluye un tanque de lavado, un tanque de lavado con agua caliente y una m\u00e1quina de limpieza por fricci\u00f3n al menos<strong><b>.<\/b><\/strong> Si el presupuesto es alto o se busca productos terminados m\u00e1s claros, se puede aumentar el n\u00famero de tanques de lavado, tanques de lavado con agua caliente y m\u00e1quinas de limpieza por fricci\u00f3n a dos o tres. La l\u00ednea de equipos de lavado se puede personalizar seg\u00fan sus necesidades.<\/p>","protected":false},"featured_media":4497,"template":"","meta":{"site-sidebar-layout":"default","site-content-layout":"default","ast-site-content-layout":"default","site-content-style":"default","site-sidebar-style":"default","ast-global-header-display":"","ast-banner-title-visibility":"","ast-main-header-display":"","ast-hfb-above-header-display":"","ast-hfb-below-header-display":"","ast-hfb-mobile-header-display":"","site-post-title":"","ast-breadcrumbs-content":"","ast-featured-img":"","footer-sml-layout":"","ast-disable-related-posts":"","theme-transparent-header-meta":"default","adv-header-id-meta":"","stick-header-meta":"default","header-above-stick-meta":"","header-main-stick-meta":"","header-below-stick-meta":"","astra-migrate-meta-layouts":"default","ast-page-background-enabled":"default","ast-page-background-meta":{"desktop":{"background-color":"","background-image":"","background-repeat":"repeat","background-position":"center center","background-size":"auto","background-attachment":"scroll","background-type":"","background-media":"","overlay-type":"","overlay-color":"","overlay-opacity":"","overlay-gradient":""},"tablet":{"background-color":"","background-image":"","background-repeat":"repeat","background-position":"center center","background-size":"auto","background-attachment":"scroll","background-type":"","background-media":"","overlay-type":"","overlay-color":"","overlay-opacity":"","overlay-gradient":""},"mobile":{"background-color":"","background-image":"","background-repeat":"repeat","background-position":"center center","background-size":"auto","background-attachment":"scroll","background-type":"","background-media":"","overlay-type":"","overlay-color":"","overlay-opacity":"","overlay-gradient":""}},"ast-content-background-meta":{"desktop":{"background-color":"var(--ast-global-color-5)","background-image":"","background-repeat":"repeat","background-position":"center center","background-size":"auto","background-attachment":"scroll","background-type":"","background-media":"","overlay-type":"","overlay-color":"","overlay-opacity":"","overlay-gradient":""},"tablet":{"background-color":"var(--ast-global-color-5)","background-image":"","background-repeat":"repeat","background-position":"center center","background-size":"auto","background-attachment":"scroll","background-type":"","background-media":"","overlay-type":"","overlay-color":"","overlay-opacity":"","overlay-gradient":""},"mobile":{"background-color":"var(--ast-global-color-5)","background-image":"","background-repeat":"repeat","background-position":"center center","background-size":"auto","background-attachment":"scroll","background-type":"","background-media":"","overlay-type":"","overlay-color":"","overlay-opacity":"","overlay-gradient":""}}},"product_brand":[],"product_cat":[36],"product_tag":[88,95],"class_list":{"0":"post-4386","1":"product","2":"type-product","3":"status-publish","4":"has-post-thumbnail","6":"product_cat-plastic-recycling-machine","7":"product_tag-pet-recycling","8":"product_tag-washing","9":"desktop-align-center","10":"tablet-align-center","11":"mobile-align-center","13":"first","14":"instock","15":"shipping-taxable","16":"product-type-simple"},"_links":{"self":[{"href":"https:\/\/recyclingequipinc.com\/es\/wp-json\/wp\/v2\/product\/4386","targetHints":{"allow":["GET"]}}],"collection":[{"href":"https:\/\/recyclingequipinc.com\/es\/wp-json\/wp\/v2\/product"}],"about":[{"href":"https:\/\/recyclingequipinc.com\/es\/wp-json\/wp\/v2\/types\/product"}],"version-history":[{"count":0,"href":"https:\/\/recyclingequipinc.com\/es\/wp-json\/wp\/v2\/product\/4386\/revisions"}],"wp:featuredmedia":[{"embeddable":true,"href":"https:\/\/recyclingequipinc.com\/es\/wp-json\/wp\/v2\/media\/4497"}],"wp:attachment":[{"href":"https:\/\/recyclingequipinc.com\/es\/wp-json\/wp\/v2\/media?parent=4386"}],"wp:term":[{"taxonomy":"product_brand","embeddable":true,"href":"https:\/\/recyclingequipinc.com\/es\/wp-json\/wp\/v2\/product_brand?post=4386"},{"taxonomy":"product_cat","embeddable":true,"href":"https:\/\/recyclingequipinc.com\/es\/wp-json\/wp\/v2\/product_cat?post=4386"},{"taxonomy":"product_tag","embeddable":true,"href":"https:\/\/recyclingequipinc.com\/es\/wp-json\/wp\/v2\/product_tag?post=4386"}],"curies":[{"name":"wp","href":"https:\/\/api.w.org\/{rel}","templated":true}]}}