{"id":4383,"date":"2021-09-13T09:30:46","date_gmt":"2021-09-13T09:30:46","guid":{"rendered":"https:\/\/recyclingequipinc.com\/?post_type=product&#038;p=4383"},"modified":"2025-11-13T11:21:14","modified_gmt":"2025-11-13T03:21:14","slug":"horizontal-baler","status":"publish","type":"product","link":"https:\/\/recyclingequipinc.com\/es\/product\/horizontal-baler\/","title":{"rendered":"Empacadora horizontal"},"content":{"rendered":"<p class=\"translation-block\"><strong>La prensa horizontal<\/strong> es un tipo de m\u00e1quina de reciclaje industrial, ampliamente aplicada para empaquetar papel desechado, botellas de pl\u00e1stico, latas de bebidas, paja, neum\u00e1ticos desechados, cajas de papel desechadas, latas de aluminio, cart\u00f3n, ropa y zapatos desechados, lana, algod\u00f3n, etc. Esta m\u00e1quina de balas de chatarra es su soluci\u00f3n para transformar chatarra voluminosa y de bajo valor en paquetes densos, uniformes y altamente rentables, listos para el molino.<\/p> <p class=\"translation-block\">Comparado con la <a href=\"https:\/\/recyclingequipinc.com\/es\/producto\/vertical-baler\/\">prensa vertical<\/a>, la m\u00e1quina de prensa de balas horizontal tiene una mayor capacidad, una fuerza de compresi\u00f3n m\u00e1s fuerte y una mayor producci\u00f3n. No importa qu\u00e9 tipo de prensas, la maquinaria Shuliy apoya servicios de personalizaci\u00f3n de acuerdo a sus requisitos.<\/p> <h2>Nuestra Serie de Prensas Horizontales de Extremo Cerrado de Alta Densidad<\/h2> <p>Nos especializamos en prensas de balas de canal de extremo cerrado y robustas, la opci\u00f3n preferida para operaciones que requieren una densidad de paquete superior y flexibilidad de m\u00faltiples materiales. Estas prensas hidr\u00e1ulicas proporcionan la inmensa potencia de una prensa industrial a gran escala en un paquete manual semiautom\u00e1tico confiable.<\/p> <p>Seleccione el modelo adaptado a sus necesidades de rendimiento:<\/p> <table style=\"border-collapse: collapse; width: 100%;\"> <tbody> <tr> <td style=\"width: 20%;\">Modelo<\/td> <td style=\"width: 20%;\">Fuerza del \u00c9mbolo (Presi\u00f3n)<\/td> <td style=\"width: 20%;\">Capacidad (Rendimiento)<\/td> <td style=\"width: 20%;\">Peso del paquete (Est. OCC)<\/td> <td style=\"width: 20%;\">Aplicaci\u00f3n Clave<\/td> <\/tr> <tr> <td style=\"width: 20%;\">SL-120<\/td> <td style=\"width: 20%;\">120 Toneladas<\/td> <td style=\"width: 20%;\">25-30 t\/d\u00eda<\/td> <td style=\"width: 20%;\">0.7-0.8 t\/paquete<\/td> <td style=\"width: 20%;\">Flujos de papel desechado de capacidad media y variados<\/td> <\/tr> <tr> <td style=\"width: 20%;\">SL-160<\/td> <td style=\"width: 20%;\">160 Toneladas<\/td> <td style=\"width: 20%;\">5-8 t\/h<\/td> <td style=\"width: 20%;\">1.0-1.3 t\/paquete<\/td> <td style=\"width: 20%;\">Compresi\u00f3n de alto volumen para log\u00edstica y distribuci\u00f3n<\/td> <\/tr> <tr> <td style=\"width: 20%;\">SL-180<\/td> <td style=\"width: 20%;\">180 Toneladas<\/td> <td style=\"width: 20%;\">4-8 t\/h<\/td> <td style=\"width: 20%;\">0.5-1.0 t\/paquete<\/td> <td style=\"width: 20%;\">Densidad m\u00e1xima para materiales dif\u00edciles como botellas de PET y neum\u00e1ticos<\/td> <\/tr> <\/tbody> <\/table> <h2>\u00bfPor qu\u00e9 nuestras m\u00e1quinas de prensa de balas son la inversi\u00f3n m\u00e1s inteligente?<\/h2> <p>Al comparar equipos de balas, el costo total de propiedad importa. Nuestro dise\u00f1o se centra en dos factores cr\u00edticos: m\u00e1xima eficiencia operativa y m\u00ednimo gasto a largo plazo.<\/p> <h3>1. Eficiencia Energ\u00e9tica Inigualable: Ahorre un 33%<\/h3> <p>Nuestro circuito hidr\u00e1ulico avanzado no solo es potente, sino que es notablemente eficiente. Utilizando un sistema de bomba de alta-baja presi\u00f3n dual con componentes importados, este dise\u00f1o asegura que obtenga una fuerza total de 180T mientras reduce el consumo de energ\u00eda en hasta un 33% en comparaci\u00f3n con prensas de generaciones anteriores. Eso es un ahorro masivo, que aumenta directamente su resultado final.<\/p> <h3>2. Calidad de Paquete Superior para Mayores Beneficios<\/h3> <p>Nuestro dise\u00f1o de prensa horizontal de extremo cerrado comprime el material contra una puerta s\u00f3lida, asegurando que cada paquete sea s\u00f3lido como una roca y dimensionalmente uniforme. Lograr densidades de \u2265 450 kg\/m\u00b3 significa que su producto terminado est\u00e1 maximizado para el valor de molino y el costo de flete m\u00ednimo.<\/p> <h3>3. Construido para el Trabajo: Fiabilidad Industrial<\/h3> <p>La durabilidad no es una opci\u00f3n; es una caracter\u00edstica est\u00e1ndar. Cada prensa de reciclaje est\u00e1 construida con acero estructural de alta resistencia. Las \u00e1reas de alto desgaste, particularmente dentro de la c\u00e1mara de compresi\u00f3n, est\u00e1n equipadas con revestimientos reemplazables y resistentes a la abrasi\u00f3n para garantizar longevidad y un tiempo de inactividad m\u00ednimo en el mantenimiento. La robustez de la calidad de construcci\u00f3n garantiza a\u00f1os de servicio confiable en cualquier entorno industrial exigente.<\/p> <h2>Principio de Funcionamiento de las Prensas de Residuos Shuliy<\/h2> <p class=\"translation-block\">La prensa hidr\u00e1ulica consta de un transportador de alimentaci\u00f3n, una tolva de alimentaci\u00f3n, un panel de control <a href=\"https:\/\/en.wikipedia.org\/wiki\/Programmable_logic_controller\" target=\"_blank\" rel=\"noopener\">PLC<\/a>, una polea de descarga, un cilindro hidr\u00e1ulico, etc. La operaci\u00f3n de nuestra prensa horizontal est\u00e1 optimizada para la m\u00e1xima eficiencia:<\/p> <ol> <li><strong>Alimentaci\u00f3n:<\/strong> El material se alimenta de forma continua, a menudo a trav\u00e9s de una cinta transportadora de uso est\u00e1ndar, hacia la tolva de gran tama\u00f1o.<\/li> <li><strong>Ciclo de compresi\u00f3n:<\/strong> El sistema PLC inicia el ciclo autom\u00e1tico. El pist\u00f3n hidr\u00e1ulico principal impulsa la cabeza de la prensa horizontalmente. Empuja el material hacia la c\u00e1mara de embalar con una fuerza extrema, compact\u00e1ndolo contra la puerta de retenci\u00f3n cerrada.<\/li> <li><strong>Finalizaci\u00f3n del fardo:<\/strong> Este ciclo de compresi\u00f3n horizontal y continuo contin\u00faa hasta que el fardo denso alcanza la longitud preestablecida.<\/li> <li><strong>Atado y expulsi\u00f3n:<\/strong> El operador asegura manualmente el fardo terminado utilizando el sistema de cinco alambres. Una vez atado, se abre la puerta de la c\u00e1mara y el pist\u00f3n se extiende autom\u00e1ticamente para expulsar el fardo de alta densidad perfectamente formado.<\/li> <\/ol> <h2>Versatilidad de Material Integral<\/h2> <p>Desde pel\u00edcula pl\u00e1stica ligera hasta chatarra de aluminio pesada, nuestras prensas horizontales manejan todo. La potencia y la estructura est\u00e1n dise\u00f1adas para procesar los materiales m\u00e1s desafiantes, asegurando que solo necesite una m\u00e1quina para diversas necesidades de gesti\u00f3n de residuos.<\/p> <table style=\"border-collapse: collapse; width: 100%;\"> <tbody> <tr> <td style=\"width: 25%;\">Materiales Procesados<\/td> <td style=\"width: 25%;\">Fuentes y Aplicaciones Comunes<\/td> <\/tr> <tr> <td style=\"width: 25%;\">Papel y Cart\u00f3n<\/td> <td style=\"width: 25%;\">OCC (Cart\u00f3n Corrugado Viejo), Papel de Oficina, Papel Desechado<\/td> <\/tr> <tr> <td style=\"width: 25%;\">Pl\u00e1sticos<\/td> <td style=\"width: 25%;\">Botellas de PET, HDPE, Pel\u00edcula Pl\u00e1stica, Contenedores R\u00edgidos<\/td> <\/tr> <tr> <td style=\"width: 25%;\">Fibras<\/td> <td style=\"width: 25%;\">Neum\u00e1ticos Desechados, Paja, Heno, Ropa Usada y Textiles<\/td> <\/tr> <tr> <td style=\"width: 25%;\">Metales Ligeros<\/td> <td style=\"width: 25%;\">Latas de Aluminio, Latas de Esta\u00f1o, Chatarra Ligera<\/td> <\/tr> <\/tbody> <\/table> <p class=\"translation-block\">Adem\u00e1s, tambi\u00e9n tenemos <a href=\"https:\/\/recyclingequipinc.com\/es\/producto\/scrap-metal-baler\/\">prensas de balas de chatarra de metal<\/a> dise\u00f1adas espec\u00edficamente para el embalaje de metales pesados.<\/p> <h2>Datos Espec\u00edficos de Nuestra Prensa Horizontal en Venta<\/h2> <table style=\"border-collapse: collapse; width: 100%; height: 477px;\"> <tbody> <tr style=\"height: 53px;\"> <td style=\"width: 25%; height: 53px;\">Caracter\u00edstica<\/td> <td style=\"width: 25%; height: 53px;\">SL-120<\/td> <td style=\"width: 25%; height: 53px;\">SL-160<\/td> <td style=\"width: 25%; height: 53px;\">SL-180<\/td> <\/tr> <tr style=\"height: 53px;\"> <td style=\"width: 25%; height: 53px;\">Fuerza del \u00c9mbolo (Presi\u00f3n)<\/td> <td style=\"width: 25%; height: 53px;\">120 Toneladas (28MPa)<\/td> <td style=\"width: 25%; height: 53px;\">160 Toneladas (31.5 Mpa)<\/td> <td style=\"width: 25%; height: 53px;\">180 Toneladas (31.5 Mpa)<\/td> <\/tr> <tr style=\"height: 53px;\"> <td style=\"width: 25%; height: 53px;\">Potencia del Motor Principal<\/td> <td style=\"width: 25%; height: 53px;\">22 kW<\/td> <td style=\"width: 25%; height: 53px;\">37 kW<\/td> <td style=\"width: 25%; height: 53px;\">37 kW<\/td> <\/tr> <tr style=\"height: 53px;\"> <td style=\"width: 25%; height: 53px;\">Capacidad (Rendimiento)<\/td> <td style=\"width: 25%; height: 53px;\">25-30 t\/d\u00eda<\/td> <td style=\"width: 25%; height: 53px;\">5-8 t\/h<\/td> <td style=\"width: 25%; height: 53px;\">4-8 t\/h<\/td> <\/tr> <tr style=\"height: 53px;\"> <td style=\"width: 25%; height: 53px;\">Tama\u00f1o de la Apertura de Alimentaci\u00f3n<\/td> <td style=\"width: 25%; height: 53px;\">1700*1020 mm<\/td> <td style=\"width: 25%; height: 53px;\">1650*1100 mm<\/td> <td style=\"width: 25%; height: 53px;\">1650*1100 mm<\/td> <\/tr> <tr style=\"height: 53px;\"> <td style=\"width: 25%; height: 53px;\">Tama\u00f1o del Paquete (An*Al*L)<\/td> <td style=\"width: 25%; height: 53px;\">600*600*L(Adj.)<\/td> <td style=\"width: 25%; height: 53px;\">1100*1250*L(Adj.)<\/td> <td style=\"width: 25%; height: 53px;\">1100*1250*L(Adj.)<\/td> <\/tr> <tr style=\"height: 53px;\"> <td style=\"width: 25%; height: 53px;\">Densidad del Paquete (Est.)<\/td> <td style=\"width: 25%; height: 53px;\">~450 kg\/m\u00b3<\/td> <td style=\"width: 25%; height: 53px;\">~450 kg\/m\u00b3<\/td> <td style=\"width: 25%; height: 53px;\">~450 kg\/m\u00b3<\/td> <\/tr> <tr style=\"height: 53px;\"> <td style=\"width: 25%; height: 53px;\">M\u00e9todo de Atado<\/td> <td style=\"width: 25%; height: 53px;\">Atado Manual<\/td> <td style=\"width: 25%; height: 53px;\">Atado Manual de 5 Cuerdas<\/td> <td style=\"width: 25%; height: 53px;\">Atado Manual de 5 Cuerdas<\/td> <\/tr> <tr style=\"height: 53px;\"> <td style=\"width: 25%; height: 53px;\">Conveyor (Est\u00e1ndar)<\/td> <td style=\"width: 25%; height: 53px;\">Opcional<\/td> <td style=\"width: 25%; height: 53px;\">10.5*2m (Est\u00e1ndar)<\/td> <td style=\"width: 25%; height: 53px;\">10.5*2m (Est\u00e1ndar)<\/td> <\/tr> <\/tbody> <\/table> <h2>\u00bfListo para Optimizar Su Flujo de Residuos?<\/h2> <p>Maximice la densidad, minimice los costos. Nuestro equipo de expertos en equipos de reciclaje est\u00e1 listo para ofrecer una soluci\u00f3n de balas personalizada que se integre sin problemas con su instalaci\u00f3n.<\/p> <p>\u00a1Cont\u00e1ctenos hoy para obtener un presupuesto detallado y un an\u00e1lisis de ROI gratuito y sin compromiso sobre nuestras prensas horizontales de alta rendimiento!<\/p>","protected":false},"excerpt":{"rendered":"<ul> <li><strong>180 toneladas de fuerza:<\/strong> Alcanza una densidad \u2265 450 kg\/m\u00b3<\/li> <li><strong>Ahorro de energ\u00eda del 33%:<\/strong> Costes operativos m\u00e1s bajos<\/li> <li><strong>Alto rendimiento en volumen:<\/strong> Procesa entre 5 y 8 toneladas por hora.<\/li> <li><strong>De grado industrial:<\/strong> Construido para reciclaje intensivo 24\/7.<\/li> <\/ul>","protected":false},"featured_media":4474,"template":"","meta":{"site-sidebar-layout":"default","site-content-layout":"default","ast-site-content-layout":"default","site-content-style":"default","site-sidebar-style":"default","ast-global-header-display":"","ast-banner-title-visibility":"","ast-main-header-display":"","ast-hfb-above-header-display":"","ast-hfb-below-header-display":"","ast-hfb-mobile-header-display":"","site-post-title":"","ast-breadcrumbs-content":"","ast-featured-img":"","footer-sml-layout":"","ast-disable-related-posts":"","theme-transparent-header-meta":"default","adv-header-id-meta":"","stick-header-meta":"default","header-above-stick-meta":"","header-main-stick-meta":"","header-below-stick-meta":"","astra-migrate-meta-layouts":"set","ast-page-background-enabled":"default","ast-page-background-meta":{"desktop":{"background-color":"","background-image":"","background-repeat":"repeat","background-position":"center center","background-size":"auto","background-attachment":"scroll","background-type":"","background-media":"","overlay-type":"","overlay-color":"","overlay-opacity":"","overlay-gradient":""},"tablet":{"background-color":"","background-image":"","background-repeat":"repeat","background-position":"center center","background-size":"auto","background-attachment":"scroll","background-type":"","background-media":"","overlay-type":"","overlay-color":"","overlay-opacity":"","overlay-gradient":""},"mobile":{"background-color":"","background-image":"","background-repeat":"repeat","background-position":"center center","background-size":"auto","background-attachment":"scroll","background-type":"","background-media":"","overlay-type":"","overlay-color":"","overlay-opacity":"","overlay-gradient":""}},"ast-content-background-meta":{"desktop":{"background-color":"var(--ast-global-color-5)","background-image":"","background-repeat":"repeat","background-position":"center center","background-size":"auto","background-attachment":"scroll","background-type":"","background-media":"","overlay-type":"","overlay-color":"","overlay-opacity":"","overlay-gradient":""},"tablet":{"background-color":"var(--ast-global-color-5)","background-image":"","background-repeat":"repeat","background-position":"center center","background-size":"auto","background-attachment":"scroll","background-type":"","background-media":"","overlay-type":"","overlay-color":"","overlay-opacity":"","overlay-gradient":""},"mobile":{"background-color":"var(--ast-global-color-5)","background-image":"","background-repeat":"repeat","background-position":"center center","background-size":"auto","background-attachment":"scroll","background-type":"","background-media":"","overlay-type":"","overlay-color":"","overlay-opacity":"","overlay-gradient":""}}},"product_brand":[],"product_cat":[34],"product_tag":[74,75],"class_list":{"0":"post-4383","1":"product","2":"type-product","3":"status-publish","4":"has-post-thumbnail","6":"product_cat-industrial-baler","7":"product_tag-baler","8":"product_tag-industry-baler","9":"desktop-align-center","10":"tablet-align-center","11":"mobile-align-center","13":"first","14":"instock","15":"shipping-taxable","16":"product-type-simple"},"_links":{"self":[{"href":"https:\/\/recyclingequipinc.com\/es\/wp-json\/wp\/v2\/product\/4383","targetHints":{"allow":["GET"]}}],"collection":[{"href":"https:\/\/recyclingequipinc.com\/es\/wp-json\/wp\/v2\/product"}],"about":[{"href":"https:\/\/recyclingequipinc.com\/es\/wp-json\/wp\/v2\/types\/product"}],"version-history":[{"count":0,"href":"https:\/\/recyclingequipinc.com\/es\/wp-json\/wp\/v2\/product\/4383\/revisions"}],"wp:featuredmedia":[{"embeddable":true,"href":"https:\/\/recyclingequipinc.com\/es\/wp-json\/wp\/v2\/media\/4474"}],"wp:attachment":[{"href":"https:\/\/recyclingequipinc.com\/es\/wp-json\/wp\/v2\/media?parent=4383"}],"wp:term":[{"taxonomy":"product_brand","embeddable":true,"href":"https:\/\/recyclingequipinc.com\/es\/wp-json\/wp\/v2\/product_brand?post=4383"},{"taxonomy":"product_cat","embeddable":true,"href":"https:\/\/recyclingequipinc.com\/es\/wp-json\/wp\/v2\/product_cat?post=4383"},{"taxonomy":"product_tag","embeddable":true,"href":"https:\/\/recyclingequipinc.com\/es\/wp-json\/wp\/v2\/product_tag?post=4383"}],"curies":[{"name":"wp","href":"https:\/\/api.w.org\/{rel}","templated":true}]}}