{"id":4380,"date":"2021-09-13T09:23:52","date_gmt":"2021-09-13T09:23:52","guid":{"rendered":"https:\/\/recyclingequipinc.com\/?post_type=product&#038;p=4380"},"modified":"2025-01-20T10:23:57","modified_gmt":"2025-01-20T02:23:57","slug":"belt-conveyor","status":"publish","type":"product","link":"https:\/\/recyclingequipinc.com\/es\/product\/belt-conveyor\/","title":{"rendered":"Mesa de clasificaci\u00f3n de botellas de pl\u00e1stico"},"content":{"rendered":"<p class=\"translation-block\">La mesa de clasificaci\u00f3n de botellas de pl\u00e1stico es la m\u00e1quina b\u00e1sica en diferentes campos y l\u00edneas de producci\u00f3n. Est\u00e1 compuesta por un marco de acero con cinta transportadora, cinta de PVC con un raspador, poleas, un <a href=\"https:\/\/en.wikipedia.org\/wiki\/Motor_(disambiguation)\" target=\"_blank\" rel=\"noopener\">motor<\/a> de velocidad ajustable, etc. El equipo transporta principalmente pl\u00e1stico PP o PE a la m\u00e1quina de trituraci\u00f3n y lavado en la <a href=\"https:\/\/recyclingequipinc.com\/es\/producto\/plastic-film-recycling-machine\/\"><strong>l\u00ednea de reciclaje de pel\u00edcula de pl\u00e1stico<\/strong><\/a>. Tambi\u00e9n se puede utilizar para transportar botellas a las m\u00e1quinas de eliminaci\u00f3n de etiquetas en la <a href=\"https:\/\/recyclingequipinc.com\/es\/producto\/pet-bottle-recycling-machine\/\"><strong>l\u00ednea de reciclaje de botellas PET<\/strong><\/a>. Si el cliente desea seleccionar esas botellas sin quitar completamente la etiqueta y otras botellas de pl\u00e1stico, podemos proporcionar otra m\u00e1quina de clasificaci\u00f3n de botellas de pl\u00e1stico.<\/p> <figure id=\"attachment_5648\" aria-describedby=\"caption-attachment-5648\" style=\"width: 720px\" class=\"wp-caption aligncenter\"><img fetchpriority=\"high\" decoding=\"async\" class=\"size-full wp-image-5648\" src=\"https:\/\/recyclingequipinc.com\/wp-content\/uploads\/2021\/09\/plastic-bottle-sorting-table.jpg\" alt=\"mesa de clasificaci\u00f3n de botellas de pl\u00e1stico\" width=\"720\" height=\"540\" srcset=\"https:\/\/recyclingequipinc.com\/wp-content\/uploads\/2021\/09\/plastic-bottle-sorting-table.jpg 720w, https:\/\/recyclingequipinc.com\/wp-content\/uploads\/2021\/09\/plastic-bottle-sorting-table-300x225.jpg 300w, https:\/\/recyclingequipinc.com\/wp-content\/uploads\/2021\/09\/plastic-bottle-sorting-table-600x450.jpg 600w\" sizes=\"(max-width: 720px) 100vw, 720px\" \/><figcaption id=\"caption-attachment-5648\" class=\"wp-caption-text\">mesa de clasificaci\u00f3n de botellas de pl\u00e1stico<\/figcaption><\/figure> <p>Por lo tanto, la mesa de clasificaci\u00f3n de botellas de pl\u00e1stico suele ser uno de los primeros productos que mejoran la productividad adquiridos por las f\u00e1bricas de reciclaje de pl\u00e1stico. Aunque existen muchos tipos de cintas transportadoras, el tipo m\u00e1s simple es el de cama deslizante. Cuando se conecta con sensores y otros equipos de automatizaci\u00f3n, el sistema de cinta transportadora puede mejorar enormemente la productividad. Por lo tanto, es indispensable en grandes l\u00edneas de producci\u00f3n de reciclaje de PET de pl\u00e1stico de desecho.<\/p> <p>Para mejorar la pureza de las hojuelas de PET finales, es mejor seleccionar este material diferente antes de que las botellas entren en la trituradora de pl\u00e1stico. Por ejemplo, seleccione tapas de botellas de PP, pel\u00edculas de PE, etc. de las botellas de PET. El tama\u00f1o de la cinta transportadora se puede personalizar seg\u00fan sus necesidades, como el largo y el ancho.<\/p>","protected":false},"excerpt":{"rendered":"<p>Para mejorar la pureza de las escamas de PET finales, es mejor seleccionar este material diferente antes de que las botellas entren en la trituradora de pl\u00e1stico. Por ejemplo, seleccione tapas de botellas de PP, pel\u00edculas de PE, etc. de las botellas de PET. Los tama\u00f1os de las cintas transportadoras se pueden personalizar seg\u00fan sus necesidades.<\/p>","protected":false},"featured_media":5657,"template":"","meta":{"site-sidebar-layout":"default","site-content-layout":"default","ast-site-content-layout":"default","site-content-style":"default","site-sidebar-style":"default","ast-global-header-display":"","ast-banner-title-visibility":"","ast-main-header-display":"","ast-hfb-above-header-display":"","ast-hfb-below-header-display":"","ast-hfb-mobile-header-display":"","site-post-title":"","ast-breadcrumbs-content":"","ast-featured-img":"","footer-sml-layout":"","ast-disable-related-posts":"","theme-transparent-header-meta":"default","adv-header-id-meta":"","stick-header-meta":"default","header-above-stick-meta":"","header-main-stick-meta":"","header-below-stick-meta":"","astra-migrate-meta-layouts":"default","ast-page-background-enabled":"default","ast-page-background-meta":{"desktop":{"background-color":"","background-image":"","background-repeat":"repeat","background-position":"center center","background-size":"auto","background-attachment":"scroll","background-type":"","background-media":"","overlay-type":"","overlay-color":"","overlay-opacity":"","overlay-gradient":""},"tablet":{"background-color":"","background-image":"","background-repeat":"repeat","background-position":"center center","background-size":"auto","background-attachment":"scroll","background-type":"","background-media":"","overlay-type":"","overlay-color":"","overlay-opacity":"","overlay-gradient":""},"mobile":{"background-color":"","background-image":"","background-repeat":"repeat","background-position":"center center","background-size":"auto","background-attachment":"scroll","background-type":"","background-media":"","overlay-type":"","overlay-color":"","overlay-opacity":"","overlay-gradient":""}},"ast-content-background-meta":{"desktop":{"background-color":"var(--ast-global-color-5)","background-image":"","background-repeat":"repeat","background-position":"center center","background-size":"auto","background-attachment":"scroll","background-type":"","background-media":"","overlay-type":"","overlay-color":"","overlay-opacity":"","overlay-gradient":""},"tablet":{"background-color":"var(--ast-global-color-5)","background-image":"","background-repeat":"repeat","background-position":"center center","background-size":"auto","background-attachment":"scroll","background-type":"","background-media":"","overlay-type":"","overlay-color":"","overlay-opacity":"","overlay-gradient":""},"mobile":{"background-color":"var(--ast-global-color-5)","background-image":"","background-repeat":"repeat","background-position":"center center","background-size":"auto","background-attachment":"scroll","background-type":"","background-media":"","overlay-type":"","overlay-color":"","overlay-opacity":"","overlay-gradient":""}}},"product_brand":[],"product_cat":[36],"product_tag":[90],"class_list":{"0":"post-4380","1":"product","2":"type-product","3":"status-publish","4":"has-post-thumbnail","6":"product_cat-plastic-recycling-machine","7":"product_tag-pet-part","8":"desktop-align-center","9":"tablet-align-center","10":"mobile-align-center","12":"first","13":"instock","14":"shipping-taxable","15":"product-type-simple"},"_links":{"self":[{"href":"https:\/\/recyclingequipinc.com\/es\/wp-json\/wp\/v2\/product\/4380","targetHints":{"allow":["GET"]}}],"collection":[{"href":"https:\/\/recyclingequipinc.com\/es\/wp-json\/wp\/v2\/product"}],"about":[{"href":"https:\/\/recyclingequipinc.com\/es\/wp-json\/wp\/v2\/types\/product"}],"version-history":[{"count":0,"href":"https:\/\/recyclingequipinc.com\/es\/wp-json\/wp\/v2\/product\/4380\/revisions"}],"wp:featuredmedia":[{"embeddable":true,"href":"https:\/\/recyclingequipinc.com\/es\/wp-json\/wp\/v2\/media\/5657"}],"wp:attachment":[{"href":"https:\/\/recyclingequipinc.com\/es\/wp-json\/wp\/v2\/media?parent=4380"}],"wp:term":[{"taxonomy":"product_brand","embeddable":true,"href":"https:\/\/recyclingequipinc.com\/es\/wp-json\/wp\/v2\/product_brand?post=4380"},{"taxonomy":"product_cat","embeddable":true,"href":"https:\/\/recyclingequipinc.com\/es\/wp-json\/wp\/v2\/product_cat?post=4380"},{"taxonomy":"product_tag","embeddable":true,"href":"https:\/\/recyclingequipinc.com\/es\/wp-json\/wp\/v2\/product_tag?post=4380"}],"curies":[{"name":"wp","href":"https:\/\/api.w.org\/{rel}","templated":true}]}}