{"id":4373,"date":"2021-09-13T09:10:17","date_gmt":"2021-09-13T09:10:17","guid":{"rendered":"https:\/\/recyclingequipinc.com\/?post_type=product&#038;p=4373"},"modified":"2025-06-04T14:01:14","modified_gmt":"2025-06-04T06:01:14","slug":"pet-bottle-recycling-machine","status":"publish","type":"product","link":"https:\/\/recyclingequipinc.com\/es\/product\/pet-bottle-recycling-machine\/","title":{"rendered":"M\u00e1quina de reciclaje de botellas de PET"},"content":{"rendered":"<p class=\"translation-block\"><strong>La m\u00e1quina de reciclaje de botellas de PET<\/strong> incluye principalmente un transportador de banda, una m\u00e1quina de eliminaci\u00f3n de etiquetas, una mesa de recogida de transporte por banda, una trituradora, un tanque de lavado, un tanque de lavado con agua caliente, una m\u00e1quina de fricci\u00f3n, un tanque de lavado y separaci\u00f3n, un deshidratador, un contenedor de almacenamiento y una m\u00e1quina de envasado. Esta l\u00ednea de reciclaje de pl\u00e1stico est\u00e1 destinada a tratar botellas de desecho de PET. A trav\u00e9s de todo el proceso de eliminaci\u00f3n de etiquetas, trituraci\u00f3n de botellas en escamas, lavado de escamas y deshidrataci\u00f3n, las botellas de PET se convertir\u00e1n en escamas de PET limpias. Si la botella est\u00e1 demasiado sucia, puedes a\u00f1adir m\u00e1s dispositivos de lavado para la limpieza. Adem\u00e1s, apoyamos servicios de personalizaci\u00f3n seg\u00fan tus necesidades reales.<\/p> <h2>L\u00ednea de producci\u00f3n de reciclaje de botellas de PET.<\/h2> <p>Transporte de botellas\u2013eliminaci\u00f3n de marcas registradas de botellas\u2013recogida y selecci\u00f3n\u2013transporte\u2013trituraci\u00f3n de botellas en escamas\u2013enjuague de escamas\u2013lavado con agua caliente\u2013limpieza por fricci\u00f3n\u2013lavado y separaci\u00f3n de escamas\u2013deshidrataci\u00f3n\u2013almacenamiento\u2013embolsado<\/p> <div class=\"ast-oembed-container\" style=\"height: 100%;\"><iframe title=\"C\u00f3mo reciclar sus botellas de pl\u00e1stico de desecho | Planta de reciclaje de botellas de PET\" width=\"500\" height=\"281\" src=\"https:\/\/www.youtube.com\/embed\/fLzxENe6oxY?feature=oembed\" frameborder=\"0\" allow=\"accelerometer; autoplay; clipboard-write; encrypted-media; gyroscope; picture-in-picture; web-share\" referrerpolicy=\"strict-origin-when-cross-origin\" allowfullscreen><\/iframe><\/div> <h2>Introducciones sencillas de m\u00e1quinas de reciclaje de botellas de PET relacionadas<\/h2> <h3>1. Rompepacas<\/h3> <figure id=\"attachment_4585\" aria-describedby=\"caption-attachment-4585\" style=\"width: 687px\" class=\"wp-caption aligncenter\"><img fetchpriority=\"high\" decoding=\"async\" class=\"size-full wp-image-4585\" src=\"https:\/\/recyclingequipinc.com\/wp-content\/uploads\/2021\/09\/bale-breaker.jpg\" alt=\"rompe balas\" width=\"687\" height=\"428\" srcset=\"https:\/\/recyclingequipinc.com\/wp-content\/uploads\/2021\/09\/bale-breaker.jpg 687w, https:\/\/recyclingequipinc.com\/wp-content\/uploads\/2021\/09\/bale-breaker-300x187.jpg 300w, https:\/\/recyclingequipinc.com\/wp-content\/uploads\/2021\/09\/bale-breaker-600x374.jpg 600w\" sizes=\"(max-width: 687px) 100vw, 687px\" \/><figcaption id=\"caption-attachment-4585\" class=\"wp-caption-text\">rompe balas<\/figcaption><\/figure> <h3>2. Pantalla enrollable<\/h3> <figure id=\"attachment_4586\" aria-describedby=\"caption-attachment-4586\" style=\"width: 689px\" class=\"wp-caption aligncenter\"><img decoding=\"async\" class=\"size-full wp-image-4586\" src=\"https:\/\/recyclingequipinc.com\/wp-content\/uploads\/2021\/09\/roller-screen.jpg\" alt=\"pantalla enrollable\" width=\"689\" height=\"425\" srcset=\"https:\/\/recyclingequipinc.com\/wp-content\/uploads\/2021\/09\/roller-screen.jpg 689w, https:\/\/recyclingequipinc.com\/wp-content\/uploads\/2021\/09\/roller-screen-300x185.jpg 300w, https:\/\/recyclingequipinc.com\/wp-content\/uploads\/2021\/09\/roller-screen-600x370.jpg 600w\" sizes=\"(max-width: 689px) 100vw, 689px\" \/><figcaption id=\"caption-attachment-4586\" class=\"wp-caption-text\">pantalla enrollable<\/figcaption><\/figure> <h3>3. Cinta transportadora\/m\u00e1quina de mesa de recolecci\u00f3n con cinta transportadora<\/h3> <p class=\"translation-block\">Es el equipo para transportar botellas a la trituradora, aplic\u00e1ndose en diferentes campos y l\u00edneas de producci\u00f3n. El <a href=\"https:\/\/recyclingequipinc.com\/es\/producto\/belt-conveyor\/\"><strong>transportador de banda<\/strong><\/a> adopta un marco de acero, banda de PVC con raspador, polea de accionamiento y motor de velocidad ajustable. La longitud y el ancho de la banda se pueden personalizar seg\u00fan tus requisitos. Para aumentar la pureza de las escamas de PET finales, es mejor seleccionar manualmente los diferentes materiales antes de transportar las botellas de PET a la trituradora porque los procesos de tratamiento de diferentes materiales son distintos. La longitud y el ancho se personalizan de acuerdo a tus requisitos.<\/p> <figure id=\"attachment_4587\" aria-describedby=\"caption-attachment-4587\" style=\"width: 689px\" class=\"wp-caption aligncenter\"><img decoding=\"async\" class=\"size-full wp-image-4587\" src=\"https:\/\/recyclingequipinc.com\/wp-content\/uploads\/2021\/09\/belt-conveyor.jpg\" alt=\"cinta transportadora\" width=\"689\" height=\"429\" srcset=\"https:\/\/recyclingequipinc.com\/wp-content\/uploads\/2021\/09\/belt-conveyor.jpg 689w, https:\/\/recyclingequipinc.com\/wp-content\/uploads\/2021\/09\/belt-conveyor-300x187.jpg 300w, https:\/\/recyclingequipinc.com\/wp-content\/uploads\/2021\/09\/belt-conveyor-600x374.jpg 600w\" sizes=\"(max-width: 689px) 100vw, 689px\" \/><figcaption id=\"caption-attachment-4587\" class=\"wp-caption-text\">cinta transportadora<\/figcaption><\/figure> <h3>4. M\u00e1quina quitaetiquetas<\/h3> <p>La m\u00e1quina quitaetiquetas de botellas de PET puede eliminar marcas registradas de botellas de PET, en lugar de quitar etiquetas manualmente. Puede cumplir con una producci\u00f3n de alta capacidad y mejorar la eficiencia de la producci\u00f3n. Se puede aplicar a diferentes tama\u00f1os de botellas ajustando las cuchillas de la m\u00e1quina.<\/p> <figure id=\"attachment_4588\" aria-describedby=\"caption-attachment-4588\" style=\"width: 689px\" class=\"wp-caption aligncenter\"><img loading=\"lazy\" decoding=\"async\" class=\"size-full wp-image-4588\" src=\"https:\/\/recyclingequipinc.com\/wp-content\/uploads\/2021\/09\/label-removing-machine.jpg\" alt=\"m\u00e1quina para quitar etiquetas\" width=\"689\" height=\"430\" srcset=\"https:\/\/recyclingequipinc.com\/wp-content\/uploads\/2021\/09\/label-removing-machine.jpg 689w, https:\/\/recyclingequipinc.com\/wp-content\/uploads\/2021\/09\/label-removing-machine-300x187.jpg 300w, https:\/\/recyclingequipinc.com\/wp-content\/uploads\/2021\/09\/label-removing-machine-600x374.jpg 600w\" sizes=\"(max-width: 689px) 100vw, 689px\" \/><figcaption id=\"caption-attachment-4588\" class=\"wp-caption-text\">m\u00e1quina para quitar etiquetas<\/figcaption><\/figure> <h3>5. Trituradora de botellas de PET<\/h3> <p class=\"translation-block\">El <a href=\"https:\/\/recyclingequipinc.com\/es\/producto\/waste-plastic-crusher\/\"><strong>triturador de pl\u00e1stico<\/strong><\/a> de PET est\u00e1 equipado con cuchillas de material de acero aleado, alta velocidad, duradero y resistente al desgaste. Por lo tanto, es adecuado para triturar botellas de PET en escamas.<\/p> <figure id=\"attachment_4589\" aria-describedby=\"caption-attachment-4589\" style=\"width: 688px\" class=\"wp-caption aligncenter\"><img loading=\"lazy\" decoding=\"async\" class=\"size-full wp-image-4589\" src=\"https:\/\/recyclingequipinc.com\/wp-content\/uploads\/2021\/09\/PET-bottle-crusher.jpg\" alt=\"Trituradora de botellas de PET\" width=\"688\" height=\"425\" srcset=\"https:\/\/recyclingequipinc.com\/wp-content\/uploads\/2021\/09\/PET-bottle-crusher.jpg 688w, https:\/\/recyclingequipinc.com\/wp-content\/uploads\/2021\/09\/PET-bottle-crusher-300x185.jpg 300w, https:\/\/recyclingequipinc.com\/wp-content\/uploads\/2021\/09\/PET-bottle-crusher-600x371.jpg 600w\" sizes=\"(max-width: 688px) 100vw, 688px\" \/><figcaption id=\"caption-attachment-4589\" class=\"wp-caption-text\">Trituradora de botellas de PET<\/figcaption><\/figure> <h3>6. Tanque de lavado<\/h3> <p>El tanque de lavado puede limpiar restos de botellas por primera vez y separar las escamas de tapas de botellas de PP o PE de las escamas de PET.<\/p> <figure id=\"attachment_4595\" aria-describedby=\"caption-attachment-4595\" style=\"width: 686px\" class=\"wp-caption aligncenter\"><img loading=\"lazy\" decoding=\"async\" class=\"size-full wp-image-4595\" src=\"https:\/\/recyclingequipinc.com\/wp-content\/uploads\/2021\/09\/cleaning-tank.jpg\" alt=\"tanque de limpieza\" width=\"686\" height=\"425\" srcset=\"https:\/\/recyclingequipinc.com\/wp-content\/uploads\/2021\/09\/cleaning-tank.jpg 686w, https:\/\/recyclingequipinc.com\/wp-content\/uploads\/2021\/09\/cleaning-tank-300x186.jpg 300w, https:\/\/recyclingequipinc.com\/wp-content\/uploads\/2021\/09\/cleaning-tank-600x372.jpg 600w\" sizes=\"(max-width: 686px) 100vw, 686px\" \/><figcaption id=\"caption-attachment-4595\" class=\"wp-caption-text\">tanque de limpieza<\/figcaption><\/figure> <h3>7. Transportador de tornillo<\/h3> <figure id=\"attachment_4596\" aria-describedby=\"caption-attachment-4596\" style=\"width: 687px\" class=\"wp-caption aligncenter\"><img loading=\"lazy\" decoding=\"async\" class=\"size-full wp-image-4596\" src=\"https:\/\/recyclingequipinc.com\/wp-content\/uploads\/2021\/09\/screw-conveyor.jpg\" alt=\"tornillo transportador\" width=\"687\" height=\"425\" srcset=\"https:\/\/recyclingequipinc.com\/wp-content\/uploads\/2021\/09\/screw-conveyor.jpg 687w, https:\/\/recyclingequipinc.com\/wp-content\/uploads\/2021\/09\/screw-conveyor-300x186.jpg 300w, https:\/\/recyclingequipinc.com\/wp-content\/uploads\/2021\/09\/screw-conveyor-600x371.jpg 600w\" sizes=\"(max-width: 687px) 100vw, 687px\" \/><figcaption id=\"caption-attachment-4596\" class=\"wp-caption-text\">tornillo transportador<\/figcaption><\/figure> <h3>8. Lavadora de agua caliente<\/h3> <p>El tanque de lavado con agua caliente es un equipo necesario para la l\u00ednea de limpieza de PET. Mediante el calentamiento del agua y el uso de aditivos qu\u00edmicos, se puede obtener material limpio. Es una estructura superior abierta con funciones de control autom\u00e1tico de temperatura, agitaci\u00f3n para preservar el calor, adecuada para plantas de lavado y reciclaje peque\u00f1as, medianas y grandes.<\/p> <figure id=\"attachment_4597\" aria-describedby=\"caption-attachment-4597\" style=\"width: 689px\" class=\"wp-caption aligncenter\"><img loading=\"lazy\" decoding=\"async\" class=\"size-full wp-image-4597\" src=\"https:\/\/recyclingequipinc.com\/wp-content\/uploads\/2021\/09\/hot-water-washing-machine.jpg\" alt=\"lavadora de agua caliente\" width=\"689\" height=\"425\" srcset=\"https:\/\/recyclingequipinc.com\/wp-content\/uploads\/2021\/09\/hot-water-washing-machine.jpg 689w, https:\/\/recyclingequipinc.com\/wp-content\/uploads\/2021\/09\/hot-water-washing-machine-300x185.jpg 300w, https:\/\/recyclingequipinc.com\/wp-content\/uploads\/2021\/09\/hot-water-washing-machine-600x370.jpg 600w\" sizes=\"(max-width: 689px) 100vw, 689px\" \/><figcaption id=\"caption-attachment-4597\" class=\"wp-caption-text\">lavadora de agua caliente<\/figcaption><\/figure> <h3>9. Lavadora de fricci\u00f3n<\/h3> <p>El cuerpo de la m\u00e1quina de limpieza por fricci\u00f3n est\u00e1 compuesto por el motor principal, el motor, el marco del pie, la entrada de agua, la entrada de alimentaci\u00f3n, el orificio de descarga, etc. La parte inferior del cuerpo es un filtro de malla fina. En la parte superior hay una entrada de agua externa. Los materiales deben ingresar por la entrada de alimentaci\u00f3n. Tornillo giratorio de alta velocidad que permite frotar completamente el material con el agua corriente. Y luego limpie el material por completo.<\/p> <figure id=\"attachment_4599\" aria-describedby=\"caption-attachment-4599\" style=\"width: 685px\" class=\"wp-caption aligncenter\"><img loading=\"lazy\" decoding=\"async\" class=\"size-full wp-image-4599\" src=\"https:\/\/recyclingequipinc.com\/wp-content\/uploads\/2021\/09\/frictional-washing-machine-1.jpg\" alt=\"lavadora de friccion\" width=\"685\" height=\"427\" srcset=\"https:\/\/recyclingequipinc.com\/wp-content\/uploads\/2021\/09\/frictional-washing-machine-1.jpg 685w, https:\/\/recyclingequipinc.com\/wp-content\/uploads\/2021\/09\/frictional-washing-machine-1-300x187.jpg 300w, https:\/\/recyclingequipinc.com\/wp-content\/uploads\/2021\/09\/frictional-washing-machine-1-600x374.jpg 600w\" sizes=\"(max-width: 685px) 100vw, 685px\" \/><figcaption id=\"caption-attachment-4599\" class=\"wp-caption-text\">lavadora de friccion<\/figcaption><\/figure> <h3>10. Lavadora y separadora<\/h3> <p>La m\u00e1quina lavadora y separadora para limpiar l\u00e1minas de PP, PE y PET, separaci\u00f3n autom\u00e1tica de tapas de botellas y otros desechos flotantes, y separaci\u00f3n efectiva de arena y desechos de papel en diversos materiales laminares. El tanque de lavado es uno de los equipos ideales en maquinaria de pl\u00e1stico. Adecuado para una mayor separaci\u00f3n y enjuague de impurezas despu\u00e9s de la limpieza para hacer que las escamas de las botellas sean m\u00e1s limpias y blancas. Adem\u00e1s, tiene las ventajas de un funcionamiento sencillo, un efecto de limpieza claro, seguridad y fiabilidad, y una larga vida \u00fatil.<\/p> <h3>11. Deshidratador para chips de PET<\/h3> <p>Esta m\u00e1quina deshidratadora de pl\u00e1stico es ampliamente aplicable para deshidratar escamas de PET. Tiene las caracter\u00edsticas de un buen efecto deshidratante, menor consumo de energ\u00eda y eficiencia, producci\u00f3n continua, alto grado de automatizaci\u00f3n, alto rendimiento y sequedad, etc.<\/p> <figure id=\"attachment_4600\" aria-describedby=\"caption-attachment-4600\" style=\"width: 687px\" class=\"wp-caption aligncenter\"><img loading=\"lazy\" decoding=\"async\" class=\"size-full wp-image-4600\" src=\"https:\/\/recyclingequipinc.com\/wp-content\/uploads\/2021\/09\/horizontal-dehydrator.jpg\" alt=\"deshidratador horizontal\" width=\"687\" height=\"428\" srcset=\"https:\/\/recyclingequipinc.com\/wp-content\/uploads\/2021\/09\/horizontal-dehydrator.jpg 687w, https:\/\/recyclingequipinc.com\/wp-content\/uploads\/2021\/09\/horizontal-dehydrator-300x187.jpg 300w, https:\/\/recyclingequipinc.com\/wp-content\/uploads\/2021\/09\/horizontal-dehydrator-600x374.jpg 600w\" sizes=\"(max-width: 687px) 100vw, 687px\" \/><figcaption id=\"caption-attachment-4600\" class=\"wp-caption-text\">deshidratador horizontal<\/figcaption><\/figure> <p>Adem\u00e1s, el contenedor de almacenamiento transporta escamas de pl\u00e1stico PET a la m\u00e1quina mediante un ventilador, y la m\u00e1quina ensacadora puede empaquetar el material en bolsas, lo cual es conveniente para almacenar, comercializar y administrar.<\/p> <h2>Amplias aplicaciones de la m\u00e1quina de reciclaje de botellas de PET.<\/h2> <p class=\"translation-block\">La l\u00ednea de reciclaje de botellas de PET se aplica ampliamente a <a href=\"https:\/\/en.wikipedia.org\/wiki\/Category:Carbonated_drinks\" target=\"_blank\" rel=\"noopener\">bebidas carbonatadas<\/a>, agua mineral, jugo de frutas, medicina, cosm\u00e9ticos, cajas transparentes, productos qu\u00edmicos, etc. En la clasificaci\u00f3n de pl\u00e1sticos, el n\u00famero de c\u00f3digo de PET es uno. Como material de embalaje, el PET tiene caracter\u00edsticas de buenas propiedades mec\u00e1nicas, fuerte impacto y buena resistencia a la flexi\u00f3n. Hoy en d\u00eda, las botellas de PET se utilizan en todas partes en nuestra vida diaria. Por lo tanto, es significativo para la preservaci\u00f3n del medio ambiente mediante la m\u00e1quina de reciclaje de botellas de PET. Si deseas invertir en el reciclaje de botellas de PET, puedes contactarnos para obtener m\u00e1s detalles y podemos dise\u00f1ar un plan de acuerdo a tus necesidades.<\/p> <h2>Caracter\u00edsticas de la m\u00e1quina de reciclaje de botellas de PET.<\/h2> <ol> <li>M\u00e1quinas altamente automatizadas, alto rendimiento, ahorro de mano de obra, practicidad y confiabilidad;<\/li> <li>Adecuado para la producci\u00f3n a gran escala de reciclaje de botellas de PET, de manera eficiente;<\/li> <li>La l\u00ednea de lavado de botellas de PET es ajustable seg\u00fan la limpieza de las botellas y su presupuesto.<\/li> <li>Se puede dise\u00f1ar una l\u00ednea de reciclaje de botellas de PET personalizada en funci\u00f3n de su producci\u00f3n.<\/li> <li>Es beneficioso para la protecci\u00f3n del medio ambiente.<\/li> <\/ol> <h2>\u00bfSe puede ganar dinero reciclando botellas de pl\u00e1stico PET?<\/h2> <p>Mucha gente puede preguntarse si el reciclaje de botellas de PET puede generar beneficios. Los principales m\u00e9todos para tratar los residuos pl\u00e1sticos incluyen principalmente la incineraci\u00f3n, la eliminaci\u00f3n en vertederos y el reciclaje. En opini\u00f3n de muchas personas, reciclar residuos de pl\u00e1stico no parece un negocio rentable porque una botella de pl\u00e1stico tiene un valor muy bajo. Sin embargo, en las grandes ciudades, al menos la gente producir\u00e1 millones de botellas de agua mineral de desecho. En una botella de agua mineral de una tonelada probablemente hay 60.000 botellas de pl\u00e1stico, lo que puede generar unos beneficios de unos 300 d\u00f3lares.<\/p> <p>A primera vista, la l\u00ednea de m\u00e1quinas de reciclaje de botellas de PET es un negocio con bajas ganancias. De hecho, las perspectivas de la industria del reciclaje de botellas de agua de pl\u00e1stico son muy optimistas desde una perspectiva macro. Si tiene un suministro estable, un conocimiento amplio sobre el pl\u00e1stico y un equipo, el reciclaje de pl\u00e1stico es un negocio rentable para usted.<\/p> <h2>\u00bfC\u00f3mo elegir la m\u00e1quina recicladora de botellas de PET?<\/h2> <p class=\"translation-block\"><a href=\"https:\/\/recyclingequipinc.com\/es\/producto\/pet-bottle-washing-line\/\"><strong>Las m\u00e1quinas de lavado de botellas de PET<\/strong><\/a> son diferentes debido a la limpieza de las botellas. La l\u00ednea de producci\u00f3n de la m\u00e1quina de reciclaje de botellas de pl\u00e1stico PET requiere al menos un tanque de lavado, un tanque de lavado con agua caliente y una m\u00e1quina de limpieza por fricci\u00f3n. Si el presupuesto es bajo, estos tres dispositivos de lavado son necesarios. Pero si las botellas est\u00e1n demasiado sucias y la f\u00e1brica quiere a\u00f1adir m\u00e1quinas de lavado para asegurar la limpieza de las botellas de pl\u00e1stico, el n\u00famero de tanques de lavado, m\u00e1quinas de lavado con agua caliente y m\u00e1quinas de lavado por fricci\u00f3n puede aumentar a dos o tres. \u00bfQuieres obtener m\u00e1s detalles? Ponte en contacto con nosotros y te responderemos lo antes posible.<\/p> <h2>V\u00eddeo de la l\u00ednea de reciclaje de botellas de PET<\/h2> <div class=\"ast-oembed-container\" style=\"height: 100%;\"><iframe title=\"Video expl\u00edcito de la l\u00ednea autom\u00e1tica de reciclaje de residuos de botellas de PET para fabricar escamas de pl\u00e1stico PET en f\u00e1brica\" width=\"500\" height=\"281\" src=\"https:\/\/www.youtube.com\/embed\/NxbTX2KwQfA?feature=oembed\" frameborder=\"0\" allow=\"accelerometer; autoplay; clipboard-write; encrypted-media; gyroscope; picture-in-picture; web-share\" referrerpolicy=\"strict-origin-when-cross-origin\" allowfullscreen><\/iframe><\/div>","protected":false},"excerpt":{"rendered":"<p>Esta l\u00ednea de reciclaje de pl\u00e1stico se utiliza principalmente para tratar botellas de desecho hechas de PET. A trav\u00e9s de todo el proceso de quitar la etiqueta, triturar las botellas hasta convertirlas en escamas, lavar las escamas y deshidratar, las botellas de PET se convertir\u00e1n en escamas de PET limpias. Ponte en contacto con nosotros al mejor precio.<\/p>","protected":false},"featured_media":16800,"template":"","meta":{"site-sidebar-layout":"default","site-content-layout":"default","ast-site-content-layout":"default","site-content-style":"default","site-sidebar-style":"default","ast-global-header-display":"","ast-banner-title-visibility":"","ast-main-header-display":"","ast-hfb-above-header-display":"","ast-hfb-below-header-display":"","ast-hfb-mobile-header-display":"","site-post-title":"","ast-breadcrumbs-content":"","ast-featured-img":"","footer-sml-layout":"","ast-disable-related-posts":"","theme-transparent-header-meta":"default","adv-header-id-meta":"","stick-header-meta":"default","header-above-stick-meta":"","header-main-stick-meta":"","header-below-stick-meta":"","astra-migrate-meta-layouts":"set","ast-page-background-enabled":"default","ast-page-background-meta":{"desktop":{"background-color":"","background-image":"","background-repeat":"repeat","background-position":"center center","background-size":"auto","background-attachment":"scroll","background-type":"","background-media":"","overlay-type":"","overlay-color":"","overlay-opacity":"","overlay-gradient":""},"tablet":{"background-color":"","background-image":"","background-repeat":"repeat","background-position":"center center","background-size":"auto","background-attachment":"scroll","background-type":"","background-media":"","overlay-type":"","overlay-color":"","overlay-opacity":"","overlay-gradient":""},"mobile":{"background-color":"","background-image":"","background-repeat":"repeat","background-position":"center center","background-size":"auto","background-attachment":"scroll","background-type":"","background-media":"","overlay-type":"","overlay-color":"","overlay-opacity":"","overlay-gradient":""}},"ast-content-background-meta":{"desktop":{"background-color":"var(--ast-global-color-5)","background-image":"","background-repeat":"repeat","background-position":"center center","background-size":"auto","background-attachment":"scroll","background-type":"","background-media":"","overlay-type":"","overlay-color":"","overlay-opacity":"","overlay-gradient":""},"tablet":{"background-color":"var(--ast-global-color-5)","background-image":"","background-repeat":"repeat","background-position":"center center","background-size":"auto","background-attachment":"scroll","background-type":"","background-media":"","overlay-type":"","overlay-color":"","overlay-opacity":"","overlay-gradient":""},"mobile":{"background-color":"var(--ast-global-color-5)","background-image":"","background-repeat":"repeat","background-position":"center center","background-size":"auto","background-attachment":"scroll","background-type":"","background-media":"","overlay-type":"","overlay-color":"","overlay-opacity":"","overlay-gradient":""}}},"product_brand":[],"product_cat":[130],"product_tag":[64],"class_list":{"0":"post-4373","1":"product","2":"type-product","3":"status-publish","4":"has-post-thumbnail","6":"product_cat-solution","7":"product_tag-pet-bottle-recycling-line","8":"desktop-align-center","9":"tablet-align-center","10":"mobile-align-center","12":"first","13":"instock","14":"shipping-taxable","15":"product-type-simple"},"_links":{"self":[{"href":"https:\/\/recyclingequipinc.com\/es\/wp-json\/wp\/v2\/product\/4373","targetHints":{"allow":["GET"]}}],"collection":[{"href":"https:\/\/recyclingequipinc.com\/es\/wp-json\/wp\/v2\/product"}],"about":[{"href":"https:\/\/recyclingequipinc.com\/es\/wp-json\/wp\/v2\/types\/product"}],"version-history":[{"count":0,"href":"https:\/\/recyclingequipinc.com\/es\/wp-json\/wp\/v2\/product\/4373\/revisions"}],"wp:featuredmedia":[{"embeddable":true,"href":"https:\/\/recyclingequipinc.com\/es\/wp-json\/wp\/v2\/media\/16800"}],"wp:attachment":[{"href":"https:\/\/recyclingequipinc.com\/es\/wp-json\/wp\/v2\/media?parent=4373"}],"wp:term":[{"taxonomy":"product_brand","embeddable":true,"href":"https:\/\/recyclingequipinc.com\/es\/wp-json\/wp\/v2\/product_brand?post=4373"},{"taxonomy":"product_cat","embeddable":true,"href":"https:\/\/recyclingequipinc.com\/es\/wp-json\/wp\/v2\/product_cat?post=4373"},{"taxonomy":"product_tag","embeddable":true,"href":"https:\/\/recyclingequipinc.com\/es\/wp-json\/wp\/v2\/product_tag?post=4373"}],"curies":[{"name":"wp","href":"https:\/\/api.w.org\/{rel}","templated":true}]}}