{"id":17668,"date":"2026-02-09T16:26:21","date_gmt":"2026-02-09T08:26:21","guid":{"rendered":"https:\/\/recyclingequipinc.com\/?post_type=product&#038;p=17668"},"modified":"2026-02-09T16:26:21","modified_gmt":"2026-02-09T08:26:21","slug":"eddy-current-separation-system","status":"publish","type":"product","link":"https:\/\/recyclingequipinc.com\/es\/product\/eddy-current-separation-system\/","title":{"rendered":"Sistemas de Separaci\u00f3n por Corriente de Foucault Shuliy: Su Soluci\u00f3n Integral para la Recuperaci\u00f3n de Metales"},"content":{"rendered":"<p>Construir una operaci\u00f3n de reciclaje de metales rentable requiere m\u00e1s que un buen separador; requiere un sistema perfectamente sincronizado donde cada m\u00e1quina funcione en armon\u00eda. Un cuello de botella al principio o una cinta de salida mal emparejada pueden paralizar la eficiencia incluso del mejor clasificador por corrientes de Foucault.<\/p> <p>En Shuliy, nos especializamos en dise\u00f1ar y entregar sistemas completos de separaci\u00f3n por corrientes de Foucault llave en mano. Analizamos todo su proceso, desde la entrada inicial hasta el producto final clasificado, para crear una soluci\u00f3n de reciclaje totalmente integrada que garantice un rendimiento \u00f3ptimo y un mayor retorno de la inversi\u00f3n.<\/p> <h2>Anatom\u00eda de un sistema de separaci\u00f3n de Shuliy<\/h2> <p>Un sistema de clasificaci\u00f3n integrado verdaderamente eficiente est\u00e1 compuesto por varias etapas clave, todas suministradas y calibradas por Shuliy para trabajar juntas sin problemas.<\/p> <ul> <li><strong>Preparaci\u00f3n y distribuci\u00f3n (Preparaci\u00f3n):<\/strong> Comienza con un alimentador vibratorio para recibir material a granel y distribuirlo en una capa delgada y uniforme. Esto es crucial para que el equipo aguas abajo funcione eficazmente.<\/li> <li><strong>Eliminaci\u00f3n de metales ferrosos (Purificaci\u00f3n):<\/strong> Luego, un potente im\u00e1n de banda o tambor magn\u00e9tico elimina todos los contaminantes de hierro y acero. Esto protege el separador por corrientes de Foucault y purifica el flujo de material.<\/li> <li><strong>Separaci\u00f3n de no ferrosos (El n\u00facleo):<\/strong> Luego, el material fluye hacia el coraz\u00f3n del sistema: el Separador por Corrientes de Foucault de Shuliy. Esta m\u00e1quina utiliza su rotor de alta velocidad para expulsar con fuerza todos los metales no ferrosos como aluminio, cobre y lat\u00f3n.<\/li> <li><strong>Manipulaci\u00f3n de materiales (Salida):<\/strong> Finalmente, se configura una serie de cintas transportadoras para llevar los flujos separados, uno para metales no ferrosos limpios y otro para los materiales inertes restantes, a sus \u00e1reas de recogida designadas.<\/li> <\/ul> <div id='gallery-1' class='gallery galleryid-17668 gallery-columns-3 gallery-size-full'><figure class='gallery-item'> \t\t\t<div class='gallery-icon landscape'> \t\t\t\t<a href='https:\/\/recyclingequipinc.com\/es\/?attachment_id=17681'><img fetchpriority=\"high\" decoding=\"async\" width=\"720\" height=\"540\" src=\"https:\/\/recyclingequipinc.com\/wp-content\/uploads\/2026\/02\/good-effect-of-the-Eddy-Current-Separation-System.webp\" class=\"attachment-full size-full\" alt=\"Buen efecto del sistema de separaci\u00f3n por corrientes de Foucault\" aria-describedby=\"gallery-1-17681\" srcset=\"https:\/\/recyclingequipinc.com\/wp-content\/uploads\/2026\/02\/good-effect-of-the-Eddy-Current-Separation-System.webp 720w, https:\/\/recyclingequipinc.com\/wp-content\/uploads\/2026\/02\/good-effect-of-the-Eddy-Current-Separation-System-300x225.webp 300w, https:\/\/recyclingequipinc.com\/wp-content\/uploads\/2026\/02\/good-effect-of-the-Eddy-Current-Separation-System-16x12.webp 16w\" sizes=\"(max-width: 720px) 100vw, 720px\" \/><\/a> \t\t\t<\/div> \t\t\t\t<figcaption class='wp-caption-text gallery-caption' id='gallery-1-17681'> \t\t\t\tBuen efecto del sistema de separaci\u00f3n por corrientes de Foucault \t\t\t\t<\/figcaption><\/figure><figure class='gallery-item'> \t\t\t<div class='gallery-icon landscape'> \t\t\t\t<a href='https:\/\/recyclingequipinc.com\/es\/?attachment_id=17680'><img decoding=\"async\" width=\"720\" height=\"540\" src=\"https:\/\/recyclingequipinc.com\/wp-content\/uploads\/2026\/02\/final-products-of-the-Eddy-Current-Separation-System.webp\" class=\"attachment-full size-full\" alt=\"productos finales del sistema de separaci\u00f3n por corrientes de Foucault\" aria-describedby=\"gallery-1-17680\" srcset=\"https:\/\/recyclingequipinc.com\/wp-content\/uploads\/2026\/02\/final-products-of-the-Eddy-Current-Separation-System.webp 720w, https:\/\/recyclingequipinc.com\/wp-content\/uploads\/2026\/02\/final-products-of-the-Eddy-Current-Separation-System-300x225.webp 300w, https:\/\/recyclingequipinc.com\/wp-content\/uploads\/2026\/02\/final-products-of-the-Eddy-Current-Separation-System-16x12.webp 16w\" sizes=\"(max-width: 720px) 100vw, 720px\" \/><\/a> \t\t\t<\/div> \t\t\t\t<figcaption class='wp-caption-text gallery-caption' id='gallery-1-17680'> \t\t\t\tproductos finales del sistema de separaci\u00f3n por corrientes de Foucault \t\t\t\t<\/figcaption><\/figure> \t\t<\/div>  <h2>\u00bfPor qu\u00e9 elegir un sistema integrado de Shuliy?<\/h2> <p>Optar por un sistema completo de separaci\u00f3n por corrientes de Foucault de Shuliy ofrece ventajas que la compra de componentes individuales no puede igualar.<\/p> <ul> <li><strong>Compatibilidad garantizada:<\/strong> Eliminamos las conjeturas. Cada m\u00e1quina del sistema est\u00e1 dimensionada y configurada para coincidir con el rendimiento de las otras, evitando cuellos de botella.<\/li> <li><strong>Adquisici\u00f3n simplificada:<\/strong> Trabajas con un solo proveedor experto para toda la l\u00ednea. Esto simplifica la comunicaci\u00f3n, la compra y la gesti\u00f3n del proyecto.<\/li> <li><strong>Rendimiento optimizado:<\/strong> Nuestros ingenieros dise\u00f1an la distribuci\u00f3n para m\u00e1xima eficiencia, asegurando un flujo suave de material y m\u00ednimas ca\u00eddas entre etapas.<\/li> <li><strong>Soporte y servicio unificados:<\/strong> Cuando necesita soporte, hace una llamada. Ofrecemos un servicio integral para toda la l\u00ednea de recuperaci\u00f3n de no ferrosos, no solo una parte.<\/li> <\/ul> <figure id=\"attachment_17682\" aria-describedby=\"caption-attachment-17682\" style=\"width: 720px\" class=\"wp-caption aligncenter\"><img decoding=\"async\" class=\"size-full wp-image-17682\" src=\"https:\/\/recyclingequipinc.com\/wp-content\/uploads\/2026\/02\/machine-details.webp\" alt=\"detalles de la m\u00e1quina\" width=\"720\" height=\"540\" srcset=\"https:\/\/recyclingequipinc.com\/wp-content\/uploads\/2026\/02\/machine-details.webp 720w, https:\/\/recyclingequipinc.com\/wp-content\/uploads\/2026\/02\/machine-details-300x225.webp 300w, https:\/\/recyclingequipinc.com\/wp-content\/uploads\/2026\/02\/machine-details-16x12.webp 16w\" sizes=\"(max-width: 720px) 100vw, 720px\" \/><figcaption id=\"caption-attachment-17682\" class=\"wp-caption-text\">detalles de la m\u00e1quina<\/figcaption><\/figure> <h2>Especificaciones del Separador Central<\/h2> <p>El coraz\u00f3n de cada sistema de separaci\u00f3n de Shuliy es nuestra robusta unidad de separador por corrientes de Foucault. Las especificaciones de nuestros modelos principales, que est\u00e1n integrados en nuestros sistemas, son las siguientes:<\/p> <table style=\"border-collapse: collapse; width: 100%;\"> <tbody> <tr> <td style=\"width: 14.2857%;\">Modelo<\/td> <td style=\"width: 14.2857%;\">Velocidad del rotor (r\/min)<\/td> <td style=\"width: 14.2857%;\">Ancho de la cinta (mm)<\/td> <td style=\"width: 14.2857%;\">Capacidad (t\/h)<\/td> <td style=\"width: 14.2857%;\">Potencia(kW)<\/td> <td style=\"width: 14.2857%;\">Peso (kg)<\/td> <td style=\"width: 14.2857%;\">Dimensiones (mm)<\/td> <\/tr> <tr> <td style=\"width: 14.2857%;\">SL-600<\/td> <td style=\"width: 14.2857%;\">0-3000<\/td> <td style=\"width: 14.2857%;\">650<\/td> <td style=\"width: 14.2857%;\">4-6<\/td> <td style=\"width: 14.2857%;\">4.0+0.75<\/td> <td style=\"width: 14.2857%;\">1400<\/td> <td style=\"width: 14.2857%;\">2980*1883*1210<\/td> <\/tr> <tr> <td style=\"width: 14.2857%;\">SL-800<\/td> <td style=\"width: 14.2857%;\">0-3000<\/td> <td style=\"width: 14.2857%;\">850<\/td> <td style=\"width: 14.2857%;\">6-10<\/td> <td style=\"width: 14.2857%;\">5.5+1.1<\/td> <td style=\"width: 14.2857%;\">1800<\/td> <td style=\"width: 14.2857%;\">2980*2033*1210<\/td> <\/tr> <tr> <td style=\"width: 14.2857%;\">SL-1000<\/td> <td style=\"width: 14.2857%;\">0-3000<\/td> <td style=\"width: 14.2857%;\">1050<\/td> <td style=\"width: 14.2857%;\">10-12<\/td> <td style=\"width: 14.2857%;\">7.5+1.5<\/td> <td style=\"width: 14.2857%;\">2200<\/td> <td style=\"width: 14.2857%;\">2980*2233*1210<\/td> <\/tr> <tr> <td style=\"width: 14.2857%;\">SL-1200<\/td> <td style=\"width: 14.2857%;\">0-3000<\/td> <td style=\"width: 14.2857%;\">1250<\/td> <td style=\"width: 14.2857%;\">12-15<\/td> <td style=\"width: 14.2857%;\">11+2.2<\/td> <td style=\"width: 14.2857%;\">2400<\/td> <td style=\"width: 14.2857%;\">2980*2433*1210<\/td> <\/tr> <\/tbody> <\/table> <p class=\"translation-block\"><em>Nota: La capacidad total del sistema y la huella se personalizar\u00e1n en funci\u00f3n del dise\u00f1o final de la l\u00ednea integrada, que incluye alimentadores, transportadores y otras m\u00e1quinas.<\/em><\/p> <h2>Comienza a dise\u00f1ar tu sistema hoy<\/h2> <p class=\"translation-block\">Deja de intentar armar una soluci\u00f3n. Permite que los expertos de Shuliy dise\u00f1en un sistema completo de separaci\u00f3n por corrientes de Foucault de alto rendimiento adaptado a tus materiales y objetivos comerciales espec\u00edficos. Cont\u00e1ctanos hoy para una consulta gratuita y da el primer paso hacia la construcci\u00f3n de una operaci\u00f3n de reciclaje m\u00e1s <a href=\"https:\/\/recyclingequipinc.com\/es\/producto\/aluminium-recycling-plant\/\">rentable<\/a>.<\/p> <div id='gallery-2' class='gallery galleryid-17668 gallery-columns-3 gallery-size-full'><figure class='gallery-item'> \t\t\t<div class='gallery-icon landscape'> \t\t\t\t<a href='https:\/\/recyclingequipinc.com\/es\/?attachment_id=17678'><img loading=\"lazy\" decoding=\"async\" width=\"720\" height=\"540\" src=\"https:\/\/recyclingequipinc.com\/wp-content\/uploads\/2026\/02\/Eddy-Current-Separator.webp\" class=\"attachment-full size-full\" alt=\"Separador por Corrientes de Foucault\" aria-describedby=\"gallery-2-17678\" srcset=\"https:\/\/recyclingequipinc.com\/wp-content\/uploads\/2026\/02\/Eddy-Current-Separator.webp 720w, https:\/\/recyclingequipinc.com\/wp-content\/uploads\/2026\/02\/Eddy-Current-Separator-300x225.webp 300w, https:\/\/recyclingequipinc.com\/wp-content\/uploads\/2026\/02\/Eddy-Current-Separator-16x12.webp 16w\" sizes=\"(max-width: 720px) 100vw, 720px\" \/><\/a> \t\t\t<\/div> \t\t\t\t<figcaption class='wp-caption-text gallery-caption' id='gallery-2-17678'> \t\t\t\tSeparador por Corrientes de Foucault \t\t\t\t<\/figcaption><\/figure><figure class='gallery-item'> \t\t\t<div class='gallery-icon landscape'> \t\t\t\t<a href='https:\/\/recyclingequipinc.com\/es\/?attachment_id=17679'><img loading=\"lazy\" decoding=\"async\" width=\"720\" height=\"540\" src=\"https:\/\/recyclingequipinc.com\/wp-content\/uploads\/2026\/02\/Eddy-Current-Sorting-machines.webp\" class=\"attachment-full size-full\" alt=\"M\u00e1quinas de clasificaci\u00f3n por corrientes de Foucault\" aria-describedby=\"gallery-2-17679\" srcset=\"https:\/\/recyclingequipinc.com\/wp-content\/uploads\/2026\/02\/Eddy-Current-Sorting-machines.webp 720w, https:\/\/recyclingequipinc.com\/wp-content\/uploads\/2026\/02\/Eddy-Current-Sorting-machines-300x225.webp 300w, https:\/\/recyclingequipinc.com\/wp-content\/uploads\/2026\/02\/Eddy-Current-Sorting-machines-16x12.webp 16w\" sizes=\"(max-width: 720px) 100vw, 720px\" \/><\/a> \t\t\t<\/div> \t\t\t\t<figcaption class='wp-caption-text gallery-caption' id='gallery-2-17679'> \t\t\t\tM\u00e1quinas de clasificaci\u00f3n por corrientes de Foucault \t\t\t\t<\/figcaption><\/figure> \t\t<\/div>","protected":false},"excerpt":{"rendered":"<p>Invierta en un sistema completo y optimizado de separaci\u00f3n por corrientes de Foucault. Shuliy dise\u00f1a l\u00edneas de reciclaje integradas para m\u00e1xima capacidad y rentabilidad.<\/p>","protected":false},"featured_media":17677,"template":"","meta":{"site-sidebar-layout":"default","site-content-layout":"","ast-site-content-layout":"default","site-content-style":"default","site-sidebar-style":"default","ast-global-header-display":"","ast-banner-title-visibility":"","ast-main-header-display":"","ast-hfb-above-header-display":"","ast-hfb-below-header-display":"","ast-hfb-mobile-header-display":"","site-post-title":"","ast-breadcrumbs-content":"","ast-featured-img":"","footer-sml-layout":"","ast-disable-related-posts":"","theme-transparent-header-meta":"default","adv-header-id-meta":"","stick-header-meta":"","header-above-stick-meta":"","header-main-stick-meta":"","header-below-stick-meta":"","astra-migrate-meta-layouts":"set","ast-page-background-enabled":"default","ast-page-background-meta":{"desktop":{"background-color":"","background-image":"","background-repeat":"repeat","background-position":"center center","background-size":"auto","background-attachment":"scroll","background-type":"","background-media":"","overlay-type":"","overlay-color":"","overlay-opacity":"","overlay-gradient":""},"tablet":{"background-color":"","background-image":"","background-repeat":"repeat","background-position":"center center","background-size":"auto","background-attachment":"scroll","background-type":"","background-media":"","overlay-type":"","overlay-color":"","overlay-opacity":"","overlay-gradient":""},"mobile":{"background-color":"","background-image":"","background-repeat":"repeat","background-position":"center center","background-size":"auto","background-attachment":"scroll","background-type":"","background-media":"","overlay-type":"","overlay-color":"","overlay-opacity":"","overlay-gradient":""}},"ast-content-background-meta":{"desktop":{"background-color":"var(--ast-global-color-5)","background-image":"","background-repeat":"repeat","background-position":"center center","background-size":"auto","background-attachment":"scroll","background-type":"","background-media":"","overlay-type":"","overlay-color":"","overlay-opacity":"","overlay-gradient":""},"tablet":{"background-color":"var(--ast-global-color-5)","background-image":"","background-repeat":"repeat","background-position":"center center","background-size":"auto","background-attachment":"scroll","background-type":"","background-media":"","overlay-type":"","overlay-color":"","overlay-opacity":"","overlay-gradient":""},"mobile":{"background-color":"var(--ast-global-color-5)","background-image":"","background-repeat":"repeat","background-position":"center center","background-size":"auto","background-attachment":"scroll","background-type":"","background-media":"","overlay-type":"","overlay-color":"","overlay-opacity":"","overlay-gradient":""}}},"product_brand":[],"product_cat":[131],"product_tag":[],"class_list":{"0":"post-17668","1":"product","2":"type-product","3":"status-publish","4":"has-post-thumbnail","6":"product_cat-metal-recycling-machine","7":"desktop-align-center","8":"tablet-align-center","9":"mobile-align-center","11":"first","12":"instock","13":"shipping-taxable","14":"product-type-simple"},"_links":{"self":[{"href":"https:\/\/recyclingequipinc.com\/es\/wp-json\/wp\/v2\/product\/17668","targetHints":{"allow":["GET"]}}],"collection":[{"href":"https:\/\/recyclingequipinc.com\/es\/wp-json\/wp\/v2\/product"}],"about":[{"href":"https:\/\/recyclingequipinc.com\/es\/wp-json\/wp\/v2\/types\/product"}],"version-history":[{"count":3,"href":"https:\/\/recyclingequipinc.com\/es\/wp-json\/wp\/v2\/product\/17668\/revisions"}],"predecessor-version":[{"id":17683,"href":"https:\/\/recyclingequipinc.com\/es\/wp-json\/wp\/v2\/product\/17668\/revisions\/17683"}],"wp:featuredmedia":[{"embeddable":true,"href":"https:\/\/recyclingequipinc.com\/es\/wp-json\/wp\/v2\/media\/17677"}],"wp:attachment":[{"href":"https:\/\/recyclingequipinc.com\/es\/wp-json\/wp\/v2\/media?parent=17668"}],"wp:term":[{"taxonomy":"product_brand","embeddable":true,"href":"https:\/\/recyclingequipinc.com\/es\/wp-json\/wp\/v2\/product_brand?post=17668"},{"taxonomy":"product_cat","embeddable":true,"href":"https:\/\/recyclingequipinc.com\/es\/wp-json\/wp\/v2\/product_cat?post=17668"},{"taxonomy":"product_tag","embeddable":true,"href":"https:\/\/recyclingequipinc.com\/es\/wp-json\/wp\/v2\/product_tag?post=17668"}],"curies":[{"name":"wp","href":"https:\/\/api.w.org\/{rel}","templated":true}]}}