{"id":17610,"date":"2025-12-22T15:12:00","date_gmt":"2025-12-22T07:12:00","guid":{"rendered":"https:\/\/recyclingequipinc.com\/?post_type=product&#038;p=17610"},"modified":"2025-12-22T15:12:00","modified_gmt":"2025-12-22T07:12:00","slug":"dry-ice-cooler","status":"publish","type":"product","link":"https:\/\/recyclingequipinc.com\/es\/product\/dry-ice-cooler\/","title":{"rendered":"El enfriador de hielo seco definitivo: soluciones premium de almacenamiento y env\u00edo"},"content":{"rendered":"<p>Deja de ver c\u00f3mo tu inversi\u00f3n en hielo seco desaparece en el aire. Para almacenar y transportar hielo seco de manera eficiente, un enfriador est\u00e1ndar simplemente no es suficiente. Necesitas un enfriador de hielo seco profesional, un contenedor especializado construido para soportar el fr\u00edo extremo y minimizar la p\u00e9rdida de producto.<\/p> <p>En Shuliy, ofrecemos una gama robusta de enfriadores dise\u00f1ados espec\u00edficamente para este prop\u00f3sito, asegurando que tu hielo seco permanezca efectivo por m\u00e1s tiempo.<\/p> <h2>Por qu\u00e9 un enfriador de hielo seco profesional es esencial<\/h2> <p>Usar un enfriador regular para hielo seco es ineficiente y puede ser inseguro. Un contenedor aislado dise\u00f1ado espec\u00edficamente para hielo seco es una inversi\u00f3n mucho m\u00e1s inteligente por varias razones clave:<\/p> <ul> <li><strong>Aislamiento superior:<\/strong> Nuestros enfriadores cuentan con una capa de aislamiento de espuma de poliuretano (PU) gruesa dentro de una carcasa de LLDPE duradera. Esta construcci\u00f3n crea una barrera t\u00e9rmica excepcional, ralentizando significativamente el proceso de sublimaci\u00f3n (cuando el hielo seco se convierte en gas). El resultado son tiempos de conservaci\u00f3n m\u00e1s largos y ahorros directos en costos.<\/li> <li><strong>Durabilidad inigualable:<\/strong> Dise\u00f1ados para las demandas del uso industrial y comercial, nuestros contenedores de transporte de hielo seco son altamente resistentes a impactos y estr\u00e9s por bajas temperaturas. Son un activo duradero, a diferencia de las cajas de poliestireno de un solo uso.<\/li> <li><strong>Dise\u00f1ado para la seguridad:<\/strong> Almacenar hielo seco en un recipiente completamente herm\u00e9tico es peligroso. A medida que el hielo seco sublima, libera una gran cantidad de gas CO2, lo que puede hacer que un recipiente sellado se presurice y potencialmente se rompa. Nuestros enfriadores est\u00e1n dise\u00f1ados para ventilar este gas de manera segura mientras mantienen temperaturas internas fr\u00edas.<\/li> <\/ul> <div id='gallery-1' class='gallery galleryid-17610 gallery-columns-3 gallery-size-full'><figure class='gallery-item'> \t\t\t<div class='gallery-icon landscape'> \t\t\t\t<a href='https:\/\/recyclingequipinc.com\/es\/?attachment_id=17614'><img fetchpriority=\"high\" decoding=\"async\" width=\"720\" height=\"540\" src=\"https:\/\/recyclingequipinc.com\/wp-content\/uploads\/2025\/12\/The-dry-ice-chest-is-equipped-with-wheels.webp\" class=\"attachment-full size-full\" alt=\"El cofre de hielo seco est\u00e1 equipado con ruedas.\" aria-describedby=\"gallery-1-17614\" srcset=\"https:\/\/recyclingequipinc.com\/wp-content\/uploads\/2025\/12\/The-dry-ice-chest-is-equipped-with-wheels.webp 720w, https:\/\/recyclingequipinc.com\/wp-content\/uploads\/2025\/12\/The-dry-ice-chest-is-equipped-with-wheels-300x225.webp 300w, https:\/\/recyclingequipinc.com\/wp-content\/uploads\/2025\/12\/The-dry-ice-chest-is-equipped-with-wheels-16x12.webp 16w\" sizes=\"(max-width: 720px) 100vw, 720px\" \/><\/a> \t\t\t<\/div> \t\t\t\t<figcaption class='wp-caption-text gallery-caption' id='gallery-1-17614'> \t\t\t\tEl cofre de hielo seco est\u00e1 equipado con ruedas. \t\t\t\t<\/figcaption><\/figure><figure class='gallery-item'> \t\t\t<div class='gallery-icon landscape'> \t\t\t\t<a href='https:\/\/recyclingequipinc.com\/es\/?attachment_id=17615'><img decoding=\"async\" width=\"720\" height=\"540\" src=\"https:\/\/recyclingequipinc.com\/wp-content\/uploads\/2025\/12\/Thick-high-quality-casing.webp\" class=\"attachment-full size-full\" alt=\"Carcasa gruesa de alta calidad\" aria-describedby=\"gallery-1-17615\" srcset=\"https:\/\/recyclingequipinc.com\/wp-content\/uploads\/2025\/12\/Thick-high-quality-casing.webp 720w, https:\/\/recyclingequipinc.com\/wp-content\/uploads\/2025\/12\/Thick-high-quality-casing-300x225.webp 300w, https:\/\/recyclingequipinc.com\/wp-content\/uploads\/2025\/12\/Thick-high-quality-casing-16x12.webp 16w\" sizes=\"(max-width: 720px) 100vw, 720px\" \/><\/a> \t\t\t<\/div> \t\t\t\t<figcaption class='wp-caption-text gallery-caption' id='gallery-1-17615'> \t\t\t\tCarcasa gruesa de alta calidad \t\t\t\t<\/figcaption><\/figure> \t\t<\/div>  <h2>Aplicaciones vers\u00e1tiles de nuestro enfriador de poliestireno para hielo seco<\/h2> <p>Nuestros enfriadores de hielo seco son confiables en todo el mundo para sus necesidades cr\u00edticas de control de temperatura. Los usos comunes de nuestra caja enfriadora de hielo seco incluyen:<\/p> <ul> <li>M\u00e9dico y farmac\u00e9utico: Transporte seguro de vacunas, muestras biol\u00f3gicas y espec\u00edmenes de laboratorio.<\/li> <li>Alimentaci\u00f3n y catering: Preserva alimentos congelados, helado y art\u00edculos especiales durante el env\u00edo o eventos.<\/li> <li>Servicios industriales: Utiliza como transportador de hielo seco para transportar pellets hechos por tu <a href=\"https:\/\/recyclingequipinc.com\/es\/producto\/dry-ice-pelletizer\/\">m\u00e1quina de pellets de hielo seco<\/a> a un lugar de trabajo para tareas que utilizan un <a href=\"https:\/\/recyclingequipinc.com\/es\/producto\/dry-ice-blasting-machine\/\">m\u00e1quina de limpieza con hielo seco<\/a><\/li> <li>Log\u00edstica de la cadena de fr\u00edo: Garantiza una cadena de fr\u00edo ininterrumpida para cualquier producto sensible a la temperatura.<\/li> <\/ul> <h2>Nuestros modelos de enfriadores de hielo seco: Encuentra el que mejor se adapte a ti<\/h2> <p>Ofrecemos una amplia gama de tama\u00f1os para satisfacer diferentes requisitos de capacidad. Ya sea que necesites una caja peque\u00f1a para entregas locales o un gran arca de almacenamiento de hielo seco para almacenamiento a granel, tenemos una soluci\u00f3n.<\/p> <table style=\"border-collapse: collapse; width: 100%;\"> <tbody> <tr> <td style=\"width: 16.6667%;\"><strong>Modelo<\/strong><\/td> <td style=\"width: 16.6667%;\"><strong>Volumen (L)<\/strong><\/td> <td style=\"width: 16.6667%;\"><strong>Peso (kg)<\/strong><\/td> <td style=\"width: 16.6667%;\"><strong>Capacidad de hielo seco (kg)<\/strong><\/td> <td style=\"width: 16.6667%;\"><strong>Dimensiones internas (cm)<\/strong><\/td> <td style=\"width: 16.6667%;\"><strong>Dimensiones externas (cm)<\/strong><\/td> <\/tr> <tr> <td style=\"width: 16.6667%;\">SL-30<\/td> <td style=\"width: 16.6667%;\">30<\/td> <td style=\"width: 16.6667%;\">10<\/td> <td style=\"width: 16.6667%;\">25<\/td> <td style=\"width: 16.6667%;\">42.5*32.5*23.7<\/td> <td style=\"width: 16.6667%;\">55*42.7*34<\/td> <\/tr> <tr> <td style=\"width: 16.6667%;\">SL-60<\/td> <td style=\"width: 16.6667%;\">60<\/td> <td style=\"width: 16.6667%;\">25<\/td> <td style=\"width: 16.6667%;\">50<\/td> <td style=\"width: 16.6667%;\">32*32*60<\/td> <td style=\"width: 16.6667%;\">46*46*93<\/td> <\/tr> <tr> <td style=\"width: 16.6667%;\">SL-130<\/td> <td style=\"width: 16.6667%;\">130<\/td> <td style=\"width: 16.6667%;\">37<\/td> <td style=\"width: 16.6667%;\">100<\/td> <td style=\"width: 16.6667%;\">61*41*54<\/td> <td style=\"width: 16.6667%;\">80*60*83.5<\/td> <\/tr> <tr> <td style=\"width: 16.6667%;\">SL-300<\/td> <td style=\"width: 16.6667%;\">300<\/td> <td style=\"width: 16.6667%;\">62<\/td> <td style=\"width: 16.6667%;\">250<\/td> <td style=\"width: 16.6667%;\">98*55*64<\/td> <td style=\"width: 16.6667%;\">110*70*101<\/td> <\/tr> <tr> <td style=\"width: 16.6667%;\">SL-330<\/td> <td style=\"width: 16.6667%;\">330<\/td> <td style=\"width: 16.6667%;\">69<\/td> <td style=\"width: 16.6667%;\">720<\/td> <td style=\"width: 16.6667%;\">96*56*64<\/td> <td style=\"width: 16.6667%;\">115*75*1010<\/td> <\/tr> <tr> <td style=\"width: 16.6667%;\">SL-480<\/td> <td style=\"width: 16.6667%;\">480<\/td> <td style=\"width: 16.6667%;\">96<\/td> <td style=\"width: 16.6667%;\">400<\/td> <td style=\"width: 16.6667%;\">100*80*64<\/td> <td style=\"width: 16.6667%;\">120*100*101<\/td> <\/tr> <\/tbody> <\/table> <p class=\"translation-block\"><em>Nota: Las especificaciones de capacidad se basan en datos del fabricante. Por favor, cont\u00e1ctanos para detalles sobre modelos espec\u00edficos.<\/em><\/p> <figure id=\"attachment_17612\" aria-describedby=\"caption-attachment-17612\" style=\"width: 720px\" class=\"wp-caption aligncenter\"><img decoding=\"async\" class=\"wp-image-17612 size-full\" src=\"https:\/\/recyclingequipinc.com\/wp-content\/uploads\/2025\/12\/dry-ice-cooler-boxes-in-stock.webp\" alt=\"cajas de hielo seco en stock\" width=\"720\" height=\"540\" srcset=\"https:\/\/recyclingequipinc.com\/wp-content\/uploads\/2025\/12\/dry-ice-cooler-boxes-in-stock.webp 720w, https:\/\/recyclingequipinc.com\/wp-content\/uploads\/2025\/12\/dry-ice-cooler-boxes-in-stock-300x225.webp 300w, https:\/\/recyclingequipinc.com\/wp-content\/uploads\/2025\/12\/dry-ice-cooler-boxes-in-stock-16x12.webp 16w\" sizes=\"(max-width: 720px) 100vw, 720px\" \/><figcaption id=\"caption-attachment-17612\" class=\"wp-caption-text\">cajas de hielo seco en stock<\/figcaption><\/figure> <h2>Caracter\u00edsticas clave de los enfriadores de hielo seco Shuliy<\/h2> <ul> <li><strong>Cuerpo de LLDPE de grado alimentario:<\/strong> Seguro, no t\u00f3xico y f\u00e1cil de limpiar.<\/li> <li><strong>Aislamiento de poliuretano de alto rendimiento:<\/strong> Proporciona una excelente barrera t\u00e9rmica para tiempos prolongados de conservaci\u00f3n.<\/li> <li><strong>Pestillos de alta resistencia:<\/strong> Sellar la tapa de manera segura para minimizar la p\u00e9rdida de temperatura.<\/li> <li><strong>F\u00e1cil movilidad:<\/strong> Los modelos est\u00e1n equipados con ruedas duraderas o bolsillos para carretillas elevadoras para facilitar su transporte.<\/li> <li><strong>Larga vida \u00fatil:<\/strong> Resistente a impactos f\u00edsicos y fr\u00edo extremo, asegurando un excelente retorno de inversi\u00f3n.<\/li> <\/ul> <h2>\u00a1Obt\u00e9n tu presupuesto personalizado hoy!<\/h2> <p>Protege tus productos sensibles a la temperatura y deja de perder dinero por sublimaci\u00f3n. El enfriador de hielo seco Shuliy es la soluci\u00f3n profesional y confiable que has estado buscando. \u00a1Cont\u00e1ctanos hoy! Nuestro equipo de expertos est\u00e1 listo para ayudarte a seleccionar el modelo perfecto para tus necesidades y ofrecerte una cotizaci\u00f3n competitiva y sin compromiso.<\/p>","protected":false},"excerpt":{"rendered":"<ul> <li>AISLAMIENTO M\u00c1XIMO, COSTE M\u00cdNIMO: La espuma de poliuretano superior reduce dr\u00e1sticamente la p\u00e9rdida de hielo seco, ahorr\u00e1ndote dinero.<\/li> <li>DURABILIDAD DE CALIDAD INDUSTRIAL: Construido con resistente LLDPE resistente a impactos para manejar entornos exigentes.<\/li> <li>SEGURO Y VERS\u00c1TIL PARA TODAS LAS NECESIDADES: Modelos certificados desde 30L hasta 480L, dise\u00f1ados con ventilaci\u00f3n de seguridad para cualquier aplicaci\u00f3n.<\/li> <\/ul>","protected":false},"featured_media":17613,"template":"","meta":{"site-sidebar-layout":"default","site-content-layout":"","ast-site-content-layout":"default","site-content-style":"default","site-sidebar-style":"default","ast-global-header-display":"","ast-banner-title-visibility":"","ast-main-header-display":"","ast-hfb-above-header-display":"","ast-hfb-below-header-display":"","ast-hfb-mobile-header-display":"","site-post-title":"","ast-breadcrumbs-content":"","ast-featured-img":"","footer-sml-layout":"","ast-disable-related-posts":"","theme-transparent-header-meta":"default","adv-header-id-meta":"","stick-header-meta":"","header-above-stick-meta":"","header-main-stick-meta":"","header-below-stick-meta":"","astra-migrate-meta-layouts":"set","ast-page-background-enabled":"default","ast-page-background-meta":{"desktop":{"background-color":"","background-image":"","background-repeat":"repeat","background-position":"center center","background-size":"auto","background-attachment":"scroll","background-type":"","background-media":"","overlay-type":"","overlay-color":"","overlay-opacity":"","overlay-gradient":""},"tablet":{"background-color":"","background-image":"","background-repeat":"repeat","background-position":"center center","background-size":"auto","background-attachment":"scroll","background-type":"","background-media":"","overlay-type":"","overlay-color":"","overlay-opacity":"","overlay-gradient":""},"mobile":{"background-color":"","background-image":"","background-repeat":"repeat","background-position":"center center","background-size":"auto","background-attachment":"scroll","background-type":"","background-media":"","overlay-type":"","overlay-color":"","overlay-opacity":"","overlay-gradient":""}},"ast-content-background-meta":{"desktop":{"background-color":"var(--ast-global-color-5)","background-image":"","background-repeat":"repeat","background-position":"center center","background-size":"auto","background-attachment":"scroll","background-type":"","background-media":"","overlay-type":"","overlay-color":"","overlay-opacity":"","overlay-gradient":""},"tablet":{"background-color":"var(--ast-global-color-5)","background-image":"","background-repeat":"repeat","background-position":"center center","background-size":"auto","background-attachment":"scroll","background-type":"","background-media":"","overlay-type":"","overlay-color":"","overlay-opacity":"","overlay-gradient":""},"mobile":{"background-color":"var(--ast-global-color-5)","background-image":"","background-repeat":"repeat","background-position":"center center","background-size":"auto","background-attachment":"scroll","background-type":"","background-media":"","overlay-type":"","overlay-color":"","overlay-opacity":"","overlay-gradient":""}}},"product_brand":[],"product_cat":[132],"product_tag":[],"class_list":{"0":"post-17610","1":"product","2":"type-product","3":"status-publish","4":"has-post-thumbnail","6":"product_cat-dry-ice-machine","7":"desktop-align-center","8":"tablet-align-center","9":"mobile-align-center","11":"first","12":"instock","13":"shipping-taxable","14":"product-type-simple"},"_links":{"self":[{"href":"https:\/\/recyclingequipinc.com\/es\/wp-json\/wp\/v2\/product\/17610","targetHints":{"allow":["GET"]}}],"collection":[{"href":"https:\/\/recyclingequipinc.com\/es\/wp-json\/wp\/v2\/product"}],"about":[{"href":"https:\/\/recyclingequipinc.com\/es\/wp-json\/wp\/v2\/types\/product"}],"version-history":[{"count":0,"href":"https:\/\/recyclingequipinc.com\/es\/wp-json\/wp\/v2\/product\/17610\/revisions"}],"wp:featuredmedia":[{"embeddable":true,"href":"https:\/\/recyclingequipinc.com\/es\/wp-json\/wp\/v2\/media\/17613"}],"wp:attachment":[{"href":"https:\/\/recyclingequipinc.com\/es\/wp-json\/wp\/v2\/media?parent=17610"}],"wp:term":[{"taxonomy":"product_brand","embeddable":true,"href":"https:\/\/recyclingequipinc.com\/es\/wp-json\/wp\/v2\/product_brand?post=17610"},{"taxonomy":"product_cat","embeddable":true,"href":"https:\/\/recyclingequipinc.com\/es\/wp-json\/wp\/v2\/product_cat?post=17610"},{"taxonomy":"product_tag","embeddable":true,"href":"https:\/\/recyclingequipinc.com\/es\/wp-json\/wp\/v2\/product_tag?post=17610"}],"curies":[{"name":"wp","href":"https:\/\/api.w.org\/{rel}","templated":true}]}}