{"id":17587,"date":"2025-12-01T10:36:22","date_gmt":"2025-12-01T02:36:22","guid":{"rendered":"https:\/\/recyclingequipinc.com\/?post_type=product&#038;p=17587"},"modified":"2025-12-22T13:46:33","modified_gmt":"2025-12-22T05:46:33","slug":"dry-ice-pelletizer","status":"publish","type":"product","link":"https:\/\/recyclingequipinc.com\/es\/product\/dry-ice-pelletizer\/","title":{"rendered":"Pelletizador de hielo seco de alto rendimiento"},"content":{"rendered":"<p>Optimice sus operaciones y tenga control total sobre su suministro de hielo seco con un pelletizador de hielo seco Shuliy de \u00faltima generaci\u00f3n. Produzca pellets de hielo seco frescos y de alta calidad bajo demanda, ofreciendo eficiencia inigualable para limpieza industrial, enfriamiento preciso y efectos especiales cautivadores. Diga adi\u00f3s a los problemas de la cadena de suministro y hola a la producci\u00f3n en el sitio que garantiza un rendimiento \u00f3ptimo y ahorro de costos.<\/p> <h2>El poder de los pellets de hielo seco a demanda<\/h2> <p>A robust dry ice pelletizer is more than just a piece of equipment; it&#8217;s a strategic asset. It empowers businesses to generate their own dry ice pellets, eliminating the logistical challenges and costs associated with external suppliers. This ensures you always have access to fresh, high-density pellets, crucial for applications where quality and consistency are paramount. Whether you&#8217;re in manufacturing, food processing, or entertainment, a reliable dry ice pellet machine is key to operational excellence.<\/p> <h2>C\u00f3mo funcionan los pelletizadores de hielo seco Shuliy<\/h2> <p>Nuestra avanzada m\u00e1quina de fabricaci\u00f3n de pellets de hielo seco est\u00e1 dise\u00f1ada para eficiencia y facilidad de uso. El proceso es sencillo pero altamente efectivo:<\/p> <ul> <li><strong>Transformaci\u00f3n de CO2:<\/strong> El di\u00f3xido de carbono l\u00edquido (CO2) se inyecta con precisi\u00f3n en una c\u00e1mara de alta presi\u00f3n dentro del pelletizador Shuliy.<\/li> <li><strong>Formaci\u00f3n de nieve:<\/strong> A medida que el CO2 sufre una liberaci\u00f3n de presi\u00f3n controlada, experimenta una r\u00e1pida expansi\u00f3n y una ca\u00edda dram\u00e1tica en la temperatura. Esto hace que se solidifique en nieve de hielo seco fina y en polvo.<\/li> <li><strong>Extrusi\u00f3n de pellets:<\/strong> Luego, esta nieve de hielo seco se comprime bajo presi\u00f3n y se fuerza a trav\u00e9s de placas de matriz especialmente dise\u00f1adas. Este proceso de extrusi\u00f3n da forma a la nieve en pellets de hielo seco uniformes y densos, listos para su uso inmediato.<\/li> <\/ul> <p>his sophisticated yet simple mechanism ensures a high conversion ratio (\u226542%) and produces dry ice pellets with a density of 1550 kg\/m\u00b3, maximizing their effectiveness in any application. Shuliy&#8217;s equipment features robust stainless steel construction, an intuitive touchscreen interface, and a reliable extrusion system, guaranteeing consistent results and simple operation.<\/p> <h2>Shuliy&#8217;s Dry Ice Pelletizer Range<\/h2> <p>Ofrecemos una variedad de pelletizadores de hielo seco en venta para satisfacer diversas necesidades industriales, desde operaciones a peque\u00f1a escala hasta producci\u00f3n de alto volumen:<\/p> <table style=\"border-collapse: collapse; width: 100%;\"> <tbody> <tr> <td style=\"width: 14.2857%;\">Modelo<\/td> <td style=\"width: 14.2857%;\">Capacidad (kg\/h)<\/td> <td style=\"width: 14.2857%;\">Tama\u00f1o del pellet (mm)<\/td> <td style=\"width: 14.2857%;\">Potencia(kW)<\/td> <td style=\"width: 14.2857%;\">Peso (kg)<\/td> <td style=\"width: 14.2857%;\">Dimensiones (cm)<\/td> <\/tr> <tr> <td style=\"width: 14.2857%;\">SL-50<\/td> <td style=\"width: 14.2857%;\">50<\/td> <td style=\"width: 14.2857%;\">\u22053-16<\/td> <td style=\"width: 14.2857%;\">3<\/td> <td style=\"width: 14.2857%;\">200<\/td> <td style=\"width: 14.2857%;\">100*50*100<\/td> <\/tr> <tr> <td style=\"width: 14.2857%;\">SL-100<\/td> <td style=\"width: 14.2857%;\">100<\/td> <td style=\"width: 14.2857%;\">\u22053-19<\/td> <td style=\"width: 14.2857%;\">4<\/td> <td style=\"width: 14.2857%;\">350<\/td> <td style=\"width: 14.2857%;\">128*60*140<\/td> <\/tr> <tr> <td style=\"width: 14.2857%;\">SL-150<\/td> <td style=\"width: 14.2857%;\">150<\/td> <td style=\"width: 14.2857%;\">\u22053-19<\/td> <td style=\"width: 14.2857%;\">7.5<\/td> <td style=\"width: 14.2857%;\">600<\/td> <td style=\"width: 14.2857%;\">135*65*165<\/td> <\/tr> <tr> <td style=\"width: 14.2857%;\">SL-200<\/td> <td style=\"width: 14.2857%;\">200<\/td> <td style=\"width: 14.2857%;\">\u22053-19<\/td> <td style=\"width: 14.2857%;\">5.5<\/td> <td style=\"width: 14.2857%;\">650<\/td> <td style=\"width: 14.2857%;\">48*100*151<\/td> <\/tr> <tr> <td style=\"width: 14.2857%;\">SL-300<\/td> <td style=\"width: 14.2857%;\">300<\/td> <td style=\"width: 14.2857%;\">\u22053-19<\/td> <td style=\"width: 14.2857%;\">7.5<\/td> <td style=\"width: 14.2857%;\">1200<\/td> <td style=\"width: 14.2857%;\">135*120*158<\/td> <\/tr> <tr> <td style=\"width: 14.2857%;\">SL-500<\/td> <td style=\"width: 14.2857%;\">500<\/td> <td style=\"width: 14.2857%;\">\u22053-19<\/td> <td style=\"width: 14.2857%;\">18.5<\/td> <td style=\"width: 14.2857%;\">2500<\/td> <td style=\"width: 14.2857%;\">165*145*175<\/td> <\/tr> <\/tbody> <\/table> <h2>Beneficios clave de invertir en un pelletizador de hielo seco Shuliy<\/h2> <ul> <li><strong>Rentabilidad:<\/strong> Reducir significativamente los gastos en compra y transporte de hielo seco.<\/li> <li><strong>Frescura a demanda:<\/strong> Producir pellets seg\u00fan sea necesario, asegurando un rendimiento m\u00e1ximo y caracter\u00edsticas de sublimaci\u00f3n.<\/li> <li><strong>Aplicaciones vers\u00e1tiles:<\/strong> Ideal para limpieza de precisi\u00f3n en automoci\u00f3n y electr\u00f3nica, congelaci\u00f3n r\u00e1pida en la industria alimentaria, mantenimiento de la cadena de fr\u00edo y creaci\u00f3n de efectos atmosf\u00e9ricos dram\u00e1ticos.<\/li> <li><strong>Ecol\u00f3gico:<\/strong> El hielo seco es una opci\u00f3n sostenible, sublim\u00e1ndose directamente en gas CO2 sin dejar residuos qu\u00edmicos.<\/li> <li><strong>Control operativo:<\/strong> Obtenga independencia de proveedores externos y asegure continuidad y estabilidad en sus operaciones.<\/li> <\/ul> <h2>Diferenciaci\u00f3n del equipo de hielo seco:<\/h2> <p class=\"translation-block\">It&#8217;s important to note that a dry ice pelletizer is specifically designed to create uniform dry ice pellets. This differs from <a href=\"https:\/\/recyclingequipinc.com\/es\/producto\/dry-ice-block-maker\/\">machines that produce dry ice blocks<\/a>, and it is also distinct from dry ice blasting equipment, which uses dry ice pellets for cleaning purposes. Shuliy offers comprehensive dry ice solutions to meet your diverse needs.<\/p> <h2>Destacado del \u00e9xito del cliente<\/h2> <p>A leading food processing company in the United States relies on Shuliy&#8217;s dry ice pellet machine for sale to maintain optimal temperature control for their high-value perishable goods during extended shipping. By using Shuliy equipment to produce fresh dry ice on demand, they have successfully reduced product spoilage by 20% and significantly boosted customer satisfaction due to consistent product quality.<\/p> <p>&nbsp;<\/p>","protected":false},"excerpt":{"rendered":"<p>Pelletizadores de hielo seco Shuliy: pellets de calidad a demanda para limpieza, enfriamiento, efectos. Precios competitivos y soporte experto.<\/p>","protected":false},"featured_media":17591,"template":"","meta":{"site-sidebar-layout":"default","site-content-layout":"","ast-site-content-layout":"default","site-content-style":"default","site-sidebar-style":"default","ast-global-header-display":"","ast-banner-title-visibility":"","ast-main-header-display":"","ast-hfb-above-header-display":"","ast-hfb-below-header-display":"","ast-hfb-mobile-header-display":"","site-post-title":"","ast-breadcrumbs-content":"","ast-featured-img":"","footer-sml-layout":"","ast-disable-related-posts":"","theme-transparent-header-meta":"default","adv-header-id-meta":"","stick-header-meta":"","header-above-stick-meta":"","header-main-stick-meta":"","header-below-stick-meta":"","astra-migrate-meta-layouts":"set","ast-page-background-enabled":"default","ast-page-background-meta":{"desktop":{"background-color":"","background-image":"","background-repeat":"repeat","background-position":"center center","background-size":"auto","background-attachment":"scroll","background-type":"","background-media":"","overlay-type":"","overlay-color":"","overlay-opacity":"","overlay-gradient":""},"tablet":{"background-color":"","background-image":"","background-repeat":"repeat","background-position":"center center","background-size":"auto","background-attachment":"scroll","background-type":"","background-media":"","overlay-type":"","overlay-color":"","overlay-opacity":"","overlay-gradient":""},"mobile":{"background-color":"","background-image":"","background-repeat":"repeat","background-position":"center center","background-size":"auto","background-attachment":"scroll","background-type":"","background-media":"","overlay-type":"","overlay-color":"","overlay-opacity":"","overlay-gradient":""}},"ast-content-background-meta":{"desktop":{"background-color":"var(--ast-global-color-5)","background-image":"","background-repeat":"repeat","background-position":"center center","background-size":"auto","background-attachment":"scroll","background-type":"","background-media":"","overlay-type":"","overlay-color":"","overlay-opacity":"","overlay-gradient":""},"tablet":{"background-color":"var(--ast-global-color-5)","background-image":"","background-repeat":"repeat","background-position":"center center","background-size":"auto","background-attachment":"scroll","background-type":"","background-media":"","overlay-type":"","overlay-color":"","overlay-opacity":"","overlay-gradient":""},"mobile":{"background-color":"var(--ast-global-color-5)","background-image":"","background-repeat":"repeat","background-position":"center center","background-size":"auto","background-attachment":"scroll","background-type":"","background-media":"","overlay-type":"","overlay-color":"","overlay-opacity":"","overlay-gradient":""}}},"product_brand":[],"product_cat":[132],"product_tag":[],"class_list":{"0":"post-17587","1":"product","2":"type-product","3":"status-publish","4":"has-post-thumbnail","6":"product_cat-dry-ice-machine","7":"desktop-align-center","8":"tablet-align-center","9":"mobile-align-center","11":"first","12":"instock","13":"shipping-taxable","14":"product-type-simple"},"_links":{"self":[{"href":"https:\/\/recyclingequipinc.com\/es\/wp-json\/wp\/v2\/product\/17587","targetHints":{"allow":["GET"]}}],"collection":[{"href":"https:\/\/recyclingequipinc.com\/es\/wp-json\/wp\/v2\/product"}],"about":[{"href":"https:\/\/recyclingequipinc.com\/es\/wp-json\/wp\/v2\/types\/product"}],"version-history":[{"count":0,"href":"https:\/\/recyclingequipinc.com\/es\/wp-json\/wp\/v2\/product\/17587\/revisions"}],"wp:featuredmedia":[{"embeddable":true,"href":"https:\/\/recyclingequipinc.com\/es\/wp-json\/wp\/v2\/media\/17591"}],"wp:attachment":[{"href":"https:\/\/recyclingequipinc.com\/es\/wp-json\/wp\/v2\/media?parent=17587"}],"wp:term":[{"taxonomy":"product_brand","embeddable":true,"href":"https:\/\/recyclingequipinc.com\/es\/wp-json\/wp\/v2\/product_brand?post=17587"},{"taxonomy":"product_cat","embeddable":true,"href":"https:\/\/recyclingequipinc.com\/es\/wp-json\/wp\/v2\/product_cat?post=17587"},{"taxonomy":"product_tag","embeddable":true,"href":"https:\/\/recyclingequipinc.com\/es\/wp-json\/wp\/v2\/product_tag?post=17587"}],"curies":[{"name":"wp","href":"https:\/\/api.w.org\/{rel}","templated":true}]}}