{"id":17585,"date":"2025-12-01T10:35:01","date_gmt":"2025-12-01T02:35:01","guid":{"rendered":"https:\/\/recyclingequipinc.com\/?post_type=product&#038;p=17585"},"modified":"2025-12-01T10:35:01","modified_gmt":"2025-12-01T02:35:01","slug":"dry-ice-block-maker","status":"publish","type":"product","link":"https:\/\/recyclingequipinc.com\/es\/product\/dry-ice-block-maker\/","title":{"rendered":"Fabricante de bloques de hielo seco en venta"},"content":{"rendered":"<p>Logra la m\u00e1xima eficiencia operativa con la serie SL de Shuliy. Dise\u00f1ada para fiabilidad y rendimiento inigualable, esta m\u00e1quina permite a tu negocio producir bloques de hielo seco de alta densidad en el sitio. Toma el control total de tus procesos de enfriamiento y conservaci\u00f3n produciendo un agente de enfriamiento de calidad superior exactamente cuando lo necesitas, maximizando la calidad y minimizando los costos operativos.<\/p> <h2>\u00bfPor qu\u00e9 invertir en un fabricante de bloques de hielo seco de Shuliy?<\/h2> <p>Nuestras m\u00e1quinas no son solo equipos; son un activo estrat\u00e9gico para tu negocio. Cada componente est\u00e1 dise\u00f1ado para ofrecer beneficios tangibles.<\/p> <ul> <li><strong>Calidad superior del bloque:<\/strong> Nuestra potente prensa hidr\u00e1ulica crea bloques de ultra alta densidad (hasta 1550 kg\/m\u00b3). Esto significa que tu hielo seco es m\u00e1s s\u00f3lido, dura mucho m\u00e1s y proporciona un poder de enfriamiento m\u00e1s efectivo por kilogramo.<\/li> <li><strong>M\u00e1xima eficiencia:<\/strong> Don&#8217;t waste valuable resources. With an advanced design, our dry ice block maker achieves a market-leading conversion ratio of \u226542%, converting more liquid CO2 into solid ice and dramatically lowering your cost per block.<\/li> <li><strong>Operaci\u00f3n robusta y confiable:<\/strong> Construido para las demandas de entornos industriales, la serie SL de Shuliy presenta un marco duradero y componentes centrales de alta calidad, asegurando un rendimiento constante y una larga vida \u00fatil con un mantenimiento m\u00ednimo.<\/li> <li><strong>Control simple y automatizado:<\/strong> La interfaz intuitiva de pantalla t\u00e1ctil PLC permite una operaci\u00f3n sencilla con un solo toque. Esto reduce los costos laborales, minimiza el tiempo de capacitaci\u00f3n y garantiza una producci\u00f3n constante independientemente del operador.<\/li> <\/ul> <h2>El proceso de producci\u00f3n simple en 3 pasos<\/h2> <p>Producir tu propio hielo seco de alta calidad nunca ha sido tan f\u00e1cil. Nuestro fabricante autom\u00e1tico de bloques de hielo seco agiliza todo el proceso.<\/p> <ol> <li><strong>Entrada de CO2 l\u00edquido:<\/strong> La m\u00e1quina extrae CO2 l\u00edquido de tu tanque de almacenamiento conectado.<\/li> <li><strong>Solidificaci\u00f3n r\u00e1pida:<\/strong> The LCO2 is injected into a chamber, where it rapidly expands and solidifies into &#8220;dry ice snow.&#8221;<\/li> <li><strong>Compresi\u00f3n hidr\u00e1ulica:<\/strong> El potente sistema hidr\u00e1ulico comprime instant\u00e1neamente la nieve en un bloque s\u00f3lido, perfectamente formado y de alta densidad.<\/li> <\/ol> <h2>La serie SL de Shuliy: Dise\u00f1ada para tus necesidades<\/h2> <p>Nuestro equipo de producci\u00f3n de hielo seco no es de talla \u00fanica. Ofrecemos dos modelos distintos para garantizar una coincidencia perfecta con su volumen de producci\u00f3n y espacio de trabajo espec\u00edficos.<\/p> <h3><span style=\"font-size: 14pt;\">El SL-120: La potencia compacta<\/span><\/h3> <p>Ideal para empresas en crecimiento, laboratorios o procesadores de alimentos de tama\u00f1o medio, el SL-120 es un fabricante compacto pero potente de bloques de hielo seco comerciales. Ofrece una producci\u00f3n constante de 100-160 kg\/h sin requerir un espacio enorme, siendo el primer paso perfecto hacia la fabricaci\u00f3n de hielo seco en el sitio.<\/p> <h3><span style=\"font-size: 14pt;\">El SL-240: El caballo de batalla industrial<\/span><\/h3> <p>Para operaciones a gran escala, el SL-240 es la soluci\u00f3n definitiva. Esta m\u00e1quina industrial de bloques de hielo seco ofrece una capacidad masiva de 200-300 kg\/h, apoyando sin esfuerzo servicios de catering a\u00e9reo, grandes centros log\u00edsticos farmac\u00e9uticos y l\u00edneas de producci\u00f3n de alimentos de alto volumen.<\/p> <table style=\"border-collapse: collapse; width: 100%;\"> <tbody> <tr> <td style=\"width: 33.3333%;\">Par\u00e1metros<\/td> <td style=\"width: 33.3333%;\">SL-120<\/td> <td style=\"width: 33.3333%;\">SL-240<\/td> <\/tr> <tr> <td style=\"width: 33.3333%;\">Capacidad (kg\/h)<\/td> <td style=\"width: 33.3333%;\">100-160<\/td> <td style=\"width: 33.3333%;\">200-300<\/td> <\/tr> <tr> <td style=\"width: 33.3333%;\">Densidad de hielo seco (kg\/m\u00b3)<\/td> <td style=\"width: 33.3333%;\">1550<\/td> <td style=\"width: 33.3333%;\">1450-1550<\/td> <\/tr> <tr> <td style=\"width: 33.3333%;\">Tasa de conversi\u00f3n<\/td> <td style=\"width: 33.3333%;\">\u226542%<\/td> <td style=\"width: 33.3333%;\">\u226542%<\/td> <\/tr> <tr> <td style=\"width: 33.3333%;\">Potencia(kW)<\/td> <td style=\"width: 33.3333%;\">4<\/td> <td style=\"width: 33.3333%;\">8<\/td> <\/tr> <tr> <td style=\"width: 33.3333%;\">Dimensiones (cm)<\/td> <td style=\"width: 33.3333%;\">125*60*128<\/td> <td style=\"width: 33.3333%;\">142*120*148<\/td> <\/tr> <\/tbody> <\/table> <h2>Desbloquea potencial en cualquier industria<\/h2> <p>La capacidad de producir bloques de hielo seco de alta calidad para la venta o uso interno hace que nuestra m\u00e1quina sea un activo vital en numerosos sectores:<\/p> <ul> <li><strong>Log\u00edstica de cadena de fr\u00edo:<\/strong> Asegura un control de temperatura ininterrumpido para productos farmac\u00e9uticos, mariscos y otros productos perecederos desde el almac\u00e9n hasta el destino final.<\/li> <li><strong>Alimentos y Bebidas:<\/strong> Enfr\u00eda r\u00e1pidamente los productos durante el procesamiento, inhibe el crecimiento bacteriano y transporta de manera segura los productos terminados.<\/li> <li><strong>Catering a\u00e9reo:<\/strong> Mant\u00e9n los est\u00e1ndares de seguridad alimentaria y calidad para miles de comidas a bordo diariamente.<\/li> <li><strong>M\u00e9dico y Biotecnol\u00f3gico:<\/strong> Preserva de manera confiable muestras biol\u00f3gicas, vacunas y \u00f3rganos para transporte y almacenamiento a largo plazo.<\/li> <\/ul> <h2>M\u00e1s all\u00e1 de la m\u00e1quina: La asociaci\u00f3n Shuliy<\/h2> <p>When you choose Shuliy Machinery, you&#8217;re getting more than just equipment. You&#8217;re gaining a partner dedicated to your success. We provide comprehensive after-sales support, technical guidance, and global shipping to ensure your CO2 to dry ice machine is integrated smoothly and operates flawlessly for years to come.<\/p>","protected":false},"excerpt":{"rendered":"<p>Producci\u00f3n de hielo seco en el sitio: mayor densidad, menores costos, control total.<\/p>","protected":false},"featured_media":17589,"template":"","meta":{"site-sidebar-layout":"default","site-content-layout":"","ast-site-content-layout":"default","site-content-style":"default","site-sidebar-style":"default","ast-global-header-display":"","ast-banner-title-visibility":"","ast-main-header-display":"","ast-hfb-above-header-display":"","ast-hfb-below-header-display":"","ast-hfb-mobile-header-display":"","site-post-title":"","ast-breadcrumbs-content":"","ast-featured-img":"","footer-sml-layout":"","ast-disable-related-posts":"","theme-transparent-header-meta":"default","adv-header-id-meta":"","stick-header-meta":"","header-above-stick-meta":"","header-main-stick-meta":"","header-below-stick-meta":"","astra-migrate-meta-layouts":"set","ast-page-background-enabled":"default","ast-page-background-meta":{"desktop":{"background-color":"","background-image":"","background-repeat":"repeat","background-position":"center center","background-size":"auto","background-attachment":"scroll","background-type":"","background-media":"","overlay-type":"","overlay-color":"","overlay-opacity":"","overlay-gradient":""},"tablet":{"background-color":"","background-image":"","background-repeat":"repeat","background-position":"center center","background-size":"auto","background-attachment":"scroll","background-type":"","background-media":"","overlay-type":"","overlay-color":"","overlay-opacity":"","overlay-gradient":""},"mobile":{"background-color":"","background-image":"","background-repeat":"repeat","background-position":"center center","background-size":"auto","background-attachment":"scroll","background-type":"","background-media":"","overlay-type":"","overlay-color":"","overlay-opacity":"","overlay-gradient":""}},"ast-content-background-meta":{"desktop":{"background-color":"var(--ast-global-color-5)","background-image":"","background-repeat":"repeat","background-position":"center center","background-size":"auto","background-attachment":"scroll","background-type":"","background-media":"","overlay-type":"","overlay-color":"","overlay-opacity":"","overlay-gradient":""},"tablet":{"background-color":"var(--ast-global-color-5)","background-image":"","background-repeat":"repeat","background-position":"center center","background-size":"auto","background-attachment":"scroll","background-type":"","background-media":"","overlay-type":"","overlay-color":"","overlay-opacity":"","overlay-gradient":""},"mobile":{"background-color":"var(--ast-global-color-5)","background-image":"","background-repeat":"repeat","background-position":"center center","background-size":"auto","background-attachment":"scroll","background-type":"","background-media":"","overlay-type":"","overlay-color":"","overlay-opacity":"","overlay-gradient":""}}},"product_brand":[],"product_cat":[132],"product_tag":[],"class_list":{"0":"post-17585","1":"product","2":"type-product","3":"status-publish","4":"has-post-thumbnail","6":"product_cat-dry-ice-machine","7":"desktop-align-center","8":"tablet-align-center","9":"mobile-align-center","11":"first","12":"instock","13":"shipping-taxable","14":"product-type-simple"},"_links":{"self":[{"href":"https:\/\/recyclingequipinc.com\/es\/wp-json\/wp\/v2\/product\/17585","targetHints":{"allow":["GET"]}}],"collection":[{"href":"https:\/\/recyclingequipinc.com\/es\/wp-json\/wp\/v2\/product"}],"about":[{"href":"https:\/\/recyclingequipinc.com\/es\/wp-json\/wp\/v2\/types\/product"}],"version-history":[{"count":0,"href":"https:\/\/recyclingequipinc.com\/es\/wp-json\/wp\/v2\/product\/17585\/revisions"}],"wp:featuredmedia":[{"embeddable":true,"href":"https:\/\/recyclingequipinc.com\/es\/wp-json\/wp\/v2\/media\/17589"}],"wp:attachment":[{"href":"https:\/\/recyclingequipinc.com\/es\/wp-json\/wp\/v2\/media?parent=17585"}],"wp:term":[{"taxonomy":"product_brand","embeddable":true,"href":"https:\/\/recyclingequipinc.com\/es\/wp-json\/wp\/v2\/product_brand?post=17585"},{"taxonomy":"product_cat","embeddable":true,"href":"https:\/\/recyclingequipinc.com\/es\/wp-json\/wp\/v2\/product_cat?post=17585"},{"taxonomy":"product_tag","embeddable":true,"href":"https:\/\/recyclingequipinc.com\/es\/wp-json\/wp\/v2\/product_tag?post=17585"}],"curies":[{"name":"wp","href":"https:\/\/api.w.org\/{rel}","templated":true}]}}