{"id":17511,"date":"2025-09-17T15:30:51","date_gmt":"2025-09-17T07:30:51","guid":{"rendered":"https:\/\/recyclingequipinc.com\/?post_type=product&#038;p=17511"},"modified":"2025-09-17T15:30:51","modified_gmt":"2025-09-17T07:30:51","slug":"waste-tire-baler","status":"publish","type":"product","link":"https:\/\/recyclingequipinc.com\/es\/product\/waste-tire-baler\/","title":{"rendered":"Prensa para Neum\u00e1ticos Usados en Venta| Convierte los Restos de Neum\u00e1ticos en Beneficios"},"content":{"rendered":"<p>La empacadora de neum\u00e1ticos desechados Shuliy comprime eficientemente neum\u00e1ticos voluminosos de desguace en pacas densas. Disponible en modelos horizontales y verticales, esta empacadora hidr\u00e1ulica maneja hasta 5 pacas por hora, cada una con un peso aproximado de 1200 kg. Reduce el espacio de almacenamiento, simplifica el transporte y ayuda a las empresas de reciclaje a aumentar la rentabilidad.<\/p> <h2>De Residuo Sin Valor a Producto Valioso<\/h2> <p>La transformaci\u00f3n que logra nuestra empacadora de neum\u00e1ticos desechados es simple pero profunda. Toma una materia prima problem\u00e1tica y la convierte en un producto demandado.<\/p> <ul> <li><strong>Materias primas:<\/strong> Todo tipo de neum\u00e1ticos de chatarra, incluidos neum\u00e1ticos de coche, cami\u00f3n, autob\u00fas y agr\u00edcolas. Para neum\u00e1ticos OTR de gran tama\u00f1o, se recomienda un preprocesamiento con un <a href=\"https:\/\/recyclingequipinc.com\/es\/producto\/hydraulic-tire-cutter\/\">m\u00e1quina cortadora de neum\u00e1ticos<\/a> antes de compactar.<\/li> <li><strong>Producto terminado:<\/strong> Pacas de neum\u00e1ticos densas, de forma uniforme y firmemente sujetas. Cada paca pesa aproximadamente 1200 kg, lo que las hace ideales para apilamiento y transporte eficientes.<\/li> <\/ul> <div id='gallery-1' class='gallery galleryid-17511 gallery-columns-3 gallery-size-full'><figure class='gallery-item'> \t\t\t<div class='gallery-icon landscape'> \t\t\t\t<a href='https:\/\/recyclingequipinc.com\/es\/?attachment_id=17517'><img fetchpriority=\"high\" decoding=\"async\" width=\"720\" height=\"540\" src=\"https:\/\/recyclingequipinc.com\/wp-content\/uploads\/2025\/09\/piles-of-scrap-tires.webp\" class=\"attachment-full size-full\" alt=\"pilas de neum\u00e1ticos de desguace\" aria-describedby=\"gallery-1-17517\" srcset=\"https:\/\/recyclingequipinc.com\/wp-content\/uploads\/2025\/09\/piles-of-scrap-tires.webp 720w, https:\/\/recyclingequipinc.com\/wp-content\/uploads\/2025\/09\/piles-of-scrap-tires-300x225.webp 300w, https:\/\/recyclingequipinc.com\/wp-content\/uploads\/2025\/09\/piles-of-scrap-tires-16x12.webp 16w\" sizes=\"(max-width: 720px) 100vw, 720px\" \/><\/a> \t\t\t<\/div> \t\t\t\t<figcaption class='wp-caption-text gallery-caption' id='gallery-1-17517'> \t\t\t\tpilas de neum\u00e1ticos de desguace \t\t\t\t<\/figcaption><\/figure><figure class='gallery-item'> \t\t\t<div class='gallery-icon landscape'> \t\t\t\t<a href='https:\/\/recyclingequipinc.com\/es\/?attachment_id=17514'><img decoding=\"async\" width=\"720\" height=\"540\" src=\"https:\/\/recyclingequipinc.com\/wp-content\/uploads\/2025\/09\/compact-tire-bales.webp\" class=\"attachment-full size-full\" alt=\"pacas compactas de neum\u00e1ticos\" aria-describedby=\"gallery-1-17514\" srcset=\"https:\/\/recyclingequipinc.com\/wp-content\/uploads\/2025\/09\/compact-tire-bales.webp 720w, https:\/\/recyclingequipinc.com\/wp-content\/uploads\/2025\/09\/compact-tire-bales-300x225.webp 300w, https:\/\/recyclingequipinc.com\/wp-content\/uploads\/2025\/09\/compact-tire-bales-16x12.webp 16w\" sizes=\"(max-width: 720px) 100vw, 720px\" \/><\/a> \t\t\t<\/div> \t\t\t\t<figcaption class='wp-caption-text gallery-caption' id='gallery-1-17514'> \t\t\t\tpacas compactas de neum\u00e1ticos \t\t\t\t<\/figcaption><\/figure> \t\t<\/div>  <h2>Filosof\u00eda de Ingenier\u00eda y Dise\u00f1o de Nuestra Empacadora de Neum\u00e1ticos Desechados<\/h2> <p>Nuestra m\u00e1quina enfardadora de neum\u00e1ticos se construye sobre una base de durabilidad, potencia y eficiencia operacional.<\/p> <ul> <li><strong>Integridad estructural:<\/strong> El marco principal est\u00e1 construido con placas de acero reforzado de gran espesor y vigas estructurales. Todas las soldaduras est\u00e1n aliviadas de tensiones para soportar la inmensa carga c\u00edclica inherente a la compactaci\u00f3n de caucho con cintur\u00f3n de acero.<\/li> <li><strong>Sistema de potencia hidr\u00e1ulica:<\/strong> At the core is a 200-ton hydraulic system. The horizontal model utilizes a 45kw motor to drive high-pressure pumps, ensuring sufficient force and speed to overcome the material&#8217;s memory effect and achieve high bale density.<\/li> <li><strong>Flujo de material y eficiencia:<\/strong> El modelo horizontal incorpora una cinta transportadora automatizada de alimentaci\u00f3n de 5.5 kw y una puerta elevadora, creando un flujo de material constante y eficiente que minimiza los tiempos de ciclo y reduce la dependencia del operador.<\/li> <li><strong>Sistema de control:<\/strong> A centralized PLC (Programmable Logic Controller) system manages the machine&#8217;s functions, providing reliable, automated cycles and essential safety interlocks for operator protection.<\/li> <\/ul> <div id='gallery-2' class='gallery galleryid-17511 gallery-columns-3 gallery-size-full'><figure class='gallery-item'> \t\t\t<div class='gallery-icon landscape'> \t\t\t\t<a href='https:\/\/recyclingequipinc.com\/es\/?attachment_id=17516'><img decoding=\"async\" width=\"720\" height=\"540\" src=\"https:\/\/recyclingequipinc.com\/wp-content\/uploads\/2025\/09\/large-sized-conveyor-belts-and-feed-inlets-capable-of-accommodating-a-large-volume-of-tires.webp\" class=\"attachment-full size-full\" alt=\"cintas transportadoras de gran tama\u00f1o y entradas de alimentaci\u00f3n capaces de acomodar un gran volumen de neum\u00e1ticos\" aria-describedby=\"gallery-2-17516\" srcset=\"https:\/\/recyclingequipinc.com\/wp-content\/uploads\/2025\/09\/large-sized-conveyor-belts-and-feed-inlets-capable-of-accommodating-a-large-volume-of-tires.webp 720w, https:\/\/recyclingequipinc.com\/wp-content\/uploads\/2025\/09\/large-sized-conveyor-belts-and-feed-inlets-capable-of-accommodating-a-large-volume-of-tires-300x225.webp 300w, https:\/\/recyclingequipinc.com\/wp-content\/uploads\/2025\/09\/large-sized-conveyor-belts-and-feed-inlets-capable-of-accommodating-a-large-volume-of-tires-16x12.webp 16w\" sizes=\"(max-width: 720px) 100vw, 720px\" \/><\/a> \t\t\t<\/div> \t\t\t\t<figcaption class='wp-caption-text gallery-caption' id='gallery-2-17516'> \t\t\t\tcintas transportadoras de gran tama\u00f1o y entradas de alimentaci\u00f3n capaces de acomodar un gran volumen de neum\u00e1ticos \t\t\t\t<\/figcaption><\/figure><figure class='gallery-item'> \t\t\t<div class='gallery-icon landscape'> \t\t\t\t<a href='https:\/\/recyclingequipinc.com\/es\/?attachment_id=17519'><img loading=\"lazy\" decoding=\"async\" width=\"720\" height=\"540\" src=\"https:\/\/recyclingequipinc.com\/wp-content\/uploads\/2025\/09\/the-tire-baler-features-a-reinforced-frame-design.webp\" class=\"attachment-full size-full\" alt=\"la empacadora de neum\u00e1ticos cuenta con un dise\u00f1o de bastidor reforzado.\" aria-describedby=\"gallery-2-17519\" srcset=\"https:\/\/recyclingequipinc.com\/wp-content\/uploads\/2025\/09\/the-tire-baler-features-a-reinforced-frame-design.webp 720w, https:\/\/recyclingequipinc.com\/wp-content\/uploads\/2025\/09\/the-tire-baler-features-a-reinforced-frame-design-300x225.webp 300w, https:\/\/recyclingequipinc.com\/wp-content\/uploads\/2025\/09\/the-tire-baler-features-a-reinforced-frame-design-16x12.webp 16w\" sizes=\"(max-width: 720px) 100vw, 720px\" \/><\/a> \t\t\t<\/div> \t\t\t\t<figcaption class='wp-caption-text gallery-caption' id='gallery-2-17519'> \t\t\t\tla empacadora de neum\u00e1ticos cuenta con un dise\u00f1o de bastidor reforzado. \t\t\t\t<\/figcaption><\/figure><figure class='gallery-item'> \t\t\t<div class='gallery-icon landscape'> \t\t\t\t<a href='https:\/\/recyclingequipinc.com\/es\/?attachment_id=17518'><img loading=\"lazy\" decoding=\"async\" width=\"720\" height=\"540\" src=\"https:\/\/recyclingequipinc.com\/wp-content\/uploads\/2025\/09\/powerful-dual-hydraulic-cylinders.webp\" class=\"attachment-full size-full\" alt=\"potentes cilindros hidr\u00e1ulicos dobles\" aria-describedby=\"gallery-2-17518\" srcset=\"https:\/\/recyclingequipinc.com\/wp-content\/uploads\/2025\/09\/powerful-dual-hydraulic-cylinders.webp 720w, https:\/\/recyclingequipinc.com\/wp-content\/uploads\/2025\/09\/powerful-dual-hydraulic-cylinders-300x225.webp 300w, https:\/\/recyclingequipinc.com\/wp-content\/uploads\/2025\/09\/powerful-dual-hydraulic-cylinders-16x12.webp 16w\" sizes=\"(max-width: 720px) 100vw, 720px\" \/><\/a> \t\t\t<\/div> \t\t\t\t<figcaption class='wp-caption-text gallery-caption' id='gallery-2-17518'> \t\t\t\tpotentes cilindros hidr\u00e1ulicos dobles \t\t\t\t<\/figcaption><\/figure> \t\t<\/div>  <h2>Especificaciones T\u00e9cnicas: Una Comparaci\u00f3n Lado a Lado<\/h2> <p>Ofrecemos dos modelos distintos para satisfacer diferentes requisitos operativos en cuanto a escala, espacio e inversi\u00f3n de capital. Para ayudarle a tomar la mejor decisi\u00f3n para su operaci\u00f3n, aqu\u00ed tiene una comparaci\u00f3n directa de nuestros dos modelos industriales de empacadora de neum\u00e1ticos. Las diferencias clave radican en la automatizaci\u00f3n, el rendimiento y la inversi\u00f3n inicial.<\/p> <table style=\"border-collapse: collapse; width: 100%;\"> <tbody> <tr> <td style=\"width: 25%;\"><strong>Caracter\u00edstica<\/strong><\/td> <td style=\"width: 25%;\"><strong>Empacadora Horizontal de Neum\u00e1ticos Desechados<\/strong><\/td> <td style=\"width: 25%;\"><strong>Empacadora Vertical de Neum\u00e1ticos<\/strong><\/td> <\/tr> <tr> <td style=\"width: 25%;\"><strong>Ideal para<\/strong><\/td> <td style=\"width: 25%;\">Operaciones Automatizadas de Alto Volumen<\/td> <td style=\"width: 25%;\">Patios m\u00e1s Peque\u00f1os, Startups con Presupuesto Ajustado<\/td> <\/tr> <tr> <td style=\"width: 25%;\"><strong>Capacidad<\/strong><\/td> <td style=\"width: 25%;\">5 pacas\/h<\/td> <td style=\"width: 25%;\">3-4 pacas\/h<\/td> <\/tr> <tr> <td style=\"width: 25%;\"><strong>Nivel de Automatizaci\u00f3n<\/strong><\/td> <td style=\"width: 25%;\">Cinta Transportadora de Alimentaci\u00f3n Autom\u00e1tica<\/td> <td style=\"width: 25%;\">Carga y Operaci\u00f3n Manual<\/td> <\/tr> <tr> <td style=\"width: 25%;\"><strong>Principal\/Potencia del Motor<\/strong><\/td> <td style=\"width: 25%;\">45 kW<\/td> <td style=\"width: 25%;\">22 kW<\/td> <\/tr> <tr> <td style=\"width: 25%;\"><strong>Tama\u00f1o de la Paca<\/strong><\/td> <td style=\"width: 25%;\">125*125*170 cm(Ajustable)<\/td> <td style=\"width: 25%;\">150*100*120 cm<\/td> <\/tr> <tr> <td style=\"width: 25%;\"><strong>Garant\u00eda<\/strong><\/td> <td style=\"width: 25%;\">1 a\u00f1o gratis<\/td> <td style=\"width: 25%;\">1 a\u00f1o gratis<\/td> <\/tr> <\/tbody> <\/table> <ul> <li><em>Si buscas m\u00e1xima eficiencia y automatizaci\u00f3n al manejar un alto rendimiento, una m\u00e1quina de compactaci\u00f3n horizontal representa tu mejor inversi\u00f3n a largo plazo.<\/em><\/li> <li><em>Si tienes espacio limitado o deseas ingresar en el mercado con costos iniciales m\u00ednimos mientras logras capacidades de compresi\u00f3n potentes, una compactadora vertical de neum\u00e1ticos usados ofrece un valor inigualable.<\/em><\/li> <\/ul> <h2>\u00bfC\u00f3mo Funciona la M\u00e1quina Empacadora de Neum\u00e1ticos?<\/h2> <p>El proceso operativo de la empacadora de neum\u00e1ticos desechados est\u00e1 dise\u00f1ado para simplicidad y eficiencia, convirtiendo una tarea compleja en un flujo de trabajo racionalizado.<\/p> <ul> <li>Alimentaci\u00f3n: Los neum\u00e1ticos desechados se colocan en la c\u00e1mara de enfardado. La c\u00e1mara est\u00e1 dise\u00f1ada para contener varios neum\u00e1ticos a la vez.<\/li> <li>Compresi\u00f3n: La empacadora hidr\u00e1ulica de neum\u00e1ticos aplica una fuerte presi\u00f3n, empujando el cilindro hacia abajo para comprimir los neum\u00e1ticos capa por capa. Esto evita el rebote y garantiza una operaci\u00f3n segura.<\/li> <li>Formado: A la presi\u00f3n establecida, los neum\u00e1ticos forman un bloque denso y regular. El tama\u00f1o compacto facilita la manipulaci\u00f3n, el almacenamiento y el transporte.<\/li> <li>Atado: La paca comprimida se ata con alambre de acero o flejes pl\u00e1sticos. Esto mantiene el bloque de neum\u00e1ticos seguro y estable.<\/li> <li>Descarga: Finalmente, la empacadora de neum\u00e1ticos desecha empuja o expulsa la paca terminada, lista para su retirada con carretilla elevadora o manual.<\/li> <\/ul> <div id='gallery-3' class='gallery galleryid-17511 gallery-columns-3 gallery-size-full'><figure class='gallery-item'> \t\t\t<div class='gallery-icon landscape'> \t\t\t\t<a href='https:\/\/recyclingequipinc.com\/es\/?attachment_id=17515'><img loading=\"lazy\" decoding=\"async\" width=\"720\" height=\"540\" src=\"https:\/\/recyclingequipinc.com\/wp-content\/uploads\/2025\/09\/feed-inlet-of-the-waste-tire-baler.webp\" class=\"attachment-full size-full\" alt=\"entrada de alimentaci\u00f3n de la empacadora de neum\u00e1ticos desechados\" aria-describedby=\"gallery-3-17515\" srcset=\"https:\/\/recyclingequipinc.com\/wp-content\/uploads\/2025\/09\/feed-inlet-of-the-waste-tire-baler.webp 720w, https:\/\/recyclingequipinc.com\/wp-content\/uploads\/2025\/09\/feed-inlet-of-the-waste-tire-baler-300x225.webp 300w, https:\/\/recyclingequipinc.com\/wp-content\/uploads\/2025\/09\/feed-inlet-of-the-waste-tire-baler-16x12.webp 16w\" sizes=\"(max-width: 720px) 100vw, 720px\" \/><\/a> \t\t\t<\/div> \t\t\t\t<figcaption class='wp-caption-text gallery-caption' id='gallery-3-17515'> \t\t\t\tentrada de alimentaci\u00f3n de la empacadora de neum\u00e1ticos desechados \t\t\t\t<\/figcaption><\/figure><figure class='gallery-item'> \t\t\t<div class='gallery-icon landscape'> \t\t\t\t<a href='https:\/\/recyclingequipinc.com\/es\/?attachment_id=17520'><img loading=\"lazy\" decoding=\"async\" width=\"720\" height=\"540\" src=\"https:\/\/recyclingequipinc.com\/wp-content\/uploads\/2025\/09\/tire-baling-machine-working.webp\" class=\"attachment-full size-full\" alt=\"m\u00e1quina enfardadora de neum\u00e1ticos en funcionamiento\" aria-describedby=\"gallery-3-17520\" srcset=\"https:\/\/recyclingequipinc.com\/wp-content\/uploads\/2025\/09\/tire-baling-machine-working.webp 720w, https:\/\/recyclingequipinc.com\/wp-content\/uploads\/2025\/09\/tire-baling-machine-working-300x225.webp 300w, https:\/\/recyclingequipinc.com\/wp-content\/uploads\/2025\/09\/tire-baling-machine-working-16x12.webp 16w\" sizes=\"(max-width: 720px) 100vw, 720px\" \/><\/a> \t\t\t<\/div> \t\t\t\t<figcaption class='wp-caption-text gallery-caption' id='gallery-3-17520'> \t\t\t\tm\u00e1quina enfardadora de neum\u00e1ticos en funcionamiento \t\t\t\t<\/figcaption><\/figure> \t\t<\/div>  <h2>Aplicaciones: Desbloqueando el Valor de Mercado de las Pacas de Neum\u00e1ticos<\/h2> <p>Las pacas compactadas de neum\u00e1ticos no son residuos; son una mercanc\u00eda valiosa con dos v\u00edas principales aguas abajo: Recuperaci\u00f3n de Energ\u00eda y Recuperaci\u00f3n de Material. Esto asegura que tenga un mercado constante y diverso para su producci\u00f3n.<\/p> <h3><span style=\"font-size: 14pt;\">Recuperaci\u00f3n de Energ\u00eda<\/span><\/h3> <p>Combustible Derivado de Neum\u00e1ticos (TDF): Las pacas son una fuente primaria de combustible para hornos de cemento, f\u00e1bricas de pulpa y papel y calderas industriales debido a su alto valor calor\u00edfico y rentabilidad frente al carb\u00f3n.<\/p> <h3><span style=\"font-size: 14pt;\">Recuperaci\u00f3n de Material<\/span><\/h3> <ul> <li>Materia prima para la producci\u00f3n de viruta de caucho: El papel principal del compactado aqu\u00ed es reducir dr\u00e1sticamente los costos de transporte a una planta de procesamiento central. En la planta, las pacas se desatornillan y los neum\u00e1ticos se alimentan en un <a href=\"https:\/\/recyclingequipinc.com\/es\/producto\/rubber-powder-production-line\/\">l\u00ednea completa de reciclaje de neum\u00e1ticos<\/a> que se convertir\u00e1 en viruta de caucho de alto valor, polvo y acero separado.<\/li> <li>Aplicaciones en Ingenier\u00eda Civil: Las pacas tambi\u00e9n se usan directamente en proyectos como material de relleno ligero, permeable y amortiguador de vibraciones para terraplenes de carreteras, muros de contenci\u00f3n y construcci\u00f3n de vertederos.<\/li> <\/ul> <p>&nbsp;<\/p>","protected":false},"excerpt":{"rendered":"<p>Empacadora de Neum\u00e1ticos Desechados en Venta:<\/p> <ul style=\"list-style-type: circle;\"> <li>Enfardado Automatizado a 5 Pacas Por Hora.<\/li> <li>Cree pacas de 1200 kg para reducir dr\u00e1sticamente los costos de env\u00edo.<\/li> <li>Soluciones para Cada Escala y Presupuesto.<\/li> <\/ul>","protected":false},"featured_media":17521,"template":"","meta":{"site-sidebar-layout":"default","site-content-layout":"","ast-site-content-layout":"default","site-content-style":"default","site-sidebar-style":"default","ast-global-header-display":"","ast-banner-title-visibility":"","ast-main-header-display":"","ast-hfb-above-header-display":"","ast-hfb-below-header-display":"","ast-hfb-mobile-header-display":"","site-post-title":"","ast-breadcrumbs-content":"","ast-featured-img":"","footer-sml-layout":"","ast-disable-related-posts":"","theme-transparent-header-meta":"default","adv-header-id-meta":"","stick-header-meta":"","header-above-stick-meta":"","header-main-stick-meta":"","header-below-stick-meta":"","astra-migrate-meta-layouts":"set","ast-page-background-enabled":"default","ast-page-background-meta":{"desktop":{"background-color":"","background-image":"","background-repeat":"repeat","background-position":"center center","background-size":"auto","background-attachment":"scroll","background-type":"","background-media":"","overlay-type":"","overlay-color":"","overlay-opacity":"","overlay-gradient":""},"tablet":{"background-color":"","background-image":"","background-repeat":"repeat","background-position":"center center","background-size":"auto","background-attachment":"scroll","background-type":"","background-media":"","overlay-type":"","overlay-color":"","overlay-opacity":"","overlay-gradient":""},"mobile":{"background-color":"","background-image":"","background-repeat":"repeat","background-position":"center center","background-size":"auto","background-attachment":"scroll","background-type":"","background-media":"","overlay-type":"","overlay-color":"","overlay-opacity":"","overlay-gradient":""}},"ast-content-background-meta":{"desktop":{"background-color":"var(--ast-global-color-5)","background-image":"","background-repeat":"repeat","background-position":"center center","background-size":"auto","background-attachment":"scroll","background-type":"","background-media":"","overlay-type":"","overlay-color":"","overlay-opacity":"","overlay-gradient":""},"tablet":{"background-color":"var(--ast-global-color-5)","background-image":"","background-repeat":"repeat","background-position":"center center","background-size":"auto","background-attachment":"scroll","background-type":"","background-media":"","overlay-type":"","overlay-color":"","overlay-opacity":"","overlay-gradient":""},"mobile":{"background-color":"var(--ast-global-color-5)","background-image":"","background-repeat":"repeat","background-position":"center center","background-size":"auto","background-attachment":"scroll","background-type":"","background-media":"","overlay-type":"","overlay-color":"","overlay-opacity":"","overlay-gradient":""}}},"product_brand":[],"product_cat":[128],"product_tag":[],"class_list":{"0":"post-17511","1":"product","2":"type-product","3":"status-publish","4":"has-post-thumbnail","6":"product_cat-tire-recycling-machine","7":"desktop-align-center","8":"tablet-align-center","9":"mobile-align-center","11":"first","12":"instock","13":"shipping-taxable","14":"product-type-simple"},"_links":{"self":[{"href":"https:\/\/recyclingequipinc.com\/es\/wp-json\/wp\/v2\/product\/17511","targetHints":{"allow":["GET"]}}],"collection":[{"href":"https:\/\/recyclingequipinc.com\/es\/wp-json\/wp\/v2\/product"}],"about":[{"href":"https:\/\/recyclingequipinc.com\/es\/wp-json\/wp\/v2\/types\/product"}],"version-history":[{"count":0,"href":"https:\/\/recyclingequipinc.com\/es\/wp-json\/wp\/v2\/product\/17511\/revisions"}],"wp:featuredmedia":[{"embeddable":true,"href":"https:\/\/recyclingequipinc.com\/es\/wp-json\/wp\/v2\/media\/17521"}],"wp:attachment":[{"href":"https:\/\/recyclingequipinc.com\/es\/wp-json\/wp\/v2\/media?parent=17511"}],"wp:term":[{"taxonomy":"product_brand","embeddable":true,"href":"https:\/\/recyclingequipinc.com\/es\/wp-json\/wp\/v2\/product_brand?post=17511"},{"taxonomy":"product_cat","embeddable":true,"href":"https:\/\/recyclingequipinc.com\/es\/wp-json\/wp\/v2\/product_cat?post=17511"},{"taxonomy":"product_tag","embeddable":true,"href":"https:\/\/recyclingequipinc.com\/es\/wp-json\/wp\/v2\/product_tag?post=17511"}],"curies":[{"name":"wp","href":"https:\/\/api.w.org\/{rel}","templated":true}]}}