{"id":17454,"date":"2025-08-11T15:34:22","date_gmt":"2025-08-11T07:34:22","guid":{"rendered":"https:\/\/recyclingequipinc.com\/?post_type=product&#038;p=17454"},"modified":"2025-08-11T15:34:23","modified_gmt":"2025-08-11T07:34:23","slug":"gantry-shear","status":"publish","type":"product","link":"https:\/\/recyclingequipinc.com\/es\/product\/gantry-shear\/","title":{"rendered":"Cizalla P\u00f3rtico de Alta Resistencia para Corte de Chatarra Met\u00e1lica"},"content":{"rendered":"<p data-start=\"544\" data-end=\"908\">La cizalla de p\u00f3rtico hidr\u00e1ulica es un equipo esencial para las instalaciones de reciclaje de chatarra met\u00e1lica, las acer\u00edas y los patios de desmantelamiento. Dise\u00f1ada para el corte de alta resistencia de perfiles de acero largos, vigas, placas y chatarra mixta, la cizalla de p\u00f3rtico de Shuliy combina una potente fuerza de cizallamiento con un robusto control hidr\u00e1ulico, garantizando un rendimiento estable, preciso y eficiente.<\/p> <p data-start=\"910\" data-end=\"1293\" class=\"translation-block\">Nuestras m\u00e1quinas est\u00e1n disponibles en diferentes capacidades para adaptarse a diversas necesidades de producci\u00f3n, ofreciendo fuerzas de corte de <strong data-start=\"1024\" data-end=\"1049\">500 a 1000 toneladas<\/strong>, todas operando a una presi\u00f3n hidr\u00e1ulica m\u00e1xima de <strong data-start=\"1100\" data-end=\"1110\">28 MPa<\/strong>. Ya sea que est\u00e9 manejando chatarra ligera o acero industrial de gran tama\u00f1o, la cizalla de p\u00f3rtico hidr\u00e1ulica de Shuliy est\u00e1 dise\u00f1ada para ofrecer resultados consistentes y reducir el tiempo de manipulaci\u00f3n manual.<\/p> <div class=\"ast-oembed-container\" style=\"height: 100%;\"><iframe title=\"Cizalla de Puente Industrial: Cortes Limpios, Gran Potencia\" width=\"500\" height=\"281\" src=\"https:\/\/www.youtube.com\/embed\/zOlqZY1smic?feature=oembed\" frameborder=\"0\" allow=\"accelerometer; autoplay; clipboard-write; encrypted-media; gyroscope; picture-in-picture; web-share\" referrerpolicy=\"strict-origin-when-cross-origin\" allowfullscreen><\/iframe><\/div> <h2>Materias Primas y Productos Terminados de la Cizalla de P\u00f3rtico<\/h2> <p data-start=\"32\" data-end=\"518\">Nuestra cizalla de p\u00f3rtico para chatarra met\u00e1lica est\u00e1 dise\u00f1ada para manejar una amplia gama de materiales ferrosos, incluyendo placas de acero pesadas, barras de acero redondas y cuadradas, perfiles de acero (perfiles H, perfiles en U, perfiles en L), carrocer\u00edas de veh\u00edculos de desguace y acero de residuos de construcci\u00f3n. El potente sistema hidr\u00e1ulico garantiza una alta fuerza de corte y un rendimiento constante, proporcionando secciones de acero cortadas uniformemente, piezas de metal listas para fundir para la fabricaci\u00f3n de acero y tama\u00f1os de chatarra optimizados para un transporte y fundici\u00f3n m\u00e1s f\u00e1ciles.<\/p> <p data-start=\"520\" data-end=\"894\">Esta vers\u00e1til cizalla de p\u00f3rtico hidr\u00e1ulica se utiliza ampliamente en patios de reciclaje de chatarra met\u00e1lica, acer\u00edas y plantas de fundici\u00f3n, patios de desmantelamiento de barcos, procesamiento de residuos de construcci\u00f3n y demolici\u00f3n, y en instalaciones de reciclaje de autom\u00f3viles. Al optimizar el proceso de corte, mejora significativamente la eficiencia, reduce la manipulaci\u00f3n manual y maximiza el valor de los metales reciclados.<\/p> <figure id=\"attachment_17466\" aria-describedby=\"caption-attachment-17466\" style=\"width: 720px\" class=\"wp-caption aligncenter\"><img fetchpriority=\"high\" decoding=\"async\" class=\"wp-image-17466 size-full\" src=\"https:\/\/recyclingequipinc.com\/wp-content\/uploads\/2025\/08\/raw-materials-of-the-scrap-metal-shear.webp\" alt=\"materias primas de la cizalla de chatarra met\u00e1lica\" width=\"720\" height=\"540\" srcset=\"https:\/\/recyclingequipinc.com\/wp-content\/uploads\/2025\/08\/raw-materials-of-the-scrap-metal-shear.webp 720w, https:\/\/recyclingequipinc.com\/wp-content\/uploads\/2025\/08\/raw-materials-of-the-scrap-metal-shear-300x225.webp 300w, https:\/\/recyclingequipinc.com\/wp-content\/uploads\/2025\/08\/raw-materials-of-the-scrap-metal-shear-16x12.webp 16w\" sizes=\"(max-width: 720px) 100vw, 720px\" \/><figcaption id=\"caption-attachment-17466\" class=\"wp-caption-text\">materias primas de la cizalla de chatarra met\u00e1lica<\/figcaption><\/figure> <h2>\u00bfPor Qu\u00e9 Elegir Nuestra Cizalla de P\u00f3rtico Hidr\u00e1ulica?<\/h2> <ul> <li data-start=\"2385\" data-end=\"2507\"><strong data-start=\"2385\" data-end=\"2424\">M\u00faltiples Modelos para Diferentes Cargas: <\/strong>Elija entre modelos de 500T, 630T, 800T y 1000T para que coincidan con su escala de producci\u00f3n.<\/li> <li data-start=\"2511\" data-end=\"2628\"><strong data-start=\"2511\" data-end=\"2530\">Alta eficiencia: <\/strong>La frecuencia de corte ajustable (3-5 veces\/min) permite la optimizaci\u00f3n para diversas densidades de chatarra.<\/li> <li data-start=\"2632\" data-end=\"2732\"><strong data-start=\"2632\" data-end=\"2650\">Caja de Alimentaci\u00f3n Grande: <\/strong>Procesa materiales de gran tama\u00f1o sin preprocesamiento, mejorando la velocidad del flujo de trabajo.<\/li> <li data-start=\"2736\" data-end=\"2847\"><strong data-start=\"2736\" data-end=\"2763\">Sistema Hidr\u00e1ulico Estable: <\/strong>La salida constante de alta presi\u00f3n garantiza un funcionamiento suave y una larga vida \u00fatil.<\/li> <li data-start=\"2851\" data-end=\"2959\"><strong data-start=\"2851\" data-end=\"2879\">Cuchillas de Corte de Precisi\u00f3n: <\/strong>Las cuchillas resistentes al desgaste y de alta resistencia proporcionan cortes limpios y minimizan los residuos.<\/li> <li data-start=\"2963\" data-end=\"3058\"><strong data-start=\"2963\" data-end=\"2978\">Versatilidad: <\/strong>Adecuado para vigas, placas, barras de refuerzo, acero cuadrado y redondo, y chatarra mixta.<\/li> <li data-start=\"3062\" data-end=\"3175\"><strong data-start=\"3062\" data-end=\"3086\">Dise\u00f1o de Ahorro de Energ\u00eda: <\/strong>El circuito hidr\u00e1ulico optimizado reduce el consumo de energ\u00eda manteniendo el rendimiento.<\/li> <li data-start=\"3179\" data-end=\"3273\"><strong data-start=\"3179\" data-end=\"3205\">Est\u00e1ndar Internacional: <\/strong>Dise\u00f1ado para cumplir con los requisitos de voltaje y frecuencia en todo el mundo.<\/li> <\/ul> <figure id=\"attachment_17468\" aria-describedby=\"caption-attachment-17468\" style=\"width: 540px\" class=\"wp-caption aligncenter\"><img decoding=\"async\" class=\"wp-image-17468 size-full\" src=\"https:\/\/recyclingequipinc.com\/wp-content\/uploads\/2025\/08\/Various-application-scenarios-of-gantry-shears.webp\" alt=\"Varios escenarios de aplicaci\u00f3n de las cizallas de p\u00f3rtico\" width=\"540\" height=\"540\" srcset=\"https:\/\/recyclingequipinc.com\/wp-content\/uploads\/2025\/08\/Various-application-scenarios-of-gantry-shears.webp 540w, https:\/\/recyclingequipinc.com\/wp-content\/uploads\/2025\/08\/Various-application-scenarios-of-gantry-shears-300x300.webp 300w, https:\/\/recyclingequipinc.com\/wp-content\/uploads\/2025\/08\/Various-application-scenarios-of-gantry-shears-150x150.webp 150w, https:\/\/recyclingequipinc.com\/wp-content\/uploads\/2025\/08\/Various-application-scenarios-of-gantry-shears-12x12.webp 12w, https:\/\/recyclingequipinc.com\/wp-content\/uploads\/2025\/08\/Various-application-scenarios-of-gantry-shears-100x100.webp 100w\" sizes=\"(max-width: 540px) 100vw, 540px\" \/><figcaption id=\"caption-attachment-17468\" class=\"wp-caption-text\">Varios escenarios de aplicaci\u00f3n de las cizallas de p\u00f3rtico<\/figcaption><\/figure> <h2>Par\u00e1metros T\u00e9cnicos de las Cizallas para Chatarra Met\u00e1lica<\/h2> <p>Nuestra gama de cizallas de p\u00f3rtico ofrece varias opciones de modelos para adaptarse a diferentes requisitos de producci\u00f3n:<\/p> <ul> <li>Fuerza de Corte: 500-1000 toneladas<\/li> <li>Fuerza de Sujeci\u00f3n: 85-344 toneladas<\/li> <li>Tama\u00f1o de la Caja de Alimentaci\u00f3n: Hasta 8000 mm de largo * 1900 mm de ancho * 1200 mm de profundidad<\/li> <li>Presi\u00f3n Hidr\u00e1ulica: M\u00e1x. 28 MPa<\/li> <li>Frecuencia de Corte: Ajustable, 3-5 carreras por minuto<\/li> <li>Compatibilidad de Materiales: Barras redondas, perfiles de acero cuadrados, placas de acero de espesor considerable<\/li> <\/ul> <p>El dise\u00f1o de la gran caja de alimentaci\u00f3n acomoda chatarra larga e irregular, mientras que la velocidad de corte ajustable ofrece flexibilidad tanto para necesidades de corte de alto volumen como de precisi\u00f3n.<\/p> <div id='gallery-1' class='gallery galleryid-17454 gallery-columns-3 gallery-size-full'><figure class='gallery-item'> \t\t\t<div class='gallery-icon landscape'> \t\t\t\t<a href='https:\/\/recyclingequipinc.com\/es\/?attachment_id=17467'><img decoding=\"async\" width=\"720\" height=\"540\" src=\"https:\/\/recyclingequipinc.com\/wp-content\/uploads\/2025\/08\/scrap-metal-shear-machine.webp\" class=\"attachment-full size-full\" alt=\"m\u00e1quina cizalla para chatarra met\u00e1lica\" aria-describedby=\"gallery-1-17467\" srcset=\"https:\/\/recyclingequipinc.com\/wp-content\/uploads\/2025\/08\/scrap-metal-shear-machine.webp 720w, https:\/\/recyclingequipinc.com\/wp-content\/uploads\/2025\/08\/scrap-metal-shear-machine-300x225.webp 300w, https:\/\/recyclingequipinc.com\/wp-content\/uploads\/2025\/08\/scrap-metal-shear-machine-16x12.webp 16w\" sizes=\"(max-width: 720px) 100vw, 720px\" \/><\/a> \t\t\t<\/div> \t\t\t\t<figcaption class='wp-caption-text gallery-caption' id='gallery-1-17467'> \t\t\t\tm\u00e1quina cizalla para chatarra met\u00e1lica \t\t\t\t<\/figcaption><\/figure><figure class='gallery-item'> \t\t\t<div class='gallery-icon landscape'> \t\t\t\t<a href='https:\/\/recyclingequipinc.com\/es\/?attachment_id=17464'><img loading=\"lazy\" decoding=\"async\" width=\"720\" height=\"540\" src=\"https:\/\/recyclingequipinc.com\/wp-content\/uploads\/2025\/08\/hydrualic-gantry-shear-in-the-factory.webp\" class=\"attachment-full size-full\" alt=\"cizalla de p\u00f3rtico hidr\u00e1ulica en la f\u00e1brica\" aria-describedby=\"gallery-1-17464\" srcset=\"https:\/\/recyclingequipinc.com\/wp-content\/uploads\/2025\/08\/hydrualic-gantry-shear-in-the-factory.webp 720w, https:\/\/recyclingequipinc.com\/wp-content\/uploads\/2025\/08\/hydrualic-gantry-shear-in-the-factory-300x225.webp 300w, https:\/\/recyclingequipinc.com\/wp-content\/uploads\/2025\/08\/hydrualic-gantry-shear-in-the-factory-16x12.webp 16w\" sizes=\"(max-width: 720px) 100vw, 720px\" \/><\/a> \t\t\t<\/div> \t\t\t\t<figcaption class='wp-caption-text gallery-caption' id='gallery-1-17464'> \t\t\t\tcizalla de p\u00f3rtico hidr\u00e1ulica en la f\u00e1brica \t\t\t\t<\/figcaption><\/figure> \t\t<\/div>  <h2>Principio de Funcionamiento de la Cizalla de P\u00f3rtico Shuliy<\/h2> <ul> <li>Alimentaci\u00f3n de Material: La chatarra met\u00e1lica se carga en la gran caja de material (hasta 8000 \u00d7 1900 \u00d7 1200 mm) mediante gr\u00faa, cinta transportadora o cargador.<\/li> <li>Posicionamiento y Sujeci\u00f3n: Los cilindros de presi\u00f3n hidr\u00e1ulica (hasta 344T) se mueven para presionar firmemente la chatarra, evitando el desplazamiento del material durante el corte.<\/li> <li>Descenso de la Cuchilla y Cizallamiento: Los cilindros de cizallamiento principales (500T\u20131000T) impulsan la cuchilla superior para que descienda con alta fuerza, cortando la chatarra contra la cuchilla inferior fija.<\/li> <li>Carrera de Retorno: Despu\u00e9s de cada corte, la cuchilla se retrae autom\u00e1ticamente a la posici\u00f3n inicial para la siguiente operaci\u00f3n.<\/li> <li>Corte Continuo: Con una frecuencia de corte ajustable (3\u20135 veces por minuto), la cizalla de p\u00f3rtico puede procesar chatarra continuamente para obtener una alta producci\u00f3n.<\/li> <li>Descarga de Piezas Terminadas: El metal cortado se empuja o cae en un \u00e1rea de recolecci\u00f3n, listo para su transporte o procesamiento adicional.<\/li> <\/ul> <h2>Conclusi\u00f3n<\/h2> <p>Las cizallas de p\u00f3rtico Shuliy se han instalado con \u00e9xito en dep\u00f3sitos de chatarra en \u00c1frica, el Sudeste Asi\u00e1tico, Europa del Este y Oriente Medio. Los clientes informan de un aumento de la capacidad de procesamiento, una reducci\u00f3n de los costes laborales y un mayor valor de la chatarra tras la adopci\u00f3n de nuestras soluciones de cizalla de p\u00f3rtico hidr\u00e1ulica.<\/p> <p class=\"translation-block\">Si est\u00e1 buscando una cizalla de p\u00f3rtico duradera, de alta capacidad y eficiente para el reciclaje de chatarra met\u00e1lica, Shuliy ofrece la soluci\u00f3n adecuada. Con un dise\u00f1o robusto, una potente fuerza de corte y soporte global postventa, nuestras cizallas son de confianza para las empresas de reciclaje en todo el mundo. Adem\u00e1s, tambi\u00e9n ofrecemos <a href=\"https:\/\/recyclingequipinc.com\/es\/categoria-producto\/industrial-baler\/\">m\u00e1quinas empacadoras de chatarra met\u00e1lica<\/a>.<\/p> <div id='gallery-2' class='gallery galleryid-17454 gallery-columns-3 gallery-size-full'><figure class='gallery-item'> \t\t\t<div class='gallery-icon landscape'> \t\t\t\t<a href='https:\/\/recyclingequipinc.com\/es\/?attachment_id=17463'><img loading=\"lazy\" decoding=\"async\" width=\"720\" height=\"540\" src=\"https:\/\/recyclingequipinc.com\/wp-content\/uploads\/2025\/08\/gantry-shear-for-metal-recycling-exported-to-Saudi-Arabia.webp\" class=\"attachment-full size-full\" alt=\"cizalla de p\u00f3rtico para reciclaje de metales exportada a Arabia Saudita\" aria-describedby=\"gallery-2-17463\" srcset=\"https:\/\/recyclingequipinc.com\/wp-content\/uploads\/2025\/08\/gantry-shear-for-metal-recycling-exported-to-Saudi-Arabia.webp 720w, https:\/\/recyclingequipinc.com\/wp-content\/uploads\/2025\/08\/gantry-shear-for-metal-recycling-exported-to-Saudi-Arabia-300x225.webp 300w, https:\/\/recyclingequipinc.com\/wp-content\/uploads\/2025\/08\/gantry-shear-for-metal-recycling-exported-to-Saudi-Arabia-16x12.webp 16w\" sizes=\"(max-width: 720px) 100vw, 720px\" \/><\/a> \t\t\t<\/div> \t\t\t\t<figcaption class='wp-caption-text gallery-caption' id='gallery-2-17463'> \t\t\t\tcizalla de p\u00f3rtico para reciclaje de metales exportada a Arabia Saudita \t\t\t\t<\/figcaption><\/figure><figure class='gallery-item'> \t\t\t<div class='gallery-icon landscape'> \t\t\t\t<a href='https:\/\/recyclingequipinc.com\/es\/?attachment_id=17465'><img loading=\"lazy\" decoding=\"async\" width=\"720\" height=\"540\" src=\"https:\/\/recyclingequipinc.com\/wp-content\/uploads\/2025\/08\/Installation-site-of-the-metal-shear.webp\" class=\"attachment-full size-full\" alt=\"Sitio de instalaci\u00f3n de la cizalla de metal\" aria-describedby=\"gallery-2-17465\" srcset=\"https:\/\/recyclingequipinc.com\/wp-content\/uploads\/2025\/08\/Installation-site-of-the-metal-shear.webp 720w, https:\/\/recyclingequipinc.com\/wp-content\/uploads\/2025\/08\/Installation-site-of-the-metal-shear-300x225.webp 300w, https:\/\/recyclingequipinc.com\/wp-content\/uploads\/2025\/08\/Installation-site-of-the-metal-shear-16x12.webp 16w\" sizes=\"(max-width: 720px) 100vw, 720px\" \/><\/a> \t\t\t<\/div> \t\t\t\t<figcaption class='wp-caption-text gallery-caption' id='gallery-2-17465'> \t\t\t\tSitio de instalaci\u00f3n de la cizalla de metal \t\t\t\t<\/figcaption><\/figure> \t\t<\/div>","protected":false},"excerpt":{"rendered":"<p>La cizalla de p\u00f3rtico hidr\u00e1ulico Shuliy est\u00e1 dise\u00f1ada para el corte de chatarra met\u00e1lica de manera r\u00e1pida, precisa y resistente. Con potentes cilindros hidr\u00e1ulicos, gran capacidad de corte y cuchillas duraderas, aumenta la eficiencia del reciclaje para molinos de acero, patios de chatarra y sitios de demolici\u00f3n.<\/p>","protected":false},"featured_media":17469,"template":"","meta":{"site-sidebar-layout":"default","site-content-layout":"","ast-site-content-layout":"default","site-content-style":"default","site-sidebar-style":"default","ast-global-header-display":"","ast-banner-title-visibility":"","ast-main-header-display":"","ast-hfb-above-header-display":"","ast-hfb-below-header-display":"","ast-hfb-mobile-header-display":"","site-post-title":"","ast-breadcrumbs-content":"","ast-featured-img":"","footer-sml-layout":"","ast-disable-related-posts":"","theme-transparent-header-meta":"default","adv-header-id-meta":"","stick-header-meta":"","header-above-stick-meta":"","header-main-stick-meta":"","header-below-stick-meta":"","astra-migrate-meta-layouts":"set","ast-page-background-enabled":"default","ast-page-background-meta":{"desktop":{"background-color":"","background-image":"","background-repeat":"repeat","background-position":"center center","background-size":"auto","background-attachment":"scroll","background-type":"","background-media":"","overlay-type":"","overlay-color":"","overlay-opacity":"","overlay-gradient":""},"tablet":{"background-color":"","background-image":"","background-repeat":"repeat","background-position":"center center","background-size":"auto","background-attachment":"scroll","background-type":"","background-media":"","overlay-type":"","overlay-color":"","overlay-opacity":"","overlay-gradient":""},"mobile":{"background-color":"","background-image":"","background-repeat":"repeat","background-position":"center center","background-size":"auto","background-attachment":"scroll","background-type":"","background-media":"","overlay-type":"","overlay-color":"","overlay-opacity":"","overlay-gradient":""}},"ast-content-background-meta":{"desktop":{"background-color":"var(--ast-global-color-5)","background-image":"","background-repeat":"repeat","background-position":"center center","background-size":"auto","background-attachment":"scroll","background-type":"","background-media":"","overlay-type":"","overlay-color":"","overlay-opacity":"","overlay-gradient":""},"tablet":{"background-color":"var(--ast-global-color-5)","background-image":"","background-repeat":"repeat","background-position":"center center","background-size":"auto","background-attachment":"scroll","background-type":"","background-media":"","overlay-type":"","overlay-color":"","overlay-opacity":"","overlay-gradient":""},"mobile":{"background-color":"var(--ast-global-color-5)","background-image":"","background-repeat":"repeat","background-position":"center center","background-size":"auto","background-attachment":"scroll","background-type":"","background-media":"","overlay-type":"","overlay-color":"","overlay-opacity":"","overlay-gradient":""}}},"product_brand":[],"product_cat":[131],"product_tag":[],"class_list":{"0":"post-17454","1":"product","2":"type-product","3":"status-publish","4":"has-post-thumbnail","6":"product_cat-metal-recycling-machine","7":"desktop-align-center","8":"tablet-align-center","9":"mobile-align-center","11":"first","12":"instock","13":"shipping-taxable","14":"product-type-simple"},"_links":{"self":[{"href":"https:\/\/recyclingequipinc.com\/es\/wp-json\/wp\/v2\/product\/17454","targetHints":{"allow":["GET"]}}],"collection":[{"href":"https:\/\/recyclingequipinc.com\/es\/wp-json\/wp\/v2\/product"}],"about":[{"href":"https:\/\/recyclingequipinc.com\/es\/wp-json\/wp\/v2\/types\/product"}],"version-history":[{"count":0,"href":"https:\/\/recyclingequipinc.com\/es\/wp-json\/wp\/v2\/product\/17454\/revisions"}],"wp:featuredmedia":[{"embeddable":true,"href":"https:\/\/recyclingequipinc.com\/es\/wp-json\/wp\/v2\/media\/17469"}],"wp:attachment":[{"href":"https:\/\/recyclingequipinc.com\/es\/wp-json\/wp\/v2\/media?parent=17454"}],"wp:term":[{"taxonomy":"product_brand","embeddable":true,"href":"https:\/\/recyclingequipinc.com\/es\/wp-json\/wp\/v2\/product_brand?post=17454"},{"taxonomy":"product_cat","embeddable":true,"href":"https:\/\/recyclingequipinc.com\/es\/wp-json\/wp\/v2\/product_cat?post=17454"},{"taxonomy":"product_tag","embeddable":true,"href":"https:\/\/recyclingequipinc.com\/es\/wp-json\/wp\/v2\/product_tag?post=17454"}],"curies":[{"name":"wp","href":"https:\/\/api.w.org\/{rel}","templated":true}]}}