{"id":17439,"date":"2025-08-04T15:07:01","date_gmt":"2025-08-04T07:07:01","guid":{"rendered":"https:\/\/recyclingequipinc.com\/?post_type=product&#038;p=17439"},"modified":"2025-08-04T15:07:01","modified_gmt":"2025-08-04T07:07:01","slug":"tire-debeader-machine","status":"publish","type":"product","link":"https:\/\/recyclingequipinc.com\/es\/product\/tire-debeader-machine\/","title":{"rendered":"M\u00e1quina desmanteladora de neum\u00e1ticos en venta"},"content":{"rendered":"<p>Los neum\u00e1ticos desechados contienen una cantidad significativa de acero incrustado, lo que dificulta su triturado directo. Utilizar una m\u00e1quina despojada de neum\u00e1ticos para quitar el bead de acero permite la separaci\u00f3n y reciclaje eficientes de materiales valiosos, as\u00ed como mejorar la eficiencia general del procesamiento y el retorno econ\u00f3mico. Shuliy ofrece una variedad de m\u00e1quinas de dibujo de alambre de neum\u00e1ticos que son adecuadas para neum\u00e1ticos est\u00e1ndar (900\u20131,200 mm) y neum\u00e1ticos grandes OTR (1,800\u20134,000 mm).<\/p> <div id='gallery-1' class='gallery galleryid-17439 gallery-columns-3 gallery-size-full'><figure class='gallery-item'> \t\t\t<div class='gallery-icon landscape'> \t\t\t\t<a href='https:\/\/recyclingequipinc.com\/es\/?attachment_id=17450'><img fetchpriority=\"high\" decoding=\"async\" width=\"720\" height=\"540\" src=\"https:\/\/recyclingequipinc.com\/wp-content\/uploads\/2025\/08\/single-hook-tire-wire-removal-machine.webp\" class=\"attachment-full size-full\" alt=\"m\u00e1quina de extracci\u00f3n de alambre de neum\u00e1tico de gancho \u00fanico\" aria-describedby=\"gallery-1-17450\" srcset=\"https:\/\/recyclingequipinc.com\/wp-content\/uploads\/2025\/08\/single-hook-tire-wire-removal-machine.webp 720w, https:\/\/recyclingequipinc.com\/wp-content\/uploads\/2025\/08\/single-hook-tire-wire-removal-machine-300x225.webp 300w, https:\/\/recyclingequipinc.com\/wp-content\/uploads\/2025\/08\/single-hook-tire-wire-removal-machine-16x12.webp 16w\" sizes=\"(max-width: 720px) 100vw, 720px\" \/><\/a> \t\t\t<\/div> \t\t\t\t<figcaption class='wp-caption-text gallery-caption' id='gallery-1-17450'> \t\t\t\tm\u00e1quina de extracci\u00f3n de alambre de neum\u00e1tico de gancho \u00fanico \t\t\t\t<\/figcaption><\/figure><figure class='gallery-item'> \t\t\t<div class='gallery-icon landscape'> \t\t\t\t<a href='https:\/\/recyclingequipinc.com\/es\/?attachment_id=17448'><img decoding=\"async\" width=\"720\" height=\"540\" src=\"https:\/\/recyclingequipinc.com\/wp-content\/uploads\/2025\/08\/powerful-tire-debeader-for-sale.webp\" class=\"attachment-full size-full\" alt=\"quitanieves de neum\u00e1ticos potente en venta\" aria-describedby=\"gallery-1-17448\" srcset=\"https:\/\/recyclingequipinc.com\/wp-content\/uploads\/2025\/08\/powerful-tire-debeader-for-sale.webp 720w, https:\/\/recyclingequipinc.com\/wp-content\/uploads\/2025\/08\/powerful-tire-debeader-for-sale-300x225.webp 300w, https:\/\/recyclingequipinc.com\/wp-content\/uploads\/2025\/08\/powerful-tire-debeader-for-sale-16x12.webp 16w\" sizes=\"(max-width: 720px) 100vw, 720px\" \/><\/a> \t\t\t<\/div> \t\t\t\t<figcaption class='wp-caption-text gallery-caption' id='gallery-1-17448'> \t\t\t\tquitanieves de neum\u00e1ticos potente en venta \t\t\t\t<\/figcaption><\/figure><figure class='gallery-item'> \t\t\t<div class='gallery-icon landscape'> \t\t\t\t<a href='https:\/\/recyclingequipinc.com\/es\/?attachment_id=17445'><img decoding=\"async\" width=\"720\" height=\"540\" src=\"https:\/\/recyclingequipinc.com\/wp-content\/uploads\/2025\/08\/OTR-tire-debeader-machine.webp\" class=\"attachment-full size-full\" alt=\"M\u00e1quina desmanteladora de neum\u00e1ticos OTR\" aria-describedby=\"gallery-1-17445\" srcset=\"https:\/\/recyclingequipinc.com\/wp-content\/uploads\/2025\/08\/OTR-tire-debeader-machine.webp 720w, https:\/\/recyclingequipinc.com\/wp-content\/uploads\/2025\/08\/OTR-tire-debeader-machine-300x225.webp 300w, https:\/\/recyclingequipinc.com\/wp-content\/uploads\/2025\/08\/OTR-tire-debeader-machine-16x12.webp 16w\" sizes=\"(max-width: 720px) 100vw, 720px\" \/><\/a> \t\t\t<\/div> \t\t\t\t<figcaption class='wp-caption-text gallery-caption' id='gallery-1-17445'> \t\t\t\tM\u00e1quina desmanteladora de neum\u00e1ticos OTR \t\t\t\t<\/figcaption><\/figure> \t\t<\/div>  <h2>Caracter\u00edsticas clave de nuestra m\u00e1quina desolladora de neum\u00e1ticos en venta<\/h2> <ul> <li>Estructura robusta de grado industrial para un uso a largo plazo<\/li> <li>Control hidr\u00e1ulico de alta precisi\u00f3n y mecanismo de gancho<\/li> <li>Mantenimiento f\u00e1cil y dise\u00f1o amigable para el operador<\/li> <li>Modelos disponibles para neum\u00e1ticos est\u00e1ndar y extragrandes<\/li> <li>Entrega r\u00e1pida y soporte t\u00e9cnico en todo el mundo<\/li> <\/ul> <div id='gallery-2' class='gallery galleryid-17439 gallery-columns-3 gallery-size-full'><figure class='gallery-item'> \t\t\t<div class='gallery-icon landscape'> \t\t\t\t<a href='https:\/\/recyclingequipinc.com\/es\/?attachment_id=17444'><img loading=\"lazy\" decoding=\"async\" width=\"720\" height=\"540\" src=\"https:\/\/recyclingequipinc.com\/wp-content\/uploads\/2025\/08\/Effect-of-the-tire-debeader.webp\" class=\"attachment-full size-full\" alt=\"Efecto del despojo de neum\u00e1ticos\" aria-describedby=\"gallery-2-17444\" srcset=\"https:\/\/recyclingequipinc.com\/wp-content\/uploads\/2025\/08\/Effect-of-the-tire-debeader.webp 720w, https:\/\/recyclingequipinc.com\/wp-content\/uploads\/2025\/08\/Effect-of-the-tire-debeader-300x225.webp 300w, https:\/\/recyclingequipinc.com\/wp-content\/uploads\/2025\/08\/Effect-of-the-tire-debeader-16x12.webp 16w\" sizes=\"(max-width: 720px) 100vw, 720px\" \/><\/a> \t\t\t<\/div> \t\t\t\t<figcaption class='wp-caption-text gallery-caption' id='gallery-2-17444'> \t\t\t\tEfecto del despojo de neum\u00e1ticos \t\t\t\t<\/figcaption><\/figure><figure class='gallery-item'> \t\t\t<div class='gallery-icon landscape'> \t\t\t\t<a href='https:\/\/recyclingequipinc.com\/es\/?attachment_id=17449'><img loading=\"lazy\" decoding=\"async\" width=\"720\" height=\"540\" src=\"https:\/\/recyclingequipinc.com\/wp-content\/uploads\/2025\/08\/removed-steel-wires.webp\" class=\"attachment-full size-full\" alt=\"cables de acero removidos\" aria-describedby=\"gallery-2-17449\" srcset=\"https:\/\/recyclingequipinc.com\/wp-content\/uploads\/2025\/08\/removed-steel-wires.webp 720w, https:\/\/recyclingequipinc.com\/wp-content\/uploads\/2025\/08\/removed-steel-wires-300x225.webp 300w, https:\/\/recyclingequipinc.com\/wp-content\/uploads\/2025\/08\/removed-steel-wires-16x12.webp 16w\" sizes=\"(max-width: 720px) 100vw, 720px\" \/><\/a> \t\t\t<\/div> \t\t\t\t<figcaption class='wp-caption-text gallery-caption' id='gallery-2-17449'> \t\t\t\tcables de acero removidos \t\t\t\t<\/figcaption><\/figure> \t\t<\/div>  <h2>Par\u00e1metros y diferencias de varias m\u00e1quinas de extracci\u00f3n de alambre de neum\u00e1ticos<\/h2> <table style=\"border-collapse: collapse; width: 100%;\"> <tbody> <tr> <td style=\"width: 16.6667%;\">Modelo<\/td> <td style=\"width: 16.6667%;\">M\u00e1quina despojadora de neum\u00e1ticos de gancho simple<\/td> <td style=\"width: 16.6667%;\">M\u00e1quina despojadora de neum\u00e1ticos de gancho doble<\/td> <td style=\"width: 16.6667%;\">M\u00e1quina de trenzado de alambre para neum\u00e1ticos OTR<\/td> <\/tr> <tr> <td style=\"width: 16.6667%;\">Cantidad de ganchos<\/td> <td style=\"width: 16.6667%;\">1<\/td> <td style=\"width: 16.6667%;\">2<\/td> <td style=\"width: 16.6667%;\">1 gancho reforzado de alta resistencia<\/td> <\/tr> <tr> <td style=\"width: 16.6667%;\">Tama\u00f1o de neum\u00e1tico de aplicaci\u00f3n<\/td> <td style=\"width: 16.6667%;\">900-1200 mm<\/td> <td style=\"width: 16.6667%;\">900-1200 mm<\/td> <td style=\"width: 16.6667%;\">1800-4000 mm<\/td> <\/tr> <tr> <td style=\"width: 16.6667%;\">Principio de funcionamiento<\/td> <td style=\"width: 16.6667%;\">Tira el alambre de un lado<\/td> <td style=\"width: 16.6667%;\">Tira alambres de acero de ambos lados<\/td> <td style=\"width: 16.6667%;\">Extrae anillos de acero extremadamente gruesos de neum\u00e1ticos grandes OTR<\/td> <\/tr> <tr> <td style=\"width: 16.6667%;\">Capacidad<\/td> <td style=\"width: 16.6667%;\">20-30 neum\u00e1ticos\/h<\/td> <td style=\"width: 16.6667%;\">40-50 neum\u00e1ticos\/h<\/td> <td style=\"width: 16.6667%;\">30 tirones\/h<\/td> <\/tr> <tr> <td style=\"width: 16.6667%;\">Fuerza<\/td> <td style=\"width: 16.6667%;\">11 KW<\/td> <td style=\"width: 16.6667%;\">18.5 KW<\/td> <td style=\"width: 16.6667%;\">22+3 KW<\/td> <\/tr> <tr> <td style=\"width: 16.6667%;\">Caracter\u00edstica de la estructura<\/td> <td style=\"width: 16.6667%;\">Compacto<\/td> <td style=\"width: 16.6667%;\">Compacto<\/td> <td style=\"width: 16.6667%;\">Marco extragrande y sistema hidr\u00e1ulico<\/td> <\/tr> <tr> <td style=\"width: 16.6667%;\">M\u00e9todo de carga de neum\u00e1ticos<\/td> <td style=\"width: 16.6667%;\">Manual o semi-autom\u00e1tico<\/td> <td style=\"width: 16.6667%;\">Manual o semi-autom\u00e1tico<\/td> <td style=\"width: 16.6667%;\">Carretilla elevadora o dispositivo de elevaci\u00f3n<\/td> <\/tr> <tr> <td style=\"width: 16.6667%;\">Usuarios objetivo<\/td> <td style=\"width: 16.6667%;\">Peque\u00f1as l\u00edneas de reciclaje<\/td> <td style=\"width: 16.6667%;\">L\u00edneas de reciclaje medianas<\/td> <td style=\"width: 16.6667%;\">Instalaciones de reciclaje OTR de alta resistencia<\/td> <\/tr> <\/tbody> <\/table> <div id='gallery-3' class='gallery galleryid-17439 gallery-columns-3 gallery-size-full'><figure class='gallery-item'> \t\t\t<div class='gallery-icon landscape'> \t\t\t\t<a href='https:\/\/recyclingequipinc.com\/es\/?attachment_id=17451'><img loading=\"lazy\" decoding=\"async\" width=\"720\" height=\"540\" src=\"https:\/\/recyclingequipinc.com\/wp-content\/uploads\/2025\/08\/standard-tire-debeader-machine.webp\" class=\"attachment-full size-full\" alt=\"M\u00e1quina despojada de neum\u00e1ticos est\u00e1ndar\" aria-describedby=\"gallery-3-17451\" srcset=\"https:\/\/recyclingequipinc.com\/wp-content\/uploads\/2025\/08\/standard-tire-debeader-machine.webp 720w, https:\/\/recyclingequipinc.com\/wp-content\/uploads\/2025\/08\/standard-tire-debeader-machine-300x225.webp 300w, https:\/\/recyclingequipinc.com\/wp-content\/uploads\/2025\/08\/standard-tire-debeader-machine-16x12.webp 16w\" sizes=\"(max-width: 720px) 100vw, 720px\" \/><\/a> \t\t\t<\/div> \t\t\t\t<figcaption class='wp-caption-text gallery-caption' id='gallery-3-17451'> \t\t\t\tM\u00e1quina despojada de neum\u00e1ticos est\u00e1ndar \t\t\t\t<\/figcaption><\/figure><figure class='gallery-item'> \t\t\t<div class='gallery-icon landscape'> \t\t\t\t<a href='https:\/\/recyclingequipinc.com\/es\/?attachment_id=17443'><img loading=\"lazy\" decoding=\"async\" width=\"720\" height=\"540\" src=\"https:\/\/recyclingequipinc.com\/wp-content\/uploads\/2025\/08\/double-single-tire-debeader-machine.webp\" class=\"attachment-full size-full\" alt=\"M\u00e1quina despojada de neum\u00e1ticos doble simple\" aria-describedby=\"gallery-3-17443\" srcset=\"https:\/\/recyclingequipinc.com\/wp-content\/uploads\/2025\/08\/double-single-tire-debeader-machine.webp 720w, https:\/\/recyclingequipinc.com\/wp-content\/uploads\/2025\/08\/double-single-tire-debeader-machine-300x225.webp 300w, https:\/\/recyclingequipinc.com\/wp-content\/uploads\/2025\/08\/double-single-tire-debeader-machine-16x12.webp 16w\" sizes=\"(max-width: 720px) 100vw, 720px\" \/><\/a> \t\t\t<\/div> \t\t\t\t<figcaption class='wp-caption-text gallery-caption' id='gallery-3-17443'> \t\t\t\tM\u00e1quina despojada de neum\u00e1ticos doble simple \t\t\t\t<\/figcaption><\/figure> \t\t<\/div>  <div id='gallery-4' class='gallery galleryid-17439 gallery-columns-3 gallery-size-full'><figure class='gallery-item'> \t\t\t<div class='gallery-icon portrait'> \t\t\t\t<a href='https:\/\/recyclingequipinc.com\/es\/?attachment_id=17446'><img loading=\"lazy\" decoding=\"async\" width=\"540\" height=\"720\" src=\"https:\/\/recyclingequipinc.com\/wp-content\/uploads\/2025\/08\/OTR-tire-steel-wire-drawing-machine.webp\" class=\"attachment-full size-full\" alt=\"M\u00e1quina de tracci\u00f3n de alambre de acero para neum\u00e1ticos OTR\" aria-describedby=\"gallery-4-17446\" srcset=\"https:\/\/recyclingequipinc.com\/wp-content\/uploads\/2025\/08\/OTR-tire-steel-wire-drawing-machine.webp 540w, https:\/\/recyclingequipinc.com\/wp-content\/uploads\/2025\/08\/OTR-tire-steel-wire-drawing-machine-225x300.webp 225w, https:\/\/recyclingequipinc.com\/wp-content\/uploads\/2025\/08\/OTR-tire-steel-wire-drawing-machine-9x12.webp 9w\" sizes=\"(max-width: 540px) 100vw, 540px\" \/><\/a> \t\t\t<\/div> \t\t\t\t<figcaption class='wp-caption-text gallery-caption' id='gallery-4-17446'> \t\t\t\tM\u00e1quina de tracci\u00f3n de alambre de acero para neum\u00e1ticos OTR \t\t\t\t<\/figcaption><\/figure><figure class='gallery-item'> \t\t\t<div class='gallery-icon portrait'> \t\t\t\t<a href='https:\/\/recyclingequipinc.com\/es\/?attachment_id=17447'><img loading=\"lazy\" decoding=\"async\" width=\"540\" height=\"720\" src=\"https:\/\/recyclingequipinc.com\/wp-content\/uploads\/2025\/08\/OTR-tyre-debeading-machine.webp\" class=\"attachment-full size-full\" alt=\"M\u00e1quina de desmonte de neum\u00e1ticos OTR\" aria-describedby=\"gallery-4-17447\" srcset=\"https:\/\/recyclingequipinc.com\/wp-content\/uploads\/2025\/08\/OTR-tyre-debeading-machine.webp 540w, https:\/\/recyclingequipinc.com\/wp-content\/uploads\/2025\/08\/OTR-tyre-debeading-machine-225x300.webp 225w, https:\/\/recyclingequipinc.com\/wp-content\/uploads\/2025\/08\/OTR-tyre-debeading-machine-9x12.webp 9w\" sizes=\"(max-width: 540px) 100vw, 540px\" \/><\/a> \t\t\t<\/div> \t\t\t\t<figcaption class='wp-caption-text gallery-caption' id='gallery-4-17447'> \t\t\t\tM\u00e1quina de desmonte de neum\u00e1ticos OTR \t\t\t\t<\/figcaption><\/figure> \t\t<\/div>  <p>La m\u00e1quina desmoldadora de neum\u00e1ticos OTR est\u00e1 equipada con un solo gancho hidr\u00e1ulico reforzado, dise\u00f1ado espec\u00edficamente para quitar el extremadamente grueso borde de acero de los grandes neum\u00e1ticos fuera de carretera (OTR), que t\u00edpicamente var\u00edan de 1800 a 4000 mm de di\u00e1metro. Aunque t\u00e9cnicamente tiene solo un gancho, este gancho es significativamente m\u00e1s grande, m\u00e1s fuerte y construido para una fuerza de grado industrial, a diferencia de los ganchos est\u00e1ndar en desmoldadoras peque\u00f1as.<\/p> <p>En comparaci\u00f3n, los despojos de un solo gancho y de doble gancho est\u00e1n dise\u00f1ados para neum\u00e1ticos de autom\u00f3viles, camiones y autobuses regulares (900\u20131200 mm). Son compactos, m\u00e1s f\u00e1ciles de mover y est\u00e1n dise\u00f1ados para operaciones a menor escala. El modelo de doble gancho mejora la eficiencia al manejar ambos lados del neum\u00e1tico a la vez, mientras que el modelo OTR se centra en la resistencia y estabilidad para neum\u00e1ticos sobredimensionados y de alta resistencia.<\/p> <h2>\u00bfC\u00f3mo funciona la m\u00e1quina quitadora de bead de neum\u00e1tico?<\/h2> <p>Todas nuestras m\u00e1quinas desmonte de neum\u00e1ticos siguen un principio de funcionamiento similar, con algunas variaciones seg\u00fan el tipo de modelo. El proceso de operaci\u00f3n t\u00edpico incluye:<\/p> <ol> <li>Carga de Neum\u00e1ticos: El neum\u00e1tico de desecho se coloca manual o mec\u00e1nicamente sobre la mesa de trabajo o el brazo de soporte de la m\u00e1quina. Los modelos est\u00e1ndar (gancho simple\/doble) permiten la carga manual. El modelo OTR requiere un montacargas o gr\u00faa debido al tama\u00f1o del neum\u00e1tico.<\/li> <li><span style=\"font-size: 16px;\">Ajuste y posicionamiento: <\/span><span style=\"font-size: 16px;\">El neum\u00e1tico se sujeta firmemente mediante presi\u00f3n hidr\u00e1ulica para evitar movimientos durante la extracci\u00f3n.<\/span><\/li> <li>Inserci\u00f3n de gancho: Un gancho hidr\u00e1ulico se introduce en el \u00e1rea del tal\u00f3n del neum\u00e1tico para atrapar el alambre de acero incrustado. El modelo de gancho simple trabaja un lado a la vez. El modelo de gancho doble trabaja en ambos lados simult\u00e1neamente. El modelo OTR utiliza un gancho reforzado para talones de acero grueso.<\/li> <li>Extracci\u00f3n de alambre: El gancho es tirado hacia afuera por el cilindro hidr\u00e1ulico, extrayendo suavemente el anillo de acero.<\/li> <li>Descarga y repetici\u00f3n: El neum\u00e1tico (ahora sin acero) se libera y se retira. El proceso se repite para el siguiente neum\u00e1tico.<\/li> <\/ol> <h2>Salida de la m\u00e1quina extractora de alambre de neum\u00e1tico<\/h2> <p>Despu\u00e9s de la extracci\u00f3n de alambre, se obtienen dos salidas: el alambre de perla de acero y el cuerpo de neum\u00e1tico de goma sin el acero. Cada uno tiene caracter\u00edsticas y usos distintos:<\/p> <ul> <li><strong>Alambre de acero para la talonera:<\/strong> Anillos de acero de alta resistencia y m\u00faltiples lazos con un m\u00ednimo de residuo de caucho. Pueden ser vendidos directamente a las acer\u00edas para su reciclaje o utilizados como un combustible industrial alternativo en algunas aplicaciones.<\/li> <li><strong style=\"font-size: 16px;\">Cuerpo de neum\u00e1tico de goma:<\/strong> <span style=\"font-size: 16px;\">Una vez que se retira el acero, el neum\u00e1tico puede ser procesado a\u00fan m\u00e1s con un <a href=\"https:\/\/recyclingequipinc.com\/es\/producto\/hydraulic-tire-cutter\/\">m\u00e1quina de corte de neum\u00e1ticos<\/a>, <a href=\"https:\/\/recyclingequipinc.com\/es\/producto\/tire-rubber-shredder-for-sale\/\">triturador de neum\u00e1ticos<\/a>, y un granulador de goma. Para neum\u00e1ticos OTR grandes, el desbastador OTR puede combinarse con un cortador de neum\u00e1ticos OTR para un pretratamiento eficiente.<\/span><\/li> <\/ul> <h2>M\u00e1quina desmanteladora de neum\u00e1ticos en venta<\/h2> <p>Shuliy Machinery se compromete a ofrecer m\u00e1quinas desllantadoras de neum\u00e1ticos duraderas y de alto rendimiento a empresas de reciclaje en todo el mundo. Ya sea que maneje neum\u00e1ticos de pasajeros est\u00e1ndar o neum\u00e1ticos gigantes OTR, tenemos una soluci\u00f3n adaptada a sus necesidades. Contacte a nuestro equipo ahora para obtener una cotizaci\u00f3n y consulta gratuitas. Le ayudaremos a elegir el modelo adecuado y proporcionaremos soporte t\u00e9cnico completo para la instalaci\u00f3n y operaci\u00f3n.<\/p>","protected":false},"excerpt":{"rendered":"<p>Shuliy ofrece una variedad de m\u00e1quinas para la eliminaci\u00f3n de alambres de neum\u00e1ticos, incluyendo modelos de gancho simple y doble, as\u00ed como m\u00e1quinas espec\u00edficas para neum\u00e1ticos OTR. Estas m\u00e1quinas eliminan de manera eficiente los anillos de alambre de acero y mejoran la eficiencia del reciclaje.<\/p>","protected":false},"featured_media":17445,"template":"","meta":{"site-sidebar-layout":"default","site-content-layout":"","ast-site-content-layout":"default","site-content-style":"default","site-sidebar-style":"default","ast-global-header-display":"","ast-banner-title-visibility":"","ast-main-header-display":"","ast-hfb-above-header-display":"","ast-hfb-below-header-display":"","ast-hfb-mobile-header-display":"","site-post-title":"","ast-breadcrumbs-content":"","ast-featured-img":"","footer-sml-layout":"","ast-disable-related-posts":"","theme-transparent-header-meta":"default","adv-header-id-meta":"","stick-header-meta":"","header-above-stick-meta":"","header-main-stick-meta":"","header-below-stick-meta":"","astra-migrate-meta-layouts":"set","ast-page-background-enabled":"default","ast-page-background-meta":{"desktop":{"background-color":"","background-image":"","background-repeat":"repeat","background-position":"center center","background-size":"auto","background-attachment":"scroll","background-type":"","background-media":"","overlay-type":"","overlay-color":"","overlay-opacity":"","overlay-gradient":""},"tablet":{"background-color":"","background-image":"","background-repeat":"repeat","background-position":"center center","background-size":"auto","background-attachment":"scroll","background-type":"","background-media":"","overlay-type":"","overlay-color":"","overlay-opacity":"","overlay-gradient":""},"mobile":{"background-color":"","background-image":"","background-repeat":"repeat","background-position":"center center","background-size":"auto","background-attachment":"scroll","background-type":"","background-media":"","overlay-type":"","overlay-color":"","overlay-opacity":"","overlay-gradient":""}},"ast-content-background-meta":{"desktop":{"background-color":"var(--ast-global-color-5)","background-image":"","background-repeat":"repeat","background-position":"center center","background-size":"auto","background-attachment":"scroll","background-type":"","background-media":"","overlay-type":"","overlay-color":"","overlay-opacity":"","overlay-gradient":""},"tablet":{"background-color":"var(--ast-global-color-5)","background-image":"","background-repeat":"repeat","background-position":"center center","background-size":"auto","background-attachment":"scroll","background-type":"","background-media":"","overlay-type":"","overlay-color":"","overlay-opacity":"","overlay-gradient":""},"mobile":{"background-color":"var(--ast-global-color-5)","background-image":"","background-repeat":"repeat","background-position":"center center","background-size":"auto","background-attachment":"scroll","background-type":"","background-media":"","overlay-type":"","overlay-color":"","overlay-opacity":"","overlay-gradient":""}}},"product_brand":[],"product_cat":[128],"product_tag":[],"class_list":{"0":"post-17439","1":"product","2":"type-product","3":"status-publish","4":"has-post-thumbnail","6":"product_cat-tire-recycling-machine","7":"desktop-align-center","8":"tablet-align-center","9":"mobile-align-center","11":"first","12":"instock","13":"shipping-taxable","14":"product-type-simple"},"_links":{"self":[{"href":"https:\/\/recyclingequipinc.com\/es\/wp-json\/wp\/v2\/product\/17439","targetHints":{"allow":["GET"]}}],"collection":[{"href":"https:\/\/recyclingequipinc.com\/es\/wp-json\/wp\/v2\/product"}],"about":[{"href":"https:\/\/recyclingequipinc.com\/es\/wp-json\/wp\/v2\/types\/product"}],"version-history":[{"count":0,"href":"https:\/\/recyclingequipinc.com\/es\/wp-json\/wp\/v2\/product\/17439\/revisions"}],"wp:featuredmedia":[{"embeddable":true,"href":"https:\/\/recyclingequipinc.com\/es\/wp-json\/wp\/v2\/media\/17445"}],"wp:attachment":[{"href":"https:\/\/recyclingequipinc.com\/es\/wp-json\/wp\/v2\/media?parent=17439"}],"wp:term":[{"taxonomy":"product_brand","embeddable":true,"href":"https:\/\/recyclingequipinc.com\/es\/wp-json\/wp\/v2\/product_brand?post=17439"},{"taxonomy":"product_cat","embeddable":true,"href":"https:\/\/recyclingequipinc.com\/es\/wp-json\/wp\/v2\/product_cat?post=17439"},{"taxonomy":"product_tag","embeddable":true,"href":"https:\/\/recyclingequipinc.com\/es\/wp-json\/wp\/v2\/product_tag?post=17439"}],"curies":[{"name":"wp","href":"https:\/\/api.w.org\/{rel}","templated":true}]}}