{"id":17417,"date":"2025-07-28T14:06:42","date_gmt":"2025-07-28T06:06:42","guid":{"rendered":"https:\/\/recyclingequipinc.com\/?post_type=product&#038;p=17417"},"modified":"2025-07-30T17:14:12","modified_gmt":"2025-07-30T09:14:12","slug":"hydraulic-tire-cutter","status":"publish","type":"product","link":"https:\/\/recyclingequipinc.com\/es\/product\/hydraulic-tire-cutter\/","title":{"rendered":"Cortadora de Neum\u00e1ticos Hidr\u00e1ulica para Neum\u00e1ticos de Desecho de 900-4000 mm"},"content":{"rendered":"<p>En las operaciones modernas de reciclaje de neum\u00e1ticos, el primer paso para convertir neum\u00e1ticos en desuso en recursos valiosos es cortarlos en piezas manejables. Shuliy Machinery ofrece dos soluciones robustas con su serie de cortadoras de neum\u00e1ticos hidr\u00e1ulicas, dise\u00f1adas para procesar tanto neum\u00e1ticos regulares (900-1200 mm) como neum\u00e1ticos OTR grandes (1400-4000 mm). Ya sea que est\u00e9 tratando con neum\u00e1ticos de autom\u00f3viles en desuso o neum\u00e1ticos industriales masivos, nuestras m\u00e1quinas ofrecen cortes limpios y precisos que optimizan los procesos posteriores.<\/p> <div id='gallery-1' class='gallery galleryid-17417 gallery-columns-3 gallery-size-full'><figure class='gallery-item'> \t\t\t<div class='gallery-icon landscape'> \t\t\t\t<a href='https:\/\/recyclingequipinc.com\/es\/?attachment_id=17422'><img fetchpriority=\"high\" decoding=\"async\" width=\"720\" height=\"540\" src=\"https:\/\/recyclingequipinc.com\/wp-content\/uploads\/2025\/07\/complete-waste-tires.webp\" class=\"attachment-full size-full\" alt=\"neum\u00e1ticos de desecho completos\" aria-describedby=\"gallery-1-17422\" srcset=\"https:\/\/recyclingequipinc.com\/wp-content\/uploads\/2025\/07\/complete-waste-tires.webp 720w, https:\/\/recyclingequipinc.com\/wp-content\/uploads\/2025\/07\/complete-waste-tires-300x225.webp 300w, https:\/\/recyclingequipinc.com\/wp-content\/uploads\/2025\/07\/complete-waste-tires-16x12.webp 16w\" sizes=\"(max-width: 720px) 100vw, 720px\" \/><\/a> \t\t\t<\/div> \t\t\t\t<figcaption class='wp-caption-text gallery-caption' id='gallery-1-17422'> \t\t\t\tneum\u00e1ticos de desecho completos \t\t\t\t<\/figcaption><\/figure><figure class='gallery-item'> \t\t\t<div class='gallery-icon landscape'> \t\t\t\t<a href='https:\/\/recyclingequipinc.com\/es\/?attachment_id=17423'><img decoding=\"async\" width=\"720\" height=\"540\" src=\"https:\/\/recyclingequipinc.com\/wp-content\/uploads\/2025\/07\/cut-tire-segment.webp\" class=\"attachment-full size-full\" alt=\"segmento de neum\u00e1tico cortado\" aria-describedby=\"gallery-1-17423\" srcset=\"https:\/\/recyclingequipinc.com\/wp-content\/uploads\/2025\/07\/cut-tire-segment.webp 720w, https:\/\/recyclingequipinc.com\/wp-content\/uploads\/2025\/07\/cut-tire-segment-300x225.webp 300w, https:\/\/recyclingequipinc.com\/wp-content\/uploads\/2025\/07\/cut-tire-segment-16x12.webp 16w\" sizes=\"(max-width: 720px) 100vw, 720px\" \/><\/a> \t\t\t<\/div> \t\t\t\t<figcaption class='wp-caption-text gallery-caption' id='gallery-1-17423'> \t\t\t\tsegmento de neum\u00e1tico cortado \t\t\t\t<\/figcaption><\/figure> \t\t<\/div>  <h3 data-start=\"2847\" data-end=\"2899\">Caracter\u00edsticas clave de nuestro equipo de corte de neum\u00e1ticos<\/h3> <p data-start=\"2903\" data-end=\"2968\" class=\"translation-block\"><strong data-start=\"2905\" data-end=\"2933\">\u2705Corte impulsado por hidr\u00e1ulica<\/strong> garantiza alta potencia y estabilidad<\/p> <p data-start=\"2971\" data-end=\"3038\" class=\"translation-block\"><strong data-start=\"2973\" data-end=\"3007\">\u2705Cuchilla de grado industrial Cr12MoV<\/strong> para una resistencia al desgaste superior<\/p> <p data-start=\"3041\" data-end=\"3104\" class=\"translation-block\"><strong data-start=\"3043\" data-end=\"3065\">\u2705Soluciones personalizadas<\/strong> para tama\u00f1os de neum\u00e1ticos est\u00e1ndar y OTR<\/p> <p data-start=\"3107\" data-end=\"3175\" class=\"translation-block\"><strong data-start=\"3109\" data-end=\"3133\">\u2705Optimizado para seguridad<\/strong>, facilidad de operaci\u00f3n y bajo mantenimiento<\/p> <p data-start=\"3178\" data-end=\"3254\" class=\"translation-block\">\u2705 Tratamiento previo perfecto para <strong data-start=\"3206\" data-end=\"3252\">l\u00edneas de trituraci\u00f3n y granulaci\u00f3n de neum\u00e1ticos de desecho<\/strong><\/p> <div id='gallery-2' class='gallery galleryid-17417 gallery-columns-3 gallery-size-full'><figure class='gallery-item'> \t\t\t<div class='gallery-icon landscape'> \t\t\t\t<a href='https:\/\/recyclingequipinc.com\/es\/?attachment_id=17427'><img decoding=\"async\" width=\"720\" height=\"540\" src=\"https:\/\/recyclingequipinc.com\/wp-content\/uploads\/2025\/07\/waste-tire-cutter.webp\" class=\"attachment-full size-full\" alt=\"cortadora de neum\u00e1ticos de desecho\" aria-describedby=\"gallery-2-17427\" srcset=\"https:\/\/recyclingequipinc.com\/wp-content\/uploads\/2025\/07\/waste-tire-cutter.webp 720w, https:\/\/recyclingequipinc.com\/wp-content\/uploads\/2025\/07\/waste-tire-cutter-300x225.webp 300w, https:\/\/recyclingequipinc.com\/wp-content\/uploads\/2025\/07\/waste-tire-cutter-16x12.webp 16w\" sizes=\"(max-width: 720px) 100vw, 720px\" \/><\/a> \t\t\t<\/div> \t\t\t\t<figcaption class='wp-caption-text gallery-caption' id='gallery-2-17427'> \t\t\t\tcortadora de neum\u00e1ticos de desecho \t\t\t\t<\/figcaption><\/figure><figure class='gallery-item'> \t\t\t<div class='gallery-icon landscape'> \t\t\t\t<a href='https:\/\/recyclingequipinc.com\/es\/?attachment_id=17426'><img loading=\"lazy\" decoding=\"async\" width=\"720\" height=\"540\" src=\"https:\/\/recyclingequipinc.com\/wp-content\/uploads\/2025\/07\/standard-hydraulic-tire-cutter.webp\" class=\"attachment-full size-full\" alt=\"cortadora de neum\u00e1ticos hidr\u00e1ulica est\u00e1ndar\" aria-describedby=\"gallery-2-17426\" srcset=\"https:\/\/recyclingequipinc.com\/wp-content\/uploads\/2025\/07\/standard-hydraulic-tire-cutter.webp 720w, https:\/\/recyclingequipinc.com\/wp-content\/uploads\/2025\/07\/standard-hydraulic-tire-cutter-300x225.webp 300w, https:\/\/recyclingequipinc.com\/wp-content\/uploads\/2025\/07\/standard-hydraulic-tire-cutter-16x12.webp 16w\" sizes=\"(max-width: 720px) 100vw, 720px\" \/><\/a> \t\t\t<\/div> \t\t\t\t<figcaption class='wp-caption-text gallery-caption' id='gallery-2-17426'> \t\t\t\tcortadora de neum\u00e1ticos hidr\u00e1ulica est\u00e1ndar \t\t\t\t<\/figcaption><\/figure> \t\t<\/div>  <h2>M\u00e1quina est\u00e1ndar de corte de neum\u00e1ticos usados (para neum\u00e1ticos \u22641200mm)<\/h2> <p data-start=\"1010\" data-end=\"1380\">Este cortador de neum\u00e1ticos de goma es ideal para cortar neum\u00e1ticos de camiones y veh\u00edculos de pasajeros con un di\u00e1metro exterior entre 900 mm y 1200 mm. Utiliza un potente motor de 7.5 kW y una hoja de corte endurecida hecha de acero Cr12MoV para ofrecer un rendimiento constante a una tasa de hasta 60 neum\u00e1ticos por hora. Su dise\u00f1o compacto lo hace adecuado para plantas de reciclaje peque\u00f1as y medianas.<\/p> <figure id=\"attachment_17425\" aria-describedby=\"caption-attachment-17425\" style=\"width: 720px\" class=\"wp-caption alignnone\"><img loading=\"lazy\" decoding=\"async\" class=\"wp-image-17425 size-full\" src=\"https:\/\/recyclingequipinc.com\/wp-content\/uploads\/2025\/07\/scrap-tire-cutter.webp\" alt=\"cortadora de neum\u00e1ticos usados\" width=\"720\" height=\"540\" srcset=\"https:\/\/recyclingequipinc.com\/wp-content\/uploads\/2025\/07\/scrap-tire-cutter.webp 720w, https:\/\/recyclingequipinc.com\/wp-content\/uploads\/2025\/07\/scrap-tire-cutter-300x225.webp 300w, https:\/\/recyclingequipinc.com\/wp-content\/uploads\/2025\/07\/scrap-tire-cutter-16x12.webp 16w\" sizes=\"(max-width: 720px) 100vw, 720px\" \/><figcaption id=\"caption-attachment-17425\" class=\"wp-caption-text\">cortadora de neum\u00e1ticos usados<\/figcaption><\/figure> <h3 data-start=\"1382\" data-end=\"1411\"><strong data-start=\"1382\" data-end=\"1411\">Especificaciones t\u00e9cnicas:<\/strong><\/h3> <ul> <li data-start=\"1415\" data-end=\"1446\"><strong data-start=\"1415\" data-end=\"1432\">Nombre de la m\u00e1quina:<\/strong> Cortadora de neum\u00e1ticos<\/li> <li data-start=\"1415\" data-end=\"1446\"><strong data-start=\"1584\" data-end=\"1609\">Tama\u00f1o del neum\u00e1tico a procesar:<\/strong> 900\u20131200mm<\/li> <li data-start=\"1415\" data-end=\"1446\"><strong data-start=\"1625\" data-end=\"1636\">Salida:<\/strong> 60 neum\u00e1ticos\/hora<\/li> <li data-start=\"1415\" data-end=\"1446\"><strong data-start=\"1449\" data-end=\"1459\">Potencia:<\/strong> 7.5kW<\/li> <li data-start=\"1470\" data-end=\"1506\"><strong data-start=\"1470\" data-end=\"1484\">Dimensi\u00f3n:<\/strong> 1.7m*0.8m*1.85m<\/li> <li data-start=\"1509\" data-end=\"1558\"><strong data-start=\"1509\" data-end=\"1526\">Tama\u00f1o del paquete:<\/strong> 1.9m*1m*2.1m (caja de madera)<\/li> <li><strong>Peso de la m\u00e1quina:<\/strong> 1400 kg<\/li> <li><strong data-start=\"1655\" data-end=\"1674\">Material de la cuchilla:<\/strong> Acero aleado de alta resistencia Cr12MoV<\/li> <\/ul> <h3 data-start=\"1712\" data-end=\"1853\"><strong data-start=\"1712\" data-end=\"1730\">Funci\u00f3n principal:<\/strong><\/h3> <p data-start=\"1712\" data-end=\"1853\">Este modelo est\u00e1 dise\u00f1ado para cortar neum\u00e1ticos de autom\u00f3viles y camiones sin tal\u00f3n en bloques de menos de 900mm, prepar\u00e1ndolos para ser triturados o granulados.<\/p> <h2 data-start=\"1712\" data-end=\"1853\">Cortadora de neum\u00e1ticos hidr\u00e1ulica OTR (para neum\u00e1ticos \u22644000 mm)<\/h2> <p data-start=\"1920\" data-end=\"2278\">El cortador de neum\u00e1ticos hidr\u00e1ulico OTR es una soluci\u00f3n de alta resistencia para cortar neum\u00e1ticos de ingenier\u00eda ultra grandes, especialmente aquellos utilizados en miner\u00eda o construcci\u00f3n pesada. Procesa neum\u00e1ticos OTR sin bead con di\u00e1metros que van de 1400 mm a 4000 mm. Construido con marcos reforzados y una cuchilla de grado premium Cr12MoV, corta estos neum\u00e1ticos masivos a un ritmo de dos cortes por minuto.<\/p> <figure id=\"attachment_17424\" aria-describedby=\"caption-attachment-17424\" style=\"width: 720px\" class=\"wp-caption alignnone\"><img loading=\"lazy\" decoding=\"async\" class=\"wp-image-17424 size-full\" src=\"https:\/\/recyclingequipinc.com\/wp-content\/uploads\/2025\/07\/OTR-hydraulic-tire-cutter.webp\" alt=\"Cortadora de neum\u00e1ticos hidr\u00e1ulica OTR\" width=\"720\" height=\"540\" srcset=\"https:\/\/recyclingequipinc.com\/wp-content\/uploads\/2025\/07\/OTR-hydraulic-tire-cutter.webp 720w, https:\/\/recyclingequipinc.com\/wp-content\/uploads\/2025\/07\/OTR-hydraulic-tire-cutter-300x225.webp 300w, https:\/\/recyclingequipinc.com\/wp-content\/uploads\/2025\/07\/OTR-hydraulic-tire-cutter-16x12.webp 16w\" sizes=\"(max-width: 720px) 100vw, 720px\" \/><figcaption id=\"caption-attachment-17424\" class=\"wp-caption-text\">Cortadora de neum\u00e1ticos hidr\u00e1ulica OTR<\/figcaption><\/figure> <h3 data-start=\"2280\" data-end=\"2309\">Especificaciones t\u00e9cnicas:<\/h3> <ul> <li data-start=\"2313\" data-end=\"2348\"><strong data-start=\"2313\" data-end=\"2330\">Nombre de la m\u00e1quina:<\/strong> Cortadora de neum\u00e1ticos de chatarra OTR<\/li> <li data-start=\"2505\" data-end=\"2565\"><strong data-start=\"2505\" data-end=\"2530\">Tama\u00f1o del neum\u00e1tico a procesar:<\/strong> 1400\u20134000mm (sin bead de acero)<\/li> <li data-start=\"2568\" data-end=\"2599\"><strong data-start=\"2568\" data-end=\"2579\">Salida:<\/strong> 2 cortes por minuto<\/li> <li data-start=\"2351\" data-end=\"2369\"><strong data-start=\"2351\" data-end=\"2361\">Potencia:<\/strong> 7.5kW<\/li> <li data-start=\"2372\" data-end=\"2409\"><strong data-start=\"2372\" data-end=\"2386\">Dimensi\u00f3n:<\/strong> 3.13m*1.65m*2.7m<\/li> <li data-start=\"2412\" data-end=\"2479\"><strong data-start=\"2412\" data-end=\"2429\">Tama\u00f1o del paquete:<\/strong> No aplicable (demasiado grande para embalaje de madera)<\/li> <li data-start=\"2482\" data-end=\"2502\"><strong data-start=\"2482\" data-end=\"2493\">Peso de la m\u00e1quina:<\/strong> 7200kg<\/li> <li data-start=\"2602\" data-end=\"2657\"><strong data-start=\"2602\" data-end=\"2621\">Material de la cuchilla:<\/strong> Acero aleado de alta resistencia Cr12MoV<\/li> <\/ul> <h3 data-start=\"2659\" data-end=\"2840\">Funci\u00f3n Principal<strong data-start=\"2659\" data-end=\"2677\">:<\/strong><\/h3> <p data-start=\"2659\" data-end=\"2840\">Esta m\u00e1quina hidr\u00e1ulica de corte de neum\u00e1ticos maneja neum\u00e1ticos de gran tama\u00f1o que ya han pasado por la eliminaci\u00f3n de alambre de acero. Corta el cuerpo del neum\u00e1tico en tiras para su posterior triturado y reciclaje.<\/p> <h2 data-start=\"2659\" data-end=\"2840\">Principio de funcionamiento de la cortadora de neum\u00e1ticos usados<\/h2> <p>1. Coloque el neum\u00e1tico en la mesa de trabajo.<br \/> El operador coloca el neum\u00e1tico usado en el lugar designado de la plataforma de corte, asegur\u00e1ndose de que el neum\u00e1tico est\u00e9 estable y directamente debajo de la herramienta de corte.<\/p> <p>2. Se activa el sistema de accionamiento hidr\u00e1ulico.<br \/> Una vez que el operador inicia la m\u00e1quina, el sistema de accionamiento de la bomba hidr\u00e1ulica comienza a funcionar, proporcionando una fuente de energ\u00eda potente para las herramientas de corte.<\/p> <p>3. La herramienta de corte hidr\u00e1ulica corta el neum\u00e1tico.<br \/> El sistema hidr\u00e1ulico acciona la herramienta de corte de alta resistencia para presionar hacia abajo de forma vertical u horizontal, cortando la carcasa del neum\u00e1tico en grandes piezas de dimensiones espec\u00edficas (por ejemplo, menos de 900 mm) para su posterior triturado o procesamiento.<\/p> <p>4. Se pueden realizar m\u00faltiples cortes en segmentos.<br \/> Para neum\u00e1ticos OTR m\u00e1s grandes, el proceso de corte se divide en m\u00faltiples segmentos, con cada corte espaciado aproximadamente un minuto. Esto asegura la integridad estructural y previene la sobrecarga del equipo.<\/p> <p class=\"translation-block\">5. Se expulsa el producto terminado.<br \/> Los trozos de neum\u00e1tico cortados pasan a la siguiente etapa de <a href=\"https:\/\/recyclingequipinc.com\/es\/producto\/tire-rubber-shredder-for-sale\/\">trituraci\u00f3n<\/a> o molienda.<\/p> <h2 data-start=\"3178\" data-end=\"3254\">Aplicaci\u00f3n de la m\u00e1quina cortadora de neum\u00e1ticos de goma en venta<\/h2> <p data-start=\"3285\" data-end=\"3340\">Nuestras m\u00e1quinas cortadoras de neum\u00e1ticos hidr\u00e1ulicas se utilizan ampliamente en:<\/p> <ul data-start=\"3342\" data-end=\"3509\"> <li data-start=\"3342\" data-end=\"3367\"> <p data-start=\"3344\" data-end=\"3367\">Plantas de reciclaje de neum\u00e1ticos<\/p> <\/li> <li data-start=\"3368\" data-end=\"3396\"> <p data-start=\"3370\" data-end=\"3396\">Centros de gesti\u00f3n de residuos<\/p> <\/li> <li data-start=\"3397\" data-end=\"3425\"> <p data-start=\"3399\" data-end=\"3425\">L\u00edneas de granulaci\u00f3n de caucho<\/p> <\/li> <li data-start=\"3426\" data-end=\"3458\"> <p data-start=\"3428\" data-end=\"3458\">Estaciones de procesamiento de neum\u00e1ticos OTR<\/p> <\/li> <li data-start=\"3459\" data-end=\"3509\"> <p data-start=\"3461\" data-end=\"3509\">Pretratamiento para pir\u00f3lisis o devulcanizaci\u00f3n<\/p> <\/li> <\/ul> <h2 data-start=\"3516\" data-end=\"3558\">Actualiza tu l\u00ednea de reciclaje de neum\u00e1ticos hoy<\/h2> <p data-start=\"3560\" data-end=\"3836\">Los cortadores de neum\u00e1ticos hidr\u00e1ulicos de Shuliy est\u00e1n dise\u00f1ados para satisfacer las demandas m\u00e1s exigentes de la industria del reciclaje de neum\u00e1ticos usados. Ya sea que est\u00e9s tratando con miles de neum\u00e1ticos peque\u00f1os o grandes lotes de neum\u00e1ticos OTR industriales, nuestras m\u00e1quinas garantizan un procesamiento seguro, eficiente y rentable.<\/p> <p data-start=\"3838\" data-end=\"3946\" class=\"translation-block\">\ud83d\udce9 <strong data-start=\"3841\" data-end=\"3859\">\u00a1Cont\u00e1ctanos ahora!<\/strong> para obtener un presupuesto, soporte t\u00e9cnico y soluciones personalizadas para tus necesidades de corte de neum\u00e1ticos!<\/p>","protected":false},"excerpt":{"rendered":"<p>\u00bfBuscas una forma eficiente de cortar neum\u00e1ticos de autom\u00f3viles o de OTR? Los cortadores de neum\u00e1ticos hidr\u00e1ulicos de Shuliy est\u00e1n dise\u00f1ados para precisi\u00f3n y seguridad, manejando tama\u00f1os de neum\u00e1ticos desde 900 mm hasta 4000 mm. Nuestras m\u00e1quinas ofrecen un rendimiento excepcional para el preprocesamiento de neum\u00e1ticos en el reciclaje.<\/p>","protected":false},"featured_media":17428,"template":"","meta":{"site-sidebar-layout":"default","site-content-layout":"","ast-site-content-layout":"default","site-content-style":"default","site-sidebar-style":"default","ast-global-header-display":"","ast-banner-title-visibility":"","ast-main-header-display":"","ast-hfb-above-header-display":"","ast-hfb-below-header-display":"","ast-hfb-mobile-header-display":"","site-post-title":"","ast-breadcrumbs-content":"","ast-featured-img":"","footer-sml-layout":"","ast-disable-related-posts":"","theme-transparent-header-meta":"default","adv-header-id-meta":"","stick-header-meta":"","header-above-stick-meta":"","header-main-stick-meta":"","header-below-stick-meta":"","astra-migrate-meta-layouts":"set","ast-page-background-enabled":"default","ast-page-background-meta":{"desktop":{"background-color":"","background-image":"","background-repeat":"repeat","background-position":"center center","background-size":"auto","background-attachment":"scroll","background-type":"","background-media":"","overlay-type":"","overlay-color":"","overlay-opacity":"","overlay-gradient":""},"tablet":{"background-color":"","background-image":"","background-repeat":"repeat","background-position":"center center","background-size":"auto","background-attachment":"scroll","background-type":"","background-media":"","overlay-type":"","overlay-color":"","overlay-opacity":"","overlay-gradient":""},"mobile":{"background-color":"","background-image":"","background-repeat":"repeat","background-position":"center center","background-size":"auto","background-attachment":"scroll","background-type":"","background-media":"","overlay-type":"","overlay-color":"","overlay-opacity":"","overlay-gradient":""}},"ast-content-background-meta":{"desktop":{"background-color":"var(--ast-global-color-5)","background-image":"","background-repeat":"repeat","background-position":"center center","background-size":"auto","background-attachment":"scroll","background-type":"","background-media":"","overlay-type":"","overlay-color":"","overlay-opacity":"","overlay-gradient":""},"tablet":{"background-color":"var(--ast-global-color-5)","background-image":"","background-repeat":"repeat","background-position":"center center","background-size":"auto","background-attachment":"scroll","background-type":"","background-media":"","overlay-type":"","overlay-color":"","overlay-opacity":"","overlay-gradient":""},"mobile":{"background-color":"var(--ast-global-color-5)","background-image":"","background-repeat":"repeat","background-position":"center center","background-size":"auto","background-attachment":"scroll","background-type":"","background-media":"","overlay-type":"","overlay-color":"","overlay-opacity":"","overlay-gradient":""}}},"product_brand":[],"product_cat":[128],"product_tag":[],"class_list":{"0":"post-17417","1":"product","2":"type-product","3":"status-publish","4":"has-post-thumbnail","6":"product_cat-tire-recycling-machine","7":"desktop-align-center","8":"tablet-align-center","9":"mobile-align-center","11":"first","12":"instock","13":"shipping-taxable","14":"product-type-simple"},"_links":{"self":[{"href":"https:\/\/recyclingequipinc.com\/es\/wp-json\/wp\/v2\/product\/17417","targetHints":{"allow":["GET"]}}],"collection":[{"href":"https:\/\/recyclingequipinc.com\/es\/wp-json\/wp\/v2\/product"}],"about":[{"href":"https:\/\/recyclingequipinc.com\/es\/wp-json\/wp\/v2\/types\/product"}],"version-history":[{"count":0,"href":"https:\/\/recyclingequipinc.com\/es\/wp-json\/wp\/v2\/product\/17417\/revisions"}],"wp:featuredmedia":[{"embeddable":true,"href":"https:\/\/recyclingequipinc.com\/es\/wp-json\/wp\/v2\/media\/17428"}],"wp:attachment":[{"href":"https:\/\/recyclingequipinc.com\/es\/wp-json\/wp\/v2\/media?parent=17417"}],"wp:term":[{"taxonomy":"product_brand","embeddable":true,"href":"https:\/\/recyclingequipinc.com\/es\/wp-json\/wp\/v2\/product_brand?post=17417"},{"taxonomy":"product_cat","embeddable":true,"href":"https:\/\/recyclingequipinc.com\/es\/wp-json\/wp\/v2\/product_cat?post=17417"},{"taxonomy":"product_tag","embeddable":true,"href":"https:\/\/recyclingequipinc.com\/es\/wp-json\/wp\/v2\/product_tag?post=17417"}],"curies":[{"name":"wp","href":"https:\/\/api.w.org\/{rel}","templated":true}]}}