{"id":17412,"date":"2025-07-28T14:31:28","date_gmt":"2025-07-28T06:31:28","guid":{"rendered":"https:\/\/recyclingequipinc.com\/?post_type=product&#038;p=17412"},"modified":"2025-07-30T17:13:57","modified_gmt":"2025-07-30T09:13:57","slug":"tire-steel-wire-separator","status":"publish","type":"product","link":"https:\/\/recyclingequipinc.com\/es\/product\/tire-steel-wire-separator\/","title":{"rendered":"Separador de Alambre de Acero para Reciclaje de Neum\u00e1ticos Est\u00e1ndar y OTR"},"content":{"rendered":"<p>Los neum\u00e1ticos desechados contienen grandes cantidades de alambre de acero duro. Si se introducen directamente en una trituradora de neum\u00e1ticos sin un tratamiento previo, pueden da\u00f1ar f\u00e1cilmente el equipo. Shuliy ofrece dos tipos de separadores de alambre de acero para neum\u00e1ticos eficientes, utilizados para neum\u00e1ticos est\u00e1ndar (1400 mm), que separan con precisi\u00f3n los alambres de acero de los restos de neum\u00e1ticos, lo que permite una clasificaci\u00f3n, reciclaje y reutilizaci\u00f3n eficientes de los recursos.<\/p> <div id='gallery-1' class='gallery galleryid-17412 gallery-columns-3 gallery-size-full'><figure class='gallery-item'> \t\t\t<div class='gallery-icon landscape'> \t\t\t\t<a href='https:\/\/recyclingequipinc.com\/es\/?attachment_id=17434'><img fetchpriority=\"high\" decoding=\"async\" width=\"720\" height=\"540\" src=\"https:\/\/recyclingequipinc.com\/wp-content\/uploads\/2025\/07\/standard-tire-steel-wire-separator.webp\" class=\"attachment-full size-full\" alt=\"separador de alambre de acero para neum\u00e1ticos est\u00e1ndar\" aria-describedby=\"gallery-1-17434\" srcset=\"https:\/\/recyclingequipinc.com\/wp-content\/uploads\/2025\/07\/standard-tire-steel-wire-separator.webp 720w, https:\/\/recyclingequipinc.com\/wp-content\/uploads\/2025\/07\/standard-tire-steel-wire-separator-300x225.webp 300w, https:\/\/recyclingequipinc.com\/wp-content\/uploads\/2025\/07\/standard-tire-steel-wire-separator-16x12.webp 16w\" sizes=\"(max-width: 720px) 100vw, 720px\" \/><\/a> \t\t\t<\/div> \t\t\t\t<figcaption class='wp-caption-text gallery-caption' id='gallery-1-17434'> \t\t\t\tseparador de alambre de acero para neum\u00e1ticos est\u00e1ndar \t\t\t\t<\/figcaption><\/figure><figure class='gallery-item'> \t\t\t<div class='gallery-icon landscape'> \t\t\t\t<a href='https:\/\/recyclingequipinc.com\/es\/?attachment_id=17431'><img decoding=\"async\" width=\"720\" height=\"540\" src=\"https:\/\/recyclingequipinc.com\/wp-content\/uploads\/2025\/07\/OTR-tire-steel-wire-separator.webp\" class=\"attachment-full size-full\" alt=\"Separador de alambre de acero para neum\u00e1ticos OTR\" aria-describedby=\"gallery-1-17431\" srcset=\"https:\/\/recyclingequipinc.com\/wp-content\/uploads\/2025\/07\/OTR-tire-steel-wire-separator.webp 720w, https:\/\/recyclingequipinc.com\/wp-content\/uploads\/2025\/07\/OTR-tire-steel-wire-separator-300x225.webp 300w, https:\/\/recyclingequipinc.com\/wp-content\/uploads\/2025\/07\/OTR-tire-steel-wire-separator-16x12.webp 16w\" sizes=\"(max-width: 720px) 100vw, 720px\" \/><\/a> \t\t\t<\/div> \t\t\t\t<figcaption class='wp-caption-text gallery-caption' id='gallery-1-17431'> \t\t\t\tSeparador de alambre de acero para neum\u00e1ticos OTR \t\t\t\t<\/figcaption><\/figure> \t\t<\/div>  <h2 data-start=\"641\" data-end=\"680\">\u00bfPor qu\u00e9 se necesita un separador de alambre de acero para neum\u00e1ticos?<\/h2> <p data-start=\"562\" data-end=\"710\">Ya sean neum\u00e1ticos est\u00e1ndar o neum\u00e1ticos gigantes para miner\u00eda, los alambres de bead de neum\u00e1ticos est\u00e1n hechos de acero de alta resistencia, incrustados en la pared lateral de los neum\u00e1ticos para mantener su integridad estructural. Sin embargo, estos alambres pueden:<\/p> <ul data-start=\"712\" data-end=\"838\"> <li data-start=\"712\" data-end=\"759\"> <p data-start=\"714\" data-end=\"759\" class=\"translation-block\">Da\u00f1o <a href=\"https:\/\/recyclingequipinc.com\/es\/producto\/tire-rubber-shredder-for-sale\/\">trituradoras de neum\u00e1ticos<\/a> y trituradoras de goma<\/p> <\/li> <li data-start=\"760\" data-end=\"801\"> <p data-start=\"762\" data-end=\"801\">Reduce la calidad del polvo de goma producido.<\/p> <\/li> <li data-start=\"802\" data-end=\"838\"> <p data-start=\"804\" data-end=\"838\">Reducir la eficiencia del reciclaje.<\/p> <\/li> <\/ul> <p data-start=\"873\" data-end=\"913\">Usar una m\u00e1quina de extracci\u00f3n de alambre de neum\u00e1ticos antes de triturar ayuda a:<\/p> <ul data-start=\"914\" data-end=\"1144\"> <li data-start=\"914\" data-end=\"968\"> <p data-start=\"916\" data-end=\"968\">Proteger las trituradoras y molinos del da\u00f1o por acero.<\/p> <\/li> <li data-start=\"969\" data-end=\"1029\"> <p data-start=\"971\" data-end=\"1029\">Mejorar la pureza del caucho para la producci\u00f3n de gr\u00e1nulos o polvo.<\/p> <\/li> <li data-start=\"1030\" data-end=\"1082\"> <p data-start=\"1032\" data-end=\"1082\">Habilitar el reciclaje de acero y la separaci\u00f3n de recursos.<\/p> <\/li> <li data-start=\"1083\" data-end=\"1144\"> <p data-start=\"1085\" data-end=\"1144\">Apoyar la operaci\u00f3n suave y eficiente de la l\u00ednea de reciclaje de neum\u00e1ticos.<\/p> <\/li> <\/ul> <figure id=\"attachment_17433\" aria-describedby=\"caption-attachment-17433\" style=\"width: 720px\" class=\"wp-caption aligncenter\"><img decoding=\"async\" class=\"wp-image-17433 size-full\" src=\"https:\/\/recyclingequipinc.com\/wp-content\/uploads\/2025\/07\/rubber-and-steel-rims-separaton-effect.webp\" alt=\"Efecto de separaci\u00f3n de llantas de goma y acero.\" width=\"720\" height=\"540\" srcset=\"https:\/\/recyclingequipinc.com\/wp-content\/uploads\/2025\/07\/rubber-and-steel-rims-separaton-effect.webp 720w, https:\/\/recyclingequipinc.com\/wp-content\/uploads\/2025\/07\/rubber-and-steel-rims-separaton-effect-300x225.webp 300w, https:\/\/recyclingequipinc.com\/wp-content\/uploads\/2025\/07\/rubber-and-steel-rims-separaton-effect-16x12.webp 16w\" sizes=\"(max-width: 720px) 100vw, 720px\" \/><figcaption id=\"caption-attachment-17433\" class=\"wp-caption-text\">Efecto de separaci\u00f3n de llantas de goma y acero.<\/figcaption><\/figure> <h2 data-start=\"3377\" data-end=\"3470\">Dos tipos de separadores de alambre de acero para neum\u00e1ticos<\/h2> <h3 data-start=\"1116\" data-end=\"1174\">1. Separador de Alambre de Acero para Neum\u00e1ticos Est\u00e1ndar (Modelo: SWS-100)<\/h3> <p data-start=\"1176\" data-end=\"1388\" class=\"translation-block\">Utilizado en <a href=\"https:\/\/recyclingequipinc.com\/es\/producto\/waste-tire-recycling-line\/\">l\u00edneas de reciclaje semiautom\u00e1ticas<\/a>, este modelo es ideal para manejar neum\u00e1ticos de autom\u00f3viles, camiones y autobuses con di\u00e1metros de hasta <strong data-start=\"1304\" data-end=\"1315\">1200 mm<\/strong>. Normalmente se combina con un <strong data-start=\"1345\" data-end=\"1365\">cortador de costados de neum\u00e1ticos<\/strong> y un <strong data-start=\"1370\" data-end=\"1387\">triturador de neum\u00e1ticos<\/strong>.<\/p> <figure id=\"attachment_17436\" aria-describedby=\"caption-attachment-17436\" style=\"width: 720px\" class=\"wp-caption alignnone\"><img loading=\"lazy\" decoding=\"async\" class=\"wp-image-17436 size-full\" src=\"https:\/\/recyclingequipinc.com\/wp-content\/uploads\/2025\/07\/tire-wire-removal-machine.webp\" alt=\"m\u00e1quina de extracci\u00f3n de alambre de neum\u00e1ticos\" width=\"720\" height=\"540\" srcset=\"https:\/\/recyclingequipinc.com\/wp-content\/uploads\/2025\/07\/tire-wire-removal-machine.webp 720w, https:\/\/recyclingequipinc.com\/wp-content\/uploads\/2025\/07\/tire-wire-removal-machine-300x225.webp 300w, https:\/\/recyclingequipinc.com\/wp-content\/uploads\/2025\/07\/tire-wire-removal-machine-16x12.webp 16w\" sizes=\"(max-width: 720px) 100vw, 720px\" \/><figcaption id=\"caption-attachment-17436\" class=\"wp-caption-text\">m\u00e1quina de extracci\u00f3n de alambre de neum\u00e1ticos<\/figcaption><\/figure> <table style=\"width: 100%; height: 318px;\"> <tbody> <tr style=\"height: 53px;\"> <td style=\"height: 53px;\">Modelo<\/td> <td style=\"height: 53px;\">Separador de Alambre de Acero SWS-100<\/td> <\/tr> <tr style=\"height: 53px;\"> <td style=\"height: 53px;\">Potencia del Motor<\/td> <td style=\"height: 53px;\">18.5 kW<\/td> <\/tr> <tr style=\"height: 53px;\"> <td style=\"height: 53px;\">Capacidad<\/td> <td style=\"height: 53px;\">120 pcs\/h<\/td> <\/tr> <tr style=\"height: 53px;\"> <td style=\"height: 53px;\">Tama\u00f1o de entrada del neum\u00e1tico<\/td> <td style=\"height: 53px;\">\u22641200 mm<\/td> <\/tr> <tr style=\"height: 53px;\"> <td style=\"height: 53px;\">Tama\u00f1o de la m\u00e1quina<\/td> <td style=\"height: 53px;\">2*1.9*1.8 m<\/td> <\/tr> <tr style=\"height: 53px;\"> <td style=\"height: 53px;\">Peso de la m\u00e1quina<\/td> <td style=\"height: 53px;\">1800 kg<\/td> <\/tr> <\/tbody> <\/table> <h3>2. Separador de Alambre de Acero para Neum\u00e1ticos OTR (para neum\u00e1ticos de 1400 a 4000 mm)<\/h3> <p class=\"translation-block\">Este separador de anillo de acero de servicio pesado est\u00e1 dise\u00f1ado para <strong data-start=\"1965\" data-end=\"1993\">neum\u00e1ticos OTR (Fuera de Carretera)<\/strong> utilizados en miner\u00eda, agricultura y construcci\u00f3n. Puede extraer eficientemente los gruesos alambres de acero de los grandes neum\u00e1ticos industriales, que a menudo se utiliza con una m\u00e1quina desmontadora de neum\u00e1ticos y un triturador de neum\u00e1ticos.<\/p> <figure id=\"attachment_17432\" aria-describedby=\"caption-attachment-17432\" style=\"width: 720px\" class=\"wp-caption aligncenter\"><img loading=\"lazy\" decoding=\"async\" class=\"wp-image-17432 size-full\" src=\"https:\/\/recyclingequipinc.com\/wp-content\/uploads\/2025\/07\/OTR-tire-wire-removal-machine.webp\" alt=\"m\u00e1quina para la extracci\u00f3n de alambre de neum\u00e1ticos OTR\" width=\"720\" height=\"540\" srcset=\"https:\/\/recyclingequipinc.com\/wp-content\/uploads\/2025\/07\/OTR-tire-wire-removal-machine.webp 720w, https:\/\/recyclingequipinc.com\/wp-content\/uploads\/2025\/07\/OTR-tire-wire-removal-machine-300x225.webp 300w, https:\/\/recyclingequipinc.com\/wp-content\/uploads\/2025\/07\/OTR-tire-wire-removal-machine-16x12.webp 16w\" sizes=\"(max-width: 720px) 100vw, 720px\" \/><figcaption id=\"caption-attachment-17432\" class=\"wp-caption-text\">m\u00e1quina para la extracci\u00f3n de alambre de neum\u00e1ticos OTR<\/figcaption><\/figure> <table> <tbody> <tr> <td>Nombre<\/td> <td>M\u00e1quina para la extracci\u00f3n de alambre de neum\u00e1ticos OTR<\/td> <\/tr> <tr> <td>Potencia del Motor<\/td> <td>35.5 kW<\/td> <\/tr> <tr> <td>Tama\u00f1o de neum\u00e1tico de entrada<\/td> <td>1400\u20134000 mm<\/td> <\/tr> <tr> <td>Producci\u00f3n<\/td> <td>1 tal\u00f3n \/ 2-5 minutos<\/td> <\/tr> <tr> <td>Dimensiones<\/td> <td>3.65*2.1*1.95 m<\/td> <\/tr> <tr> <td>Peso<\/td> <td>6200 kg<\/td> <\/tr> <tr> <td>Empaque<\/td> <td>Desembalado (m\u00e1quina de gran tama\u00f1o)<\/td> <\/tr> <\/tbody> <\/table> <h2>Caracter\u00edsticas Clave de Nuestra M\u00e1quina Quitalambres de Neum\u00e1ticos<\/h2> <p data-start=\"2776\" data-end=\"2888\" class=\"translation-block\"><strong data-start=\"2778\" data-end=\"2800\">\u2705 Compatibilidad Total<\/strong>:<br data-start=\"2801\" data-end=\"2804\" \/>Se integra sin problemas tanto en l\u00edneas de reciclaje de neum\u00e1ticos semiautom\u00e1ticas como en <a href=\"https:\/\/recyclingequipinc.com\/es\/producto\/mining-tire-recycling-machine\/\">l\u00edneas de reciclaje de neum\u00e1ticos OTR<\/a>.<\/p> <p data-start=\"2890\" data-end=\"3031\" class=\"translation-block\"><strong data-start=\"2892\" data-end=\"2913\">\u2705 Estructura Duradera<\/strong>:<br data-start=\"2914\" data-end=\"2917\" \/>Fabricado con marcos de acero reforzado, materiales resistentes al desgaste y motores de grado industrial para una larga vida \u00fatil.<\/p> <p data-start=\"3033\" data-end=\"3136\" class=\"translation-block\"><strong data-start=\"3035\" data-end=\"3054\">\u2705 Alta Eficiencia<\/strong>:<br data-start=\"3055\" data-end=\"3058\" \/>Extrae alambres de acero de forma r\u00e1pida y limpia con m\u00ednima intervenci\u00f3n manual.<\/p> <p data-start=\"3138\" data-end=\"3238\" class=\"translation-block\"><strong data-start=\"3140\" data-end=\"3159\">\u2705 Bajo Mantenimiento<\/strong>:<br data-start=\"3160\" data-end=\"3163\" \/>Estructura simple con partes de f\u00e1cil acceso para una r\u00e1pida inspecci\u00f3n y reparaci\u00f3n.<\/p> <p data-start=\"3240\" data-end=\"3375\" class=\"translation-block\"><strong data-start=\"3242\" data-end=\"3265\">\u2705 Dise\u00f1o Personalizable<\/strong>:<br data-start=\"3266\" data-end=\"3269\" \/>Soporte para diferentes tama\u00f1os de neum\u00e1ticos, voltajes de operaci\u00f3n y conexiones de cinta transportadora para adaptarse a la disposici\u00f3n de su planta.<\/p> <p data-start=\"3377\" data-end=\"3470\" class=\"translation-block\">\u2705 <strong data-start=\"3379\" data-end=\"3397\">Operaci\u00f3n Segura<\/strong>:<br data-start=\"3398\" data-end=\"3401\" \/>Equipado con parada de emergencia, protecciones de seguridad y protecci\u00f3n contra sobrecargas.<\/p> <h2>Aplicaciones en l\u00edneas de producci\u00f3n de polvo de caucho<\/h2> <table> <thead> <tr> <th>Tipo de M\u00e1quina<\/th> <th>Solicitud<\/th> <th>Funciona con<\/th> <\/tr> <\/thead> <tbody> <tr> <td><strong>Separador de alambre de acero para neum\u00e1ticos est\u00e1ndar<\/strong><\/td> <td>Neum\u00e1ticos est\u00e1ndar (\u22641200 mm)<\/td> <td>Cortador de flancos + trituradora de neum\u00e1ticos<\/td> <\/tr> <tr> <td><strong>Separador de alambre de acero para neum\u00e1ticos OTR<\/strong><\/td> <td>Neum\u00e1ticos de ingenier\u00eda \/ todoterreno (1400\u20134000 mm)<\/td> <td>Desmontadora de neum\u00e1ticos + trituradora de neum\u00e1ticos<\/td> <\/tr> <\/tbody> <\/table> <div id='gallery-2' class='gallery galleryid-17412 gallery-columns-3 gallery-size-full'><figure class='gallery-item'> \t\t\t<div class='gallery-icon landscape'> \t\t\t\t<a href='https:\/\/recyclingequipinc.com\/es\/?attachment_id=17435'><img loading=\"lazy\" decoding=\"async\" width=\"720\" height=\"540\" src=\"https:\/\/recyclingequipinc.com\/wp-content\/uploads\/2025\/07\/steel-wire-separator-used-in-900-1200-mm-tire-recycling-line.webp\" class=\"attachment-full size-full\" alt=\"separador de alambre de acero utilizado en la l\u00ednea de reciclaje de neum\u00e1ticos de 900-1200 mm\" aria-describedby=\"gallery-2-17435\" srcset=\"https:\/\/recyclingequipinc.com\/wp-content\/uploads\/2025\/07\/steel-wire-separator-used-in-900-1200-mm-tire-recycling-line.webp 720w, https:\/\/recyclingequipinc.com\/wp-content\/uploads\/2025\/07\/steel-wire-separator-used-in-900-1200-mm-tire-recycling-line-300x225.webp 300w, https:\/\/recyclingequipinc.com\/wp-content\/uploads\/2025\/07\/steel-wire-separator-used-in-900-1200-mm-tire-recycling-line-16x12.webp 16w\" sizes=\"(max-width: 720px) 100vw, 720px\" \/><\/a> \t\t\t<\/div> \t\t\t\t<figcaption class='wp-caption-text gallery-caption' id='gallery-2-17435'> \t\t\t\tseparador de alambre de acero utilizado en la l\u00ednea de reciclaje de neum\u00e1ticos de 900-1200 mm \t\t\t\t<\/figcaption><\/figure><figure class='gallery-item'> \t\t\t<div class='gallery-icon landscape'> \t\t\t\t<a href='https:\/\/recyclingequipinc.com\/es\/?attachment_id=17430'><img loading=\"lazy\" decoding=\"async\" width=\"720\" height=\"540\" src=\"https:\/\/recyclingequipinc.com\/wp-content\/uploads\/2025\/07\/OTR-tire-bead-wire-remover-machine-in-mining-tire-recycling-line.webp\" class=\"attachment-full size-full\" alt=\"m\u00e1quina removedora de alambre de tal\u00f3n de neum\u00e1ticos OTR en la l\u00ednea de reciclaje de neum\u00e1ticos de miner\u00eda\" aria-describedby=\"gallery-2-17430\" srcset=\"https:\/\/recyclingequipinc.com\/wp-content\/uploads\/2025\/07\/OTR-tire-bead-wire-remover-machine-in-mining-tire-recycling-line.webp 720w, https:\/\/recyclingequipinc.com\/wp-content\/uploads\/2025\/07\/OTR-tire-bead-wire-remover-machine-in-mining-tire-recycling-line-300x225.webp 300w, https:\/\/recyclingequipinc.com\/wp-content\/uploads\/2025\/07\/OTR-tire-bead-wire-remover-machine-in-mining-tire-recycling-line-16x12.webp 16w\" sizes=\"(max-width: 720px) 100vw, 720px\" \/><\/a> \t\t\t<\/div> \t\t\t\t<figcaption class='wp-caption-text gallery-caption' id='gallery-2-17430'> \t\t\t\tm\u00e1quina removedora de alambre de tal\u00f3n de neum\u00e1ticos OTR en la l\u00ednea de reciclaje de neum\u00e1ticos de miner\u00eda \t\t\t\t<\/figcaption><\/figure> \t\t<\/div>  <h2>\u00bfC\u00f3mo funciona la m\u00e1quina de eliminaci\u00f3n de alambre de neum\u00e1ticos?<\/h2> <p data-start=\"144\" data-end=\"315\">El separador de alambre de acero para neum\u00e1ticos est\u00e1 dise\u00f1ado para extraer los duros alambres de bead incrustados en las paredes laterales de neum\u00e1ticos de coches y camiones desechados antes de ser triturados. As\u00ed es como funciona:<\/p> <ol data-start=\"317\" data-end=\"1105\"> <li data-start=\"317\" data-end=\"500\"> <p data-start=\"320\" data-end=\"500\" class=\"translation-block\"><strong data-start=\"320\" data-end=\"347\">Posicionamiento Manual de Neum\u00e1ticos<\/strong><br data-start=\"347\" data-end=\"350\" \/>El operador coloca un borde de neum\u00e1tico precortado (generalmente despu\u00e9s de cortarlo con un cortador de costados de neum\u00e1ticos o un extractor de bordes) en el \u00e1rea de alimentaci\u00f3n entre los rodillos.<\/p> <\/li> <li data-start=\"502\" data-end=\"690\"> <p data-start=\"505\" data-end=\"690\" class=\"translation-block\"><strong data-start=\"505\" data-end=\"533\">Tracci\u00f3n Potente de Rodillos<\/strong><br data-start=\"533\" data-end=\"536\" \/>La m\u00e1quina est\u00e1 equipada con dos o tres rodillos de alta resistencia impulsados por un motor potente (por ejemplo, 18.5kW). Estos rodillos agarran y tiran del borde del neum\u00e1tico hacia adentro.<\/p> <\/li> <li data-start=\"692\" data-end=\"906\"> <p data-start=\"695\" data-end=\"906\" class=\"translation-block\"><strong data-start=\"695\" data-end=\"721\">Separaci\u00f3n de Alambre y Goma<\/strong><br data-start=\"721\" data-end=\"724\" \/>A medida que el borde del neum\u00e1tico se mueve a trav\u00e9s de los rodillos, una cuchilla o muesca de separaci\u00f3n especialmente dise\u00f1ada aplica presi\u00f3n para desprender el anillo de alambre de acero incrustado de la goma circundante.<\/p> <\/li> <li data-start=\"908\" data-end=\"1105\"> <p data-start=\"911\" data-end=\"936\" class=\"translation-block\"><strong data-start=\"911\" data-end=\"934\">Recolecci\u00f3n separada<\/strong><\/p> <ul data-start=\"940\" data-end=\"1105\"> <li data-start=\"940\" data-end=\"1042\"> <p data-start=\"942\" data-end=\"1042\">El alambre de acero se extrae como un bucle continuo o semiconstante y se recoge por separado.<\/p> <\/li> <li data-start=\"1046\" data-end=\"1105\"> <p data-start=\"1048\" data-end=\"1105\">Los residuos de goma caen o se retiran manualmente.<\/p> <\/li> <\/ul> <\/li> <\/ol> <h2>Soluciones completas de reciclaje de neum\u00e1ticos disponibles<\/h2> <p data-start=\"4005\" data-end=\"4068\">Shuliy Machinery proporciona configuraciones completas de l\u00edneas de reciclaje que incluyen:<\/p> <ul data-start=\"4070\" data-end=\"4236\"> <li data-start=\"4070\" data-end=\"4104\"> <p data-start=\"4072\" data-end=\"4104\">Removedores de costados de neum\u00e1ticos \/ M\u00e1quina desmontadora de neum\u00e1ticos OTR<\/p> <\/li> <li data-start=\"4105\" data-end=\"4143\"> <p data-start=\"4107\" data-end=\"4143\">Trituradora de neum\u00e1ticos en venta<\/p> <\/li> <li data-start=\"4144\" data-end=\"4183\"> <p data-start=\"4146\" data-end=\"4183\">Separadores magn\u00e9ticos y granuladores de goma<\/p> <\/li> <li data-start=\"4184\" data-end=\"4236\"> <p data-start=\"4186\" data-end=\"4236\">Configuraciones totalmente autom\u00e1ticas o semiautom\u00e1ticas<\/p> <\/li> <\/ul> <p data-start=\"4238\" data-end=\"4330\">\u00bfNecesita una configuraci\u00f3n personalizada? Deje que nuestros ingenieros le ayuden a adaptar la soluci\u00f3n adecuada para su negocio.<\/p> <p>&nbsp;<\/p>","protected":false},"excerpt":{"rendered":"<p>El separador de alambre de acero para neum\u00e1ticos Shuliy ofrece una eliminaci\u00f3n de alambre limpia, eficiente y sin da\u00f1os, lo que es esencial para proteger las trituradoras aguas abajo y aumentar la productividad de la l\u00ednea de reciclaje. Ideal para recicladores de neum\u00e1ticos.<\/p>","protected":false},"featured_media":17431,"template":"","meta":{"site-sidebar-layout":"default","site-content-layout":"","ast-site-content-layout":"default","site-content-style":"default","site-sidebar-style":"default","ast-global-header-display":"","ast-banner-title-visibility":"","ast-main-header-display":"","ast-hfb-above-header-display":"","ast-hfb-below-header-display":"","ast-hfb-mobile-header-display":"","site-post-title":"","ast-breadcrumbs-content":"","ast-featured-img":"","footer-sml-layout":"","ast-disable-related-posts":"","theme-transparent-header-meta":"default","adv-header-id-meta":"","stick-header-meta":"","header-above-stick-meta":"","header-main-stick-meta":"","header-below-stick-meta":"","astra-migrate-meta-layouts":"set","ast-page-background-enabled":"default","ast-page-background-meta":{"desktop":{"background-color":"","background-image":"","background-repeat":"repeat","background-position":"center center","background-size":"auto","background-attachment":"scroll","background-type":"","background-media":"","overlay-type":"","overlay-color":"","overlay-opacity":"","overlay-gradient":""},"tablet":{"background-color":"","background-image":"","background-repeat":"repeat","background-position":"center center","background-size":"auto","background-attachment":"scroll","background-type":"","background-media":"","overlay-type":"","overlay-color":"","overlay-opacity":"","overlay-gradient":""},"mobile":{"background-color":"","background-image":"","background-repeat":"repeat","background-position":"center center","background-size":"auto","background-attachment":"scroll","background-type":"","background-media":"","overlay-type":"","overlay-color":"","overlay-opacity":"","overlay-gradient":""}},"ast-content-background-meta":{"desktop":{"background-color":"var(--ast-global-color-5)","background-image":"","background-repeat":"repeat","background-position":"center center","background-size":"auto","background-attachment":"scroll","background-type":"","background-media":"","overlay-type":"","overlay-color":"","overlay-opacity":"","overlay-gradient":""},"tablet":{"background-color":"var(--ast-global-color-5)","background-image":"","background-repeat":"repeat","background-position":"center center","background-size":"auto","background-attachment":"scroll","background-type":"","background-media":"","overlay-type":"","overlay-color":"","overlay-opacity":"","overlay-gradient":""},"mobile":{"background-color":"var(--ast-global-color-5)","background-image":"","background-repeat":"repeat","background-position":"center center","background-size":"auto","background-attachment":"scroll","background-type":"","background-media":"","overlay-type":"","overlay-color":"","overlay-opacity":"","overlay-gradient":""}}},"product_brand":[],"product_cat":[128],"product_tag":[],"class_list":{"0":"post-17412","1":"product","2":"type-product","3":"status-publish","4":"has-post-thumbnail","6":"product_cat-tire-recycling-machine","7":"desktop-align-center","8":"tablet-align-center","9":"mobile-align-center","11":"first","12":"instock","13":"shipping-taxable","14":"product-type-simple"},"_links":{"self":[{"href":"https:\/\/recyclingequipinc.com\/es\/wp-json\/wp\/v2\/product\/17412","targetHints":{"allow":["GET"]}}],"collection":[{"href":"https:\/\/recyclingequipinc.com\/es\/wp-json\/wp\/v2\/product"}],"about":[{"href":"https:\/\/recyclingequipinc.com\/es\/wp-json\/wp\/v2\/types\/product"}],"version-history":[{"count":0,"href":"https:\/\/recyclingequipinc.com\/es\/wp-json\/wp\/v2\/product\/17412\/revisions"}],"wp:featuredmedia":[{"embeddable":true,"href":"https:\/\/recyclingequipinc.com\/es\/wp-json\/wp\/v2\/media\/17431"}],"wp:attachment":[{"href":"https:\/\/recyclingequipinc.com\/es\/wp-json\/wp\/v2\/media?parent=17412"}],"wp:term":[{"taxonomy":"product_brand","embeddable":true,"href":"https:\/\/recyclingequipinc.com\/es\/wp-json\/wp\/v2\/product_brand?post=17412"},{"taxonomy":"product_cat","embeddable":true,"href":"https:\/\/recyclingequipinc.com\/es\/wp-json\/wp\/v2\/product_cat?post=17412"},{"taxonomy":"product_tag","embeddable":true,"href":"https:\/\/recyclingequipinc.com\/es\/wp-json\/wp\/v2\/product_tag?post=17412"}],"curies":[{"name":"wp","href":"https:\/\/api.w.org\/{rel}","templated":true}]}}