{"id":17387,"date":"2025-07-21T15:40:31","date_gmt":"2025-07-21T07:40:31","guid":{"rendered":"https:\/\/recyclingequipinc.com\/?post_type=product&#038;p=17387"},"modified":"2025-07-21T15:40:31","modified_gmt":"2025-07-21T07:40:31","slug":"tire-rubber-shredder-for-sale","status":"publish","type":"product","link":"https:\/\/recyclingequipinc.com\/es\/product\/tire-rubber-shredder-for-sale\/","title":{"rendered":"Trituradora de neum\u00e1ticos en venta | M\u00e1quina de trituraci\u00f3n de neum\u00e1ticos"},"content":{"rendered":"<p>A medida que las industrias automotriz y de ingenier\u00eda contin\u00faan creciendo, la necesidad de reciclaje de neum\u00e1ticos aumenta. La trituradora de caucho de neum\u00e1ticos en venta es un equipo importante para el reciclaje.<br \/> Aplasta neum\u00e1ticos desechados y produce piezas de goma peque\u00f1as y uniformes que son f\u00e1ciles de moler, transportar, almacenar o usar como materias primas para nuevos productos de goma.<\/p> <div id='gallery-1' class='gallery galleryid-17387 gallery-columns-3 gallery-size-full'><figure class='gallery-item'> \t\t\t<div class='gallery-icon landscape'> \t\t\t\t<a href='https:\/\/recyclingequipinc.com\/es\/?attachment_id=17399'><img fetchpriority=\"high\" decoding=\"async\" width=\"720\" height=\"540\" src=\"https:\/\/recyclingequipinc.com\/wp-content\/uploads\/2025\/07\/industrial-rubber-shredder.webp\" class=\"attachment-full size-full\" alt=\"desmenuzadora de goma industrial\" aria-describedby=\"gallery-1-17399\" srcset=\"https:\/\/recyclingequipinc.com\/wp-content\/uploads\/2025\/07\/industrial-rubber-shredder.webp 720w, https:\/\/recyclingequipinc.com\/wp-content\/uploads\/2025\/07\/industrial-rubber-shredder-300x225.webp 300w, https:\/\/recyclingequipinc.com\/wp-content\/uploads\/2025\/07\/industrial-rubber-shredder-16x12.webp 16w\" sizes=\"(max-width: 720px) 100vw, 720px\" \/><\/a> \t\t\t<\/div> \t\t\t\t<figcaption class='wp-caption-text gallery-caption' id='gallery-1-17399'> \t\t\t\tdesmenuzadora de goma industrial \t\t\t\t<\/figcaption><\/figure><figure class='gallery-item'> \t\t\t<div class='gallery-icon landscape'> \t\t\t\t<a href='https:\/\/recyclingequipinc.com\/es\/?attachment_id=17400'><img decoding=\"async\" width=\"720\" height=\"540\" src=\"https:\/\/recyclingequipinc.com\/wp-content\/uploads\/2025\/07\/rubber-blocks-processed-by-rubber-tire-chipper.webp\" class=\"attachment-full size-full\" alt=\"bloques de goma procesados por trituradora de neum\u00e1ticos\" aria-describedby=\"gallery-1-17400\" srcset=\"https:\/\/recyclingequipinc.com\/wp-content\/uploads\/2025\/07\/rubber-blocks-processed-by-rubber-tire-chipper.webp 720w, https:\/\/recyclingequipinc.com\/wp-content\/uploads\/2025\/07\/rubber-blocks-processed-by-rubber-tire-chipper-300x225.webp 300w, https:\/\/recyclingequipinc.com\/wp-content\/uploads\/2025\/07\/rubber-blocks-processed-by-rubber-tire-chipper-16x12.webp 16w\" sizes=\"(max-width: 720px) 100vw, 720px\" \/><\/a> \t\t\t<\/div> \t\t\t\t<figcaption class='wp-caption-text gallery-caption' id='gallery-1-17400'> \t\t\t\tbloques de goma procesados por trituradora de neum\u00e1ticos \t\t\t\t<\/figcaption><\/figure> \t\t<\/div>  <h2>Materias Primas y Salida de la M\u00e1quina Trituradora de Neum\u00e1ticos<\/h2> <p class=\"translation-block\">El triturador de caucho para neum\u00e1ticos Shuliy a la venta viene en varios modelos y tama\u00f1os, ofreciendo flexibilidad para adaptarse a diferentes necesidades de producci\u00f3n y aplicaciones. La trituradora puede procesar todo tipo de neum\u00e1ticos, incluidos los de automoci\u00f3n, construcci\u00f3n (OTR) y grandes OTR. Tanto las <a href=\"https:\/\/recyclingequipinc.com\/es\/producto\/rubber-powder-production-line\/\">l\u00edneas de producci\u00f3n de polvo de caucho autom\u00e1ticas<\/a> como las <a href=\"https:\/\/recyclingequipinc.com\/es\/producto\/waste-tire-recycling-line\/\">semiautom\u00e1ticas<\/a> se pueden adaptar en consecuencia.<\/p> <p>La trituradora industrial de neum\u00e1ticos puede procesar las siguientes formas de materia prima:<\/p> <ul> <li>Neum\u00e1ticos enteros (hasta 1400 mm de di\u00e1metro)<\/li> <li>Partes de neum\u00e1ticos desintegradas o sin alambre<\/li> <li>Cortar segmentos o tiras de neum\u00e1ticos<\/li> <\/ul> <div id='gallery-2' class='gallery galleryid-17387 gallery-columns-3 gallery-size-full'><figure class='gallery-item'> \t\t\t<div class='gallery-icon landscape'> \t\t\t\t<a href='https:\/\/recyclingequipinc.com\/es\/?attachment_id=17408'><img decoding=\"async\" width=\"720\" height=\"540\" src=\"https:\/\/recyclingequipinc.com\/wp-content\/uploads\/2025\/07\/whole-tires.webp\" class=\"attachment-full size-full\" alt=\"neum\u00e1ticos enteros\" aria-describedby=\"gallery-2-17408\" srcset=\"https:\/\/recyclingequipinc.com\/wp-content\/uploads\/2025\/07\/whole-tires.webp 720w, https:\/\/recyclingequipinc.com\/wp-content\/uploads\/2025\/07\/whole-tires-300x225.webp 300w, https:\/\/recyclingequipinc.com\/wp-content\/uploads\/2025\/07\/whole-tires-16x12.webp 16w\" sizes=\"(max-width: 720px) 100vw, 720px\" \/><\/a> \t\t\t<\/div> \t\t\t\t<figcaption class='wp-caption-text gallery-caption' id='gallery-2-17408'> \t\t\t\tneum\u00e1ticos enteros \t\t\t\t<\/figcaption><\/figure><figure class='gallery-item'> \t\t\t<div class='gallery-icon landscape'> \t\t\t\t<a href='https:\/\/recyclingequipinc.com\/es\/?attachment_id=17398'><img loading=\"lazy\" decoding=\"async\" width=\"720\" height=\"540\" src=\"https:\/\/recyclingequipinc.com\/wp-content\/uploads\/2025\/07\/disintegrated-OTR-tires.webp\" class=\"attachment-full size-full\" alt=\"neum\u00e1ticos OTR desintegrados\" aria-describedby=\"gallery-2-17398\" srcset=\"https:\/\/recyclingequipinc.com\/wp-content\/uploads\/2025\/07\/disintegrated-OTR-tires.webp 720w, https:\/\/recyclingequipinc.com\/wp-content\/uploads\/2025\/07\/disintegrated-OTR-tires-300x225.webp 300w, https:\/\/recyclingequipinc.com\/wp-content\/uploads\/2025\/07\/disintegrated-OTR-tires-16x12.webp 16w\" sizes=\"(max-width: 720px) 100vw, 720px\" \/><\/a> \t\t\t<\/div> \t\t\t\t<figcaption class='wp-caption-text gallery-caption' id='gallery-2-17398'> \t\t\t\tneum\u00e1ticos OTR desintegrados \t\t\t\t<\/figcaption><\/figure> \t\t<\/div>  <p>El tama\u00f1o de las piezas de goma triturada se puede ajustar cambiando la malla. Un rango de salida t\u00edpico es de 50-100 mm para adaptarse a diferentes requisitos de procesamiento posteriores.<\/p> <figure id=\"attachment_17407\" aria-describedby=\"caption-attachment-17407\" style=\"width: 720px\" class=\"wp-caption alignnone\"><img loading=\"lazy\" decoding=\"async\" class=\"wp-image-17407 size-full\" src=\"https:\/\/recyclingequipinc.com\/wp-content\/uploads\/2025\/07\/uniform-tire-blocks.webp\" alt=\"bloques de neum\u00e1ticos uniformes\" width=\"720\" height=\"540\" srcset=\"https:\/\/recyclingequipinc.com\/wp-content\/uploads\/2025\/07\/uniform-tire-blocks.webp 720w, https:\/\/recyclingequipinc.com\/wp-content\/uploads\/2025\/07\/uniform-tire-blocks-300x225.webp 300w, https:\/\/recyclingequipinc.com\/wp-content\/uploads\/2025\/07\/uniform-tire-blocks-16x12.webp 16w\" sizes=\"(max-width: 720px) 100vw, 720px\" \/><figcaption id=\"caption-attachment-17407\" class=\"wp-caption-text\">bloques de neum\u00e1ticos uniformes<\/figcaption><\/figure> <h2>Caracter\u00edsticas clave de la desmenuzadora de goma en venta<\/h2> <ul> <li data-start=\"78\" data-end=\"181\"> <p data-start=\"81\" data-end=\"181\" class=\"translation-block\"><strong data-start=\"81\" data-end=\"101\">Amplia Aplicaci\u00f3n: <\/strong>Adecuado para todo tipo de neum\u00e1ticos de desecho, incluidos neum\u00e1ticos de coche, cami\u00f3n, OTR, etc.<\/p> <\/li> <li data-start=\"182\" data-end=\"280\"> <p data-start=\"185\" data-end=\"280\" class=\"translation-block\"><strong data-start=\"185\" data-end=\"207\">Trituraci\u00f3n Potente: <\/strong>Dise\u00f1o de alto par y baja velocidad que garantiza un rendimiento fuerte y eficiente.<\/p> <\/li> <li data-start=\"281\" data-end=\"368\"> <p data-start=\"284\" data-end=\"368\" class=\"translation-block\"><strong data-start=\"284\" data-end=\"304\">Estructura Robusta: <\/strong>Bastidor de alta resistencia construido para un funcionamiento continuo y estable.<\/p> <\/li> <li data-start=\"369\" data-end=\"458\"> <p data-start=\"372\" data-end=\"458\" class=\"translation-block\"><strong data-start=\"372\" data-end=\"390\">Salida Uniforme: <\/strong>Bloques de caucho limpios y de tama\u00f1o uniforme, ideales para su posterior procesamiento.<\/p> <\/li> <li data-start=\"459\" data-end=\"570\"> <p data-start=\"462\" data-end=\"570\" class=\"translation-block\"><strong data-start=\"462\" data-end=\"483\">Pantalla Ajustable: <\/strong>Tama\u00f1o de salida ajustable (normalmente 50\u2013100 mm); la pantalla es f\u00e1cil de reemplazar y mantener.<\/p> <\/li> <li data-start=\"571\" data-end=\"676\"> <p data-start=\"574\" data-end=\"676\" class=\"translation-block\"><strong data-start=\"574\" data-end=\"598\">Postventa Fiable: <\/strong>Se proporciona garant\u00eda con instalaci\u00f3n in situ y soporte t\u00e9cnico opcionales.<\/p> <\/li> <\/ul> <div id='gallery-3' class='gallery galleryid-17387 gallery-columns-3 gallery-size-full'><figure class='gallery-item'> \t\t\t<div class='gallery-icon landscape'> \t\t\t\t<a href='https:\/\/recyclingequipinc.com\/es\/?attachment_id=17405'><img loading=\"lazy\" decoding=\"async\" width=\"720\" height=\"540\" src=\"https:\/\/recyclingequipinc.com\/wp-content\/uploads\/2025\/07\/tire-shredding-machine-screens.webp\" class=\"attachment-full size-full\" alt=\"pantallas de m\u00e1quina de triturado de neum\u00e1ticos\" aria-describedby=\"gallery-3-17405\" srcset=\"https:\/\/recyclingequipinc.com\/wp-content\/uploads\/2025\/07\/tire-shredding-machine-screens.webp 720w, https:\/\/recyclingequipinc.com\/wp-content\/uploads\/2025\/07\/tire-shredding-machine-screens-300x225.webp 300w, https:\/\/recyclingequipinc.com\/wp-content\/uploads\/2025\/07\/tire-shredding-machine-screens-16x12.webp 16w\" sizes=\"(max-width: 720px) 100vw, 720px\" \/><\/a> \t\t\t<\/div> \t\t\t\t<figcaption class='wp-caption-text gallery-caption' id='gallery-3-17405'> \t\t\t\tpantallas de m\u00e1quina de triturado de neum\u00e1ticos \t\t\t\t<\/figcaption><\/figure><figure class='gallery-item'> \t\t\t<div class='gallery-icon landscape'> \t\t\t\t<a href='https:\/\/recyclingequipinc.com\/es\/?attachment_id=17397'><img loading=\"lazy\" decoding=\"async\" width=\"720\" height=\"540\" src=\"https:\/\/recyclingequipinc.com\/wp-content\/uploads\/2025\/07\/blades-of-tire-rubber-shredders.webp\" class=\"attachment-full size-full\" alt=\"cuchillas de trituradoras de goma de neum\u00e1ticos\" aria-describedby=\"gallery-3-17397\" srcset=\"https:\/\/recyclingequipinc.com\/wp-content\/uploads\/2025\/07\/blades-of-tire-rubber-shredders.webp 720w, https:\/\/recyclingequipinc.com\/wp-content\/uploads\/2025\/07\/blades-of-tire-rubber-shredders-300x225.webp 300w, https:\/\/recyclingequipinc.com\/wp-content\/uploads\/2025\/07\/blades-of-tire-rubber-shredders-16x12.webp 16w\" sizes=\"(max-width: 720px) 100vw, 720px\" \/><\/a> \t\t\t<\/div> \t\t\t\t<figcaption class='wp-caption-text gallery-caption' id='gallery-3-17397'> \t\t\t\tcuchillas de trituradoras de goma de neum\u00e1ticos \t\t\t\t<\/figcaption><\/figure> \t\t<\/div>  <h2>Lista de m\u00e1quinas para triturar goma<\/h2> <p>Un triturador de neum\u00e1ticos desechados profesional dise\u00f1ado para cortar todo tipo de neum\u00e1ticos en bloques de goma uniformes (50\u2013100 mm), ideal para reciclaje, molienda o uso como combustible alternativo. Estos trituradores de neum\u00e1ticos est\u00e1n disponibles en m\u00faltiples modelos para satisfacer sus necesidades de producci\u00f3n.<\/p> <table> <thead> <tr> <th><strong>Modelo<\/strong><\/th> <th><strong>SL-900<\/strong><\/th> <th><strong>SL-1000<\/strong><\/th> <th><strong>SL-1200<\/strong><\/th> <th><strong>SL-1500<\/strong><\/th> <th><strong>SL-1800<\/strong><\/th> <\/tr> <\/thead> <tbody> <tr> <td><strong>Capacidad<\/strong><\/td> <td>2 toneladas\/h<\/td> <td>4 toneladas\/h<\/td> <td>5\u20136 toneladas\/h<\/td> <td>8\u201310 toneladas\/h<\/td> <td>15\u201320 toneladas\/h<\/td> <\/tr> <tr> <td><strong>Tama\u00f1o de entrada<\/strong><\/td> <td>\u2264900 mm<\/td> <td>\u22641000 mm<\/td> <td>\u22641200 mm<\/td> <td>\u22641200 mm<\/td> <td>\u22641400 mm<\/td> <\/tr> <tr> <td><strong>Tama\u00f1o de salida<\/strong><\/td> <td>50 mm<\/td> <td>60 mm<\/td> <td>60 mm<\/td> <td>75 mm<\/td> <td>100 mm<\/td> <\/tr> <tr> <td><strong>Potencia del Motor<\/strong><\/td> <td>64.5 kW<\/td> <td>94.5 kW<\/td> <td>157 kW<\/td> <td>188.5 kW<\/td> <td>328.5 kW<\/td> <\/tr> <tr> <td><strong>Especificaciones de la hoja<\/strong><\/td> <td>360 mm \u00d8 \/ 50 mm de grosor \/ 16 pcs<\/td> <td>440 mm \u00d8 \/ 50 mm de grosor \/ 16 pcs<\/td> <td>510 mm \u00d8 \/ 60 mm de grosor \/ 18 pcs<\/td> <td>580 mm \u00d8 \/ 75 mm de grosor \/ 20 pcs<\/td> <td>650 mm \u00d8 \/ 100 mm de grosor \/ 18 pcs<\/td> <\/tr> <tr> <td><strong>Peso de la m\u00e1quina<\/strong><\/td> <td>10 toneladas<\/td> <td>13 toneladas<\/td> <td>15.8 toneladas<\/td> <td>18.6 toneladas<\/td> <td>26 toneladas<\/td> <\/tr> <tr> <td><strong>Huella<\/strong><\/td> <td>9*5*2.8 m<\/td> <td>10*6*3.2 m<\/td> <td>10*6*3.2 m<\/td> <td>20*10*3.5 m<\/td> <td>20*12*4 m<\/td> <\/tr> <tr> <td><strong>Tama\u00f1o de la cinta transportadora<\/strong><\/td> <td>7200*950 mm<\/td> <td>7200*1150 mm<\/td> <td>7200*1350 mm<\/td> <td>7200*1350 mm<\/td> <td>7200*1550 mm<\/td> <\/tr> <tr> <td><strong>Material de la cuchilla<\/strong><\/td> <td>Compuesto de acero aleado<\/td> <td>Compuesto de acero aleado<\/td> <td>Compuesto de acero aleado<\/td> <td>Compuesto de acero aleado<\/td> <td>Compuesto de acero aleado<\/td> <\/tr> <\/tbody> <\/table> <div id='gallery-4' class='gallery galleryid-17387 gallery-columns-3 gallery-size-full'><figure class='gallery-item'> \t\t\t<div class='gallery-icon landscape'> \t\t\t\t<a href='https:\/\/recyclingequipinc.com\/es\/?attachment_id=17404'><img loading=\"lazy\" decoding=\"async\" width=\"720\" height=\"540\" src=\"https:\/\/recyclingequipinc.com\/wp-content\/uploads\/2025\/07\/tire-rubber-shredder-for-sale.webp\" class=\"attachment-full size-full\" alt=\"trituradora de goma de neum\u00e1ticos en venta\" aria-describedby=\"gallery-4-17404\" srcset=\"https:\/\/recyclingequipinc.com\/wp-content\/uploads\/2025\/07\/tire-rubber-shredder-for-sale.webp 720w, https:\/\/recyclingequipinc.com\/wp-content\/uploads\/2025\/07\/tire-rubber-shredder-for-sale-300x225.webp 300w, https:\/\/recyclingequipinc.com\/wp-content\/uploads\/2025\/07\/tire-rubber-shredder-for-sale-16x12.webp 16w\" sizes=\"(max-width: 720px) 100vw, 720px\" \/><\/a> \t\t\t<\/div> \t\t\t\t<figcaption class='wp-caption-text gallery-caption' id='gallery-4-17404'> \t\t\t\ttrituradora de goma de neum\u00e1ticos en venta \t\t\t\t<\/figcaption><\/figure><figure class='gallery-item'> \t\t\t<div class='gallery-icon landscape'> \t\t\t\t<a href='https:\/\/recyclingequipinc.com\/es\/?attachment_id=17402'><img loading=\"lazy\" decoding=\"async\" width=\"720\" height=\"534\" src=\"https:\/\/recyclingequipinc.com\/wp-content\/uploads\/2025\/07\/rubber-shredding-machine.webp\" class=\"attachment-full size-full\" alt=\"m\u00e1quina de triturado de goma\" aria-describedby=\"gallery-4-17402\" srcset=\"https:\/\/recyclingequipinc.com\/wp-content\/uploads\/2025\/07\/rubber-shredding-machine.webp 720w, https:\/\/recyclingequipinc.com\/wp-content\/uploads\/2025\/07\/rubber-shredding-machine-300x223.webp 300w, https:\/\/recyclingequipinc.com\/wp-content\/uploads\/2025\/07\/rubber-shredding-machine-16x12.webp 16w\" sizes=\"(max-width: 720px) 100vw, 720px\" \/><\/a> \t\t\t<\/div> \t\t\t\t<figcaption class='wp-caption-text gallery-caption' id='gallery-4-17402'> \t\t\t\tm\u00e1quina de triturado de goma \t\t\t\t<\/figcaption><\/figure><figure class='gallery-item'> \t\t\t<div class='gallery-icon landscape'> \t\t\t\t<a href='https:\/\/recyclingequipinc.com\/es\/?attachment_id=17401'><img loading=\"lazy\" decoding=\"async\" width=\"720\" height=\"540\" src=\"https:\/\/recyclingequipinc.com\/wp-content\/uploads\/2025\/07\/rubber-shredder-for-sale.webp\" class=\"attachment-full size-full\" alt=\"trituradora de goma en venta\" aria-describedby=\"gallery-4-17401\" srcset=\"https:\/\/recyclingequipinc.com\/wp-content\/uploads\/2025\/07\/rubber-shredder-for-sale.webp 720w, https:\/\/recyclingequipinc.com\/wp-content\/uploads\/2025\/07\/rubber-shredder-for-sale-300x225.webp 300w, https:\/\/recyclingequipinc.com\/wp-content\/uploads\/2025\/07\/rubber-shredder-for-sale-16x12.webp 16w\" sizes=\"(max-width: 720px) 100vw, 720px\" \/><\/a> \t\t\t<\/div> \t\t\t\t<figcaption class='wp-caption-text gallery-caption' id='gallery-4-17401'> \t\t\t\ttrituradora de goma en venta \t\t\t\t<\/figcaption><\/figure> \t\t<\/div>  <h2>Principio de Funcionamiento de la M\u00e1quina Trituradora de Neum\u00e1ticos en Venta<\/h2> <p data-start=\"243\" data-end=\"443\">Esta trituradora de goma en venta adopta un dise\u00f1o de corte de doble eje para descomponer eficientemente los neum\u00e1ticos de desecho. Una caracter\u00edstica clave es su tamiz rotatorio externo: los materiales de gran tama\u00f1o que no cumplen con el tama\u00f1o de salida establecido ser\u00e1n devueltos al embudo y triturados nuevamente, asegurando una granularidad consistente y minimizando el manejo manual.<\/p> <p data-start=\"671\" data-end=\"1056\" class=\"translation-block\">Impulsado por un <strong data-start=\"683\" data-end=\"715\">motor de baja velocidad y alto par<\/strong>, la m\u00e1quina ofrece una potente fuerza de corte, menor desgaste y una larga vida \u00fatil. Este dise\u00f1o lo hace ideal para sistemas de trituraci\u00f3n de neum\u00e1ticos de desecho, reciclaje de caucho industrial y para iniciar o expandir un negocio de trituraci\u00f3n de neum\u00e1ticos. Tambi\u00e9n puede funcionar en combinaci\u00f3n con granuladores de neum\u00e1ticos para una mayor reducci\u00f3n de tama\u00f1o.<\/p> <figure id=\"attachment_17406\" aria-describedby=\"caption-attachment-17406\" style=\"width: 720px\" class=\"wp-caption alignnone\"><img loading=\"lazy\" decoding=\"async\" class=\"wp-image-17406 size-full\" src=\"https:\/\/recyclingequipinc.com\/wp-content\/uploads\/2025\/07\/tires-fed-into-the-tyre-crusher.webp\" alt=\"neum\u00e1ticos alimentados en la trituradora de neum\u00e1ticos\" width=\"720\" height=\"540\" srcset=\"https:\/\/recyclingequipinc.com\/wp-content\/uploads\/2025\/07\/tires-fed-into-the-tyre-crusher.webp 720w, https:\/\/recyclingequipinc.com\/wp-content\/uploads\/2025\/07\/tires-fed-into-the-tyre-crusher-300x225.webp 300w, https:\/\/recyclingequipinc.com\/wp-content\/uploads\/2025\/07\/tires-fed-into-the-tyre-crusher-16x12.webp 16w\" sizes=\"(max-width: 720px) 100vw, 720px\" \/><figcaption id=\"caption-attachment-17406\" class=\"wp-caption-text\">neum\u00e1ticos alimentados en la trituradora de neum\u00e1ticos<\/figcaption><\/figure> <h2 data-start=\"75\" data-end=\"118\">Comienza a obtener beneficios de los residuos de neum\u00e1ticos hoy<\/h2> <p data-start=\"119\" data-end=\"331\">Nuestras avanzadas trituradoras de neum\u00e1ticos de goma te ayudan a convertir neum\u00e1ticos en desuso en materiales valiosos con facilidad y eficiencia. \u00a1Contacta a nuestro equipo de expertos a trav\u00e9s de WhatsApp: +86 17303831295 para una consulta gratuita y un presupuesto de m\u00e1quina!<\/p>","protected":false},"excerpt":{"rendered":"<p>Shuliy ofrece una amplia gama de trituradoras de caucho para neum\u00e1ticos con una capacidad de 2-20 t\/h para una trituraci\u00f3n potente de neum\u00e1ticos y caucho desechados. El tama\u00f1o de los bloques de caucho producidos es ajustable dentro del rango de 50-100 mm gracias a la pantalla de protecci\u00f3n.<\/p>","protected":false},"featured_media":17403,"template":"","meta":{"site-sidebar-layout":"default","site-content-layout":"","ast-site-content-layout":"default","site-content-style":"default","site-sidebar-style":"default","ast-global-header-display":"","ast-banner-title-visibility":"","ast-main-header-display":"","ast-hfb-above-header-display":"","ast-hfb-below-header-display":"","ast-hfb-mobile-header-display":"","site-post-title":"","ast-breadcrumbs-content":"","ast-featured-img":"","footer-sml-layout":"","ast-disable-related-posts":"","theme-transparent-header-meta":"default","adv-header-id-meta":"","stick-header-meta":"","header-above-stick-meta":"","header-main-stick-meta":"","header-below-stick-meta":"","astra-migrate-meta-layouts":"set","ast-page-background-enabled":"default","ast-page-background-meta":{"desktop":{"background-color":"","background-image":"","background-repeat":"repeat","background-position":"center center","background-size":"auto","background-attachment":"scroll","background-type":"","background-media":"","overlay-type":"","overlay-color":"","overlay-opacity":"","overlay-gradient":""},"tablet":{"background-color":"","background-image":"","background-repeat":"repeat","background-position":"center center","background-size":"auto","background-attachment":"scroll","background-type":"","background-media":"","overlay-type":"","overlay-color":"","overlay-opacity":"","overlay-gradient":""},"mobile":{"background-color":"","background-image":"","background-repeat":"repeat","background-position":"center center","background-size":"auto","background-attachment":"scroll","background-type":"","background-media":"","overlay-type":"","overlay-color":"","overlay-opacity":"","overlay-gradient":""}},"ast-content-background-meta":{"desktop":{"background-color":"var(--ast-global-color-5)","background-image":"","background-repeat":"repeat","background-position":"center center","background-size":"auto","background-attachment":"scroll","background-type":"","background-media":"","overlay-type":"","overlay-color":"","overlay-opacity":"","overlay-gradient":""},"tablet":{"background-color":"var(--ast-global-color-5)","background-image":"","background-repeat":"repeat","background-position":"center center","background-size":"auto","background-attachment":"scroll","background-type":"","background-media":"","overlay-type":"","overlay-color":"","overlay-opacity":"","overlay-gradient":""},"mobile":{"background-color":"var(--ast-global-color-5)","background-image":"","background-repeat":"repeat","background-position":"center center","background-size":"auto","background-attachment":"scroll","background-type":"","background-media":"","overlay-type":"","overlay-color":"","overlay-opacity":"","overlay-gradient":""}}},"product_brand":[],"product_cat":[128],"product_tag":[],"class_list":{"0":"post-17387","1":"product","2":"type-product","3":"status-publish","4":"has-post-thumbnail","6":"product_cat-tire-recycling-machine","7":"desktop-align-center","8":"tablet-align-center","9":"mobile-align-center","11":"first","12":"instock","13":"shipping-taxable","14":"product-type-simple"},"_links":{"self":[{"href":"https:\/\/recyclingequipinc.com\/es\/wp-json\/wp\/v2\/product\/17387","targetHints":{"allow":["GET"]}}],"collection":[{"href":"https:\/\/recyclingequipinc.com\/es\/wp-json\/wp\/v2\/product"}],"about":[{"href":"https:\/\/recyclingequipinc.com\/es\/wp-json\/wp\/v2\/types\/product"}],"version-history":[{"count":0,"href":"https:\/\/recyclingequipinc.com\/es\/wp-json\/wp\/v2\/product\/17387\/revisions"}],"wp:featuredmedia":[{"embeddable":true,"href":"https:\/\/recyclingequipinc.com\/es\/wp-json\/wp\/v2\/media\/17403"}],"wp:attachment":[{"href":"https:\/\/recyclingequipinc.com\/es\/wp-json\/wp\/v2\/media?parent=17387"}],"wp:term":[{"taxonomy":"product_brand","embeddable":true,"href":"https:\/\/recyclingequipinc.com\/es\/wp-json\/wp\/v2\/product_brand?post=17387"},{"taxonomy":"product_cat","embeddable":true,"href":"https:\/\/recyclingequipinc.com\/es\/wp-json\/wp\/v2\/product_cat?post=17387"},{"taxonomy":"product_tag","embeddable":true,"href":"https:\/\/recyclingequipinc.com\/es\/wp-json\/wp\/v2\/product_tag?post=17387"}],"curies":[{"name":"wp","href":"https:\/\/api.w.org\/{rel}","templated":true}]}}