{"id":17366,"date":"2025-07-07T14:33:25","date_gmt":"2025-07-07T06:33:25","guid":{"rendered":"https:\/\/recyclingequipinc.com\/?post_type=product&#038;p=17366"},"modified":"2025-07-07T14:33:25","modified_gmt":"2025-07-07T06:33:25","slug":"plastic-bag-shredder","status":"publish","type":"product","link":"https:\/\/recyclingequipinc.com\/es\/product\/plastic-bag-shredder\/","title":{"rendered":"Trituradora de bolsas de pl\u00e1stico para reciclar residuos pl\u00e1sticos blandos"},"content":{"rendered":"<p>En la floreciente industria del reciclaje de pl\u00e1sticos, tener el equipo adecuado puede mejorar significativamente su eficiencia y calidad de salida. Nuestra trituradora de bolsas de pl\u00e1stico es una m\u00e1quina de alto rendimiento especialmente dise\u00f1ada para triturar todo tipo de pel\u00edculas y bolsas de pl\u00e1stico blando, incluyendo LDPE, HDPE y otros materiales de embalaje flexibles. Ya sea que est\u00e9 procesando residuos post-consumo o recortes de pel\u00edculas industriales, esta trituradora ofrece una soluci\u00f3n potente y confiable.<\/p> <h2>\u00bfQu\u00e9 es una trituradora de bolsas de pl\u00e1stico?<\/h2> <p data-start=\"793\" data-end=\"1114\">Una trituradora de bolsas de pl\u00e1stico es una m\u00e1quina que reduce el tama\u00f1o de las bolsas de pl\u00e1stico en piezas m\u00e1s peque\u00f1as y uniformes, adecuadas para el lavado, secado y reciclaje posterior. Es una parte crucial de cualquier l\u00ednea de reciclaje de pel\u00edculas pl\u00e1sticas, especialmente para materiales suaves y ligeros que son dif\u00edciles de procesar con trituradoras convencionales.<\/p> <p data-start=\"1116\" data-end=\"1139\">Nuestra m\u00e1quina puede manejar:<\/p> <ul data-start=\"1140\" data-end=\"1329\"> <li data-start=\"1140\" data-end=\"1171\"> <p data-start=\"1142\" data-end=\"1171\">Bolsas de compras de LDPE y HDPE<\/p> <\/li> <li data-start=\"1172\" data-end=\"1205\"> <p data-start=\"1174\" data-end=\"1205\">Bolsas de basura y forros de basura<\/p> <\/li> <li data-start=\"1206\" data-end=\"1234\"> <p data-start=\"1208\" data-end=\"1234\">Pel\u00edculas estirables industriales<\/p> <\/li> <li data-start=\"1235\" data-end=\"1280\"> <p data-start=\"1237\" data-end=\"1280\">Pel\u00edculas de embalaje de alimentos y envolturas de pl\u00e1stico<\/p> <\/li> <li data-start=\"1281\" data-end=\"1329\"> <p data-start=\"1283\" data-end=\"1329\">Pel\u00edculas de acolchado agr\u00edcola y cubiertas de invernadero<\/p> <\/li> <\/ul> <div id='gallery-1' class='gallery galleryid-17366 gallery-columns-3 gallery-size-full'><figure class='gallery-item'> \t\t\t<div class='gallery-icon landscape'> \t\t\t\t<a href='https:\/\/recyclingequipinc.com\/es\/?attachment_id=17380'><img fetchpriority=\"high\" decoding=\"async\" width=\"740\" height=\"540\" src=\"https:\/\/recyclingequipinc.com\/wp-content\/uploads\/2025\/07\/woven-bags.webp\" class=\"attachment-full size-full\" alt=\"bolsas tejidas\" aria-describedby=\"gallery-1-17380\" srcset=\"https:\/\/recyclingequipinc.com\/wp-content\/uploads\/2025\/07\/woven-bags.webp 740w, https:\/\/recyclingequipinc.com\/wp-content\/uploads\/2025\/07\/woven-bags-300x219.webp 300w, https:\/\/recyclingequipinc.com\/wp-content\/uploads\/2025\/07\/woven-bags-16x12.webp 16w\" sizes=\"(max-width: 740px) 100vw, 740px\" \/><\/a> \t\t\t<\/div> \t\t\t\t<figcaption class='wp-caption-text gallery-caption' id='gallery-1-17380'> \t\t\t\tbolsas tejidas \t\t\t\t<\/figcaption><\/figure><figure class='gallery-item'> \t\t\t<div class='gallery-icon landscape'> \t\t\t\t<a href='https:\/\/recyclingequipinc.com\/es\/?attachment_id=17372'><img decoding=\"async\" width=\"720\" height=\"540\" src=\"https:\/\/recyclingequipinc.com\/wp-content\/uploads\/2025\/07\/packaging-PE-films.webp\" class=\"attachment-full size-full\" alt=\"Pel\u00edculas de PE para embalaje\" aria-describedby=\"gallery-1-17372\" srcset=\"https:\/\/recyclingequipinc.com\/wp-content\/uploads\/2025\/07\/packaging-PE-films.webp 720w, https:\/\/recyclingequipinc.com\/wp-content\/uploads\/2025\/07\/packaging-PE-films-300x225.webp 300w, https:\/\/recyclingequipinc.com\/wp-content\/uploads\/2025\/07\/packaging-PE-films-16x12.webp 16w\" sizes=\"(max-width: 720px) 100vw, 720px\" \/><\/a> \t\t\t<\/div> \t\t\t\t<figcaption class='wp-caption-text gallery-caption' id='gallery-1-17372'> \t\t\t\tPel\u00edculas de PE para embalaje \t\t\t\t<\/figcaption><\/figure><figure class='gallery-item'> \t\t\t<div class='gallery-icon landscape'> \t\t\t\t<a href='https:\/\/recyclingequipinc.com\/es\/?attachment_id=17369'><img decoding=\"async\" width=\"720\" height=\"540\" src=\"https:\/\/recyclingequipinc.com\/wp-content\/uploads\/2025\/07\/agricultural-film.webp\" class=\"attachment-full size-full\" alt=\"Pel\u00edcula agr\u00edcola\" aria-describedby=\"gallery-1-17369\" srcset=\"https:\/\/recyclingequipinc.com\/wp-content\/uploads\/2025\/07\/agricultural-film.webp 720w, https:\/\/recyclingequipinc.com\/wp-content\/uploads\/2025\/07\/agricultural-film-300x225.webp 300w, https:\/\/recyclingequipinc.com\/wp-content\/uploads\/2025\/07\/agricultural-film-16x12.webp 16w\" sizes=\"(max-width: 720px) 100vw, 720px\" \/><\/a> \t\t\t<\/div> \t\t\t\t<figcaption class='wp-caption-text gallery-caption' id='gallery-1-17369'> \t\t\t\tPel\u00edcula agr\u00edcola \t\t\t\t<\/figcaption><\/figure> \t\t<\/div>  <h3 data-start=\"1336\" data-end=\"1393\">Caracter\u00edsticas clave de nuestro triturador y trituradora de bolsas de pl\u00e1stico<\/h3> <ul data-start=\"1395\" data-end=\"2004\"> <li data-start=\"1395\" data-end=\"1545\"> <p data-start=\"1397\" data-end=\"1545\" class=\"translation-block\">Sistema de corte de alta eficiencia: Equipado con cuchillas de rotaci\u00f3n de alta velocidad y cuchillas fijas, logrando una reducci\u00f3n de tama\u00f1o constante de los pl\u00e1sticos blandos.<\/p> <\/li> <li data-start=\"1546\" data-end=\"1676\"> <p data-start=\"1548\" data-end=\"1676\" class=\"translation-block\">Dise\u00f1o anti-enrollamiento: Optimizado para pel\u00edculas finas y flexibles que tienden a enrollarse en los ejes, perfecto para bolsas y film de embalaje.<\/p> <\/li> <li data-start=\"1677\" data-end=\"1775\"> <p data-start=\"1679\" data-end=\"1775\" class=\"translation-block\">Estructura robusta: Fabricada con acero resistente al desgaste para garantizar durabilidad y una larga vida \u00fatil.<\/p> <\/li> <li data-start=\"1776\" data-end=\"1882\"> <p data-start=\"1778\" data-end=\"1882\" class=\"translation-block\">Tama\u00f1os de pantalla personalizables: Permite tama\u00f1os de salida ajustables seg\u00fan sus requisitos posteriores.<\/p> <\/li> <li data-start=\"1883\" data-end=\"2004\"> <p data-start=\"1885\" data-end=\"2004\" class=\"translation-block\">Sistema opcional de cinta transportadora y soplador: Permite la alimentaci\u00f3n y descarga automatizadas, ideal para l\u00edneas de reciclaje integradas.<\/p> <\/li> <\/ul> <div id='gallery-2' class='gallery galleryid-17366 gallery-columns-3 gallery-size-full'><figure class='gallery-item'> \t\t\t<div class='gallery-icon landscape'> \t\t\t\t<a href='https:\/\/recyclingequipinc.com\/es\/?attachment_id=17376'><img loading=\"lazy\" decoding=\"async\" width=\"720\" height=\"540\" src=\"https:\/\/recyclingequipinc.com\/wp-content\/uploads\/2025\/07\/plastic-film-crusher-blades.webp\" class=\"attachment-full size-full\" alt=\"Cuchillas de Trituradora de Pel\u00edcula Pl\u00e1stica\" aria-describedby=\"gallery-2-17376\" srcset=\"https:\/\/recyclingequipinc.com\/wp-content\/uploads\/2025\/07\/plastic-film-crusher-blades.webp 720w, https:\/\/recyclingequipinc.com\/wp-content\/uploads\/2025\/07\/plastic-film-crusher-blades-300x225.webp 300w, https:\/\/recyclingequipinc.com\/wp-content\/uploads\/2025\/07\/plastic-film-crusher-blades-16x12.webp 16w\" sizes=\"(max-width: 720px) 100vw, 720px\" \/><\/a> \t\t\t<\/div> \t\t\t\t<figcaption class='wp-caption-text gallery-caption' id='gallery-2-17376'> \t\t\t\tCuchillas de Trituradora de Pel\u00edcula Pl\u00e1stica \t\t\t\t<\/figcaption><\/figure><figure class='gallery-item'> \t\t\t<div class='gallery-icon landscape'> \t\t\t\t<a href='https:\/\/recyclingequipinc.com\/es\/?attachment_id=17377'><img loading=\"lazy\" decoding=\"async\" width=\"720\" height=\"540\" src=\"https:\/\/recyclingequipinc.com\/wp-content\/uploads\/2025\/07\/screen-of-the-plastic-film-shredder.webp\" class=\"attachment-full size-full\" alt=\"pantalla de la trituradora de pel\u00edcula pl\u00e1stica\" aria-describedby=\"gallery-2-17377\" srcset=\"https:\/\/recyclingequipinc.com\/wp-content\/uploads\/2025\/07\/screen-of-the-plastic-film-shredder.webp 720w, https:\/\/recyclingequipinc.com\/wp-content\/uploads\/2025\/07\/screen-of-the-plastic-film-shredder-300x225.webp 300w, https:\/\/recyclingequipinc.com\/wp-content\/uploads\/2025\/07\/screen-of-the-plastic-film-shredder-16x12.webp 16w\" sizes=\"(max-width: 720px) 100vw, 720px\" \/><\/a> \t\t\t<\/div> \t\t\t\t<figcaption class='wp-caption-text gallery-caption' id='gallery-2-17377'> \t\t\t\tpantalla de la trituradora de pel\u00edcula pl\u00e1stica \t\t\t\t<\/figcaption><\/figure><figure class='gallery-item'> \t\t\t<div class='gallery-icon landscape'> \t\t\t\t<a href='https:\/\/recyclingequipinc.com\/es\/?attachment_id=17373'><img loading=\"lazy\" decoding=\"async\" width=\"720\" height=\"540\" src=\"https:\/\/recyclingequipinc.com\/wp-content\/uploads\/2025\/07\/plastic-bag-shredder-for-sale.webp\" class=\"attachment-full size-full\" alt=\"trituradora de bolsas de pl\u00e1stico en venta\" aria-describedby=\"gallery-2-17373\" srcset=\"https:\/\/recyclingequipinc.com\/wp-content\/uploads\/2025\/07\/plastic-bag-shredder-for-sale.webp 720w, https:\/\/recyclingequipinc.com\/wp-content\/uploads\/2025\/07\/plastic-bag-shredder-for-sale-300x225.webp 300w, https:\/\/recyclingequipinc.com\/wp-content\/uploads\/2025\/07\/plastic-bag-shredder-for-sale-16x12.webp 16w\" sizes=\"(max-width: 720px) 100vw, 720px\" \/><\/a> \t\t\t<\/div> \t\t\t\t<figcaption class='wp-caption-text gallery-caption' id='gallery-2-17373'> \t\t\t\ttrituradora de bolsas de pl\u00e1stico en venta \t\t\t\t<\/figcaption><\/figure> \t\t<\/div>  <h2>Especificaciones t\u00e9cnicas de nuestro triturador de pel\u00edcula pl\u00e1stica<\/h2> <table> <thead> <tr> <th><strong>Modelo<\/strong><\/th> <th><strong>SLSP-600<\/strong><\/th> <th><strong>SLSP-800<\/strong><\/th> <th><strong>SLSP-1000<\/strong><\/th> <\/tr> <\/thead> <tbody> <tr> <td><strong>Potencia del Motor<\/strong><\/td> <td>30 kW<\/td> <td>45 kW<\/td> <td>55 kW<\/td> <\/tr> <tr> <td><strong>Capacidad<\/strong><\/td> <td>600\u2013800 kg\/h<\/td> <td>800\u20131000 kg\/h<\/td> <td>1000\u20131200 kg\/h<\/td> <\/tr> <tr> <td><strong>Materias primas aplicables<\/strong><\/td> <td>pel\u00edcula de PE, pel\u00edcula de LDPE, pel\u00edcula de HDPE, pel\u00edcula de acolchado agr\u00edcola, pel\u00edcula de invernadero, bolsas de pl\u00e1stico para compras, bolsas de basura, pel\u00edcula estirable, pel\u00edcula retr\u00e1ctil, pel\u00edcula impresa, envolturas de pl\u00e1stico blando, pel\u00edcula de embalaje<\/td> <td>Igual que a la izquierda<\/td> <td>Igual que a la izquierda<\/td> <\/tr> <tr> <td><strong>Tama\u00f1o de salida final<\/strong><\/td> <td>40\u201350 mm (tama\u00f1o de malla ajustable)<\/td> <td>40\u201350 mm<\/td> <td>40\u201350 mm<\/td> <\/tr> <tr> <td><strong>Material del cuchillo<\/strong><\/td> <td>60Si2Mn<\/td> <td>60Si2Mn<\/td> <td>60Si2Mn<\/td> <\/tr> <tr> <td><strong>N\u00famero de cuchillos rotativos<\/strong><\/td> <td>10 unidades<\/td> <td>10 unidades<\/td> <td>10 unidades<\/td> <\/tr> <tr> <td><strong>Ancho de la caja del triturador<\/strong><\/td> <td>600 mm<\/td> <td>800 mm<\/td> <td>1000 mm<\/td> <\/tr> <tr> <td><strong>Material del marco de la m\u00e1quina<\/strong><\/td> <td>Acero inoxidable de alta calidad<\/td> <td>Acero inoxidable de alta calidad<\/td> <td>Acero inoxidable de alta calidad<\/td> <\/tr> <tr> <td><strong>Aplicaciones Comunes<\/strong><\/td> <td>Trituradora de bolsas de pl\u00e1stico, triturador de pel\u00edcula pl\u00e1stica, trituradora de pel\u00edcula estirable, triturador de copos de pl\u00e1stico suave<\/td> <td>Igual que a la izquierda<\/td> <td>Igual que a la izquierda<\/td> <\/tr> <\/tbody> <\/table> <p class=\"translation-block\">Nota: Hay modelos personalizados disponibles seg\u00fan su materia prima y necesidades de capacidad.<\/p> <figure id=\"attachment_17374\" aria-describedby=\"caption-attachment-17374\" style=\"width: 720px\" class=\"wp-caption aligncenter\"><img loading=\"lazy\" decoding=\"async\" class=\"wp-image-17374 size-full\" src=\"https:\/\/recyclingequipinc.com\/wp-content\/uploads\/2025\/07\/plastic-bag-shredder-in-the-factory.webp\" alt=\"desgarrador de bolsas de pl\u00e1stico en la f\u00e1brica\" width=\"720\" height=\"540\" srcset=\"https:\/\/recyclingequipinc.com\/wp-content\/uploads\/2025\/07\/plastic-bag-shredder-in-the-factory.webp 720w, https:\/\/recyclingequipinc.com\/wp-content\/uploads\/2025\/07\/plastic-bag-shredder-in-the-factory-300x225.webp 300w, https:\/\/recyclingequipinc.com\/wp-content\/uploads\/2025\/07\/plastic-bag-shredder-in-the-factory-16x12.webp 16w\" sizes=\"(max-width: 720px) 100vw, 720px\" \/><figcaption id=\"caption-attachment-17374\" class=\"wp-caption-text\">desgarrador de bolsas de pl\u00e1stico en la f\u00e1brica<\/figcaption><\/figure> <p><span style=\"font-size: 1.7em; font-weight: bold;\">\u00bfC\u00f3mo funciona el desgarrador de bolsas de pl\u00e1stico?<\/span><\/p> <p data-start=\"145\" data-end=\"459\">El triturador de bolsas de pl\u00e1stico funciona alimentando materiales pl\u00e1sticos suaves, como bolsas de compras, pel\u00edculas estirables o envolturas de embalaje, en una c\u00e1mara de corte rotativa. Dentro de la c\u00e1mara, cuchillas rotativas de alta velocidad trabajan junto con cuchillas estacionarias para cortar y desgarrar el pl\u00e1stico en copos m\u00e1s peque\u00f1os y uniformes.<\/p> <p data-start=\"461\" data-end=\"490\">El proceso de trabajo incluye:<\/p> <ol data-start=\"492\" data-end=\"913\"> <li data-start=\"492\" data-end=\"564\"> <p data-start=\"495\" data-end=\"564\" class=\"translation-block\">Alimentaci\u00f3n: Las bolsas de pl\u00e1stico se cargan manualmente o mediante una cinta transportadora.<\/p> <\/li> <li data-start=\"565\" data-end=\"685\"> <p data-start=\"568\" data-end=\"685\" class=\"translation-block\">Corte y trituraci\u00f3n: Las cuchillas giratorias cortan el material contra las cuchillas fijas, minimizando atascos y enrollamientos.<\/p> <\/li> <li data-start=\"686\" data-end=\"802\"> <p data-start=\"689\" data-end=\"802\" class=\"translation-block\">Dimensionamiento: Una pantalla debajo de las cuchillas filtra el material, permitiendo el paso solo de escamas del tama\u00f1o adecuado.<\/p> <\/li> <li data-start=\"803\" data-end=\"913\"> <p data-start=\"806\" data-end=\"913\" class=\"translation-block\">Descarga: El pl\u00e1stico triturado se recoge o se transporta directamente al sistema de lavado o peletizaci\u00f3n.<\/p> <\/li> <\/ol> <p data-start=\"915\" data-end=\"1058\">Muchos modelos cuentan con dise\u00f1os de cuchillas anti-enredo y sistemas autom\u00e1ticos de reversa para prevenir atascos, lo que los hace ideales para pl\u00e1sticos suaves y flexibles.<\/p> <figure id=\"attachment_17370\" aria-describedby=\"caption-attachment-17370\" style=\"width: 720px\" class=\"wp-caption aligncenter\"><img loading=\"lazy\" decoding=\"async\" class=\"wp-image-17370 size-full\" src=\"https:\/\/recyclingequipinc.com\/wp-content\/uploads\/2025\/07\/Conveyor-Belt-Connection-to-Plastic-Film-Crusher.webp\" alt=\"Conexi\u00f3n de cinta transportadora al triturador de pel\u00edcula pl\u00e1stica\" width=\"720\" height=\"540\" srcset=\"https:\/\/recyclingequipinc.com\/wp-content\/uploads\/2025\/07\/Conveyor-Belt-Connection-to-Plastic-Film-Crusher.webp 720w, https:\/\/recyclingequipinc.com\/wp-content\/uploads\/2025\/07\/Conveyor-Belt-Connection-to-Plastic-Film-Crusher-300x225.webp 300w, https:\/\/recyclingequipinc.com\/wp-content\/uploads\/2025\/07\/Conveyor-Belt-Connection-to-Plastic-Film-Crusher-16x12.webp 16w\" sizes=\"(max-width: 720px) 100vw, 720px\" \/><figcaption id=\"caption-attachment-17370\" class=\"wp-caption-text\">Conexi\u00f3n de cinta transportadora al triturador de pel\u00edcula pl\u00e1stica<\/figcaption><\/figure> <h2 data-start=\"915\" data-end=\"1058\">Trituradora de pel\u00edcula pl\u00e1stica eficiente instalada en todo el mundo<\/h2> <p data-start=\"98\" data-end=\"568\" class=\"translation-block\">Nuestra m\u00e1quina trituradora de film pl\u00e1stico, conocida por su dise\u00f1o anti-enrollamiento, alta eficiencia de trituraci\u00f3n y compatibilidad con una amplia gama de materiales pl\u00e1sticos blandos, ha sido exportada con \u00e9xito a pa\u00edses como Kenia, Sud\u00e1frica, Arabia Saud\u00ed, M\u00e9xico, etc. Ha ayudado a los clientes a mejorar eficientemente su capacidad de reciclaje y reducir los costos de mano de obra, lo que ha recibido comentarios positivos constantes de clientes globales.<\/p> <p data-start=\"702\" data-end=\"789\">Para apoyar a nuestros clientes, ofrecemos servicios postventa integrales, que incluyen:<\/p> <ul data-start=\"790\" data-end=\"940\"> <li data-start=\"790\" data-end=\"827\"> <p data-start=\"792\" data-end=\"827\" class=\"translation-block\">Instalaci\u00f3n y capacitaci\u00f3n in situ<\/p> <\/li> <li data-start=\"828\" data-end=\"859\"> <p data-start=\"830\" data-end=\"859\" class=\"translation-block\">Garant\u00eda de calidad de un a\u00f1o<\/p> <\/li> <li data-start=\"860\" data-end=\"904\"> <p data-start=\"862\" data-end=\"904\" class=\"translation-block\">Gu\u00eda por v\u00eddeo y soporte en l\u00ednea 24\/7<\/p> <\/li> <li data-start=\"905\" data-end=\"940\"> <p data-start=\"907\" data-end=\"940\" class=\"translation-block\">Repuestos f\u00e1cilmente disponibles<\/p> <\/li> <\/ul> <p data-start=\"942\" data-end=\"1105\" class=\"translation-block\">\u00a1Cont\u00e1ctenos hoy para obtener una soluci\u00f3n personalizada para su proyecto de reciclaje de film pl\u00e1stico! Perm\u00edtanos ayudarle a iniciar o mejorar su l\u00ednea de reciclaje con confianza. Tambi\u00e9n ofrecemos trituradoras de pl\u00e1stico duro, trituradoras de poliestireno expandido y trituradoras de botellas de PET.<\/p>","protected":false},"excerpt":{"rendered":"<p class=\"translation-block\">El triturador de bolsas de pl\u00e1stico de Shuliy est\u00e1 dise\u00f1ado para triturar pl\u00e1sticos blandos de manera eficiente, sin atascos ni enrollamientos. Desde bolsas de pl\u00e1stico hasta film estirable, convierte los residuos enredados en escamas limpias y uniformes, aumentando su producci\u00f3n de reciclaje.<\/p>","protected":false},"featured_media":17375,"template":"","meta":{"site-sidebar-layout":"default","site-content-layout":"","ast-site-content-layout":"default","site-content-style":"default","site-sidebar-style":"default","ast-global-header-display":"","ast-banner-title-visibility":"","ast-main-header-display":"","ast-hfb-above-header-display":"","ast-hfb-below-header-display":"","ast-hfb-mobile-header-display":"","site-post-title":"","ast-breadcrumbs-content":"","ast-featured-img":"","footer-sml-layout":"","ast-disable-related-posts":"","theme-transparent-header-meta":"default","adv-header-id-meta":"","stick-header-meta":"","header-above-stick-meta":"","header-main-stick-meta":"","header-below-stick-meta":"","astra-migrate-meta-layouts":"set","ast-page-background-enabled":"default","ast-page-background-meta":{"desktop":{"background-color":"","background-image":"","background-repeat":"repeat","background-position":"center center","background-size":"auto","background-attachment":"scroll","background-type":"","background-media":"","overlay-type":"","overlay-color":"","overlay-opacity":"","overlay-gradient":""},"tablet":{"background-color":"","background-image":"","background-repeat":"repeat","background-position":"center center","background-size":"auto","background-attachment":"scroll","background-type":"","background-media":"","overlay-type":"","overlay-color":"","overlay-opacity":"","overlay-gradient":""},"mobile":{"background-color":"","background-image":"","background-repeat":"repeat","background-position":"center center","background-size":"auto","background-attachment":"scroll","background-type":"","background-media":"","overlay-type":"","overlay-color":"","overlay-opacity":"","overlay-gradient":""}},"ast-content-background-meta":{"desktop":{"background-color":"var(--ast-global-color-5)","background-image":"","background-repeat":"repeat","background-position":"center center","background-size":"auto","background-attachment":"scroll","background-type":"","background-media":"","overlay-type":"","overlay-color":"","overlay-opacity":"","overlay-gradient":""},"tablet":{"background-color":"var(--ast-global-color-5)","background-image":"","background-repeat":"repeat","background-position":"center center","background-size":"auto","background-attachment":"scroll","background-type":"","background-media":"","overlay-type":"","overlay-color":"","overlay-opacity":"","overlay-gradient":""},"mobile":{"background-color":"var(--ast-global-color-5)","background-image":"","background-repeat":"repeat","background-position":"center center","background-size":"auto","background-attachment":"scroll","background-type":"","background-media":"","overlay-type":"","overlay-color":"","overlay-opacity":"","overlay-gradient":""}}},"product_brand":[],"product_cat":[36],"product_tag":[],"class_list":{"0":"post-17366","1":"product","2":"type-product","3":"status-publish","4":"has-post-thumbnail","6":"product_cat-plastic-recycling-machine","7":"desktop-align-center","8":"tablet-align-center","9":"mobile-align-center","11":"first","12":"instock","13":"shipping-taxable","14":"product-type-simple"},"_links":{"self":[{"href":"https:\/\/recyclingequipinc.com\/es\/wp-json\/wp\/v2\/product\/17366","targetHints":{"allow":["GET"]}}],"collection":[{"href":"https:\/\/recyclingequipinc.com\/es\/wp-json\/wp\/v2\/product"}],"about":[{"href":"https:\/\/recyclingequipinc.com\/es\/wp-json\/wp\/v2\/types\/product"}],"version-history":[{"count":0,"href":"https:\/\/recyclingequipinc.com\/es\/wp-json\/wp\/v2\/product\/17366\/revisions"}],"wp:featuredmedia":[{"embeddable":true,"href":"https:\/\/recyclingequipinc.com\/es\/wp-json\/wp\/v2\/media\/17375"}],"wp:attachment":[{"href":"https:\/\/recyclingequipinc.com\/es\/wp-json\/wp\/v2\/media?parent=17366"}],"wp:term":[{"taxonomy":"product_brand","embeddable":true,"href":"https:\/\/recyclingequipinc.com\/es\/wp-json\/wp\/v2\/product_brand?post=17366"},{"taxonomy":"product_cat","embeddable":true,"href":"https:\/\/recyclingequipinc.com\/es\/wp-json\/wp\/v2\/product_cat?post=17366"},{"taxonomy":"product_tag","embeddable":true,"href":"https:\/\/recyclingequipinc.com\/es\/wp-json\/wp\/v2\/product_tag?post=17366"}],"curies":[{"name":"wp","href":"https:\/\/api.w.org\/{rel}","templated":true}]}}