{"id":17320,"date":"2025-06-23T15:49:29","date_gmt":"2025-06-23T07:49:29","guid":{"rendered":"https:\/\/recyclingequipinc.com\/?post_type=product&#038;p=17320"},"modified":"2025-06-23T15:49:29","modified_gmt":"2025-06-23T07:49:29","slug":"tire-block-cutter","status":"publish","type":"product","link":"https:\/\/recyclingequipinc.com\/es\/product\/tire-block-cutter\/","title":{"rendered":"Cortadora de bloques de neum\u00e1ticos | Reciclaje de corte de neum\u00e1ticos"},"content":{"rendered":"<p data-start=\"450\" data-end=\"891\">Despu\u00e9s de que los neum\u00e1ticos son despojados y cortados en secciones de goma estrechas, el paso final antes de triturar o granular es cortar esas tiras en trozos m\u00e1s peque\u00f1os. La cortadora de bloques de neum\u00e1ticos Shuliy es una soluci\u00f3n robusta y confiable para esta etapa cr\u00edtica. Dise\u00f1ada para procesar bandas de rodadura de goma, tiras y piezas gruesas de costados, nuestra m\u00e1quina cortadora de bloques de neum\u00e1ticos aumenta significativamente la eficiencia del reciclaje y reduce la carga en las trituradoras posteriores.<\/p> <p data-start=\"893\" data-end=\"1142\" class=\"translation-block\">Ofrecemos <strong>dos modelos<\/strong> para satisfacer diferentes necesidades de capacidad: la M\u00e1quina de Corte de Bloques de Neum\u00e1ticos Estandarizada y la Cortadora de Bloques de Neum\u00e1ticos Actualizada, ambas utilizadas ampliamente en <a href=\"https:\/\/recyclingequipinc.com\/es\/producto\/waste-tire-recycling-line\/\"><strong data-start=\"1048\" data-end=\"1087\">l\u00edneas de reciclaje de neum\u00e1ticos semi-autom\u00e1ticas<\/strong>.<\/a><\/p> <div id='gallery-1' class='gallery galleryid-17320 gallery-columns-3 gallery-size-full'><figure class='gallery-item'> \t\t\t<div class='gallery-icon landscape'> \t\t\t\t<a href='https:\/\/recyclingequipinc.com\/es\/?attachment_id=17332'><img fetchpriority=\"high\" decoding=\"async\" width=\"720\" height=\"540\" src=\"https:\/\/recyclingequipinc.com\/wp-content\/uploads\/2025\/06\/tire-block-cutter-for-sale.webp\" class=\"attachment-full size-full\" alt=\"cortadora de bloques de neum\u00e1ticos en venta\" aria-describedby=\"gallery-1-17332\" srcset=\"https:\/\/recyclingequipinc.com\/wp-content\/uploads\/2025\/06\/tire-block-cutter-for-sale.webp 720w, https:\/\/recyclingequipinc.com\/wp-content\/uploads\/2025\/06\/tire-block-cutter-for-sale-300x225.webp 300w, https:\/\/recyclingequipinc.com\/wp-content\/uploads\/2025\/06\/tire-block-cutter-for-sale-16x12.webp 16w\" sizes=\"(max-width: 720px) 100vw, 720px\" \/><\/a> \t\t\t<\/div> \t\t\t\t<figcaption class='wp-caption-text gallery-caption' id='gallery-1-17332'> \t\t\t\tcortadora de bloques de neum\u00e1ticos en venta \t\t\t\t<\/figcaption><\/figure><figure class='gallery-item'> \t\t\t<div class='gallery-icon landscape'> \t\t\t\t<a href='https:\/\/recyclingequipinc.com\/es\/?attachment_id=17335'><img decoding=\"async\" width=\"800\" height=\"597\" src=\"https:\/\/recyclingequipinc.com\/wp-content\/uploads\/2025\/06\/uniform-tire-chunks.webp\" class=\"attachment-full size-full\" alt=\"trozos de neum\u00e1ticos uniformes\" aria-describedby=\"gallery-1-17335\" srcset=\"https:\/\/recyclingequipinc.com\/wp-content\/uploads\/2025\/06\/uniform-tire-chunks.webp 800w, https:\/\/recyclingequipinc.com\/wp-content\/uploads\/2025\/06\/uniform-tire-chunks-300x225.webp 300w, https:\/\/recyclingequipinc.com\/wp-content\/uploads\/2025\/06\/uniform-tire-chunks-768x573.webp 768w, https:\/\/recyclingequipinc.com\/wp-content\/uploads\/2025\/06\/uniform-tire-chunks-16x12.webp 16w, https:\/\/recyclingequipinc.com\/wp-content\/uploads\/2025\/06\/uniform-tire-chunks-750x560.webp 750w\" sizes=\"(max-width: 800px) 100vw, 800px\" \/><\/a> \t\t\t<\/div> \t\t\t\t<figcaption class='wp-caption-text gallery-caption' id='gallery-1-17335'> \t\t\t\ttrozos de neum\u00e1ticos uniformes \t\t\t\t<\/figcaption><\/figure> \t\t<\/div>  <h2 data-start=\"893\" data-end=\"1142\">Materias Primas y Productos Finales del Cortador de Bloques de Neum\u00e1ticos<\/h2> <p data-start=\"1190\" data-end=\"1210\" class=\"translation-block\"><strong data-start=\"1190\" data-end=\"1208\">Materias Primas:<\/strong><\/p> <ul data-start=\"1211\" data-end=\"1446\"> <li data-start=\"1211\" data-end=\"1297\"> <p data-start=\"1213\" data-end=\"1297\" class=\"translation-block\">Tiras de goma del <a class=\"cursor-pointer\" rel=\"noopener\" data-start=\"1236\" data-end=\"1295\"><strong data-start=\"1237\" data-end=\"1258\">cortador de tiras de neum\u00e1ticos<\/strong><\/a><\/p> <\/li> <li data-start=\"1298\" data-end=\"1343\"> <p data-start=\"1300\" data-end=\"1343\">Huellas de neum\u00e1ticos usados y bloques de goma gruesa<\/p> <\/li> <li data-start=\"1344\" data-end=\"1446\"> <p data-start=\"1346\" data-end=\"1446\" class=\"translation-block\">Piezas de pared lateral procesadas del <a class=\"cursor-pointer\" href=\"https:\/\/recyclingequipinc.com\/es\/producto\/tire-sidewall-cutter\/\" rel=\"noopener\" data-start=\"1381\" data-end=\"1446\"><strong data-start=\"1382\" data-end=\"1406\">cortador de pared lateral de neum\u00e1ticos<\/strong><\/a><\/p> <\/li> <\/ul> <p data-start=\"1448\" data-end=\"1469\" class=\"translation-block\"><strong data-start=\"1448\" data-end=\"1467\">Productos Finales:<\/strong><\/p> <ul data-start=\"1470\" data-end=\"1659\"> <li data-start=\"1470\" data-end=\"1581\"> <p data-start=\"1472\" data-end=\"1581\" class=\"translation-block\">Trozos de goma <strong data-start=\"1480\" data-end=\"1497\">compactos<\/strong> de tama\u00f1o adecuado para una carga eficiente en trituradoras de neum\u00e1ticos, granuladores o unidades de devulcanizaci\u00f3n<\/p> <\/li> <li data-start=\"1582\" data-end=\"1659\"> <p data-start=\"1584\" data-end=\"1659\" class=\"translation-block\">Tama\u00f1os t\u00edpicos de bloques: <strong data-start=\"1605\" data-end=\"1617\">3\u00d75\u00d76 cm<\/strong> (Modelo Estandarizado) o <strong data-start=\"1631\" data-end=\"1641\">5\u00d75 cm<\/strong> (modelo actualizado)<\/p> <\/li> <\/ul> <div id='gallery-2' class='gallery galleryid-17320 gallery-columns-3 gallery-size-full'><figure class='gallery-item'> \t\t\t<div class='gallery-icon landscape'> \t\t\t\t<a href='https:\/\/recyclingequipinc.com\/es\/?attachment_id=17331'><img decoding=\"async\" width=\"720\" height=\"540\" src=\"https:\/\/recyclingequipinc.com\/wp-content\/uploads\/2025\/06\/rubber-strips-fed-into-the-tire-block-cutting-machine.webp\" class=\"attachment-full size-full\" alt=\"tiras de goma alimentadas en la m\u00e1quina de corte de bloques de neum\u00e1ticos.\" aria-describedby=\"gallery-2-17331\" srcset=\"https:\/\/recyclingequipinc.com\/wp-content\/uploads\/2025\/06\/rubber-strips-fed-into-the-tire-block-cutting-machine.webp 720w, https:\/\/recyclingequipinc.com\/wp-content\/uploads\/2025\/06\/rubber-strips-fed-into-the-tire-block-cutting-machine-300x225.webp 300w, https:\/\/recyclingequipinc.com\/wp-content\/uploads\/2025\/06\/rubber-strips-fed-into-the-tire-block-cutting-machine-16x12.webp 16w\" sizes=\"(max-width: 720px) 100vw, 720px\" \/><\/a> \t\t\t<\/div> \t\t\t\t<figcaption class='wp-caption-text gallery-caption' id='gallery-2-17331'> \t\t\t\ttiras de goma alimentadas en la m\u00e1quina de corte de bloques de neum\u00e1ticos. \t\t\t\t<\/figcaption><\/figure><figure class='gallery-item'> \t\t\t<div class='gallery-icon landscape'> \t\t\t\t<a href='https:\/\/recyclingequipinc.com\/es\/?attachment_id=17330'><img loading=\"lazy\" decoding=\"async\" width=\"720\" height=\"540\" src=\"https:\/\/recyclingequipinc.com\/wp-content\/uploads\/2025\/06\/cut-tire-blocks.webp\" class=\"attachment-full size-full\" alt=\"bloques de neum\u00e1ticos cortados\" aria-describedby=\"gallery-2-17330\" srcset=\"https:\/\/recyclingequipinc.com\/wp-content\/uploads\/2025\/06\/cut-tire-blocks.webp 720w, https:\/\/recyclingequipinc.com\/wp-content\/uploads\/2025\/06\/cut-tire-blocks-300x225.webp 300w, https:\/\/recyclingequipinc.com\/wp-content\/uploads\/2025\/06\/cut-tire-blocks-16x12.webp 16w\" sizes=\"(max-width: 720px) 100vw, 720px\" \/><\/a> \t\t\t<\/div> \t\t\t\t<figcaption class='wp-caption-text gallery-caption' id='gallery-2-17330'> \t\t\t\tbloques de neum\u00e1ticos cortados \t\t\t\t<\/figcaption><\/figure> \t\t<\/div>  <h2>\u00bfPor qu\u00e9 elegir nuestra m\u00e1quina de corte de bloques de neum\u00e1ticos?<\/h2> <ul> <li data-start=\"2845\" data-end=\"2891\"> <p data-start=\"2847\" data-end=\"2891\">Dos modelos para diferentes escalas de producci\u00f3n<\/p> <\/li> <li data-start=\"2892\" data-end=\"2940\"> <p data-start=\"2894\" data-end=\"2940\">Salida de bloque compacto para triturado eficiente<\/p> <\/li> <li data-start=\"2941\" data-end=\"2993\"> <p data-start=\"2943\" data-end=\"2993\">Estructura duradera y rendimiento de corte estable<\/p> <\/li> <li data-start=\"2994\" data-end=\"3034\"> <p data-start=\"2996\" data-end=\"3034\">Sistema de control hidr\u00e1ulico f\u00e1cil de usar<\/p> <\/li> <li data-start=\"3035\" data-end=\"3117\"> <p data-start=\"3037\" data-end=\"3117\">Compatible con varios materiales de goma, incluidas bandas de rodadura gruesas y laterales.<\/p> <\/li> <li data-start=\"3118\" data-end=\"3302\"> <p data-start=\"3120\" data-end=\"3302\">Se integra sin problemas en l\u00edneas de reciclaje de neum\u00e1ticos con un cortador de tiras de neum\u00e1ticos y una trituradora de neum\u00e1ticos.<\/p> <\/li> <\/ul> <h2>Par\u00e1metros de nuestra cortadora de bloques de neum\u00e1ticos usados<\/h2> <p data-start=\"207\" data-end=\"475\">Shuliy ofrece dos potentes modelos de m\u00e1quinas cortadoras de bloques de neum\u00e1ticos dise\u00f1adas para cortar bandas y tiras de goma en bloques compactos. Ya sea que opere una planta de reciclaje de neum\u00e1ticos de desecho de tama\u00f1o mediano o grande, nuestras m\u00e1quinas pueden satisfacer sus necesidades de producci\u00f3n de manera eficiente.<\/p> <div class=\"_tableContainer_16hzy_1\"> <div class=\"_tableWrapper_16hzy_14 group flex w-fit flex-col-reverse\" tabindex=\"-1\"> <table class=\"w-fit min-w-(--thread-content-width)\" data-start=\"477\" data-end=\"1527\"> <thead data-start=\"477\" data-end=\"586\"> <tr data-start=\"477\" data-end=\"586\"> <th data-start=\"477\" data-end=\"514\" data-col-size=\"sm\"><strong data-start=\"479\" data-end=\"488\">Modelo<\/strong><\/th> <th data-start=\"514\" data-end=\"553\" data-col-size=\"md\"><strong data-start=\"516\" data-end=\"552\">Cortadora de bloques de neum\u00e1ticos com\u00fan<\/strong><\/th> <th data-start=\"553\" data-end=\"586\" data-col-size=\"md\"><strong data-start=\"555\" data-end=\"584\">Cortadora de Bloques de Neum\u00e1ticos Actualizada<\/strong><\/th> <\/tr> <\/thead> <tbody data-start=\"696\" data-end=\"1527\"> <tr data-start=\"696\" data-end=\"831\"> <td data-start=\"696\" data-end=\"732\" data-col-size=\"sm\"><strong data-start=\"701\" data-end=\"716\">Potencia del Motor<\/strong><\/td> <td data-col-size=\"md\" data-start=\"732\" data-end=\"781\">5.5 kW \u2013 Estable para corte de goma de media carga<\/td> <td data-col-size=\"md\" data-start=\"781\" data-end=\"831\">18.5 kW \u2013 Alta potencia para operaciones de carga pesada<\/td> <\/tr> <tr data-start=\"832\" data-end=\"962\"> <td data-start=\"832\" data-end=\"868\" data-col-size=\"sm\"><strong data-start=\"837\" data-end=\"860\">Capacidad de Procesamiento<\/strong><\/td> <td data-col-size=\"md\" data-start=\"868\" data-end=\"920\">800 kg\/h \u2013 Adecuado para plantas de peque\u00f1a a mediana escala<\/td> <td data-col-size=\"md\" data-start=\"920\" data-end=\"962\">1500 kg\/h \u2013 Para l\u00edneas de reciclaje m\u00e1s grandes<\/td> <\/tr> <tr data-start=\"963\" data-end=\"1073\"> <td data-start=\"963\" data-end=\"999\" data-col-size=\"sm\"><strong data-start=\"968\" data-end=\"989\">Tama\u00f1o de salida del bloque<\/strong><\/td> <td data-col-size=\"md\" data-start=\"999\" data-end=\"1039\">Trozos de goma de 3 \u00d7 5 \u00d7 6 cm<\/td> <td data-col-size=\"md\" data-start=\"1039\" data-end=\"1073\">Bloques de goma uniformes de 5 \u00d7 5 cm<\/td> <\/tr> <tr data-start=\"1074\" data-end=\"1184\"> <td data-start=\"1074\" data-end=\"1110\" data-col-size=\"sm\"><strong data-start=\"1079\" data-end=\"1109\">Dimensiones de la m\u00e1quina (L\u00d7A\u00d7H)<\/strong><\/td> <td data-col-size=\"md\" data-start=\"1110\" data-end=\"1150\">1.0 \u00d7 0.8 \u00d7 1.4 m<\/td> <td data-col-size=\"md\" data-start=\"1150\" data-end=\"1184\">1.3 \u00d7 1.1 \u00d7 1.5 m<\/td> <\/tr> <tr data-start=\"1185\" data-end=\"1295\"> <td data-start=\"1185\" data-end=\"1221\" data-col-size=\"sm\"><strong data-start=\"1190\" data-end=\"1200\">Peso<\/strong><\/td> <td data-col-size=\"md\" data-start=\"1221\" data-end=\"1261\">800 kg<\/td> <td data-col-size=\"md\" data-start=\"1261\" data-end=\"1295\">1200 kg<\/td> <\/tr> <tr data-start=\"1296\" data-end=\"1409\"> <td data-start=\"1296\" data-end=\"1332\" data-col-size=\"sm\"><strong data-start=\"1301\" data-end=\"1327\">Compatibilidad de materiales<\/strong><\/td> <td data-col-size=\"md\" data-start=\"1332\" data-end=\"1372\">Tiras de goma, bandas de rodadura, laterales<\/td> <td data-col-size=\"md\" data-start=\"1372\" data-end=\"1409\">Bloques de goma pesada, bandas de rodadura gruesas<\/td> <\/tr> <tr data-start=\"1410\" data-end=\"1527\"> <td data-start=\"1410\" data-end=\"1446\" data-col-size=\"sm\"><strong data-start=\"1415\" data-end=\"1433\">M\u00e9todo de corte<\/strong><\/td> <td data-col-size=\"md\" data-start=\"1446\" data-end=\"1486\">Sistema de cuchilla de presi\u00f3n hidr\u00e1ulica hacia abajo<\/td> <td data-col-size=\"md\" data-start=\"1486\" data-end=\"1527\">Sistema de corte de alta presi\u00f3n mejorado<\/td> <\/tr> <\/tbody> <\/table> <\/div> <\/div> <figure id=\"attachment_17336\" aria-describedby=\"caption-attachment-17336\" style=\"width: 720px\" class=\"wp-caption aligncenter\"><img loading=\"lazy\" decoding=\"async\" class=\"wp-image-17336 size-full\" src=\"https:\/\/recyclingequipinc.com\/wp-content\/uploads\/2025\/06\/waste-tire-block-cutter.webp\" alt=\"Cortadora de bloques de neum\u00e1ticos desechados\" width=\"720\" height=\"540\" srcset=\"https:\/\/recyclingequipinc.com\/wp-content\/uploads\/2025\/06\/waste-tire-block-cutter.webp 720w, https:\/\/recyclingequipinc.com\/wp-content\/uploads\/2025\/06\/waste-tire-block-cutter-300x225.webp 300w, https:\/\/recyclingequipinc.com\/wp-content\/uploads\/2025\/06\/waste-tire-block-cutter-16x12.webp 16w\" sizes=\"(max-width: 720px) 100vw, 720px\" \/><figcaption id=\"caption-attachment-17336\" class=\"wp-caption-text\">Cortadora de bloques de neum\u00e1ticos desechados<\/figcaption><\/figure> <h2>\u00bfC\u00f3mo funciona la cortadora de trozos de neum\u00e1tico?<\/h2> <p data-start=\"1694\" data-end=\"1916\" class=\"translation-block\"><strong data-start=\"1697\" data-end=\"1726\">Operaci\u00f3n de la cuchilla hidr\u00e1ulica<\/strong><br data-start=\"1726\" data-end=\"1729\" \/>Ambos modelos utilizan una cuchilla de corte hidr\u00e1ulica vertical. El operador coloca tiras de goma planas sobre la mesa de corte y luego activa la prensa para cortar el material en bloques consistentes.<\/p> <p data-start=\"1918\" data-end=\"2080\" class=\"translation-block\"><strong data-start=\"1921\" data-end=\"1943\">Alta fuerza de corte<\/strong><br data-start=\"1943\" data-end=\"1946\" \/>La versi\u00f3n mejorada presenta un motor m\u00e1s potente (18,5 kW), que ofrece una mayor fuerza para materiales m\u00e1s duros y una mayor capacidad de producci\u00f3n.<\/p> <h3 data-start=\"1534\" data-end=\"1582\">\u00bfQu\u00e9 cortadora de bloques de goma es la adecuada para ti?<\/h3> <ul data-start=\"1584\" data-end=\"1863\"> <li data-start=\"1584\" data-end=\"1704\"> <p data-start=\"1586\" data-end=\"1704\">Utiliza el modelo estandarizado si est\u00e1s operando un sistema de corte de neum\u00e1ticos de chatarra peque\u00f1o a mediano con necesidades de producci\u00f3n moderadas.<\/p> <\/li> <li data-start=\"1705\" data-end=\"1863\"> <p data-start=\"1707\" data-end=\"1863\">Elija el cortador de bloques de neum\u00e1ticos actualizado para operaciones de reciclaje de goma de alto volumen, donde se requieren un procesamiento m\u00e1s r\u00e1pido y materiales de goma m\u00e1s resistentes.<\/p> <\/li> <\/ul> <p data-start=\"1865\" data-end=\"2092\">Ambas m\u00e1quinas est\u00e1n dise\u00f1adas para trabajar sin problemas con cortadoras de tiras de neum\u00e1ticos e integrarse en una l\u00ednea de reciclaje de neum\u00e1ticos desechados semiautom\u00e1tica. Si tienes otras necesidades de producci\u00f3n, \u00a1tambi\u00e9n podemos proporcionarte m\u00e1quinas de corte de neum\u00e1ticos personalizadas!<\/p> <figure id=\"attachment_17333\" aria-describedby=\"caption-attachment-17333\" style=\"width: 720px\" class=\"wp-caption aligncenter\"><img loading=\"lazy\" decoding=\"async\" class=\"wp-image-17333 size-full\" src=\"https:\/\/recyclingequipinc.com\/wp-content\/uploads\/2025\/06\/tire-block-cutter.webp\" alt=\"cortadora de bloques de neum\u00e1ticos\" width=\"720\" height=\"540\" srcset=\"https:\/\/recyclingequipinc.com\/wp-content\/uploads\/2025\/06\/tire-block-cutter.webp 720w, https:\/\/recyclingequipinc.com\/wp-content\/uploads\/2025\/06\/tire-block-cutter-300x225.webp 300w, https:\/\/recyclingequipinc.com\/wp-content\/uploads\/2025\/06\/tire-block-cutter-16x12.webp 16w\" sizes=\"(max-width: 720px) 100vw, 720px\" \/><figcaption id=\"caption-attachment-17333\" class=\"wp-caption-text\">cortadora de bloques de neum\u00e1ticos<\/figcaption><\/figure>","protected":false},"excerpt":{"rendered":"<p class=\"translation-block\">La <strong data-start=\"52\" data-end=\"73\">cortadora de bloques de neum\u00e1ticos<\/strong> se utiliza para cortar secciones gruesas de goma\u2014como bandas de rodadura de neum\u00e1ticos o tiras anchas\u2014en bloques uniformes de aproximadamente <strong data-start=\"180\" data-end=\"188\">5 cm<\/strong> de largo y ancho, facilitando su posterior triturado, molienda y reciclaje.<\/p>","protected":false},"featured_media":17332,"template":"","meta":{"site-sidebar-layout":"default","site-content-layout":"","ast-site-content-layout":"default","site-content-style":"default","site-sidebar-style":"default","ast-global-header-display":"","ast-banner-title-visibility":"","ast-main-header-display":"","ast-hfb-above-header-display":"","ast-hfb-below-header-display":"","ast-hfb-mobile-header-display":"","site-post-title":"","ast-breadcrumbs-content":"","ast-featured-img":"","footer-sml-layout":"","ast-disable-related-posts":"","theme-transparent-header-meta":"default","adv-header-id-meta":"","stick-header-meta":"","header-above-stick-meta":"","header-main-stick-meta":"","header-below-stick-meta":"","astra-migrate-meta-layouts":"set","ast-page-background-enabled":"default","ast-page-background-meta":{"desktop":{"background-color":"","background-image":"","background-repeat":"repeat","background-position":"center center","background-size":"auto","background-attachment":"scroll","background-type":"","background-media":"","overlay-type":"","overlay-color":"","overlay-opacity":"","overlay-gradient":""},"tablet":{"background-color":"","background-image":"","background-repeat":"repeat","background-position":"center center","background-size":"auto","background-attachment":"scroll","background-type":"","background-media":"","overlay-type":"","overlay-color":"","overlay-opacity":"","overlay-gradient":""},"mobile":{"background-color":"","background-image":"","background-repeat":"repeat","background-position":"center center","background-size":"auto","background-attachment":"scroll","background-type":"","background-media":"","overlay-type":"","overlay-color":"","overlay-opacity":"","overlay-gradient":""}},"ast-content-background-meta":{"desktop":{"background-color":"var(--ast-global-color-5)","background-image":"","background-repeat":"repeat","background-position":"center center","background-size":"auto","background-attachment":"scroll","background-type":"","background-media":"","overlay-type":"","overlay-color":"","overlay-opacity":"","overlay-gradient":""},"tablet":{"background-color":"var(--ast-global-color-5)","background-image":"","background-repeat":"repeat","background-position":"center center","background-size":"auto","background-attachment":"scroll","background-type":"","background-media":"","overlay-type":"","overlay-color":"","overlay-opacity":"","overlay-gradient":""},"mobile":{"background-color":"var(--ast-global-color-5)","background-image":"","background-repeat":"repeat","background-position":"center center","background-size":"auto","background-attachment":"scroll","background-type":"","background-media":"","overlay-type":"","overlay-color":"","overlay-opacity":"","overlay-gradient":""}}},"product_brand":[],"product_cat":[128],"product_tag":[],"class_list":{"0":"post-17320","1":"product","2":"type-product","3":"status-publish","4":"has-post-thumbnail","6":"product_cat-tire-recycling-machine","7":"desktop-align-center","8":"tablet-align-center","9":"mobile-align-center","11":"first","12":"instock","13":"shipping-taxable","14":"product-type-simple"},"_links":{"self":[{"href":"https:\/\/recyclingequipinc.com\/es\/wp-json\/wp\/v2\/product\/17320","targetHints":{"allow":["GET"]}}],"collection":[{"href":"https:\/\/recyclingequipinc.com\/es\/wp-json\/wp\/v2\/product"}],"about":[{"href":"https:\/\/recyclingequipinc.com\/es\/wp-json\/wp\/v2\/types\/product"}],"version-history":[{"count":0,"href":"https:\/\/recyclingequipinc.com\/es\/wp-json\/wp\/v2\/product\/17320\/revisions"}],"wp:featuredmedia":[{"embeddable":true,"href":"https:\/\/recyclingequipinc.com\/es\/wp-json\/wp\/v2\/media\/17332"}],"wp:attachment":[{"href":"https:\/\/recyclingequipinc.com\/es\/wp-json\/wp\/v2\/media?parent=17320"}],"wp:term":[{"taxonomy":"product_brand","embeddable":true,"href":"https:\/\/recyclingequipinc.com\/es\/wp-json\/wp\/v2\/product_brand?post=17320"},{"taxonomy":"product_cat","embeddable":true,"href":"https:\/\/recyclingequipinc.com\/es\/wp-json\/wp\/v2\/product_cat?post=17320"},{"taxonomy":"product_tag","embeddable":true,"href":"https:\/\/recyclingequipinc.com\/es\/wp-json\/wp\/v2\/product_tag?post=17320"}],"curies":[{"name":"wp","href":"https:\/\/api.w.org\/{rel}","templated":true}]}}