{"id":17313,"date":"2025-06-23T16:06:20","date_gmt":"2025-06-23T08:06:20","guid":{"rendered":"https:\/\/recyclingequipinc.com\/?post_type=product&#038;p=17313"},"modified":"2025-06-23T16:06:20","modified_gmt":"2025-06-23T08:06:20","slug":"waste-tire-strip-cutter","status":"publish","type":"product","link":"https:\/\/recyclingequipinc.com\/es\/product\/waste-tire-strip-cutter\/","title":{"rendered":"Cortadora de tiras de neum\u00e1ticos usados"},"content":{"rendered":"<p>Incluso despu\u00e9s de que se retiran los alambres de acero incrustados, la parte de goma restante del neum\u00e1tico sigue siendo gruesa y resistente, lo que dificulta triturarla o molerla directamente. Para resolver esto, se utiliza un cortador de tiras de neum\u00e1ticos para cortar la banda de rodadura del neum\u00e1tico en tiras de goma de 3 a 5 cm de ancho, completando la etapa de pretratamiento y mejorando significativamente la eficiencia del reciclaje de neum\u00e1ticos.<\/p> <figure id=\"attachment_17343\" aria-describedby=\"caption-attachment-17343\" style=\"width: 720px\" class=\"wp-caption aligncenter\"><img fetchpriority=\"high\" decoding=\"async\" class=\"wp-image-17343 size-full\" src=\"https:\/\/recyclingequipinc.com\/wp-content\/uploads\/2025\/06\/tire-strip-cutter-machine.webp\" alt=\"m\u00e1quina cortadora de tiras de neum\u00e1ticos\" width=\"720\" height=\"540\" srcset=\"https:\/\/recyclingequipinc.com\/wp-content\/uploads\/2025\/06\/tire-strip-cutter-machine.webp 720w, https:\/\/recyclingequipinc.com\/wp-content\/uploads\/2025\/06\/tire-strip-cutter-machine-300x225.webp 300w, https:\/\/recyclingequipinc.com\/wp-content\/uploads\/2025\/06\/tire-strip-cutter-machine-16x12.webp 16w\" sizes=\"(max-width: 720px) 100vw, 720px\" \/><figcaption id=\"caption-attachment-17343\" class=\"wp-caption-text\">m\u00e1quina cortadora de tiras de neum\u00e1ticos<\/figcaption><\/figure> <h2>Aplicaci\u00f3n y salida de la m\u00e1quina cortadora de tiras de neum\u00e1ticos<\/h2> <h3>Rango de trabajo<\/h3> <p data-start=\"70\" data-end=\"500\" class=\"translation-block\">La cortadora de tiras de neum\u00e1ticos Shuliy se utiliza com\u00fanmente en <a href=\"https:\/\/recyclingequipinc.com\/es\/producto\/waste-tire-recycling-line\/\">l\u00edneas de reciclaje de neum\u00e1ticos semiautom\u00e1ticas<\/a> para procesar neum\u00e1ticos de hasta <strong data-start=\"190\" data-end=\"212\">1200 mm de di\u00e1metro<\/strong>. Funciona en combinaci\u00f3n con m\u00e1quinas como la <a href=\"https:\/\/recyclingequipinc.com\/es\/producto\/tire-sidewall-cutter\/\">cortadora de flancos de neum\u00e1ticos<\/a> y la <a href=\"https:\/\/recyclingequipinc.com\/es\/producto\/tire-block-cutter\/\">cortadora de bloques de neum\u00e1ticos<\/a>, permitiendo el desmontaje paso a paso de neum\u00e1ticos de desecho y reduciendo la carga en el equipo de trituraci\u00f3n posterior.<\/p> <p data-start=\"502\" data-end=\"840\" class=\"translation-block\">Es ampliamente aplicable al reciclaje de neum\u00e1ticos de autom\u00f3viles, camiones y otros similares. Con su amplia compatibilidad y rendimiento fiable, esta m\u00e1quina es una herramienta esencial para <strong data-start=\"696\" data-end=\"777\">plantas de reciclaje de neum\u00e1ticos, centros de procesamiento de chatarra, fabricantes de productos de caucho<\/strong> y otras instalaciones que buscan optimizar el preprocesamiento de neum\u00e1ticos.<\/p> <h3 data-start=\"502\" data-end=\"840\">Productos finales<\/h3> <p data-start=\"672\" data-end=\"851\" class=\"translation-block\">La cortadora de tiras de neum\u00e1ticos corta estas bandas de rodadura de caucho en <strong data-start=\"744\" data-end=\"761\">tiras de caucho<\/strong> uniformes, t\u00edpicamente de <strong data-start=\"773\" data-end=\"792\">3\u20135 cm de ancho<\/strong>, dependiendo del espaciado de las cuchillas de corte. Estas tiras son adecuadas para ser cortadas posteriormente en bloques.<\/p> <div id='gallery-1' class='gallery galleryid-17313 gallery-columns-3 gallery-size-full'><figure class='gallery-item'> \t\t\t<div class='gallery-icon landscape'> \t\t\t\t<a href='https:\/\/recyclingequipinc.com\/es\/?attachment_id=17339'><img decoding=\"async\" width=\"720\" height=\"540\" src=\"https:\/\/recyclingequipinc.com\/wp-content\/uploads\/2025\/06\/put-tire-sidewall-between-the-two-rollers.webp\" class=\"attachment-full size-full\" alt=\"colocar el flanco del neum\u00e1tico entre los dos rodillos\" aria-describedby=\"gallery-1-17339\" srcset=\"https:\/\/recyclingequipinc.com\/wp-content\/uploads\/2025\/06\/put-tire-sidewall-between-the-two-rollers.webp 720w, https:\/\/recyclingequipinc.com\/wp-content\/uploads\/2025\/06\/put-tire-sidewall-between-the-two-rollers-300x225.webp 300w, https:\/\/recyclingequipinc.com\/wp-content\/uploads\/2025\/06\/put-tire-sidewall-between-the-two-rollers-16x12.webp 16w\" sizes=\"(max-width: 720px) 100vw, 720px\" \/><\/a> \t\t\t<\/div> \t\t\t\t<figcaption class='wp-caption-text gallery-caption' id='gallery-1-17339'> \t\t\t\tcolocar el flanco del neum\u00e1tico entre los dos rodillos \t\t\t\t<\/figcaption><\/figure><figure class='gallery-item'> \t\t\t<div class='gallery-icon landscape'> \t\t\t\t<a href='https:\/\/recyclingequipinc.com\/es\/?attachment_id=17338'><img decoding=\"async\" width=\"720\" height=\"540\" src=\"https:\/\/recyclingequipinc.com\/wp-content\/uploads\/2025\/06\/output-long-rubber-strips.webp\" class=\"attachment-full size-full\" alt=\"salida de tiras de goma largas\" aria-describedby=\"gallery-1-17338\" srcset=\"https:\/\/recyclingequipinc.com\/wp-content\/uploads\/2025\/06\/output-long-rubber-strips.webp 720w, https:\/\/recyclingequipinc.com\/wp-content\/uploads\/2025\/06\/output-long-rubber-strips-300x225.webp 300w, https:\/\/recyclingequipinc.com\/wp-content\/uploads\/2025\/06\/output-long-rubber-strips-16x12.webp 16w\" sizes=\"(max-width: 720px) 100vw, 720px\" \/><\/a> \t\t\t<\/div> \t\t\t\t<figcaption class='wp-caption-text gallery-caption' id='gallery-1-17338'> \t\t\t\tsalida de tiras de goma largas \t\t\t\t<\/figcaption><\/figure> \t\t<\/div>  <h2 data-start=\"672\" data-end=\"851\">\u00bfPor qu\u00e9 es popular nuestra m\u00e1quina cortadora de tiras de neum\u00e1ticos en el mercado?<\/h2> <p data-start=\"170\" data-end=\"452\">Como proveedor experimentado de maquinaria para el reciclaje de neum\u00e1ticos, Shuliy Machinery ha proporcionado soluciones personalizadas de corte de neum\u00e1ticos a recicladores de goma en todo el mundo. Nuestro cortador de tiras de neum\u00e1ticos de goma est\u00e1 dise\u00f1ado pensando en la versatilidad, la eficiencia y la facilidad de uso. Las caracter\u00edsticas clave incluyen:<\/p> <ul> <li data-start=\"456\" data-end=\"566\"><strong data-start=\"456\" data-end=\"478\">Amplia Compatibilidad<\/strong>Apropiado para procesar varios tipos de neum\u00e1ticos desechados con di\u00e1metros de hasta <strong data-start=\"554\" data-end=\"564\">1200 mm<\/strong><\/li> <li data-start=\"456\" data-end=\"566\"><strong data-start=\"569\" data-end=\"592\">Cuchillas de alta calidad<\/strong>Equipado con cortadores de aleaci\u00f3n afilados y resistentes al desgaste para un rendimiento duradero y eficiente<\/li> <li data-start=\"691\" data-end=\"800\"><strong data-start=\"691\" data-end=\"717\">Tama\u00f1o de salida ajustable<\/strong>El ancho de la tira de goma se puede ajustar para satisfacer necesidades espec\u00edficas de procesamiento posterior<\/li> <li data-start=\"803\" data-end=\"916\"><strong data-start=\"803\" data-end=\"835\">F\u00e1cil de operar y mantener<\/strong>Dise\u00f1o f\u00e1cil de usar con orientaci\u00f3n y soporte operativo proporcionados por Shuliy<\/li> <li data-start=\"919\" data-end=\"1003\"><strong data-start=\"919\" data-end=\"945\">Corte limpio y preciso<\/strong>Produce tiras de goma con bordes suaves y m\u00ednimo desperdicio<\/li> <li data-start=\"1006\" data-end=\"1163\"><strong data-start=\"1006\" data-end=\"1046\">Entrega r\u00e1pida y soporte de instalaci\u00f3n<\/strong>Las m\u00e1quinas se env\u00edan r\u00e1pidamente, con servicio de instalaci\u00f3n opcional en el sitio para ayudarle a comenzar la producci\u00f3n sin demora<\/li> <\/ul> <div id='gallery-2' class='gallery galleryid-17313 gallery-columns-3 gallery-size-full'><figure class='gallery-item'> \t\t\t<div class='gallery-icon landscape'> \t\t\t\t<a href='https:\/\/recyclingequipinc.com\/es\/?attachment_id=17341'><img loading=\"lazy\" decoding=\"async\" width=\"720\" height=\"540\" src=\"https:\/\/recyclingequipinc.com\/wp-content\/uploads\/2025\/06\/rubber-strip-cutting-machine.webp\" class=\"attachment-full size-full\" alt=\"m\u00e1quina de corte de tiras de goma\" aria-describedby=\"gallery-2-17341\" srcset=\"https:\/\/recyclingequipinc.com\/wp-content\/uploads\/2025\/06\/rubber-strip-cutting-machine.webp 720w, https:\/\/recyclingequipinc.com\/wp-content\/uploads\/2025\/06\/rubber-strip-cutting-machine-300x225.webp 300w, https:\/\/recyclingequipinc.com\/wp-content\/uploads\/2025\/06\/rubber-strip-cutting-machine-16x12.webp 16w\" sizes=\"(max-width: 720px) 100vw, 720px\" \/><\/a> \t\t\t<\/div> \t\t\t\t<figcaption class='wp-caption-text gallery-caption' id='gallery-2-17341'> \t\t\t\tm\u00e1quina de corte de tiras de goma \t\t\t\t<\/figcaption><\/figure><figure class='gallery-item'> \t\t\t<div class='gallery-icon landscape'> \t\t\t\t<a href='https:\/\/recyclingequipinc.com\/es\/?attachment_id=17340'><img loading=\"lazy\" decoding=\"async\" width=\"720\" height=\"540\" src=\"https:\/\/recyclingequipinc.com\/wp-content\/uploads\/2025\/06\/rubber-strip-cutter.webp\" class=\"attachment-full size-full\" alt=\"cortadora de tiras de goma\" aria-describedby=\"gallery-2-17340\" srcset=\"https:\/\/recyclingequipinc.com\/wp-content\/uploads\/2025\/06\/rubber-strip-cutter.webp 720w, https:\/\/recyclingequipinc.com\/wp-content\/uploads\/2025\/06\/rubber-strip-cutter-300x225.webp 300w, https:\/\/recyclingequipinc.com\/wp-content\/uploads\/2025\/06\/rubber-strip-cutter-16x12.webp 16w\" sizes=\"(max-width: 720px) 100vw, 720px\" \/><\/a> \t\t\t<\/div> \t\t\t\t<figcaption class='wp-caption-text gallery-caption' id='gallery-2-17340'> \t\t\t\tcortadora de tiras de goma \t\t\t\t<\/figcaption><\/figure> \t\t<\/div>  <h2 data-start=\"179\" data-end=\"238\">Especificaciones t\u00e9cnicas de la cortadora de tiras de goma en venta<\/h2> <p>A continuaci\u00f3n se presentan las especificaciones t\u00e9cnicas de nuestra m\u00e1quina de corte de tiras de neum\u00e1ticos, dise\u00f1ada para procesar neum\u00e1ticos de coches y camiones de hasta 1200 mm de di\u00e1metro. Cuenta con un motor de alta eficiencia de 5.5 kW, ancho de corte ajustable y cuchillas de aleaci\u00f3n resistentes al desgaste, ideales para su uso en l\u00edneas de reciclaje de neum\u00e1ticos desechados semiautom\u00e1ticas.<\/p> <div class=\"_tableContainer_16hzy_1\"> <div class=\"_tableWrapper_16hzy_14 group flex w-fit flex-col-reverse\" tabindex=\"-1\"> <table class=\"w-fit min-w-(--thread-content-width)\" data-start=\"240\" data-end=\"959\"> <thead data-start=\"240\" data-end=\"300\"> <tr data-start=\"240\" data-end=\"300\"> <th data-start=\"240\" data-end=\"266\" data-col-size=\"sm\"><strong data-start=\"242\" data-end=\"251\">Modelo de Neum\u00e1tico<\/strong><\/th> <th data-start=\"266\" data-end=\"300\" data-col-size=\"md\"><strong data-start=\"268\" data-end=\"298\">M\u00e1quina de Corte de Tiras de Neum\u00e1tico<\/strong><\/th> <\/tr> <\/thead> <tbody data-start=\"360\" data-end=\"959\"> <tr data-start=\"360\" data-end=\"455\"> <td data-start=\"360\" data-end=\"387\" data-col-size=\"sm\"><strong data-start=\"365\" data-end=\"380\">Potencia del Motor<\/strong><\/td> <td data-col-size=\"md\" data-start=\"387\" data-end=\"455\">5.5 kW \u2013 Motor de alta eficiencia para un corte estable y continuo<\/td> <\/tr> <tr data-start=\"456\" data-end=\"557\"> <td data-start=\"456\" data-end=\"483\" data-col-size=\"sm\"><strong data-start=\"461\" data-end=\"481\">Capacidad de Corte<\/strong><\/td> <td data-col-size=\"md\" data-start=\"483\" data-end=\"557\">Hasta <strong data-start=\"491\" data-end=\"504\">1000 kg\/h<\/strong> \u2013 Ideal para operaciones de reciclaje de neum\u00e1ticos a mediana escala<\/td> <\/tr> <tr data-start=\"558\" data-end=\"647\"> <td data-start=\"558\" data-end=\"585\" data-col-size=\"sm\"><strong data-start=\"563\" data-end=\"581\">Velocidad de rotaci\u00f3n<\/strong><\/td> <td data-col-size=\"md\" data-start=\"585\" data-end=\"647\">45 r\/min \u2013 Velocidad optimizada para un corte suave de tiras de goma<\/td> <\/tr> <tr data-start=\"648\" data-end=\"744\"> <td data-start=\"648\" data-end=\"675\" data-col-size=\"sm\"><strong data-start=\"653\" data-end=\"675\">Dimensiones de la m\u00e1quina<\/strong><\/td> <td data-col-size=\"md\" data-start=\"675\" data-end=\"744\">1.3 m*0.8 m*1.65 m \u2013 Dise\u00f1o compacto que se adapta a la mayor\u00eda de los dise\u00f1os de f\u00e1bricas<\/td> <\/tr> <tr data-start=\"745\" data-end=\"825\"> <td data-start=\"745\" data-end=\"772\" data-col-size=\"sm\"><strong data-start=\"750\" data-end=\"768\">Peso de la m\u00e1quina<\/strong><\/td> <td data-col-size=\"md\" data-start=\"772\" data-end=\"825\">850 kg \u2013 Estructura robusta y resistente a vibraciones<\/td> <\/tr> <tr data-start=\"826\" data-end=\"959\"> <td data-start=\"826\" data-end=\"853\" data-col-size=\"sm\"><strong data-start=\"831\" data-end=\"852\">Tama\u00f1o de salida de la tira<\/strong><\/td> <td data-col-size=\"md\" data-start=\"853\" data-end=\"959\">Ajustable <strong data-start=\"866\" data-end=\"895\">Tiras de goma de 3 a 5 cm de ancho<\/strong> - Perfecto para triturar, granular o pir\u00f3lisis en el proceso posterior.<\/td> <\/tr> <\/tbody> <\/table> <\/div> <\/div> <h2>Principio de funcionamiento de la m\u00e1quina cortadora de tiras de neum\u00e1ticos de goma<\/h2> <figure id=\"attachment_17342\" aria-describedby=\"caption-attachment-17342\" style=\"width: 720px\" class=\"wp-caption aligncenter\"><img loading=\"lazy\" decoding=\"async\" class=\"wp-image-17342 size-full\" src=\"https:\/\/recyclingequipinc.com\/wp-content\/uploads\/2025\/06\/structure-of-the-tire-strip-cutting-machine.webp\" alt=\"estructura de la m\u00e1quina de corte de tiras de neum\u00e1ticos\" width=\"720\" height=\"540\" srcset=\"https:\/\/recyclingequipinc.com\/wp-content\/uploads\/2025\/06\/structure-of-the-tire-strip-cutting-machine.webp 720w, https:\/\/recyclingequipinc.com\/wp-content\/uploads\/2025\/06\/structure-of-the-tire-strip-cutting-machine-300x225.webp 300w, https:\/\/recyclingequipinc.com\/wp-content\/uploads\/2025\/06\/structure-of-the-tire-strip-cutting-machine-16x12.webp 16w\" sizes=\"(max-width: 720px) 100vw, 720px\" \/><figcaption id=\"caption-attachment-17342\" class=\"wp-caption-text\">estructura de la m\u00e1quina de corte de tiras de neum\u00e1ticos<\/figcaption><\/figure> <p data-start=\"149\" data-end=\"286\" class=\"translation-block\"><strong data-start=\"152\" data-end=\"183\">Estructura de Doble Cuchilla Giratoria<\/strong><br data-start=\"183\" data-end=\"186\" \/>La m\u00e1quina est\u00e1 equipada con cuchillas giratorias superior e inferior, formando un par de cortadores rodantes.<\/p> <p data-start=\"288\" data-end=\"415\" class=\"translation-block\"><strong data-start=\"291\" data-end=\"309\">Colocaci\u00f3n del Neum\u00e1tico<\/strong><br data-start=\"309\" data-end=\"312\" \/>La banda de rodadura pre-cortada del neum\u00e1tico se inserta entre los dos rodillos despu\u00e9s de retirar el flanco y el tal\u00f3n.<\/p> <p data-start=\"417\" data-end=\"578\" class=\"translation-block\"><strong data-start=\"420\" data-end=\"445\">Proceso de Corte en Tiras<\/strong><br data-start=\"445\" data-end=\"448\" \/>A medida que las cuchillas giran en direcciones opuestas, sujetan y cortan el neum\u00e1tico en <strong data-start=\"531\" data-end=\"560\">tiras de caucho de 3-5 cm de ancho<\/strong> con bordes limpios.<\/p> <p data-start=\"580\" data-end=\"768\" class=\"translation-block\"><strong data-start=\"582\" data-end=\"614\">Ideal para Procesamiento Adicional<\/strong><br data-start=\"614\" data-end=\"617\" \/>Las tiras resultantes son perfectas para alimentar trituradoras, molinos o cortadoras de bloques de caucho, mejorando la eficiencia del proceso de reciclaje de neum\u00e1ticos.<\/p> <h2 data-start=\"580\" data-end=\"768\">Cortadora de tiras de neum\u00e1ticos en venta<\/h2> <p>Shuliy Machinery ofrece cortadoras de tiras de neum\u00e1ticos duraderas y asequibles a la venta, con servicio personalizado para diferentes tama\u00f1os de neum\u00e1ticos y capacidades de procesamiento. Cada m\u00e1quina es rigurosamente probada y se puede personalizar para adaptarse a sus objetivos de reciclaje. Si est\u00e1 interesado, \u00a1no dude en contactarnos!<\/p>","protected":false},"excerpt":{"rendered":"<p>La m\u00e1quina cortadora de tiras de neum\u00e1ticos es el segundo paso en la l\u00ednea de reciclaje de neum\u00e1ticos semiautom\u00e1tica. Corta las paredes laterales y produce tiras de goma largas de 3-5 cm de ancho, mejorando la eficiencia del reciclaje.<\/p>","protected":false},"featured_media":17344,"template":"","meta":{"site-sidebar-layout":"default","site-content-layout":"","ast-site-content-layout":"default","site-content-style":"default","site-sidebar-style":"default","ast-global-header-display":"","ast-banner-title-visibility":"","ast-main-header-display":"","ast-hfb-above-header-display":"","ast-hfb-below-header-display":"","ast-hfb-mobile-header-display":"","site-post-title":"","ast-breadcrumbs-content":"","ast-featured-img":"","footer-sml-layout":"","ast-disable-related-posts":"","theme-transparent-header-meta":"default","adv-header-id-meta":"","stick-header-meta":"","header-above-stick-meta":"","header-main-stick-meta":"","header-below-stick-meta":"","astra-migrate-meta-layouts":"set","ast-page-background-enabled":"default","ast-page-background-meta":{"desktop":{"background-color":"","background-image":"","background-repeat":"repeat","background-position":"center center","background-size":"auto","background-attachment":"scroll","background-type":"","background-media":"","overlay-type":"","overlay-color":"","overlay-opacity":"","overlay-gradient":""},"tablet":{"background-color":"","background-image":"","background-repeat":"repeat","background-position":"center center","background-size":"auto","background-attachment":"scroll","background-type":"","background-media":"","overlay-type":"","overlay-color":"","overlay-opacity":"","overlay-gradient":""},"mobile":{"background-color":"","background-image":"","background-repeat":"repeat","background-position":"center center","background-size":"auto","background-attachment":"scroll","background-type":"","background-media":"","overlay-type":"","overlay-color":"","overlay-opacity":"","overlay-gradient":""}},"ast-content-background-meta":{"desktop":{"background-color":"var(--ast-global-color-5)","background-image":"","background-repeat":"repeat","background-position":"center center","background-size":"auto","background-attachment":"scroll","background-type":"","background-media":"","overlay-type":"","overlay-color":"","overlay-opacity":"","overlay-gradient":""},"tablet":{"background-color":"var(--ast-global-color-5)","background-image":"","background-repeat":"repeat","background-position":"center center","background-size":"auto","background-attachment":"scroll","background-type":"","background-media":"","overlay-type":"","overlay-color":"","overlay-opacity":"","overlay-gradient":""},"mobile":{"background-color":"var(--ast-global-color-5)","background-image":"","background-repeat":"repeat","background-position":"center center","background-size":"auto","background-attachment":"scroll","background-type":"","background-media":"","overlay-type":"","overlay-color":"","overlay-opacity":"","overlay-gradient":""}}},"product_brand":[],"product_cat":[128],"product_tag":[],"class_list":{"0":"post-17313","1":"product","2":"type-product","3":"status-publish","4":"has-post-thumbnail","6":"product_cat-tire-recycling-machine","7":"desktop-align-center","8":"tablet-align-center","9":"mobile-align-center","11":"first","12":"instock","13":"shipping-taxable","14":"product-type-simple"},"_links":{"self":[{"href":"https:\/\/recyclingequipinc.com\/es\/wp-json\/wp\/v2\/product\/17313","targetHints":{"allow":["GET"]}}],"collection":[{"href":"https:\/\/recyclingequipinc.com\/es\/wp-json\/wp\/v2\/product"}],"about":[{"href":"https:\/\/recyclingequipinc.com\/es\/wp-json\/wp\/v2\/types\/product"}],"version-history":[{"count":0,"href":"https:\/\/recyclingequipinc.com\/es\/wp-json\/wp\/v2\/product\/17313\/revisions"}],"wp:featuredmedia":[{"embeddable":true,"href":"https:\/\/recyclingequipinc.com\/es\/wp-json\/wp\/v2\/media\/17344"}],"wp:attachment":[{"href":"https:\/\/recyclingequipinc.com\/es\/wp-json\/wp\/v2\/media?parent=17313"}],"wp:term":[{"taxonomy":"product_brand","embeddable":true,"href":"https:\/\/recyclingequipinc.com\/es\/wp-json\/wp\/v2\/product_brand?post=17313"},{"taxonomy":"product_cat","embeddable":true,"href":"https:\/\/recyclingequipinc.com\/es\/wp-json\/wp\/v2\/product_cat?post=17313"},{"taxonomy":"product_tag","embeddable":true,"href":"https:\/\/recyclingequipinc.com\/es\/wp-json\/wp\/v2\/product_tag?post=17313"}],"curies":[{"name":"wp","href":"https:\/\/api.w.org\/{rel}","templated":true}]}}