{"id":17311,"date":"2025-06-23T15:13:49","date_gmt":"2025-06-23T07:13:49","guid":{"rendered":"https:\/\/recyclingequipinc.com\/?post_type=product&#038;p=17311"},"modified":"2025-06-23T15:13:50","modified_gmt":"2025-06-23T07:13:50","slug":"tire-sidewall-cutter","status":"publish","type":"product","link":"https:\/\/recyclingequipinc.com\/es\/product\/tire-sidewall-cutter\/","title":{"rendered":"Cortadora de Lateral de Neum\u00e1ticos para Reciclaje"},"content":{"rendered":"<p>Shuliy Machinery proporciona diversas m\u00e1quinas de corte de neum\u00e1ticos especializadas para mejorar la eficiencia del reciclaje de neum\u00e1ticos usados. Entre ellas, la cortadora de pared lateral de neum\u00e1ticos se ha convertido en una opci\u00f3n preferida para las empresas de reciclaje de neum\u00e1ticos debido a su estructura compacta, rendimiento confiable y resultados de corte precisos. Esta m\u00e1quina est\u00e1 dise\u00f1ada para separar las paredes laterales de la banda de rodadura de los neum\u00e1ticos usados, lo que facilita y hace m\u00e1s rentable el posterior triturado o la extracci\u00f3n de alambre de acero.<\/p> <figure id=\"attachment_17325\" aria-describedby=\"caption-attachment-17325\" style=\"width: 720px\" class=\"wp-caption aligncenter\"><img fetchpriority=\"high\" decoding=\"async\" class=\"wp-image-17325 size-full\" src=\"https:\/\/recyclingequipinc.com\/wp-content\/uploads\/2025\/06\/tire-ring-cutter.webp\" alt=\"cortador de anillos de neum\u00e1ticos\" width=\"720\" height=\"540\" srcset=\"https:\/\/recyclingequipinc.com\/wp-content\/uploads\/2025\/06\/tire-ring-cutter.webp 720w, https:\/\/recyclingequipinc.com\/wp-content\/uploads\/2025\/06\/tire-ring-cutter-300x225.webp 300w, https:\/\/recyclingequipinc.com\/wp-content\/uploads\/2025\/06\/tire-ring-cutter-16x12.webp 16w\" sizes=\"(max-width: 720px) 100vw, 720px\" \/><figcaption id=\"caption-attachment-17325\" class=\"wp-caption-text\">cortador de anillos de neum\u00e1ticos<\/figcaption><\/figure> <h2>\u00bfQu\u00e9 es el Cortador de Lateral de Neum\u00e1ticos?<\/h2> <p data-start=\"52\" data-end=\"318\">El tal\u00f3n del neum\u00e1tico contiene alambres de acero densamente empaquetados, lo que lo hace extremadamente duro y dif\u00edcil de procesar directamente. Sin un tratamiento previo adecuado, puede da\u00f1ar el equipo de corte o trituraci\u00f3n. Para abordar esto, se utiliza un cortador de anillos de neum\u00e1ticos para eliminar de manera segura el \u00e1rea del tal\u00f3n.<\/p> <p data-start=\"320\" data-end=\"453\">En resumen, el cortador de flancos de neum\u00e1ticos (tambi\u00e9n conocido como cortador de anillos de neum\u00e1ticos o cortador de flancos de neum\u00e1ticos de cami\u00f3n) se utiliza para:<\/p> <ul data-start=\"455\" data-end=\"618\"> <li data-start=\"455\" data-end=\"509\"> <p data-start=\"457\" data-end=\"509\">Cortar los flancos de la corona o banda de rodadura del neum\u00e1tico.<\/p> <\/li> <li data-start=\"510\" data-end=\"561\"> <p data-start=\"512\" data-end=\"561\">Permitir un mayor corte de neum\u00e1ticos y separaci\u00f3n de alambres.<\/p> <\/li> <li data-start=\"562\" data-end=\"618\"> <p data-start=\"564\" data-end=\"618\">Reducir el volumen del neum\u00e1tico para facilitar su manejo y transporte.<\/p> <\/li> <\/ul> <p data-start=\"620\" data-end=\"829\" class=\"translation-block\">Una vez retirados los flancos del neum\u00e1tico, estos pueden procesarse en tiras utilizando una <strong data-start=\"701\" data-end=\"722\">cortadora de tiras de neum\u00e1ticos<\/strong> o enviarse a un <strong data-start=\"736\" data-end=\"760\">separador de alambre de acero<\/strong> para la extracci\u00f3n del alambre, seg\u00fan los requisitos del proceso de reciclaje.<\/p> <div id='gallery-1' class='gallery galleryid-17311 gallery-columns-3 gallery-size-full'><figure class='gallery-item'> \t\t\t<div class='gallery-icon landscape'> \t\t\t\t<a href='https:\/\/recyclingequipinc.com\/es\/?attachment_id=17324'><img decoding=\"async\" width=\"720\" height=\"540\" src=\"https:\/\/recyclingequipinc.com\/wp-content\/uploads\/2025\/06\/tire-bead.webp\" class=\"attachment-full size-full\" alt=\"bisel de neum\u00e1tico\" aria-describedby=\"gallery-1-17324\" srcset=\"https:\/\/recyclingequipinc.com\/wp-content\/uploads\/2025\/06\/tire-bead.webp 720w, https:\/\/recyclingequipinc.com\/wp-content\/uploads\/2025\/06\/tire-bead-300x225.webp 300w, https:\/\/recyclingequipinc.com\/wp-content\/uploads\/2025\/06\/tire-bead-16x12.webp 16w\" sizes=\"(max-width: 720px) 100vw, 720px\" \/><\/a> \t\t\t<\/div> \t\t\t\t<figcaption class='wp-caption-text gallery-caption' id='gallery-1-17324'> \t\t\t\tbisel de neum\u00e1tico \t\t\t\t<\/figcaption><\/figure><figure class='gallery-item'> \t\t\t<div class='gallery-icon landscape'> \t\t\t\t<a href='https:\/\/recyclingequipinc.com\/es\/?attachment_id=17323'><img decoding=\"async\" width=\"720\" height=\"540\" src=\"https:\/\/recyclingequipinc.com\/wp-content\/uploads\/2025\/06\/tire-bead-steel-wires.webp\" class=\"attachment-full size-full\" alt=\"alambres de acero del bisel del neum\u00e1tico\" aria-describedby=\"gallery-1-17323\" srcset=\"https:\/\/recyclingequipinc.com\/wp-content\/uploads\/2025\/06\/tire-bead-steel-wires.webp 720w, https:\/\/recyclingequipinc.com\/wp-content\/uploads\/2025\/06\/tire-bead-steel-wires-300x225.webp 300w, https:\/\/recyclingequipinc.com\/wp-content\/uploads\/2025\/06\/tire-bead-steel-wires-16x12.webp 16w\" sizes=\"(max-width: 720px) 100vw, 720px\" \/><\/a> \t\t\t<\/div> \t\t\t\t<figcaption class='wp-caption-text gallery-caption' id='gallery-1-17323'> \t\t\t\talambres de acero del bisel del neum\u00e1tico \t\t\t\t<\/figcaption><\/figure> \t\t<\/div>  <hr data-start=\"831\" data-end=\"834\" \/> <h2>Aplicaci\u00f3n del Cortador de Lateral de Neum\u00e1ticos<\/h2> <p>Nuestra m\u00e1quina de corte de flancos de neum\u00e1ticos est\u00e1 especialmente dise\u00f1ada para procesar todo tipo de neum\u00e1ticos &lt; 1200 mm, incluidos neum\u00e1ticos de camiones, neum\u00e1ticos de autom\u00f3viles, etc. Se puede utilizar en las siguientes industrias:<\/p> <ul> <li>Plantas de reciclaje de neum\u00e1ticos<\/li> <li>Fabricaci\u00f3n de productos de caucho<\/li> <li>Talleres de extracci\u00f3n de alambre de acero<\/li> <li>Patios de procesamiento de chatarra<\/li> <\/ul> <p>No dude en ponerse en contacto con nosotros y enviar sus materias primas, y podemos recomendar y personalizar una m\u00e1quina de corte de pared lateral de neum\u00e1ticos adecuada para sus necesidades.<\/p> <h2>Caracter\u00edsticas clave de nuestra m\u00e1quina de corte de anillos de neum\u00e1ticos<\/h2> <ul> <li><strong data-start=\"2050\" data-end=\"2072\">Amplia Compatibilidad<\/strong>: Puede manejar varios tama\u00f1os de neum\u00e1ticos de pasajeros y de camiones.<\/li> <li><strong data-start=\"1738\" data-end=\"1757\">Alta eficiencia<\/strong>: Separa r\u00e1pidamente los flancos con bordes limpios y suaves.<\/li> <li data-start=\"1738\" data-end=\"1813\"><strong data-start=\"1816\" data-end=\"1834\">Cuchillas Duraderas<\/strong>: Las cuchillas de aleaci\u00f3n resistentes al desgaste garantizan una larga vida \u00fatil.<\/li> <li data-start=\"1738\" data-end=\"1813\"><strong data-start=\"1893\" data-end=\"1913\">Operaci\u00f3n simple<\/strong>F\u00e1cil de operar con un entrenamiento m\u00ednimo requerido<\/li> <li data-start=\"1738\" data-end=\"1813\"><strong data-start=\"1966\" data-end=\"1986\">Estructura estable<\/strong>: El marco compacto y de alta resistencia garantiza un corte seguro y estable.<\/li> <li data-start=\"1738\" data-end=\"1813\"><strong data-start=\"2132\" data-end=\"2151\">Bajo mantenimiento<\/strong>Dise\u00f1ado para un uso a largo plazo con un mantenimiento m\u00ednimo<\/li> <li data-start=\"1738\" data-end=\"1813\"><strong data-start=\"2204\" data-end=\"2222\">Econ\u00f3mico<\/strong>: Reduce el costo laboral y mejora la velocidad de procesamiento.<\/li> <\/ul> <figure id=\"attachment_17328\" aria-describedby=\"caption-attachment-17328\" style=\"width: 720px\" class=\"wp-caption aligncenter\"><img loading=\"lazy\" decoding=\"async\" class=\"wp-image-17328 size-full\" src=\"https:\/\/recyclingequipinc.com\/wp-content\/uploads\/2025\/06\/tire-sidewall-cutting-machine-for-sale.webp\" alt=\"m\u00e1quina de corte de pared lateral de neum\u00e1ticos en venta\" width=\"720\" height=\"540\" srcset=\"https:\/\/recyclingequipinc.com\/wp-content\/uploads\/2025\/06\/tire-sidewall-cutting-machine-for-sale.webp 720w, https:\/\/recyclingequipinc.com\/wp-content\/uploads\/2025\/06\/tire-sidewall-cutting-machine-for-sale-300x225.webp 300w, https:\/\/recyclingequipinc.com\/wp-content\/uploads\/2025\/06\/tire-sidewall-cutting-machine-for-sale-16x12.webp 16w\" sizes=\"(max-width: 720px) 100vw, 720px\" \/><figcaption id=\"caption-attachment-17328\" class=\"wp-caption-text\">m\u00e1quina de corte de pared lateral de neum\u00e1ticos en venta<\/figcaption><\/figure> <h2>Datos t\u00e9cnicos del cortador de flancos de neum\u00e1ticos<\/h2> <table style=\"border-collapse: collapse; width: 100%;\"> <tbody> <tr> <td style=\"width: 50%;\">Nombre<\/td> <td style=\"width: 50%;\">cortador de flancos de neum\u00e1ticos<\/td> <\/tr> <tr> <td style=\"width: 50%;\">Capacidad<\/td> <td style=\"width: 50%;\">40 piezas\/h<\/td> <\/tr> <tr> <td style=\"width: 50%;\">Potencia del Motor<\/td> <td style=\"width: 50%;\">4+0.75 KW<\/td> <\/tr> <tr> <td style=\"width: 50%;\">Rango de trabajo<\/td> <td style=\"width: 50%;\">neum\u00e1ticos de 650-1200 mm<\/td> <\/tr> <tr> <td style=\"width: 50%;\">Tama\u00f1o de la m\u00e1quina<\/td> <td style=\"width: 50%;\">1.8*1.3*1.6 m<\/td> <\/tr> <\/tbody> <\/table> <h2>\u00bfC\u00f3mo funciona la m\u00e1quina de corte de flancos de neum\u00e1ticos?<\/h2> <p>La llanta se coloca plana sobre la plataforma giratoria y se fija de manera segura. Despu\u00e9s de encender la m\u00e1quina, el operador utiliza el sistema de control para ajustar la posici\u00f3n de la herramienta de corte de aleaci\u00f3n y activar la rotaci\u00f3n de la plataforma. A medida que la plataforma gira, la cuchilla se mueve gradualmente hacia adentro, cortando con precisi\u00f3n a lo largo del borde o la pared lateral para lograr una separaci\u00f3n limpia.<\/p> <figure id=\"attachment_17327\" aria-describedby=\"caption-attachment-17327\" style=\"width: 720px\" class=\"wp-caption aligncenter\"><img loading=\"lazy\" decoding=\"async\" class=\"wp-image-17327 size-full\" src=\"https:\/\/recyclingequipinc.com\/wp-content\/uploads\/2025\/06\/tire-sidewall-cutter-working-in-the-factory.webp\" alt=\"cortadora de pared lateral de neum\u00e1ticos trabajando en la f\u00e1brica\" width=\"720\" height=\"540\" srcset=\"https:\/\/recyclingequipinc.com\/wp-content\/uploads\/2025\/06\/tire-sidewall-cutter-working-in-the-factory.webp 720w, https:\/\/recyclingequipinc.com\/wp-content\/uploads\/2025\/06\/tire-sidewall-cutter-working-in-the-factory-300x225.webp 300w, https:\/\/recyclingequipinc.com\/wp-content\/uploads\/2025\/06\/tire-sidewall-cutter-working-in-the-factory-16x12.webp 16w\" sizes=\"(max-width: 720px) 100vw, 720px\" \/><figcaption id=\"caption-attachment-17327\" class=\"wp-caption-text\">cortadora de pared lateral de neum\u00e1ticos trabajando en la f\u00e1brica<\/figcaption><\/figure> <h2>Cortador de flancos de neum\u00e1ticos en venta<\/h2> <p class=\"translation-block\">\u00bfBuscando un cortador de costados de neum\u00e1ticos en venta? Shuliy ofrece m\u00e1quinas rentables y de alta calidad listas para ser enviadas a nivel mundial. Ya sea que est\u00e9s comenzando una nueva planta de reciclaje o mejorando tu sistema actual, nuestra m\u00e1quina cortadora de costados de neum\u00e1ticos es una inversi\u00f3n s\u00f3lida. Si est\u00e1s interesado, consulta nuestra <a href=\"https:\/\/recyclingequipinc.com\/es\/producto\/waste-tire-recycling-line\/\">l\u00ednea de reciclaje de neum\u00e1ticos desechados semiautom\u00e1tica<\/a> para ver c\u00f3mo funciona el cortador de costados de neum\u00e1ticos como parte de un flujo de trabajo de reciclaje optimizado, o no dudes en contactarnos!<\/p>","protected":false},"excerpt":{"rendered":"<p>El cortador de flancos de neum\u00e1ticos es el primer paso utilizado en una l\u00ednea de reciclaje de neum\u00e1ticos semiautom\u00e1tica. Esta m\u00e1quina de corte puede cortar y eliminar de manera eficiente el tal\u00f3n del neum\u00e1tico que incrusta alambres de acero para facilitar los pasos de reciclaje posteriores.<\/p>","protected":false},"featured_media":17326,"template":"","meta":{"site-sidebar-layout":"default","site-content-layout":"","ast-site-content-layout":"default","site-content-style":"default","site-sidebar-style":"default","ast-global-header-display":"","ast-banner-title-visibility":"","ast-main-header-display":"","ast-hfb-above-header-display":"","ast-hfb-below-header-display":"","ast-hfb-mobile-header-display":"","site-post-title":"","ast-breadcrumbs-content":"","ast-featured-img":"","footer-sml-layout":"","ast-disable-related-posts":"","theme-transparent-header-meta":"default","adv-header-id-meta":"","stick-header-meta":"","header-above-stick-meta":"","header-main-stick-meta":"","header-below-stick-meta":"","astra-migrate-meta-layouts":"set","ast-page-background-enabled":"default","ast-page-background-meta":{"desktop":{"background-color":"","background-image":"","background-repeat":"repeat","background-position":"center center","background-size":"auto","background-attachment":"scroll","background-type":"","background-media":"","overlay-type":"","overlay-color":"","overlay-opacity":"","overlay-gradient":""},"tablet":{"background-color":"","background-image":"","background-repeat":"repeat","background-position":"center center","background-size":"auto","background-attachment":"scroll","background-type":"","background-media":"","overlay-type":"","overlay-color":"","overlay-opacity":"","overlay-gradient":""},"mobile":{"background-color":"","background-image":"","background-repeat":"repeat","background-position":"center center","background-size":"auto","background-attachment":"scroll","background-type":"","background-media":"","overlay-type":"","overlay-color":"","overlay-opacity":"","overlay-gradient":""}},"ast-content-background-meta":{"desktop":{"background-color":"var(--ast-global-color-5)","background-image":"","background-repeat":"repeat","background-position":"center center","background-size":"auto","background-attachment":"scroll","background-type":"","background-media":"","overlay-type":"","overlay-color":"","overlay-opacity":"","overlay-gradient":""},"tablet":{"background-color":"var(--ast-global-color-5)","background-image":"","background-repeat":"repeat","background-position":"center center","background-size":"auto","background-attachment":"scroll","background-type":"","background-media":"","overlay-type":"","overlay-color":"","overlay-opacity":"","overlay-gradient":""},"mobile":{"background-color":"var(--ast-global-color-5)","background-image":"","background-repeat":"repeat","background-position":"center center","background-size":"auto","background-attachment":"scroll","background-type":"","background-media":"","overlay-type":"","overlay-color":"","overlay-opacity":"","overlay-gradient":""}}},"product_brand":[],"product_cat":[128],"product_tag":[],"class_list":{"0":"post-17311","1":"product","2":"type-product","3":"status-publish","4":"has-post-thumbnail","6":"product_cat-tire-recycling-machine","7":"desktop-align-center","8":"tablet-align-center","9":"mobile-align-center","11":"first","12":"instock","13":"shipping-taxable","14":"product-type-simple"},"_links":{"self":[{"href":"https:\/\/recyclingequipinc.com\/es\/wp-json\/wp\/v2\/product\/17311","targetHints":{"allow":["GET"]}}],"collection":[{"href":"https:\/\/recyclingequipinc.com\/es\/wp-json\/wp\/v2\/product"}],"about":[{"href":"https:\/\/recyclingequipinc.com\/es\/wp-json\/wp\/v2\/types\/product"}],"version-history":[{"count":0,"href":"https:\/\/recyclingequipinc.com\/es\/wp-json\/wp\/v2\/product\/17311\/revisions"}],"wp:featuredmedia":[{"embeddable":true,"href":"https:\/\/recyclingequipinc.com\/es\/wp-json\/wp\/v2\/media\/17326"}],"wp:attachment":[{"href":"https:\/\/recyclingequipinc.com\/es\/wp-json\/wp\/v2\/media?parent=17311"}],"wp:term":[{"taxonomy":"product_brand","embeddable":true,"href":"https:\/\/recyclingequipinc.com\/es\/wp-json\/wp\/v2\/product_brand?post=17311"},{"taxonomy":"product_cat","embeddable":true,"href":"https:\/\/recyclingequipinc.com\/es\/wp-json\/wp\/v2\/product_cat?post=17311"},{"taxonomy":"product_tag","embeddable":true,"href":"https:\/\/recyclingequipinc.com\/es\/wp-json\/wp\/v2\/product_tag?post=17311"}],"curies":[{"name":"wp","href":"https:\/\/api.w.org\/{rel}","templated":true}]}}