{"id":17293,"date":"2025-06-09T16:37:00","date_gmt":"2025-06-09T08:37:00","guid":{"rendered":"https:\/\/recyclingequipinc.com\/?post_type=product&#038;p=17293"},"modified":"2025-08-22T10:20:13","modified_gmt":"2025-08-22T02:20:13","slug":"cotton-waste-cutting-machine","status":"publish","type":"product","link":"https:\/\/recyclingequipinc.com\/es\/product\/cotton-waste-cutting-machine\/","title":{"rendered":"M\u00e1quina de corte de desechos de algod\u00f3n para reciclaje de fibra"},"content":{"rendered":"<p>Los desechos de algod\u00f3n y las telas desechadas, como ropa vieja, cortinas, alfombras y redes de pesca, son comunes en nuestra vida diaria. Estos materiales tienen un alto valor de reciclaje y pueden ser procesados en nuevos productos de fibra como telas no tejidas, materiales de aislamiento, etc.<\/p> <p>Sin embargo, los desechos textiles grandes y voluminosos son dif\u00edciles de manejar directamente. Usando la m\u00e1quina cortadora de desechos de algod\u00f3n textil Shuliy, estos materiales pueden ser triturados en fibras cortas y uniformes, mejorando enormemente la eficiencia del reciclaje de fibras y permitiendo un proceso de corte continuo, estable y de alta velocidad.<\/p> <div class=\"ast-oembed-container\" style=\"height: 100%;\"><iframe title=\"M\u00e1quina de corte de fibra potente en acci\u00f3n: de guata de colcha y textiles a fibra reciclada\" width=\"500\" height=\"281\" src=\"https:\/\/www.youtube.com\/embed\/k3odotZRnOg?feature=oembed\" frameborder=\"0\" allow=\"accelerometer; autoplay; clipboard-write; encrypted-media; gyroscope; picture-in-picture; web-share\" referrerpolicy=\"strict-origin-when-cross-origin\" allowfullscreen><\/iframe><\/div> <h2>Aplicaci\u00f3n y Funci\u00f3n de la M\u00e1quina Cortadora de Desechos de Algod\u00f3n<\/h2> <p>La m\u00e1quina cortadora de fibra Shuliy puede cortar eficientemente los siguientes materiales:<\/p> <p>Industria Textil: Ropa desechada, hilo de desecho de hilado de algod\u00f3n, ropa desechada, telas no tejidas, etiquetas de marca, etc.<br \/> Materiales de fibra: Algod\u00f3n, lana, fibras qu\u00edmicas, lino y recortes de cuero.<br \/> Residuos industriales: pel\u00edcula de pl\u00e1stico, papel, etc.<\/p> <div id='gallery-1' class='gallery galleryid-17293 gallery-columns-3 gallery-size-medium'><figure class='gallery-item'> \t\t\t<div class='gallery-icon landscape'> \t\t\t\t<a href='https:\/\/recyclingequipinc.com\/es\/?attachment_id=17302'><img fetchpriority=\"high\" decoding=\"async\" width=\"300\" height=\"225\" src=\"https:\/\/recyclingequipinc.com\/wp-content\/uploads\/2025\/06\/waste-clothes-300x225.webp\" class=\"attachment-medium size-medium\" alt=\"ropa desechada\" aria-describedby=\"gallery-1-17302\" srcset=\"https:\/\/recyclingequipinc.com\/wp-content\/uploads\/2025\/06\/waste-clothes-300x225.webp 300w, https:\/\/recyclingequipinc.com\/wp-content\/uploads\/2025\/06\/waste-clothes-16x12.webp 16w, https:\/\/recyclingequipinc.com\/wp-content\/uploads\/2025\/06\/waste-clothes.webp 720w\" sizes=\"(max-width: 300px) 100vw, 300px\" \/><\/a> \t\t\t<\/div> \t\t\t\t<figcaption class='wp-caption-text gallery-caption' id='gallery-1-17302'> \t\t\t\tropa desechada \t\t\t\t<\/figcaption><\/figure><figure class='gallery-item'> \t\t\t<div class='gallery-icon landscape'> \t\t\t\t<a href='https:\/\/recyclingequipinc.com\/es\/?attachment_id=17300'><img decoding=\"async\" width=\"300\" height=\"225\" src=\"https:\/\/recyclingequipinc.com\/wp-content\/uploads\/2025\/06\/nonwoven-fabric-300x225.webp\" class=\"attachment-medium size-medium\" alt=\"tela no tejida\" aria-describedby=\"gallery-1-17300\" srcset=\"https:\/\/recyclingequipinc.com\/wp-content\/uploads\/2025\/06\/nonwoven-fabric-300x225.webp 300w, https:\/\/recyclingequipinc.com\/wp-content\/uploads\/2025\/06\/nonwoven-fabric-16x12.webp 16w, https:\/\/recyclingequipinc.com\/wp-content\/uploads\/2025\/06\/nonwoven-fabric.webp 720w\" sizes=\"(max-width: 300px) 100vw, 300px\" \/><\/a> \t\t\t<\/div> \t\t\t\t<figcaption class='wp-caption-text gallery-caption' id='gallery-1-17300'> \t\t\t\ttela no tejida \t\t\t\t<\/figcaption><\/figure><figure class='gallery-item'> \t\t\t<div class='gallery-icon landscape'> \t\t\t\t<a href='https:\/\/recyclingequipinc.com\/es\/?attachment_id=17304'><img decoding=\"async\" width=\"300\" height=\"225\" src=\"https:\/\/recyclingequipinc.com\/wp-content\/uploads\/2025\/06\/wool-fiber-300x225.webp\" class=\"attachment-medium size-medium\" alt=\"fibra de lana\" aria-describedby=\"gallery-1-17304\" srcset=\"https:\/\/recyclingequipinc.com\/wp-content\/uploads\/2025\/06\/wool-fiber-300x225.webp 300w, https:\/\/recyclingequipinc.com\/wp-content\/uploads\/2025\/06\/wool-fiber-16x12.webp 16w, https:\/\/recyclingequipinc.com\/wp-content\/uploads\/2025\/06\/wool-fiber.webp 720w\" sizes=\"(max-width: 300px) 100vw, 300px\" \/><\/a> \t\t\t<\/div> \t\t\t\t<figcaption class='wp-caption-text gallery-caption' id='gallery-1-17304'> \t\t\t\tfibra de lana \t\t\t\t<\/figcaption><\/figure> \t\t<\/div>  <p>Con esta m\u00e1quina de corte textil, puedes obtener:<\/p> <ul> <li>Corte Fino: Corta uniformemente el material de fibra desechado (longitud ajustable: 3 mm - 500 mm).<\/li> <li>Pretratamiento de Regeneraci\u00f3n: Proporciona materias primas calificadas para aflojar y reprocesar.<\/li> <li>Reemplazo de Mano de Obra: Resuelve el problema del corte y picado tradicional, que requiere mucha mano de obra.<\/li> <li>Buen Efecto de Corte: En comparaci\u00f3n con una m\u00e1quina de corte l\u00e1ser de fibra, no hay impacto t\u00e9rmico ni marcas de quemaduras en el material, y no es pegajoso.<\/li> <li>Optimizaci\u00f3n del Proceso: Realiza la automatizaci\u00f3n completa de la alimentaci\u00f3n continua, el corte y la descarga.<\/li> <\/ul> <div id='gallery-2' class='gallery galleryid-17293 gallery-columns-3 gallery-size-medium'><figure class='gallery-item'> \t\t\t<div class='gallery-icon landscape'> \t\t\t\t<a href='https:\/\/recyclingequipinc.com\/es\/?attachment_id=17298'><img loading=\"lazy\" decoding=\"async\" width=\"300\" height=\"225\" src=\"https:\/\/recyclingequipinc.com\/wp-content\/uploads\/2025\/06\/cut-fibers-300x225.webp\" class=\"attachment-medium size-medium\" alt=\"fibras cortadas\" aria-describedby=\"gallery-2-17298\" srcset=\"https:\/\/recyclingequipinc.com\/wp-content\/uploads\/2025\/06\/cut-fibers-300x225.webp 300w, https:\/\/recyclingequipinc.com\/wp-content\/uploads\/2025\/06\/cut-fibers-16x12.webp 16w, https:\/\/recyclingequipinc.com\/wp-content\/uploads\/2025\/06\/cut-fibers.webp 720w\" sizes=\"(max-width: 300px) 100vw, 300px\" \/><\/a> \t\t\t<\/div> \t\t\t\t<figcaption class='wp-caption-text gallery-caption' id='gallery-2-17298'> \t\t\t\tfibras cortadas \t\t\t\t<\/figcaption><\/figure><figure class='gallery-item'> \t\t\t<div class='gallery-icon landscape'> \t\t\t\t<a href='https:\/\/recyclingequipinc.com\/es\/?attachment_id=17301'><img loading=\"lazy\" decoding=\"async\" width=\"300\" height=\"225\" src=\"https:\/\/recyclingequipinc.com\/wp-content\/uploads\/2025\/06\/small-fiber-pieces-output-300x225.webp\" class=\"attachment-medium size-medium\" alt=\"salida de peque\u00f1as piezas de fibra\" aria-describedby=\"gallery-2-17301\" srcset=\"https:\/\/recyclingequipinc.com\/wp-content\/uploads\/2025\/06\/small-fiber-pieces-output-300x225.webp 300w, https:\/\/recyclingequipinc.com\/wp-content\/uploads\/2025\/06\/small-fiber-pieces-output-16x12.webp 16w, https:\/\/recyclingequipinc.com\/wp-content\/uploads\/2025\/06\/small-fiber-pieces-output.webp 720w\" sizes=\"(max-width: 300px) 100vw, 300px\" \/><\/a> \t\t\t<\/div> \t\t\t\t<figcaption class='wp-caption-text gallery-caption' id='gallery-2-17301'> \t\t\t\tsalida de peque\u00f1as piezas de fibra \t\t\t\t<\/figcaption><\/figure> \t\t<\/div>  <h2>Las 5 principales ventajas de la m\u00e1quina cortadora de textiles<\/h2> <ul> <li data-start=\"114\" data-end=\"218\"> <p data-start=\"117\" data-end=\"218\" class=\"translation-block\"><strong data-start=\"117\" data-end=\"139\">Corte de Alta Velocidad<\/strong><br data-start=\"139\" data-end=\"142\" \/>Las cuchillas rotativas espirales avanzadas permiten un corte continuo de 300\u20132000 kg\/h.<\/p> <\/li> <li data-start=\"220\" data-end=\"311\"> <p data-start=\"223\" data-end=\"311\" class=\"translation-block\"><strong data-start=\"223\" data-end=\"242\">Control Preciso<\/strong><br data-start=\"242\" data-end=\"245\" \/>Longitud de corte ajustable con una precisi\u00f3n de \u00b11 mm (dependiendo del modelo).<\/p> <\/li> <li data-start=\"313\" data-end=\"404\"> <p data-start=\"316\" data-end=\"404\" class=\"translation-block\"><strong data-start=\"316\" data-end=\"334\">Cuchillas Duraderas<\/strong><br data-start=\"334\" data-end=\"337\" \/>Cuchillas de acero aleado con dise\u00f1o de doble filo que extienden la vida \u00fatil 3\u00d7.<\/p> <\/li> <li data-start=\"406\" data-end=\"503\"> <p data-start=\"409\" data-end=\"503\" class=\"translation-block\"><strong data-start=\"409\" data-end=\"429\">Protecci\u00f3n Inteligente<\/strong><br data-start=\"429\" data-end=\"432\" \/>Protecci\u00f3n contra sobrecargas y parada de emergencia incorporadas para una operaci\u00f3n m\u00e1s segura.<\/p> <\/li> <li data-start=\"505\" data-end=\"607\"> <p data-start=\"508\" data-end=\"607\" class=\"translation-block\"><strong data-start=\"508\" data-end=\"528\">Mantenimiento Sencillo<\/strong><br data-start=\"528\" data-end=\"531\" \/>Bandeja de cuchillas modular y gu\u00eda visual permiten un servicio r\u00e1pido en &lt;30 minutos.<\/p> <\/li> <\/ul> <div id='gallery-3' class='gallery galleryid-17293 gallery-columns-3 gallery-size-medium'><figure class='gallery-item'> \t\t\t<div class='gallery-icon landscape'> \t\t\t\t<a href='https:\/\/recyclingequipinc.com\/es\/?attachment_id=17303'><img loading=\"lazy\" decoding=\"async\" width=\"300\" height=\"225\" src=\"https:\/\/recyclingequipinc.com\/wp-content\/uploads\/2025\/06\/waste-cotton-cloth-cuttiing-machine-300x225.webp\" class=\"attachment-medium size-medium\" alt=\"m\u00e1quina de corte de tela de algod\u00f3n desechada\" aria-describedby=\"gallery-3-17303\" srcset=\"https:\/\/recyclingequipinc.com\/wp-content\/uploads\/2025\/06\/waste-cotton-cloth-cuttiing-machine-300x225.webp 300w, https:\/\/recyclingequipinc.com\/wp-content\/uploads\/2025\/06\/waste-cotton-cloth-cuttiing-machine-16x12.webp 16w, https:\/\/recyclingequipinc.com\/wp-content\/uploads\/2025\/06\/waste-cotton-cloth-cuttiing-machine.webp 720w\" sizes=\"(max-width: 300px) 100vw, 300px\" \/><\/a> \t\t\t<\/div> \t\t\t\t<figcaption class='wp-caption-text gallery-caption' id='gallery-3-17303'> \t\t\t\tm\u00e1quina de corte de tela de algod\u00f3n desechada \t\t\t\t<\/figcaption><\/figure><figure class='gallery-item'> \t\t\t<div class='gallery-icon landscape'> \t\t\t\t<a href='https:\/\/recyclingequipinc.com\/es\/?attachment_id=17299'><img loading=\"lazy\" decoding=\"async\" width=\"300\" height=\"225\" src=\"https:\/\/recyclingequipinc.com\/wp-content\/uploads\/2025\/06\/fiber-textile-cutter-machine-blades-300x225.webp\" class=\"attachment-medium size-medium\" alt=\"cuchillas de m\u00e1quina cortadora de textiles de fibra\" aria-describedby=\"gallery-3-17299\" srcset=\"https:\/\/recyclingequipinc.com\/wp-content\/uploads\/2025\/06\/fiber-textile-cutter-machine-blades-300x225.webp 300w, https:\/\/recyclingequipinc.com\/wp-content\/uploads\/2025\/06\/fiber-textile-cutter-machine-blades-16x12.webp 16w, https:\/\/recyclingequipinc.com\/wp-content\/uploads\/2025\/06\/fiber-textile-cutter-machine-blades.webp 720w\" sizes=\"(max-width: 300px) 100vw, 300px\" \/><\/a> \t\t\t<\/div> \t\t\t\t<figcaption class='wp-caption-text gallery-caption' id='gallery-3-17299'> \t\t\t\tcuchillas de m\u00e1quina cortadora de textiles de fibra \t\t\t\t<\/figcaption><\/figure> \t\t<\/div>  <h2>M\u00e1quinas de corte de tela en venta muy solicitadas<\/h2> <p>Aqu\u00ed est\u00e1n las especificaciones de nuestras cinco m\u00e1quinas de corte de desechos de algod\u00f3n m\u00e1s vendidas. Las cuchillas de la m\u00e1quina de corte de fibra est\u00e1n hechas de acero de herramienta de aleaci\u00f3n dura y duradera.<\/p> <table style=\"border-collapse: collapse; width: 100%;\"> <tbody> <tr> <td style=\"width: 16.6667%;\">Modelo<\/td> <td style=\"width: 16.6667%;\">500B<\/td> <td style=\"width: 16.6667%;\">800C<\/td> <td style=\"width: 16.6667%;\">1200B<\/td> <td style=\"width: 16.6667%;\">1600B<\/td> <td style=\"width: 16.6667%;\">2400B<\/td> <\/tr> <tr> <td style=\"width: 16.6667%;\">Capacidad<\/td> <td style=\"width: 16.6667%;\">300\u2013500 kg\/h<\/td> <td style=\"width: 16.6667%;\">500\u2013800 kg\/h<\/td> <td style=\"width: 16.6667%;\">800\u20131200 kg\/h<\/td> <td style=\"width: 16.6667%;\">1000\u20133000 kg\/h<\/td> <td style=\"width: 16.6667%;\">\u00a02000\u20135000 kg\/h<\/td> <\/tr> <tr> <td style=\"width: 16.6667%;\">Potencia del Motor<\/td> <td style=\"width: 16.6667%;\">5.5 + 1.5 kW<\/td> <td style=\"width: 16.6667%;\">\u00a07.5 + 1.5 kW<\/td> <td style=\"width: 16.6667%;\">15 + 2.2 kW<\/td> <td style=\"width: 16.6667%;\">\u00a018.5 + 3.0 kW<\/td> <td style=\"width: 16.6667%;\">\u00a022 + 3.0 kW<\/td> <\/tr> <tr> <td style=\"width: 16.6667%;\">Tama\u00f1o de corte<\/td> <td style=\"width: 16.6667%;\">5\u2013150 mm<\/td> <td style=\"width: 16.6667%;\">5\u2013150 mm<\/td> <td style=\"width: 16.6667%;\">5\u2013150 mm<\/td> <td style=\"width: 16.6667%;\">5\u2013300 mm<\/td> <td style=\"width: 16.6667%;\">10\u2013300 mm<\/td> <\/tr> <tr> <td style=\"width: 16.6667%;\">Grosor de corte<\/td> <td style=\"width: 16.6667%;\">20 mm<\/td> <td style=\"width: 16.6667%;\">\u00a030\u201350 mm<\/td> <td style=\"width: 16.6667%;\">\u00a030\u201350 mm<\/td> <td style=\"width: 16.6667%;\">\u00a030\u2013150 mm<\/td> <td style=\"width: 16.6667%;\">\u00a030\u2013200 mm<\/td> <\/tr> <tr> <td style=\"width: 16.6667%;\">Dimensiones<\/td> <td style=\"width: 16.6667%;\">3200*1000*1200 mm<\/td> <td style=\"width: 16.6667%;\">3200*1000*1200 mm<\/td> <td style=\"width: 16.6667%;\">7000*1500*1500 mm<\/td> <td style=\"width: 16.6667%;\">7000*1800*1950 mm<\/td> <td style=\"width: 16.6667%;\">5800*2200*1950 mm<\/td> <\/tr> <tr> <td style=\"width: 16.6667%;\">Cinta de entrada\/salida<\/td> <td style=\"width: 16.6667%;\">2800*350 mm<\/td> <td style=\"width: 16.6667%;\">\u00a02800*350 mm<\/td> <td style=\"width: 16.6667%;\">\u00a03000*520 mm<\/td> <td style=\"width: 16.6667%;\">\u00a03000*720 mm<\/td> <td style=\"width: 16.6667%;\">\u00a03000*1100 mm<\/td> <\/tr> <tr> <td style=\"width: 16.6667%;\">Configuraci\u00f3n el\u00e9ctrica<\/td> <td style=\"width: 16.6667%;\">Protecci\u00f3n t\u00e9rmica contra sobrecargas, caja de control el\u00e9ctrico<\/td> <td style=\"width: 16.6667%;\">Protecci\u00f3n t\u00e9rmica contra sobrecargas, caja de control el\u00e9ctrico<\/td> <td style=\"width: 16.6667%;\">\u00a0Caja de control el\u00e9ctrico independiente<\/td> <td style=\"width: 16.6667%;\">\u00a0Caja de control el\u00e9ctrico independiente<\/td> <td style=\"width: 16.6667%;\">Caja de control el\u00e9ctrico triple independiente<\/td> <\/tr> <\/tbody> <\/table> <h2>Principio de Funcionamiento de la M\u00e1quina Cortadora de Tela de Algod\u00f3n Desechado<\/h2> <ul> <li>Entrada: Coloque fibra de desecho, tela de algod\u00f3n, etc., en la cinta transportadora y en la m\u00e1quina de corte de desechos de algod\u00f3n.<\/li> <li>Corte: La m\u00e1quina de corte de fibra utiliza un dise\u00f1o avanzado de cuchilla rotativa espiral inclinada que trabaja con cuchillas fijas para crear un punto de corte en movimiento. Esto permite un corte continuo y a alta velocidad de los materiales.<\/li> <li>Descarga: Los trozos de fibra cortados se deslizan hacia la tolva y se env\u00edan a trav\u00e9s de la cinta de salida. Seg\u00fan los requisitos de producci\u00f3n, se puede a\u00f1adir un dispositivo de separaci\u00f3n magn\u00e9tica fuerte para absorber clavos, botones, etc., prolongando la vida \u00fatil de las cuchillas.<\/li> <\/ul> <h2>\u00a1Obt\u00e9n el precio de la cortadora de tela!<\/h2> <p>Shuliy ofrece una amplia gama de m\u00e1quinas de corte de desechos de algod\u00f3n y soluciones personalizadas para el reciclaje de fibras. Si est\u00e1 interesado, \u00a1cont\u00e1ctenos para obtener precios, im\u00e1genes, videos en vivo, aplicaciones industriales y m\u00e1s!<\/p> <figure id=\"attachment_17296\" aria-describedby=\"caption-attachment-17296\" style=\"width: 720px\" class=\"wp-caption aligncenter\"><img loading=\"lazy\" decoding=\"async\" class=\"wp-image-17296 size-full\" src=\"https:\/\/recyclingequipinc.com\/wp-content\/uploads\/2025\/06\/cotton-waste-cutting-machine-for-sale.webp\" alt=\"M\u00e1quina de corte de desechos de algod\u00f3n en venta\" width=\"720\" height=\"540\" srcset=\"https:\/\/recyclingequipinc.com\/wp-content\/uploads\/2025\/06\/cotton-waste-cutting-machine-for-sale.webp 720w, https:\/\/recyclingequipinc.com\/wp-content\/uploads\/2025\/06\/cotton-waste-cutting-machine-for-sale-300x225.webp 300w, https:\/\/recyclingequipinc.com\/wp-content\/uploads\/2025\/06\/cotton-waste-cutting-machine-for-sale-16x12.webp 16w\" sizes=\"(max-width: 720px) 100vw, 720px\" \/><figcaption id=\"caption-attachment-17296\" class=\"wp-caption-text\">M\u00e1quina de corte de desechos de algod\u00f3n en venta<\/figcaption><\/figure>","protected":false},"excerpt":{"rendered":"<p>La m\u00e1quina cortadora de desechos de algod\u00f3n Shuliy corta todo tipo de fibras y materiales textiles en piezas peque\u00f1as y uniformes, proporcionando materias primas calificadas para la apertura y reprocesamiento posteriores. Esta m\u00e1quina tiene una capacidad de 300-5,000 kg\/h, y la longitud de la fibra terminada se puede ajustar de 3 a 500 mm.<\/p>","protected":false},"featured_media":17297,"template":"","meta":{"site-sidebar-layout":"default","site-content-layout":"","ast-site-content-layout":"default","site-content-style":"default","site-sidebar-style":"default","ast-global-header-display":"","ast-banner-title-visibility":"","ast-main-header-display":"","ast-hfb-above-header-display":"","ast-hfb-below-header-display":"","ast-hfb-mobile-header-display":"","site-post-title":"","ast-breadcrumbs-content":"","ast-featured-img":"","footer-sml-layout":"","ast-disable-related-posts":"","theme-transparent-header-meta":"default","adv-header-id-meta":"","stick-header-meta":"","header-above-stick-meta":"","header-main-stick-meta":"","header-below-stick-meta":"","astra-migrate-meta-layouts":"set","ast-page-background-enabled":"default","ast-page-background-meta":{"desktop":{"background-color":"","background-image":"","background-repeat":"repeat","background-position":"center center","background-size":"auto","background-attachment":"scroll","background-type":"","background-media":"","overlay-type":"","overlay-color":"","overlay-opacity":"","overlay-gradient":""},"tablet":{"background-color":"","background-image":"","background-repeat":"repeat","background-position":"center center","background-size":"auto","background-attachment":"scroll","background-type":"","background-media":"","overlay-type":"","overlay-color":"","overlay-opacity":"","overlay-gradient":""},"mobile":{"background-color":"","background-image":"","background-repeat":"repeat","background-position":"center center","background-size":"auto","background-attachment":"scroll","background-type":"","background-media":"","overlay-type":"","overlay-color":"","overlay-opacity":"","overlay-gradient":""}},"ast-content-background-meta":{"desktop":{"background-color":"var(--ast-global-color-5)","background-image":"","background-repeat":"repeat","background-position":"center center","background-size":"auto","background-attachment":"scroll","background-type":"","background-media":"","overlay-type":"","overlay-color":"","overlay-opacity":"","overlay-gradient":""},"tablet":{"background-color":"var(--ast-global-color-5)","background-image":"","background-repeat":"repeat","background-position":"center center","background-size":"auto","background-attachment":"scroll","background-type":"","background-media":"","overlay-type":"","overlay-color":"","overlay-opacity":"","overlay-gradient":""},"mobile":{"background-color":"var(--ast-global-color-5)","background-image":"","background-repeat":"repeat","background-position":"center center","background-size":"auto","background-attachment":"scroll","background-type":"","background-media":"","overlay-type":"","overlay-color":"","overlay-opacity":"","overlay-gradient":""}}},"product_brand":[],"product_cat":[129],"product_tag":[],"class_list":{"0":"post-17293","1":"product","2":"type-product","3":"status-publish","4":"has-post-thumbnail","6":"product_cat-fiber-recycling-machine","7":"desktop-align-center","8":"tablet-align-center","9":"mobile-align-center","11":"first","12":"instock","13":"shipping-taxable","14":"product-type-simple"},"_links":{"self":[{"href":"https:\/\/recyclingequipinc.com\/es\/wp-json\/wp\/v2\/product\/17293","targetHints":{"allow":["GET"]}}],"collection":[{"href":"https:\/\/recyclingequipinc.com\/es\/wp-json\/wp\/v2\/product"}],"about":[{"href":"https:\/\/recyclingequipinc.com\/es\/wp-json\/wp\/v2\/types\/product"}],"version-history":[{"count":0,"href":"https:\/\/recyclingequipinc.com\/es\/wp-json\/wp\/v2\/product\/17293\/revisions"}],"wp:featuredmedia":[{"embeddable":true,"href":"https:\/\/recyclingequipinc.com\/es\/wp-json\/wp\/v2\/media\/17297"}],"wp:attachment":[{"href":"https:\/\/recyclingequipinc.com\/es\/wp-json\/wp\/v2\/media?parent=17293"}],"wp:term":[{"taxonomy":"product_brand","embeddable":true,"href":"https:\/\/recyclingequipinc.com\/es\/wp-json\/wp\/v2\/product_brand?post=17293"},{"taxonomy":"product_cat","embeddable":true,"href":"https:\/\/recyclingequipinc.com\/es\/wp-json\/wp\/v2\/product_cat?post=17293"},{"taxonomy":"product_tag","embeddable":true,"href":"https:\/\/recyclingequipinc.com\/es\/wp-json\/wp\/v2\/product_tag?post=17293"}],"curies":[{"name":"wp","href":"https:\/\/api.w.org\/{rel}","templated":true}]}}