{"id":17268,"date":"2025-05-26T14:37:26","date_gmt":"2025-05-26T06:37:26","guid":{"rendered":"https:\/\/recyclingequipinc.com\/?post_type=product&#038;p=17268"},"modified":"2025-05-26T14:38:27","modified_gmt":"2025-05-26T06:38:27","slug":"mining-tire-recycling-machine","status":"publish","type":"product","link":"https:\/\/recyclingequipinc.com\/es\/product\/mining-tire-recycling-machine\/","title":{"rendered":"M\u00e1quina de Reciclaje de Neum\u00e1ticos de Miner\u00eda en Venta | Eliminaci\u00f3n de Neum\u00e1ticos OTR"},"content":{"rendered":"<p>A medida que la agricultura, la miner\u00eda y otras industrias se han desarrollado, el n\u00famero de neum\u00e1ticos fuera de carretera (OTR) desechados ha aumentado dr\u00e1sticamente. Aunque los neum\u00e1ticos de miner\u00eda desechados tienen un alto valor de reciclaje, son dif\u00edciles de procesar directamente debido a su gran tama\u00f1o y robusta estructura. Las m\u00e1quinas de reciclaje de neum\u00e1ticos de miner\u00eda Shuliy pueden procesar neum\u00e1ticos OTR gigantes de m\u00e1s de 1400 mm para obtener polvo de caucho ajustable en tama\u00f1os que var\u00edan de 10 a 40 mallas, llantas de acero y fibras de nylon para reutilizaci\u00f3n.<\/p> <figure id=\"attachment_17275\" aria-describedby=\"caption-attachment-17275\" style=\"width: 720px\" class=\"wp-caption aligncenter\"><img fetchpriority=\"high\" decoding=\"async\" class=\"wp-image-17275 size-full\" src=\"https:\/\/recyclingequipinc.com\/wp-content\/uploads\/2025\/05\/mining-tire-recycling-line.webp\" alt=\"l\u00ednea de reciclaje de neum\u00e1ticos de miner\u00eda\" width=\"720\" height=\"540\" srcset=\"https:\/\/recyclingequipinc.com\/wp-content\/uploads\/2025\/05\/mining-tire-recycling-line.webp 720w, https:\/\/recyclingequipinc.com\/wp-content\/uploads\/2025\/05\/mining-tire-recycling-line-300x225.webp 300w, https:\/\/recyclingequipinc.com\/wp-content\/uploads\/2025\/05\/mining-tire-recycling-line-16x12.webp 16w\" sizes=\"(max-width: 720px) 100vw, 720px\" \/><figcaption id=\"caption-attachment-17275\" class=\"wp-caption-text\">l\u00ednea de reciclaje de neum\u00e1ticos de miner\u00eda<\/figcaption><\/figure> <h2>El papel de las m\u00e1quinas de reciclaje de neum\u00e1ticos de miner\u00eda Shuliy<\/h2> <p>Este sistema de reciclaje de neum\u00e1ticos de miner\u00eda es adecuado para todos los neum\u00e1ticos grandes con un di\u00e1metro superior a 1400 mm, incluidos neum\u00e1ticos de miner\u00eda, neum\u00e1ticos de maquinaria de movimiento de tierras, neum\u00e1ticos de cargadoras, etc. A trav\u00e9s de un proceso de desintegraci\u00f3n, trituraci\u00f3n, molienda y tamizado, se obtiene un polvo de caucho fino y uniforme. Estos polvos se utilizan ampliamente en la remanufactura de modificaciones de asfalto, neum\u00e1ticos reciclados, alfombrillas de caucho y otros productos de caucho. La finura del polvo de caucho se puede ajustar de 10 a 40 mallas seg\u00fan la demanda.<\/p> <div id='gallery-1' class='gallery galleryid-17268 gallery-columns-3 gallery-size-full'><figure class='gallery-item'> \t\t\t<div class='gallery-icon landscape'> \t\t\t\t<a href='https:\/\/recyclingequipinc.com\/es\/?attachment_id=17278'><img decoding=\"async\" width=\"720\" height=\"540\" src=\"https:\/\/recyclingequipinc.com\/wp-content\/uploads\/2025\/05\/OTR-mining-tires.webp\" class=\"attachment-full size-full\" alt=\"Neum\u00e1ticos de miner\u00eda OTR\" aria-describedby=\"gallery-1-17278\" srcset=\"https:\/\/recyclingequipinc.com\/wp-content\/uploads\/2025\/05\/OTR-mining-tires.webp 720w, https:\/\/recyclingequipinc.com\/wp-content\/uploads\/2025\/05\/OTR-mining-tires-300x225.webp 300w, https:\/\/recyclingequipinc.com\/wp-content\/uploads\/2025\/05\/OTR-mining-tires-16x12.webp 16w\" sizes=\"(max-width: 720px) 100vw, 720px\" \/><\/a> \t\t\t<\/div> \t\t\t\t<figcaption class='wp-caption-text gallery-caption' id='gallery-1-17278'> \t\t\t\tNeum\u00e1ticos de miner\u00eda OTR \t\t\t\t<\/figcaption><\/figure><figure class='gallery-item'> \t\t\t<div class='gallery-icon landscape'> \t\t\t\t<a href='https:\/\/recyclingequipinc.com\/es\/?attachment_id=17281'><img decoding=\"async\" width=\"720\" height=\"540\" src=\"https:\/\/recyclingequipinc.com\/wp-content\/uploads\/2025\/05\/Taller-than-human-large-mining-tires.webp\" class=\"attachment-full size-full\" alt=\"Neum\u00e1ticos de miner\u00eda m\u00e1s grandes que un humano\" aria-describedby=\"gallery-1-17281\" srcset=\"https:\/\/recyclingequipinc.com\/wp-content\/uploads\/2025\/05\/Taller-than-human-large-mining-tires.webp 720w, https:\/\/recyclingequipinc.com\/wp-content\/uploads\/2025\/05\/Taller-than-human-large-mining-tires-300x225.webp 300w, https:\/\/recyclingequipinc.com\/wp-content\/uploads\/2025\/05\/Taller-than-human-large-mining-tires-16x12.webp 16w\" sizes=\"(max-width: 720px) 100vw, 720px\" \/><\/a> \t\t\t<\/div> \t\t\t\t<figcaption class='wp-caption-text gallery-caption' id='gallery-1-17281'> \t\t\t\tNeum\u00e1ticos de miner\u00eda m\u00e1s grandes que un humano \t\t\t\t<\/figcaption><\/figure><figure class='gallery-item'> \t\t\t<div class='gallery-icon landscape'> \t\t\t\t<a href='https:\/\/recyclingequipinc.com\/es\/?attachment_id=17274'><img loading=\"lazy\" decoding=\"async\" width=\"720\" height=\"540\" src=\"https:\/\/recyclingequipinc.com\/wp-content\/uploads\/2025\/05\/gaint-tires.webp\" class=\"attachment-full size-full\" alt=\"neum\u00e1ticos gigantes\" aria-describedby=\"gallery-1-17274\" srcset=\"https:\/\/recyclingequipinc.com\/wp-content\/uploads\/2025\/05\/gaint-tires.webp 720w, https:\/\/recyclingequipinc.com\/wp-content\/uploads\/2025\/05\/gaint-tires-300x225.webp 300w, https:\/\/recyclingequipinc.com\/wp-content\/uploads\/2025\/05\/gaint-tires-16x12.webp 16w\" sizes=\"(max-width: 720px) 100vw, 720px\" \/><\/a> \t\t\t<\/div> \t\t\t\t<figcaption class='wp-caption-text gallery-caption' id='gallery-1-17274'> \t\t\t\tneum\u00e1ticos gigantes \t\t\t\t<\/figcaption><\/figure> \t\t<\/div>  <p>Adem\u00e1s, el alambre de acero y la fibra se separan eficazmente a lo largo del proceso de producci\u00f3n de polvo de neum\u00e1ticos. Estos materiales pueden ser utilizados como materias primas para la producci\u00f3n de acero y como combustibles alternativos, respectivamente. Esto mejora significativamente la tasa de utilizaci\u00f3n de recursos y el valor econ\u00f3mico de los neum\u00e1ticos OTR desechados.<\/p> <figure id=\"attachment_17282\" aria-describedby=\"caption-attachment-17282\" style=\"width: 1120px\" class=\"wp-caption aligncenter\"><img loading=\"lazy\" decoding=\"async\" class=\"wp-image-17282 size-full\" src=\"https:\/\/recyclingequipinc.com\/wp-content\/uploads\/2025\/05\/wide-applications-of-recycled-materials-from-OTR-tires.webp\" alt=\"amplias aplicaciones de materiales reciclados de neum\u00e1ticos OTR\" width=\"1120\" height=\"200\" srcset=\"https:\/\/recyclingequipinc.com\/wp-content\/uploads\/2025\/05\/wide-applications-of-recycled-materials-from-OTR-tires.webp 1120w, https:\/\/recyclingequipinc.com\/wp-content\/uploads\/2025\/05\/wide-applications-of-recycled-materials-from-OTR-tires-300x54.webp 300w, https:\/\/recyclingequipinc.com\/wp-content\/uploads\/2025\/05\/wide-applications-of-recycled-materials-from-OTR-tires-1024x183.webp 1024w, https:\/\/recyclingequipinc.com\/wp-content\/uploads\/2025\/05\/wide-applications-of-recycled-materials-from-OTR-tires-768x137.webp 768w, https:\/\/recyclingequipinc.com\/wp-content\/uploads\/2025\/05\/wide-applications-of-recycled-materials-from-OTR-tires-18x3.webp 18w, https:\/\/recyclingequipinc.com\/wp-content\/uploads\/2025\/05\/wide-applications-of-recycled-materials-from-OTR-tires-750x134.webp 750w\" sizes=\"(max-width: 1120px) 100vw, 1120px\" \/><figcaption id=\"caption-attachment-17282\" class=\"wp-caption-text\">amplias aplicaciones de materiales reciclados de neum\u00e1ticos OTR<\/figcaption><\/figure> <h2>Ventajas de nuestro equipo de reciclaje de neum\u00e1ticos de miner\u00eda<\/h2> <ul> <li>Con una fuerte adaptabilidad y amplia aplicaci\u00f3n, es adecuada para todos los neum\u00e1ticos OTR con un di\u00e1metro mayor a 1400 mm.<\/li> <li>Toda la m\u00e1quina est\u00e1 construida seg\u00fan los est\u00e1ndares de la industria pesada, con una estructura robusta, materiales resistentes al desgaste, una alta capacidad de carga y una alta eficiencia operativa.<\/li> <li>La finura del polvo de caucho se puede ajustar de 10 a 40 mallas para cumplir con varios requisitos de producci\u00f3n.<\/li> <li>Separa de manera altamente eficiente las impurezas de alambre de acero y fibra, y el polvo de caucho es 99% puro o m\u00e1s.<\/li> <li>Tiene un bajo consumo de energ\u00eda y est\u00e1 en l\u00ednea con las normas de protecci\u00f3n ambiental y ahorro de energ\u00eda.<\/li> <\/ul> <p>&nbsp;<\/p> <h2>Dos l\u00edneas de producci\u00f3n de goma completamente autom\u00e1ticas<\/h2> <p>Para satisfacer completamente las necesidades de reciclaje de neum\u00e1ticos OTR de diferentes tama\u00f1os, Shuliy ofrece dos rutas de procesamiento: \"Dibujo de Alambre-Molienda-Crushing-Molienda\" se utiliza para neum\u00e1ticos de tama\u00f1o mediano (1400-4000 mm), mientras que \"Desintegraci\u00f3n-Molienda-Molienda\" se utiliza para neum\u00e1ticos enteros de gran tama\u00f1o (\u22652100 mm). Tambi\u00e9n hay opciones flexibles disponibles para satisfacer diversas necesidades de producci\u00f3n.<\/p> <h3><span style=\"font-size: 14pt;\">L\u00ednea de reciclaje de neum\u00e1ticos OTR para neum\u00e1ticos de 1400-4000 mm<\/span><\/h3> <figure id=\"attachment_17277\" aria-describedby=\"caption-attachment-17277\" style=\"width: 720px\" class=\"wp-caption alignleft\"><img loading=\"lazy\" decoding=\"async\" class=\"wp-image-17277 size-full\" src=\"https:\/\/recyclingequipinc.com\/wp-content\/uploads\/2025\/05\/mining-tire-recycling-solution-1.webp\" alt=\"soluci\u00f3n de reciclaje de neum\u00e1ticos de miner\u00eda 1\" width=\"720\" height=\"540\" srcset=\"https:\/\/recyclingequipinc.com\/wp-content\/uploads\/2025\/05\/mining-tire-recycling-solution-1.webp 720w, https:\/\/recyclingequipinc.com\/wp-content\/uploads\/2025\/05\/mining-tire-recycling-solution-1-300x225.webp 300w, https:\/\/recyclingequipinc.com\/wp-content\/uploads\/2025\/05\/mining-tire-recycling-solution-1-16x12.webp 16w\" sizes=\"(max-width: 720px) 100vw, 720px\" \/><figcaption id=\"caption-attachment-17277\" class=\"wp-caption-text\">soluci\u00f3n de reciclaje de neum\u00e1ticos de miner\u00eda 1<\/figcaption><\/figure> <p>&nbsp;<\/p> <p>M\u00e1quinas de reciclaje de neum\u00e1ticos de miner\u00eda involucradas:<br \/> Desmontadora de neum\u00e1ticos OTR, m\u00e1quina de corte de neum\u00e1ticos OTR, trituradora de neum\u00e1ticos de caucho, trituradora de neum\u00e1ticos y separador magn\u00e9tico<\/p> <p>Flujo de trabajo:<\/p> <ol> <li>La m\u00e1quina de extracci\u00f3n de neum\u00e1ticos OTR elimina de manera eficiente los bordes de la pared lateral utilizando un potente sistema hidr\u00e1ulico y un dispositivo de agarre.<\/li> <li>El neum\u00e1tico de caucho, con sus bordes eliminados, se divide en segmentos f\u00e1ciles de triturar mediante una m\u00e1quina de corte.<\/li> <li>El triturador de neum\u00e1ticos tritura poderosamente los neum\u00e1ticos en piezas peque\u00f1as y uniformes de 50-100 mm utilizando un cortador rotativo de alta velocidad.<\/li> <li>Molienda de rodillos dobles y aplicaci\u00f3n de dispositivos de separaci\u00f3n por tamizado en m\u00faltiples capas y separaci\u00f3n magn\u00e9tica, produce polvo de caucho seg\u00fan el tama\u00f1o establecido, logrando una clasificaci\u00f3n precisa.<\/li> <li>El separador de fibras separa eficientemente las impurezas de fibra utilizando clasificaci\u00f3n por flujo de aire.<\/li> <\/ol> <p>&nbsp;<\/p> <p>&nbsp;<\/p> <figure id=\"attachment_17276\" aria-describedby=\"caption-attachment-17276\" style=\"width: 720px\" class=\"wp-caption alignleft\"><img loading=\"lazy\" decoding=\"async\" class=\"wp-image-17276 size-full\" src=\"https:\/\/recyclingequipinc.com\/wp-content\/uploads\/2025\/05\/mining-tire-recycling-plant-2.webp\" alt=\"planta de reciclaje de neum\u00e1ticos de miner\u00eda 2\" width=\"720\" height=\"540\" srcset=\"https:\/\/recyclingequipinc.com\/wp-content\/uploads\/2025\/05\/mining-tire-recycling-plant-2.webp 720w, https:\/\/recyclingequipinc.com\/wp-content\/uploads\/2025\/05\/mining-tire-recycling-plant-2-300x225.webp 300w, https:\/\/recyclingequipinc.com\/wp-content\/uploads\/2025\/05\/mining-tire-recycling-plant-2-16x12.webp 16w\" sizes=\"(max-width: 720px) 100vw, 720px\" \/><figcaption id=\"caption-attachment-17276\" class=\"wp-caption-text\">planta de reciclaje de neum\u00e1ticos de miner\u00eda 2<\/figcaption><\/figure> <p>&nbsp;<\/p> <p>Equipos de reciclaje de neum\u00e1ticos OTR involucrados: m\u00e1quina de desmantelamiento de neum\u00e1ticos OTR, separador de alambre de acero OTR, m\u00e1quina de triturado de neum\u00e1ticos, m\u00e1quina de molienda de neum\u00e1ticos y separaci\u00f3n magn\u00e9tica.<\/p> <p>Flujo de trabajo:<\/p> <ol> <li>La m\u00e1quina desmontadora de OTR descompone r\u00e1pidamente los neum\u00e1ticos grandes en segmentos de parte superior, costado y carcasa utilizando cuchillas potentes y ajustables.<\/li> <li>El separador de bead de OTR separa de manera eficiente y completa los beads incrustados en la carcasa.<\/li> <li>Los bloques de neum\u00e1ticos de bead removido se alimentan luego al triturador de neum\u00e1ticos para un triturado uniforme.<\/li> <li>El sistema de molienda y tamizado de neum\u00e1ticos permite una molienda fina y la eliminaci\u00f3n eficiente de bloques de goma.<\/li> <li>El separador de fibras separa las fibras.<\/li> <\/ol> <p>&nbsp;<\/p> <p>&nbsp;<\/p> <p>&nbsp;<\/p> <h2>M\u00e1quinas de reciclaje de neum\u00e1ticos de miner\u00eda profesionales en venta<\/h2> <p>A medida que la miner\u00eda, la ingenier\u00eda, el transporte y otras industrias pesadas contin\u00faan desarroll\u00e1ndose, el uso de neum\u00e1ticos OTR est\u00e1 en aumento. Su gran tama\u00f1o y caracter\u00edsticas no degradables presentan importantes desaf\u00edos ambientales y de gesti\u00f3n de recursos. Al mismo tiempo, el mercado de reciclaje de neum\u00e1ticos OTR genera oportunidades comerciales sin precedentes a medida que los pa\u00edses refuerzan el apoyo pol\u00edtico para el reciclaje de neum\u00e1ticos usados.<\/p> <p>Shuliy se compromete a proporcionar a nuestros clientes globales soluciones de reciclaje de neum\u00e1ticos OTR eficientes y respetuosas con el medio ambiente. Ofrecemos configuraciones de equipos personalizadas y cubrimos todo el proceso, desde la planificaci\u00f3n del sitio y la instalaci\u00f3n puerta a puerta hasta la formaci\u00f3n t\u00e9cnica y una garant\u00eda gratuita de un a\u00f1o. Esto ayuda a nuestros clientes a iniciar la producci\u00f3n r\u00e1pidamente y generar beneficios constantes. Nuestro equipo ha sido exportado a Canad\u00e1, Australia, Kenia y otros pa\u00edses, y ha recibido elogios generalizados.<\/p> <p>\u00a1No dude en contactarnos hoy para una propuesta y presupuesto si desea liderar el mercado de reciclaje de neum\u00e1ticos OTR! Shuliy \u2014 \u00a1su socio confiable en equipos de reciclaje!<\/p> <div id='gallery-2' class='gallery galleryid-17268 gallery-columns-2 gallery-size-full'><figure class='gallery-item'> \t\t\t<div class='gallery-icon landscape'> \t\t\t\t<a href='https:\/\/recyclingequipinc.com\/es\/?attachment_id=17280'><img loading=\"lazy\" decoding=\"async\" width=\"720\" height=\"540\" src=\"https:\/\/recyclingequipinc.com\/wp-content\/uploads\/2025\/05\/Sapin-customers-visit-Shuliy.webp\" class=\"attachment-full size-full\" alt=\"Los clientes de Espa\u00f1a visitan Shuliy.\" aria-describedby=\"gallery-2-17280\" srcset=\"https:\/\/recyclingequipinc.com\/wp-content\/uploads\/2025\/05\/Sapin-customers-visit-Shuliy.webp 720w, https:\/\/recyclingequipinc.com\/wp-content\/uploads\/2025\/05\/Sapin-customers-visit-Shuliy-300x225.webp 300w, https:\/\/recyclingequipinc.com\/wp-content\/uploads\/2025\/05\/Sapin-customers-visit-Shuliy-16x12.webp 16w\" sizes=\"(max-width: 720px) 100vw, 720px\" \/><\/a> \t\t\t<\/div> \t\t\t\t<figcaption class='wp-caption-text gallery-caption' id='gallery-2-17280'> \t\t\t\tLos clientes de Espa\u00f1a visitan Shuliy. \t\t\t\t<\/figcaption><\/figure><figure class='gallery-item'> \t\t\t<div class='gallery-icon landscape'> \t\t\t\t<a href='https:\/\/recyclingequipinc.com\/es\/?attachment_id=17272'><img loading=\"lazy\" decoding=\"async\" width=\"720\" height=\"540\" src=\"https:\/\/recyclingequipinc.com\/wp-content\/uploads\/2025\/05\/Austrialian-clients-visit-tire-recycling-machines.webp\" class=\"attachment-full size-full\" alt=\"Los clientes australianos visitan m\u00e1quinas de reciclaje de neum\u00e1ticos.\" aria-describedby=\"gallery-2-17272\" srcset=\"https:\/\/recyclingequipinc.com\/wp-content\/uploads\/2025\/05\/Austrialian-clients-visit-tire-recycling-machines.webp 720w, https:\/\/recyclingequipinc.com\/wp-content\/uploads\/2025\/05\/Austrialian-clients-visit-tire-recycling-machines-300x225.webp 300w, https:\/\/recyclingequipinc.com\/wp-content\/uploads\/2025\/05\/Austrialian-clients-visit-tire-recycling-machines-16x12.webp 16w\" sizes=\"(max-width: 720px) 100vw, 720px\" \/><\/a> \t\t\t<\/div> \t\t\t\t<figcaption class='wp-caption-text gallery-caption' id='gallery-2-17272'> \t\t\t\tLos clientes australianos visitan m\u00e1quinas de reciclaje de neum\u00e1ticos. \t\t\t\t<\/figcaption><\/figure> \t\t<\/div>","protected":false},"excerpt":{"rendered":"<p>Las m\u00e1quinas de reciclaje de neum\u00e1ticos mineros Shuliy est\u00e1n dise\u00f1adas especialmente para procesar neum\u00e1ticos OTR grandes (\u22651400 mm) y producir polvo de caucho de alta calidad (10-40 mallas). Proporciona una soluci\u00f3n integral para la eliminaci\u00f3n de neum\u00e1ticos OTR.<\/p>","protected":false},"featured_media":17277,"template":"","meta":{"site-sidebar-layout":"default","site-content-layout":"","ast-site-content-layout":"default","site-content-style":"default","site-sidebar-style":"default","ast-global-header-display":"","ast-banner-title-visibility":"","ast-main-header-display":"","ast-hfb-above-header-display":"","ast-hfb-below-header-display":"","ast-hfb-mobile-header-display":"","site-post-title":"","ast-breadcrumbs-content":"","ast-featured-img":"","footer-sml-layout":"","ast-disable-related-posts":"","theme-transparent-header-meta":"default","adv-header-id-meta":"","stick-header-meta":"","header-above-stick-meta":"","header-main-stick-meta":"","header-below-stick-meta":"","astra-migrate-meta-layouts":"set","ast-page-background-enabled":"default","ast-page-background-meta":{"desktop":{"background-color":"","background-image":"","background-repeat":"repeat","background-position":"center center","background-size":"auto","background-attachment":"scroll","background-type":"","background-media":"","overlay-type":"","overlay-color":"","overlay-opacity":"","overlay-gradient":""},"tablet":{"background-color":"","background-image":"","background-repeat":"repeat","background-position":"center center","background-size":"auto","background-attachment":"scroll","background-type":"","background-media":"","overlay-type":"","overlay-color":"","overlay-opacity":"","overlay-gradient":""},"mobile":{"background-color":"","background-image":"","background-repeat":"repeat","background-position":"center center","background-size":"auto","background-attachment":"scroll","background-type":"","background-media":"","overlay-type":"","overlay-color":"","overlay-opacity":"","overlay-gradient":""}},"ast-content-background-meta":{"desktop":{"background-color":"var(--ast-global-color-5)","background-image":"","background-repeat":"repeat","background-position":"center center","background-size":"auto","background-attachment":"scroll","background-type":"","background-media":"","overlay-type":"","overlay-color":"","overlay-opacity":"","overlay-gradient":""},"tablet":{"background-color":"var(--ast-global-color-5)","background-image":"","background-repeat":"repeat","background-position":"center center","background-size":"auto","background-attachment":"scroll","background-type":"","background-media":"","overlay-type":"","overlay-color":"","overlay-opacity":"","overlay-gradient":""},"mobile":{"background-color":"var(--ast-global-color-5)","background-image":"","background-repeat":"repeat","background-position":"center center","background-size":"auto","background-attachment":"scroll","background-type":"","background-media":"","overlay-type":"","overlay-color":"","overlay-opacity":"","overlay-gradient":""}}},"product_brand":[],"product_cat":[128],"product_tag":[],"class_list":{"0":"post-17268","1":"product","2":"type-product","3":"status-publish","4":"has-post-thumbnail","6":"product_cat-tire-recycling-machine","7":"desktop-align-center","8":"tablet-align-center","9":"mobile-align-center","11":"first","12":"instock","13":"shipping-taxable","14":"product-type-simple"},"_links":{"self":[{"href":"https:\/\/recyclingequipinc.com\/es\/wp-json\/wp\/v2\/product\/17268","targetHints":{"allow":["GET"]}}],"collection":[{"href":"https:\/\/recyclingequipinc.com\/es\/wp-json\/wp\/v2\/product"}],"about":[{"href":"https:\/\/recyclingequipinc.com\/es\/wp-json\/wp\/v2\/types\/product"}],"version-history":[{"count":0,"href":"https:\/\/recyclingequipinc.com\/es\/wp-json\/wp\/v2\/product\/17268\/revisions"}],"wp:featuredmedia":[{"embeddable":true,"href":"https:\/\/recyclingequipinc.com\/es\/wp-json\/wp\/v2\/media\/17277"}],"wp:attachment":[{"href":"https:\/\/recyclingequipinc.com\/es\/wp-json\/wp\/v2\/media?parent=17268"}],"wp:term":[{"taxonomy":"product_brand","embeddable":true,"href":"https:\/\/recyclingequipinc.com\/es\/wp-json\/wp\/v2\/product_brand?post=17268"},{"taxonomy":"product_cat","embeddable":true,"href":"https:\/\/recyclingequipinc.com\/es\/wp-json\/wp\/v2\/product_cat?post=17268"},{"taxonomy":"product_tag","embeddable":true,"href":"https:\/\/recyclingequipinc.com\/es\/wp-json\/wp\/v2\/product_tag?post=17268"}],"curies":[{"name":"wp","href":"https:\/\/api.w.org\/{rel}","templated":true}]}}