{"id":17256,"date":"2025-05-20T15:40:48","date_gmt":"2025-05-20T07:40:48","guid":{"rendered":"https:\/\/recyclingequipinc.com\/?post_type=product&#038;p=17256"},"modified":"2025-05-20T15:40:48","modified_gmt":"2025-05-20T07:40:48","slug":"rubber-powder-production-line","status":"publish","type":"product","link":"https:\/\/recyclingequipinc.com\/es\/product\/rubber-powder-production-line\/","title":{"rendered":"L\u00ednea de producci\u00f3n de polvo de caucho totalmente autom\u00e1tica"},"content":{"rendered":"<p>A medida que la industria automotriz se desarrolla, el n\u00famero de neum\u00e1ticos desechados aumenta, haciendo que el reciclaje de neum\u00e1ticos sea un proyecto popular. Shuliy Machinery ha desarrollado tres tipos de l\u00edneas de producci\u00f3n de polvo de caucho totalmente automatizadas que pueden convertir de manera eficiente los neum\u00e1ticos desechados en polvo de caucho, ayudando a los recicladores de neum\u00e1ticos de todo el mundo a operar negocios rentables y respetuosos con el medio ambiente.<\/p> <div class=\"ast-oembed-container\" style=\"height: 100%;\"><iframe title=\"L\u00ednea de reciclaje de neum\u00e1ticos totalmente autom\u00e1tica en acci\u00f3n | Producci\u00f3n de polvo de goma de alta eficiencia\" width=\"500\" height=\"281\" src=\"https:\/\/www.youtube.com\/embed\/vPOWjr2Om_E?feature=oembed\" frameborder=\"0\" allow=\"accelerometer; autoplay; clipboard-write; encrypted-media; gyroscope; picture-in-picture; web-share\" referrerpolicy=\"strict-origin-when-cross-origin\" allowfullscreen><\/iframe><\/div> <h2>Aplicaci\u00f3n de l\u00edneas autom\u00e1ticas de reciclaje de neum\u00e1ticos<\/h2> <p>Estas l\u00edneas son adecuadas para procesar neum\u00e1ticos de hasta 1200 mm de di\u00e1metro mediante el desmantelamiento, triturado y molienda. Este proceso produce los alambres de acero, polvos de caucho y fibras de nailon dentro de los neum\u00e1ticos de desecho, que pueden ser clasificados y reciclados.<\/p> <p>Esta l\u00ednea de reciclaje de neum\u00e1ticos totalmente autom\u00e1tica, altamente eficiente y que ahorra mano de obra, se recomienda para empresas medianas y grandes.<\/p> <figure id=\"attachment_17266\" aria-describedby=\"caption-attachment-17266\" style=\"width: 720px\" class=\"wp-caption aligncenter\"><img fetchpriority=\"high\" decoding=\"async\" class=\"wp-image-17266 size-full\" src=\"https:\/\/recyclingequipinc.com\/wp-content\/uploads\/2025\/05\/what-can-you-get-with-Shuliy-rubber-powder-production-lines.webp\" alt=\"\u00bfQu\u00e9 puedes obtener con las l\u00edneas de producci\u00f3n de polvo de goma Shuliy?\" width=\"720\" height=\"540\" srcset=\"https:\/\/recyclingequipinc.com\/wp-content\/uploads\/2025\/05\/what-can-you-get-with-Shuliy-rubber-powder-production-lines.webp 720w, https:\/\/recyclingequipinc.com\/wp-content\/uploads\/2025\/05\/what-can-you-get-with-Shuliy-rubber-powder-production-lines-300x225.webp 300w, https:\/\/recyclingequipinc.com\/wp-content\/uploads\/2025\/05\/what-can-you-get-with-Shuliy-rubber-powder-production-lines-16x12.webp 16w\" sizes=\"(max-width: 720px) 100vw, 720px\" \/><figcaption id=\"caption-attachment-17266\" class=\"wp-caption-text\">\u00bfQu\u00e9 puedes obtener con las l\u00edneas de producci\u00f3n de polvo de goma Shuliy?<\/figcaption><\/figure> <h2>Ventajas principales de las l\u00edneas de producci\u00f3n de polvo de goma totalmente autom\u00e1ticas<\/h2> <ul style=\"list-style-type: circle;\"> <li><strong>Alta eficiencia:<\/strong> hasta 18 toneladas de polvo de caucho por d\u00eda.<\/li> <li><strong>Productos finales de alta calidad:<\/strong> La pureza del polvo de goma terminado es de al menos el 99%, proporcionando un alto valor a\u00f1adido.<\/li> <li><strong>Flexibilidad:<\/strong> Una variedad de programas para elegir, con finura ajustable del polvo de goma.<\/li> <li><strong>Protecci\u00f3n del medio ambiente:<\/strong> Bajo consumo de energ\u00eda y cumplimiento de las normas CE de la Uni\u00f3n Europea y de las normas de emisi\u00f3n de polvo.<\/li> <\/ul> <h2>Tres tipos de l\u00edneas de producci\u00f3n de polvo de caucho<\/h2> <h3><span style=\"font-size: 14pt;\">Soluci\u00f3n de reciclaje de neum\u00e1ticos 1:\u00a0<\/span><\/h3> <figure id=\"attachment_17260\" aria-describedby=\"caption-attachment-17260\" style=\"width: 720px\" class=\"wp-caption alignleft\"><img decoding=\"async\" class=\"wp-image-17260 size-full\" src=\"https:\/\/recyclingequipinc.com\/wp-content\/uploads\/2025\/05\/automatic-rubber-powder-production-line.webp\" alt=\"l\u00ednea de producci\u00f3n autom\u00e1tica de polvo de goma\" width=\"720\" height=\"540\" srcset=\"https:\/\/recyclingequipinc.com\/wp-content\/uploads\/2025\/05\/automatic-rubber-powder-production-line.webp 720w, https:\/\/recyclingequipinc.com\/wp-content\/uploads\/2025\/05\/automatic-rubber-powder-production-line-300x225.webp 300w, https:\/\/recyclingequipinc.com\/wp-content\/uploads\/2025\/05\/automatic-rubber-powder-production-line-16x12.webp 16w\" sizes=\"(max-width: 720px) 100vw, 720px\" \/><figcaption id=\"caption-attachment-17260\" class=\"wp-caption-text\">l\u00ednea de producci\u00f3n autom\u00e1tica de polvo de goma<\/figcaption><\/figure> <p>&nbsp;<\/p> <p class=\"translation-block\"><strong>Incluye equipo: <\/strong> m\u00e1quina desalambradora de neum\u00e1ticos, m\u00e1quina cortadora de neum\u00e1ticos, trituradora de neum\u00e1ticos, sistema de molienda y cribado de neum\u00e1ticos<\/p> <p class=\"translation-block\"><strong style=\"font-size: 16px\">Proceso de trabajo detallado:<\/strong><\/p> <ol> <li>La m\u00e1quina despojada de neum\u00e1ticos extrae los aros de acero de los aros internos de los neum\u00e1ticos utilizando un potente dispositivo de tracci\u00f3n hidr\u00e1ulica.<\/li> <li>La cortadora de neum\u00e1ticos corta los neum\u00e1ticos en dos o tres piezas, que son f\u00e1ciles de poner en la trituradora para su procesamiento.<\/li> <li>La trituradora de neum\u00e1ticos aplasta los neum\u00e1ticos en piezas peque\u00f1as y uniformes, mejorando la eficiencia del posterior triturado.<\/li> <li>La l\u00ednea de fabricaci\u00f3n de polvo de caucho produce polvo de caucho de alta calidad con una finura ajustable de 10 a 40 mallas a trav\u00e9s de procesos como el molino de rodillos dobles, la clasificaci\u00f3n por pantalla vibrante y la separaci\u00f3n magn\u00e9tica.<\/li> <\/ol> <ol style=\"list-style-type: lower-alpha;\"> <li style=\"list-style-type: none;\"><\/li> <\/ol> <p>&nbsp;<\/p> <p>&nbsp;<\/p> <p>&nbsp;<\/p> <h3><span style=\"font-size: 14pt;\">Planta de reciclaje de neum\u00e1ticos usados 2:<\/span><\/h3> <figure id=\"attachment_17261\" aria-describedby=\"caption-attachment-17261\" style=\"width: 720px\" class=\"wp-caption alignleft\"><img decoding=\"async\" class=\"wp-image-17261 size-full\" src=\"https:\/\/recyclingequipinc.com\/wp-content\/uploads\/2025\/05\/fully-automatic-waste-tire-recycling-line.webp\" alt=\"l\u00ednea de reciclaje de neum\u00e1ticos usados totalmente autom\u00e1tica\" width=\"720\" height=\"540\" srcset=\"https:\/\/recyclingequipinc.com\/wp-content\/uploads\/2025\/05\/fully-automatic-waste-tire-recycling-line.webp 720w, https:\/\/recyclingequipinc.com\/wp-content\/uploads\/2025\/05\/fully-automatic-waste-tire-recycling-line-300x225.webp 300w, https:\/\/recyclingequipinc.com\/wp-content\/uploads\/2025\/05\/fully-automatic-waste-tire-recycling-line-16x12.webp 16w\" sizes=\"(max-width: 720px) 100vw, 720px\" \/><figcaption id=\"caption-attachment-17261\" class=\"wp-caption-text\">l\u00ednea de reciclaje de neum\u00e1ticos usados totalmente autom\u00e1tica<\/figcaption><\/figure> <p>&nbsp;<\/p> <p>&nbsp;<\/p> <p class=\"translation-block\"><strong>Incluye instalaci\u00f3n: <\/strong> m\u00e1quina desalambradora y cortadora de neum\u00e1ticos, separador de alambre de acero de neum\u00e1ticos, trituradora de neum\u00e1ticos de caucho, l\u00ednea de trituraci\u00f3n de neum\u00e1ticos<\/p> <p class=\"translation-block\"><strong>Proceso de trabajo completo:<\/strong><\/p> <ol> <li>La m\u00e1quina de extracci\u00f3n y corte de bead de neum\u00e1tico elimina el bead del neum\u00e1tico que contiene los alambres de acero y corta el neum\u00e1tico, que luego entra en la m\u00e1quina de triturado de neum\u00e1ticos a trav\u00e9s de una cinta transportadora autom\u00e1tica.<\/li> <li>El separador de alambre de acero de neum\u00e1ticos separa las porciones de goma y alambre de acero del tal\u00f3n del neum\u00e1tico, siendo la porci\u00f3n de goma tambi\u00e9n apta para ser procesada en la trituradora.<\/li> <li>La potente trituradora y los sistemas de molienda y clasificaci\u00f3n luego aplastan, muelen y eliminan impurezas de la goma.<\/li> <li>Salida: Polvo de goma altamente puro, cuya finura se puede ajustar utilizando la malla.<\/li> <\/ol> <p>&nbsp;<\/p> <p>&nbsp;<\/p> <h3><span style=\"font-size: 14pt;\">L\u00ednea de producci\u00f3n de polvo de caucho 3:<\/span><\/h3> <figure id=\"attachment_17264\" aria-describedby=\"caption-attachment-17264\" style=\"width: 720px\" class=\"wp-caption alignleft\"><img loading=\"lazy\" decoding=\"async\" class=\"wp-image-17264 size-full\" src=\"https:\/\/recyclingequipinc.com\/wp-content\/uploads\/2025\/05\/tire-recycling-plant.webp\" alt=\"planta de reciclaje de neum\u00e1ticos\" width=\"720\" height=\"540\" srcset=\"https:\/\/recyclingequipinc.com\/wp-content\/uploads\/2025\/05\/tire-recycling-plant.webp 720w, https:\/\/recyclingequipinc.com\/wp-content\/uploads\/2025\/05\/tire-recycling-plant-300x225.webp 300w, https:\/\/recyclingequipinc.com\/wp-content\/uploads\/2025\/05\/tire-recycling-plant-16x12.webp 16w\" sizes=\"(max-width: 720px) 100vw, 720px\" \/><figcaption id=\"caption-attachment-17264\" class=\"wp-caption-text\">planta de reciclaje de neum\u00e1ticos<\/figcaption><\/figure> <p>&nbsp;<\/p> <p>&nbsp;<\/p> <p>&nbsp;<\/p> <p class=\"translation-block\"><strong>Incluye m\u00e1quinas: <\/strong><\/p> <p>Trituradora de goma industrial, molino de goma para neum\u00e1ticos y separador magn\u00e9tico<\/p> <p class=\"translation-block\"><strong>Flujo de trabajo:<\/strong><\/p> <p>A diferencia de las dos soluciones anteriores, esta soluci\u00f3n de reciclaje de neum\u00e1ticos no requiere preprocesamiento. El neum\u00e1tico entero se puede introducir directamente en una trituradora de neum\u00e1ticos de alta potencia, seguida de un molido profundo y un tamizado.<\/p> <p>&nbsp;<\/p> <p>&nbsp;<\/p> <p>&nbsp;<\/p> <p>&nbsp;<\/p> <p>&nbsp;<\/p> <h2>Casos de \u00e9xito sobre l\u00edneas de producci\u00f3n de neum\u00e1ticos de goma<\/h2> <p>Hemos exportado anteriormente l\u00edneas de reciclaje de neum\u00e1ticos totalmente automatizadas a Canad\u00e1, Qatar, Sud\u00e1frica, India y otros pa\u00edses, ayudando a establecer f\u00e1bricas de reciclaje de neum\u00e1ticos y mejorar la eficiencia en todo el mundo. Por ejemplo, despu\u00e9s de introducir la l\u00ednea de producci\u00f3n autom\u00e1tica de polvo de goma Shuliy 560# en una f\u00e1brica canadiense, su producci\u00f3n diaria aument\u00f3 a 5 toneladas, mejorando enormemente la eficiencia y la rentabilidad.<\/p> <div id='gallery-1' class='gallery galleryid-17256 gallery-columns-3 gallery-size-thumbnail'><figure class='gallery-item'> \t\t\t<div class='gallery-icon landscape'> \t\t\t\t<a href='https:\/\/recyclingequipinc.com\/es\/?attachment_id=17265'><img loading=\"lazy\" decoding=\"async\" width=\"150\" height=\"150\" src=\"https:\/\/recyclingequipinc.com\/wp-content\/uploads\/2025\/05\/tire-recycling-quipment-to-Canada-150x150.webp\" class=\"attachment-thumbnail size-thumbnail\" alt=\"equipo de reciclaje de neum\u00e1ticos a Canad\u00e1\" aria-describedby=\"gallery-1-17265\" srcset=\"https:\/\/recyclingequipinc.com\/wp-content\/uploads\/2025\/05\/tire-recycling-quipment-to-Canada-150x150.webp 150w, https:\/\/recyclingequipinc.com\/wp-content\/uploads\/2025\/05\/tire-recycling-quipment-to-Canada-100x100.webp 100w\" sizes=\"(max-width: 150px) 100vw, 150px\" \/><\/a> \t\t\t<\/div> \t\t\t\t<figcaption class='wp-caption-text gallery-caption' id='gallery-1-17265'> \t\t\t\tequipo de reciclaje de neum\u00e1ticos a Canad\u00e1 \t\t\t\t<\/figcaption><\/figure><figure class='gallery-item'> \t\t\t<div class='gallery-icon landscape'> \t\t\t\t<a href='https:\/\/recyclingequipinc.com\/es\/?attachment_id=17263'><img loading=\"lazy\" decoding=\"async\" width=\"150\" height=\"150\" src=\"https:\/\/recyclingequipinc.com\/wp-content\/uploads\/2025\/05\/tire-recycling-machines-to-Austrilia-150x150.webp\" class=\"attachment-thumbnail size-thumbnail\" alt=\"m\u00e1quinas de reciclaje de neum\u00e1ticos a Australia\" aria-describedby=\"gallery-1-17263\" srcset=\"https:\/\/recyclingequipinc.com\/wp-content\/uploads\/2025\/05\/tire-recycling-machines-to-Austrilia-150x150.webp 150w, https:\/\/recyclingequipinc.com\/wp-content\/uploads\/2025\/05\/tire-recycling-machines-to-Austrilia-100x100.webp 100w\" sizes=\"(max-width: 150px) 100vw, 150px\" \/><\/a> \t\t\t<\/div> \t\t\t\t<figcaption class='wp-caption-text gallery-caption' id='gallery-1-17263'> \t\t\t\tm\u00e1quinas de reciclaje de neum\u00e1ticos a Australia \t\t\t\t<\/figcaption><\/figure><figure class='gallery-item'> \t\t\t<div class='gallery-icon landscape'> \t\t\t\t<a href='https:\/\/recyclingequipinc.com\/es\/?attachment_id=17262'><img loading=\"lazy\" decoding=\"async\" width=\"150\" height=\"150\" src=\"https:\/\/recyclingequipinc.com\/wp-content\/uploads\/2025\/05\/tire-recycling-machine-packed-for-shippment-to-South-africa-150x150.webp\" class=\"attachment-thumbnail size-thumbnail\" alt=\"m\u00e1quina de reciclaje de neum\u00e1ticos empaquetada para env\u00edo a Sud\u00e1frica\" aria-describedby=\"gallery-1-17262\" srcset=\"https:\/\/recyclingequipinc.com\/wp-content\/uploads\/2025\/05\/tire-recycling-machine-packed-for-shippment-to-South-africa-150x150.webp 150w, https:\/\/recyclingequipinc.com\/wp-content\/uploads\/2025\/05\/tire-recycling-machine-packed-for-shippment-to-South-africa-100x100.webp 100w\" sizes=\"(max-width: 150px) 100vw, 150px\" \/><\/a> \t\t\t<\/div> \t\t\t\t<figcaption class='wp-caption-text gallery-caption' id='gallery-1-17262'> \t\t\t\tm\u00e1quina de reciclaje de neum\u00e1ticos empaquetada para env\u00edo a Sud\u00e1frica \t\t\t\t<\/figcaption><\/figure> \t\t<\/div>  <h2>Equipo autom\u00e1tico de reciclaje de neum\u00e1ticos en venta<\/h2> <p>Como proveedor l\u00edder de equipos de reciclaje de neum\u00e1ticos, podemos ofrecer un servicio integral, desde el dise\u00f1o y la instalaci\u00f3n hasta el soporte postventa. Si est\u00e1 interesado, \u00a1no dude en ponerse en contacto con nosotros!<\/p>","protected":false},"excerpt":{"rendered":"<p>La l\u00ednea de producci\u00f3n autom\u00e1tica de polvo de goma de Shuliy est\u00e1 dise\u00f1ada para convertir neum\u00e1ticos desechados de menos de 1200 mm en polvo de goma para su reutilizaci\u00f3n. La finura del polvo de goma se puede ajustar a un rango de 10 a 40 mallas, con una pureza de al menos el 99%.<\/p>","protected":false},"featured_media":17264,"template":"","meta":{"site-sidebar-layout":"default","site-content-layout":"","ast-site-content-layout":"default","site-content-style":"default","site-sidebar-style":"default","ast-global-header-display":"","ast-banner-title-visibility":"","ast-main-header-display":"","ast-hfb-above-header-display":"","ast-hfb-below-header-display":"","ast-hfb-mobile-header-display":"","site-post-title":"","ast-breadcrumbs-content":"","ast-featured-img":"","footer-sml-layout":"","ast-disable-related-posts":"","theme-transparent-header-meta":"default","adv-header-id-meta":"","stick-header-meta":"","header-above-stick-meta":"","header-main-stick-meta":"","header-below-stick-meta":"","astra-migrate-meta-layouts":"set","ast-page-background-enabled":"default","ast-page-background-meta":{"desktop":{"background-color":"","background-image":"","background-repeat":"repeat","background-position":"center center","background-size":"auto","background-attachment":"scroll","background-type":"","background-media":"","overlay-type":"","overlay-color":"","overlay-opacity":"","overlay-gradient":""},"tablet":{"background-color":"","background-image":"","background-repeat":"repeat","background-position":"center center","background-size":"auto","background-attachment":"scroll","background-type":"","background-media":"","overlay-type":"","overlay-color":"","overlay-opacity":"","overlay-gradient":""},"mobile":{"background-color":"","background-image":"","background-repeat":"repeat","background-position":"center center","background-size":"auto","background-attachment":"scroll","background-type":"","background-media":"","overlay-type":"","overlay-color":"","overlay-opacity":"","overlay-gradient":""}},"ast-content-background-meta":{"desktop":{"background-color":"var(--ast-global-color-5)","background-image":"","background-repeat":"repeat","background-position":"center center","background-size":"auto","background-attachment":"scroll","background-type":"","background-media":"","overlay-type":"","overlay-color":"","overlay-opacity":"","overlay-gradient":""},"tablet":{"background-color":"var(--ast-global-color-5)","background-image":"","background-repeat":"repeat","background-position":"center center","background-size":"auto","background-attachment":"scroll","background-type":"","background-media":"","overlay-type":"","overlay-color":"","overlay-opacity":"","overlay-gradient":""},"mobile":{"background-color":"var(--ast-global-color-5)","background-image":"","background-repeat":"repeat","background-position":"center center","background-size":"auto","background-attachment":"scroll","background-type":"","background-media":"","overlay-type":"","overlay-color":"","overlay-opacity":"","overlay-gradient":""}}},"product_brand":[],"product_cat":[128],"product_tag":[],"class_list":{"0":"post-17256","1":"product","2":"type-product","3":"status-publish","4":"has-post-thumbnail","6":"product_cat-tire-recycling-machine","7":"desktop-align-center","8":"tablet-align-center","9":"mobile-align-center","11":"first","12":"instock","13":"shipping-taxable","14":"product-type-simple"},"_links":{"self":[{"href":"https:\/\/recyclingequipinc.com\/es\/wp-json\/wp\/v2\/product\/17256","targetHints":{"allow":["GET"]}}],"collection":[{"href":"https:\/\/recyclingequipinc.com\/es\/wp-json\/wp\/v2\/product"}],"about":[{"href":"https:\/\/recyclingequipinc.com\/es\/wp-json\/wp\/v2\/types\/product"}],"version-history":[{"count":0,"href":"https:\/\/recyclingequipinc.com\/es\/wp-json\/wp\/v2\/product\/17256\/revisions"}],"wp:featuredmedia":[{"embeddable":true,"href":"https:\/\/recyclingequipinc.com\/es\/wp-json\/wp\/v2\/media\/17264"}],"wp:attachment":[{"href":"https:\/\/recyclingequipinc.com\/es\/wp-json\/wp\/v2\/media?parent=17256"}],"wp:term":[{"taxonomy":"product_brand","embeddable":true,"href":"https:\/\/recyclingequipinc.com\/es\/wp-json\/wp\/v2\/product_brand?post=17256"},{"taxonomy":"product_cat","embeddable":true,"href":"https:\/\/recyclingequipinc.com\/es\/wp-json\/wp\/v2\/product_cat?post=17256"},{"taxonomy":"product_tag","embeddable":true,"href":"https:\/\/recyclingequipinc.com\/es\/wp-json\/wp\/v2\/product_tag?post=17256"}],"curies":[{"name":"wp","href":"https:\/\/api.w.org\/{rel}","templated":true}]}}