{"id":17105,"date":"2025-01-24T17:00:18","date_gmt":"2025-01-24T09:00:18","guid":{"rendered":"https:\/\/recyclingequipinc.com\/?post_type=product&#038;p=17105"},"modified":"2025-01-24T17:00:18","modified_gmt":"2025-01-24T09:00:18","slug":"trommel-sieve","status":"publish","type":"product","link":"https:\/\/recyclingequipinc.com\/es\/product\/trommel-sieve\/","title":{"rendered":"Tamiz Trommel de botella de pl\u00e1stico a la venta"},"content":{"rendered":"<p>Como equipo eficiente de cribado y separaci\u00f3n de impurezas, el tamiz Trommel proporciona un importante soporte t\u00e9cnico y garant\u00eda de calidad para el reciclaje de botellas de pl\u00e1stico. Como equipo eficiente de cribado y separaci\u00f3n de impurezas, el tamiz trommel proporciona soporte t\u00e9cnico sustancial y garant\u00eda de calidad para el reciclaje de botellas de pl\u00e1stico. Su principio de funcionamiento \u00fanico y su amplia aplicabilidad lo hacen de gran valor \u00fatil.<\/p> <figure id=\"attachment_17121\" aria-describedby=\"caption-attachment-17121\" style=\"width: 720px\" class=\"wp-caption aligncenter\"><img fetchpriority=\"high\" decoding=\"async\" class=\"size-full wp-image-17121\" src=\"https:\/\/recyclingequipinc.com\/wp-content\/uploads\/2025\/01\/trommel-sieve.webp\" alt=\"tamiz de tr\u00f3mel\" width=\"720\" height=\"540\" srcset=\"https:\/\/recyclingequipinc.com\/wp-content\/uploads\/2025\/01\/trommel-sieve.webp 720w, https:\/\/recyclingequipinc.com\/wp-content\/uploads\/2025\/01\/trommel-sieve-300x225.webp 300w, https:\/\/recyclingequipinc.com\/wp-content\/uploads\/2025\/01\/trommel-sieve-16x12.webp 16w\" sizes=\"(max-width: 720px) 100vw, 720px\" \/><figcaption id=\"caption-attachment-17121\" class=\"wp-caption-text\">tamiz de tr\u00f3mel<\/figcaption><\/figure> <h2>\u00bfPor qu\u00e9 utilizar tamices Trommel?<\/h2> <p>Las mallas de vaso se usan com\u00fanmente para pretratar botellas de pl\u00e1stico antes de triturarlas y reciclarlas, entonces, \u00bfpor qu\u00e9 usarlas? Entre otras razones:<\/p> <ul> <li>El uso de un tamiz giratorio puede eliminar eficazmente grandes impurezas, reducir la dificultad del reciclaje posterior y ayudar a mejorar la eficiencia y la calidad de las l\u00edneas de reciclaje de PET.<\/li> <li>El cribado previo de piedras, metales y otras impurezas puede ayudar a mejorar la vida \u00fatil de la trituradora, lavadora, etc. posterior, para evitar bloqueos, atascos, etc.<\/li> <li>Los tamices de vaso pueden ayudar a filtrar botellas de PET de diferentes tama\u00f1os, lo cual es conveniente para el tratamiento de reciclaje clasificado y maximiza la eficiencia del reciclaje de pl\u00e1stico.<\/li> <\/ul> <figure id=\"attachment_17122\" aria-describedby=\"caption-attachment-17122\" style=\"width: 720px\" class=\"wp-caption aligncenter\"><img decoding=\"async\" class=\"size-full wp-image-17122\" src=\"https:\/\/recyclingequipinc.com\/wp-content\/uploads\/2025\/01\/trommel-sieve-2.webp\" alt=\"tamiz de tr\u00f3mel\" width=\"720\" height=\"539\" srcset=\"https:\/\/recyclingequipinc.com\/wp-content\/uploads\/2025\/01\/trommel-sieve-2.webp 720w, https:\/\/recyclingequipinc.com\/wp-content\/uploads\/2025\/01\/trommel-sieve-2-300x225.webp 300w, https:\/\/recyclingequipinc.com\/wp-content\/uploads\/2025\/01\/trommel-sieve-2-16x12.webp 16w\" sizes=\"(max-width: 720px) 100vw, 720px\" \/><figcaption id=\"caption-attachment-17122\" class=\"wp-caption-text\">tamiz de tr\u00f3mel<\/figcaption><\/figure> <h2>Ventajas del tamiz de vaso Shuliy<\/h2> <ul> <li>Fabricado en acero al carbono, resistente al desgaste y duradero, de bajo coste de mantenimiento.<\/li> <li>Estructura de tamiz de tr\u00f3mel de pl\u00e1stico simple, f\u00e1cil de operar, limpiar y mantener.<\/li> <li>Gran capacidad, alto rendimiento y alto rendimiento para filtrar y eliminar de manera eficiente las impurezas de PET.<\/li> <li>Se puede utilizar para una amplia gama de tama\u00f1os y formas de botellas de pl\u00e1stico.<\/li> <\/ul> <figure id=\"attachment_17125\" aria-describedby=\"caption-attachment-17125\" style=\"width: 720px\" class=\"wp-caption aligncenter\"><img decoding=\"async\" class=\"size-full wp-image-17125\" src=\"https:\/\/recyclingequipinc.com\/wp-content\/uploads\/2025\/01\/trommel-screen.webp\" alt=\"pantalla de tr\u00f3mel\" width=\"720\" height=\"540\" srcset=\"https:\/\/recyclingequipinc.com\/wp-content\/uploads\/2025\/01\/trommel-screen.webp 720w, https:\/\/recyclingequipinc.com\/wp-content\/uploads\/2025\/01\/trommel-screen-300x225.webp 300w, https:\/\/recyclingequipinc.com\/wp-content\/uploads\/2025\/01\/trommel-screen-16x12.webp 16w\" sizes=\"(max-width: 720px) 100vw, 720px\" \/><figcaption id=\"caption-attachment-17125\" class=\"wp-caption-text\">pantalla de tr\u00f3mel<\/figcaption><\/figure> <h2>\u00bfC\u00f3mo funciona un tamiz de tambor?<\/h2> <p>Un tamiz de tr\u00f3mel consta principalmente de un tambor, una criba, un soporte, un motor, una entrada y una salida.<\/p> <p>Las botellas de pl\u00e1stico se introducen en el tambor a trav\u00e9s de la entrada, el motor impulsa el tambor para que gire lentamente, las botellas de pl\u00e1stico se enrollan y las impurezas se separan seg\u00fan el tama\u00f1o de la abertura de la pantalla. Las impurezas m\u00e1s peque\u00f1as que el tama\u00f1o de la malla se descargan a trav\u00e9s de la malla, mientras que las botellas de pl\u00e1stico m\u00e1s grandes que el tama\u00f1o de la malla contin\u00faan rodando hacia adelante y eventualmente se descargan a trav\u00e9s de diferentes puertos de descarga y se transportan al siguiente equipo de reciclaje.<\/p> <p>Dependiendo de la situaci\u00f3n de producci\u00f3n, usted es libre de elegir una criba con diferentes tama\u00f1os de malla para cribar eficazmente las botellas de pl\u00e1stico. \u00a1Env\u00edenos sus requisitos de producci\u00f3n y le recomendaremos la opci\u00f3n correcta!<\/p> <figure id=\"attachment_17123\" aria-describedby=\"caption-attachment-17123\" style=\"width: 720px\" class=\"wp-caption aligncenter\"><img loading=\"lazy\" decoding=\"async\" class=\"wp-image-17123 size-full\" src=\"https:\/\/recyclingequipinc.com\/wp-content\/uploads\/2025\/01\/drum-screen.webp\" alt=\"Pantalla de tambor en la f\u00e1brica.\" width=\"720\" height=\"540\" srcset=\"https:\/\/recyclingequipinc.com\/wp-content\/uploads\/2025\/01\/drum-screen.webp 720w, https:\/\/recyclingequipinc.com\/wp-content\/uploads\/2025\/01\/drum-screen-300x225.webp 300w, https:\/\/recyclingequipinc.com\/wp-content\/uploads\/2025\/01\/drum-screen-16x12.webp 16w\" sizes=\"(max-width: 720px) 100vw, 720px\" \/><figcaption id=\"caption-attachment-17123\" class=\"wp-caption-text\">Pantalla de tambor en la f\u00e1brica.<\/figcaption><\/figure> <h2>Par\u00e1metros de la pantalla Tumbler<\/h2> <table style=\"border-collapse: collapse; width: 43.3696%;\"> <tbody> <tr> <td style=\"width: 21.4607%;\">Materias primas<\/td> <td style=\"width: 21.9101%;\">botellas de PET<\/td> <\/tr> <tr> <td style=\"width: 21.4607%;\">Longitud del tr\u00f3mel<\/td> <td style=\"width: 21.9101%;\">4500 mm<\/td> <\/tr> <tr> <td style=\"width: 21.4607%;\">Funci\u00f3n<\/td> <td style=\"width: 21.9101%;\">Cribado<\/td> <\/tr> <tr> <td style=\"width: 21.4607%;\">Garant\u00eda<\/td> <td style=\"width: 21.9101%;\">un a\u00f1o<\/td> <\/tr> <\/tbody> <\/table> <p>&nbsp;<\/p> <h2>La aplicaci\u00f3n pr\u00e1ctica de la pantalla Trommel.<\/h2> <p>El reciclaje de PET suele dividirse en pretratamiento, trituraci\u00f3n y limpieza, con varios v\u00ednculos principales. La pantalla del tr\u00f3mel juega un papel clave en el pretratamiento. Puede realizar de manera eficiente la separaci\u00f3n preliminar de impurezas para el reciclaje de botellas de pl\u00e1stico, proporcionando una garant\u00eda de calidad estable de la materia prima y al mismo tiempo mejorando la eficiencia de los procesos posteriores y la pureza del producto terminado.<\/p> <figure id=\"attachment_17124\" aria-describedby=\"caption-attachment-17124\" style=\"width: 720px\" class=\"wp-caption aligncenter\"><img loading=\"lazy\" decoding=\"async\" class=\"size-full wp-image-17124\" src=\"https:\/\/recyclingequipinc.com\/wp-content\/uploads\/2025\/01\/drum-sieve.webp\" alt=\"tamiz de tambor\" width=\"720\" height=\"540\" srcset=\"https:\/\/recyclingequipinc.com\/wp-content\/uploads\/2025\/01\/drum-sieve.webp 720w, https:\/\/recyclingequipinc.com\/wp-content\/uploads\/2025\/01\/drum-sieve-300x225.webp 300w, https:\/\/recyclingequipinc.com\/wp-content\/uploads\/2025\/01\/drum-sieve-16x12.webp 16w\" sizes=\"(max-width: 720px) 100vw, 720px\" \/><figcaption id=\"caption-attachment-17124\" class=\"wp-caption-text\">tamiz de tambor<\/figcaption><\/figure> <h2>En resumen<\/h2> <p>Lo anterior es una introducci\u00f3n general a la pantalla del tr\u00f3mel. Si desea obtener informaci\u00f3n m\u00e1s detallada, como la eficiencia de cribado espec\u00edfica o recomendaciones de l\u00edneas de producci\u00f3n adecuadas, no dude en contactarnos. \u00a1Esperamos seguir discutiendo esto con usted!<\/p> <p>&nbsp;<\/p>","protected":false},"excerpt":{"rendered":"<p>El tamiz de vaso se usa com\u00fanmente en el reciclaje de PET, precribado para eliminar grandes trozos de papel, piedras y otras impurezas antes de triturarlos, para mejorar la eficiencia del reciclaje de botellas de pl\u00e1stico.<\/p>","protected":false},"featured_media":17126,"template":"","meta":{"site-sidebar-layout":"default","site-content-layout":"","ast-site-content-layout":"default","site-content-style":"default","site-sidebar-style":"default","ast-global-header-display":"","ast-banner-title-visibility":"","ast-main-header-display":"","ast-hfb-above-header-display":"","ast-hfb-below-header-display":"","ast-hfb-mobile-header-display":"","site-post-title":"","ast-breadcrumbs-content":"","ast-featured-img":"","footer-sml-layout":"","ast-disable-related-posts":"","theme-transparent-header-meta":"default","adv-header-id-meta":"","stick-header-meta":"","header-above-stick-meta":"","header-main-stick-meta":"","header-below-stick-meta":"","astra-migrate-meta-layouts":"set","ast-page-background-enabled":"default","ast-page-background-meta":{"desktop":{"background-color":"","background-image":"","background-repeat":"repeat","background-position":"center center","background-size":"auto","background-attachment":"scroll","background-type":"","background-media":"","overlay-type":"","overlay-color":"","overlay-opacity":"","overlay-gradient":""},"tablet":{"background-color":"","background-image":"","background-repeat":"repeat","background-position":"center center","background-size":"auto","background-attachment":"scroll","background-type":"","background-media":"","overlay-type":"","overlay-color":"","overlay-opacity":"","overlay-gradient":""},"mobile":{"background-color":"","background-image":"","background-repeat":"repeat","background-position":"center center","background-size":"auto","background-attachment":"scroll","background-type":"","background-media":"","overlay-type":"","overlay-color":"","overlay-opacity":"","overlay-gradient":""}},"ast-content-background-meta":{"desktop":{"background-color":"var(--ast-global-color-5)","background-image":"","background-repeat":"repeat","background-position":"center center","background-size":"auto","background-attachment":"scroll","background-type":"","background-media":"","overlay-type":"","overlay-color":"","overlay-opacity":"","overlay-gradient":""},"tablet":{"background-color":"var(--ast-global-color-5)","background-image":"","background-repeat":"repeat","background-position":"center center","background-size":"auto","background-attachment":"scroll","background-type":"","background-media":"","overlay-type":"","overlay-color":"","overlay-opacity":"","overlay-gradient":""},"mobile":{"background-color":"var(--ast-global-color-5)","background-image":"","background-repeat":"repeat","background-position":"center center","background-size":"auto","background-attachment":"scroll","background-type":"","background-media":"","overlay-type":"","overlay-color":"","overlay-opacity":"","overlay-gradient":""}}},"product_brand":[],"product_cat":[36],"product_tag":[90],"class_list":{"0":"post-17105","1":"product","2":"type-product","3":"status-publish","4":"has-post-thumbnail","6":"product_cat-plastic-recycling-machine","7":"product_tag-pet-part","8":"desktop-align-center","9":"tablet-align-center","10":"mobile-align-center","12":"first","13":"instock","14":"shipping-taxable","15":"product-type-simple"},"_links":{"self":[{"href":"https:\/\/recyclingequipinc.com\/es\/wp-json\/wp\/v2\/product\/17105","targetHints":{"allow":["GET"]}}],"collection":[{"href":"https:\/\/recyclingequipinc.com\/es\/wp-json\/wp\/v2\/product"}],"about":[{"href":"https:\/\/recyclingequipinc.com\/es\/wp-json\/wp\/v2\/types\/product"}],"version-history":[{"count":0,"href":"https:\/\/recyclingequipinc.com\/es\/wp-json\/wp\/v2\/product\/17105\/revisions"}],"wp:featuredmedia":[{"embeddable":true,"href":"https:\/\/recyclingequipinc.com\/es\/wp-json\/wp\/v2\/media\/17126"}],"wp:attachment":[{"href":"https:\/\/recyclingequipinc.com\/es\/wp-json\/wp\/v2\/media?parent=17105"}],"wp:term":[{"taxonomy":"product_brand","embeddable":true,"href":"https:\/\/recyclingequipinc.com\/es\/wp-json\/wp\/v2\/product_brand?post=17105"},{"taxonomy":"product_cat","embeddable":true,"href":"https:\/\/recyclingequipinc.com\/es\/wp-json\/wp\/v2\/product_cat?post=17105"},{"taxonomy":"product_tag","embeddable":true,"href":"https:\/\/recyclingequipinc.com\/es\/wp-json\/wp\/v2\/product_tag?post=17105"}],"curies":[{"name":"wp","href":"https:\/\/api.w.org\/{rel}","templated":true}]}}