{"id":17097,"date":"2025-01-24T16:17:57","date_gmt":"2025-01-24T08:17:57","guid":{"rendered":"https:\/\/recyclingequipinc.com\/?post_type=product&#038;p=17097"},"modified":"2025-01-24T16:17:57","modified_gmt":"2025-01-24T08:17:57","slug":"forced-feeder","status":"publish","type":"product","link":"https:\/\/recyclingequipinc.com\/es\/product\/forced-feeder\/","title":{"rendered":"Alimentador forzado eficiente para l\u00ednea de granulaci\u00f3n de pl\u00e1stico"},"content":{"rendered":"<p>La pel\u00edcula pl\u00e1stica, debido a su gran tama\u00f1o y peso ligero, es dif\u00edcil de alimentar en el proceso de reciclaje y es propensa a problemas como acumulaci\u00f3n de material, alimentaci\u00f3n desigual o atascos, lo que afecta la eficiencia del procesamiento y la estabilidad del funcionamiento del equipo. Por lo tanto, es necesario utilizar el alimentador autom\u00e1tico forzado para ayudar a que la pel\u00edcula pl\u00e1stica se alimente uniformemente para mejorar la eficiencia del reciclaje de pl\u00e1stico.<\/p> <div class=\"ast-oembed-container\" style=\"height: 100%;\"><iframe title=\"\u00bfC\u00f3mo funciona un alimentador forzado para peletizaci\u00f3n de pl\u00e1stico?\" width=\"500\" height=\"281\" src=\"https:\/\/www.youtube.com\/embed\/ts8jgIE6AAw?feature=oembed\" frameborder=\"0\" allow=\"accelerometer; autoplay; clipboard-write; encrypted-media; gyroscope; picture-in-picture; web-share\" referrerpolicy=\"strict-origin-when-cross-origin\" allowfullscreen><\/iframe><\/div> <h2>Caracter\u00edsticas de nuestros alimentadores forzados de pel\u00edcula pl\u00e1stica:<\/h2> <ul> <li>El alto grado de automatizaci\u00f3n, seguro y f\u00e1cil de operar.<\/li> <li>Fuerte fuerza de agarre, puede manejar f\u00e1cilmente pel\u00edculas pl\u00e1sticas sueltas o irregulares.<\/li> <li>Equipado con un motor de alta eficiencia, alta eficiencia de transporte y una s\u00f3lida garant\u00eda de alimentaci\u00f3n continua y estable.<\/li> <li>Se conecta perfectamente con m\u00e1quinas de reciclaje de pl\u00e1stico, como los granuladores de pl\u00e1stico, y realiza un transporte eficiente de fragmentos de pl\u00e1stico.<\/li> <li>Aseg\u00farese de que el pl\u00e1stico ingrese al peletizador de pl\u00e1stico de manera uniforme, lo que favorece la mejora de la calidad de la peletizaci\u00f3n de pl\u00e1stico.<\/li> <li>Amplia gama de aplicaciones, com\u00fanmente utilizadas en el procesamiento de todo tipo de pel\u00edculas pl\u00e1sticas, pl\u00e1stico r\u00edgido y espuma, incluidos PP, PE, LDPE, HDPE, PVC, etc.<\/li> <li>El dise\u00f1o humanizado, f\u00e1cil de limpiar y mantener, y la naturaleza cerrada del alimentador forzado es buena, no es f\u00e1cil filtrar pl\u00e1stico, para evitar la contaminaci\u00f3n ambiental.<\/li> <\/ul> <figure id=\"attachment_17108\" aria-describedby=\"caption-attachment-17108\" style=\"width: 300px\" class=\"wp-caption alignleft\"><img fetchpriority=\"high\" decoding=\"async\" class=\"wp-image-17108 size-medium\" src=\"https:\/\/recyclingequipinc.com\/wp-content\/uploads\/2025\/01\/plastic-feeding-machine-300x225.webp\" alt=\"m\u00e1quina de alimentaci\u00f3n de pl\u00e1stico\" width=\"300\" height=\"225\" srcset=\"https:\/\/recyclingequipinc.com\/wp-content\/uploads\/2025\/01\/plastic-feeding-machine-300x225.webp 300w, https:\/\/recyclingequipinc.com\/wp-content\/uploads\/2025\/01\/plastic-feeding-machine-16x12.webp 16w, https:\/\/recyclingequipinc.com\/wp-content\/uploads\/2025\/01\/plastic-feeding-machine.webp 720w\" sizes=\"(max-width: 300px) 100vw, 300px\" \/><figcaption id=\"caption-attachment-17108\" class=\"wp-caption-text\">m\u00e1quina de alimentaci\u00f3n de pl\u00e1stico<\/figcaption><\/figure> <figure id=\"attachment_17109\" aria-describedby=\"caption-attachment-17109\" style=\"width: 300px\" class=\"wp-caption alignleft\"><img decoding=\"async\" class=\"wp-image-17109 size-medium\" src=\"https:\/\/recyclingequipinc.com\/wp-content\/uploads\/2025\/01\/stainless-steel-blades-of-the-forced-feeder-300x225.webp\" alt=\"cuchillas de acero inoxidable del alimentador forzado\" width=\"300\" height=\"225\" srcset=\"https:\/\/recyclingequipinc.com\/wp-content\/uploads\/2025\/01\/stainless-steel-blades-of-the-forced-feeder-300x225.webp 300w, https:\/\/recyclingequipinc.com\/wp-content\/uploads\/2025\/01\/stainless-steel-blades-of-the-forced-feeder-16x12.webp 16w, https:\/\/recyclingequipinc.com\/wp-content\/uploads\/2025\/01\/stainless-steel-blades-of-the-forced-feeder.webp 720w\" sizes=\"(max-width: 300px) 100vw, 300px\" \/><figcaption id=\"caption-attachment-17109\" class=\"wp-caption-text\">cuchillas de acero inoxidable del alimentador forzado<\/figcaption><\/figure> <h2>Par\u00e1metros del alimentador forzado.<\/h2> <table style=\"border-collapse: collapse; width: 46.5156%;\"> <tbody> <tr> <td style=\"width: 21.1158%;\">Modelo<\/td> <td style=\"width: 25.4874%;\">SL-150<\/td> <\/tr> <tr> <td style=\"width: 21.1158%;\">Fuerza<\/td> <td style=\"width: 25.4874%;\">5,5 KW<\/td> <\/tr> <tr> <td style=\"width: 21.1158%;\">reductor<\/td> <td style=\"width: 25.4874%;\">Reductor de engranajes endurecido<\/td> <\/tr> <tr> <td style=\"width: 21.1158%;\">Controlar Canibet<\/td> <td style=\"width: 25.4874%;\">S\u00ed<\/td> <\/tr> <tr> <td style=\"width: 21.1158%;\">Eje de transmisi\u00f3n<\/td> <td style=\"width: 25.4874%;\">S\u00ed<\/td> <\/tr> <\/tbody> <\/table> <figure id=\"attachment_17113\" aria-describedby=\"caption-attachment-17113\" style=\"width: 300px\" class=\"wp-caption alignleft\"><img decoding=\"async\" class=\"wp-image-17113 size-medium\" src=\"https:\/\/recyclingequipinc.com\/wp-content\/uploads\/2025\/01\/forced-feeder-machine-for-plastic-recycling-300x225.webp\" alt=\"m\u00e1quina de alimentaci\u00f3n forzada para reciclaje de pl\u00e1stico\" width=\"300\" height=\"225\" srcset=\"https:\/\/recyclingequipinc.com\/wp-content\/uploads\/2025\/01\/forced-feeder-machine-for-plastic-recycling-300x225.webp 300w, https:\/\/recyclingequipinc.com\/wp-content\/uploads\/2025\/01\/forced-feeder-machine-for-plastic-recycling-16x12.webp 16w, https:\/\/recyclingequipinc.com\/wp-content\/uploads\/2025\/01\/forced-feeder-machine-for-plastic-recycling.webp 720w\" sizes=\"(max-width: 300px) 100vw, 300px\" \/><figcaption id=\"caption-attachment-17113\" class=\"wp-caption-text\">m\u00e1quina de alimentaci\u00f3n forzada para reciclaje de pl\u00e1stico<\/figcaption><\/figure> <figure id=\"attachment_17112\" aria-describedby=\"caption-attachment-17112\" style=\"width: 300px\" class=\"wp-caption alignleft\"><img loading=\"lazy\" decoding=\"async\" class=\"wp-image-17112 size-medium\" src=\"https:\/\/recyclingequipinc.com\/wp-content\/uploads\/2025\/01\/details-of-feeding-machine-300x225.webp\" alt=\"Detalles de la m\u00e1quina de alimentaci\u00f3n.\" width=\"300\" height=\"225\" srcset=\"https:\/\/recyclingequipinc.com\/wp-content\/uploads\/2025\/01\/details-of-feeding-machine-300x225.webp 300w, https:\/\/recyclingequipinc.com\/wp-content\/uploads\/2025\/01\/details-of-feeding-machine-16x12.webp 16w, https:\/\/recyclingequipinc.com\/wp-content\/uploads\/2025\/01\/details-of-feeding-machine.webp 720w\" sizes=\"(max-width: 300px) 100vw, 300px\" \/><figcaption id=\"caption-attachment-17112\" class=\"wp-caption-text\">Detalles de la m\u00e1quina de alimentaci\u00f3n.<\/figcaption><\/figure> <h2>Principio de funcionamiento de los alimentadores forzados<\/h2> <p>El alimentador est\u00e1 equipado con un motor de alta potencia conectado al eje impulsor, que proporciona una gran potencia para girar el eje impulsor. Cuando el pl\u00e1stico se introduce en el alimentador, el eje impulsor hace girar las cuchillas en espiral, que agarran y comprimen el pl\u00e1stico, lo descargan a trav\u00e9s de la salida en la parte inferior y ingresan directamente a la m\u00e1quina peletizadora de pl\u00e1stico para el procesamiento de fusi\u00f3n por calor.<\/p> <p>En este proceso, debido a la estructura vertical del alimentador forzado, el pl\u00e1stico se ve afectado por la gravedad, lo que acelera a\u00fan m\u00e1s la velocidad del pl\u00e1stico empujado, evitando efectivamente la obstrucci\u00f3n del material y mejorando la continuidad y estabilidad de la eficiencia del reciclaje.<\/p> <figure id=\"attachment_17114\" aria-describedby=\"caption-attachment-17114\" style=\"width: 720px\" class=\"wp-caption aligncenter\"><img loading=\"lazy\" decoding=\"async\" class=\"size-full wp-image-17114\" src=\"https:\/\/recyclingequipinc.com\/wp-content\/uploads\/2025\/01\/Feeding-Extruder-System.webp\" alt=\"Sistema de extrusi\u00f3n de alimentaci\u00f3n\" width=\"720\" height=\"540\" srcset=\"https:\/\/recyclingequipinc.com\/wp-content\/uploads\/2025\/01\/Feeding-Extruder-System.webp 720w, https:\/\/recyclingequipinc.com\/wp-content\/uploads\/2025\/01\/Feeding-Extruder-System-300x225.webp 300w, https:\/\/recyclingequipinc.com\/wp-content\/uploads\/2025\/01\/Feeding-Extruder-System-16x12.webp 16w\" sizes=\"(max-width: 720px) 100vw, 720px\" \/><figcaption id=\"caption-attachment-17114\" class=\"wp-caption-text\">Sistema de extrusi\u00f3n de alimentaci\u00f3n<\/figcaption><\/figure> <h2>Aplicaciones de alimentaci\u00f3n forzada<\/h2> <p>El alimentador forzado de tornillo es adecuado para peletizar y reciclar varios tipos de pl\u00e1sticos, incluidas bolsas tejidas, pel\u00edculas agr\u00edcolas, paletas de pl\u00e1stico, tuber\u00edas y materiales EPE. Este dispositivo comprime y mezcla los residuos de pl\u00e1stico y los introduce en la extrusora para su fusi\u00f3n y extrusi\u00f3n.<\/p> <p class=\"translation-block\">El uso de alimentadores forzados en lugar de mano de obra puede ayudar a reducir los costos de mano de obra al tiempo que garantiza una entrega uniforme y eficiente de pl\u00e1stico. Esto da como resultado un proceso de <a href=\"https:\/\/recyclingequipinc.com\/es\/producto\/plastic-film-pelletizing-machine\/\">granulaci\u00f3n de pl\u00e1stico<\/a> m\u00e1s estable y continuo, minimizando el riesgo de enredos de material y obstrucciones en la maquinaria.<\/p> <figure id=\"attachment_17115\" aria-describedby=\"caption-attachment-17115\" style=\"width: 300px\" class=\"wp-caption alignleft\"><img loading=\"lazy\" decoding=\"async\" class=\"wp-image-17115 size-medium\" src=\"https:\/\/recyclingequipinc.com\/wp-content\/uploads\/2025\/01\/EPE-plastics-300x225.webp\" alt=\"Pl\u00e1sticos EPE\" width=\"300\" height=\"225\" srcset=\"https:\/\/recyclingequipinc.com\/wp-content\/uploads\/2025\/01\/EPE-plastics-300x225.webp 300w, https:\/\/recyclingequipinc.com\/wp-content\/uploads\/2025\/01\/EPE-plastics-16x12.webp 16w, https:\/\/recyclingequipinc.com\/wp-content\/uploads\/2025\/01\/EPE-plastics.webp 720w\" sizes=\"(max-width: 300px) 100vw, 300px\" \/><figcaption id=\"caption-attachment-17115\" class=\"wp-caption-text\">Pl\u00e1sticos EPE<\/figcaption><\/figure> <figure id=\"attachment_17116\" aria-describedby=\"caption-attachment-17116\" style=\"width: 300px\" class=\"wp-caption alignleft\"><img loading=\"lazy\" decoding=\"async\" class=\"wp-image-17116 size-medium\" src=\"https:\/\/recyclingequipinc.com\/wp-content\/uploads\/2025\/01\/PP-plastic-films-300x225.webp\" alt=\"pel\u00edculas de pl\u00e1stico pp\" width=\"300\" height=\"225\" srcset=\"https:\/\/recyclingequipinc.com\/wp-content\/uploads\/2025\/01\/PP-plastic-films-300x225.webp 300w, https:\/\/recyclingequipinc.com\/wp-content\/uploads\/2025\/01\/PP-plastic-films-16x12.webp 16w, https:\/\/recyclingequipinc.com\/wp-content\/uploads\/2025\/01\/PP-plastic-films.webp 720w\" sizes=\"(max-width: 300px) 100vw, 300px\" \/><figcaption id=\"caption-attachment-17116\" class=\"wp-caption-text\">pel\u00edculas de pl\u00e1stico pp<\/figcaption><\/figure> <figure id=\"attachment_17117\" aria-describedby=\"caption-attachment-17117\" style=\"width: 300px\" class=\"wp-caption alignleft\"><img loading=\"lazy\" decoding=\"async\" class=\"wp-image-17117 size-medium\" src=\"https:\/\/recyclingequipinc.com\/wp-content\/uploads\/2025\/01\/woven-bags-300x225.webp\" alt=\"bolsas tejidas\" width=\"300\" height=\"225\" srcset=\"https:\/\/recyclingequipinc.com\/wp-content\/uploads\/2025\/01\/woven-bags-300x225.webp 300w, https:\/\/recyclingequipinc.com\/wp-content\/uploads\/2025\/01\/woven-bags-16x12.webp 16w, https:\/\/recyclingequipinc.com\/wp-content\/uploads\/2025\/01\/woven-bags.webp 720w\" sizes=\"(max-width: 300px) 100vw, 300px\" \/><figcaption id=\"caption-attachment-17117\" class=\"wp-caption-text\">bolsas tejidas<\/figcaption><\/figure> <h2>Conclusi\u00f3n<\/h2> <p>Como proveedor profesional de m\u00e1quinas de reciclaje de pl\u00e1stico, podemos suministrar o personalizar varios modelos de alimentadores forzados para adaptarlos a su l\u00ednea de producci\u00f3n de reciclaje. Env\u00edenos sus necesidades de producci\u00f3n, \u00a1siempre estamos esperando su mensaje!<\/p> <p>&nbsp;<\/p>","protected":false},"excerpt":{"rendered":"<p>Los alimentadores forzados aumentan la eficiencia del reciclaje de pl\u00e1sticos comprimiendo o mezclando y ayudando a introducir pl\u00e1sticos en la entrada de las m\u00e1quinas de reciclaje de pl\u00e1sticos de manera continua y estable.<\/p>","protected":false},"featured_media":17107,"template":"","meta":{"site-sidebar-layout":"default","site-content-layout":"","ast-site-content-layout":"default","site-content-style":"default","site-sidebar-style":"default","ast-global-header-display":"","ast-banner-title-visibility":"","ast-main-header-display":"","ast-hfb-above-header-display":"","ast-hfb-below-header-display":"","ast-hfb-mobile-header-display":"","site-post-title":"","ast-breadcrumbs-content":"","ast-featured-img":"","footer-sml-layout":"","ast-disable-related-posts":"","theme-transparent-header-meta":"default","adv-header-id-meta":"","stick-header-meta":"","header-above-stick-meta":"","header-main-stick-meta":"","header-below-stick-meta":"","astra-migrate-meta-layouts":"set","ast-page-background-enabled":"default","ast-page-background-meta":{"desktop":{"background-color":"","background-image":"","background-repeat":"repeat","background-position":"center center","background-size":"auto","background-attachment":"scroll","background-type":"","background-media":"","overlay-type":"","overlay-color":"","overlay-opacity":"","overlay-gradient":""},"tablet":{"background-color":"","background-image":"","background-repeat":"repeat","background-position":"center center","background-size":"auto","background-attachment":"scroll","background-type":"","background-media":"","overlay-type":"","overlay-color":"","overlay-opacity":"","overlay-gradient":""},"mobile":{"background-color":"","background-image":"","background-repeat":"repeat","background-position":"center center","background-size":"auto","background-attachment":"scroll","background-type":"","background-media":"","overlay-type":"","overlay-color":"","overlay-opacity":"","overlay-gradient":""}},"ast-content-background-meta":{"desktop":{"background-color":"var(--ast-global-color-5)","background-image":"","background-repeat":"repeat","background-position":"center center","background-size":"auto","background-attachment":"scroll","background-type":"","background-media":"","overlay-type":"","overlay-color":"","overlay-opacity":"","overlay-gradient":""},"tablet":{"background-color":"var(--ast-global-color-5)","background-image":"","background-repeat":"repeat","background-position":"center center","background-size":"auto","background-attachment":"scroll","background-type":"","background-media":"","overlay-type":"","overlay-color":"","overlay-opacity":"","overlay-gradient":""},"mobile":{"background-color":"var(--ast-global-color-5)","background-image":"","background-repeat":"repeat","background-position":"center center","background-size":"auto","background-attachment":"scroll","background-type":"","background-media":"","overlay-type":"","overlay-color":"","overlay-opacity":"","overlay-gradient":""}}},"product_brand":[],"product_cat":[36],"product_tag":[],"class_list":{"0":"post-17097","1":"product","2":"type-product","3":"status-publish","4":"has-post-thumbnail","6":"product_cat-plastic-recycling-machine","7":"desktop-align-center","8":"tablet-align-center","9":"mobile-align-center","11":"first","12":"instock","13":"shipping-taxable","14":"product-type-simple"},"_links":{"self":[{"href":"https:\/\/recyclingequipinc.com\/es\/wp-json\/wp\/v2\/product\/17097","targetHints":{"allow":["GET"]}}],"collection":[{"href":"https:\/\/recyclingequipinc.com\/es\/wp-json\/wp\/v2\/product"}],"about":[{"href":"https:\/\/recyclingequipinc.com\/es\/wp-json\/wp\/v2\/types\/product"}],"version-history":[{"count":0,"href":"https:\/\/recyclingequipinc.com\/es\/wp-json\/wp\/v2\/product\/17097\/revisions"}],"wp:featuredmedia":[{"embeddable":true,"href":"https:\/\/recyclingequipinc.com\/es\/wp-json\/wp\/v2\/media\/17107"}],"wp:attachment":[{"href":"https:\/\/recyclingequipinc.com\/es\/wp-json\/wp\/v2\/media?parent=17097"}],"wp:term":[{"taxonomy":"product_brand","embeddable":true,"href":"https:\/\/recyclingequipinc.com\/es\/wp-json\/wp\/v2\/product_brand?post=17097"},{"taxonomy":"product_cat","embeddable":true,"href":"https:\/\/recyclingequipinc.com\/es\/wp-json\/wp\/v2\/product_cat?post=17097"},{"taxonomy":"product_tag","embeddable":true,"href":"https:\/\/recyclingequipinc.com\/es\/wp-json\/wp\/v2\/product_tag?post=17097"}],"curies":[{"name":"wp","href":"https:\/\/api.w.org\/{rel}","templated":true}]}}