{"id":17080,"date":"2025-01-22T11:09:50","date_gmt":"2025-01-22T03:09:50","guid":{"rendered":"https:\/\/recyclingequipinc.com\/?post_type=product&#038;p=17080"},"modified":"2025-01-22T11:09:50","modified_gmt":"2025-01-22T03:09:50","slug":"plastic-pellet-storage-silos","status":"publish","type":"product","link":"https:\/\/recyclingequipinc.com\/es\/product\/plastic-pellet-storage-silos\/","title":{"rendered":"Silos de almacenamiento de pellets de pl\u00e1stico de acero inoxidable para reciclaje de pl\u00e1stico"},"content":{"rendered":"<p>Los silos de almacenamiento de pellets de pl\u00e1stico est\u00e1n dise\u00f1ados para almacenar pellets de pl\u00e1stico reciclados, brindando beneficios econ\u00f3micos, ambientales y de calidad al reciclaje de pl\u00e1sticos al proporcionar condiciones de almacenamiento estrictas, y son una pieza esencial de equipo en todo tipo de l\u00edneas de reciclaje de pl\u00e1sticos.<\/p> <div class=\"ast-oembed-container\" style=\"height: 100%;\"><iframe title=\"Silos de almacenamiento de pellets de pl\u00e1stico eficientes: \u00a1maximice la capacidad y la estabilidad!\" width=\"500\" height=\"281\" src=\"https:\/\/www.youtube.com\/embed\/OqUPjlXKKlU?feature=oembed\" frameborder=\"0\" allow=\"accelerometer; autoplay; clipboard-write; encrypted-media; gyroscope; picture-in-picture; web-share\" referrerpolicy=\"strict-origin-when-cross-origin\" allowfullscreen><\/iframe><\/div> <h2>\u00bfCu\u00e1les son las ventajas de los silos de almacenamiento de pellets de pl\u00e1stico Shuliy?<\/h2> <ul> <li>A prueba de humedad y polvo: el silo de almacenamiento proporciona un entorno de almacenamiento sellado para los gr\u00e1nulos de pl\u00e1stico, protegi\u00e9ndolos de la humedad y la contaminaci\u00f3n exterior y reduciendo la p\u00e9rdida de material.<\/li> <li>Previene el envejecimiento de los pellets: el recipiente de almacenamiento est\u00e1 hecho de acero inoxidable impermeable, lo que evita que la luz solar directa envejezca y oxide los pellets de pl\u00e1stico.<br \/> Facilita la gesti\u00f3n del pellet: el almacenamiento centralizado del pellet producido facilita la posterior gesti\u00f3n ordenada del pellet en cuanto a transporte, envasado, procesado, etc.<\/li> <li>Mejorar la eficiencia del reciclaje: la cooperaci\u00f3n eficiente entre el contenedor de almacenamiento de granulado de pl\u00e1stico y el sistema de peletizaci\u00f3n de pl\u00e1stico puede resolver eficazmente el problema de la acumulaci\u00f3n de granulado terminado y garantizar la continuidad del proceso de reciclaje, mejorando as\u00ed en gran medida la eficiencia operativa general.<\/li> <li>Reducir el costo de almacenamiento: puede reducir el espacio de los gr\u00e1nulos de pl\u00e1stico en la f\u00e1brica y mejorar la tasa de utilizaci\u00f3n del espacio.<\/li> <li>Prevenir la contaminaci\u00f3n ambiental: el almacenamiento centralizado evita que los gr\u00e1nulos de pl\u00e1stico se dispersen, derramen, etc., lo que causa contaminaci\u00f3n ambiental y aumenta la carga sobre la tierra.<\/li> <\/ul> <figure id=\"attachment_17085\" aria-describedby=\"caption-attachment-17085\" style=\"width: 720px\" class=\"wp-caption aligncenter\"><img fetchpriority=\"high\" decoding=\"async\" class=\"wp-image-17085 size-full\" src=\"https:\/\/recyclingequipinc.com\/wp-content\/uploads\/2025\/01\/plastic-pellet-storage-bins-in-stock.webp\" alt=\"Silos de almacenamiento de pellets de pl\u00e1stico en stock.\" width=\"720\" height=\"540\" srcset=\"https:\/\/recyclingequipinc.com\/wp-content\/uploads\/2025\/01\/plastic-pellet-storage-bins-in-stock.webp 720w, https:\/\/recyclingequipinc.com\/wp-content\/uploads\/2025\/01\/plastic-pellet-storage-bins-in-stock-300x225.webp 300w, https:\/\/recyclingequipinc.com\/wp-content\/uploads\/2025\/01\/plastic-pellet-storage-bins-in-stock-16x12.webp 16w\" sizes=\"(max-width: 720px) 100vw, 720px\" \/><figcaption id=\"caption-attachment-17085\" class=\"wp-caption-text\">Silos de almacenamiento de pellets de pl\u00e1stico en stock.<\/figcaption><\/figure> <h2>\u00bfPor qu\u00e9 elegirnos?<\/h2> <ul> <li>Fabricado en acero inoxidable de alta calidad, duradero y resistente a la corrosi\u00f3n, evitando la radiaci\u00f3n ultravioleta.<\/li> <li>El contenedor de almacenamiento de pellets de pl\u00e1stico es f\u00e1cil de limpiar y usar y se puede acoplar con el transportador autom\u00e1tico para transportar eficientemente el granulado de pl\u00e1stico y reducir la mano de obra.<\/li> <li>La combinaci\u00f3n del dise\u00f1o de estructura cil\u00edndrica superior e inferior c\u00f3nica no solo maximiza la capacidad de retenci\u00f3n del contenedor de almacenamiento de pellets de pl\u00e1stico, sino que tambi\u00e9n optimiza la ruta del flujo de pellets para garantizar que los pellets se puedan extraer suavemente a trav\u00e9s del puerto de descarga inferior.<\/li> <li>Se puede utilizar para almacenar una variedad de materiales pl\u00e1sticos, incluidos PET, PP, PE, HDPE, PVC, ABS, EPS, EPE, etc.<\/li> <\/ul> <figure id=\"attachment_17084\" aria-describedby=\"caption-attachment-17084\" style=\"width: 720px\" class=\"wp-caption aligncenter\"><img decoding=\"async\" class=\"size-full wp-image-17084\" src=\"https:\/\/recyclingequipinc.com\/wp-content\/uploads\/2025\/01\/plastic-pellet-storage-bin-in-pelletizing-line.webp\" alt=\"contenedor de almacenamiento de pellets de pl\u00e1stico en la l\u00ednea de peletizaci\u00f3n\" width=\"720\" height=\"540\" srcset=\"https:\/\/recyclingequipinc.com\/wp-content\/uploads\/2025\/01\/plastic-pellet-storage-bin-in-pelletizing-line.webp 720w, https:\/\/recyclingequipinc.com\/wp-content\/uploads\/2025\/01\/plastic-pellet-storage-bin-in-pelletizing-line-300x225.webp 300w, https:\/\/recyclingequipinc.com\/wp-content\/uploads\/2025\/01\/plastic-pellet-storage-bin-in-pelletizing-line-16x12.webp 16w\" sizes=\"(max-width: 720px) 100vw, 720px\" \/><figcaption id=\"caption-attachment-17084\" class=\"wp-caption-text\">contenedor de almacenamiento de pellets de pl\u00e1stico en la l\u00ednea de peletizaci\u00f3n<\/figcaption><\/figure> <h2>Caracter\u00edsticas estructurales de los silos de pellets de pl\u00e1stico.<\/h2> <p>El contenedor de almacenamiento de pellets de pl\u00e1stico est\u00e1 construido completamente con acero inoxidable de alta calidad para mayor durabilidad y resistencia a la corrosi\u00f3n. Tiene un dise\u00f1o superior sellado para evitar la entrada de polvo y humedad y est\u00e1 equipado con una abertura de acceso para facilitar el mantenimiento y la inspecci\u00f3n.<\/p> <p>La entrada est\u00e1 ubicada en el costado del silo y generalmente est\u00e1 conectada a la tuber\u00eda de transporte para proporcionar un transporte eficiente. El puerto de descarga est\u00e1 ubicado en la parte inferior de la tolva para que los gr\u00e1nulos puedan descargarse f\u00e1cilmente por gravedad cuando se retira el material. Los silos de almacenamiento de pellets de pl\u00e1stico est\u00e1n sostenidos por un tr\u00edpode, extremadamente estable y que proporciona una garant\u00eda s\u00f3lida y potente para transportar grandes cantidades de pellets de pl\u00e1stico.<\/p> <figure id=\"attachment_17088\" aria-describedby=\"caption-attachment-17088\" style=\"width: 720px\" class=\"wp-caption aligncenter\"><img decoding=\"async\" class=\"size-full wp-image-17088\" src=\"https:\/\/recyclingequipinc.com\/wp-content\/uploads\/2025\/01\/storage-bin.webp\" alt=\"cesta de almacenaje\" width=\"720\" height=\"540\" srcset=\"https:\/\/recyclingequipinc.com\/wp-content\/uploads\/2025\/01\/storage-bin.webp 720w, https:\/\/recyclingequipinc.com\/wp-content\/uploads\/2025\/01\/storage-bin-300x225.webp 300w, https:\/\/recyclingequipinc.com\/wp-content\/uploads\/2025\/01\/storage-bin-16x12.webp 16w\" sizes=\"(max-width: 720px) 100vw, 720px\" \/><figcaption id=\"caption-attachment-17088\" class=\"wp-caption-text\">cesta de almacenaje<\/figcaption><\/figure> <h2>Detalles de los silos de almacenamiento de pl\u00e1stico<\/h2> <table style=\"border-collapse: collapse; width: 43.2958%; height: 298px;\"> <tbody> <tr style=\"height: 53px;\"> <td style=\"width: 24.8315%; height: 53px;\">Materiales<\/td> <td style=\"width: 30.5641%; height: 53px;\">Acero inoxidable de alta calidad<\/td> <\/tr> <tr style=\"height: 53px;\"> <td style=\"width: 24.8315%; height: 53px;\">Volumen<\/td> <td style=\"width: 30.5641%; height: 53px;\">1t-30t<\/td> <\/tr> <tr style=\"height: 53px;\"> <td style=\"width: 24.8315%; height: 53px;\">Tama\u00f1o<\/td> <td style=\"width: 30.5641%; height: 53px;\">Personalizado por el volumen<\/td> <\/tr> <tr style=\"height: 53px;\"> <td style=\"width: 24.8315%; height: 53px;\">Solicitud<\/td> <td style=\"width: 30.5641%; height: 53px;\">Almacenamiento de diversos pellets de pl\u00e1stico en l\u00edneas de reciclaje.<\/td> <\/tr> <tr style=\"height: 53px;\"> <td style=\"width: 24.8315%; height: 53px;\">Servicios<\/td> <td style=\"width: 30.5641%; height: 53px;\">Soporte t\u00e9cnico personalizado y garant\u00eda de un a\u00f1o<\/td> <\/tr> <\/tbody> <\/table> <h2>\u00bfC\u00f3mo aplicar contenedores de almacenamiento en el reciclaje de pl\u00e1stico?<\/h2> <p class=\"translation-block\">Como se muestra en la imagen a continuaci\u00f3n, en la <a href=\"https:\/\/recyclingequipinc.com\/es\/producto\/plastic-granulator-machine\/\">l\u00ednea de peletizaci\u00f3n de pl\u00e1stico<\/a>, los silos de almacenamiento de pellets de pl\u00e1stico a menudo se conectan a las peletizadoras de pl\u00e1stico mediante tuber\u00edas de transporte, lo que es conveniente para recolectar y almacenar los pellets regenerados. Ofrecemos una amplia gama de silos de almacenamiento de pellets con capacidades de 10 a 30 toneladas para satisfacer de manera flexible los diferentes requisitos de producci\u00f3n.<\/p> <figure id=\"attachment_17087\" aria-describedby=\"caption-attachment-17087\" style=\"width: 720px\" class=\"wp-caption aligncenter\"><img loading=\"lazy\" decoding=\"async\" class=\"size-full wp-image-17087\" src=\"https:\/\/recyclingequipinc.com\/wp-content\/uploads\/2025\/01\/granules-enter-the-storage-bin-via-an-automatic-conveyor.webp\" alt=\"Los gr\u00e1nulos ingresan al contenedor de almacenamiento a trav\u00e9s de un transportador autom\u00e1tico.\" width=\"720\" height=\"540\" srcset=\"https:\/\/recyclingequipinc.com\/wp-content\/uploads\/2025\/01\/granules-enter-the-storage-bin-via-an-automatic-conveyor.webp 720w, https:\/\/recyclingequipinc.com\/wp-content\/uploads\/2025\/01\/granules-enter-the-storage-bin-via-an-automatic-conveyor-300x225.webp 300w, https:\/\/recyclingequipinc.com\/wp-content\/uploads\/2025\/01\/granules-enter-the-storage-bin-via-an-automatic-conveyor-16x12.webp 16w\" sizes=\"(max-width: 720px) 100vw, 720px\" \/><figcaption id=\"caption-attachment-17087\" class=\"wp-caption-text\">Los gr\u00e1nulos ingresan al contenedor de almacenamiento a trav\u00e9s de un transportador autom\u00e1tico.<\/figcaption><\/figure> <h2>Conclusi\u00f3n<\/h2> <p>Los silos de almacenamiento de pellets de pl\u00e1stico, como m\u00e1quinas importantes para almacenar pellets terminados, no solo pueden hacer que el almacenamiento de pellets sea m\u00e1s conveniente, sino que tambi\u00e9n protegen la calidad de los pellets de pl\u00e1stico, previenen la contaminaci\u00f3n ambiental, etc. Si est\u00e1 interesado, \u00a1no dude en consultar!<\/p> <figure id=\"attachment_17089\" aria-describedby=\"caption-attachment-17089\" style=\"width: 720px\" class=\"wp-caption aligncenter\"><img loading=\"lazy\" decoding=\"async\" class=\"size-full wp-image-17089\" src=\"https:\/\/recyclingequipinc.com\/wp-content\/uploads\/2025\/01\/plastic-extruder-pelletizing-line.webp\" alt=\"l\u00ednea de granulaci\u00f3n de extrusora de pl\u00e1stico\" width=\"720\" height=\"540\" srcset=\"https:\/\/recyclingequipinc.com\/wp-content\/uploads\/2025\/01\/plastic-extruder-pelletizing-line.webp 720w, https:\/\/recyclingequipinc.com\/wp-content\/uploads\/2025\/01\/plastic-extruder-pelletizing-line-300x225.webp 300w, https:\/\/recyclingequipinc.com\/wp-content\/uploads\/2025\/01\/plastic-extruder-pelletizing-line-16x12.webp 16w\" sizes=\"(max-width: 720px) 100vw, 720px\" \/><figcaption id=\"caption-attachment-17089\" class=\"wp-caption-text\">l\u00ednea de granulaci\u00f3n de extrusora de pl\u00e1stico<\/figcaption><\/figure> <p>&nbsp;<\/p> <p>&nbsp;<\/p>","protected":false},"excerpt":{"rendered":"<p>Para garantizar la calidad de los gr\u00e1nulos de pl\u00e1stico reciclados y reducir los costos de producci\u00f3n, las condiciones de almacenamiento de los gr\u00e1nulos de pl\u00e1stico deben controlarse estrictamente. Como especialistas en reciclaje de pl\u00e1stico, ofrecemos silos de almacenamiento de pellets de pl\u00e1stico de acero inoxidable de alta calidad para brindarle la soluci\u00f3n de almacenamiento de pl\u00e1stico perfecta.<\/p>","protected":false},"featured_media":17083,"template":"","meta":{"site-sidebar-layout":"default","site-content-layout":"","ast-site-content-layout":"default","site-content-style":"default","site-sidebar-style":"default","ast-global-header-display":"","ast-banner-title-visibility":"","ast-main-header-display":"","ast-hfb-above-header-display":"","ast-hfb-below-header-display":"","ast-hfb-mobile-header-display":"","site-post-title":"","ast-breadcrumbs-content":"","ast-featured-img":"","footer-sml-layout":"","ast-disable-related-posts":"","theme-transparent-header-meta":"default","adv-header-id-meta":"","stick-header-meta":"","header-above-stick-meta":"","header-main-stick-meta":"","header-below-stick-meta":"","astra-migrate-meta-layouts":"set","ast-page-background-enabled":"default","ast-page-background-meta":{"desktop":{"background-color":"","background-image":"","background-repeat":"repeat","background-position":"center center","background-size":"auto","background-attachment":"scroll","background-type":"","background-media":"","overlay-type":"","overlay-color":"","overlay-opacity":"","overlay-gradient":""},"tablet":{"background-color":"","background-image":"","background-repeat":"repeat","background-position":"center center","background-size":"auto","background-attachment":"scroll","background-type":"","background-media":"","overlay-type":"","overlay-color":"","overlay-opacity":"","overlay-gradient":""},"mobile":{"background-color":"","background-image":"","background-repeat":"repeat","background-position":"center center","background-size":"auto","background-attachment":"scroll","background-type":"","background-media":"","overlay-type":"","overlay-color":"","overlay-opacity":"","overlay-gradient":""}},"ast-content-background-meta":{"desktop":{"background-color":"var(--ast-global-color-5)","background-image":"","background-repeat":"repeat","background-position":"center center","background-size":"auto","background-attachment":"scroll","background-type":"","background-media":"","overlay-type":"","overlay-color":"","overlay-opacity":"","overlay-gradient":""},"tablet":{"background-color":"var(--ast-global-color-5)","background-image":"","background-repeat":"repeat","background-position":"center center","background-size":"auto","background-attachment":"scroll","background-type":"","background-media":"","overlay-type":"","overlay-color":"","overlay-opacity":"","overlay-gradient":""},"mobile":{"background-color":"var(--ast-global-color-5)","background-image":"","background-repeat":"repeat","background-position":"center center","background-size":"auto","background-attachment":"scroll","background-type":"","background-media":"","overlay-type":"","overlay-color":"","overlay-opacity":"","overlay-gradient":""}}},"product_brand":[],"product_cat":[36],"product_tag":[84],"class_list":{"0":"post-17080","1":"product","2":"type-product","3":"status-publish","4":"has-post-thumbnail","6":"product_cat-plastic-recycling-machine","7":"product_tag-pelletizer-part","8":"desktop-align-center","9":"tablet-align-center","10":"mobile-align-center","12":"first","13":"instock","14":"shipping-taxable","15":"product-type-simple"},"_links":{"self":[{"href":"https:\/\/recyclingequipinc.com\/es\/wp-json\/wp\/v2\/product\/17080","targetHints":{"allow":["GET"]}}],"collection":[{"href":"https:\/\/recyclingequipinc.com\/es\/wp-json\/wp\/v2\/product"}],"about":[{"href":"https:\/\/recyclingequipinc.com\/es\/wp-json\/wp\/v2\/types\/product"}],"version-history":[{"count":0,"href":"https:\/\/recyclingequipinc.com\/es\/wp-json\/wp\/v2\/product\/17080\/revisions"}],"wp:featuredmedia":[{"embeddable":true,"href":"https:\/\/recyclingequipinc.com\/es\/wp-json\/wp\/v2\/media\/17083"}],"wp:attachment":[{"href":"https:\/\/recyclingequipinc.com\/es\/wp-json\/wp\/v2\/media?parent=17080"}],"wp:term":[{"taxonomy":"product_brand","embeddable":true,"href":"https:\/\/recyclingequipinc.com\/es\/wp-json\/wp\/v2\/product_brand?post=17080"},{"taxonomy":"product_cat","embeddable":true,"href":"https:\/\/recyclingequipinc.com\/es\/wp-json\/wp\/v2\/product_cat?post=17080"},{"taxonomy":"product_tag","embeddable":true,"href":"https:\/\/recyclingequipinc.com\/es\/wp-json\/wp\/v2\/product_tag?post=17080"}],"curies":[{"name":"wp","href":"https:\/\/api.w.org\/{rel}","templated":true}]}}