{"id":16992,"date":"2025-01-17T15:04:33","date_gmt":"2025-01-17T07:04:33","guid":{"rendered":"https:\/\/recyclingequipinc.com\/?post_type=product&#038;p=16992"},"modified":"2025-01-20T10:04:02","modified_gmt":"2025-01-20T02:04:02","slug":"plastic-dana-cutting-machine","status":"publish","type":"product","link":"https:\/\/recyclingequipinc.com\/es\/product\/plastic-dana-cutting-machine\/","title":{"rendered":"Cortadora de pl\u00e1stico Dana"},"content":{"rendered":"<p>\u00bfC\u00f3mo convertir los pl\u00e1sticos extruidos en gr\u00e1nulos uniformes? La m\u00e1quina cortadora de pl\u00e1stico Dana Shuliy ofrece a los clientes soluciones de producci\u00f3n de pellets de alta calidad con un rendimiento de corte eficiente, ajuste flexible del tama\u00f1o de los pellets y un rendimiento operativo estable.<\/p> <div class=\"ast-oembed-container\" style=\"height: 100%;\"><iframe title=\"M\u00e1quina para fabricar gr\u00e1nulos de pl\u00e1stico duro: Transforme pl\u00e1sticos HDPE\/PP\/PE\/PVC en gr\u00e1nulos reciclados\" width=\"500\" height=\"281\" src=\"https:\/\/www.youtube.com\/embed\/wkOeeLbD1uY?feature=oembed\" frameborder=\"0\" allow=\"accelerometer; autoplay; clipboard-write; encrypted-media; gyroscope; picture-in-picture; web-share\" referrerpolicy=\"strict-origin-when-cross-origin\" allowfullscreen><\/iframe><\/div> <h2>\u00bfPor qu\u00e9 utilizamos la m\u00e1quina cortadora de pl\u00e1stico Dana?<\/h2> <ul> <li>El cortador de pellets de pl\u00e1stico corta tiras largas de pl\u00e1stico extruido en pellets peque\u00f1os y uniformes para su posterior almacenamiento, transporte y producci\u00f3n eficiente de nuevos productos pl\u00e1sticos.<\/li> <li>El tama\u00f1o de los pellets se puede ajustar de manera flexible ajustando el espacio entre las cuchillas y la velocidad del cortador.<\/li> <li>Peletizar con un cortador de pellets de pl\u00e1stico es m\u00e1s eficiente, seguro y garantiza pellets uniformes.<\/li> <\/ul> <figure id=\"attachment_16993\" aria-describedby=\"caption-attachment-16993\" style=\"width: 300px\" class=\"wp-caption alignleft\"><img fetchpriority=\"high\" decoding=\"async\" class=\"wp-image-16993 size-medium\" src=\"https:\/\/recyclingequipinc.com\/wp-content\/uploads\/2025\/01\/plastic-dana-cutting-machine-300x225.webp\" alt=\"maquina cortadora de plastico dana\" width=\"300\" height=\"225\" srcset=\"https:\/\/recyclingequipinc.com\/wp-content\/uploads\/2025\/01\/plastic-dana-cutting-machine-300x225.webp 300w, https:\/\/recyclingequipinc.com\/wp-content\/uploads\/2025\/01\/plastic-dana-cutting-machine-16x12.webp 16w, https:\/\/recyclingequipinc.com\/wp-content\/uploads\/2025\/01\/plastic-dana-cutting-machine.webp 720w\" sizes=\"(max-width: 300px) 100vw, 300px\" \/><figcaption id=\"caption-attachment-16993\" class=\"wp-caption-text\">maquina cortadora de plastico dana<\/figcaption><\/figure> <figure id=\"attachment_16994\" aria-describedby=\"caption-attachment-16994\" style=\"width: 300px\" class=\"wp-caption alignleft\"><img decoding=\"async\" class=\"wp-image-16994 size-medium\" src=\"https:\/\/recyclingequipinc.com\/wp-content\/uploads\/2025\/01\/uniform-recycled-pellets-300x217.webp\" alt=\"pellets reciclados uniformes\" width=\"300\" height=\"217\" srcset=\"https:\/\/recyclingequipinc.com\/wp-content\/uploads\/2025\/01\/uniform-recycled-pellets-300x217.webp 300w, https:\/\/recyclingequipinc.com\/wp-content\/uploads\/2025\/01\/uniform-recycled-pellets-18x12.webp 18w, https:\/\/recyclingequipinc.com\/wp-content\/uploads\/2025\/01\/uniform-recycled-pellets.webp 720w\" sizes=\"(max-width: 300px) 100vw, 300px\" \/><figcaption id=\"caption-attachment-16994\" class=\"wp-caption-text\">pellets reciclados uniformes<\/figcaption><\/figure> <h2>\u00bfCu\u00e1les son las ventajas de la m\u00e1quina cortadora de gr\u00e1nulos de pl\u00e1stico?<\/h2> <ul> <li>Amplio rango de aplicaci\u00f3n: se puede aplicar de manera eficiente a PP, PE, LDPE, HDOE, PVC, ABS, PET y muchos otros materiales pl\u00e1sticos diferentes.<\/li> <li>Alta eficiencia: Con una capacidad de 150-280Kg\/h, puede satisfacer la mayor\u00eda de las necesidades de peletizaci\u00f3n de pl\u00e1stico. Tambi\u00e9n podemos proporcionar m\u00e1quinas personalizadas para necesidades especiales.<\/li> <li>Duradero: los cuchillos est\u00e1n hechos de acero inoxidable de alta calidad, resistentes al desgaste y a la corrosi\u00f3n, con una larga vida \u00fatil.<\/li> <li>Ajuste flexible: puede controlar de manera flexible la velocidad de entrada y salida, la velocidad de la cuchilla y la separaci\u00f3n de la cuchilla para satisfacer las diferentes necesidades de la producci\u00f3n de granulado de pl\u00e1stico.<\/li> <li>Estabilidad: Producci\u00f3n continua y estable, sin atascos ni obstrucciones, lo que ayuda a mejorar la eficiencia del reciclaje de pl\u00e1stico.<\/li> <\/ul> <figure id=\"attachment_16995\" aria-describedby=\"caption-attachment-16995\" style=\"width: 720px\" class=\"wp-caption aligncenter\"><img decoding=\"async\" class=\"size-full wp-image-16995\" src=\"https:\/\/recyclingequipinc.com\/wp-content\/uploads\/2025\/01\/plastic-dana-cutter.webp\" alt=\"cortador dana de plastico\" width=\"720\" height=\"540\" srcset=\"https:\/\/recyclingequipinc.com\/wp-content\/uploads\/2025\/01\/plastic-dana-cutter.webp 720w, https:\/\/recyclingequipinc.com\/wp-content\/uploads\/2025\/01\/plastic-dana-cutter-300x225.webp 300w, https:\/\/recyclingequipinc.com\/wp-content\/uploads\/2025\/01\/plastic-dana-cutter-16x12.webp 16w\" sizes=\"(max-width: 720px) 100vw, 720px\" \/><figcaption id=\"caption-attachment-16995\" class=\"wp-caption-text\">cortador dana de plastico<\/figcaption><\/figure> <h2>\u00bfC\u00f3mo podemos utilizar la m\u00e1quina cortadora de pl\u00e1stico Dana?<\/h2> <p>El cortador de pellets de pl\u00e1stico consta de un marco, una cuchilla, un motor, una entrada, una salida y una rueda de presi\u00f3n de goma.<\/p> <ol> <li>Las tiras de pl\u00e1stico, formadas por la extrusi\u00f3n y el enfriamiento, ingresan por la entrada de alimentaci\u00f3n y son transportadas al \u00e1rea de corte bajo la acci\u00f3n fija de las ruedas prensadoras de caucho para evitar deslizamientos o da\u00f1os.<\/li> <li>Las cuchillas m\u00f3viles de la m\u00e1quina cortadora de pl\u00e1stico Dana giran a alta velocidad y se combinan con las cuchillas fijas para cortar la tira de pl\u00e1stico al tama\u00f1o establecido.<\/li> <li>Los gr\u00e1nulos de pl\u00e1stico uniformes se descargan a trav\u00e9s de la abertura de descarga para su posterior secado y almacenamiento.<\/li> <\/ol> <figure id=\"attachment_16997\" aria-describedby=\"caption-attachment-16997\" style=\"width: 300px\" class=\"wp-caption alignleft\"><img loading=\"lazy\" decoding=\"async\" class=\"wp-image-16997 size-medium\" src=\"https:\/\/recyclingequipinc.com\/wp-content\/uploads\/2025\/01\/Rubber-pressure-roller-of-plastic-dana-cutter-300x225.webp\" alt=\"Rodillo de presi\u00f3n de goma de cortador dana de pl\u00e1stico.\" width=\"300\" height=\"225\" srcset=\"https:\/\/recyclingequipinc.com\/wp-content\/uploads\/2025\/01\/Rubber-pressure-roller-of-plastic-dana-cutter-300x225.webp 300w, https:\/\/recyclingequipinc.com\/wp-content\/uploads\/2025\/01\/Rubber-pressure-roller-of-plastic-dana-cutter-16x12.webp 16w, https:\/\/recyclingequipinc.com\/wp-content\/uploads\/2025\/01\/Rubber-pressure-roller-of-plastic-dana-cutter.webp 720w\" sizes=\"(max-width: 300px) 100vw, 300px\" \/><figcaption id=\"caption-attachment-16997\" class=\"wp-caption-text\">Rodillo de presi\u00f3n de goma de cortador dana de pl\u00e1stico.<\/figcaption><\/figure> <figure id=\"attachment_16996\" aria-describedby=\"caption-attachment-16996\" style=\"width: 300px\" class=\"wp-caption alignleft\"><img loading=\"lazy\" decoding=\"async\" class=\"wp-image-16996 size-medium\" src=\"https:\/\/recyclingequipinc.com\/wp-content\/uploads\/2025\/01\/Plastic-pellet-cutting-machine-300x225.webp\" alt=\"Cortadora de pellets de pl\u00e1stico\" width=\"300\" height=\"225\" srcset=\"https:\/\/recyclingequipinc.com\/wp-content\/uploads\/2025\/01\/Plastic-pellet-cutting-machine-300x225.webp 300w, https:\/\/recyclingequipinc.com\/wp-content\/uploads\/2025\/01\/Plastic-pellet-cutting-machine-16x12.webp 16w, https:\/\/recyclingequipinc.com\/wp-content\/uploads\/2025\/01\/Plastic-pellet-cutting-machine.webp 720w\" sizes=\"(max-width: 300px) 100vw, 300px\" \/><figcaption id=\"caption-attachment-16996\" class=\"wp-caption-text\">Cortadora de pellets de pl\u00e1stico<\/figcaption><\/figure> <h2>Par\u00e1metros de nuestra m\u00e1quina para fabricar gr\u00e1nulos reciclados<\/h2> <p>&nbsp;<\/p> <table style=\"border-collapse: collapse; width: 63.0712%;\"> <tbody> <tr> <td style=\"width: 16.779%;\">Modelo<\/td> <td style=\"width: 11.4607%;\">SL-140<\/td> <td style=\"width: 10.6476%;\">SL-160<\/td> <td style=\"width: 11.1226%;\">SL-180<\/td> <td style=\"width: 11.797%;\">SL-200<\/td> <\/tr> <tr> <td style=\"width: 16.779%;\">Capacidad (kg\/h)<\/td> <td style=\"width: 11.4607%;\">150<\/td> <td style=\"width: 10.6476%;\">180<\/td> <td style=\"width: 11.1226%;\">250<\/td> <td style=\"width: 11.797%;\">280<\/td> <\/tr> <tr> <td style=\"width: 16.779%;\">Potencia (kilovatios)<\/td> <td style=\"width: 11.4607%;\">2.2<\/td> <td style=\"width: 10.6476%;\">2.2<\/td> <td style=\"width: 11.1226%;\">3.0<\/td> <td style=\"width: 11.797%;\">3.0<\/td> <\/tr> <tr> <td style=\"width: 16.779%;\">N\u00famero de cuchillas que gira<\/td> <td style=\"width: 11.4607%;\">18<\/td> <td style=\"width: 10.6476%;\">18<\/td> <td style=\"width: 11.1226%;\">22<\/td> <td style=\"width: 11.797%;\">22<\/td> <\/tr> <\/tbody> <\/table> <p>A continuaci\u00f3n se muestran algunos par\u00e1metros del cortador de pellets de pl\u00e1stico m\u00e1s vendidos como referencia. Env\u00edenos sus requisitos de producci\u00f3n, le recomendaremos o personalizaremos el modelo adecuado para usted.<\/p> <figure id=\"attachment_16998\" aria-describedby=\"caption-attachment-16998\" style=\"width: 720px\" class=\"wp-caption aligncenter\"><img loading=\"lazy\" decoding=\"async\" class=\"size-full wp-image-16998\" src=\"https:\/\/recyclingequipinc.com\/wp-content\/uploads\/2025\/01\/plastic-granule-cutting-machine.webp\" alt=\"m\u00e1quina cortadora de gr\u00e1nulos de pl\u00e1stico\" width=\"720\" height=\"540\" srcset=\"https:\/\/recyclingequipinc.com\/wp-content\/uploads\/2025\/01\/plastic-granule-cutting-machine.webp 720w, https:\/\/recyclingequipinc.com\/wp-content\/uploads\/2025\/01\/plastic-granule-cutting-machine-300x225.webp 300w, https:\/\/recyclingequipinc.com\/wp-content\/uploads\/2025\/01\/plastic-granule-cutting-machine-16x12.webp 16w\" sizes=\"(max-width: 720px) 100vw, 720px\" \/><figcaption id=\"caption-attachment-16998\" class=\"wp-caption-text\">m\u00e1quina cortadora de gr\u00e1nulos de pl\u00e1stico<\/figcaption><\/figure> <h2>Precio de la m\u00e1quina cortadora de pl\u00e1stico Dana<\/h2> <p class=\"translation-block\">Las m\u00e1quinas cortadoras de Dana de pl\u00e1stico se utilizan a menudo junto con extrusoras de pl\u00e1stico y tanques de enfriamiento de pl\u00e1stico para convertir pl\u00e1stico de desecho en gr\u00e1nulos reciclados. Puede elegir entre un <a href=\"https:\/\/recyclingequipinc.com\/es\/producto\/plastic-granulator-machine\/\">sistema de peletizaci\u00f3n de pl\u00e1stico<\/a> completo o una cortadora de peletizaci\u00f3n separada para satisfacer diferentes necesidades de producci\u00f3n.<\/p> <p>El precio de la m\u00e1quina cortadora de tiras de pl\u00e1stico depende del modelo, los materiales de las cuchillas, etc. \u00a1Cont\u00e1ctenos para obtener m\u00e1s detalles y le brindaremos sugerencias razonables de peletizaci\u00f3n!<\/p> <figure id=\"attachment_16999\" aria-describedby=\"caption-attachment-16999\" style=\"width: 720px\" class=\"wp-caption aligncenter\"><img loading=\"lazy\" decoding=\"async\" class=\"size-full wp-image-16999\" src=\"https:\/\/recyclingequipinc.com\/wp-content\/uploads\/2025\/01\/complete-pelletizing-line.webp\" alt=\"l\u00ednea completa de peletizaci\u00f3n\" width=\"720\" height=\"393\" srcset=\"https:\/\/recyclingequipinc.com\/wp-content\/uploads\/2025\/01\/complete-pelletizing-line.webp 720w, https:\/\/recyclingequipinc.com\/wp-content\/uploads\/2025\/01\/complete-pelletizing-line-300x164.webp 300w, https:\/\/recyclingequipinc.com\/wp-content\/uploads\/2025\/01\/complete-pelletizing-line-18x10.webp 18w\" sizes=\"(max-width: 720px) 100vw, 720px\" \/><figcaption id=\"caption-attachment-16999\" class=\"wp-caption-text\">l\u00ednea completa de peletizaci\u00f3n<\/figcaption><\/figure>","protected":false},"excerpt":{"rendered":"<p>La m\u00e1quina cortadora de pl\u00e1stico dana es el equipo clave para cortar tiras de pl\u00e1stico en gr\u00e1nulos uniformes, lo que est\u00e1 relacionado con el tama\u00f1o de los gr\u00e1nulos reciclados y la eficiencia de todo el proceso de granulaci\u00f3n.<\/p>","protected":false},"featured_media":16993,"template":"","meta":{"site-sidebar-layout":"default","site-content-layout":"","ast-site-content-layout":"default","site-content-style":"default","site-sidebar-style":"default","ast-global-header-display":"","ast-banner-title-visibility":"","ast-main-header-display":"","ast-hfb-above-header-display":"","ast-hfb-below-header-display":"","ast-hfb-mobile-header-display":"","site-post-title":"","ast-breadcrumbs-content":"","ast-featured-img":"","footer-sml-layout":"","ast-disable-related-posts":"","theme-transparent-header-meta":"default","adv-header-id-meta":"","stick-header-meta":"","header-above-stick-meta":"","header-main-stick-meta":"","header-below-stick-meta":"","astra-migrate-meta-layouts":"set","ast-page-background-enabled":"default","ast-page-background-meta":{"desktop":{"background-color":"","background-image":"","background-repeat":"repeat","background-position":"center center","background-size":"auto","background-attachment":"scroll","background-type":"","background-media":"","overlay-type":"","overlay-color":"","overlay-opacity":"","overlay-gradient":""},"tablet":{"background-color":"","background-image":"","background-repeat":"repeat","background-position":"center center","background-size":"auto","background-attachment":"scroll","background-type":"","background-media":"","overlay-type":"","overlay-color":"","overlay-opacity":"","overlay-gradient":""},"mobile":{"background-color":"","background-image":"","background-repeat":"repeat","background-position":"center center","background-size":"auto","background-attachment":"scroll","background-type":"","background-media":"","overlay-type":"","overlay-color":"","overlay-opacity":"","overlay-gradient":""}},"ast-content-background-meta":{"desktop":{"background-color":"var(--ast-global-color-5)","background-image":"","background-repeat":"repeat","background-position":"center center","background-size":"auto","background-attachment":"scroll","background-type":"","background-media":"","overlay-type":"","overlay-color":"","overlay-opacity":"","overlay-gradient":""},"tablet":{"background-color":"var(--ast-global-color-5)","background-image":"","background-repeat":"repeat","background-position":"center center","background-size":"auto","background-attachment":"scroll","background-type":"","background-media":"","overlay-type":"","overlay-color":"","overlay-opacity":"","overlay-gradient":""},"mobile":{"background-color":"var(--ast-global-color-5)","background-image":"","background-repeat":"repeat","background-position":"center center","background-size":"auto","background-attachment":"scroll","background-type":"","background-media":"","overlay-type":"","overlay-color":"","overlay-opacity":"","overlay-gradient":""}}},"product_brand":[],"product_cat":[36],"product_tag":[84],"class_list":{"0":"post-16992","1":"product","2":"type-product","3":"status-publish","4":"has-post-thumbnail","6":"product_cat-plastic-recycling-machine","7":"product_tag-pelletizer-part","8":"desktop-align-center","9":"tablet-align-center","10":"mobile-align-center","12":"first","13":"instock","14":"shipping-taxable","15":"product-type-simple"},"_links":{"self":[{"href":"https:\/\/recyclingequipinc.com\/es\/wp-json\/wp\/v2\/product\/16992","targetHints":{"allow":["GET"]}}],"collection":[{"href":"https:\/\/recyclingequipinc.com\/es\/wp-json\/wp\/v2\/product"}],"about":[{"href":"https:\/\/recyclingequipinc.com\/es\/wp-json\/wp\/v2\/types\/product"}],"version-history":[{"count":0,"href":"https:\/\/recyclingequipinc.com\/es\/wp-json\/wp\/v2\/product\/16992\/revisions"}],"wp:featuredmedia":[{"embeddable":true,"href":"https:\/\/recyclingequipinc.com\/es\/wp-json\/wp\/v2\/media\/16993"}],"wp:attachment":[{"href":"https:\/\/recyclingequipinc.com\/es\/wp-json\/wp\/v2\/media?parent=16992"}],"wp:term":[{"taxonomy":"product_brand","embeddable":true,"href":"https:\/\/recyclingequipinc.com\/es\/wp-json\/wp\/v2\/product_brand?post=16992"},{"taxonomy":"product_cat","embeddable":true,"href":"https:\/\/recyclingequipinc.com\/es\/wp-json\/wp\/v2\/product_cat?post=16992"},{"taxonomy":"product_tag","embeddable":true,"href":"https:\/\/recyclingequipinc.com\/es\/wp-json\/wp\/v2\/product_tag?post=16992"}],"curies":[{"name":"wp","href":"https:\/\/api.w.org\/{rel}","templated":true}]}}