{"id":16984,"date":"2025-01-17T16:33:18","date_gmt":"2025-01-17T08:33:18","guid":{"rendered":"https:\/\/recyclingequipinc.com\/?post_type=product&#038;p=16984"},"modified":"2025-01-20T10:03:34","modified_gmt":"2025-01-20T02:03:34","slug":"extrusion-cooling-tank","status":"publish","type":"product","link":"https:\/\/recyclingequipinc.com\/es\/product\/extrusion-cooling-tank\/","title":{"rendered":"Tanque de enfriamiento por extrusi\u00f3n en sistema de peletizaci\u00f3n de hebras"},"content":{"rendered":"<p>El tanque de enfriamiento de extrusi\u00f3n es una parte importante del sistema de granulaci\u00f3n de pl\u00e1stico. Enfr\u00eda y da forma al pl\u00e1stico fundido extruido y ayuda a sentar las bases para el posterior corte de pl\u00e1stico dana. En este post se explicar\u00e1n en detalle nuestros ba\u00f1os de agua para granulaci\u00f3n.<\/p> <div class=\"ast-oembed-container\" style=\"height: 100%;\"><iframe title=\"M\u00e1quina para fabricar gr\u00e1nulos de pl\u00e1stico duro: Transforme pl\u00e1sticos HDPE\/PP\/PE\/PVC en gr\u00e1nulos reciclados\" width=\"500\" height=\"281\" src=\"https:\/\/www.youtube.com\/embed\/wkOeeLbD1uY?feature=oembed\" frameborder=\"0\" allow=\"accelerometer; autoplay; clipboard-write; encrypted-media; gyroscope; picture-in-picture; web-share\" referrerpolicy=\"strict-origin-when-cross-origin\" allowfullscreen><\/iframe><\/div> <h2>\u00bfPor qu\u00e9 necesitamos el ba\u00f1o de refrigeraci\u00f3n por agua para pellets de pl\u00e1stico?<\/h2> <ul> <li><strong>Enfriamiento:<\/strong> Los pl\u00e1sticos de desecho se funden y extruyen a altas temperaturas, por lo que se ablandan, se deforman e incluso se rompen f\u00e1cilmente y deben enfriarse mediante tanques de enfriamiento de extrusi\u00f3n.<\/li> <li><strong>Organizaci\u00f3n:<\/strong> La calidad de los gr\u00e1nulos reciclados est\u00e1 influenciada por el tama\u00f1o, la suavidad de la superficie y la uniformidad del pl\u00e1stico extruido del cabezal de troquel. Enfriar y dar forma a las tiras en un ba\u00f1o de enfriamiento puede mejorar la calidad de los gr\u00e1nulos resultantes y evitar que el pl\u00e1stico se pegue a altas temperaturas.<\/li> <li><strong>Ahorro de energ\u00eda:<\/strong> En comparaci\u00f3n con otros m\u00e9todos de enfriamiento, el ba\u00f1o de agua para pl\u00e1stico es m\u00e1s eficiente desde el punto de vista energ\u00e9tico, respetuoso con el medio ambiente y reduce los costes operativos.<\/li> <li><strong>Extienda la vida \u00fatil de la m\u00e1quina cortadora de pl\u00e1stico Dana: <\/strong>Las tiras de pl\u00e1stico que no se hayan enfriado lo suficiente para ingresar al granulador posterior atascar\u00e1n las cuchillas del cortador de pellets de pl\u00e1stico, provocar\u00e1n un corte desigual e incluso da\u00f1ar\u00e1n el equipo. Enfriar el pl\u00e1stico ayudar\u00e1 a garantizar un corte posterior suave.<\/li> <\/ul> <figure id=\"attachment_17025\" aria-describedby=\"caption-attachment-17025\" style=\"width: 720px\" class=\"wp-caption aligncenter\"><img fetchpriority=\"high\" decoding=\"async\" class=\"size-full wp-image-17025\" src=\"https:\/\/recyclingequipinc.com\/wp-content\/uploads\/2025\/01\/extrusion-cooling-tank.webp\" alt=\"tanque de enfriamiento de extrusi\u00f3n\" width=\"720\" height=\"540\" srcset=\"https:\/\/recyclingequipinc.com\/wp-content\/uploads\/2025\/01\/extrusion-cooling-tank.webp 720w, https:\/\/recyclingequipinc.com\/wp-content\/uploads\/2025\/01\/extrusion-cooling-tank-300x225.webp 300w, https:\/\/recyclingequipinc.com\/wp-content\/uploads\/2025\/01\/extrusion-cooling-tank-16x12.webp 16w\" sizes=\"(max-width: 720px) 100vw, 720px\" \/><figcaption id=\"caption-attachment-17025\" class=\"wp-caption-text\">tanque de enfriamiento de extrusi\u00f3n<\/figcaption><\/figure> <h2>Caracter\u00edsticas clave de nuestro tanque de enfriamiento de extrusi\u00f3n<\/h2> <ul> <li>Dise\u00f1o razonable del tama\u00f1o del tanque de enfriamiento de extrusi\u00f3n para que diferentes materiales pl\u00e1sticos puedan enfriarse completamente al mismo tiempo, pero tambi\u00e9n para evitar un flujo deficiente de material y un desperdicio de energ\u00eda.<\/li> <li>Hecho de acero inoxidable de alta calidad, nuestro ba\u00f1o de enfriamiento de hebras es duradero, resistente a la corrosi\u00f3n y tiene buena conductividad t\u00e9rmica, lo que puede enfriar eficientemente las tiras de pl\u00e1stico.<\/li> <li>Flujo de agua ajustable en el ba\u00f1o de agua para garantizar un enfriamiento uniforme del pl\u00e1stico.<\/li> <li>Con un acoplamiento conveniente, el tanque de enfriamiento se puede utilizar en perfecta cooperaci\u00f3n con varios tipos de extrusoras de pl\u00e1stico y m\u00e1quinas cortadoras de pl\u00e1stico Dana para promover conjuntamente la fabricaci\u00f3n de gr\u00e1nulos reciclados.<\/li> <li>Equipado con un dispositivo sensor de seguridad impermeable y a prueba de fugas, alta seguridad.<\/li> <li>F\u00e1cil de limpiar y mantener y respetuoso con el medio ambiente con bajo consumo energ\u00e9tico.<\/li> <\/ul> <figure id=\"attachment_17026\" aria-describedby=\"caption-attachment-17026\" style=\"width: 720px\" class=\"wp-caption aligncenter\"><img decoding=\"async\" class=\"size-full wp-image-17026\" src=\"https:\/\/recyclingequipinc.com\/wp-content\/uploads\/2025\/01\/extrusion-cooling-tank-2.webp\" alt=\"tanque de enfriamiento de extrusi\u00f3n\" width=\"720\" height=\"540\" srcset=\"https:\/\/recyclingequipinc.com\/wp-content\/uploads\/2025\/01\/extrusion-cooling-tank-2.webp 720w, https:\/\/recyclingequipinc.com\/wp-content\/uploads\/2025\/01\/extrusion-cooling-tank-2-300x225.webp 300w, https:\/\/recyclingequipinc.com\/wp-content\/uploads\/2025\/01\/extrusion-cooling-tank-2-16x12.webp 16w\" sizes=\"(max-width: 720px) 100vw, 720px\" \/><figcaption id=\"caption-attachment-17026\" class=\"wp-caption-text\">tanque de enfriamiento de extrusi\u00f3n<\/figcaption><\/figure> <h2>Detalles sobre el tanque de enfriamiento de pl\u00e1stico<\/h2> <table style=\"border-collapse: collapse; width: 51.9109%; height: 265px;\"> <tbody> <tr style=\"height: 53px;\"> <td style=\"width: 29.9396%; height: 53px; text-align: center;\">Tama\u00f1o (m)<\/td> <td style=\"width: 28.4902%; height: 53px; text-align: center;\">2.5*0.4<\/td> <\/tr> <tr style=\"height: 53px;\"> <td style=\"width: 29.9396%; height: 53px; text-align: center;\">Material<\/td> <td style=\"width: 28.4902%; height: 53px; text-align: center;\">Acero inoxidable de alta calidad<\/td> <\/tr> <tr style=\"height: 53px;\"> <td style=\"width: 29.9396%; height: 53px; text-align: center;\">Materia prima<\/td> <td style=\"width: 28.4902%; height: 53px; text-align: center;\">Tiras de pl\u00e1stico extruidas del cabezal del troquel.<\/td> <\/tr> <tr style=\"height: 53px;\"> <td style=\"width: 29.9396%; height: 53px; text-align: center;\">Funci\u00f3n<\/td> <td style=\"width: 28.4902%; height: 53px; text-align: center;\">Enfriar y dar forma a las tiras de pl\u00e1stico.<\/td> <\/tr> <tr style=\"height: 53px;\"> <td style=\"width: 29.9396%; height: 53px; text-align: center;\">Servicios<\/td> <td style=\"width: 28.4902%; height: 53px; text-align: center;\">Soporte t\u00e9cnico personalizado y garant\u00eda de un a\u00f1o<\/td> <\/tr> <\/tbody> <\/table> <figure id=\"attachment_17027\" aria-describedby=\"caption-attachment-17027\" style=\"width: 720px\" class=\"wp-caption aligncenter\"><img decoding=\"async\" class=\"size-full wp-image-17027\" src=\"https:\/\/recyclingequipinc.com\/wp-content\/uploads\/2025\/01\/strand-cooling-tank.webp\" alt=\"tanque de enfriamiento de hebras\" width=\"720\" height=\"540\" srcset=\"https:\/\/recyclingequipinc.com\/wp-content\/uploads\/2025\/01\/strand-cooling-tank.webp 720w, https:\/\/recyclingequipinc.com\/wp-content\/uploads\/2025\/01\/strand-cooling-tank-300x225.webp 300w, https:\/\/recyclingequipinc.com\/wp-content\/uploads\/2025\/01\/strand-cooling-tank-16x12.webp 16w\" sizes=\"(max-width: 720px) 100vw, 720px\" \/><figcaption id=\"caption-attachment-17027\" class=\"wp-caption-text\">tanque de enfriamiento de hebras<\/figcaption><\/figure> <h2>\u00bfC\u00f3mo funciona el ba\u00f1o de agua de pl\u00e1stico?<\/h2> <p>Despu\u00e9s de que el pl\u00e1stico se extruye del cabezal de la peletizadora a alta temperatura, ingresa al tanque de enfriamiento de extrusi\u00f3n. El agua del tanque sirve como medio refrigerante y absorbe el calor de forma r\u00e1pida y uniforme. Esta agua calentada fluye a trav\u00e9s de un sistema de circulaci\u00f3n, pasa a trav\u00e9s de un intercambiador de calor y regresa al tanque para mantener un proceso de enfriamiento constante. Finalmente, el pl\u00e1stico enfriado uniformemente se transfiere al peletizador para su corte, facilitado por un dispositivo de elevaci\u00f3n autom\u00e1tico.<\/p> <p>Durante este proceso, la temperatura y el caudal del agua en circulaci\u00f3n se pueden ajustar utilizando el gabinete inteligente del peletizador para cumplir con los requisitos de enfriamiento de los diferentes tipos de pl\u00e1stico. Adem\u00e1s, el agua de refrigeraci\u00f3n se puede drenar y reemplazar peri\u00f3dicamente para garantizar un rendimiento \u00f3ptimo.<\/p> <figure id=\"attachment_17028\" aria-describedby=\"caption-attachment-17028\" style=\"width: 300px\" class=\"wp-caption alignleft\"><img loading=\"lazy\" decoding=\"async\" class=\"wp-image-17028 size-medium\" src=\"https:\/\/recyclingequipinc.com\/wp-content\/uploads\/2025\/01\/extruded-plastic-enter-the-cooling-tank-300x225.webp\" alt=\"El pl\u00e1stico extruido ingresa al tanque de enfriamiento.\" width=\"300\" height=\"225\" srcset=\"https:\/\/recyclingequipinc.com\/wp-content\/uploads\/2025\/01\/extruded-plastic-enter-the-cooling-tank-300x225.webp 300w, https:\/\/recyclingequipinc.com\/wp-content\/uploads\/2025\/01\/extruded-plastic-enter-the-cooling-tank-16x12.webp 16w, https:\/\/recyclingequipinc.com\/wp-content\/uploads\/2025\/01\/extruded-plastic-enter-the-cooling-tank.webp 720w\" sizes=\"(max-width: 300px) 100vw, 300px\" \/><figcaption id=\"caption-attachment-17028\" class=\"wp-caption-text\">El pl\u00e1stico extruido ingresa al tanque de enfriamiento.<\/figcaption><\/figure> <figure id=\"attachment_17029\" aria-describedby=\"caption-attachment-17029\" style=\"width: 300px\" class=\"wp-caption alignleft\"><img loading=\"lazy\" decoding=\"async\" class=\"wp-image-17029 size-medium\" src=\"https:\/\/recyclingequipinc.com\/wp-content\/uploads\/2025\/01\/extrusion-cooling-tank-1-300x225.webp\" alt=\"tanque de enfriamiento de extrusi\u00f3n\" width=\"300\" height=\"225\" srcset=\"https:\/\/recyclingequipinc.com\/wp-content\/uploads\/2025\/01\/extrusion-cooling-tank-1-300x225.webp 300w, https:\/\/recyclingequipinc.com\/wp-content\/uploads\/2025\/01\/extrusion-cooling-tank-1-16x12.webp 16w, https:\/\/recyclingequipinc.com\/wp-content\/uploads\/2025\/01\/extrusion-cooling-tank-1.webp 720w\" sizes=\"(max-width: 300px) 100vw, 300px\" \/><figcaption id=\"caption-attachment-17029\" class=\"wp-caption-text\">tanque de enfriamiento de extrusi\u00f3n<\/figcaption><\/figure> <h2>Precauciones de uso<\/h2> <ul> <li>Aseg\u00farese de reemplazar el agua de enfriamiento y limpiar el tanque de enfriamiento de extrusi\u00f3n regularmente para mantener la limpieza del material y evitar que los contaminantes obstruyan las tuber\u00edas o corroan el tanque.<\/li> <li>Ajuste el caudal de agua y la temperatura para satisfacer las diferentes necesidades de enfriamiento de diferentes materiales.<\/li> <\/ul> <h2>Resumen<\/h2> <p class=\"translation-block\">Como parte importante del sistema de peletizaci\u00f3n de pl\u00e1stico, un tanque de enfriamiento por extrusi\u00f3n se utiliza a menudo con una extrusora de pl\u00e1stico y un peletizador de pl\u00e1stico. Ayuda a enfriar y dar forma al pl\u00e1stico extruido por la m\u00e1quina extrusora de pl\u00e1stico. Si desea saber m\u00e1s sobre <a href=\"https:\/\/recyclingequipinc.com\/es\/producto\/plastic-granulator-machine\/\">peletizaci\u00f3n de pl\u00e1stico<\/a>, \u00a1cont\u00e1ctenos y le recomendaremos el equipo adecuado para usted!<\/p> <figure id=\"attachment_17030\" aria-describedby=\"caption-attachment-17030\" style=\"width: 720px\" class=\"wp-caption aligncenter\"><img loading=\"lazy\" decoding=\"async\" class=\"size-full wp-image-17030\" src=\"https:\/\/recyclingequipinc.com\/wp-content\/uploads\/2025\/01\/extrusion-cooling-tank-in-plastic-pelletizing-system.webp\" alt=\"tanque de enfriamiento de extrusi\u00f3n en sistema de peletizaci\u00f3n de pl\u00e1stico\" width=\"720\" height=\"540\" srcset=\"https:\/\/recyclingequipinc.com\/wp-content\/uploads\/2025\/01\/extrusion-cooling-tank-in-plastic-pelletizing-system.webp 720w, https:\/\/recyclingequipinc.com\/wp-content\/uploads\/2025\/01\/extrusion-cooling-tank-in-plastic-pelletizing-system-300x225.webp 300w, https:\/\/recyclingequipinc.com\/wp-content\/uploads\/2025\/01\/extrusion-cooling-tank-in-plastic-pelletizing-system-16x12.webp 16w\" sizes=\"(max-width: 720px) 100vw, 720px\" \/><figcaption id=\"caption-attachment-17030\" class=\"wp-caption-text\">tanque de enfriamiento de extrusi\u00f3n en sistema de peletizaci\u00f3n de pl\u00e1stico<\/figcaption><\/figure>","protected":false},"excerpt":{"rendered":"<p>Los tanques de enfriamiento de extrusi\u00f3n se utilizan para enfriar y dar forma a tiras de pl\u00e1stico extruidas para promover el reciclaje y la peletizaci\u00f3n eficientes.<\/p>","protected":false},"featured_media":17025,"template":"","meta":{"site-sidebar-layout":"default","site-content-layout":"","ast-site-content-layout":"default","site-content-style":"default","site-sidebar-style":"default","ast-global-header-display":"","ast-banner-title-visibility":"","ast-main-header-display":"","ast-hfb-above-header-display":"","ast-hfb-below-header-display":"","ast-hfb-mobile-header-display":"","site-post-title":"","ast-breadcrumbs-content":"","ast-featured-img":"","footer-sml-layout":"","ast-disable-related-posts":"","theme-transparent-header-meta":"default","adv-header-id-meta":"","stick-header-meta":"","header-above-stick-meta":"","header-main-stick-meta":"","header-below-stick-meta":"","astra-migrate-meta-layouts":"set","ast-page-background-enabled":"default","ast-page-background-meta":{"desktop":{"background-color":"","background-image":"","background-repeat":"repeat","background-position":"center center","background-size":"auto","background-attachment":"scroll","background-type":"","background-media":"","overlay-type":"","overlay-color":"","overlay-opacity":"","overlay-gradient":""},"tablet":{"background-color":"","background-image":"","background-repeat":"repeat","background-position":"center center","background-size":"auto","background-attachment":"scroll","background-type":"","background-media":"","overlay-type":"","overlay-color":"","overlay-opacity":"","overlay-gradient":""},"mobile":{"background-color":"","background-image":"","background-repeat":"repeat","background-position":"center center","background-size":"auto","background-attachment":"scroll","background-type":"","background-media":"","overlay-type":"","overlay-color":"","overlay-opacity":"","overlay-gradient":""}},"ast-content-background-meta":{"desktop":{"background-color":"var(--ast-global-color-5)","background-image":"","background-repeat":"repeat","background-position":"center center","background-size":"auto","background-attachment":"scroll","background-type":"","background-media":"","overlay-type":"","overlay-color":"","overlay-opacity":"","overlay-gradient":""},"tablet":{"background-color":"var(--ast-global-color-5)","background-image":"","background-repeat":"repeat","background-position":"center center","background-size":"auto","background-attachment":"scroll","background-type":"","background-media":"","overlay-type":"","overlay-color":"","overlay-opacity":"","overlay-gradient":""},"mobile":{"background-color":"var(--ast-global-color-5)","background-image":"","background-repeat":"repeat","background-position":"center center","background-size":"auto","background-attachment":"scroll","background-type":"","background-media":"","overlay-type":"","overlay-color":"","overlay-opacity":"","overlay-gradient":""}}},"product_brand":[],"product_cat":[36],"product_tag":[84],"class_list":{"0":"post-16984","1":"product","2":"type-product","3":"status-publish","4":"has-post-thumbnail","6":"product_cat-plastic-recycling-machine","7":"product_tag-pelletizer-part","8":"desktop-align-center","9":"tablet-align-center","10":"mobile-align-center","12":"first","13":"instock","14":"shipping-taxable","15":"product-type-simple"},"_links":{"self":[{"href":"https:\/\/recyclingequipinc.com\/es\/wp-json\/wp\/v2\/product\/16984","targetHints":{"allow":["GET"]}}],"collection":[{"href":"https:\/\/recyclingequipinc.com\/es\/wp-json\/wp\/v2\/product"}],"about":[{"href":"https:\/\/recyclingequipinc.com\/es\/wp-json\/wp\/v2\/types\/product"}],"version-history":[{"count":0,"href":"https:\/\/recyclingequipinc.com\/es\/wp-json\/wp\/v2\/product\/16984\/revisions"}],"wp:featuredmedia":[{"embeddable":true,"href":"https:\/\/recyclingequipinc.com\/es\/wp-json\/wp\/v2\/media\/17025"}],"wp:attachment":[{"href":"https:\/\/recyclingequipinc.com\/es\/wp-json\/wp\/v2\/media?parent=16984"}],"wp:term":[{"taxonomy":"product_brand","embeddable":true,"href":"https:\/\/recyclingequipinc.com\/es\/wp-json\/wp\/v2\/product_brand?post=16984"},{"taxonomy":"product_cat","embeddable":true,"href":"https:\/\/recyclingequipinc.com\/es\/wp-json\/wp\/v2\/product_cat?post=16984"},{"taxonomy":"product_tag","embeddable":true,"href":"https:\/\/recyclingequipinc.com\/es\/wp-json\/wp\/v2\/product_tag?post=16984"}],"curies":[{"name":"wp","href":"https:\/\/api.w.org\/{rel}","templated":true}]}}