{"id":16952,"date":"2025-01-14T14:22:47","date_gmt":"2025-01-14T06:22:47","guid":{"rendered":"https:\/\/recyclingequipinc.com\/?post_type=product&#038;p=16952"},"modified":"2025-06-04T14:03:13","modified_gmt":"2025-06-04T06:03:13","slug":"styrofoam-recycling-machine","status":"publish","type":"product","link":"https:\/\/recyclingequipinc.com\/es\/product\/styrofoam-recycling-machine\/","title":{"rendered":"Las m\u00e1quinas de reciclaje de poliestireno facilitan su negocio de reciclaje de EPS"},"content":{"rendered":"<p>\u00bfC\u00f3mo se pueden convertir de manera eficiente las espumas pl\u00e1sticas de desecho en gr\u00e1nulos reciclables? Este art\u00edculo se centra en las m\u00e1quinas de reciclaje de poliestireno y los procesos de reciclaje de espuma para guiar a los recicladores de poliestireno.<\/p> <div class=\"ast-oembed-container\" style=\"height: 100%;\"><iframe title=\"No m\u00e1s desperdicio de espuma: esta soluci\u00f3n de reciclaje de espuma es para usted\" width=\"500\" height=\"281\" src=\"https:\/\/www.youtube.com\/embed\/Fhogy_M1KXU?feature=oembed\" frameborder=\"0\" allow=\"accelerometer; autoplay; clipboard-write; encrypted-media; gyroscope; picture-in-picture; web-share\" referrerpolicy=\"strict-origin-when-cross-origin\" allowfullscreen><\/iframe><\/div> <h2>\u00bfPor qu\u00e9 elegirnos?<\/h2> <ol> <li>Nuestras m\u00e1quinas de reciclaje de espuma tienen especificaciones completas para satisfacer sus diferentes necesidades. Son adecuados para todo tipo de producci\u00f3n de reciclaje de espuma a gran, mediana y peque\u00f1a escala.<\/li> <li>Amplia gama de aplicaciones: se pueden reciclar diversas formas de EPS, EPP, EPE, XPS y otras materias primas de espuma.<\/li> <li>Alto rendimiento, capacidad de 150-300 kg\/h, alta eficiencia. Tambi\u00e9n podemos proporcionar m\u00e1quinas personalizadas si tiene necesidades especiales.<\/li> <li>Ahorro de energ\u00eda y protecci\u00f3n del medio ambiente: Equipado con un dispositivo de eliminaci\u00f3n de polvo, motor de alta eficiencia, etc., que puede reducir el consumo de energ\u00eda y cumplir con los requisitos de protecci\u00f3n del medio ambiente.<\/li> <li>F\u00e1cil mantenimiento: el dise\u00f1o humanizado de la m\u00e1quina recicladora de espuma es f\u00e1cil de operar y mantener. Mientras tanto, brindamos un servicio posventa completo y podemos brindar soporte t\u00e9cnico.<\/li> <li>Productos terminados de alta calidad: las part\u00edculas de espuma recicladas son uniformes y redondas, con buenas propiedades f\u00edsicas y alta pureza, que pueden usarse directamente en la producci\u00f3n y el procesamiento industrial.<\/li> <\/ol> <figure id=\"attachment_16963\" aria-describedby=\"caption-attachment-16963\" style=\"width: 720px\" class=\"wp-caption aligncenter\"><img fetchpriority=\"high\" decoding=\"async\" class=\"size-full wp-image-16963\" src=\"https:\/\/recyclingequipinc.com\/wp-content\/uploads\/2025\/01\/styrofoam-recycling-machines-1.webp\" alt=\"m\u00e1quinas de reciclaje de espuma de poliestireno\" width=\"720\" height=\"540\" srcset=\"https:\/\/recyclingequipinc.com\/wp-content\/uploads\/2025\/01\/styrofoam-recycling-machines-1.webp 720w, https:\/\/recyclingequipinc.com\/wp-content\/uploads\/2025\/01\/styrofoam-recycling-machines-1-300x225.webp 300w, https:\/\/recyclingequipinc.com\/wp-content\/uploads\/2025\/01\/styrofoam-recycling-machines-1-16x12.webp 16w\" sizes=\"(max-width: 720px) 100vw, 720px\" \/><figcaption id=\"caption-attachment-16963\" class=\"wp-caption-text\">m\u00e1quinas de reciclaje de espuma de poliestireno<\/figcaption><\/figure> <h2>Aplicaciones de las m\u00e1quinas de reciclaje de poliestireno<\/h2> <p>Las m\u00e1quinas de reciclaje de poliestireno se utilizan com\u00fanmente para procesar residuos de espuma de embalaje, construcci\u00f3n, muebles, automoci\u00f3n, agricultura y muchas otras industrias, como loncheras de espuma, embalajes de espuma de mensajer\u00eda, colchones, acolchados para asientos de autom\u00f3viles, paneles aislantes para edificios, pel\u00edculas protectoras de frutas, etc.<\/p> <p>La l\u00ednea de reciclaje de espuma EPS convierte grandes trozos de espuma desechada en finos gr\u00e1nulos reciclados mediante procesos de trituraci\u00f3n, compactaci\u00f3n y granulaci\u00f3n. Ya sea reciclaje posconsumo o reciclaje industrial interno de EPS, nuestras m\u00e1quinas de reciclaje de poliestireno pueden satisfacer sus necesidades de producci\u00f3n y los gr\u00e1nulos de pl\u00e1stico terminados cumplir\u00e1n con altos est\u00e1ndares.<\/p> <figure id=\"attachment_17033\" aria-describedby=\"caption-attachment-17033\" style=\"width: 300px\" class=\"wp-caption alignleft\"><img decoding=\"async\" class=\"wp-image-17033 size-medium\" src=\"https:\/\/recyclingequipinc.com\/wp-content\/uploads\/2025\/01\/screenshot_2024-12-16_09-59-43-300x225.png\" alt=\"espumas de desecho\" width=\"300\" height=\"225\" srcset=\"https:\/\/recyclingequipinc.com\/wp-content\/uploads\/2025\/01\/screenshot_2024-12-16_09-59-43-300x225.png 300w, https:\/\/recyclingequipinc.com\/wp-content\/uploads\/2025\/01\/screenshot_2024-12-16_09-59-43-16x12.png 16w, https:\/\/recyclingequipinc.com\/wp-content\/uploads\/2025\/01\/screenshot_2024-12-16_09-59-43.png 720w\" sizes=\"(max-width: 300px) 100vw, 300px\" \/><figcaption id=\"caption-attachment-17033\" class=\"wp-caption-text\">espumas de desecho<\/figcaption><\/figure> <figure id=\"attachment_17034\" aria-describedby=\"caption-attachment-17034\" style=\"width: 300px\" class=\"wp-caption alignleft\"><img decoding=\"async\" class=\"wp-image-17034 size-medium\" src=\"https:\/\/recyclingequipinc.com\/wp-content\/uploads\/2025\/01\/screenshot_2024-12-16_10-01-53-300x225.png\" alt=\"tablero de espuma de poliestireno\" width=\"300\" height=\"225\" srcset=\"https:\/\/recyclingequipinc.com\/wp-content\/uploads\/2025\/01\/screenshot_2024-12-16_10-01-53-300x225.png 300w, https:\/\/recyclingequipinc.com\/wp-content\/uploads\/2025\/01\/screenshot_2024-12-16_10-01-53-16x12.png 16w, https:\/\/recyclingequipinc.com\/wp-content\/uploads\/2025\/01\/screenshot_2024-12-16_10-01-53.png 720w\" sizes=\"(max-width: 300px) 100vw, 300px\" \/><figcaption id=\"caption-attachment-17034\" class=\"wp-caption-text\">tablero de espuma de poliestireno<\/figcaption><\/figure> <figure id=\"attachment_17035\" aria-describedby=\"caption-attachment-17035\" style=\"width: 300px\" class=\"wp-caption alignleft\"><img loading=\"lazy\" decoding=\"async\" class=\"wp-image-17035 size-medium\" src=\"https:\/\/recyclingequipinc.com\/wp-content\/uploads\/2025\/01\/screenshot_2024-12-16_10-03-40-300x225.png\" alt=\"rellenos de sof\u00e1 eps\" width=\"300\" height=\"225\" srcset=\"https:\/\/recyclingequipinc.com\/wp-content\/uploads\/2025\/01\/screenshot_2024-12-16_10-03-40-300x225.png 300w, https:\/\/recyclingequipinc.com\/wp-content\/uploads\/2025\/01\/screenshot_2024-12-16_10-03-40-16x12.png 16w, https:\/\/recyclingequipinc.com\/wp-content\/uploads\/2025\/01\/screenshot_2024-12-16_10-03-40.png 720w\" sizes=\"(max-width: 300px) 100vw, 300px\" \/><figcaption id=\"caption-attachment-17035\" class=\"wp-caption-text\">rellenos de sof\u00e1 eps<\/figcaption><\/figure> <p>&nbsp;<\/p> <p>&nbsp;<\/p> <p>&nbsp;<\/p> <p>&nbsp;<\/p> <p>&nbsp;<\/p> <p>&nbsp;<\/p> <p>&nbsp;<\/p> <figure id=\"attachment_17036\" aria-describedby=\"caption-attachment-17036\" style=\"width: 300px\" class=\"wp-caption alignleft\"><img loading=\"lazy\" decoding=\"async\" class=\"wp-image-17036 size-medium\" src=\"https:\/\/recyclingequipinc.com\/wp-content\/uploads\/2025\/01\/screenshot_2024-12-16_09-56-51-300x225.png\" alt=\"gr\u00e1nulos reciclados\" width=\"300\" height=\"225\" srcset=\"https:\/\/recyclingequipinc.com\/wp-content\/uploads\/2025\/01\/screenshot_2024-12-16_09-56-51-300x225.png 300w, https:\/\/recyclingequipinc.com\/wp-content\/uploads\/2025\/01\/screenshot_2024-12-16_09-56-51-16x12.png 16w, https:\/\/recyclingequipinc.com\/wp-content\/uploads\/2025\/01\/screenshot_2024-12-16_09-56-51.png 720w\" sizes=\"(max-width: 300px) 100vw, 300px\" \/><figcaption id=\"caption-attachment-17036\" class=\"wp-caption-text\">gr\u00e1nulos reciclados<\/figcaption><\/figure> <figure id=\"attachment_17037\" aria-describedby=\"caption-attachment-17037\" style=\"width: 300px\" class=\"wp-caption alignleft\"><img loading=\"lazy\" decoding=\"async\" class=\"wp-image-17037 size-medium\" src=\"https:\/\/recyclingequipinc.com\/wp-content\/uploads\/2025\/01\/screenshot_2024-12-16_09-58-14-300x225.png\" alt=\"bolitas de poliestireno\" width=\"300\" height=\"225\" srcset=\"https:\/\/recyclingequipinc.com\/wp-content\/uploads\/2025\/01\/screenshot_2024-12-16_09-58-14-300x225.png 300w, https:\/\/recyclingequipinc.com\/wp-content\/uploads\/2025\/01\/screenshot_2024-12-16_09-58-14-16x12.png 16w, https:\/\/recyclingequipinc.com\/wp-content\/uploads\/2025\/01\/screenshot_2024-12-16_09-58-14.png 720w\" sizes=\"(max-width: 300px) 100vw, 300px\" \/><figcaption id=\"caption-attachment-17037\" class=\"wp-caption-text\">bolitas de poliestireno<\/figcaption><\/figure> <h2>\u00bfC\u00f3mo funciona el reciclaje de espuma de polietileno expandido?<\/h2> <h3>1. Aplastamiento<\/h3> <p>La espuma pl\u00e1stica es grande, de densidad liviana, f\u00e1cil de romper y no f\u00e1cil de transportar, almacenar y procesar. Por lo tanto, utilice la m\u00e1quina trituradora de espuma para triturar las materias primas recolectadas para el pretratamiento y obtener bloques de espuma de poliestireno m\u00e1s peque\u00f1os.<\/p> <p class=\"translation-block\">Shuliy<a href=\"https:\/\/recyclingequipinc.com\/es\/producto\/styrofoam-shredder\/\"> trituradora de poliestireno<\/a> est\u00e1 hecha de acero inoxidable de alta calidad, es duradera y resistente a la corrosi\u00f3n, y tiene una gran capacidad y alta producci\u00f3n.<\/p> <ul> <li>Capacidad: 250-500kg\/h<\/li> <li>Potencia: 5,5-11 KW<\/li> <li>Material: acero inoxidable de alta calidad<\/li> <li>Productos finales: piezas de espuma m\u00e1s peque\u00f1as y uniformes<\/li> <\/ul> <figure id=\"attachment_16956\" aria-describedby=\"caption-attachment-16956\" style=\"width: 720px\" class=\"wp-caption aligncenter\"><img loading=\"lazy\" decoding=\"async\" class=\"wp-image-16956 size-full\" src=\"https:\/\/recyclingequipinc.com\/wp-content\/uploads\/2025\/01\/EPS-shredding-machine.webp\" alt=\"M\u00e1quina trituradora de EPS\" width=\"720\" height=\"540\" srcset=\"https:\/\/recyclingequipinc.com\/wp-content\/uploads\/2025\/01\/EPS-shredding-machine.webp 720w, https:\/\/recyclingequipinc.com\/wp-content\/uploads\/2025\/01\/EPS-shredding-machine-300x225.webp 300w, https:\/\/recyclingequipinc.com\/wp-content\/uploads\/2025\/01\/EPS-shredding-machine-16x12.webp 16w\" sizes=\"(max-width: 720px) 100vw, 720px\" \/><figcaption id=\"caption-attachment-16956\" class=\"wp-caption-text\">M\u00e1quina trituradora de EPS<\/figcaption><\/figure> <h3>2. Prensado en fr\u00edo<\/h3> <p>Si necesita reducir a\u00fan m\u00e1s el volumen de espuma, puede utilizar el compactador de poliestireno para comprimir los bloques de espuma triturados en bloques densos de espuma mediante presi\u00f3n mec\u00e1nica, lo que facilita su posterior transporte, almacenamiento, etc.<\/p> <p class=\"translation-block\"><a href=\"https:\/\/recyclingequipinc.com\/es\/producto\/eps-foam-densifier\/\">Las m\u00e1quinas de briqueteado de EPS<\/a> no requieren calentamiento, lo que resulta en un bajo consumo de energ\u00eda; pueden reducir el volumen de las espumas pl\u00e1sticas hasta 40 veces, lo que resulta en una compresi\u00f3n eficiente; adem\u00e1s, el prensado en fr\u00edo no cambia las propiedades qu\u00edmicas del material, lo que facilita el procesamiento posterior en profundidad.<\/p> <ul> <li>Capacidad: 150-250kg\/h<\/li> <li>Potencia: 11-22KW<\/li> <li>Productos finales: bloques de compresi\u00f3n de espuma de alta densidad<\/li> <\/ul> <figure id=\"attachment_16960\" aria-describedby=\"caption-attachment-16960\" style=\"width: 720px\" class=\"wp-caption aligncenter\"><img loading=\"lazy\" decoding=\"async\" class=\"size-full wp-image-16960\" src=\"https:\/\/recyclingequipinc.com\/wp-content\/uploads\/2025\/01\/styrofoam-compactor.webp\" alt=\"compactador de espuma de poliestireno\" width=\"720\" height=\"540\" srcset=\"https:\/\/recyclingequipinc.com\/wp-content\/uploads\/2025\/01\/styrofoam-compactor.webp 720w, https:\/\/recyclingequipinc.com\/wp-content\/uploads\/2025\/01\/styrofoam-compactor-300x225.webp 300w, https:\/\/recyclingequipinc.com\/wp-content\/uploads\/2025\/01\/styrofoam-compactor-16x12.webp 16w\" sizes=\"(max-width: 720px) 100vw, 720px\" \/><figcaption id=\"caption-attachment-16960\" class=\"wp-caption-text\">compactador de espuma de poliestireno<\/figcaption><\/figure> <h3>3. Fusi\u00f3n en caliente<\/h3> <p>Si se requiere una mayor densidad o estado fundido del bloque de espuma, se recomienda la m\u00e1quina de reciclaje de fusi\u00f3n en caliente de EPS. El fusor de espuma de poliestireno calienta la espuma hasta un estado fundido a alta temperatura y luego la extruye para formar un bloque de espuma de alta densidad y bajo volumen. Adem\u00e1s, el proceso de fusi\u00f3n y calentamiento puede filtrar impurezas y mejorar la pureza de los pl\u00e1sticos reciclados.<\/p> <p class=\"translation-block\"><a href=\"https:\/\/recyclingequipinc.com\/es\/producto\/eps-epe-foam-hot-melting-machine\/\">El densificador de espuma<\/a> es adecuado para el procesamiento de reciclaje profundo. Es f\u00e1cil de operar, ahorra energ\u00eda y es respetuoso con el medio ambiente, y puede obtener bloques de espuma de mayor densidad de manera eficiente; equipado con un sistema de filtrado de escorias para eliminar eficazmente impurezas.<\/p> <ul> <li>Capacidad: 100-250 kg\/h<\/li> <li>Potencia: 15-22KW<\/li> <li>Productos finales: lingotes de espuma de poliestireno de alta densidad y pureza<\/li> <\/ul> <figure id=\"attachment_16961\" aria-describedby=\"caption-attachment-16961\" style=\"width: 720px\" class=\"wp-caption aligncenter\"><img loading=\"lazy\" decoding=\"async\" class=\"size-full wp-image-16961\" src=\"https:\/\/recyclingequipinc.com\/wp-content\/uploads\/2025\/01\/styrofoam-densifier.webp\" alt=\"densificador de poliestireno\" width=\"720\" height=\"540\" srcset=\"https:\/\/recyclingequipinc.com\/wp-content\/uploads\/2025\/01\/styrofoam-densifier.webp 720w, https:\/\/recyclingequipinc.com\/wp-content\/uploads\/2025\/01\/styrofoam-densifier-300x225.webp 300w, https:\/\/recyclingequipinc.com\/wp-content\/uploads\/2025\/01\/styrofoam-densifier-16x12.webp 16w\" sizes=\"(max-width: 720px) 100vw, 720px\" \/><figcaption id=\"caption-attachment-16961\" class=\"wp-caption-text\">densificador de poliestireno<\/figcaption><\/figure> <p>4. peletizaci\u00f3n<\/p> <p class=\"translation-block\">Utilice una <a href=\"https:\/\/recyclingequipinc.com\/es\/producto\/eps-foam-pelletizing-machine\/\">m\u00e1quina de peletizado de EPS<\/a> o una m\u00e1quina de extrusi\u00f3n de EPE para convertir bloques de espuma procesados en pellets reciclados uniformes a trav\u00e9s de fusi\u00f3n, extrusi\u00f3n, enfriamiento y corte. Las granulaciones de pl\u00e1stico reciclado pueden ser utilizadas directamente en la fabricaci\u00f3n y procesamiento de nuevos productos pl\u00e1sticos.<\/p> <p>La elecci\u00f3n de un granulador de poliestireno estable est\u00e1 relacionado con la calidad de los pellets terminados. Nuestros granuladores de espuma son estables y resistentes a altas temperaturas, y est\u00e1n equipados con un buen sistema de filtraci\u00f3n, que puede reducir la cantidad de reemplazos de filtros y paradas de m\u00e1quinas. El alto grado de automatizaci\u00f3n, f\u00e1cil de operar.<\/p> <ul> <li>Capacidad: 150-375kg\/h<\/li> <li>Potencia: 15-22KW<\/li> <li>Piezas: extrusora de espuma, tanque de enfriamiento, m\u00e1quina cortadora de pl\u00e1stico Dana.<\/li> <li>Productos finales: Part\u00edculas de espuma de alta pureza, no contaminantes, estables y homog\u00e9neas.<\/li> <\/ul> <figure id=\"attachment_16962\" aria-describedby=\"caption-attachment-16962\" style=\"width: 720px\" class=\"wp-caption aligncenter\"><img loading=\"lazy\" decoding=\"async\" class=\"size-full wp-image-16962\" src=\"https:\/\/recyclingequipinc.com\/wp-content\/uploads\/2025\/01\/foam-granulator.webp\" alt=\"granulador de espuma\" width=\"720\" height=\"540\" srcset=\"https:\/\/recyclingequipinc.com\/wp-content\/uploads\/2025\/01\/foam-granulator.webp 720w, https:\/\/recyclingequipinc.com\/wp-content\/uploads\/2025\/01\/foam-granulator-300x225.webp 300w, https:\/\/recyclingequipinc.com\/wp-content\/uploads\/2025\/01\/foam-granulator-16x12.webp 16w\" sizes=\"(max-width: 720px) 100vw, 720px\" \/><figcaption id=\"caption-attachment-16962\" class=\"wp-caption-text\">granulador de espuma<\/figcaption><\/figure> <h2>Conclusi\u00f3n<\/h2> <p>La conversi\u00f3n de residuos de espuma en gr\u00e1nulos reciclados requiere trituraci\u00f3n, compresi\u00f3n, granulaci\u00f3n, etc. Shuliy, como equipo profesional, se ha dedicado a crear la soluci\u00f3n de reciclaje de espuma de poliestireno adecuada para nuestros clientes. Si tienes alguna pregunta, por favor cont\u00e1ctanos, \u00a1bienvenido!<\/p> <p>&nbsp;<\/p>","protected":false},"excerpt":{"rendered":"<p>Las m\u00e1quinas de reciclaje de espuma de poliestireno incluyen trituradora de espuma de poliestireno, compactadora de espuma de poliestireno, peletizadora de poliestireno EPS, etc. Convierte la espuma de poliestireno residual en gr\u00e1nulos reciclados de alta calidad con buena calidad, alto rendimiento y alta eficiencia.<\/p>","protected":false},"featured_media":16963,"template":"","meta":{"site-sidebar-layout":"default","site-content-layout":"","ast-site-content-layout":"default","site-content-style":"default","site-sidebar-style":"default","ast-global-header-display":"","ast-banner-title-visibility":"","ast-main-header-display":"","ast-hfb-above-header-display":"","ast-hfb-below-header-display":"","ast-hfb-mobile-header-display":"","site-post-title":"","ast-breadcrumbs-content":"","ast-featured-img":"","footer-sml-layout":"","ast-disable-related-posts":"","theme-transparent-header-meta":"default","adv-header-id-meta":"","stick-header-meta":"","header-above-stick-meta":"","header-main-stick-meta":"","header-below-stick-meta":"","astra-migrate-meta-layouts":"set","ast-page-background-enabled":"default","ast-page-background-meta":{"desktop":{"background-color":"","background-image":"","background-repeat":"repeat","background-position":"center center","background-size":"auto","background-attachment":"scroll","background-type":"","background-media":"","overlay-type":"","overlay-color":"","overlay-opacity":"","overlay-gradient":""},"tablet":{"background-color":"","background-image":"","background-repeat":"repeat","background-position":"center center","background-size":"auto","background-attachment":"scroll","background-type":"","background-media":"","overlay-type":"","overlay-color":"","overlay-opacity":"","overlay-gradient":""},"mobile":{"background-color":"","background-image":"","background-repeat":"repeat","background-position":"center center","background-size":"auto","background-attachment":"scroll","background-type":"","background-media":"","overlay-type":"","overlay-color":"","overlay-opacity":"","overlay-gradient":""}},"ast-content-background-meta":{"desktop":{"background-color":"var(--ast-global-color-5)","background-image":"","background-repeat":"repeat","background-position":"center center","background-size":"auto","background-attachment":"scroll","background-type":"","background-media":"","overlay-type":"","overlay-color":"","overlay-opacity":"","overlay-gradient":""},"tablet":{"background-color":"var(--ast-global-color-5)","background-image":"","background-repeat":"repeat","background-position":"center center","background-size":"auto","background-attachment":"scroll","background-type":"","background-media":"","overlay-type":"","overlay-color":"","overlay-opacity":"","overlay-gradient":""},"mobile":{"background-color":"var(--ast-global-color-5)","background-image":"","background-repeat":"repeat","background-position":"center center","background-size":"auto","background-attachment":"scroll","background-type":"","background-media":"","overlay-type":"","overlay-color":"","overlay-opacity":"","overlay-gradient":""}}},"product_brand":[],"product_cat":[130],"product_tag":[80],"class_list":{"0":"post-16952","1":"product","2":"type-product","3":"status-publish","4":"has-post-thumbnail","6":"product_cat-solution","7":"product_tag-foam","8":"desktop-align-center","9":"tablet-align-center","10":"mobile-align-center","12":"first","13":"instock","14":"shipping-taxable","15":"product-type-simple"},"_links":{"self":[{"href":"https:\/\/recyclingequipinc.com\/es\/wp-json\/wp\/v2\/product\/16952","targetHints":{"allow":["GET"]}}],"collection":[{"href":"https:\/\/recyclingequipinc.com\/es\/wp-json\/wp\/v2\/product"}],"about":[{"href":"https:\/\/recyclingequipinc.com\/es\/wp-json\/wp\/v2\/types\/product"}],"version-history":[{"count":0,"href":"https:\/\/recyclingequipinc.com\/es\/wp-json\/wp\/v2\/product\/16952\/revisions"}],"wp:featuredmedia":[{"embeddable":true,"href":"https:\/\/recyclingequipinc.com\/es\/wp-json\/wp\/v2\/media\/16963"}],"wp:attachment":[{"href":"https:\/\/recyclingequipinc.com\/es\/wp-json\/wp\/v2\/media?parent=16952"}],"wp:term":[{"taxonomy":"product_brand","embeddable":true,"href":"https:\/\/recyclingequipinc.com\/es\/wp-json\/wp\/v2\/product_brand?post=16952"},{"taxonomy":"product_cat","embeddable":true,"href":"https:\/\/recyclingequipinc.com\/es\/wp-json\/wp\/v2\/product_cat?post=16952"},{"taxonomy":"product_tag","embeddable":true,"href":"https:\/\/recyclingequipinc.com\/es\/wp-json\/wp\/v2\/product_tag?post=16952"}],"curies":[{"name":"wp","href":"https:\/\/api.w.org\/{rel}","templated":true}]}}