{"id":16917,"date":"2025-01-09T16:29:47","date_gmt":"2025-01-09T08:29:47","guid":{"rendered":"https:\/\/recyclingequipinc.com\/?post_type=product&#038;p=16917"},"modified":"2025-01-20T10:04:56","modified_gmt":"2025-01-20T02:04:56","slug":"styrofoam-shredder","status":"publish","type":"product","link":"https:\/\/recyclingequipinc.com\/es\/product\/styrofoam-shredder\/","title":{"rendered":"Trituradora de poliestireno | M\u00e1quina trituradora de espuma de poliestireno"},"content":{"rendered":"<p>Las m\u00e1quinas trituradoras de poliestireno, tambi\u00e9n conocidas como m\u00e1quinas trituradoras de poliestireno, pueden triturar eficientemente EPS, EPE, EPP y otras materias primas de espuma. Tiene una capacidad de 250-500 kg\/h y se puede personalizar para satisfacer todas las escalas de f\u00e1bricas de reciclaje de poliestireno. Ya sea que desee reciclar EPS posconsumo o en la planta, lea este art\u00edculo para descubrir lo que nuestra m\u00e1quina trituradora de espuma puede hacer por usted.<\/p> <div class=\"ast-oembed-container\" style=\"height: 100%;\"><iframe title=\"Potente trituradora de poliestireno: m\u00faltiples pruebas antes del env\u00edo\" width=\"500\" height=\"281\" src=\"https:\/\/www.youtube.com\/embed\/H_jnIKjkSqk?feature=oembed\" frameborder=\"0\" allow=\"accelerometer; autoplay; clipboard-write; encrypted-media; gyroscope; picture-in-picture; web-share\" referrerpolicy=\"strict-origin-when-cross-origin\" allowfullscreen><\/iframe><\/div> <h2>\u00bfC\u00f3mo puede beneficiarle nuestra trituradora de poliestireno?<\/h2> <h3>Caracter\u00edsticas clave de la trituradora de espuma EPS<\/h3> <ol> <li><strong>Amplia aplicaci\u00f3n:<\/strong> Nuestra m\u00e1quina trituradora de EPS puede ser ampliamente utilizada en estaciones de reciclaje de poliestireno, f\u00e1bricas de procesamiento o reciclaje de EPS, la industria del embalaje, sitios de construcci\u00f3n y otros escenarios para ayudar a manejar una variedad de materias primas de espuma y facilitar el transporte y procesamiento de espumas pl\u00e1sticas.<\/li> <li><strong>Alta eficiencia:<\/strong> La capacidad de las trituradoras de espuma var\u00eda de 250 a 500 kg\/h, y hay una variedad de modelos para elegir, lo que permite una trituraci\u00f3n r\u00e1pida y eficiente.<\/li> <li><strong>Operaci\u00f3n f\u00e1cil:<\/strong> La entrada de alimentaci\u00f3n est\u00e1 dise\u00f1ada horizontalmente, a ras del suelo, lo que facilita que el personal alimente los materiales sin esfuerzo. Luego, los bloques de espuma triturados se transfieren a la tolva. Todo el proceso est\u00e1 altamente automatizado.<\/li> <li><strong>Alta calidad de productos terminados:<\/strong> La forma y el tama\u00f1o de los bloques de EPS\/EPE triturados son uniformes y la superficie est\u00e1 completamente libre de polvo. No se mezclan metales ni otras impurezas, lo que es adecuado para posteriores pasos de fusi\u00f3n en caliente, peletizaci\u00f3n y otros.<\/li> <li><strong>Ahorro de energ\u00eda y protecci\u00f3n del medio ambiente:<\/strong> La m\u00e1quina trituradora de poliestireno adopta un dise\u00f1o de reducci\u00f3n de ruido y amortiguaci\u00f3n de vibraciones, y la tuber\u00eda conecta cada dispositivo para evitar contaminar la calidad del aire. Mientras tanto, est\u00e1 equipado con un motor de alta eficiencia y cuchillas afiladas para evitar el consumo de energ\u00eda ineficaz y reducir el desperdicio de energ\u00eda.<\/li> <\/ol> <figure id=\"attachment_16935\" aria-describedby=\"caption-attachment-16935\" style=\"width: 720px\" class=\"wp-caption aligncenter\"><img fetchpriority=\"high\" decoding=\"async\" class=\"wp-image-16935 size-full\" src=\"https:\/\/recyclingequipinc.com\/wp-content\/uploads\/2025\/01\/Horizontal-foam-crushers1.webp\" alt=\"Trituradora de espuma horizontal\" width=\"720\" height=\"540\" srcset=\"https:\/\/recyclingequipinc.com\/wp-content\/uploads\/2025\/01\/Horizontal-foam-crushers1.webp 720w, https:\/\/recyclingequipinc.com\/wp-content\/uploads\/2025\/01\/Horizontal-foam-crushers1-300x225.webp 300w, https:\/\/recyclingequipinc.com\/wp-content\/uploads\/2025\/01\/Horizontal-foam-crushers1-16x12.webp 16w\" sizes=\"(max-width: 720px) 100vw, 720px\" \/><figcaption id=\"caption-attachment-16935\" class=\"wp-caption-text\">Trituradora de espuma horizontal<\/figcaption><\/figure> <h3>\u00bfQu\u00e9 valor puedes obtener?<\/h3> <ol> <li>Se puede utilizar con un <a href=\"https:\/\/recyclingequipinc.com\/es\/producto\/eps-epe-foam-hot-melting-machine\/\">m\u00e1quina fusora de espuma de poliestireno<\/a> fundir y comprimir el poliestireno expandido para obtener lingotes de espuma de alta densidad.<\/li> <li>Trituraci\u00f3n de espumas pl\u00e1sticas en trozos uniformes para mejorar la eficiencia de granulaci\u00f3n de EPS\/EPE.<\/li> <li>Reduce la cantidad de espuma que va directamente al vertedero o a la incineraci\u00f3n, lo que es respetuoso con el medio ambiente.<\/li> <\/ol> <figure id=\"attachment_16938\" aria-describedby=\"caption-attachment-16938\" style=\"width: 300px\" class=\"wp-caption alignleft\"><img decoding=\"async\" class=\"wp-image-16938 size-medium\" src=\"https:\/\/recyclingequipinc.com\/wp-content\/uploads\/2025\/01\/styrofoam-shredder-machine-300x225.webp\" alt=\"\u2460m\u00e1quina trituradora de espuma de poliestireno\" width=\"300\" height=\"225\" srcset=\"https:\/\/recyclingequipinc.com\/wp-content\/uploads\/2025\/01\/styrofoam-shredder-machine-300x225.webp 300w, https:\/\/recyclingequipinc.com\/wp-content\/uploads\/2025\/01\/styrofoam-shredder-machine-16x12.webp 16w, https:\/\/recyclingequipinc.com\/wp-content\/uploads\/2025\/01\/styrofoam-shredder-machine.webp 720w\" sizes=\"(max-width: 300px) 100vw, 300px\" \/><figcaption id=\"caption-attachment-16938\" class=\"wp-caption-text\">m\u00e1quina trituradora de espuma de poliestireno<\/figcaption><\/figure> <figure id=\"attachment_16937\" aria-describedby=\"caption-attachment-16937\" style=\"width: 300px\" class=\"wp-caption alignleft\"><img decoding=\"async\" class=\"wp-image-16937 size-medium\" src=\"https:\/\/recyclingequipinc.com\/wp-content\/uploads\/2025\/01\/EPS-recycling-crushing-300x225.webp\" alt=\"\u2461Trituraci\u00f3n de reciclaje de EPS\" width=\"300\" height=\"225\" srcset=\"https:\/\/recyclingequipinc.com\/wp-content\/uploads\/2025\/01\/EPS-recycling-crushing-300x225.webp 300w, https:\/\/recyclingequipinc.com\/wp-content\/uploads\/2025\/01\/EPS-recycling-crushing-16x12.webp 16w, https:\/\/recyclingequipinc.com\/wp-content\/uploads\/2025\/01\/EPS-recycling-crushing.webp 720w\" sizes=\"(max-width: 300px) 100vw, 300px\" \/><figcaption id=\"caption-attachment-16937\" class=\"wp-caption-text\">Trituraci\u00f3n de reciclaje de EPS<\/figcaption><\/figure> <figure id=\"attachment_16936\" aria-describedby=\"caption-attachment-16936\" style=\"width: 300px\" class=\"wp-caption alignleft\"><img loading=\"lazy\" decoding=\"async\" class=\"wp-image-16936 size-medium\" src=\"https:\/\/recyclingequipinc.com\/wp-content\/uploads\/2025\/01\/crushed-plastic-foam-300x225.webp\" alt=\"\u2462espuma pl\u00e1stica triturada\" width=\"300\" height=\"225\" srcset=\"https:\/\/recyclingequipinc.com\/wp-content\/uploads\/2025\/01\/crushed-plastic-foam-300x225.webp 300w, https:\/\/recyclingequipinc.com\/wp-content\/uploads\/2025\/01\/crushed-plastic-foam-16x12.webp 16w, https:\/\/recyclingequipinc.com\/wp-content\/uploads\/2025\/01\/crushed-plastic-foam.webp 720w\" sizes=\"(max-width: 300px) 100vw, 300px\" \/><figcaption id=\"caption-attachment-16936\" class=\"wp-caption-text\">espuma pl\u00e1stica triturada<\/figcaption><\/figure> <p>&nbsp;<\/p> <p>&nbsp;<\/p> <p>&nbsp;<\/p> <p>&nbsp;<\/p> <p>&nbsp;<\/p> <p>&nbsp;<\/p> <p>&nbsp;<\/p> <figure id=\"attachment_16939\" aria-describedby=\"caption-attachment-16939\" style=\"width: 300px\" class=\"wp-caption alignleft\"><img loading=\"lazy\" decoding=\"async\" class=\"wp-image-16939 size-medium\" src=\"https:\/\/recyclingequipinc.com\/wp-content\/uploads\/2025\/01\/\u2460styrofoam-melter-300x225.webp\" alt=\"\u2460fundidor de espuma de poliestireno\" width=\"300\" height=\"225\" srcset=\"https:\/\/recyclingequipinc.com\/wp-content\/uploads\/2025\/01\/\u2460styrofoam-melter-300x225.webp 300w, https:\/\/recyclingequipinc.com\/wp-content\/uploads\/2025\/01\/\u2460styrofoam-melter-16x12.webp 16w, https:\/\/recyclingequipinc.com\/wp-content\/uploads\/2025\/01\/\u2460styrofoam-melter.webp 720w\" sizes=\"(max-width: 300px) 100vw, 300px\" \/><figcaption id=\"caption-attachment-16939\" class=\"wp-caption-text\">\u2460fundidor de espuma de poliestireno<\/figcaption><\/figure> <figure id=\"attachment_16940\" aria-describedby=\"caption-attachment-16940\" style=\"width: 300px\" class=\"wp-caption alignleft\"><img loading=\"lazy\" decoding=\"async\" class=\"wp-image-16940 size-medium\" src=\"https:\/\/recyclingequipinc.com\/wp-content\/uploads\/2025\/01\/\u2461foam-extruding-300x225.webp\" alt=\"\u2461extrusi\u00f3n de espuma\" width=\"300\" height=\"225\" srcset=\"https:\/\/recyclingequipinc.com\/wp-content\/uploads\/2025\/01\/\u2461foam-extruding-300x225.webp 300w, https:\/\/recyclingequipinc.com\/wp-content\/uploads\/2025\/01\/\u2461foam-extruding-16x12.webp 16w, https:\/\/recyclingequipinc.com\/wp-content\/uploads\/2025\/01\/\u2461foam-extruding.webp 720w\" sizes=\"(max-width: 300px) 100vw, 300px\" \/><figcaption id=\"caption-attachment-16940\" class=\"wp-caption-text\">\u2461extrusi\u00f3n de espuma<\/figcaption><\/figure> <figure id=\"attachment_16941\" aria-describedby=\"caption-attachment-16941\" style=\"width: 300px\" class=\"wp-caption alignleft\"><img loading=\"lazy\" decoding=\"async\" class=\"wp-image-16941 size-medium\" src=\"https:\/\/recyclingequipinc.com\/wp-content\/uploads\/2025\/01\/\u2462dense-styrofoam-ingots-300x225.webp\" alt=\"\u2462lingotes densos de espuma de poliestireno\" width=\"300\" height=\"225\" srcset=\"https:\/\/recyclingequipinc.com\/wp-content\/uploads\/2025\/01\/\u2462dense-styrofoam-ingots-300x225.webp 300w, https:\/\/recyclingequipinc.com\/wp-content\/uploads\/2025\/01\/\u2462dense-styrofoam-ingots-16x12.webp 16w, https:\/\/recyclingequipinc.com\/wp-content\/uploads\/2025\/01\/\u2462dense-styrofoam-ingots.webp 720w\" sizes=\"(max-width: 300px) 100vw, 300px\" \/><figcaption id=\"caption-attachment-16941\" class=\"wp-caption-text\">\u2462lingotes densos de espuma de poliestireno<\/figcaption><\/figure> <p>&nbsp;<\/p> <p>&nbsp;<\/p> <p>&nbsp;<\/p> <div class=\"mceTemp\"><\/div> <h2>Materias primas y productos finales de la m\u00e1quina trituradora de poliestireno<\/h2> <h3>Materias primas:<\/h3> <p>La trituradora de poliestireno EFICIENTE se usa com\u00fanmente para procesar EPS, EPE y otros materiales de espuma, que com\u00fanmente incluyen cajas de espuma de poliestireno, l\u00e1minas de espuma para embalaje, aislamiento de poliestireno, loncheras de EPS, paneles aislantes de construcci\u00f3n de XPS, tapetes de yoga, relleno de sof\u00e1s, etc. La trituradora de espuma de EPS Se puede utilizar para plantas de reciclaje de espuma de todos los tama\u00f1os y es la primera m\u00e1quina en una l\u00ednea de reciclaje de poliestireno.<\/p> <figure id=\"attachment_16943\" aria-describedby=\"caption-attachment-16943\" style=\"width: 300px\" class=\"wp-caption alignleft\"><img loading=\"lazy\" decoding=\"async\" class=\"wp-image-16943 size-medium\" src=\"https:\/\/recyclingequipinc.com\/wp-content\/uploads\/2025\/01\/eps-board-300x225.webp\" alt=\"placa XPS\" width=\"300\" height=\"225\" srcset=\"https:\/\/recyclingequipinc.com\/wp-content\/uploads\/2025\/01\/eps-board-300x225.webp 300w, https:\/\/recyclingequipinc.com\/wp-content\/uploads\/2025\/01\/eps-board-16x12.webp 16w, https:\/\/recyclingequipinc.com\/wp-content\/uploads\/2025\/01\/eps-board.webp 720w\" sizes=\"(max-width: 300px) 100vw, 300px\" \/><figcaption id=\"caption-attachment-16943\" class=\"wp-caption-text\">placa XPS<\/figcaption><\/figure> <figure id=\"attachment_16944\" aria-describedby=\"caption-attachment-16944\" style=\"width: 300px\" class=\"wp-caption alignleft\"><img loading=\"lazy\" decoding=\"async\" class=\"wp-image-16944 size-medium\" src=\"https:\/\/recyclingequipinc.com\/wp-content\/uploads\/2025\/01\/fruit-packaging-foam-300x225.webp\" alt=\"espuma para envasar frutas\" width=\"300\" height=\"225\" srcset=\"https:\/\/recyclingequipinc.com\/wp-content\/uploads\/2025\/01\/fruit-packaging-foam-300x225.webp 300w, https:\/\/recyclingequipinc.com\/wp-content\/uploads\/2025\/01\/fruit-packaging-foam-16x12.webp 16w, https:\/\/recyclingequipinc.com\/wp-content\/uploads\/2025\/01\/fruit-packaging-foam.webp 720w\" sizes=\"(max-width: 300px) 100vw, 300px\" \/><figcaption id=\"caption-attachment-16944\" class=\"wp-caption-text\">espuma para envasar frutas<\/figcaption><\/figure> <figure id=\"attachment_16945\" aria-describedby=\"caption-attachment-16945\" style=\"width: 300px\" class=\"wp-caption alignleft\"><img loading=\"lazy\" decoding=\"async\" class=\"wp-image-16945 size-medium\" src=\"https:\/\/recyclingequipinc.com\/wp-content\/uploads\/2025\/01\/styrofoam-boxes-300x225.webp\" alt=\"cajas de poliestireno\" width=\"300\" height=\"225\" srcset=\"https:\/\/recyclingequipinc.com\/wp-content\/uploads\/2025\/01\/styrofoam-boxes-300x225.webp 300w, https:\/\/recyclingequipinc.com\/wp-content\/uploads\/2025\/01\/styrofoam-boxes-16x12.webp 16w, https:\/\/recyclingequipinc.com\/wp-content\/uploads\/2025\/01\/styrofoam-boxes.webp 720w\" sizes=\"(max-width: 300px) 100vw, 300px\" \/><figcaption id=\"caption-attachment-16945\" class=\"wp-caption-text\">cajas de poliestireno<\/figcaption><\/figure> <p>&nbsp;<\/p> <p>&nbsp;<\/p> <p>&nbsp;<\/p> <p>&nbsp;<\/p> <p>&nbsp;<\/p> <p>&nbsp;<\/p> <p>&nbsp;<\/p> <figure id=\"attachment_16942\" aria-describedby=\"caption-attachment-16942\" style=\"width: 300px\" class=\"wp-caption alignleft\"><img loading=\"lazy\" decoding=\"async\" class=\"wp-image-16942 size-medium\" src=\"https:\/\/recyclingequipinc.com\/wp-content\/uploads\/2025\/01\/epe-materials-300x225.webp\" alt=\"materiales de epe\" width=\"300\" height=\"225\" srcset=\"https:\/\/recyclingequipinc.com\/wp-content\/uploads\/2025\/01\/epe-materials-300x225.webp 300w, https:\/\/recyclingequipinc.com\/wp-content\/uploads\/2025\/01\/epe-materials-16x12.webp 16w, https:\/\/recyclingequipinc.com\/wp-content\/uploads\/2025\/01\/epe-materials.webp 720w\" sizes=\"(max-width: 300px) 100vw, 300px\" \/><figcaption id=\"caption-attachment-16942\" class=\"wp-caption-text\">materiales de epe<\/figcaption><\/figure> <figure id=\"attachment_16946\" aria-describedby=\"caption-attachment-16946\" style=\"width: 300px\" class=\"wp-caption alignleft\"><img loading=\"lazy\" decoding=\"async\" class=\"wp-image-16946 size-medium\" src=\"https:\/\/recyclingequipinc.com\/wp-content\/uploads\/2025\/01\/Yoga-mat--300x225.webp\" alt=\"estera de yoga\" width=\"300\" height=\"225\" srcset=\"https:\/\/recyclingequipinc.com\/wp-content\/uploads\/2025\/01\/Yoga-mat--300x225.webp 300w, https:\/\/recyclingequipinc.com\/wp-content\/uploads\/2025\/01\/Yoga-mat--16x12.webp 16w, https:\/\/recyclingequipinc.com\/wp-content\/uploads\/2025\/01\/Yoga-mat-.webp 720w\" sizes=\"(max-width: 300px) 100vw, 300px\" \/><figcaption id=\"caption-attachment-16946\" class=\"wp-caption-text\">estera de yoga<\/figcaption><\/figure> <h3>Productos finales:<\/h3> <p>Los bloques de espuma EPS triturados suelen presentarse en forma de fragmentos de espuma de tama\u00f1o uniforme, con el material intacto y sin contaminar, y los vol\u00famenes totales se reducen, lo que facilita el reciclaje posterior.<\/p> <h2>Datos t\u00e9cnicos b\u00e1sicos de la trituradora de espuma<\/h2> <p>Aqu\u00ed est\u00e1n los par\u00e1metros de algunos modelos populares como referencia. Ofrecemos varios tipos y trituradoras de poliestireno personalizadas para satisfacer sus necesidades de producci\u00f3n. Env\u00edenos su situaci\u00f3n de producci\u00f3n y le recomendaremos la m\u00e1quina trituradora de poliestireno m\u00e1s adecuada para usted.<\/p> <ul> <li>TIPO: SL-800\/ SL-1000\/ SL-1200\/ SL-1500<\/li> <li>POTENCIA (kW): 5,5\/ 5,5\/ 7,5\/ 11<\/li> <li>CAPACIDAD (kg\/h): 250-300\/ 300-350\/ 400-450\/ 450-500<\/li> <li>TAMA\u00d1O DE ENTRADA (cm): 800*600\/ 1000*600\/ 1200*600\/ 1500*600<\/li> <\/ul> <figure id=\"attachment_16947\" aria-describedby=\"caption-attachment-16947\" style=\"width: 720px\" class=\"wp-caption aligncenter\"><img loading=\"lazy\" decoding=\"async\" class=\"size-full wp-image-16947\" src=\"https:\/\/recyclingequipinc.com\/wp-content\/uploads\/2025\/01\/foam-crusher1.webp\" alt=\"Trituradora de espuma EPS\" width=\"720\" height=\"540\" srcset=\"https:\/\/recyclingequipinc.com\/wp-content\/uploads\/2025\/01\/foam-crusher1.webp 720w, https:\/\/recyclingequipinc.com\/wp-content\/uploads\/2025\/01\/foam-crusher1-300x225.webp 300w, https:\/\/recyclingequipinc.com\/wp-content\/uploads\/2025\/01\/foam-crusher1-16x12.webp 16w\" sizes=\"(max-width: 720px) 100vw, 720px\" \/><figcaption id=\"caption-attachment-16947\" class=\"wp-caption-text\">Trituradora de espuma EPS<\/figcaption><\/figure> <h2>\u00bfC\u00f3mo funciona la trituradora de espuma EPS?<\/h2> <p>La m\u00e1quina trituradora de poliestireno consta de una entrada de alimentaci\u00f3n, una c\u00e1mara de trituraci\u00f3n, cuchillas, cribas y una base.<\/p> <p>Los residuos de espuma pl\u00e1stica ingresan a la c\u00e1mara de trituraci\u00f3n a trav\u00e9s de la entrada de alimentaci\u00f3n y las cuchillas de acero inoxidable de alta calidad giran para triturar la espuma al tama\u00f1o preestablecido. Luego las piezas de espuma EPS que cumplen con los requisitos pasan por la criba y son transferidas a la tolva del fusor de poliestireno para el siguiente proceso de reciclaje.<\/p> <figure id=\"attachment_16948\" aria-describedby=\"caption-attachment-16948\" style=\"width: 720px\" class=\"wp-caption aligncenter\"><img loading=\"lazy\" decoding=\"async\" class=\"size-full wp-image-16948\" src=\"https:\/\/recyclingequipinc.com\/wp-content\/uploads\/2025\/01\/styrofoam-recycling-machines.webp\" alt=\"m\u00e1quinas de reciclaje de espuma de poliestireno\" width=\"720\" height=\"540\" srcset=\"https:\/\/recyclingequipinc.com\/wp-content\/uploads\/2025\/01\/styrofoam-recycling-machines.webp 720w, https:\/\/recyclingequipinc.com\/wp-content\/uploads\/2025\/01\/styrofoam-recycling-machines-300x225.webp 300w, https:\/\/recyclingequipinc.com\/wp-content\/uploads\/2025\/01\/styrofoam-recycling-machines-16x12.webp 16w\" sizes=\"(max-width: 720px) 100vw, 720px\" \/><figcaption id=\"caption-attachment-16948\" class=\"wp-caption-text\">m\u00e1quinas de reciclaje de espuma de poliestireno<\/figcaption><\/figure> <h2>Nuestros servicios<\/h2> <ul> <li>Responder a sus preguntas sobre reciclaje, compartir casos de \u00e9xito y recomendar el modelo m\u00e1s adecuado para su dise\u00f1o;<\/li> <li>El plazo de entrega es de aproximadamente dos semanas despu\u00e9s de realizar el pedido y le enviaremos actualizaciones peri\u00f3dicas sobre el progreso de la producci\u00f3n;<\/li> <li>Soporte t\u00e9cnico, instalaci\u00f3n en sitio y un a\u00f1o de garant\u00eda.<\/li> <\/ul> <h2>Resumen<\/h2> <p>Como primer paso en el reciclaje de poliestireno, el proceso de trituraci\u00f3n de espuma pl\u00e1stica afecta la eficiencia de todo el reciclaje de poliestireno. Seleccionar la trituradora de poliestireno adecuada de alta calidad puede ayudar a reducir eficientemente el volumen de espuma, facilitar el procesamiento posterior y mejorar la eficiencia del reciclaje. Si est\u00e1 interesado, cont\u00e1ctenos, \u00a1le haremos recomendaciones!<\/p> <p>&nbsp;<\/p> <p>&nbsp;<\/p> <p>&nbsp;<\/p> <p>&nbsp;<\/p> <p>&nbsp;<\/p> <h1><\/h1>","protected":false},"excerpt":{"rendered":"<p>\u00bfC\u00f3mo tratar previamente los residuos de espuma de poliestireno antes de granularlos? El uso de una m\u00e1quina trituradora de poliestireno para romper las voluminosas espumas de EPS en trozos peque\u00f1os y uniformes puede reducir la huella de la espuma, facilitar el procesamiento posterior, etc.<\/p> <p>&nbsp;<\/p>","protected":false},"featured_media":16934,"template":"","meta":{"site-sidebar-layout":"default","site-content-layout":"","ast-site-content-layout":"default","site-content-style":"default","site-sidebar-style":"default","ast-global-header-display":"","ast-banner-title-visibility":"","ast-main-header-display":"","ast-hfb-above-header-display":"","ast-hfb-below-header-display":"","ast-hfb-mobile-header-display":"","site-post-title":"","ast-breadcrumbs-content":"","ast-featured-img":"","footer-sml-layout":"","ast-disable-related-posts":"","theme-transparent-header-meta":"default","adv-header-id-meta":"","stick-header-meta":"","header-above-stick-meta":"","header-main-stick-meta":"","header-below-stick-meta":"","astra-migrate-meta-layouts":"set","ast-page-background-enabled":"default","ast-page-background-meta":{"desktop":{"background-color":"","background-image":"","background-repeat":"repeat","background-position":"center center","background-size":"auto","background-attachment":"scroll","background-type":"","background-media":"","overlay-type":"","overlay-color":"","overlay-opacity":"","overlay-gradient":""},"tablet":{"background-color":"","background-image":"","background-repeat":"repeat","background-position":"center center","background-size":"auto","background-attachment":"scroll","background-type":"","background-media":"","overlay-type":"","overlay-color":"","overlay-opacity":"","overlay-gradient":""},"mobile":{"background-color":"","background-image":"","background-repeat":"repeat","background-position":"center center","background-size":"auto","background-attachment":"scroll","background-type":"","background-media":"","overlay-type":"","overlay-color":"","overlay-opacity":"","overlay-gradient":""}},"ast-content-background-meta":{"desktop":{"background-color":"var(--ast-global-color-5)","background-image":"","background-repeat":"repeat","background-position":"center center","background-size":"auto","background-attachment":"scroll","background-type":"","background-media":"","overlay-type":"","overlay-color":"","overlay-opacity":"","overlay-gradient":""},"tablet":{"background-color":"var(--ast-global-color-5)","background-image":"","background-repeat":"repeat","background-position":"center center","background-size":"auto","background-attachment":"scroll","background-type":"","background-media":"","overlay-type":"","overlay-color":"","overlay-opacity":"","overlay-gradient":""},"mobile":{"background-color":"var(--ast-global-color-5)","background-image":"","background-repeat":"repeat","background-position":"center center","background-size":"auto","background-attachment":"scroll","background-type":"","background-media":"","overlay-type":"","overlay-color":"","overlay-opacity":"","overlay-gradient":""}}},"product_brand":[],"product_cat":[36],"product_tag":[80,85],"class_list":{"0":"post-16917","1":"product","2":"type-product","3":"status-publish","4":"has-post-thumbnail","6":"product_cat-plastic-recycling-machine","7":"product_tag-foam","8":"product_tag-foam-crusher","9":"desktop-align-center","10":"tablet-align-center","11":"mobile-align-center","13":"first","14":"instock","15":"shipping-taxable","16":"product-type-simple"},"_links":{"self":[{"href":"https:\/\/recyclingequipinc.com\/es\/wp-json\/wp\/v2\/product\/16917","targetHints":{"allow":["GET"]}}],"collection":[{"href":"https:\/\/recyclingequipinc.com\/es\/wp-json\/wp\/v2\/product"}],"about":[{"href":"https:\/\/recyclingequipinc.com\/es\/wp-json\/wp\/v2\/types\/product"}],"version-history":[{"count":0,"href":"https:\/\/recyclingequipinc.com\/es\/wp-json\/wp\/v2\/product\/16917\/revisions"}],"wp:featuredmedia":[{"embeddable":true,"href":"https:\/\/recyclingequipinc.com\/es\/wp-json\/wp\/v2\/media\/16934"}],"wp:attachment":[{"href":"https:\/\/recyclingequipinc.com\/es\/wp-json\/wp\/v2\/media?parent=16917"}],"wp:term":[{"taxonomy":"product_brand","embeddable":true,"href":"https:\/\/recyclingequipinc.com\/es\/wp-json\/wp\/v2\/product_brand?post=16917"},{"taxonomy":"product_cat","embeddable":true,"href":"https:\/\/recyclingequipinc.com\/es\/wp-json\/wp\/v2\/product_cat?post=16917"},{"taxonomy":"product_tag","embeddable":true,"href":"https:\/\/recyclingequipinc.com\/es\/wp-json\/wp\/v2\/product_tag?post=16917"}],"curies":[{"name":"wp","href":"https:\/\/api.w.org\/{rel}","templated":true}]}}