{"id":5699,"date":"2022-03-09T06:44:26","date_gmt":"2022-03-09T06:44:26","guid":{"rendered":"https:\/\/recyclingequipinc.com\/?post_type=product&#038;p=5699"},"modified":"2024-10-04T20:42:10","modified_gmt":"2024-10-04T12:42:10","slug":"fruit-net-making-machine","status":"publish","type":"product","link":"https:\/\/recyclingequipinc.com\/de\/product\/fruit-net-making-machine\/","title":{"rendered":"Magische Fruchtnetzherstellungsmaschine | EPE-Schaum-Fruchtnetz-Extrusionsmaschine"},"content":{"rendered":"<p>Die EPE-Schaumfruchtnetz-Herstellungsmaschine ist ein neuer Maschinentyp zur Herstellung von flexiblem Verpackungsmaterial. Aufgrund der einzigartigen Expansionsnetzwerkstruktur und des elastischen Schaumnetzes des EPE-Schaumnetzes wird es h\u00e4ufig zum Verpacken von Glasprodukten, Pr\u00e4zisionsinstrumenten und verschiedenen Gem\u00fcse-, Obst- und Blumenarten verwendet. Daher beginnen viele Menschen, sich das Wissen \u00fcber Obstnetzmaschinen aus EPE-Schaumstoff anzueignen.<\/p> <div class=\"ast-oembed-container\" style=\"height: 100%;\"><iframe title=\"EPE-Schaum-Fruchtnetzmaschine | EPE-Fruchtschaum-Netzmaschine | Fruchtnetz-Herstellungsmaschine | #Shorts\" width=\"500\" height=\"281\" src=\"https:\/\/www.youtube.com\/embed\/sUfi2VsQCQY?feature=oembed\" frameborder=\"0\" allow=\"accelerometer; autoplay; clipboard-write; encrypted-media; gyroscope; picture-in-picture; web-share\" referrerpolicy=\"strict-origin-when-cross-origin\" allowfullscreen><\/iframe><\/div> <h2>Was ist das Schaumprinzip der EPE-Schaum-Fruchtnetzherstellungsmaschine?<\/h2> <p>Sie m\u00fcssen im Voraus 50-kg-Fl\u00fcssiggastanks (Butan) und 2 Stickstoffflaschen (Stickstoff) vorbereiten. Zuerst sollten Sie das Rohmaterial (Hochdruckpolyethylen niedriger Dichte, Talkumpuder 2\u20134 kg\/T, Butangas 200 kg\/T, Kunststoffschatz 20\u201325 kg\/T) in die Zuf\u00fchrungen am vorderen Ende des Fruchtschaums gie\u00dfen Netzherstellungsmaschine. Und die Mischvorrichtung im Futterspender sorgt f\u00fcr eine gleichm\u00e4\u00dfige Mischung der Rohstoffe. Anschlie\u00dfend werden Methan und andere sch\u00e4umende Gase in den Wirt eingeleitet. Anschlie\u00dfend kommt das fertige Produkt durch das Schleifwerkzeug aus dem vorderen Teil des Hosts. Wer Obst- und Gem\u00fcsesets herstellen m\u00f6chte, sollte \u00fcbrigens keinen Plastikm\u00fcll verwenden. Dies dient der Gesundheit aller.<\/p> <figure id=\"attachment_5703\" aria-describedby=\"caption-attachment-5703\" style=\"width: 720px\" class=\"wp-caption aligncenter\"><img fetchpriority=\"high\" decoding=\"async\" class=\"size-full wp-image-5703\" src=\"https:\/\/recyclingequipinc.com\/wp-content\/uploads\/2022\/03\/cooling-part.jpg\" alt=\"Schmelz- und K\u00fchlteil \" width=\"720\" height=\"540\" srcset=\"https:\/\/recyclingequipinc.com\/wp-content\/uploads\/2022\/03\/cooling-part.jpg 720w, https:\/\/recyclingequipinc.com\/wp-content\/uploads\/2022\/03\/cooling-part-300x225.jpg 300w, https:\/\/recyclingequipinc.com\/wp-content\/uploads\/2022\/03\/cooling-part-600x450.jpg 600w\" sizes=\"(max-width: 720px) 100vw, 720px\" \/><figcaption id=\"caption-attachment-5703\" class=\"wp-caption-text\">Schmelz- und K\u00fchlteil<\/figcaption><\/figure> <h2>Die Struktur der Maschine zur Herstellung von Obstnetzen aus EPE-Schaum<\/h2> <p>Die EPE-Schaumfruchtnetzmaschine besteht aus f\u00fcnf Teilen: Hauptmotor, Butangaspumpe, Additivpumpe, Hauptschaltschrank und Traktionsabschaltung. Die Hauptmaschine, die Butanpumpe, der D\u00fcsenkopf, die Antriebsrolle und der Schneidmotor werden alle von einem Frequenzumrichter gesteuert.<\/p> <figure id=\"attachment_5702\" aria-describedby=\"caption-attachment-5702\" style=\"width: 720px\" class=\"wp-caption aligncenter\"><img decoding=\"async\" class=\"size-full wp-image-5702\" src=\"https:\/\/recyclingequipinc.com\/wp-content\/uploads\/2022\/03\/console-of-epe-foam-fruit-net-making-machine.jpg\" alt=\"Konsole der Maschine zur Herstellung von Obstnetzen aus Epe-Schaumstoff\" width=\"720\" height=\"540\" srcset=\"https:\/\/recyclingequipinc.com\/wp-content\/uploads\/2022\/03\/console-of-epe-foam-fruit-net-making-machine.jpg 720w, https:\/\/recyclingequipinc.com\/wp-content\/uploads\/2022\/03\/console-of-epe-foam-fruit-net-making-machine-300x225.jpg 300w, https:\/\/recyclingequipinc.com\/wp-content\/uploads\/2022\/03\/console-of-epe-foam-fruit-net-making-machine-600x450.jpg 600w\" sizes=\"(max-width: 720px) 100vw, 720px\" \/><figcaption id=\"caption-attachment-5702\" class=\"wp-caption-text\">Konsole der Maschine zur Herstellung von Obstnetzen aus Epe-Schaumstoff<\/figcaption><\/figure> <h2>Warum sollten Sie sich f\u00fcr unsere EPE-Schaum-Fruchtnetz-Extrusionsmaschine entscheiden?<\/h2> <ol> <li>Das Ger\u00e4t wurde auf der Grundlage langj\u00e4hriger praktischer Erfahrungen in unserem Hause entwickelt <a href=\"https:\/\/recyclingequipinc.com\/de\/\">SHULIY-Fabrik<\/a>. Und es wurde nach Thailand, Vietnam und in andere L\u00e4nder exportiert.<\/li> <li>Die EPE-Schaumfruchtnetz-Extrusionsmaschine verf\u00fcgt \u00fcber ein einzigartiges Design, eine komfortable Bedienung, einen stabilen Betrieb, Sicherheit, Energieeinsparung und einen hohen Automatisierungsgrad.<\/li> <li>Die Produkte haben ein hohes Schaumverh\u00e4ltnis, ein sch\u00f6nes Aussehen, Gl\u00e4tte, Symmetrie und eine gute Helligkeit.<\/li> <li>In 24 Stunden k\u00f6nnen 700.000 bis 1,2 Millionen 12 cm lange Fruchtnetzs\u00e4tze hergestellt werden.<\/li> <li>Die Einheit ist mit verschiedenen D\u00fcsenk\u00f6pfen und Hilfsmaschinen ausgestattet, mit denen verschiedene Obstschaum-Netzh\u00fcllen (zur Verpackung von \u00c4pfeln, Birnen, Wassermelonen, Honigmelonen, Mangos usw.), Rosenschutzh\u00fcllen, EPE-Schaumplatten und EPE-Schaumschl\u00e4uche hergestellt werden k\u00f6nnen und andere Produkte.<\/li> <li>Mit der EPE Foam Fruit Net-Extrusionsmaschine k\u00f6nnen auch Schaumstoffplatten, Schaumstoffrohre, Schaumstoffst\u00e4be, Schaumstoffst\u00e4be und Profile hergestellt werden, indem verschiedene D\u00fcsenk\u00f6pfe und Hilfszubeh\u00f6rteile ausgetauscht werden.<\/li> <\/ol> <figure id=\"attachment_5706\" aria-describedby=\"caption-attachment-5706\" style=\"width: 720px\" class=\"wp-caption aligncenter\"><img decoding=\"async\" class=\"size-full wp-image-5706\" src=\"https:\/\/recyclingequipinc.com\/wp-content\/uploads\/2022\/03\/the-factory-of-epe-foam-fruit-net-machine.jpg\" alt=\"die Fabrik der Epe-Schaum-Fruchtnetzmaschine\" width=\"720\" height=\"540\" srcset=\"https:\/\/recyclingequipinc.com\/wp-content\/uploads\/2022\/03\/the-factory-of-epe-foam-fruit-net-machine.jpg 720w, https:\/\/recyclingequipinc.com\/wp-content\/uploads\/2022\/03\/the-factory-of-epe-foam-fruit-net-machine-300x225.jpg 300w, https:\/\/recyclingequipinc.com\/wp-content\/uploads\/2022\/03\/the-factory-of-epe-foam-fruit-net-machine-600x450.jpg 600w\" sizes=\"(max-width: 720px) 100vw, 720px\" \/><figcaption id=\"caption-attachment-5706\" class=\"wp-caption-text\">die Fabrik der Epe-Schaum-Fruchtnetzmaschine<\/figcaption><\/figure> <h2>Produktparameter:<\/h2> <div style='overflow:auto'> <table border=\"0\" style='white-space: nowrap'> <tbody> <tr> <td class=\"et2\">Modell<\/td> <td class=\"et2\">SJF-75<\/td> <td class=\"et2\">SJF-75A<\/td> <td class=\"et2\">SJF-75B<\/td> <\/tr> <tr> <td class=\"et2\">L\u00e4ngen-Durchmesser-Verh\u00e4ltnis der Schraube<\/td> <td class=\"et3\">1:50<\/td> <td class=\"et4\">01:53.2<\/td> <td class=\"et3\">1:55<\/td> <\/tr> <tr> <td>Die elektrische Energie<\/td> <td class=\"et2\">3KW<\/td> <td class=\"et2\">3KW<\/td> <td class=\"et2\">3KW<\/td> <\/tr> <tr> <td class=\"et2\">Hauptmotorleistung<\/td> <td class=\"et2\">11KW<\/td> <td class=\"et2\">11KW<\/td> <td class=\"et2\">11KW<\/td> <\/tr> <tr> <td class=\"et2\">Hauptmotorleistung<\/td> <td class=\"et2\">1,5 kW<\/td> <td class=\"et2\">1,5 kW<\/td> <td class=\"et2\">1,5 kW<\/td> <\/tr> <tr> <td class=\"et2\">Gesamtleistung des Heizrings<\/td> <td class=\"et2\">18KW<\/td> <td class=\"et2\">20KW<\/td> <td class=\"et2\">20KW<\/td> <\/tr> <tr> <td class=\"et2\">Motorleistung der Heizungspumpe<\/td> <td class=\"et2\">0,55 kW<\/td> <td class=\"et2\">0,55 kW<\/td> <td class=\"et2\">0,55 kW<\/td> <\/tr> <tr> <td class=\"et2\">Motorleistung der Butanpumpe<\/td> <td class=\"et2\">1,1 kW<\/td> <td class=\"et2\">1,1 kW<\/td> <td class=\"et2\">1,5 kW<\/td> <\/tr> <tr> <td class=\"et2\">L\u00fcfterleistung<\/td> <td class=\"et2\">480W<\/td> <td class=\"et2\">480W<\/td> <td class=\"et2\">480W<\/td> <\/tr> <tr> <td class=\"et2\">Energieverbrauch<\/td> <td class=\"et2\">220KW\/24h<\/td> <td class=\"et2\">200KW\/24h<\/td> <td class=\"et2\">200KW\/24h<\/td> <\/tr> <tr> <td class=\"et2\">Kapazit\u00e4t<\/td> <td class=\"et2\">500-1200kg\/24h<\/td> <td class=\"et2\">500-1200kg\/24h<\/td> <td class=\"et2\">500-1200kg\/24h<\/td> <\/tr> <tr> <td class=\"et2\">Gesamtabmessung des Hauptmotors (mm)<\/td> <td class=\"et2\">5000x700x1350<\/td> <td class=\"et2\">5250x700x1350<\/td> <td class=\"et2\">5370x700x1350<\/td> <\/tr> <tr> <td class=\"et2\">Gewicht<\/td> <td class=\"et2\">2900kg<\/td> <td class=\"et2\">2950 kg<\/td> <td class=\"et2\">3000kg<\/td> <\/tr> <tr> <td class=\"et2\">Abgedeckte Fl\u00e4che (mm)<\/td> <td class=\"et2\">3000&#215;9000<\/td> <td class=\"et2\">3000&#215;9500<\/td> <td class=\"et2\">3000&#215;10000<\/td> <\/tr> <\/tbody> <\/table> <\/div> <p>Wie in der Abbildung gezeigt, haben wir drei Schaumnetzmaschinen f\u00fcr Obstverpackungen zum Verkauf. Aufgrund der unterschiedlichen Leistung verf\u00fcgen die drei Maschinen \u00fcber unterschiedliche Grundfl\u00e4chen und Gr\u00f6\u00dfen.<\/p> <figure id=\"attachment_5705\" aria-describedby=\"caption-attachment-5705\" style=\"width: 720px\" class=\"wp-caption aligncenter\"><img loading=\"lazy\" decoding=\"async\" class=\"size-full wp-image-5705\" src=\"https:\/\/recyclingequipinc.com\/wp-content\/uploads\/2022\/03\/foam-net-for-fruit-packing.jpg\" alt=\"Schaumstoffnetz zum Verpacken von Obst\" width=\"720\" height=\"540\" srcset=\"https:\/\/recyclingequipinc.com\/wp-content\/uploads\/2022\/03\/foam-net-for-fruit-packing.jpg 720w, https:\/\/recyclingequipinc.com\/wp-content\/uploads\/2022\/03\/foam-net-for-fruit-packing-300x225.jpg 300w, https:\/\/recyclingequipinc.com\/wp-content\/uploads\/2022\/03\/foam-net-for-fruit-packing-600x450.jpg 600w\" sizes=\"(max-width: 720px) 100vw, 720px\" \/><figcaption id=\"caption-attachment-5705\" class=\"wp-caption-text\">Schaumstoffnetz zum Verpacken von Obst<\/figcaption><\/figure> <h2>Preis der Epe-Schaum-Fruchtnetzmaschine<\/h2> <p>Um ehrlich zu sein, wird der Preis von Maschinen zur Herstellung von Fruchtschaumnetzen von vielen Faktoren beeinflusst, wie z. B. der Entfernung, dem Steuersatz usw. Es ist jedoch erw\u00e4hnenswert, dass mit 1 Tonne Rohstoffen plus Butan mehr als 1 Tonne Produkte hergestellt werden k\u00f6nnen Gas und Hilfsstoffe. Und eine Tonne Rohstoffe kann in 36 Stunden verarbeitet werden, der Gewinn ist also betr\u00e4chtlich. Wenn Sie ein detailliertes Angebot f\u00fcr das Schaumstoffnetz f\u00fcr die Obstverpackung erhalten m\u00f6chten, kontaktieren Sie uns bitte. Als professioneller Anbieter von Schaumstoffnetzen f\u00fcr Obstverpackungen wird unser Verk\u00e4ufer so schnell wie m\u00f6glich ein detailliertes Angebot f\u00fcr Sie erstellen.<\/p> <figure id=\"attachment_5712\" aria-describedby=\"caption-attachment-5712\" style=\"width: 720px\" class=\"wp-caption aligncenter\"><img loading=\"lazy\" decoding=\"async\" class=\"size-full wp-image-5712\" src=\"https:\/\/recyclingequipinc.com\/wp-content\/uploads\/2022\/03\/fruit-net-application-range.jpg\" alt=\"Anwendungsbereich von Fruchtnetzen\" width=\"720\" height=\"540\" srcset=\"https:\/\/recyclingequipinc.com\/wp-content\/uploads\/2022\/03\/fruit-net-application-range.jpg 720w, https:\/\/recyclingequipinc.com\/wp-content\/uploads\/2022\/03\/fruit-net-application-range-300x225.jpg 300w, https:\/\/recyclingequipinc.com\/wp-content\/uploads\/2022\/03\/fruit-net-application-range-600x450.jpg 600w\" sizes=\"(max-width: 720px) 100vw, 720px\" \/><figcaption id=\"caption-attachment-5712\" class=\"wp-caption-text\">Anwendungsbereich von Fruchtnetzen<\/figcaption><\/figure>","protected":false},"excerpt":{"rendered":"<p>EPE foam fruit net making machine is a new type of machine for making flexible packaging material. Due to the [&hellip;]<\/p>\n","protected":false},"featured_media":5701,"template":"","meta":{"site-sidebar-layout":"default","site-content-layout":"default","ast-site-content-layout":"default","site-content-style":"default","site-sidebar-style":"default","ast-global-header-display":"","ast-banner-title-visibility":"","ast-main-header-display":"","ast-hfb-above-header-display":"","ast-hfb-below-header-display":"","ast-hfb-mobile-header-display":"","site-post-title":"","ast-breadcrumbs-content":"","ast-featured-img":"","footer-sml-layout":"","ast-disable-related-posts":"","theme-transparent-header-meta":"default","adv-header-id-meta":"","stick-header-meta":"default","header-above-stick-meta":"","header-main-stick-meta":"","header-below-stick-meta":"","astra-migrate-meta-layouts":"default","ast-page-background-enabled":"default","ast-page-background-meta":{"desktop":{"background-color":"","background-image":"","background-repeat":"repeat","background-position":"center center","background-size":"auto","background-attachment":"scroll","background-type":"","background-media":"","overlay-type":"","overlay-color":"","overlay-opacity":"","overlay-gradient":""},"tablet":{"background-color":"","background-image":"","background-repeat":"repeat","background-position":"center center","background-size":"auto","background-attachment":"scroll","background-type":"","background-media":"","overlay-type":"","overlay-color":"","overlay-opacity":"","overlay-gradient":""},"mobile":{"background-color":"","background-image":"","background-repeat":"repeat","background-position":"center center","background-size":"auto","background-attachment":"scroll","background-type":"","background-media":"","overlay-type":"","overlay-color":"","overlay-opacity":"","overlay-gradient":""}},"ast-content-background-meta":{"desktop":{"background-color":"var(--ast-global-color-5)","background-image":"","background-repeat":"repeat","background-position":"center center","background-size":"auto","background-attachment":"scroll","background-type":"","background-media":"","overlay-type":"","overlay-color":"","overlay-opacity":"","overlay-gradient":""},"tablet":{"background-color":"var(--ast-global-color-5)","background-image":"","background-repeat":"repeat","background-position":"center center","background-size":"auto","background-attachment":"scroll","background-type":"","background-media":"","overlay-type":"","overlay-color":"","overlay-opacity":"","overlay-gradient":""},"mobile":{"background-color":"var(--ast-global-color-5)","background-image":"","background-repeat":"repeat","background-position":"center center","background-size":"auto","background-attachment":"scroll","background-type":"","background-media":"","overlay-type":"","overlay-color":"","overlay-opacity":"","overlay-gradient":""}}},"product_brand":[],"product_cat":[36],"product_tag":[76],"class_list":{"0":"post-5699","1":"product","2":"type-product","3":"status-publish","4":"has-post-thumbnail","6":"product_cat-plastic-recycling-machine","7":"product_tag-fruit-net-making-machine","8":"desktop-align-center","9":"tablet-align-center","10":"mobile-align-center","12":"first","13":"instock","14":"shipping-taxable","15":"product-type-simple"},"_links":{"self":[{"href":"https:\/\/recyclingequipinc.com\/de\/wp-json\/wp\/v2\/product\/5699","targetHints":{"allow":["GET"]}}],"collection":[{"href":"https:\/\/recyclingequipinc.com\/de\/wp-json\/wp\/v2\/product"}],"about":[{"href":"https:\/\/recyclingequipinc.com\/de\/wp-json\/wp\/v2\/types\/product"}],"version-history":[{"count":0,"href":"https:\/\/recyclingequipinc.com\/de\/wp-json\/wp\/v2\/product\/5699\/revisions"}],"wp:featuredmedia":[{"embeddable":true,"href":"https:\/\/recyclingequipinc.com\/de\/wp-json\/wp\/v2\/media\/5701"}],"wp:attachment":[{"href":"https:\/\/recyclingequipinc.com\/de\/wp-json\/wp\/v2\/media?parent=5699"}],"wp:term":[{"taxonomy":"product_brand","embeddable":true,"href":"https:\/\/recyclingequipinc.com\/de\/wp-json\/wp\/v2\/product_brand?post=5699"},{"taxonomy":"product_cat","embeddable":true,"href":"https:\/\/recyclingequipinc.com\/de\/wp-json\/wp\/v2\/product_cat?post=5699"},{"taxonomy":"product_tag","embeddable":true,"href":"https:\/\/recyclingequipinc.com\/de\/wp-json\/wp\/v2\/product_tag?post=5699"}],"curies":[{"name":"wp","href":"https:\/\/api.w.org\/{rel}","templated":true}]}}