{"id":5569,"date":"2022-01-28T07:03:54","date_gmt":"2022-01-28T07:03:54","guid":{"rendered":"https:\/\/recyclingequipinc.com\/?post_type=product&#038;p=5569"},"modified":"2025-01-20T10:16:15","modified_gmt":"2025-01-20T02:16:15","slug":"plastic-film-pelletizing-machine","status":"publish","type":"product","link":"https:\/\/recyclingequipinc.com\/de\/product\/plastic-film-pelletizing-machine\/","title":{"rendered":"Pelletiermaschine f\u00fcr Kunststofffolien | Ausr\u00fcstung zum Recycling von Plastikfolie"},"content":{"rendered":"<p class=\"translation-block\">Die Kunststofffolien-Granuliermaschine ist das Hauptger\u00e4t in der <a href=\"https:\/\/recyclingequipinc.com\/de\/produkt\/plastic-film-recycling-machine\/\">Kunststoff-Recyclinglinie<\/a>. Sie kann Abfall-PP-PE-Folienkunststoff in Kunststoffgranulate umwandeln. Diese Abfallkunststoff-Rohmaterialien umfassen Einkaufstaschen, Verpackungsfolien, M\u00fclls\u00e4cke, gewebte Taschen, Vliesstofftaschen, Agrarfolien, Beh\u00e4lter, Fl\u00fcssigkeitstaschen usw. Daher hat unsere Kunststofffolien-Granuliermaschine ein breites Anwendungsspektrum. Der breite Einsatz von Kunststofffolien-Granulierern hat effektiv die globale wei\u00dfe Verschmutzung reduziert und unsere Lebensumgebung verbessert.<\/p> <p>&nbsp;<\/p> <figure id=\"attachment_5581\" aria-describedby=\"caption-attachment-5581\" style=\"width: 750px\" class=\"wp-caption aligncenter\"><img fetchpriority=\"high\" decoding=\"async\" class=\"wp-image-5581 size-full\" src=\"https:\/\/recyclingequipinc.com\/wp-content\/uploads\/2022\/01\/plastic-film-pellet-mill-1.jpg\" alt=\"Kunststofffolien-Pelletm\u00fchle\" width=\"750\" height=\"540\" srcset=\"https:\/\/recyclingequipinc.com\/wp-content\/uploads\/2022\/01\/plastic-film-pellet-mill-1.jpg 750w, https:\/\/recyclingequipinc.com\/wp-content\/uploads\/2022\/01\/plastic-film-pellet-mill-1-300x216.jpg 300w, https:\/\/recyclingequipinc.com\/wp-content\/uploads\/2022\/01\/plastic-film-pellet-mill-1-600x432.jpg 600w\" sizes=\"(max-width: 750px) 100vw, 750px\" \/><figcaption id=\"caption-attachment-5581\" class=\"wp-caption-text\">Kunststofffolien-Pelletm\u00fchle<\/figcaption><\/figure> <h2>Wie wird Kunststofffolie mithilfe der Kunststofffolien-Granuliermaschine recycelt?<\/h2> <p>Die Pelletiermaschine f\u00fcr Kunststofffolien besteht aus einer Hauptmaschine und einer Hilfsmaschine. Die Host-Maschine kann die Kunststofffolie zu einer Paste erhitzen. Je nach Leistung verf\u00fcgen wir \u00fcber 125er, 150er und 180er Kunststoffgranulierungsger\u00e4te mit unterschiedlichem Zubeh\u00f6r. Dar\u00fcber hinaus ist der Heizmodus dieser Maschine eine elektromagnetische Heizung. Der Kunststoffgranulator verf\u00fcgt \u00fcber ein automatisches Temperaturkontrollger\u00e4t. Dies bedeutet, dass er im Vergleich zu Granulatoren anderer Marken weniger Strom verbraucht und keine Umweltverschmutzung verursacht. Selbstverst\u00e4ndlich k\u00f6nnen Leistung und Menge je nach Kundenauftrag gew\u00e4hlt werden.<\/p> <figure id=\"attachment_5582\" aria-describedby=\"caption-attachment-5582\" style=\"width: 750px\" class=\"wp-caption aligncenter\"><img decoding=\"async\" class=\"wp-image-5582 size-full\" src=\"https:\/\/recyclingequipinc.com\/wp-content\/uploads\/2022\/01\/plastic-granulator-auxiliary-machine-1.jpg\" alt=\"Hilfsmaschine f\u00fcr Kunststoffgranulierer\" width=\"750\" height=\"540\" srcset=\"https:\/\/recyclingequipinc.com\/wp-content\/uploads\/2022\/01\/plastic-granulator-auxiliary-machine-1.jpg 750w, https:\/\/recyclingequipinc.com\/wp-content\/uploads\/2022\/01\/plastic-granulator-auxiliary-machine-1-300x216.jpg 300w, https:\/\/recyclingequipinc.com\/wp-content\/uploads\/2022\/01\/plastic-granulator-auxiliary-machine-1-600x432.jpg 600w\" sizes=\"(max-width: 750px) 100vw, 750px\" \/><figcaption id=\"caption-attachment-5582\" class=\"wp-caption-text\">Hilfsmaschine f\u00fcr Kunststoffgranulierer<\/figcaption><\/figure> <h3>Arbeitsprozess von Kunststoffgranulationsger\u00e4ten<\/h3> <p>Getrocknete Materialien gelangen \u00fcber den Zufuhreinlass in die Kunststoffgranuliermaschine. Unter der Erw\u00e4rmung des Heizrings schmilzt das Material. Und die Temperatur des Heizrings um den Kunststoffgranulator kann schnell mehr als 110 \u00b0C erreichen, und dann schmilzt das Material unter der Erw\u00e4rmung des Heizrings. Erw\u00e4hnenswert ist, dass der Schmelzpunkt der meisten Kunststofffolien bei 85 bis 110 \u00b0C liegt. Sie m\u00fcssen sich also keine Sorgen \u00fcber das unvollst\u00e4ndige Schmelzen von Materialien machen. Anschlie\u00dfend flie\u00dft die geschmolzene Kunststofffolie aus dem Auslass des Hauptmotors und gelangt dann in den Hilfsmotor. Beim Extrudieren der Hilfsmaschine wird es aus der Matrize des Maschinenkopfes extrudiert.<\/p> <figure id=\"attachment_5583\" aria-describedby=\"caption-attachment-5583\" style=\"width: 750px\" class=\"wp-caption aligncenter\"><img decoding=\"async\" class=\"wp-image-5583 size-full\" src=\"https:\/\/recyclingequipinc.com\/wp-content\/uploads\/2022\/01\/machine-structure-1.jpg\" alt=\"Maschinenstruktur\" width=\"750\" height=\"500\" srcset=\"https:\/\/recyclingequipinc.com\/wp-content\/uploads\/2022\/01\/machine-structure-1.jpg 750w, https:\/\/recyclingequipinc.com\/wp-content\/uploads\/2022\/01\/machine-structure-1-300x200.jpg 300w, https:\/\/recyclingequipinc.com\/wp-content\/uploads\/2022\/01\/machine-structure-1-600x400.jpg 600w\" sizes=\"(max-width: 750px) 100vw, 750px\" \/><figcaption id=\"caption-attachment-5583\" class=\"wp-caption-text\">Maschinenstruktur<\/figcaption><\/figure> <h2>Parameter der Pelletiermaschine<\/h2> <table> <tbody> <tr> <td width=\"142\">Modell<\/td> <td width=\"142\">SL-125<\/td> <td width=\"142\">SL-150<\/td> <td width=\"142\">SL-180<\/td> <\/tr> <tr> <td width=\"142\">Schraubendurchmesser<\/td> <td width=\"142\">125mm<\/td> <td width=\"142\">150mm<\/td> <td width=\"142\">180mm<\/td> <\/tr> <tr> <td width=\"142\">Drehzahl der Hauptwelle<\/td> <td width=\"142\">50-70min<\/td> <td width=\"142\">40-60min<\/td> <td width=\"142\">40-50min<\/td> <\/tr> <tr> <td width=\"142\">Hauptmotor<\/td> <td width=\"142\">22+1,5 kW<\/td> <td width=\"142\">30+1,5 kW<\/td> <td width=\"142\">45 kW<\/td> <\/tr> <tr> <td width=\"142\">Kapazit\u00e4t<\/td> <td width=\"142\">3T\/Tag<\/td> <td width=\"142\">5T\/Tag<\/td> <td width=\"142\">7T\/Tag<\/td> <\/tr> <\/tbody> <\/table> <p>Wir verf\u00fcgen \u00fcber drei verschiedene Modelle von Kunststoffgranulierungsanlagen mit einer Leistung von 3 t\/Tag, 5 t\/Tag bzw. 7 t\/Tag. Gleichzeitig gilt: Je gr\u00f6\u00dfer die Leistung, desto gr\u00f6\u00dfer die Maschine. Sie k\u00f6nnen Maschinen ausw\u00e4hlen, die Ihren Anforderungen entsprechen. Bei Fragen k\u00f6nnen Sie sich gerne an uns wenden.<\/p> <div class=\"ast-oembed-container\" style=\"height: 100%;\"><iframe title=\"Kompletter Granulierungsprozess f\u00fcr Kunststofffolien | Pelletiermaschine f\u00fcr PP-PE-Kunststofffolien\" width=\"500\" height=\"281\" src=\"https:\/\/www.youtube.com\/embed\/iu7bfQ2tTD8?feature=oembed\" frameborder=\"0\" allow=\"accelerometer; autoplay; clipboard-write; encrypted-media; gyroscope; picture-in-picture; web-share\" referrerpolicy=\"strict-origin-when-cross-origin\" allowfullscreen><\/iframe><\/div> <h2>Vorteile der Pelletiermaschine f\u00fcr Kunststofffolien<\/h2> <ul> <li>Unsere Hochleistungsanlagen zum Recycling von Kunststofffolien k\u00f6nnen zu einer besseren Produktivit\u00e4t und h\u00f6heren Effizienz beitragen.<\/li> <li>Unsere Maschinen bestehen aus langlebigen Materialien.<\/li> <li>Einfach zu installieren, zu bedienen und zu warten.<\/li> <li>Der hohe Automatisierungsgrad.<\/li> <li>Niedrig <a href=\"https:\/\/en.wikipedia.org\/wiki\/Power\" target=\"_blank\" rel=\"noopener\">Leistung<\/a> Verbrauch und keine Umweltverschmutzung.<\/li> <li>Nach der Verarbeitung zu Partikeln in der Kunststofffabrik weisen Kunststoffabf\u00e4lle immer noch hervorragende Gesamtmaterialeigenschaften auf. Weil es die technischen Anforderungen des Folienblasens, Drahtziehens, Rohrziehens, Spritzgie\u00dfens, Extrusionsprofils usw. erf\u00fcllen kann. Es ist die ideale Ausr\u00fcstung f\u00fcr das Recycling von Plastikfolien.<\/li> <\/ul> <figure id=\"attachment_5584\" aria-describedby=\"caption-attachment-5584\" style=\"width: 750px\" class=\"wp-caption aligncenter\"><img loading=\"lazy\" decoding=\"async\" class=\"wp-image-5584 size-full\" src=\"https:\/\/recyclingequipinc.com\/wp-content\/uploads\/2022\/01\/plastic-recycling-equipment-1.jpg\" alt=\"Kunststoffrecyclingger\u00e4te\" width=\"750\" height=\"540\" srcset=\"https:\/\/recyclingequipinc.com\/wp-content\/uploads\/2022\/01\/plastic-recycling-equipment-1.jpg 750w, https:\/\/recyclingequipinc.com\/wp-content\/uploads\/2022\/01\/plastic-recycling-equipment-1-300x216.jpg 300w, https:\/\/recyclingequipinc.com\/wp-content\/uploads\/2022\/01\/plastic-recycling-equipment-1-600x432.jpg 600w\" sizes=\"(max-width: 750px) 100vw, 750px\" \/><figcaption id=\"caption-attachment-5584\" class=\"wp-caption-text\">Kunststoffrecyclingger\u00e4te<\/figcaption><\/figure> <h2>Anwendung dieser Kunststoffrecyclingmaschine<\/h2> <p class=\"translation-block\">Unsere Kunststofffolien-Granuliermaschine wird h\u00e4ufig f\u00fcr Einkaufstaschen, Verpackungsfolien, M\u00fclls\u00e4cke, gewebte Taschen, Vliesstofftaschen, Agrarfolien, Beh\u00e4lter, Fl\u00fcssigkeitstaschen usw. verwendet. Sie kann also auch als Recyclingmaschine f\u00fcr Plastikt\u00fcten eingesetzt werden. Um ehrlich zu sein, die <a href=\"https:\/\/recyclingequipinc.com\/de\/produkt\/plastic-granulator-machine\/\">Kunststoffgranuliermaschine<\/a> kann viele verschiedene Kunststoff-Rohmaterialien verarbeiten. Aufgrund der unterschiedlichen Schmelzpunkte und H\u00e4rtegrade der Rohmaterialien wird jedoch der endg\u00fcltige Effekt unterschiedlich sein. Unsere Kunststoffgranulatoren granulieren haupts\u00e4chlich weiche Kunststoffprodukte. Wenn Ihr Kunststoffmaterial weich ist, dann ist unsere Maschine Ihre ideale Kunststoff-Recyclingausr\u00fcstung. Wenn Sie weitere Kunststoff-Recyclingprobleme haben, kontaktieren Sie uns bitte, und wir werden Ihnen umgehend antworten.<\/p>","protected":false},"excerpt":{"rendered":"<p>Die Pelletiermaschine f\u00fcr Kunststofffolien ist eine wichtige Ausr\u00fcstung der Kunststoffrecycling-Produktionslinie. Mit Hilfe der Kunststoffrecyclingmaschine k\u00f6nnen Sie problemlos eine Vielzahl von Kunststoffprodukten wie Einkaufst\u00fcten, Verpackungsfolien, M\u00fclls\u00e4cke, gewebte Beutel, Vliesbeutel, Agrarfolien, Beh\u00e4lter, Fl\u00fcssigkeitsbeutel usw. verarbeiten<\/p>","protected":false},"featured_media":5586,"template":"","meta":{"site-sidebar-layout":"default","site-content-layout":"default","ast-site-content-layout":"default","site-content-style":"default","site-sidebar-style":"default","ast-global-header-display":"","ast-banner-title-visibility":"","ast-main-header-display":"","ast-hfb-above-header-display":"","ast-hfb-below-header-display":"","ast-hfb-mobile-header-display":"","site-post-title":"","ast-breadcrumbs-content":"","ast-featured-img":"","footer-sml-layout":"","ast-disable-related-posts":"","theme-transparent-header-meta":"default","adv-header-id-meta":"","stick-header-meta":"default","header-above-stick-meta":"","header-main-stick-meta":"","header-below-stick-meta":"","astra-migrate-meta-layouts":"set","ast-page-background-enabled":"default","ast-page-background-meta":{"desktop":{"background-color":"","background-image":"","background-repeat":"repeat","background-position":"center center","background-size":"auto","background-attachment":"scroll","background-type":"","background-media":"","overlay-type":"","overlay-color":"","overlay-opacity":"","overlay-gradient":""},"tablet":{"background-color":"","background-image":"","background-repeat":"repeat","background-position":"center center","background-size":"auto","background-attachment":"scroll","background-type":"","background-media":"","overlay-type":"","overlay-color":"","overlay-opacity":"","overlay-gradient":""},"mobile":{"background-color":"","background-image":"","background-repeat":"repeat","background-position":"center center","background-size":"auto","background-attachment":"scroll","background-type":"","background-media":"","overlay-type":"","overlay-color":"","overlay-opacity":"","overlay-gradient":""}},"ast-content-background-meta":{"desktop":{"background-color":"var(--ast-global-color-5)","background-image":"","background-repeat":"repeat","background-position":"center center","background-size":"auto","background-attachment":"scroll","background-type":"","background-media":"","overlay-type":"","overlay-color":"","overlay-opacity":"","overlay-gradient":""},"tablet":{"background-color":"var(--ast-global-color-5)","background-image":"","background-repeat":"repeat","background-position":"center center","background-size":"auto","background-attachment":"scroll","background-type":"","background-media":"","overlay-type":"","overlay-color":"","overlay-opacity":"","overlay-gradient":""},"mobile":{"background-color":"var(--ast-global-color-5)","background-image":"","background-repeat":"repeat","background-position":"center center","background-size":"auto","background-attachment":"scroll","background-type":"","background-media":"","overlay-type":"","overlay-color":"","overlay-opacity":"","overlay-gradient":""}}},"product_brand":[],"product_cat":[36],"product_tag":[86],"class_list":{"0":"post-5569","1":"product","2":"type-product","3":"status-publish","4":"has-post-thumbnail","6":"product_cat-plastic-recycling-machine","7":"product_tag-granulator","8":"desktop-align-center","9":"tablet-align-center","10":"mobile-align-center","12":"first","13":"instock","14":"shipping-taxable","15":"product-type-simple"},"_links":{"self":[{"href":"https:\/\/recyclingequipinc.com\/de\/wp-json\/wp\/v2\/product\/5569","targetHints":{"allow":["GET"]}}],"collection":[{"href":"https:\/\/recyclingequipinc.com\/de\/wp-json\/wp\/v2\/product"}],"about":[{"href":"https:\/\/recyclingequipinc.com\/de\/wp-json\/wp\/v2\/types\/product"}],"version-history":[{"count":0,"href":"https:\/\/recyclingequipinc.com\/de\/wp-json\/wp\/v2\/product\/5569\/revisions"}],"wp:featuredmedia":[{"embeddable":true,"href":"https:\/\/recyclingequipinc.com\/de\/wp-json\/wp\/v2\/media\/5586"}],"wp:attachment":[{"href":"https:\/\/recyclingequipinc.com\/de\/wp-json\/wp\/v2\/media?parent=5569"}],"wp:term":[{"taxonomy":"product_brand","embeddable":true,"href":"https:\/\/recyclingequipinc.com\/de\/wp-json\/wp\/v2\/product_brand?post=5569"},{"taxonomy":"product_cat","embeddable":true,"href":"https:\/\/recyclingequipinc.com\/de\/wp-json\/wp\/v2\/product_cat?post=5569"},{"taxonomy":"product_tag","embeddable":true,"href":"https:\/\/recyclingequipinc.com\/de\/wp-json\/wp\/v2\/product_tag?post=5569"}],"curies":[{"name":"wp","href":"https:\/\/api.w.org\/{rel}","templated":true}]}}