{"id":5426,"date":"2021-12-18T10:35:37","date_gmt":"2021-12-18T10:35:37","guid":{"rendered":"https:\/\/recyclingequipinc.com\/?post_type=product&#038;p=5426"},"modified":"2025-03-11T13:47:05","modified_gmt":"2025-03-11T05:47:05","slug":"pet-plastic-bottle-crushing-machine","status":"publish","type":"product","link":"https:\/\/recyclingequipinc.com\/de\/product\/pet-plastic-bottle-crushing-machine\/","title":{"rendered":"Leistungsstarker PET-Zerkleinerer f\u00fcr das Flaschenrecycling"},"content":{"rendered":"<p class=\"translation-block\">Der PET-Zerkleinerer ist eines der Ger\u00e4te in der <a href=\"https:\/\/recyclingequipinc.com\/de\/produkt\/plastic-film-recycling-machine\/\">Recyclinglinie f\u00fcr Plastikflaschen<\/a>. Der Hauptzweck des PET-Flaschenzerkleinerers besteht darin, die gesamten PET-Flaschen in St\u00fccke zu zerbrechen. Es ist eine unverzichtbare Ausr\u00fcstung f\u00fcr Kunststoffrecyclinganlagen. Der Betriebsprozess der PET-Flaschenrecyclinglinie umfasst das Entlabeln, Zerkleinern, Waschen und Entw\u00e4ssern. Dar\u00fcber hinaus zeichnet sich die Shuliy Kunststoffflaschenzerkleinerungsmaschine durch hohe Automatisierung, Sicherheit, einfache Bedienung und leichte Wartung aus.<\/p> <div class=\"ast-oembed-container\" style=\"height: 100%;\"><iframe title=\"Wie ein Pet -Flaschen -Brecher die Effizienz des Plastikrecyclings steigert!\" width=\"500\" height=\"281\" src=\"https:\/\/www.youtube.com\/embed\/-DZniEtMiFI?feature=oembed\" frameborder=\"0\" allow=\"accelerometer; autoplay; clipboard-write; encrypted-media; gyroscope; picture-in-picture; web-share\" referrerpolicy=\"strict-origin-when-cross-origin\" allowfullscreen><\/iframe><\/div> <h2><strong>F<\/strong><strong>Essen von <\/strong><strong>PET-Zerkleinerer<\/strong><\/h2> <p>Der PET-Flaschenzerkleinerer ist eine professionelle Maschine, die die gesamte PET-Plastikflasche in Flocken zerkleinert. Es zerkleinert gro\u00dfvolumige Materialien in kleine Bruchst\u00fccke. Es eignet sich zum Reinigen und Trocknen im PET-Recyclingprozess. Der Einsatz unserer Flaschenzerkleinerungsmaschine kann den Arbeitsaufwand bei der herk\u00f6mmlichen manuellen Kunststoffzerkleinerung reduzieren und die Zerkleinerungseffizienz steigern. Der PET-Flaschenzerkleinerer zeichnet sich durch folgende Eigenschaften aus:<\/p> <ol> <li>Breiter und gro\u00dfer Einlass. Praktisch zum F\u00fcttern und schnelles F\u00fcttern, selbst bei Sch\u00fcttg\u00fctern, ohne dass ein Schneiden in kleine St\u00fccke erforderlich ist.<\/li> <li>Die Zerkleinerungsklingen sind von hoher Qualit\u00e4t mit starker H\u00e4rte und Haltbarkeit.<\/li> <li>Die Zerkleinerungskapazit\u00e4t des PET-Flaschenzerkleinerers kann 1000 kg pro Stunde oder mehr erreichen. Wir verf\u00fcgen \u00fcber eine Vielzahl von Zerkleinerungsmaschinen f\u00fcr PET-Flaschen f\u00fcr kleine, mittlere und gro\u00dfe Unternehmen.<\/li> <li>Die PET-Flaschenzerkleinerungsmaschine eignet sich f\u00fcr verschiedene Kunststoffe wie Kunststoffk\u00f6rbe, \u00d6lf\u00e4sser, Waschmittelf\u00e4sser usw.<\/li> <li>Es verwendet ein Gummikissen, um die Ger\u00e4usche zu reduzieren, die der Aktenvernichter w\u00e4hrend seines Betriebs erzeugt.<\/li> <\/ol> <div class=\"mceTemp\"><\/div> <figure id=\"attachment_5430\" aria-describedby=\"caption-attachment-5430\" style=\"width: 720px\" class=\"wp-caption aligncenter\"><img fetchpriority=\"high\" decoding=\"async\" class=\"size-full wp-image-5430\" src=\"https:\/\/recyclingequipinc.com\/wp-content\/uploads\/2021\/12\/plastic-bottle-crusher-machine.jpg\" alt=\"Plastikflaschenzerkleinerungsmaschine\" width=\"720\" height=\"540\" srcset=\"https:\/\/recyclingequipinc.com\/wp-content\/uploads\/2021\/12\/plastic-bottle-crusher-machine.jpg 720w, https:\/\/recyclingequipinc.com\/wp-content\/uploads\/2021\/12\/plastic-bottle-crusher-machine-300x225.jpg 300w, https:\/\/recyclingequipinc.com\/wp-content\/uploads\/2021\/12\/plastic-bottle-crusher-machine-600x450.jpg 600w\" sizes=\"(max-width: 720px) 100vw, 720px\" \/><figcaption id=\"caption-attachment-5430\" class=\"wp-caption-text\">Plastikflaschenzerkleinerungsmaschine<\/figcaption><\/figure> <h2>Parameter des Plastikflaschenzerkleinerers<\/h2> <table> <tbody> <tr> <td>Shredder-Modell<\/td> <td>SL-60<\/td> <td>SL-80<\/td> <td>SL-100<\/td> <td>SL-120<\/td> <\/tr> <tr> <td>Leistung (kg\/h)<\/td> <td>500<\/td> <td>1000<\/td> <td>1500<\/td> <td>3000<\/td> <\/tr> <tr> <td>Motor (kW)<\/td> <td>22<\/td> <td>37<\/td> <td>75<\/td> <td>90<\/td> <\/tr> <tr> <td>H\u00f6he (m)<\/td> <td>1.8<\/td> <td>2.6<\/td> <td>2.6<\/td> <td>2.6<\/td> <\/tr> <tr> <td>Dicke des Messers (mm)<\/td> <td>30<\/td> <td>40<\/td> <td>40<\/td> <td>40<\/td> <\/tr> <tr> <td>Plattendicke (mm)<\/td> <td>16<\/td> <td>20<\/td> <td>30<\/td> <td>30<\/td> <\/tr> <\/tbody> <\/table> <h2><strong>Funktionsprinzip des Plastikflaschenbrechers<\/strong><\/h2> <p>Die Zerkleinerungsmaschine f\u00fcr PET-Flaschen verf\u00fcgt \u00fcber 6 bewegliche Messer und 4 feste Messer. Der Motor des Plastikflaschenzerkleinerers treibt die beweglichen Messer so an, dass sie sich mit hoher Geschwindigkeit bewegen, und sorgt bei der Hochgeschwindigkeitsrotation der beweglichen Klingen f\u00fcr die Relativbewegung zwischen den beweglichen und festen Klingen. Daher f\u00fchrt der Spalt zwischen ihnen dazu, dass die gro\u00dfen Kunststoffst\u00fccke zerbrechen. Die zerkleinerten Kunststoffteile passieren den Siebfilter und kommen wieder heraus.<\/p> <figure id=\"attachment_5432\" aria-describedby=\"caption-attachment-5432\" style=\"width: 720px\" class=\"wp-caption aligncenter\"><img decoding=\"async\" class=\"wp-image-5432 size-full\" title=\"PET-Kunststoffflocken\" src=\"https:\/\/recyclingequipinc.com\/wp-content\/uploads\/2021\/12\/PET-plastic-flakes.jpg\" alt=\"PET-Kunststoffflocken\" width=\"720\" height=\"540\" srcset=\"https:\/\/recyclingequipinc.com\/wp-content\/uploads\/2021\/12\/PET-plastic-flakes.jpg 720w, https:\/\/recyclingequipinc.com\/wp-content\/uploads\/2021\/12\/PET-plastic-flakes-300x225.jpg 300w, https:\/\/recyclingequipinc.com\/wp-content\/uploads\/2021\/12\/PET-plastic-flakes-600x450.jpg 600w\" sizes=\"(max-width: 720px) 100vw, 720px\" \/><figcaption id=\"caption-attachment-5432\" class=\"wp-caption-text\">PET-Kunststoffflocken<\/figcaption><\/figure> <h2><strong>Plastik<\/strong><strong> Preis f\u00fcr PET-Zerkleinerer<\/strong><\/h2> <p>Denn die Spezifikationen des von unserem Unternehmen gelieferten PET-Kunststoffflaschenzerkleinerers sind vielf\u00e4ltig. Unsere Klingen bestehen aus speziellen Stahlmaterialien, sind langlebig und scharf. Der Preis eines Kunststoffflaschenzerkleinerers variiert je nach Maschinenmaterial, Kapazit\u00e4t usw. Wir ben\u00f6tigen Ihre spezifischen Informationen, einschlie\u00dflich Land, gekaufte Ausr\u00fcstung und Menge. Der Preis, den wir Ihnen versprechen k\u00f6nnen, ist sehr wettbewerbsf\u00e4hig. Sie k\u00f6nnen unsere aktuelle Preisliste erhalten, indem Sie jetzt Kontakt mit uns aufnehmen.<\/p> <h2><strong>Bedeutung des Recyclings von PET-Kunststoffflaschen <\/strong><strong>Maschine<\/strong><\/h2> <p class=\"translation-block\">Aufgrund ihres geringen Gewichts, ihrer Sicherheit und ihrer hohen Plastizit\u00e4t werden <a href=\"https:\/\/en.wikipedia.org\/wiki\/Pet\" target=\"_blank\" rel=\"noopener\">PET<\/a>-Materialien h\u00e4ufig als Lebensmittelverpackungsmaterialien sowie f\u00fcr pharmazeutische und kosmetische Verpackungen verwendet. Im Laufe der Zeit haben wir jedoch festgestellt, dass der Komfort mit der Handhabung von Produktverpackungen einhergeht. Ohne eine angemessene Handhabung der zunehmenden Kunststoffabf\u00e4lle wird dies zu weiteren Umweltproblemen f\u00fchren. Die Erfindung des PET-Zerkleinerers hat das Problem der Entsorgung von Abfallkunststoffflaschen geschickt gel\u00f6st. Sie erreicht effektiv das Ziel einer hohen Umwandlungsrate, eines geringen Energieverbrauchs und null Verschmutzung.<\/p>","protected":false},"excerpt":{"rendered":"<p>Die PET-Flaschen-Zerkleinerungsmaschine ist eines der Ger\u00e4te der PET-Flaschen-Recyclinglinie. Der Hauptzweck des PET-Flaschenzerkleinerers besteht darin, die kompletten PET-Flaschen in St\u00fccke zu brechen. Es ist eine unverzichtbare Ausr\u00fcstung f\u00fcr Kunden, die in der Recyclingindustrie f\u00fcr Kunststoffflaschen t\u00e4tig sind.<\/p>","protected":false},"featured_media":5614,"template":"","meta":{"site-sidebar-layout":"default","site-content-layout":"default","ast-site-content-layout":"default","site-content-style":"default","site-sidebar-style":"default","ast-global-header-display":"","ast-banner-title-visibility":"","ast-main-header-display":"","ast-hfb-above-header-display":"","ast-hfb-below-header-display":"","ast-hfb-mobile-header-display":"","site-post-title":"","ast-breadcrumbs-content":"","ast-featured-img":"","footer-sml-layout":"","ast-disable-related-posts":"","theme-transparent-header-meta":"default","adv-header-id-meta":"","stick-header-meta":"default","header-above-stick-meta":"","header-main-stick-meta":"","header-below-stick-meta":"","astra-migrate-meta-layouts":"set","ast-page-background-enabled":"default","ast-page-background-meta":{"desktop":{"background-color":"","background-image":"","background-repeat":"repeat","background-position":"center center","background-size":"auto","background-attachment":"scroll","background-type":"","background-media":"","overlay-type":"","overlay-color":"","overlay-opacity":"","overlay-gradient":""},"tablet":{"background-color":"","background-image":"","background-repeat":"repeat","background-position":"center center","background-size":"auto","background-attachment":"scroll","background-type":"","background-media":"","overlay-type":"","overlay-color":"","overlay-opacity":"","overlay-gradient":""},"mobile":{"background-color":"","background-image":"","background-repeat":"repeat","background-position":"center center","background-size":"auto","background-attachment":"scroll","background-type":"","background-media":"","overlay-type":"","overlay-color":"","overlay-opacity":"","overlay-gradient":""}},"ast-content-background-meta":{"desktop":{"background-color":"var(--ast-global-color-5)","background-image":"","background-repeat":"repeat","background-position":"center center","background-size":"auto","background-attachment":"scroll","background-type":"","background-media":"","overlay-type":"","overlay-color":"","overlay-opacity":"","overlay-gradient":""},"tablet":{"background-color":"var(--ast-global-color-5)","background-image":"","background-repeat":"repeat","background-position":"center center","background-size":"auto","background-attachment":"scroll","background-type":"","background-media":"","overlay-type":"","overlay-color":"","overlay-opacity":"","overlay-gradient":""},"mobile":{"background-color":"var(--ast-global-color-5)","background-image":"","background-repeat":"repeat","background-position":"center center","background-size":"auto","background-attachment":"scroll","background-type":"","background-media":"","overlay-type":"","overlay-color":"","overlay-opacity":"","overlay-gradient":""}}},"product_brand":[],"product_cat":[36],"product_tag":[87],"class_list":{"0":"post-5426","1":"product","2":"type-product","3":"status-publish","4":"has-post-thumbnail","6":"product_cat-plastic-recycling-machine","7":"product_tag-pet-crusher","8":"desktop-align-center","9":"tablet-align-center","10":"mobile-align-center","12":"first","13":"instock","14":"shipping-taxable","15":"product-type-simple"},"_links":{"self":[{"href":"https:\/\/recyclingequipinc.com\/de\/wp-json\/wp\/v2\/product\/5426","targetHints":{"allow":["GET"]}}],"collection":[{"href":"https:\/\/recyclingequipinc.com\/de\/wp-json\/wp\/v2\/product"}],"about":[{"href":"https:\/\/recyclingequipinc.com\/de\/wp-json\/wp\/v2\/types\/product"}],"version-history":[{"count":0,"href":"https:\/\/recyclingequipinc.com\/de\/wp-json\/wp\/v2\/product\/5426\/revisions"}],"wp:featuredmedia":[{"embeddable":true,"href":"https:\/\/recyclingequipinc.com\/de\/wp-json\/wp\/v2\/media\/5614"}],"wp:attachment":[{"href":"https:\/\/recyclingequipinc.com\/de\/wp-json\/wp\/v2\/media?parent=5426"}],"wp:term":[{"taxonomy":"product_brand","embeddable":true,"href":"https:\/\/recyclingequipinc.com\/de\/wp-json\/wp\/v2\/product_brand?post=5426"},{"taxonomy":"product_cat","embeddable":true,"href":"https:\/\/recyclingequipinc.com\/de\/wp-json\/wp\/v2\/product_cat?post=5426"},{"taxonomy":"product_tag","embeddable":true,"href":"https:\/\/recyclingequipinc.com\/de\/wp-json\/wp\/v2\/product_tag?post=5426"}],"curies":[{"name":"wp","href":"https:\/\/api.w.org\/{rel}","templated":true}]}}