{"id":5411,"date":"2021-12-13T09:57:29","date_gmt":"2021-12-13T09:57:29","guid":{"rendered":"https:\/\/recyclingequipinc.com\/?post_type=product&#038;p=5411"},"modified":"2025-01-20T10:16:53","modified_gmt":"2025-01-20T02:16:53","slug":"epe-foam-pelletizer-recycling-machine","status":"publish","type":"product","link":"https:\/\/recyclingequipinc.com\/de\/product\/epe-foam-pelletizer-recycling-machine\/","title":{"rendered":"EPE-Schaumgranulierer | EPE Perlbaumwollschaum-Recyclingmaschine"},"content":{"rendered":"<p>Der EPE-Schaumpelletierer wird haupts\u00e4chlich zum Pelletisieren von Perlbaumwollabf\u00e4llen, expandierbaren Polyethylenschaumverpackungen, Isoliermaterialien, Au\u00dfenteilen von Elektroger\u00e4ten und anderen EPE-Schaumabf\u00e4llen verwendet. Die EPE-Schaum-Recyclingmaschine ist darauf ausgelegt, \u00fcbersch\u00fcssige EPE-Perlbaumwollmaterialien in Partikel zu verarbeiten, die zur Wiederaufbereitung und Nutzung verwendet werden k\u00f6nnen. Das gesamte Pelletierungsset umfasst haupts\u00e4chlich das Zerschlagen, Plastifizieren, K\u00fchlen und Schneiden von Getreideabf\u00e4llen. Die EPE\/PE-Schaumrecyclingmaschine zeichnet sich durch ein angemessenes Design, einen hohen Automatikgrad, einen stabilen Betrieb und eine breite Anwendung aus.<\/p> <h2>Einf\u00fchrung in EPE-Schaum<\/h2> <p><img fetchpriority=\"high\" decoding=\"async\" class=\"size-full wp-image-5414\" src=\"https:\/\/recyclingequipinc.com\/wp-content\/uploads\/2021\/12\/epe-foam-pelletizing-machine.jpg\" alt=\"Epe-Schaum-Pelletiermaschine\" width=\"720\" height=\"540\" srcset=\"https:\/\/recyclingequipinc.com\/wp-content\/uploads\/2021\/12\/epe-foam-pelletizing-machine.jpg 720w, https:\/\/recyclingequipinc.com\/wp-content\/uploads\/2021\/12\/epe-foam-pelletizing-machine-300x225.jpg 300w, https:\/\/recyclingequipinc.com\/wp-content\/uploads\/2021\/12\/epe-foam-pelletizing-machine-600x450.jpg 600w\" sizes=\"(max-width: 720px) 100vw, 720px\" \/><\/p> <p>EPE (expandierbares Polyethylen) wird auch als Perlbaumwolle bezeichnet. EPE-Schaum ist ein neues umweltfreundliches Verpackungsmaterial. Es besteht aus vielen unabh\u00e4ngigen Blasen, die durch das physikalische Sch\u00e4umen von Polyethylenfett niedriger Dichte entstehen. Es \u00fcberwindet die Nachteile von gew\u00f6hnlichem EPS-Schaum, wie z. B. Br\u00f6ckeligkeit, Verformung und schlechte Erholung. Es bietet die Vorteile: wasserdicht und feuchtigkeitsbest\u00e4ndig, sto\u00dffest, Schalld\u00e4mmung, W\u00e4rmed\u00e4mmung, gute Plastizit\u00e4t, starke Z\u00e4higkeit, Recycling, starker Kollisionsschutz und weist au\u00dferdem eine gute chemische Best\u00e4ndigkeit auf.<\/p> <p>Als idealer Ersatz f\u00fcr herk\u00f6mmliche Verpackungsmaterialien werden EPE-Schaum oder Perlbaumwolle h\u00e4ufig f\u00fcr die Verpackung einer Vielzahl von Materialien verwendet, beispielsweise f\u00fcr elektronische Produkte, Industrieanlagen, Kunsthandwerk, Glas, Keramik, Haushaltsger\u00e4te, M\u00f6bel, Wein und Geschenke Verpackungen, Spielzeug, Obst, Dinge des t\u00e4glichen Bedarfs und andere Produkte.<\/p> <h2>Struktur des Pelletierers aus EPE-Schaum<\/h2> <p>Die EPE-Schaumpelletiermaschine enth\u00e4lt haupts\u00e4chlich den Einlass, das Untersetzungsgetriebe, die Entl\u00fcftung, den Heizteil, den D\u00fcsenkopf, den Stromverteilerschrank usw.<\/p> <figure id=\"attachment_5420\" aria-describedby=\"caption-attachment-5420\" style=\"width: 720px\" class=\"wp-caption alignnone\"><img decoding=\"async\" class=\"size-full wp-image-5420\" src=\"https:\/\/recyclingequipinc.com\/wp-content\/uploads\/2021\/12\/epe-foam-recycling-machine-structure-1.jpg\" alt=\"Struktur der Epe-Schaumrecyclingmaschine 1\" width=\"720\" height=\"540\" srcset=\"https:\/\/recyclingequipinc.com\/wp-content\/uploads\/2021\/12\/epe-foam-recycling-machine-structure-1.jpg 720w, https:\/\/recyclingequipinc.com\/wp-content\/uploads\/2021\/12\/epe-foam-recycling-machine-structure-1-300x225.jpg 300w, https:\/\/recyclingequipinc.com\/wp-content\/uploads\/2021\/12\/epe-foam-recycling-machine-structure-1-600x450.jpg 600w\" sizes=\"(max-width: 720px) 100vw, 720px\" \/><figcaption id=\"caption-attachment-5420\" class=\"wp-caption-text\">Struktur der Epe-Schaumrecyclingmaschine 1<\/figcaption><\/figure> <h2>Highlights des Perlbaumwollschaum-Granulators<\/h2> <p>Die Pelletiermaschine aus Perlbaumwollschaum bietet viele Vorteile und wird h\u00e4ufig in Recyclinglinien eingesetzt.<\/p> <ol> <li>Der EPE-Schaumgranulator verf\u00fcgt \u00fcber einen konischen Schneckenzylinder mit hoher Zuf\u00fchrgeschwindigkeit<\/li> <li>Automatische Temperaturregelung, stabile Heiztemperatur. Die Temperatur erreicht etwa 200 Grad Celsius.<\/li> <li>Untersetzungsgetriebe mit harter Getriebeoberfl\u00e4che, das einen stabilen Betrieb mit geringem Ger\u00e4uschpegel und langer Lebensdauer gew\u00e4hrleistet.<\/li> <li>Die regenerierten Partikel k\u00f6nnen die Molekularstruktur des Materials effektiv verbessern und der verarbeitete Kunststoff weist ein gutes Finish, eine glatte Oberfl\u00e4che und keine Poren auf.<\/li> <li>Elektromagnetische und elektrische Heizringe erw\u00e4rmen sich schnell und haben eine gute W\u00e4rmeisolationswirkung.<\/li> <li>Die elektrische Formwechselmatrize kann die Form automatisch wechseln, ohne die Maschine anzuhalten, wodurch eine hohe Produktionseffizienz erreicht wird.<\/li> <li>Die herausgezogenen Streifen sind gleichm\u00e4\u00dfig und k\u00f6nnen mit der integrierten Getreideschneidemaschine kombiniert werden, um die Pelletierung abzuschlie\u00dfen.<\/li> <li>Es stehen mehrere Modelle zur Verf\u00fcgung. Gemeinsame Spezifikationen: SL-160 und SL-180.<\/li> <\/ol> <p><img decoding=\"async\" class=\"size-full wp-image-5418\" src=\"https:\/\/recyclingequipinc.com\/wp-content\/uploads\/2021\/12\/epe-foam-pelletizer-machine.jpg\" alt=\"Epe-Schaumpelletisiermaschine\" width=\"720\" height=\"540\" srcset=\"https:\/\/recyclingequipinc.com\/wp-content\/uploads\/2021\/12\/epe-foam-pelletizer-machine.jpg 720w, https:\/\/recyclingequipinc.com\/wp-content\/uploads\/2021\/12\/epe-foam-pelletizer-machine-300x225.jpg 300w, https:\/\/recyclingequipinc.com\/wp-content\/uploads\/2021\/12\/epe-foam-pelletizer-machine-600x450.jpg 600w\" sizes=\"(max-width: 720px) 100vw, 720px\" \/><\/p> <h2>Der Hauptunterschied zwischen EPE-Granulator und EPS-Granulator<\/h2> <p class=\"translation-block\">Der EPE-Schaumgranulator verwendet ein integriertes Strukturdesign, das die Haupt- und Hilfgranulierger\u00e4te kombiniert, w\u00e4hrend die <a href=\"https:\/\/recyclingequipinc.com\/de\/produkt\/eps-foam-pelletizing-machine\/\">EPS-Granuliermaschine<\/a> beide Teile umfasst.<\/p> <figure id=\"attachment_5385\" aria-describedby=\"caption-attachment-5385\" style=\"width: 750px\" class=\"wp-caption alignnone\"><img loading=\"lazy\" decoding=\"async\" class=\"size-full wp-image-5385\" src=\"https:\/\/recyclingequipinc.com\/wp-content\/uploads\/2021\/12\/foam-recycling-line.jpg\" alt=\"Schaumrecyclinglinie\" width=\"750\" height=\"866\" srcset=\"https:\/\/recyclingequipinc.com\/wp-content\/uploads\/2021\/12\/foam-recycling-line.jpg 750w, https:\/\/recyclingequipinc.com\/wp-content\/uploads\/2021\/12\/foam-recycling-line-260x300.jpg 260w, https:\/\/recyclingequipinc.com\/wp-content\/uploads\/2021\/12\/foam-recycling-line-600x693.jpg 600w\" sizes=\"(max-width: 750px) 100vw, 750px\" \/><figcaption id=\"caption-attachment-5385\" class=\"wp-caption-text\">Schaumrecyclinglinie<\/figcaption><\/figure> <h2>Parameter (SL-160)<\/h2> <table> <tbody> <tr> <td width=\"284\">Modell<\/td> <td width=\"284\">SL-160<\/td> <\/tr> <tr> <td width=\"284\">Maschinengr\u00f6\u00dfe<\/td> <td width=\"284\">3400*2100*1600mm<\/td> <\/tr> <tr> <td width=\"284\">Einlassgr\u00f6\u00dfe<\/td> <td width=\"284\">780*780mm<\/td> <\/tr> <tr> <td width=\"284\">Leistung<\/td> <td width=\"284\">30 kW<\/td> <\/tr> <tr> <td width=\"284\">Kapazit\u00e4t<\/td> <td width=\"284\">150-200kg\/h<\/td> <\/tr> <tr> <td width=\"284\">Heizmethode<\/td> <td width=\"284\">Heizring<\/td> <\/tr> <\/tbody> <\/table>","protected":false},"excerpt":{"rendered":"<p>Der EPE-Schaumgranulator wird haupts\u00e4chlich zum Pelletisieren von Perlbaumwollabf\u00e4llen, expandierbaren Polyethylenschaumverpackungen, Isoliermaterialien, Au\u00dfenteilen von Elektroger\u00e4ten und anderen EPE-Schaumabf\u00e4llen verwendet. Die EPE-Schaum-Recyclingmaschine ist darauf ausgelegt, \u00fcbersch\u00fcssige EPE-Perlbaumwollmaterialien in Partikel zu verarbeiten, die zur Wiederaufbereitung und Nutzung verwendet werden k\u00f6nnen.<\/p>","protected":false},"featured_media":5422,"template":"","meta":{"site-sidebar-layout":"default","site-content-layout":"default","ast-site-content-layout":"default","site-content-style":"default","site-sidebar-style":"default","ast-global-header-display":"","ast-banner-title-visibility":"","ast-main-header-display":"","ast-hfb-above-header-display":"","ast-hfb-below-header-display":"","ast-hfb-mobile-header-display":"","site-post-title":"","ast-breadcrumbs-content":"","ast-featured-img":"","footer-sml-layout":"","ast-disable-related-posts":"","theme-transparent-header-meta":"default","adv-header-id-meta":"","stick-header-meta":"default","header-above-stick-meta":"","header-main-stick-meta":"","header-below-stick-meta":"","astra-migrate-meta-layouts":"set","ast-page-background-enabled":"default","ast-page-background-meta":{"desktop":{"background-color":"","background-image":"","background-repeat":"repeat","background-position":"center center","background-size":"auto","background-attachment":"scroll","background-type":"","background-media":"","overlay-type":"","overlay-color":"","overlay-opacity":"","overlay-gradient":""},"tablet":{"background-color":"","background-image":"","background-repeat":"repeat","background-position":"center center","background-size":"auto","background-attachment":"scroll","background-type":"","background-media":"","overlay-type":"","overlay-color":"","overlay-opacity":"","overlay-gradient":""},"mobile":{"background-color":"","background-image":"","background-repeat":"repeat","background-position":"center center","background-size":"auto","background-attachment":"scroll","background-type":"","background-media":"","overlay-type":"","overlay-color":"","overlay-opacity":"","overlay-gradient":""}},"ast-content-background-meta":{"desktop":{"background-color":"var(--ast-global-color-5)","background-image":"","background-repeat":"repeat","background-position":"center center","background-size":"auto","background-attachment":"scroll","background-type":"","background-media":"","overlay-type":"","overlay-color":"","overlay-opacity":"","overlay-gradient":""},"tablet":{"background-color":"var(--ast-global-color-5)","background-image":"","background-repeat":"repeat","background-position":"center center","background-size":"auto","background-attachment":"scroll","background-type":"","background-media":"","overlay-type":"","overlay-color":"","overlay-opacity":"","overlay-gradient":""},"mobile":{"background-color":"var(--ast-global-color-5)","background-image":"","background-repeat":"repeat","background-position":"center center","background-size":"auto","background-attachment":"scroll","background-type":"","background-media":"","overlay-type":"","overlay-color":"","overlay-opacity":"","overlay-gradient":""}}},"product_brand":[],"product_cat":[36],"product_tag":[66],"class_list":{"0":"post-5411","1":"product","2":"type-product","3":"status-publish","4":"has-post-thumbnail","6":"product_cat-plastic-recycling-machine","7":"product_tag-foam-pelletizer","8":"desktop-align-center","9":"tablet-align-center","10":"mobile-align-center","12":"first","13":"instock","14":"shipping-taxable","15":"product-type-simple"},"_links":{"self":[{"href":"https:\/\/recyclingequipinc.com\/de\/wp-json\/wp\/v2\/product\/5411","targetHints":{"allow":["GET"]}}],"collection":[{"href":"https:\/\/recyclingequipinc.com\/de\/wp-json\/wp\/v2\/product"}],"about":[{"href":"https:\/\/recyclingequipinc.com\/de\/wp-json\/wp\/v2\/types\/product"}],"version-history":[{"count":0,"href":"https:\/\/recyclingequipinc.com\/de\/wp-json\/wp\/v2\/product\/5411\/revisions"}],"wp:featuredmedia":[{"embeddable":true,"href":"https:\/\/recyclingequipinc.com\/de\/wp-json\/wp\/v2\/media\/5422"}],"wp:attachment":[{"href":"https:\/\/recyclingequipinc.com\/de\/wp-json\/wp\/v2\/media?parent=5411"}],"wp:term":[{"taxonomy":"product_brand","embeddable":true,"href":"https:\/\/recyclingequipinc.com\/de\/wp-json\/wp\/v2\/product_brand?post=5411"},{"taxonomy":"product_cat","embeddable":true,"href":"https:\/\/recyclingequipinc.com\/de\/wp-json\/wp\/v2\/product_cat?post=5411"},{"taxonomy":"product_tag","embeddable":true,"href":"https:\/\/recyclingequipinc.com\/de\/wp-json\/wp\/v2\/product_tag?post=5411"}],"curies":[{"name":"wp","href":"https:\/\/api.w.org\/{rel}","templated":true}]}}