{"id":5377,"date":"2021-12-08T07:06:59","date_gmt":"2021-12-08T07:06:59","guid":{"rendered":"https:\/\/recyclingequipinc.com\/?post_type=product&#038;p=5377"},"modified":"2025-01-20T10:17:19","modified_gmt":"2025-01-20T02:17:19","slug":"eps-foam-pelletizing-machine","status":"publish","type":"product","link":"https:\/\/recyclingequipinc.com\/de\/product\/eps-foam-pelletizing-machine\/","title":{"rendered":"EPS-Pelletiermaschine | Styropor-Recyclingmaschine"},"content":{"rendered":"<p>Eine EPS-Granuliermaschine ist eine spezielle Recyclingmaschine zum Zerkleinern und Granulieren des Abfalls aus Styropor oder expandierbarem Polystyrol (EPS). Der EPS-Granulator verf\u00fcgt \u00fcber ein vern\u00fcnftiges Design, einen hohen Automatisierungsgrad und fortschrittliche Technologie ohne Umweltverschmutzung. Die erzeugten Kunststoffpartikel sind in Gr\u00f6\u00dfe und Helligkeit gleichm\u00e4\u00dfig. Die hergestellten Granulate werden h\u00e4ufig verwendet, beispielsweise als Wandd\u00e4mmstoffe, Produktverpackungsmaterialien und Hilfsmaterialien f\u00fcr einige Produkte.<\/p> <p>Heutzutage nimmt der Anteil an expandierbarem Polystyrol (EPS) rasant zu. Diese Polystyrol-Schaumstoffabf\u00e4lle sind leicht, sperrig, alterungsbest\u00e4ndig und schwer zu korrodieren, sodass sie zu einem gro\u00dfen Problem bei der M\u00fcllentsorgung geworden sind. In den letzten Jahren hat das EPS-Schaumrecycling immer mehr Aufmerksamkeit auf sich gezogen und die R\u00fcckgewinnung von gesch\u00e4umtem Polystyrol hat gro\u00dfe Aussichten. EPS-Granuliermaschinen werden h\u00e4ufig in Kunststoffrecyclinglinien eingesetzt und erfreuen sich in der Recyclingindustrie immer gr\u00f6\u00dferer Beliebtheit. Neben der EPS-Schaumgranuliermaschine bieten wir auch EPE\/Pearl-Baumwollgranulatoren an.<\/p> <div class=\"ast-oembed-container\" style=\"height: 100%;\"><iframe title=\"Ist Styropor recycelbar? EPE EPS\/Styropor-Recyclingmaschine Granulator Pelletizer f\u00fcr Sie\" width=\"500\" height=\"281\" src=\"https:\/\/www.youtube.com\/embed\/Yef7vuJI6-Q?list=PLmQgsSbeu0tXsNBww95upbWcnO_cYfyh4\" frameborder=\"0\" allow=\"accelerometer; autoplay; clipboard-write; encrypted-media; gyroscope; picture-in-picture; web-share\" referrerpolicy=\"strict-origin-when-cross-origin\" allowfullscreen><\/iframe><\/div> <p><img fetchpriority=\"high\" decoding=\"async\" class=\"size-full wp-image-5385\" src=\"https:\/\/recyclingequipinc.com\/wp-content\/uploads\/2021\/12\/foam-recycling-line.jpg\" alt=\"Schaumrecyclinglinie\" width=\"750\" height=\"866\" srcset=\"https:\/\/recyclingequipinc.com\/wp-content\/uploads\/2021\/12\/foam-recycling-line.jpg 750w, https:\/\/recyclingequipinc.com\/wp-content\/uploads\/2021\/12\/foam-recycling-line-260x300.jpg 260w, https:\/\/recyclingequipinc.com\/wp-content\/uploads\/2021\/12\/foam-recycling-line-600x693.jpg 600w\" sizes=\"(max-width: 750px) 100vw, 750px\" \/><\/p> <h2>Anwendung einer EPS-Granuliermaschine<\/h2> <p class=\"translation-block\">Die EPS-Schaumgranulationsmaschine wird verwendet, um Styropor aus Abfall-Fastfood-Boxen, Haushaltsger\u00e4ten, Styropor-Verpackungsmaterialien zum Lieferschutz usw. zu verarbeiten, sodass es in recycelte EPS-Granulate umgewandelt werden kann. Auch aus<a href=\"https:\/\/recyclingequipinc.com\/de\/produkt\/eps-epe-foam-hot-melting-machine\/\"> EPS-Schmelzverdichter<\/a> verarbeitetes Kunststoffschaum ist anwendbar. Dieses recycelte Plastik kann zur Herstellung verschiedener D\u00e4mmmaterialien, Verpackungsmaterialien, Spielzeuge und elektrischer Ger\u00e4te usw. verwendet werden.<\/p> <div id='gallery-1' class='gallery galleryid-5377 gallery-columns-2 gallery-size-full'><figure class='gallery-item'> \t\t\t<div class='gallery-icon landscape'> \t\t\t\t<img decoding=\"async\" width=\"720\" height=\"540\" src=\"https:\/\/recyclingequipinc.com\/wp-content\/uploads\/2021\/12\/box-inserts-and-packing-peanut.webp\" class=\"attachment-full size-full\" alt=\"Schachteleins\u00e4tze und Verpackungserdnuss\" aria-describedby=\"gallery-1-16875\" srcset=\"https:\/\/recyclingequipinc.com\/wp-content\/uploads\/2021\/12\/box-inserts-and-packing-peanut.webp 720w, https:\/\/recyclingequipinc.com\/wp-content\/uploads\/2021\/12\/box-inserts-and-packing-peanut-300x225.webp 300w, https:\/\/recyclingequipinc.com\/wp-content\/uploads\/2021\/12\/box-inserts-and-packing-peanut-16x12.webp 16w\" sizes=\"(max-width: 720px) 100vw, 720px\" \/> \t\t\t<\/div> \t\t\t\t<figcaption class='wp-caption-text gallery-caption' id='gallery-1-16875'> \t\t\t\tSchachteleins\u00e4tze und Verpackungserdnuss \t\t\t\t<\/figcaption><\/figure><figure class='gallery-item'> \t\t\t<div class='gallery-icon landscape'> \t\t\t\t<img decoding=\"async\" width=\"720\" height=\"540\" src=\"https:\/\/recyclingequipinc.com\/wp-content\/uploads\/2021\/12\/EPS-pellets.webp\" class=\"attachment-full size-full\" alt=\"\" aria-describedby=\"gallery-1-16876\" srcset=\"https:\/\/recyclingequipinc.com\/wp-content\/uploads\/2021\/12\/EPS-pellets.webp 720w, https:\/\/recyclingequipinc.com\/wp-content\/uploads\/2021\/12\/EPS-pellets-300x225.webp 300w, https:\/\/recyclingequipinc.com\/wp-content\/uploads\/2021\/12\/EPS-pellets-16x12.webp 16w\" sizes=\"(max-width: 720px) 100vw, 720px\" \/> \t\t\t<\/div> \t\t\t\t<figcaption class='wp-caption-text gallery-caption' id='gallery-1-16876'> \t\t\t\trecycelte EPS-Pellets \t\t\t\t<\/figcaption><\/figure> \t\t<\/div>  <h2>Herausragende Vorteile der EPS-Pelletiermaschine<\/h2> <p>1. Die Haupt- und Hilfsmaschinenschrauben bestehen aus w\u00e4rmebehandeltem 45#-Stahl. Es verf\u00fcgt \u00fcber gute umfassende mechanische Eigenschaften.<br \/> 2. Der Motor ist mit zwei Untersetzungsgetrieben ausgestattet, die einen stabilen Betrieb und eine lange Lebensdauer gew\u00e4hrleisten.<br \/> 3. Der EPS-Schaumgranulator verf\u00fcgt \u00fcber einen konischen Schneckenzylinder, der eine hohe Vorschubgeschwindigkeit und eine hohe Leistung aufweist.<br \/> 4. Die Haupt- und Hilfsmaschinen werden gemeinsam zur Unterst\u00fctzung der Produktion eingesetzt. Die Heiztemperatur ist stabil, die Molekularstruktur des Materials wird effektiv verbessert, die Luftdurchl\u00e4ssigkeit wird verbessert und die Partikelqualit\u00e4t wird deutlich verbessert. Die Temperatur des Hauptmotors betr\u00e4gt 200 Grad Celsius und die Temperatur des Hilfsmotors betr\u00e4gt 180 Grad Celsius.<br \/> 5. Es stehen zwei Heizmethoden zur Auswahl. Elektromagnetisch (Heizzeit 10\u201315 Minuten), elektrisches Heizrohr\/elektrischer Heizring (30\u201340 Minuten)<br \/> 6. Die Maschine zur Herstellung von EPS-Schaumgranulat besteht haupts\u00e4chlich aus dem Zerkleinerungsteil, den Haupt- und Hilfsmotoren und der elektrischen Form.<br \/> 7. Nehmen Sie die elektrische Siebwechselform ohne Unterbrechung an, um eine hohe Produktionseffizienz zu erreichen.<br \/> 8. Die EPS-Pelletiermaschine wird h\u00e4ufig mit einem Schaumbrecher, einem Wasserk\u00fchltank und einer Kunststoffkornschneidemaschine kombiniert, die alle h\u00e4ufig in Schaumrecyclinglinien verwendet werden.<\/p> <figure id=\"attachment_5380\" aria-describedby=\"caption-attachment-5380\" style=\"width: 720px\" class=\"wp-caption alignnone\"><img loading=\"lazy\" decoding=\"async\" class=\"size-full wp-image-5380\" src=\"https:\/\/recyclingequipinc.com\/wp-content\/uploads\/2021\/12\/EPS-pelletizer-machine-structure-details.jpg\" alt=\"Strukturdetails der EPS-Granuliermaschine\" width=\"720\" height=\"540\" srcset=\"https:\/\/recyclingequipinc.com\/wp-content\/uploads\/2021\/12\/EPS-pelletizer-machine-structure-details.jpg 720w, https:\/\/recyclingequipinc.com\/wp-content\/uploads\/2021\/12\/EPS-pelletizer-machine-structure-details-300x225.jpg 300w, https:\/\/recyclingequipinc.com\/wp-content\/uploads\/2021\/12\/EPS-pelletizer-machine-structure-details-600x450.jpg 600w\" sizes=\"(max-width: 720px) 100vw, 720px\" \/><figcaption id=\"caption-attachment-5380\" class=\"wp-caption-text\">Strukturdetails der EPS-Granuliermaschine<\/figcaption><\/figure> <figure id=\"attachment_5386\" aria-describedby=\"caption-attachment-5386\" style=\"width: 750px\" class=\"wp-caption alignnone\"><img loading=\"lazy\" decoding=\"async\" class=\"size-full wp-image-5386\" src=\"https:\/\/recyclingequipinc.com\/wp-content\/uploads\/2021\/12\/EPS-pelletizer-machine-details.jpg\" alt=\"Details zur EPS-Granuliermaschine\" width=\"750\" height=\"1163\" srcset=\"https:\/\/recyclingequipinc.com\/wp-content\/uploads\/2021\/12\/EPS-pelletizer-machine-details.jpg 750w, https:\/\/recyclingequipinc.com\/wp-content\/uploads\/2021\/12\/EPS-pelletizer-machine-details-193x300.jpg 193w, https:\/\/recyclingequipinc.com\/wp-content\/uploads\/2021\/12\/EPS-pelletizer-machine-details-660x1024.jpg 660w, https:\/\/recyclingequipinc.com\/wp-content\/uploads\/2021\/12\/EPS-pelletizer-machine-details-600x930.jpg 600w\" sizes=\"(max-width: 750px) 100vw, 750px\" \/><figcaption id=\"caption-attachment-5386\" class=\"wp-caption-text\">Details zur EPS-Granuliermaschine<\/figcaption><\/figure> <h2>Funktionsprinzip des EPS-Granulators<\/h2> <p>Die EPS-Granuliermaschine wird durch den Prozess des Mahlens, Plastifizierens, Abziehens und Granulierens des Schaums vervollst\u00e4ndigt. Die Hauptfunktion dieser Maschine besteht darin, den alten Schaum aufzul\u00f6sen, nachdem er durch den Schaumbrecher zerkleinert wurde, um durch den Prozess des Plastifizierens, Streifenschneidens und Kornschneidens kleine K\u00f6rnchen herzustellen. um die Regenerierung und Wiederverwendung zu erleichtern.<\/p> <div id='gallery-2' class='gallery galleryid-5377 gallery-columns-2 gallery-size-full'><figure class='gallery-item'> \t\t\t<div class='gallery-icon landscape'> \t\t\t\t<img loading=\"lazy\" decoding=\"async\" width=\"720\" height=\"540\" src=\"https:\/\/recyclingequipinc.com\/wp-content\/uploads\/2021\/12\/eps-recycling-machine.webp\" class=\"attachment-full size-full\" alt=\"EPS-Recyclingmaschine\" aria-describedby=\"gallery-2-16856\" srcset=\"https:\/\/recyclingequipinc.com\/wp-content\/uploads\/2021\/12\/eps-recycling-machine.webp 720w, https:\/\/recyclingequipinc.com\/wp-content\/uploads\/2021\/12\/eps-recycling-machine-300x225.webp 300w, https:\/\/recyclingequipinc.com\/wp-content\/uploads\/2021\/12\/eps-recycling-machine-16x12.webp 16w\" sizes=\"(max-width: 720px) 100vw, 720px\" \/> \t\t\t<\/div> \t\t\t\t<figcaption class='wp-caption-text gallery-caption' id='gallery-2-16856'> \t\t\t\tEPS-Recyclingmaschine \t\t\t\t<\/figcaption><\/figure><figure class='gallery-item'> \t\t\t<div class='gallery-icon landscape'> \t\t\t\t<img loading=\"lazy\" decoding=\"async\" width=\"720\" height=\"540\" src=\"https:\/\/recyclingequipinc.com\/wp-content\/uploads\/2021\/12\/eps-polystyrene-recycling-machine.webp\" class=\"attachment-full size-full\" alt=\"EPS-Polystyrol-Recyclingmaschine\" aria-describedby=\"gallery-2-16854\" srcset=\"https:\/\/recyclingequipinc.com\/wp-content\/uploads\/2021\/12\/eps-polystyrene-recycling-machine.webp 720w, https:\/\/recyclingequipinc.com\/wp-content\/uploads\/2021\/12\/eps-polystyrene-recycling-machine-300x225.webp 300w, https:\/\/recyclingequipinc.com\/wp-content\/uploads\/2021\/12\/eps-polystyrene-recycling-machine-16x12.webp 16w\" sizes=\"(max-width: 720px) 100vw, 720px\" \/> \t\t\t<\/div> \t\t\t\t<figcaption class='wp-caption-text gallery-caption' id='gallery-2-16854'> \t\t\t\tEPS-Polystyrol-Recyclingmaschine \t\t\t\t<\/figcaption><\/figure> \t\t<\/div>  <h2>Video der EPS-Granuliermaschine<\/h2> <div class=\"ast-oembed-container\" style=\"height: 100%;\"><iframe title=\"Nutzen Sie die EPS-Granuliermaschine, um ein vielversprechendes Gesch\u00e4ft mit dem Recycling von Styroporabf\u00e4llen zu starten\" width=\"500\" height=\"281\" src=\"https:\/\/www.youtube.com\/embed\/O7APvAkmS0M?feature=oembed\" frameborder=\"0\" allow=\"accelerometer; autoplay; clipboard-write; encrypted-media; gyroscope; picture-in-picture; web-share\" referrerpolicy=\"strict-origin-when-cross-origin\" allowfullscreen><\/iframe><\/div> <h2>Parameter der EPS-Granuliermaschine<\/h2> <p>Das Modell der EPS-Granuliermaschine basiert auf unterschiedlichen Durchmessern der Schneckenwelle. F\u00fcr spezielle Anforderungen bieten wir auch ma\u00dfgeschneiderte Dienstleistungen an.<\/p> <table> <tbody> <tr> <td width=\"67\">Modell<\/td> <td width=\"328\">Spezifikation<\/td> <\/tr> <tr> <td width=\"67\">Modell: 220+150<\/p> <p>&nbsp;<\/p> <p>&nbsp;<\/td> <td width=\"328\">Pelletherstellungsmaschine mit Brecher<\/p> <p>Leistung: 15 kW + 5,5 kW<\/p> <p>Kapazit\u00e4t: 150\u2013200 kg\/h<\/p> <p>Doppeltes Untersetzungsgetriebe<\/td> <\/tr> <tr> <td width=\"67\">Modell: 270+150<\/p> <p>&nbsp;<\/td> <td width=\"328\">Pelletherstellungsmaschine mit Brecher<\/p> <p>Leistung: 18,5 kW + 5,5 kW<\/p> <p>Kapazit\u00e4t: 200\u2013250 kg\/h<\/p> <p>Doppeltes Untersetzungsgetriebe<\/p> <p>&nbsp;<\/td> <\/tr> <tr> <td width=\"67\">Modell: 320+180<\/p> <p>&nbsp;<\/td> <td width=\"328\">Pelletherstellungsmaschine mit Brecher<\/p> <p>Leistung: 18,5 kW + 11 kW<\/p> <p>Kapazit\u00e4t: 250\u2013300 kg\/h<\/p> <p>Doppeltes Untersetzungsgetriebe<\/td> <\/tr> <tr> <td width=\"67\">Modell: 350+180<\/p> <p>&nbsp;<\/td> <td width=\"328\">Pelletherstellungsmaschine mit Brecher<\/p> <p>Kapazit\u00e4t: 250\u2013300 kg\/h<\/p> <p>Doppeltes Untersetzungsgetriebe<\/td> <\/tr> <\/tbody> <\/table> <h2>Verwandte Maschinen<\/h2> <ol> <li>Schaumzerkleinerungsmaschine<img loading=\"lazy\" decoding=\"async\" class=\"size-full wp-image-5384\" src=\"https:\/\/recyclingequipinc.com\/wp-content\/uploads\/2021\/12\/foam-crusher-machine.jpg\" alt=\"Schaumzerkleinerungsmaschine\" width=\"720\" height=\"540\" srcset=\"https:\/\/recyclingequipinc.com\/wp-content\/uploads\/2021\/12\/foam-crusher-machine.jpg 720w, https:\/\/recyclingequipinc.com\/wp-content\/uploads\/2021\/12\/foam-crusher-machine-300x225.jpg 300w, https:\/\/recyclingequipinc.com\/wp-content\/uploads\/2021\/12\/foam-crusher-machine-600x450.jpg 600w\" sizes=\"(max-width: 720px) 100vw, 720px\" \/><\/li> <li>Wasserkochtank <figure id=\"attachment_5390\" aria-describedby=\"caption-attachment-5390\" style=\"width: 750px\" class=\"wp-caption alignnone\"><img loading=\"lazy\" decoding=\"async\" class=\"size-full wp-image-5390\" src=\"https:\/\/recyclingequipinc.com\/wp-content\/uploads\/2021\/12\/water-cooling-tank.jpg\" alt=\"Wasserk\u00fchltank\" width=\"750\" height=\"750\" srcset=\"https:\/\/recyclingequipinc.com\/wp-content\/uploads\/2021\/12\/water-cooling-tank.jpg 750w, https:\/\/recyclingequipinc.com\/wp-content\/uploads\/2021\/12\/water-cooling-tank-100x100.jpg 100w, https:\/\/recyclingequipinc.com\/wp-content\/uploads\/2021\/12\/water-cooling-tank-300x300.jpg 300w, https:\/\/recyclingequipinc.com\/wp-content\/uploads\/2021\/12\/water-cooling-tank-150x150.jpg 150w, https:\/\/recyclingequipinc.com\/wp-content\/uploads\/2021\/12\/water-cooling-tank-600x600.jpg 600w\" sizes=\"(max-width: 750px) 100vw, 750px\" \/><figcaption id=\"caption-attachment-5390\" class=\"wp-caption-text\">Wasserk\u00fchltank<\/figcaption><\/figure> <h2>Eine andere Art von Schaumgranuliermaschine<\/h2> <p><a href=\"https:\/\/recyclingequipinc.com\/de\/produkt\/epe-foam-pelletizer-recycling-machine\/\">Maschine zur Herstellung von EPE-Schaumpellets<\/a><\/li> <\/ol>","protected":false},"excerpt":{"rendered":"<p>Eine EPS-Granuliermaschine ist eine Spezialmaschine zum Zerkleinern und Granulieren von Styroporabf\u00e4llen bzw. expandierbarem Polystyrol (EPS). Der EPS-Granulator verf\u00fcgt \u00fcber ein vern\u00fcnftiges Design, einen hohen Automatisierungsgrad und fortschrittliche Technologie ohne Umweltverschmutzung. Die erzeugten Kunststoffpartikel sind in Gr\u00f6\u00dfe und Helligkeit gleichm\u00e4\u00dfig.<\/p>","protected":false},"featured_media":5382,"template":"","meta":{"site-sidebar-layout":"default","site-content-layout":"default","ast-site-content-layout":"default","site-content-style":"default","site-sidebar-style":"default","ast-global-header-display":"","ast-banner-title-visibility":"","ast-main-header-display":"","ast-hfb-above-header-display":"","ast-hfb-below-header-display":"","ast-hfb-mobile-header-display":"","site-post-title":"","ast-breadcrumbs-content":"","ast-featured-img":"","footer-sml-layout":"","ast-disable-related-posts":"","theme-transparent-header-meta":"default","adv-header-id-meta":"","stick-header-meta":"default","header-above-stick-meta":"","header-main-stick-meta":"","header-below-stick-meta":"","astra-migrate-meta-layouts":"set","ast-page-background-enabled":"default","ast-page-background-meta":{"desktop":{"background-color":"","background-image":"","background-repeat":"repeat","background-position":"center center","background-size":"auto","background-attachment":"scroll","background-type":"","background-media":"","overlay-type":"","overlay-color":"","overlay-opacity":"","overlay-gradient":""},"tablet":{"background-color":"","background-image":"","background-repeat":"repeat","background-position":"center center","background-size":"auto","background-attachment":"scroll","background-type":"","background-media":"","overlay-type":"","overlay-color":"","overlay-opacity":"","overlay-gradient":""},"mobile":{"background-color":"","background-image":"","background-repeat":"repeat","background-position":"center center","background-size":"auto","background-attachment":"scroll","background-type":"","background-media":"","overlay-type":"","overlay-color":"","overlay-opacity":"","overlay-gradient":""}},"ast-content-background-meta":{"desktop":{"background-color":"var(--ast-global-color-5)","background-image":"","background-repeat":"repeat","background-position":"center center","background-size":"auto","background-attachment":"scroll","background-type":"","background-media":"","overlay-type":"","overlay-color":"","overlay-opacity":"","overlay-gradient":""},"tablet":{"background-color":"var(--ast-global-color-5)","background-image":"","background-repeat":"repeat","background-position":"center center","background-size":"auto","background-attachment":"scroll","background-type":"","background-media":"","overlay-type":"","overlay-color":"","overlay-opacity":"","overlay-gradient":""},"mobile":{"background-color":"var(--ast-global-color-5)","background-image":"","background-repeat":"repeat","background-position":"center center","background-size":"auto","background-attachment":"scroll","background-type":"","background-media":"","overlay-type":"","overlay-color":"","overlay-opacity":"","overlay-gradient":""}}},"product_brand":[],"product_cat":[36],"product_tag":[66],"class_list":{"0":"post-5377","1":"product","2":"type-product","3":"status-publish","4":"has-post-thumbnail","6":"product_cat-plastic-recycling-machine","7":"product_tag-foam-pelletizer","8":"desktop-align-center","9":"tablet-align-center","10":"mobile-align-center","12":"first","13":"instock","14":"shipping-taxable","15":"product-type-simple"},"_links":{"self":[{"href":"https:\/\/recyclingequipinc.com\/de\/wp-json\/wp\/v2\/product\/5377","targetHints":{"allow":["GET"]}}],"collection":[{"href":"https:\/\/recyclingequipinc.com\/de\/wp-json\/wp\/v2\/product"}],"about":[{"href":"https:\/\/recyclingequipinc.com\/de\/wp-json\/wp\/v2\/types\/product"}],"version-history":[{"count":0,"href":"https:\/\/recyclingequipinc.com\/de\/wp-json\/wp\/v2\/product\/5377\/revisions"}],"wp:featuredmedia":[{"embeddable":true,"href":"https:\/\/recyclingequipinc.com\/de\/wp-json\/wp\/v2\/media\/5382"}],"wp:attachment":[{"href":"https:\/\/recyclingequipinc.com\/de\/wp-json\/wp\/v2\/media?parent=5377"}],"wp:term":[{"taxonomy":"product_brand","embeddable":true,"href":"https:\/\/recyclingequipinc.com\/de\/wp-json\/wp\/v2\/product_brand?post=5377"},{"taxonomy":"product_cat","embeddable":true,"href":"https:\/\/recyclingequipinc.com\/de\/wp-json\/wp\/v2\/product_cat?post=5377"},{"taxonomy":"product_tag","embeddable":true,"href":"https:\/\/recyclingequipinc.com\/de\/wp-json\/wp\/v2\/product_tag?post=5377"}],"curies":[{"name":"wp","href":"https:\/\/api.w.org\/{rel}","templated":true}]}}