{"id":5300,"date":"2021-11-25T06:31:48","date_gmt":"2021-11-25T06:31:48","guid":{"rendered":"https:\/\/recyclingequipinc.com\/?post_type=product&#038;p=5300"},"modified":"2025-01-20T10:18:29","modified_gmt":"2025-01-20T02:18:29","slug":"eps-foam-densifier","status":"publish","type":"product","link":"https:\/\/recyclingequipinc.com\/de\/product\/eps-foam-densifier\/","title":{"rendered":"EPS-Schaumverdichter | Sryroporschaum-Verdichtungsmaschine"},"content":{"rendered":"<p class=\"translation-block\"><strong>EPS-Schaum-Densifizierer<\/strong> ist auch bekannt als die EPS-Brikettiermaschine und Styropor-Compactor, die zum Verdichten von Schaumstoffen wie EPS oder EPE-Schaumkunststoffen verwendet wird. Das Funktionsprinzip besteht darin, den EPS-Schaum durch einen Schraubendichtungsmechanismus in dichte Bl\u00f6cke zu komprimieren. Je nach den Eigenschaften der Rohmaterialien kann das Verdichtungsverh\u00e4ltnis bis zu 40 Mal betragen, um das Volumen des Schaums zu reduzieren. Die komprimierten Schaumbl\u00f6cke sind f\u00fcr den Ferntransport und die Lagerung praktisch, was Transportkosten und Lagerplatz spart. Neben dem Styropor-Compactor bieten wir auch <a href=\"https:\/\/recyclingequipinc.com\/de\/produkt\/eps-epe-foam-hot-melting-machine\/\">Schaum-Hei\u00dfschmelzmaschinen<\/a> an, um das Volumen von Abfall-EPS oder EPE-Schaumkunststoffen zu reduzieren.<\/p> <div class=\"ast-oembed-container\" style=\"height: 100%;\"><iframe title=\"Wie verarbeiten Sie Ihren Kunststoffschaumabfall | Styroporverdichter | EPS-Recyclingmaschine\" width=\"500\" height=\"281\" src=\"https:\/\/www.youtube.com\/embed\/vJFGbrvZPVE?feature=oembed\" frameborder=\"0\" allow=\"accelerometer; autoplay; clipboard-write; encrypted-media; gyroscope; picture-in-picture; web-share\" referrerpolicy=\"strict-origin-when-cross-origin\" allowfullscreen><\/iframe><\/div> <h2>Highlights EPS-Schaumverdichter<\/h2> <ul> <li>Nachdem das EPS-Schaumvolumen 30\u201340 Mal kleiner als zuvor komprimiert wurde, ist die Schaumdichte gro\u00df und die Schaumbl\u00f6cke k\u00f6nnen leicht abgeschnitten, gelagert und recycelt werden. Sparen Sie Lagerraum sowie Transport- und Lagerkosten<\/li> <li>Der Styroporverdichter ist mit einem Vorzerkleinerungsmechanismus ausgestattet, um die Arbeitseffizienz zu gew\u00e4hrleisten und den Energieverbrauch niedrig zu halten. F\u00fcr die Kaltpressbehandlung k\u00f6nnen unterschiedliche Gr\u00f6\u00dfen von Einf\u00fcll\u00f6ffnungen ausgew\u00e4hlt werden.<\/li> <li>Gro\u00dfe Modelle k\u00f6nnen synchron mit dem F\u00f6rderband arbeiten, um die Produktionseffizienz zu verbessern.<\/li> <\/ul> <figure id=\"attachment_5306\" aria-describedby=\"caption-attachment-5306\" style=\"width: 750px\" class=\"wp-caption alignnone\"><img fetchpriority=\"high\" decoding=\"async\" class=\"size-full wp-image-5306\" src=\"https:\/\/recyclingequipinc.com\/wp-content\/uploads\/2021\/11\/finished-foam-blocks.jpg\" alt=\"fertige Schaumstoffbl\u00f6cke\" width=\"750\" height=\"800\" srcset=\"https:\/\/recyclingequipinc.com\/wp-content\/uploads\/2021\/11\/finished-foam-blocks.jpg 750w, https:\/\/recyclingequipinc.com\/wp-content\/uploads\/2021\/11\/finished-foam-blocks-281x300.jpg 281w, https:\/\/recyclingequipinc.com\/wp-content\/uploads\/2021\/11\/finished-foam-blocks-600x640.jpg 600w\" sizes=\"(max-width: 750px) 100vw, 750px\" \/><figcaption id=\"caption-attachment-5306\" class=\"wp-caption-text\">fertige Schaumstoffbl\u00f6cke durch EPS-Verdichter<\/figcaption><\/figure> <h2>Wie funktioniert der EPS-Verdichter?<\/h2> <p>Der EPS-Schaum-Kaltverdichter verdichtet Schaumkunststoffe nach dem Prinzip der Schneckenrotation und Kaltkompression. Im Betrieb muss der Bediener lediglich den Abfallschaum in den Trichter werfen, und der EPS-Schaumverdichter verf\u00fcgt \u00fcber einen Zerkleinerungsmechanismus zum Zerkleinern des Schaumblocks. Anschlie\u00dfend komprimiert der Schraubmechanismus den kleinen Styropor-\/Polystyrolschaum zu einem kubischen Kompressionsblock. Am vorderen Ende des Kompressionsabschnitts befindet sich eine Druckregulierungseinrichtung zur Einstellung des Kompressionsverh\u00e4ltnisses. Nachdem das Material durch den Schneckenmechanismus verarbeitet wurde, entsteht der quadratische Schaumstoff-Kompressionsblock. Eine starke Reduzierung des Schaumvolumens beg\u00fcnstigt das Schaumrecycling.<\/p> <h2>Zwei Arten von Kaltverdichtern aus Styropor<\/h2> <p>Wir bieten zwei Arten von EPS-Schaumverdichtern an, um den unterschiedlichen Bed\u00fcrfnissen unserer Kunden gerecht zu werden.<\/p> <h3>1. Vertikaler Typ<\/h3> <p>Die Zufuhr\u00f6ffnung einer vertikalen Styropor-Verdichtungsmaschine befindet sich im oberen Teil der Maschine, der das Rohmaterial auf die richtige H\u00f6he heben muss.<\/p> <p class=\"translation-block\"><strong> <\/strong><\/p> <figure id=\"attachment_5303\" aria-describedby=\"caption-attachment-5303\" style=\"width: 750px\" class=\"wp-caption alignnone\"><img decoding=\"async\" class=\"size-full wp-image-5303\" src=\"https:\/\/recyclingequipinc.com\/wp-content\/uploads\/2021\/11\/vertical-EPS-foam-cold-compactor.jpg\" alt=\"Vertikaler Kaltverdichter aus EPS-Schaum\" width=\"750\" height=\"750\" srcset=\"https:\/\/recyclingequipinc.com\/wp-content\/uploads\/2021\/11\/vertical-EPS-foam-cold-compactor.jpg 750w, https:\/\/recyclingequipinc.com\/wp-content\/uploads\/2021\/11\/vertical-EPS-foam-cold-compactor-100x100.jpg 100w, https:\/\/recyclingequipinc.com\/wp-content\/uploads\/2021\/11\/vertical-EPS-foam-cold-compactor-300x300.jpg 300w, https:\/\/recyclingequipinc.com\/wp-content\/uploads\/2021\/11\/vertical-EPS-foam-cold-compactor-150x150.jpg 150w, https:\/\/recyclingequipinc.com\/wp-content\/uploads\/2021\/11\/vertical-EPS-foam-cold-compactor-600x600.jpg 600w\" sizes=\"(max-width: 750px) 100vw, 750px\" \/><figcaption id=\"caption-attachment-5303\" class=\"wp-caption-text\">Vertikale EPS-Schaum-Kaltverdichtungsmaschine<\/figcaption><\/figure> <p class=\"translation-block\"><strong>Technische Daten (Vertikaltyp Compactor)<\/strong><\/p> <table> <tbody> <tr> <td width=\"189\">Modus<\/td> <td width=\"189\">SL-300<\/td> <td width=\"189\">SL-400<\/td> <\/tr> <tr> <td width=\"189\">Maschinengr\u00f6\u00dfe<\/td> <td width=\"189\">3000*1400*1400mm<\/td> <td width=\"189\">4600*1600*1600mm<\/td> <\/tr> <tr> <td width=\"189\">Einlassgr\u00f6\u00dfe<\/td> <td width=\"189\">1100*800mm<\/td> <td width=\"189\">1200*1000mm<\/td> <\/tr> <tr> <td width=\"189\">Motorleistung<\/td> <td width=\"189\">11 kW<\/td> <td width=\"189\">22 kW<\/td> <\/tr> <tr> <td width=\"189\">Ausgabe<\/td> <td width=\"189\">150kg\/h<\/td> <td width=\"189\">250kg\/h<\/td> <\/tr> <\/tbody> <\/table> <h3>\u00a02. Horizontaler Typ<\/h3> <p>Die H\u00f6he der Zufuhr\u00f6ffnung eines horizontalen Styroporverdichters ist b\u00fcndig mit dem Boden, was f\u00fcr die Zufuhr bequemer ist.<\/p> <figure id=\"attachment_5307\" aria-describedby=\"caption-attachment-5307\" style=\"width: 720px\" class=\"wp-caption alignnone\"><img decoding=\"async\" class=\"size-full wp-image-5307\" src=\"https:\/\/recyclingequipinc.com\/wp-content\/uploads\/2021\/11\/horizontal-EPS-foam-cold-compactor-1.jpg\" alt=\"horizontaler Kaltverdichter aus EPS-Schaum 1\" width=\"720\" height=\"750\" srcset=\"https:\/\/recyclingequipinc.com\/wp-content\/uploads\/2021\/11\/horizontal-EPS-foam-cold-compactor-1.jpg 720w, https:\/\/recyclingequipinc.com\/wp-content\/uploads\/2021\/11\/horizontal-EPS-foam-cold-compactor-1-288x300.jpg 288w, https:\/\/recyclingequipinc.com\/wp-content\/uploads\/2021\/11\/horizontal-EPS-foam-cold-compactor-1-600x625.jpg 600w\" sizes=\"(max-width: 720px) 100vw, 720px\" \/><figcaption id=\"caption-attachment-5307\" class=\"wp-caption-text\">horizontale EPS-Schaum-Kaltverdichtungsmaschine<\/figcaption><\/figure> <p class=\"translation-block\"><strong>Technische Daten (Horizontaltyp)<\/strong><\/p> <table> <tbody> <tr> <td width=\"189\">Modus vom horizontalen Typ<\/td> <td width=\"189\">SL-300<\/td> <td width=\"189\">SL-400<\/td> <\/tr> <tr> <td width=\"189\">Maschinengr\u00f6\u00dfe<\/td> <td width=\"189\">3000*1700*900mm<\/td> <td width=\"189\">4600*2800*1200mm<\/td> <\/tr> <tr> <td width=\"189\">Einlassgr\u00f6\u00dfe<\/td> <td width=\"189\">830*760mm<\/td> <td width=\"189\">870*860mm<\/td> <\/tr> <tr> <td width=\"189\">Motorleistung<\/td> <td width=\"189\">15 kW<\/td> <td width=\"189\">22 kW<\/td> <\/tr> <tr> <td width=\"189\">Ausgabe<\/td> <td width=\"189\">150kg\/h<\/td> <td width=\"189\">300kg\/h<\/td> <\/tr> <\/tbody> <\/table>","protected":false},"excerpt":{"rendered":"<p>Der EPS-Schaumverdichter ist auch als EPS-Brikettiermaschine bekannt und wird zum Komprimieren von Schaumkunststoffen wie EPS- oder EPE-Schaumkunststoffen verwendet. Das Funktionsprinzip besteht darin, den EPS-Schaum mithilfe eines Schraubenkompressionsmechanismus zu dichten Bl\u00f6cken zu komprimieren.<\/p>","protected":false},"featured_media":16799,"template":"","meta":{"site-sidebar-layout":"default","site-content-layout":"default","ast-site-content-layout":"default","site-content-style":"default","site-sidebar-style":"default","ast-global-header-display":"","ast-banner-title-visibility":"","ast-main-header-display":"","ast-hfb-above-header-display":"","ast-hfb-below-header-display":"","ast-hfb-mobile-header-display":"","site-post-title":"","ast-breadcrumbs-content":"","ast-featured-img":"","footer-sml-layout":"","ast-disable-related-posts":"","theme-transparent-header-meta":"default","adv-header-id-meta":"","stick-header-meta":"default","header-above-stick-meta":"","header-main-stick-meta":"","header-below-stick-meta":"","astra-migrate-meta-layouts":"set","ast-page-background-enabled":"default","ast-page-background-meta":{"desktop":{"background-color":"","background-image":"","background-repeat":"repeat","background-position":"center center","background-size":"auto","background-attachment":"scroll","background-type":"","background-media":"","overlay-type":"","overlay-color":"","overlay-opacity":"","overlay-gradient":""},"tablet":{"background-color":"","background-image":"","background-repeat":"repeat","background-position":"center center","background-size":"auto","background-attachment":"scroll","background-type":"","background-media":"","overlay-type":"","overlay-color":"","overlay-opacity":"","overlay-gradient":""},"mobile":{"background-color":"","background-image":"","background-repeat":"repeat","background-position":"center center","background-size":"auto","background-attachment":"scroll","background-type":"","background-media":"","overlay-type":"","overlay-color":"","overlay-opacity":"","overlay-gradient":""}},"ast-content-background-meta":{"desktop":{"background-color":"var(--ast-global-color-5)","background-image":"","background-repeat":"repeat","background-position":"center center","background-size":"auto","background-attachment":"scroll","background-type":"","background-media":"","overlay-type":"","overlay-color":"","overlay-opacity":"","overlay-gradient":""},"tablet":{"background-color":"var(--ast-global-color-5)","background-image":"","background-repeat":"repeat","background-position":"center center","background-size":"auto","background-attachment":"scroll","background-type":"","background-media":"","overlay-type":"","overlay-color":"","overlay-opacity":"","overlay-gradient":""},"mobile":{"background-color":"var(--ast-global-color-5)","background-image":"","background-repeat":"repeat","background-position":"center center","background-size":"auto","background-attachment":"scroll","background-type":"","background-media":"","overlay-type":"","overlay-color":"","overlay-opacity":"","overlay-gradient":""}}},"product_brand":[],"product_cat":[36],"product_tag":[80,62],"class_list":{"0":"post-5300","1":"product","2":"type-product","3":"status-publish","4":"has-post-thumbnail","6":"product_cat-plastic-recycling-machine","7":"product_tag-foam","8":"product_tag-foam-compactor","9":"desktop-align-center","10":"tablet-align-center","11":"mobile-align-center","13":"first","14":"instock","15":"shipping-taxable","16":"product-type-simple"},"_links":{"self":[{"href":"https:\/\/recyclingequipinc.com\/de\/wp-json\/wp\/v2\/product\/5300","targetHints":{"allow":["GET"]}}],"collection":[{"href":"https:\/\/recyclingequipinc.com\/de\/wp-json\/wp\/v2\/product"}],"about":[{"href":"https:\/\/recyclingequipinc.com\/de\/wp-json\/wp\/v2\/types\/product"}],"version-history":[{"count":0,"href":"https:\/\/recyclingequipinc.com\/de\/wp-json\/wp\/v2\/product\/5300\/revisions"}],"wp:featuredmedia":[{"embeddable":true,"href":"https:\/\/recyclingequipinc.com\/de\/wp-json\/wp\/v2\/media\/16799"}],"wp:attachment":[{"href":"https:\/\/recyclingequipinc.com\/de\/wp-json\/wp\/v2\/media?parent=5300"}],"wp:term":[{"taxonomy":"product_brand","embeddable":true,"href":"https:\/\/recyclingequipinc.com\/de\/wp-json\/wp\/v2\/product_brand?post=5300"},{"taxonomy":"product_cat","embeddable":true,"href":"https:\/\/recyclingequipinc.com\/de\/wp-json\/wp\/v2\/product_cat?post=5300"},{"taxonomy":"product_tag","embeddable":true,"href":"https:\/\/recyclingequipinc.com\/de\/wp-json\/wp\/v2\/product_tag?post=5300"}],"curies":[{"name":"wp","href":"https:\/\/api.w.org\/{rel}","templated":true}]}}