{"id":5287,"date":"2021-11-24T09:59:18","date_gmt":"2021-11-24T09:59:18","guid":{"rendered":"https:\/\/recyclingequipinc.com\/?post_type=product&#038;p=5287"},"modified":"2025-01-20T10:19:05","modified_gmt":"2025-01-20T02:19:05","slug":"eps-epe-foam-hot-melting-machine","status":"publish","type":"product","link":"https:\/\/recyclingequipinc.com\/de\/product\/eps-epe-foam-hot-melting-machine\/","title":{"rendered":"EPS-Hei\u00dfschmelzmaschine | Styropor-Verdichter"},"content":{"rendered":"<p class=\"translation-block\">Die EPS-Hei\u00dfschmelzmaschine wird auch als Polystyrol-\/Styropor-Densifizierungsmaschine bezeichnet, eine Art von Maschinen zur Kunststoffrecycling. Die Densifizierungsmaschine wird zur Verarbeitung und zum Recycling von EPS- und EPE-Abfallmaterialien verwendet, wie z. B. Styropor-Einwegverpackungen, Polystyrol-Verpackungschips, Kuchenboxen, Schaumverpackungsboxen, Isoliermaterialien und anderen Schaumstoffen. Der Schaumzerkleinerungsteil kann den Abfall-EPS oder EPE-Schaum in kleine St\u00fccke zerkleinern. Der Schmelzteil kann den Abfall-Schaum nach dem Zerkleinern aufl\u00f6sen und den Schaum mit einer Schraube plastifizieren, um eine Klumpenform zu bilden. Die endg\u00fcltigen Schaumpellets sind praktisch f\u00fcr Lagerung, Transport, <a href=\"https:\/\/recyclingequipinc.com\/de\/produkt\/eps-foam-pelletizing-machine\/\">Pelletierung<\/a> und Verkauf.<\/p> <div class=\"ast-oembed-container\" style=\"height: 100%;\"><iframe title=\"Styropor-Verdichtermaschine f\u00fcr globale EPS-EPE-Schaumrecyclingfabriken\" width=\"500\" height=\"281\" src=\"https:\/\/www.youtube.com\/embed\/Ejx6RKAGfhA?feature=oembed\" frameborder=\"0\" allow=\"accelerometer; autoplay; clipboard-write; encrypted-media; gyroscope; picture-in-picture; web-share\" referrerpolicy=\"strict-origin-when-cross-origin\" allowfullscreen><\/iframe><\/div> <figure id=\"attachment_5403\" aria-describedby=\"caption-attachment-5403\" style=\"width: 750px\" class=\"wp-caption alignnone\"><img fetchpriority=\"high\" decoding=\"async\" class=\"size-full wp-image-5403\" src=\"https:\/\/recyclingequipinc.com\/wp-content\/uploads\/2021\/11\/raw-materials-1.jpg\" alt=\"Abf\u00e4lle aus EPS- und EPE-Schaumstoffen\" width=\"750\" height=\"795\" srcset=\"https:\/\/recyclingequipinc.com\/wp-content\/uploads\/2021\/11\/raw-materials-1.jpg 750w, https:\/\/recyclingequipinc.com\/wp-content\/uploads\/2021\/11\/raw-materials-1-283x300.jpg 283w, https:\/\/recyclingequipinc.com\/wp-content\/uploads\/2021\/11\/raw-materials-1-600x636.jpg 600w\" sizes=\"(max-width: 750px) 100vw, 750px\" \/><figcaption id=\"caption-attachment-5403\" class=\"wp-caption-text\">Abf\u00e4lle aus EPS- und EPE-Schaumstoffen<\/figcaption><\/figure> <figure id=\"attachment_5407\" aria-describedby=\"caption-attachment-5407\" style=\"width: 720px\" class=\"wp-caption alignnone\"><img decoding=\"async\" class=\"size-full wp-image-5407\" src=\"https:\/\/recyclingequipinc.com\/wp-content\/uploads\/2021\/11\/final-foam-lumps.jpg\" alt=\"letzte Schaumklumpen\" width=\"720\" height=\"540\" srcset=\"https:\/\/recyclingequipinc.com\/wp-content\/uploads\/2021\/11\/final-foam-lumps.jpg 720w, https:\/\/recyclingequipinc.com\/wp-content\/uploads\/2021\/11\/final-foam-lumps-300x225.jpg 300w, https:\/\/recyclingequipinc.com\/wp-content\/uploads\/2021\/11\/final-foam-lumps-600x450.jpg 600w\" sizes=\"(max-width: 720px) 100vw, 720px\" \/><figcaption id=\"caption-attachment-5407\" class=\"wp-caption-text\">letzte Schaumklumpen<\/figcaption><\/figure> <h2>Vorteile der EPS-Hei\u00dfschmelzmaschine<\/h2> <figure id=\"attachment_5291\" aria-describedby=\"caption-attachment-5291\" style=\"width: 750px\" class=\"wp-caption alignnone\"><img decoding=\"async\" class=\"size-full wp-image-5291\" src=\"https:\/\/recyclingequipinc.com\/wp-content\/uploads\/2021\/11\/EPS-Foam-Melting-Machine.jpg\" alt=\"EPS-Schaumschmelzmaschine\" width=\"750\" height=\"750\" srcset=\"https:\/\/recyclingequipinc.com\/wp-content\/uploads\/2021\/11\/EPS-Foam-Melting-Machine.jpg 750w, https:\/\/recyclingequipinc.com\/wp-content\/uploads\/2021\/11\/EPS-Foam-Melting-Machine-100x100.jpg 100w, https:\/\/recyclingequipinc.com\/wp-content\/uploads\/2021\/11\/EPS-Foam-Melting-Machine-300x300.jpg 300w, https:\/\/recyclingequipinc.com\/wp-content\/uploads\/2021\/11\/EPS-Foam-Melting-Machine-150x150.jpg 150w, https:\/\/recyclingequipinc.com\/wp-content\/uploads\/2021\/11\/EPS-Foam-Melting-Machine-600x600.jpg 600w\" sizes=\"(max-width: 750px) 100vw, 750px\" \/><figcaption id=\"caption-attachment-5291\" class=\"wp-caption-text\">EPS-Schaumschmelzmaschine<\/figcaption><\/figure> <ol> <li>Die integrierte Hei\u00dfschmelz-Recyclingmaschine f\u00fcr EPS-Schaum ist eine Kombination aus Zerkleinern und Schaumschmelzen. Der EPS-Verdichter nimmt eine kleine Fl\u00e4che ein, spart Arbeit und ist einfach zu bedienen.<\/li> <li>Die Verarbeitungskapazit\u00e4t der EPS-Schaumschmelzmaschine ist hoch und es k\u00f6nnen mehrere Ausg\u00e4nge ausgew\u00e4hlt werden. Abh\u00e4ngig von der unterschiedlichen Schaumdichte betr\u00e4gt die Leistung im Allgemeinen etwa 150\u2013250 kg\/h pro Stunde.<\/li> <li>Die Leistung dieses Ger\u00e4ts betr\u00e4gt etwa 18,5 bis 22,5 kW, und die Gesamtstromkosten sind niedrig.<\/li> <li>Die endg\u00fcltigen geschmolzenen Produkte nehmen wenig Platz ein und lassen sich daher leicht lagern, transportieren und recyceln.<\/li> <li><span style=\"font-size: 16px;\">Die automatische Temperaturregelung kann ungew\u00f6hnliche Situationen vermeiden und den erwarteten Schmelzeffekt erzielen.<\/span><\/li> <li><span style=\"font-size: 16px;\"><span style=\"font-size: 16px;\">Geringer L\u00e4rm, wenig Staub und keine Umweltverschmutzung.<\/span><\/span><\/li> <li><img loading=\"lazy\" decoding=\"async\" class=\"size-full wp-image-5400\" src=\"https:\/\/recyclingequipinc.com\/wp-content\/uploads\/2021\/11\/EPS-hot-melter-machine-features.jpg\" alt=\"Merkmale der EPS-Hei\u00dfschmelzmaschine\" width=\"750\" height=\"858\" srcset=\"https:\/\/recyclingequipinc.com\/wp-content\/uploads\/2021\/11\/EPS-hot-melter-machine-features.jpg 750w, https:\/\/recyclingequipinc.com\/wp-content\/uploads\/2021\/11\/EPS-hot-melter-machine-features-262x300.jpg 262w, https:\/\/recyclingequipinc.com\/wp-content\/uploads\/2021\/11\/EPS-hot-melter-machine-features-600x686.jpg 600w\" sizes=\"(max-width: 750px) 100vw, 750px\" \/><\/li> <\/ol> <div class=\"mceTemp\"><\/div> <h2>Struktur und Funktionsprinzip des EPS-Hei\u00dfschmelzers<\/h2> <p>Der Hauptbestandteil der EPS-Hei\u00dfschmelzmaschine ist ein Extruder. Es besteht aus einem Extrusionssystem, einem \u00dcbertragungssystem und einem Heizsystem. Das Extrusionssystem umfasst Schnecke, Zylinder, Trichter und D\u00fcse.<\/p> <p>Der EPS\/EPE-Schaum wird durch ein Extrusionssystem zu einer gleichm\u00e4\u00dfigen Schmelze plastifiziert und dabei kontinuierlich von einer Schnecke extrudiert.<\/p> <ul> <li>Einf\u00fchrung der Schnecke: Als Hauptbestandteil des Extruders steht sie in direktem Zusammenhang mit dem Anwendungsbereich und der Produktivit\u00e4t des Extruders. Es besteht aus hochfestem, korrosionsbest\u00e4ndigem legiertem Stahl.<\/li> <li><span style=\"font-size: 16px;\">Fass: Hierbei handelt es sich um einen Metallzylinder, der im Allgemeinen aus hitzebest\u00e4ndigen, hochdruckfesten, verschlei\u00dffesten und korrosionsbest\u00e4ndigen Stahlrohren besteht. Der Zylinder arbeitet mit der Schnecke zusammen, um das Zerkleinern, Erweichen, Schmelzen, Plastifizieren, Aussto\u00dfen und Verdichten von Kunststoffen zu erm\u00f6glichen und den Gummi kontinuierlich und gleichm\u00e4\u00dfig zum Formsystem zu transportieren. Der plastifizierte Schaum kann vollst\u00e4ndig erhitzt und plastifiziert werden.<\/span><\/li> <li>Trichter: Der Boden des Trichters ist mit einer Schneidvorrichtung ausgestattet, um den Materialfluss einzustellen und zu unterbrechen. An der Seite des Trichters befindet sich ein Sichtloch und eine kalibrierte Dosiervorrichtung.<\/li> <li><img loading=\"lazy\" decoding=\"async\" class=\"size-full wp-image-5399\" src=\"https:\/\/recyclingequipinc.com\/wp-content\/uploads\/2021\/11\/EPS-hot-melting-machine-structure.jpg\" alt=\"Struktur der EPS-Hei\u00dfschmelzmaschine\" width=\"750\" height=\"624\" srcset=\"https:\/\/recyclingequipinc.com\/wp-content\/uploads\/2021\/11\/EPS-hot-melting-machine-structure.jpg 750w, https:\/\/recyclingequipinc.com\/wp-content\/uploads\/2021\/11\/EPS-hot-melting-machine-structure-300x250.jpg 300w, https:\/\/recyclingequipinc.com\/wp-content\/uploads\/2021\/11\/EPS-hot-melting-machine-structure-600x499.jpg 600w\" sizes=\"(max-width: 750px) 100vw, 750px\" \/><\/li> <\/ul> <h2>Styropor-Verdichterparameter (SL-800\/SL-1000)<\/h2> <table> <tbody> <tr> <td width=\"189\">EPS-Hei\u00dfschmelzverdichtermodus<\/td> <td width=\"189\">SL-800<\/td> <td width=\"189\">SL-1000<\/td> <\/tr> <tr> <td width=\"189\">Maschinengr\u00f6\u00dfe<\/td> <td width=\"189\">1580*1300*850mm<\/td> <td width=\"189\">1900*1580*900mm<\/td> <\/tr> <tr> <td width=\"189\">Einlassgr\u00f6\u00dfe<\/td> <td width=\"189\">800*600mm<\/td> <td width=\"189\">1000*700mm<\/td> <\/tr> <tr> <td width=\"189\">Motorleistung<\/td> <td width=\"189\">18,5 kW<\/td> <td width=\"189\">22 kW<\/td> <\/tr> <tr> <td width=\"189\">Ausgabe<\/td> <td width=\"189\">150-200kg\/h<\/td> <td width=\"189\">200-250kg\/h<\/td> <\/tr> <\/tbody> <\/table>","protected":false},"excerpt":{"rendered":"<p>Die EPS-Hei\u00dfschmelzmaschine wird auch als Schaumzerkleinerungs- und Klumpenmaschine bezeichnet. Die Schaumkunststoff-Schmelzmaschine wird f\u00fcr die Verarbeitung und das Recycling von EPS- und EPE-Abf\u00e4llen wie Schaum-Fast-Food-Boxen, Kuchenschachteln, Schaumverpackungsboxen, Isoliermaterialien und anderen Schaummaterialien verwendet.<\/p>","protected":false},"featured_media":16826,"template":"","meta":{"site-sidebar-layout":"default","site-content-layout":"default","ast-site-content-layout":"default","site-content-style":"default","site-sidebar-style":"default","ast-global-header-display":"","ast-banner-title-visibility":"","ast-main-header-display":"","ast-hfb-above-header-display":"","ast-hfb-below-header-display":"","ast-hfb-mobile-header-display":"","site-post-title":"","ast-breadcrumbs-content":"","ast-featured-img":"","footer-sml-layout":"","ast-disable-related-posts":"","theme-transparent-header-meta":"default","adv-header-id-meta":"","stick-header-meta":"default","header-above-stick-meta":"","header-main-stick-meta":"","header-below-stick-meta":"","astra-migrate-meta-layouts":"set","ast-page-background-enabled":"default","ast-page-background-meta":{"desktop":{"background-color":"","background-image":"","background-repeat":"repeat","background-position":"center center","background-size":"auto","background-attachment":"scroll","background-type":"","background-media":"","overlay-type":"","overlay-color":"","overlay-opacity":"","overlay-gradient":""},"tablet":{"background-color":"","background-image":"","background-repeat":"repeat","background-position":"center center","background-size":"auto","background-attachment":"scroll","background-type":"","background-media":"","overlay-type":"","overlay-color":"","overlay-opacity":"","overlay-gradient":""},"mobile":{"background-color":"","background-image":"","background-repeat":"repeat","background-position":"center center","background-size":"auto","background-attachment":"scroll","background-type":"","background-media":"","overlay-type":"","overlay-color":"","overlay-opacity":"","overlay-gradient":""}},"ast-content-background-meta":{"desktop":{"background-color":"var(--ast-global-color-5)","background-image":"","background-repeat":"repeat","background-position":"center center","background-size":"auto","background-attachment":"scroll","background-type":"","background-media":"","overlay-type":"","overlay-color":"","overlay-opacity":"","overlay-gradient":""},"tablet":{"background-color":"var(--ast-global-color-5)","background-image":"","background-repeat":"repeat","background-position":"center center","background-size":"auto","background-attachment":"scroll","background-type":"","background-media":"","overlay-type":"","overlay-color":"","overlay-opacity":"","overlay-gradient":""},"mobile":{"background-color":"var(--ast-global-color-5)","background-image":"","background-repeat":"repeat","background-position":"center center","background-size":"auto","background-attachment":"scroll","background-type":"","background-media":"","overlay-type":"","overlay-color":"","overlay-opacity":"","overlay-gradient":""}}},"product_brand":[],"product_cat":[36],"product_tag":[80,89],"class_list":{"0":"post-5287","1":"product","2":"type-product","3":"status-publish","4":"has-post-thumbnail","6":"product_cat-plastic-recycling-machine","7":"product_tag-foam","8":"product_tag-foam-melter","9":"desktop-align-center","10":"tablet-align-center","11":"mobile-align-center","13":"first","14":"instock","15":"shipping-taxable","16":"product-type-simple"},"_links":{"self":[{"href":"https:\/\/recyclingequipinc.com\/de\/wp-json\/wp\/v2\/product\/5287","targetHints":{"allow":["GET"]}}],"collection":[{"href":"https:\/\/recyclingequipinc.com\/de\/wp-json\/wp\/v2\/product"}],"about":[{"href":"https:\/\/recyclingequipinc.com\/de\/wp-json\/wp\/v2\/types\/product"}],"version-history":[{"count":0,"href":"https:\/\/recyclingequipinc.com\/de\/wp-json\/wp\/v2\/product\/5287\/revisions"}],"wp:featuredmedia":[{"embeddable":true,"href":"https:\/\/recyclingequipinc.com\/de\/wp-json\/wp\/v2\/media\/16826"}],"wp:attachment":[{"href":"https:\/\/recyclingequipinc.com\/de\/wp-json\/wp\/v2\/media?parent=5287"}],"wp:term":[{"taxonomy":"product_brand","embeddable":true,"href":"https:\/\/recyclingequipinc.com\/de\/wp-json\/wp\/v2\/product_brand?post=5287"},{"taxonomy":"product_cat","embeddable":true,"href":"https:\/\/recyclingequipinc.com\/de\/wp-json\/wp\/v2\/product_cat?post=5287"},{"taxonomy":"product_tag","embeddable":true,"href":"https:\/\/recyclingequipinc.com\/de\/wp-json\/wp\/v2\/product_tag?post=5287"}],"curies":[{"name":"wp","href":"https:\/\/api.w.org\/{rel}","templated":true}]}}