{"id":5268,"date":"2021-12-07T07:51:24","date_gmt":"2021-12-07T07:51:24","guid":{"rendered":"https:\/\/recyclingequipinc.com\/?post_type=product&#038;p=5268"},"modified":"2025-06-04T11:46:58","modified_gmt":"2025-06-04T03:46:58","slug":"pet-bottle-washing-line-2","status":"publish","type":"product","link":"https:\/\/recyclingequipinc.com\/de\/product\/pet-bottle-washing-line-2\/","title":{"rendered":"PET-Flaschen-Recyclinglinie | Zerkleinerungs- und Waschanlage f\u00fcr PET-Flaschen"},"content":{"rendered":"<p class=\"translation-block\"><strong><b>Die PET-Flaschen-Recyclinganlage<\/b><\/strong>, auch bekannt als <a href=\"https:\/\/recyclingequipinc.com\/de\/produkt\/pet-bottle-recycling-machine\/\">PET-Flaschen-Recyclingmaschine<\/a>, umfasst den Prozess der Etikettenentfernung von Plastikflaschen, der Sortierung von Plastikflaschen, des Zerkleinerns, Waschens, der Hochtemperaturreinigung, der Reibungsreinigung, der Entw\u00e4sserung und der Lagerung. Die Rohstoffe f\u00fcr die PET-Flaschen-Recyclinganlage sind Wasserflaschen und Getr\u00e4nkeflaschen aus dem t\u00e4glichen Leben. Tats\u00e4chlich k\u00f6nnen wir diese endg\u00fcltigen Kunststoffflocken zur Herstellung von Kunststoffprodukten, Verpackungsb\u00e4ndern, dem Bestandteil von Planen usw. verwenden. Unser Unternehmen entwirft und produziert Etikettenentferner f\u00fcr Abfall-Plastikflaschen, Zerkleinerer f\u00fcr Abfall-Plastikflaschen und andere wirtschaftliche und umweltschonende Ger\u00e4te. Die in diesem Projekt eingesetzten Maschinen k\u00f6nnen nach Kundenwunsch angepasst werden.<\/p> <p>Wenn Sie also wissen m\u00f6chten, um welche Art von Maschinen es sich bei unserem Unternehmen handelt, k\u00f6nnen Sie Ihre Telefonnummer und Ihren Bedarf auf der Website oder am Ende des Artikels hinterlassen. Der folgende Inhalt enth\u00e4lt auch Informationen zur Auswahl der Maschine und zum Zweck der Ausr\u00fcstung.<\/p> <h2>Hersteller von PET-Kunststoffflaschen in China<\/h2> <p>Zhengzhou Shuliy Machinery Equipment Co., Ltd. wurde 2011 gegr\u00fcndet und ist ein bekanntes inl\u00e4ndisches Maschinen- und Ausr\u00fcstungsunternehmen. Unser Werk konzentriert sich auf die Herstellung von Wirtschafts- und Umweltschutz-, Landwirtschafts- und Lebensmittelger\u00e4ten. Es wurden wissenschaftliche \u00dcberlegungen zur Auswahl der Ger\u00e4teteile, zum Erscheinungsbild und zu den Produktionskosten des Benutzers durchgef\u00fchrt. Dar\u00fcber hinaus werden wir eine Reihe von L\u00f6sungen f\u00fcr globale Kunden anbieten. Derzeit haben 111 L\u00e4nder erfolgreich zusammengearbeitet. Unser Ziel ist es, Kunden dabei zu helfen, ihre Produktions- und Lebensweise zu ver\u00e4ndern, indem wir Produkte und Dienstleistungen bereitstellen, ihre Produktionseffizienz verbessern und daf\u00fcr sorgen, dass die chinesische Fertigung in der Welt Fu\u00df fasst.<\/p> <h2>Maschinen in der PET-Flaschen-Recyclinglinie<\/h2> <figure id=\"attachment_5370\" aria-describedby=\"caption-attachment-5370\" style=\"width: 750px\" class=\"wp-caption aligncenter\"><img fetchpriority=\"high\" decoding=\"async\" class=\"size-full wp-image-5370\" src=\"https:\/\/recyclingequipinc.com\/wp-content\/uploads\/2021\/12\/PET-bottle-washing-and-crushing-line.jpg\" alt=\"Wasch- und Zerkleinerungslinie f\u00fcr PET-Flaschen\" width=\"750\" height=\"750\" srcset=\"https:\/\/recyclingequipinc.com\/wp-content\/uploads\/2021\/12\/PET-bottle-washing-and-crushing-line.jpg 750w, https:\/\/recyclingequipinc.com\/wp-content\/uploads\/2021\/12\/PET-bottle-washing-and-crushing-line-100x100.jpg 100w, https:\/\/recyclingequipinc.com\/wp-content\/uploads\/2021\/12\/PET-bottle-washing-and-crushing-line-300x300.jpg 300w, https:\/\/recyclingequipinc.com\/wp-content\/uploads\/2021\/12\/PET-bottle-washing-and-crushing-line-150x150.jpg 150w, https:\/\/recyclingequipinc.com\/wp-content\/uploads\/2021\/12\/PET-bottle-washing-and-crushing-line-600x600.jpg 600w\" sizes=\"(max-width: 750px) 100vw, 750px\" \/><figcaption id=\"caption-attachment-5370\" class=\"wp-caption-text\">Wasch- und Zerkleinerungslinie f\u00fcr PET-Flaschen<\/figcaption><\/figure> <h3>F\u00f6rderband<\/h3> <p>Dies ist eine der unverzichtbaren Maschinen in der Recyclinglinie f\u00fcr Plastikflaschen. Sein Gesamtrahmen besteht aus Stahl, Riemenscheiben und Riemen. Im Betrieb kann es Rohstoffe oder Fragmente zum n\u00e4chsten Glied transportieren. Dies ist der erste Schritt zur Gewinnung reiner Rohstoffe in der Produktionslinie, was die Arbeitseffizienz und Austragsrate erheblich verbessert.<\/p> <h3>Etikettenentfernungsmaschine<\/h3> <p>Diese Maschine dient zum Entfernen der Etiketten von Plastikflaschen. Es gibt viele Zahnr\u00e4der in der Maschine. Beim Einf\u00fchren der Flasche dreht sich das Zahnrad hin und her, um das Etikett abzustreifen. Der Auslass verf\u00fcgt \u00fcber einen Ventilator, der das Etikett aus einem Auslass ausbl\u00e4st und die Etiketten aus dem anderen Auslass entfernt, anstatt das Etikett manuell zu entfernen. Erf\u00fcllen Sie die Anforderungen der Massenproduktion. Dieses Design vermeidet die gef\u00e4hrliche Arbeit der manuellen Reinigung weggeworfener Etiketten und des Aufsammelns von Material, und der gesamte Prozess l\u00e4uft hochautomatisch ab.<\/p> <p><img decoding=\"async\" width=\"750\" height=\"750\" class=\"size-full wp-image-5475 aligncenter\" src=\"https:\/\/recyclingequipinc.com\/wp-content\/uploads\/2021\/09\/Plastic-Label-Remove-Machine.jpg\" alt=\"\u201e&lt;yoastmark\" srcset=\"https:\/\/recyclingequipinc.com\/wp-content\/uploads\/2021\/09\/Plastic-Label-Remove-Machine.jpg 750w, https:\/\/recyclingequipinc.com\/wp-content\/uploads\/2021\/09\/Plastic-Label-Remove-Machine-100x100.jpg 100w, https:\/\/recyclingequipinc.com\/wp-content\/uploads\/2021\/09\/Plastic-Label-Remove-Machine-300x300.jpg 300w, https:\/\/recyclingequipinc.com\/wp-content\/uploads\/2021\/09\/Plastic-Label-Remove-Machine-150x150.jpg 150w, https:\/\/recyclingequipinc.com\/wp-content\/uploads\/2021\/09\/Plastic-Label-Remove-Machine-600x600.jpg 600w\" sizes=\"(max-width: 750px) 100vw, 750px\" \/><\/p> <h3>Kunststoffbrecher<\/h3> <p>Unser Kunststoffzerkleinerer ist der wichtigste Schritt in der Recyclinglinie f\u00fcr Kunststoffflaschen. Und es ist eine notwendige Wahl f\u00fcr die Recyclingindustrie f\u00fcr PET-Kunststoffflaschen. Bei diesem Schritt wird die Plastikflasche in St\u00fccke zerbrochen. In diesem Ger\u00e4t befinden sich 10 mechanische Messer aus 9CrSi, die bequem und schnell zu arbeiten sind. Im Vergleich zur manuellen Arbeit ist die Bruchfestigkeit h\u00f6her, die erhaltenen Produkte sind raffinierter, die verarbeiteten Materialien sind vielf\u00e4ltiger und die Menge ist gr\u00f6\u00dfer.<\/p> <figure id=\"attachment_5477\" aria-describedby=\"caption-attachment-5477\" style=\"width: 750px\" class=\"wp-caption aligncenter\"><img decoding=\"async\" class=\"size-full wp-image-5477\" src=\"https:\/\/recyclingequipinc.com\/wp-content\/uploads\/2021\/09\/Plastic-Crusher-Machine.jpg\" alt=\"Kunststoff-Zerkleinerungsmaschine\" width=\"750\" height=\"750\" srcset=\"https:\/\/recyclingequipinc.com\/wp-content\/uploads\/2021\/09\/Plastic-Crusher-Machine.jpg 750w, https:\/\/recyclingequipinc.com\/wp-content\/uploads\/2021\/09\/Plastic-Crusher-Machine-100x100.jpg 100w, https:\/\/recyclingequipinc.com\/wp-content\/uploads\/2021\/09\/Plastic-Crusher-Machine-300x300.jpg 300w, https:\/\/recyclingequipinc.com\/wp-content\/uploads\/2021\/09\/Plastic-Crusher-Machine-150x150.jpg 150w, https:\/\/recyclingequipinc.com\/wp-content\/uploads\/2021\/09\/Plastic-Crusher-Machine-600x600.jpg 600w\" sizes=\"(max-width: 750px) 100vw, 750px\" \/><figcaption id=\"caption-attachment-5477\" class=\"wp-caption-text\">Kunststoff-Zerkleinerungsmaschine<\/figcaption><\/figure> <h3>Waschtank<\/h3> <p>Der Waschtank f\u00fcr Plastikflaschen dient der Vorreinigung der zerbrochenen Bruchst\u00fccke. Im Inneren befindet sich eine Schneckenschiebevorrichtung, die einerseits das Material nach vorne schiebt und andererseits den Schmutz zur Reinigung umdreht. In diesem Schritt erfolgt auch die Trennung des PET-Flaschenverschlusses von den PET-Flaschenfragmenten entsprechend der unterschiedlichen Dichte.<\/p> <h3>Warmwasser-Waschtank<\/h3> <p>Bei dieser Maschine handelt es sich um eine offene Struktur mit kontrollierbaren hohen Innentemperaturen. Tats\u00e4chlich weisen Plastikflaschen zwangsl\u00e4ufig verschiedene Flecken wie \u00d6l, Schleim und Farbstoffe auf. Durch geeignete hohe Temperaturen und geeignetes Einr\u00fchren des Reinigungsmittels k\u00f6nnen Produktflecken wirksam entfernt werden. Die Temperatur erreicht 80-90 Grad Celsius. Dies ist ein wichtiger Schritt zur Gew\u00e4hrleistung der Produktsauberkeit.<\/p> <h3>Reibungsmaschine<\/h3> <p class=\"translation-block\"><strong><b>Die Reibungsmaschine <\/b><\/strong>besteht aus dem Hauptmotor, dem Motor, dem Fu\u00dfgestell, dem Wassereinlass, dem Einlass f\u00fcr das F\u00fcllmaterial, der Auslass\u00f6ffnung und so weiter. Der Boden des Geh\u00e4uses ist ein Feinmaschenfilter, oben befindet sich ein externer Wassereinlass. Die Materialien werden \u00fcber den Einlass f\u00fcr das F\u00fcllmaterial zugef\u00fchrt, die Hochgeschwindigkeits-Schnecke erm\u00f6glicht es dem Material, vollst\u00e4ndig mit dem laufenden Wasser gerieben zu werden. Dieser Schritt kann das Material vollst\u00e4ndig reinigen.<\/p> <h3>Waschtank<\/h3> <p class=\"translation-block\"><strong><b>Der Waschbeh\u00e4lter <\/b><\/strong>dient dazu, die PET-Fragmente erneut zu reinigen. Die darin befindliche Schneckenf\u00f6rdervorrichtung schiebt das Material nach vorne.<\/p> <h3>Plastiktrocknungsmaschine<\/h3> <p>Zur Entw\u00e4sserung und Trocknung der Bruchst\u00fccke kommt eine Kunststoffentw\u00e4sserungsmaschine zum Einsatz. Die nassen Fragmente werden von einem Schneckenf\u00f6rderer mit hoher Drehzahl zum Dehydrator transportiert, um \u00fcbersch\u00fcssiges Wasser und Verunreinigungen zu entfernen und zu trocknen, um so ein trockenes und sauberes Endprodukt zu erhalten, das leicht zu lagern ist.<\/p> <figure id=\"attachment_5478\" aria-describedby=\"caption-attachment-5478\" style=\"width: 750px\" class=\"wp-caption aligncenter\"><img loading=\"lazy\" decoding=\"async\" class=\"size-full wp-image-5478\" src=\"https:\/\/recyclingequipinc.com\/wp-content\/uploads\/2021\/09\/Plastic-Dewatering-Machine.jpg\" alt=\"Kunststoff-Entw\u00e4sserungsmaschine\" width=\"750\" height=\"750\" srcset=\"https:\/\/recyclingequipinc.com\/wp-content\/uploads\/2021\/09\/Plastic-Dewatering-Machine.jpg 750w, https:\/\/recyclingequipinc.com\/wp-content\/uploads\/2021\/09\/Plastic-Dewatering-Machine-100x100.jpg 100w, https:\/\/recyclingequipinc.com\/wp-content\/uploads\/2021\/09\/Plastic-Dewatering-Machine-300x300.jpg 300w, https:\/\/recyclingequipinc.com\/wp-content\/uploads\/2021\/09\/Plastic-Dewatering-Machine-150x150.jpg 150w, https:\/\/recyclingequipinc.com\/wp-content\/uploads\/2021\/09\/Plastic-Dewatering-Machine-600x600.jpg 600w\" sizes=\"(max-width: 750px) 100vw, 750px\" \/><figcaption id=\"caption-attachment-5478\" class=\"wp-caption-text\">Kunststoff-Entw\u00e4sserungsmaschine<\/figcaption><\/figure> <h3>Vorratsbeh\u00e4lter<\/h3> <p>In Lagerbeh\u00e4ltern k\u00f6nnen fertige Produkte gelagert werden. Der Prozess umfasst haupts\u00e4chlich Gebl\u00e4se, Rohre, Lagerf\u00e4sser usw. Der Wind der Gebl\u00e4se wird genutzt, um die getrockneten Produkte zur Lagerung in die Lagerf\u00e4sser zu transportieren. Dies ist bequem und schnell und reduziert die m\u00f6gliche Umweltverschmutzung im Bauprozess.<\/p> <h2>Merkmale der Reinigungslinie f\u00fcr PET-Flaschen<\/h2> <figure id=\"attachment_5371\" aria-describedby=\"caption-attachment-5371\" style=\"width: 1079px\" class=\"wp-caption alignnone\"><img loading=\"lazy\" decoding=\"async\" class=\"wp-image-5371 size-full\" src=\"https:\/\/recyclingequipinc.com\/wp-content\/uploads\/2021\/12\/PET-bottle-washing-line-chartflow.jpg\" alt=\"Flussdiagramm f\u00fcr das Recycling von PET-Flaschen\" width=\"1079\" height=\"282\" srcset=\"https:\/\/recyclingequipinc.com\/wp-content\/uploads\/2021\/12\/PET-bottle-washing-line-chartflow.jpg 1079w, https:\/\/recyclingequipinc.com\/wp-content\/uploads\/2021\/12\/PET-bottle-washing-line-chartflow-750x196.jpg 750w, https:\/\/recyclingequipinc.com\/wp-content\/uploads\/2021\/12\/PET-bottle-washing-line-chartflow-300x78.jpg 300w, https:\/\/recyclingequipinc.com\/wp-content\/uploads\/2021\/12\/PET-bottle-washing-line-chartflow-1024x268.jpg 1024w, https:\/\/recyclingequipinc.com\/wp-content\/uploads\/2021\/12\/PET-bottle-washing-line-chartflow-768x201.jpg 768w, https:\/\/recyclingequipinc.com\/wp-content\/uploads\/2021\/12\/PET-bottle-washing-line-chartflow-600x157.jpg 600w\" sizes=\"(max-width: 1079px) 100vw, 1079px\" \/><figcaption id=\"caption-attachment-5371\" class=\"wp-caption-text\">Flussdiagramm f\u00fcr das Recycling von PET-Flaschen<\/figcaption><\/figure> <p>Die gesamte PET-Flaschenwaschlinie bietet die Vorteile einer hohen Automatisierung, eines geringen Stromverbrauchs, einer hohen Leistung und einer hohen Verarbeitungsqualit\u00e4t. Die fertigen PET-Flocken sind also sehr sauber und in kleinen St\u00fccken, bereit f\u00fcr die Herstellung von Polyester-Stapelfasern oder Kunststoffgranulat. Die Chemiefaserfabrik oder der Hersteller von Kunststoffprodukten kann ohne weitere Reinigung direkt entnehmen und weiterverarbeiten. Gleichzeitig k\u00f6nnen Sie je nach Rohstoffart und unterschiedlichen Anforderungen an die Flaschenreinigungsqualit\u00e4t unterschiedliche Kombinationen w\u00e4hlen. So kann es den Bed\u00fcrfnissen verschiedener Benutzer gerecht werden.<\/p> <div id='gallery-1' class='gallery galleryid-5268 gallery-columns-3 gallery-size-thumbnail'><figure class='gallery-item'> \t\t\t<div class='gallery-icon landscape'> \t\t\t\t<a href='https:\/\/recyclingequipinc.com\/de\/?attachment_id=5373'><img loading=\"lazy\" decoding=\"async\" width=\"150\" height=\"150\" src=\"https:\/\/recyclingequipinc.com\/wp-content\/uploads\/2021\/12\/raw-PET-bottles-150x150.png\" class=\"attachment-thumbnail size-thumbnail\" alt=\"rohe PET-Flaschen\" aria-describedby=\"gallery-1-5373\" srcset=\"https:\/\/recyclingequipinc.com\/wp-content\/uploads\/2021\/12\/raw-PET-bottles-150x150.png 150w, https:\/\/recyclingequipinc.com\/wp-content\/uploads\/2021\/12\/raw-PET-bottles-100x100.png 100w, https:\/\/recyclingequipinc.com\/wp-content\/uploads\/2021\/12\/raw-PET-bottles-300x300.png 300w\" sizes=\"(max-width: 150px) 100vw, 150px\" \/><\/a> \t\t\t<\/div> \t\t\t\t<figcaption class='wp-caption-text gallery-caption' id='gallery-1-5373'> \t\t\t\trohe PET-Flaschen \t\t\t\t<\/figcaption><\/figure><figure class='gallery-item'> \t\t\t<div class='gallery-icon landscape'> \t\t\t\t<a href='https:\/\/recyclingequipinc.com\/de\/?attachment_id=5372'><img loading=\"lazy\" decoding=\"async\" width=\"150\" height=\"150\" src=\"https:\/\/recyclingequipinc.com\/wp-content\/uploads\/2021\/12\/PET-flakes-150x150.png\" class=\"attachment-thumbnail size-thumbnail\" alt=\"PET-Flocken\" aria-describedby=\"gallery-1-5372\" srcset=\"https:\/\/recyclingequipinc.com\/wp-content\/uploads\/2021\/12\/PET-flakes-150x150.png 150w, https:\/\/recyclingequipinc.com\/wp-content\/uploads\/2021\/12\/PET-flakes-100x100.png 100w, https:\/\/recyclingequipinc.com\/wp-content\/uploads\/2021\/12\/PET-flakes-300x300.png 300w\" sizes=\"(max-width: 150px) 100vw, 150px\" \/><\/a> \t\t\t<\/div> \t\t\t\t<figcaption class='wp-caption-text gallery-caption' id='gallery-1-5372'> \t\t\t\tPET-Flocken \t\t\t\t<\/figcaption><\/figure> \t\t<\/div>  <h3>Video einer PET-Flaschen-Recyclinganlage<\/h3> <div class=\"ast-oembed-container\" style=\"height: 100%;\"><iframe title=\"Explizites Video einer automatischen Recyclinglinie f\u00fcr PET-Flaschenabf\u00e4lle zur Herstellung von PET-Kunststoffflocken in der Fabrik\" width=\"500\" height=\"281\" src=\"https:\/\/www.youtube.com\/embed\/NxbTX2KwQfA?feature=oembed\" frameborder=\"0\" allow=\"accelerometer; autoplay; clipboard-write; encrypted-media; gyroscope; picture-in-picture; web-share\" referrerpolicy=\"strict-origin-when-cross-origin\" allowfullscreen><\/iframe><\/div> <h3>Wie w\u00e4hlt man die richtige Recyclinglinie f\u00fcr Plastikflaschen aus?<\/h3> <p>Wenn Sie sich f\u00fcr PET-Flaschen-Recyclingger\u00e4te entscheiden, m\u00fcssen Sie zun\u00e4chst kl\u00e4ren, welche Rohstoffe Sie verarbeiten m\u00f6chten und welche Produkte Sie erhalten, und dann im Internet nach Ger\u00e4ten mit einem bestimmten Zweck suchen. Die Ausr\u00fcstung beim Recycling von Plastikflaschen ist grunds\u00e4tzlich gleich. Aufgrund der unterschiedlichen Sauberkeit von Altplastikflaschen sind jedoch w\u00e4hrend des Produktionsprozesses mehrere Reinigungen erforderlich. Daher ist die Anschaffung verschiedener Reinigungsger\u00e4te erforderlich. Beim Kauf k\u00f6nnen Sie auf die Lebensdauer der Ger\u00e4te, den Stromverbrauch, die Reinigungsmethoden usw. achten. Wenn Sie bei unserem Unternehmen kaufen, werden wir die Initiative ergreifen, Ihre Bed\u00fcrfnisse zu erfragen, Ihnen sinnvolle Vorschl\u00e4ge zu unterbreiten und diese f\u00fcr Sie zu ber\u00fccksichtigen im Allround-Stil.<\/p> <h2>Preis der PET-Flaschen-Recyclingmaschine<\/h2> <p>Vermutlich m\u00f6chte jeder den Preis f\u00fcr Ger\u00e4te zum Recycling von Plastikflaschen wissen. Aufgrund der Beschr\u00e4nkung der Lieferzeit, der Transportmethode und anderer Bedingungen kann die Preisliste der PET-Flaschen-Recyclinglinie abweichen. Dar\u00fcber hinaus ist die Ausstattung anpassbar. Wenn Sie m\u00f6chten, dass die Maschine \u00fcber bessere Teile und ein benutzerfreundlicheres Design verf\u00fcgt, m\u00fcssen wir weiter dar\u00fcber diskutieren. Wir bieten Ihnen kosteng\u00fcnstigere Produkte zu einem g\u00fcnstigeren Preis.<\/p> <h2>Was ist Kunststoffrecycling?<\/h2> <p class=\"translation-block\"><strong><b>Kunststoffrecycling <\/b><\/strong>bezieht sich auf die Verwendung bestimmter Recyclingverfahren, um Kunststoffabf\u00e4lle zu recyceln und den Zweck zu erreichen, Abfall in Wertstoffe zu verwandeln. Derzeit sind Kunststoffabf\u00e4lle haupts\u00e4chlich Kunststofffolien, Kunststofffilamente und gewebte Produkte, Kunststoffverpackungsboxen und -beh\u00e4lter, t\u00e4gliche Kunststoffprodukte, Plastikt\u00fcten und landwirtschaftliche Mulchfolien. Die PET-Flaschen-Recyclinganlage verwendet spezielle Granulierger\u00e4te, um Abfall-<a href=\"https:\/\/en.wikipedia.org\/wiki\/Polyethylene\" target=\"_blank\" rel=\"noopener\">Polyethylen<\/a>, Polypropylen und andere Kunststoffe durch Zerkleinerungs-, Reinigungs-, Erhitzungs-, Plastifizierungs- und Extrusionsformprozesse zu verarbeiten, um marktg\u00e4ngige Kunststoffpellets herzustellen.<\/p> <h2>Auswirkungen des Recyclings von Plastikflaschen<\/h2> <p class=\"translation-block\"><strong>Der Wert von Kunststoffflocken<\/strong><\/p> <p>Die meisten Getr\u00e4nkeflaschen bestehen aus den Kunststoffen PET, PE, PP. Es gibt erstaunlich viele Abfallmaterialien f\u00fcr Getr\u00e4nkeverpackungen wie Plastikflaschen. Wenn sie also effektiv recycelt und verarbeitet werden, erzeugen sie einen enormen Recyclingwert und werden zu einer \u201eRessource f\u00fcr den Ort\u201c.<\/p> <p class=\"translation-block\"><strong>Wie oft kann PET t0 recycelt werden?<\/strong><\/p> <p>K\u00f6nnen die Kunststoffpellets in der Kunststoffflaschen-Recyclinglinie wieder zur Herstellung von Kunststoffprodukten verwendet werden? Die Antwort ist nat\u00fcrlich. Allerdings m\u00fcssen Sie bei der Wiederaufbereitung Neukunststoff hinzuf\u00fcgen. Auf diese Weise kann Kunststoffrecycling erreicht werden. Neue wissenschaftliche Tests haben gezeigt, dass PET und HDPE, die 97 Prozent aller Plastikflaschen auf dem nordamerikanischen Flaschenmarkt ausmachen, mindestens zehnmal recycelt und f\u00fcr neue Beh\u00e4lter wiederverwendet werden k\u00f6nnen.<\/p> <h2>Kontaktiere uns<\/h2> <p>Zu den Maschinen in der PET-Flaschen-Recyclinglinie geh\u00f6ren haupts\u00e4chlich eine Entetikettierungsmaschine, eine Plastikflaschenzerkleinerungsmaschine, eine Hochtemperatur-Reinigungsmaschine, eine Reibreinigungsmaschine usw. Die ma\u00dfgeschneiderten Dienstleistungen des Unternehmens stehen zur Verf\u00fcgung, um Ihren Anforderungen gerecht zu werden. Wenn Sie noch Fragen haben, kontaktieren Sie uns bitte oder hinterlassen Sie Ihre Kontaktinformationen. Dann k\u00f6nnen wir das Problem im Detail f\u00fcr Sie l\u00f6sen.<\/p>","protected":false},"excerpt":{"rendered":"<p>The PET bottle recycling line, also known as the PET bottle recycling machine, includes the process of plastic bottle de-marking, [&hellip;]<\/p>\n","protected":false},"featured_media":5392,"template":"","meta":{"site-sidebar-layout":"default","site-content-layout":"default","ast-site-content-layout":"default","site-content-style":"default","site-sidebar-style":"default","ast-global-header-display":"","ast-banner-title-visibility":"","ast-main-header-display":"","ast-hfb-above-header-display":"","ast-hfb-below-header-display":"","ast-hfb-mobile-header-display":"","site-post-title":"","ast-breadcrumbs-content":"","ast-featured-img":"","footer-sml-layout":"","ast-disable-related-posts":"","theme-transparent-header-meta":"default","adv-header-id-meta":"","stick-header-meta":"default","header-above-stick-meta":"","header-main-stick-meta":"","header-below-stick-meta":"","astra-migrate-meta-layouts":"set","ast-page-background-enabled":"default","ast-page-background-meta":{"desktop":{"background-color":"","background-image":"","background-repeat":"repeat","background-position":"center center","background-size":"auto","background-attachment":"scroll","background-type":"","background-media":"","overlay-type":"","overlay-color":"","overlay-opacity":"","overlay-gradient":""},"tablet":{"background-color":"","background-image":"","background-repeat":"repeat","background-position":"center center","background-size":"auto","background-attachment":"scroll","background-type":"","background-media":"","overlay-type":"","overlay-color":"","overlay-opacity":"","overlay-gradient":""},"mobile":{"background-color":"","background-image":"","background-repeat":"repeat","background-position":"center center","background-size":"auto","background-attachment":"scroll","background-type":"","background-media":"","overlay-type":"","overlay-color":"","overlay-opacity":"","overlay-gradient":""}},"ast-content-background-meta":{"desktop":{"background-color":"var(--ast-global-color-5)","background-image":"","background-repeat":"repeat","background-position":"center center","background-size":"auto","background-attachment":"scroll","background-type":"","background-media":"","overlay-type":"","overlay-color":"","overlay-opacity":"","overlay-gradient":""},"tablet":{"background-color":"var(--ast-global-color-5)","background-image":"","background-repeat":"repeat","background-position":"center center","background-size":"auto","background-attachment":"scroll","background-type":"","background-media":"","overlay-type":"","overlay-color":"","overlay-opacity":"","overlay-gradient":""},"mobile":{"background-color":"var(--ast-global-color-5)","background-image":"","background-repeat":"repeat","background-position":"center center","background-size":"auto","background-attachment":"scroll","background-type":"","background-media":"","overlay-type":"","overlay-color":"","overlay-opacity":"","overlay-gradient":""}}},"product_brand":[],"product_cat":[130],"product_tag":[88],"class_list":{"0":"post-5268","1":"product","2":"type-product","3":"status-publish","4":"has-post-thumbnail","6":"product_cat-solution","7":"product_tag-pet-recycling","8":"desktop-align-center","9":"tablet-align-center","10":"mobile-align-center","12":"first","13":"instock","14":"shipping-taxable","15":"product-type-simple"},"_links":{"self":[{"href":"https:\/\/recyclingequipinc.com\/de\/wp-json\/wp\/v2\/product\/5268","targetHints":{"allow":["GET"]}}],"collection":[{"href":"https:\/\/recyclingequipinc.com\/de\/wp-json\/wp\/v2\/product"}],"about":[{"href":"https:\/\/recyclingequipinc.com\/de\/wp-json\/wp\/v2\/types\/product"}],"version-history":[{"count":0,"href":"https:\/\/recyclingequipinc.com\/de\/wp-json\/wp\/v2\/product\/5268\/revisions"}],"wp:featuredmedia":[{"embeddable":true,"href":"https:\/\/recyclingequipinc.com\/de\/wp-json\/wp\/v2\/media\/5392"}],"wp:attachment":[{"href":"https:\/\/recyclingequipinc.com\/de\/wp-json\/wp\/v2\/media?parent=5268"}],"wp:term":[{"taxonomy":"product_brand","embeddable":true,"href":"https:\/\/recyclingequipinc.com\/de\/wp-json\/wp\/v2\/product_brand?post=5268"},{"taxonomy":"product_cat","embeddable":true,"href":"https:\/\/recyclingequipinc.com\/de\/wp-json\/wp\/v2\/product_cat?post=5268"},{"taxonomy":"product_tag","embeddable":true,"href":"https:\/\/recyclingequipinc.com\/de\/wp-json\/wp\/v2\/product_tag?post=5268"}],"curies":[{"name":"wp","href":"https:\/\/api.w.org\/{rel}","templated":true}]}}