{"id":5245,"date":"2021-11-05T06:58:31","date_gmt":"2021-11-05T06:58:31","guid":{"rendered":"https:\/\/recyclingequipinc.com\/?post_type=product&#038;p=5245"},"modified":"2025-01-20T10:19:20","modified_gmt":"2025-01-20T02:19:20","slug":"plastic-granulator-machine","status":"publish","type":"product","link":"https:\/\/recyclingequipinc.com\/de\/product\/plastic-granulator-machine\/","title":{"rendered":"Kunststoffgranulatormaschine f\u00fcr PP LDPE HDPE Recycling"},"content":{"rendered":"<p class=\"translation-block\"><strong>Plastic granulator machine<\/strong> auch plastic granules making machine genannt. Es ist die Ausr\u00fcstung, um Abfall-PP(polyethylen) oder PE(polypropylen) Chips zu schmelzen und zu extrudieren, um Plastikgranulate herzustellen. Der Hauptmotor des Granulators ist eine Extrudermaschine, die aus einem Extrusionssystem, einem \u00dcbertragungs system und einem Heiz- und K\u00fchlungssystem besteht. Gebrochene, gereinigte und getrocknete Plastikteile k\u00f6nnen direkt in die Extrusionsmaschine gegeben werden. Dann m\u00fcssen die extrudierten Plaststreifen normalerweise in einem K\u00fchlbeh\u00e4lter gek\u00fchlt und von einer Pellet-Schneidmaschine in Pellets geschnitten werden. Die Pelletiermaschine f\u00fcr Plastikfolie ist ein wichtiger Bestandteil der Kunststoff-Recyclinganlage. Sie ist vorteilhaft f\u00fcr die energische Entwicklung erneuerbarer Ressourcen und die Verwertung von Abfall zu Wertstoffen.<\/p> <h2>Arbeitsvideo<\/h2> <div class=\"ast-oembed-container\" style=\"height: 100%;\"><iframe title=\"Maschine zur Herstellung von PVC\/LDPE\/HDPE-Granulat f\u00fcr globale Kunststoffrecyclingfabriken\" width=\"500\" height=\"281\" src=\"https:\/\/www.youtube.com\/embed\/byd5tq96FqE?feature=oembed\" frameborder=\"0\" allow=\"accelerometer; autoplay; clipboard-write; encrypted-media; gyroscope; picture-in-picture; web-share\" referrerpolicy=\"strict-origin-when-cross-origin\" allowfullscreen><\/iframe><\/div> <h2>Anwendbares Material f\u00fcr Recycling-Granulator<\/h2> <p>Das Design der Maschine zur Herstellung von Kunststoffgranulat erm\u00f6glicht die effiziente Verarbeitung einer Vielzahl von Abfallmaterialien zu Pellets. Bei den Kunststoffabf\u00e4llen unterteilen wir sie in Post-Consumer- und Post-Industrial-Kunststoffe, die beide in unseren Recyclingmaschinen verarbeitet werden k\u00f6nnen.<\/p> <p>Postindustrielle Recyclingmaterialien: Um Rohstoffkosten zu sparen und eine Kreislaufwirtschaft zu verwirklichen, recyceln viele Kunststoffproduzenten wie z. B. Hersteller von Plastikt\u00fcten ihre Reste und verarbeiten die daraus hergestellten Pellets dann weiter zu Kunststoffprodukten. Zu diesen postindustriellen Kunststoffen geh\u00f6ren abgeschnittene HDPE\/LDPE-Beutel, Folienrollen, fehlerhafte Folien- und Beutelprodukte, bedruckte Rei\u00dfverschlussbeutel, fehlerhafte HDPE-PVC-Rohre, PP\/HDPE\/LDPE-Mahlgut, weiche\/starre HDPE-Bew\u00e4sserungsrohre usw .<\/p> <p>Post-Consumer-Recyclingmaterialien: Alle gebrauchten und weggeworfenen Kunststoffprodukte wie gebrauchte Plastikflaschen, Plastikt\u00fcten, verlassene Z\u00e4hler, Autoteile, Lebensmittelbeh\u00e4lter, Chemikalienf\u00e4sser, Kunststoffpaletten, PP-Seile, Plastikklumpen, Kanister, Kosmetiktuben, Luftpolsterfolien , laminierte\/mehrschichtige Folien, flexible Verpackungsmaterialien und so weiter.<\/p> <h2>Kunststoffgranuliermaschine zu verkaufen<\/h2> <p class=\"translation-block\">Als Hauptmaschine der <a href=\"https:\/\/recyclingequipinc.com\/de\/produkt\/plastic-film-recycling-machine\/\"><strong>Plastic granule production line<\/strong><\/a> wendet sich die Ausr\u00fcstung an eine Vielzahl von Materialien zum Pelletieren. Das Erscheinungsbild der Granulatoren zur Behandlung unterschiedlicher Materialien ist \u00e4hnlich, aber nicht das Gleiche. Ihre internen Komponenten m\u00fcssen entsprechend dem spezifischen Material angepasst werden, wie z. B. der Durchmesser der internen Schraube, der Abstand zwischen Schraube und Eulerwand, und die L\u00e4nge der Schraube.<\/p> <p>Daher entspricht eine eingestellte Maschine einer Materialart. Die angepasste Ausr\u00fcstung ist besser auf die Eigenschaften Ihres Rohmaterials abgestimmt. Sie k\u00f6nnen also mit uns Kontakt aufnehmen, um detailliertere Informationen zu erhalten, indem Sie uns mitteilen, welches Material Sie pelletieren m\u00f6chten. Dar\u00fcber hinaus unterst\u00fctzen wir Anpassungsdienste entsprechend Ihren spezifischen Recyclinganforderungen.<\/p> <h2>Szene mit der Ausstellung einer Fabrikmaschine<\/h2> <div id='gallery-1' class='gallery galleryid-5245 gallery-columns-2 gallery-size-full'><figure class='gallery-item'> \t\t\t<div class='gallery-icon landscape'> \t\t\t\t<img fetchpriority=\"high\" decoding=\"async\" width=\"720\" height=\"540\" src=\"https:\/\/recyclingequipinc.com\/wp-content\/uploads\/2021\/11\/plastic-granulation-machine.webp\" class=\"attachment-full size-full\" alt=\"Kunststoffgranuliermaschine\" aria-describedby=\"gallery-1-16776\" srcset=\"https:\/\/recyclingequipinc.com\/wp-content\/uploads\/2021\/11\/plastic-granulation-machine.webp 720w, https:\/\/recyclingequipinc.com\/wp-content\/uploads\/2021\/11\/plastic-granulation-machine-300x225.webp 300w, https:\/\/recyclingequipinc.com\/wp-content\/uploads\/2021\/11\/plastic-granulation-machine-16x12.webp 16w\" sizes=\"(max-width: 720px) 100vw, 720px\" \/> \t\t\t<\/div> \t\t\t\t<figcaption class='wp-caption-text gallery-caption' id='gallery-1-16776'> \t\t\t\tKunststoffgranuliermaschine \t\t\t\t<\/figcaption><\/figure><figure class='gallery-item'> \t\t\t<div class='gallery-icon landscape'> \t\t\t\t<img decoding=\"async\" width=\"720\" height=\"540\" src=\"https:\/\/recyclingequipinc.com\/wp-content\/uploads\/2021\/11\/HDPE-granule-making-machine-1.webp\" class=\"attachment-full size-full\" alt=\"Maschine zur Herstellung von HDPE-Granulat\" aria-describedby=\"gallery-1-16790\" srcset=\"https:\/\/recyclingequipinc.com\/wp-content\/uploads\/2021\/11\/HDPE-granule-making-machine-1.webp 720w, https:\/\/recyclingequipinc.com\/wp-content\/uploads\/2021\/11\/HDPE-granule-making-machine-1-300x225.webp 300w, https:\/\/recyclingequipinc.com\/wp-content\/uploads\/2021\/11\/HDPE-granule-making-machine-1-16x12.webp 16w\" sizes=\"(max-width: 720px) 100vw, 720px\" \/> \t\t\t<\/div> \t\t\t\t<figcaption class='wp-caption-text gallery-caption' id='gallery-1-16790'> \t\t\t\tMaschine zur Herstellung von HDPE-Granulat  \t\t\t\t<\/figcaption><\/figure> \t\t<\/div>  <div id='gallery-2' class='gallery galleryid-5245 gallery-columns-2 gallery-size-full'><figure class='gallery-item'> \t\t\t<div class='gallery-icon landscape'> \t\t\t\t<img decoding=\"async\" width=\"720\" height=\"540\" src=\"https:\/\/recyclingequipinc.com\/wp-content\/uploads\/2021\/11\/plastic-granules-production-machine.webp\" class=\"attachment-full size-full\" alt=\"Maschine zur Herstellung von Kunststoffgranulat\" aria-describedby=\"gallery-2-16780\" srcset=\"https:\/\/recyclingequipinc.com\/wp-content\/uploads\/2021\/11\/plastic-granules-production-machine.webp 720w, https:\/\/recyclingequipinc.com\/wp-content\/uploads\/2021\/11\/plastic-granules-production-machine-300x225.webp 300w, https:\/\/recyclingequipinc.com\/wp-content\/uploads\/2021\/11\/plastic-granules-production-machine-16x12.webp 16w\" sizes=\"(max-width: 720px) 100vw, 720px\" \/> \t\t\t<\/div> \t\t\t\t<figcaption class='wp-caption-text gallery-caption' id='gallery-2-16780'> \t\t\t\tMaschine zur Herstellung von Kunststoffgranulat \t\t\t\t<\/figcaption><\/figure><figure class='gallery-item'> \t\t\t<div class='gallery-icon landscape'> \t\t\t\t<img loading=\"lazy\" decoding=\"async\" width=\"720\" height=\"540\" src=\"https:\/\/recyclingequipinc.com\/wp-content\/uploads\/2021\/11\/PP-LDPE-HDPE-granulator.webp\" class=\"attachment-full size-full\" alt=\"PP LDPE HDPE-Granulator\" aria-describedby=\"gallery-2-16775\" srcset=\"https:\/\/recyclingequipinc.com\/wp-content\/uploads\/2021\/11\/PP-LDPE-HDPE-granulator.webp 720w, https:\/\/recyclingequipinc.com\/wp-content\/uploads\/2021\/11\/PP-LDPE-HDPE-granulator-300x225.webp 300w, https:\/\/recyclingequipinc.com\/wp-content\/uploads\/2021\/11\/PP-LDPE-HDPE-granulator-16x12.webp 16w\" sizes=\"(max-width: 720px) 100vw, 720px\" \/> \t\t\t<\/div> \t\t\t\t<figcaption class='wp-caption-text gallery-caption' id='gallery-2-16775'> \t\t\t\tPP LDPE HDPE-Granulator \t\t\t\t<\/figcaption><\/figure> \t\t<\/div>  <p>&nbsp;<\/p> <h2>Merkmale und Vorteile von Kunststoffgranulierungsanlagen<\/h2> <ol> <li>Einzigartiges Design, gute Leistung, geringe Ger\u00e4uschentwicklung, stabiler Lauf, einfache Bedienung<\/li> <li>Einfaches Verfahren, fortschrittliche Technologie und f\u00fcr verschiedene Kunststoffabf\u00e4lle geeignet<\/li> <li>Die Schnecke und der Zylinder sind verschlei\u00dffest, langlebig und haben eine hohe Leistung.<\/li> <li>Die Kunststoffgranuliermaschine kann 2\u201330 Tonnen Kunststoffabf\u00e4lle pro Tag verarbeiten.<\/li> <li>Integrierte Haupt- und Hilfsmaschinen, einfache Installation, geringer Platzbedarf, hohe Kostenleistung.<\/li> <li>Verwenden Sie unterbrechungsfreie Hochdruck-Reibungsheizung, Multifunktions-Heizmodus, ausgestattet mit einem Konstanttemperatursystem<\/li> <li>Es muss nicht st\u00e4ndig geheizt werden, wodurch der Energieverbrauch um 30-40% gesenkt wird.<\/li> <li>Hohe Automatisierung, wenige menschliche Eingriffe<\/li> <li>Ein Anpassungsservice ist verf\u00fcgbar.<\/li> <\/ol> <figure id=\"attachment_5257\" aria-describedby=\"caption-attachment-5257\" style=\"width: 750px\" class=\"wp-caption aligncenter\"><img loading=\"lazy\" decoding=\"async\" class=\"size-full wp-image-5257\" src=\"https:\/\/recyclingequipinc.com\/wp-content\/uploads\/2021\/11\/electric-mold-head.jpg\" alt=\"elektrischer Formkopf\" width=\"750\" height=\"500\" srcset=\"https:\/\/recyclingequipinc.com\/wp-content\/uploads\/2021\/11\/electric-mold-head.jpg 750w, https:\/\/recyclingequipinc.com\/wp-content\/uploads\/2021\/11\/electric-mold-head-300x200.jpg 300w, https:\/\/recyclingequipinc.com\/wp-content\/uploads\/2021\/11\/electric-mold-head-600x400.jpg 600w\" sizes=\"(max-width: 750px) 100vw, 750px\" \/><figcaption id=\"caption-attachment-5257\" class=\"wp-caption-text\">elektrischer Formkopf<\/figcaption><\/figure> <h2>Aufbau der Maschine<\/h2> <p>Die Struktur der Maschine zur Herstellung von Kunststoffgranulat besteht aus einem Reduzierst\u00fcck, einer Zufuhr\u00f6ffnung, einer Heizvorrichtung, einer Presskammer, einer Auslass\u00f6ffnung, einer Schneckenpresse, einem Formkopf, einer Basis und anderen Teilen.<\/p> <p class=\"translation-block\">Der <strong><b>Getriebek\u00f6rper<\/b><\/strong> ist ein Hartzahnrad-Reduzierer. Seine Qualit\u00e4t ist von gro\u00dfer Bedeutung als ein wesentlicher Bestandteil des Kunststoffextruders. Derzeit ist die Qualit\u00e4tsrangordnung g\u00e4ngiger Reduzierer auf dem Markt altmodischer Schneckenreduzierer &lt;common reducer &lt;semi-hard gear surface reducer &lt;hard gear surface reducer.<\/p> <p class=\"translation-block\">Es gibt zwei Haupttypen von <strong><b>Formkopf<\/b><\/strong> f\u00fcr das Plastikauspressen, elektrischer D\u00fcsenkopf und hydraulischer D\u00fcsenkopf. Die Filterbildschirm des hydraulischen Formkopfes kann ohne Stillstand der Maschine ausgetauscht werden. F\u00fcr das Material mit vielen Verunreinigungen ist der <a href=\"https:\/\/en.wikipedia.org\/wiki\/Hydraulics\" target=\"_blank\" rel=\"noopener\">hydraulische<\/a> Typ besser geeignet. Die Kosten sind jedoch auch h\u00f6her. Das Modell der Kunststoffgranulierungsmaschine wird haupts\u00e4chlich nach dem Durchmesser der Schraube unterteilt. Die Schraube besteht aus 45#-Stahl, 40CR, 38CRSI. Das Modell der Kunststoffgranulierungsanlage wird haupts\u00e4chlich nach dem Durchmesser der Schraubpresse eingeteilt. Anpassungsdienste von Chromschicht, Nitrieren und anderen Prozessen sind entsprechend den Eigenschaften der Kunststoffverarbeitung verf\u00fcgbar.<\/p> <figure id=\"attachment_5249\" aria-describedby=\"caption-attachment-5249\" style=\"width: 750px\" class=\"wp-caption aligncenter\"><img loading=\"lazy\" decoding=\"async\" class=\"size-full wp-image-5249\" src=\"https:\/\/recyclingequipinc.com\/wp-content\/uploads\/2021\/11\/plastic-pellet-making-machine-structure.jpg\" alt=\"Struktur der Maschine zur Herstellung von Kunststoffpellets\" width=\"750\" height=\"500\" srcset=\"https:\/\/recyclingequipinc.com\/wp-content\/uploads\/2021\/11\/plastic-pellet-making-machine-structure.jpg 750w, https:\/\/recyclingequipinc.com\/wp-content\/uploads\/2021\/11\/plastic-pellet-making-machine-structure-300x200.jpg 300w, https:\/\/recyclingequipinc.com\/wp-content\/uploads\/2021\/11\/plastic-pellet-making-machine-structure-600x400.jpg 600w\" sizes=\"(max-width: 750px) 100vw, 750px\" \/><figcaption id=\"caption-attachment-5249\" class=\"wp-caption-text\">Struktur der Maschine zur Herstellung von Kunststoffpellets<\/figcaption><\/figure> <h2>Das Heizsystem der LDPE\/HDPE-Granuliermaschine<\/h2> <p>Die Heizmethode des Kunststoffextruders ist in einen Heizring aus Aluminiumguss, einen Quarzrohr-Heizring, einen Keramik-Heizring und einen elektromagnetischen Heizring unterteilt. Unter ihnen ist die elektromagnetische Erw\u00e4rmung der beste Heizeffekt. Der Heizring aus Aluminiumguss ben\u00f6tigt 30\u201340 Minuten zum Aufheizen, w\u00e4hrend der elektromagnetische Heizring 15\u201320 Minuten ben\u00f6tigt. Durch elektromagnetische Erw\u00e4rmung kann die Temperatur schnell ansteigen. Und es hat einen guten konstanten Temperatureffekt und l\u00e4uft stabil. F\u00fcr die Verarbeitung von Schaumstoffen ist es jedoch nicht geeignet. Die Erhitzungsmethode sollte basierend auf den Rohstoffen und der Farbe des Endprodukts ber\u00fccksichtigt werden.<\/p> <h2>Funktionsprinzip der Maschine zur Herstellung von Kunststoffgranulat<\/h2> <ol> <li>Schalten Sie die HDPE\/PP\/PVC-Granuliermaschine ein. \u00dcberpr\u00fcfen Sie die Maschine auf ungew\u00f6hnliche Ger\u00e4usche oder Vibrationen. Wenn nicht, verwenden Sie es.<\/li> <li>Achten Sie darauf, die Kunststoffgranuliermaschine vorzuheizen, um den Kunststoff zu schmelzen. Bei zu hoher Temperatur wird der geschmolzene Kunststoff schwarz. Bei niedrigen Temperaturen kann der Kunststoff nicht schmelzen.<\/li> <li>Es ist besser, mit einer automatischen Zuf\u00fchrmaschine ausgestattet zu sein, um Kunststoffschnitzel der Kunststoffgranulierungsanlage zuzuf\u00fchren, da das Kunststofffolienmaterial sehr leicht und schwer zuzuf\u00fchren ist.<\/li> <li>Die Kunststofffoliensp\u00e4ne werden geschmolzen und in den Hauptmotor gepresst und dann zusammen mit der Schraube in den Hilfsmotor geschoben. Abschlie\u00dfend wird das geschmolzene Material in Form von Kunststoffstreifen aus dem Hilfsmotor extrudiert.<\/li> <li>Stellen Sie einen K\u00fchltank unter den Formkopf, damit die hei\u00dfen Kunststoffstreifen im Tank abk\u00fchlen und formen.<\/li> <\/ol> <h2>Was ist bei der Verwendung von Kunststoffgranulatorger\u00e4ten zu beachten?<\/h2> <ul> <li>Im Inneren der Maschine d\u00fcrfen sich keine Metallreste oder feiner Sand befinden. Platzieren Sie keine Metallgegenst\u00e4nde oder andere Gegenst\u00e4nde in der N\u00e4he des Einlasses, die in die Maschine fallen k\u00f6nnten, da dies zu Sch\u00e4den an der Kunststoffpelletmaschine, Blockaden oder Zerst\u00f6rung f\u00fchren k\u00f6nnte.<\/li> <li>Der Bediener sollte besser in die Bedienung der Granuliermaschine eingewiesen werden. Dar\u00fcber hinaus sollen sie auch den Aufbau der Ger\u00e4te und Betriebsabl\u00e4ufe erlernen.<\/li> <li>Kontrollieren Sie die Wassertemperatur des K\u00fchltanks. Denn bei zu niedrigen Temperaturen brechen die Kunststoffstreifen. Bei hohen Temperaturen k\u00f6nnen Kunststoffstreifen zwar nicht gut abk\u00fchlen und sich gut formen, und die Streifen k\u00f6nnen kleben bleiben.<\/li> <li>Der geschmolzene Kunststoff sollte gleichm\u00e4\u00dfig in Streifen extrudiert werden, bevor er in die Kunststoffpellet-Schneidemaschine gelangt. Unebene Streifen k\u00f6nnen den Pelletschneider aus Kunststoff besch\u00e4digen. Die L\u00f6cher im Formkopf k\u00f6nnen durch Verunreinigungen verstopft sein, wenn der extrudierte Streifen d\u00fcnn oder gebrochen ist. Sie m\u00fcssen also das Filtersieb austauschen.<\/li> <\/ul> <h2>Parameter der Maschine zur Herstellung von HDPE-Granulat<\/h2> <table> <tbody> <tr> <td width=\"71\">Typ<\/td> <td width=\"71\">105<\/td> <td width=\"71\">125<\/td> <td width=\"71\">135<\/td> <td width=\"71\">150<\/td> <td width=\"71\">180<\/td> <td width=\"71\">200<\/td> <td width=\"71\">220<\/td> <\/tr> <tr> <td width=\"71\">Schraubendurchmesser<\/td> <td width=\"71\">105mm<\/td> <td width=\"71\">125mm<\/td> <td width=\"71\">135mm<\/td> <td width=\"71\">150mm<\/td> <td width=\"71\">180mm<\/td> <td width=\"71\">200mm<\/td> <td width=\"71\">220mm<\/td> <\/tr> <tr> <td width=\"71\">Spulengeschwindigkeit<\/td> <td width=\"71\">50-70\/Min<\/td> <td width=\"71\">50-70\/Min<\/td> <td width=\"71\">40-50\/Min<\/td> <td width=\"71\">40-50\/Min<\/td> <td width=\"71\">40-50\/Min<\/td> <td width=\"71\">40-50\/Min<\/td> <td width=\"71\">40-50\/Min<\/td> <\/tr> <tr> <td width=\"71\">Hauptmotorleistung<\/td> <td width=\"71\">18,5 kW<\/td> <td width=\"71\">30 kW<\/td> <td width=\"71\">37 kW<\/td> <td width=\"71\">37 kW<\/td> <td width=\"71\">55 kW<\/td> <td width=\"71\">75 kW<\/td> <td width=\"71\">90 kW<\/td> <\/tr> <tr> <td width=\"71\">Untersetzungsgetriebe (harter Gang)<\/td> <td width=\"71\">200<\/td> <td width=\"71\">225<\/td> <td width=\"71\">250<\/td> <td width=\"71\">250<\/td> <td width=\"71\">280<\/td> <td width=\"71\">315<\/td> <td width=\"71\">330<\/td> <\/tr> <tr> <td width=\"71\">Gewicht<\/td> <td width=\"71\">1,3T<\/td> <td width=\"71\">1,8T<\/td> <td width=\"71\">2T<\/td> <td width=\"71\">2T<\/td> <td width=\"71\">2,2T<\/td> <td width=\"71\">2,8T<\/td> <td width=\"71\">3,2T<\/td> <\/tr> <tr> <td width=\"71\">Gr\u00f6\u00dfe<\/td> <td width=\"71\">2.4*0.7*0.7<\/td> <td width=\"71\">2.6*0.7*0.7<\/td> <td width=\"71\">2.8*0.7*0.7<\/td> <td width=\"71\">3.0*0.7*0.8<\/td> <td width=\"71\">3.2*0.7*0.8<\/td> <td width=\"71\">3.5*1*1<\/td> <td width=\"71\">3.8*1.2*1<\/td> <\/tr> <tr> <td width=\"71\">Ausgabe<\/td> <td width=\"71\">150kg\/h<\/td> <td width=\"71\">180kg\/h<\/td> <td width=\"71\">200kg\/h<\/td> <td width=\"71\">300kg\/h<\/td> <td width=\"71\">350kg\/h<\/td> <td width=\"71\">380kg\/h<\/td> <td width=\"71\">420kg\/h<\/td> <\/tr> <\/tbody> <\/table> <p>Wir haben 7 Modelle von Granuliermaschinen zur Auswahl. Der gr\u00f6\u00dfte Unterschied zwischen den 7 Maschinen ist die Leistung. Die Leistung betr\u00e4gt 150 kg\/h, 180 kg\/h, 200 kg\/h, 300 kg\/h, 350 kg\/h, 380 kg\/h bzw. 420 kg\/h. Ebenso entspricht eine unterschiedliche Produktion unterschiedlichen Preisen. Wenn Sie eine gro\u00dfe Kunststoffrecyclinganlage haben, empfehlen wir Ihnen den Kauf von Maschinen mit 380 kg\/h oder 420 kg\/h. Wir bieten Ihnen auch den besten Preis. Zweitens m\u00fcssen Sie die Fl\u00e4che Ihrer Anlage und die Maschinengr\u00f6\u00dfe ber\u00fccksichtigen. Wie Sie sehen, bedeutet eine gr\u00f6\u00dfere Produktion eine gr\u00f6\u00dfere Gr\u00f6\u00dfe. Beispielsweise betr\u00e4gt die Gr\u00f6\u00dfe einer Maschine mit einer Leistung von 150 kg\/h 2,4 * 0,7 * 0,7, w\u00e4hrend die Gr\u00f6\u00dfe einer Maschine mit einer Leistung von 420 kg\/h 3,8 * 102 * 1 betr\u00e4gt. Wenn Ihre Anlagenfl\u00e4che zu klein ist, Es ist nicht f\u00fcr \u00fcbergro\u00dfe Maschinen geeignet, oder Sie k\u00f6nnen die Gr\u00f6\u00dfe Ihrer Anlage anpassen.<\/p>","protected":false},"excerpt":{"rendered":"<p>Bei der Kunststoffgranulatormaschine handelt es sich um eine Ausr\u00fcstung zum Schmelzextrudieren von PP- (Polyethylen) oder PE- (Polypropylen) Kunststoffabf\u00e4llen, um so Kunststoffgranulate herzustellen. Es ist ein wichtiger Teil der Kunststofffolien-Recyclinglinie. Mit der Kunststoffpelletiermaschine werden gereinigte, zerkleinerte und getrocknete Kunststoffe in Streifen geschmolzen, in einem Wasserk\u00fchltank gek\u00fchlt und mit einer Kunststoffpelletschneidemaschine geschnitten. Dies ist von Vorteil f\u00fcr die energische Entwicklung erneuerbarer Ressourcen und die Umwandlung von Abf\u00e4llen in Sch\u00e4tze.<\/p>","protected":false},"featured_media":16798,"template":"","meta":{"site-sidebar-layout":"default","site-content-layout":"default","ast-site-content-layout":"default","site-content-style":"default","site-sidebar-style":"default","ast-global-header-display":"","ast-banner-title-visibility":"","ast-main-header-display":"","ast-hfb-above-header-display":"","ast-hfb-below-header-display":"","ast-hfb-mobile-header-display":"","site-post-title":"","ast-breadcrumbs-content":"","ast-featured-img":"","footer-sml-layout":"","ast-disable-related-posts":"","theme-transparent-header-meta":"default","adv-header-id-meta":"","stick-header-meta":"default","header-above-stick-meta":"","header-main-stick-meta":"","header-below-stick-meta":"","astra-migrate-meta-layouts":"set","ast-page-background-enabled":"default","ast-page-background-meta":{"desktop":{"background-color":"","background-image":"","background-repeat":"repeat","background-position":"center center","background-size":"auto","background-attachment":"scroll","background-type":"","background-media":"","overlay-type":"","overlay-color":"","overlay-opacity":"","overlay-gradient":""},"tablet":{"background-color":"","background-image":"","background-repeat":"repeat","background-position":"center center","background-size":"auto","background-attachment":"scroll","background-type":"","background-media":"","overlay-type":"","overlay-color":"","overlay-opacity":"","overlay-gradient":""},"mobile":{"background-color":"","background-image":"","background-repeat":"repeat","background-position":"center center","background-size":"auto","background-attachment":"scroll","background-type":"","background-media":"","overlay-type":"","overlay-color":"","overlay-opacity":"","overlay-gradient":""}},"ast-content-background-meta":{"desktop":{"background-color":"var(--ast-global-color-5)","background-image":"","background-repeat":"repeat","background-position":"center center","background-size":"auto","background-attachment":"scroll","background-type":"","background-media":"","overlay-type":"","overlay-color":"","overlay-opacity":"","overlay-gradient":""},"tablet":{"background-color":"var(--ast-global-color-5)","background-image":"","background-repeat":"repeat","background-position":"center center","background-size":"auto","background-attachment":"scroll","background-type":"","background-media":"","overlay-type":"","overlay-color":"","overlay-opacity":"","overlay-gradient":""},"mobile":{"background-color":"var(--ast-global-color-5)","background-image":"","background-repeat":"repeat","background-position":"center center","background-size":"auto","background-attachment":"scroll","background-type":"","background-media":"","overlay-type":"","overlay-color":"","overlay-opacity":"","overlay-gradient":""}}},"product_brand":[],"product_cat":[36],"product_tag":[83],"class_list":{"0":"post-5245","1":"product","2":"type-product","3":"status-publish","4":"has-post-thumbnail","6":"product_cat-plastic-recycling-machine","7":"product_tag-pelletizer","8":"desktop-align-center","9":"tablet-align-center","10":"mobile-align-center","12":"first","13":"instock","14":"shipping-taxable","15":"product-type-simple"},"_links":{"self":[{"href":"https:\/\/recyclingequipinc.com\/de\/wp-json\/wp\/v2\/product\/5245","targetHints":{"allow":["GET"]}}],"collection":[{"href":"https:\/\/recyclingequipinc.com\/de\/wp-json\/wp\/v2\/product"}],"about":[{"href":"https:\/\/recyclingequipinc.com\/de\/wp-json\/wp\/v2\/types\/product"}],"version-history":[{"count":0,"href":"https:\/\/recyclingequipinc.com\/de\/wp-json\/wp\/v2\/product\/5245\/revisions"}],"wp:featuredmedia":[{"embeddable":true,"href":"https:\/\/recyclingequipinc.com\/de\/wp-json\/wp\/v2\/media\/16798"}],"wp:attachment":[{"href":"https:\/\/recyclingequipinc.com\/de\/wp-json\/wp\/v2\/media?parent=5245"}],"wp:term":[{"taxonomy":"product_brand","embeddable":true,"href":"https:\/\/recyclingequipinc.com\/de\/wp-json\/wp\/v2\/product_brand?post=5245"},{"taxonomy":"product_cat","embeddable":true,"href":"https:\/\/recyclingequipinc.com\/de\/wp-json\/wp\/v2\/product_cat?post=5245"},{"taxonomy":"product_tag","embeddable":true,"href":"https:\/\/recyclingequipinc.com\/de\/wp-json\/wp\/v2\/product_tag?post=5245"}],"curies":[{"name":"wp","href":"https:\/\/api.w.org\/{rel}","templated":true}]}}