{"id":5215,"date":"2021-11-02T08:47:53","date_gmt":"2021-11-02T08:47:53","guid":{"rendered":"https:\/\/recyclingequipinc.com\/?post_type=product&#038;p=5215"},"modified":"2025-01-20T10:20:58","modified_gmt":"2025-01-20T02:20:58","slug":"pet-bottle-label-remover-machine","status":"publish","type":"product","link":"https:\/\/recyclingequipinc.com\/de\/product\/pet-bottle-label-remover-machine\/","title":{"rendered":"Maschine zum Entfernen von PET-Flaschenetiketten"},"content":{"rendered":"<p class=\"translation-block\"><strong>PET-Flaschen-Etikettenentfernungsmaschine<\/strong> ist die spezialisierte Ausr\u00fcstung zur Entfernung von Etiketten von PET-Kunststoffflaschen. Die Entfernungsrate kann 98 % erreichen. Es befinden sich viele Klingen im Ger\u00e4t. Die speziell entwickelten Klingen bestehen aus legiertem Stahl, der langlebig, hart und z\u00e4h ist. Die PET-Flaschen-Etikettenentfernungsmaschine kann den gro\u00dfen Durchsatz in der PET-Flaschen-Recyclinglinie erf\u00fcllen, die Effizienz verbessern und Arbeitskr\u00e4fte und Zeit sparen. Au\u00dferdem ist ein Anpassungsservice gem\u00e4\u00df den tats\u00e4chlichen Bed\u00fcrfnissen der Kunden verf\u00fcgbar.<\/p> <figure id=\"attachment_5218\" aria-describedby=\"caption-attachment-5218\" style=\"width: 750px\" class=\"wp-caption aligncenter\"><img fetchpriority=\"high\" decoding=\"async\" class=\"wp-image-5218 size-full\" src=\"https:\/\/recyclingequipinc.com\/wp-content\/uploads\/2021\/11\/PET-bottle-label-removing-machine.jpg\" alt=\"Maschine zum Entfernen von PET-Flaschenetiketten\" width=\"750\" height=\"500\" srcset=\"https:\/\/recyclingequipinc.com\/wp-content\/uploads\/2021\/11\/PET-bottle-label-removing-machine.jpg 750w, https:\/\/recyclingequipinc.com\/wp-content\/uploads\/2021\/11\/PET-bottle-label-removing-machine-300x200.jpg 300w, https:\/\/recyclingequipinc.com\/wp-content\/uploads\/2021\/11\/PET-bottle-label-removing-machine-600x400.jpg 600w\" sizes=\"(max-width: 750px) 100vw, 750px\" \/><figcaption id=\"caption-attachment-5218\" class=\"wp-caption-text\">Maschine zum Entfernen von PET-Flaschenetiketten<\/figcaption><\/figure> <h2>Arbeitsablauf der Entetikettierungsmaschine f\u00fcr Plastikflaschen<\/h2> <p class=\"translation-block\">In der <a href=\"https:\/\/recyclingequipinc.com\/de\/produkt\/pet-bottle-recycling-machine\/\"><strong>PET-Flaschen-Recyclinglinie<\/strong><\/a> werden die PET-Flaschen per <a href=\"https:\/\/recyclingequipinc.com\/de\/produkt\/belt-conveyor\/\"><strong>Bandf\u00f6rderer<\/strong><\/a> in die Entetikettiermaschine transportiert. Die Schneidmesser aus legiertem Stahl in der Etikettenentfernungsmaschine schneiden eine \u00d6ffnung in die Marke von PET-Kunststoffflaschen. Das gezahnte Messer auf der Klinge kann die Etiketten von den Flaschen abziehen. Dann erzeugt ein L\u00fcftermotor einen Wind, um Etiketten und Flaschen zu trennen. Anschlie\u00dfend bl\u00e4st die Maschine die Etikettenchips \u00fcber den oberen Auslass aus und f\u00f6rdert die Flaschen zum Auslassanschluss.<\/p> <h2>Arbeitsvideo einer Maschine zum Entfernen von PET-Flaschenetiketten<\/h2> <div class=\"ast-oembed-container\" style=\"height: 100%;\"><iframe title=\"So entfernen Sie PVC-Etiketten von PET-Flaschen | Flaschenentnahmeger\u00e4te f\u00fcr das PET-Flaschenrecycling\" width=\"500\" height=\"281\" src=\"https:\/\/www.youtube.com\/embed\/Kc_A5SJQNI0?feature=oembed\" frameborder=\"0\" allow=\"accelerometer; autoplay; clipboard-write; encrypted-media; gyroscope; picture-in-picture; web-share\" referrerpolicy=\"strict-origin-when-cross-origin\" allowfullscreen><\/iframe><\/div> <h2>Eigenschaften der Etikettenentfernermaschine f\u00fcr PET-Flaschen<\/h2> <ol> <li>Zum Entfernen der Etiketten von PET-Flaschen anwenden, und die Entfernungsrate der Etiketten kann 98% erreichen.<\/li> <li>Geeignet f\u00fcr Massenproduktionsanforderungen an die Kapazit\u00e4t der Maschine.<\/li> <li>Es ersetzt das manuelle Entfernen der Plastikflaschenetiketten und verbessert so die Arbeitseffizienz.<\/li> <li>Verwenden Sie Klingen aus legiertem Stahl, die sich durch Haltbarkeit, hohe H\u00e4rte und hohe Z\u00e4higkeit auszeichnen.<\/li> <li>Die Maschine zum Entfernen von PET-Flaschenetiketten ist durch die Einstellung der Klingen f\u00fcr verschiedene Flaschengr\u00f6\u00dfen geeignet.<\/li> <li>L\u00e4nge und Breite der Maschine k\u00f6nnen je nach Kundenwunsch individuell angepasst werden.<\/li> <\/ol> <figure id=\"attachment_5220\" aria-describedby=\"caption-attachment-5220\" style=\"width: 750px\" class=\"wp-caption aligncenter\"><img decoding=\"async\" class=\"wp-image-5220 size-full\" src=\"https:\/\/recyclingequipinc.com\/wp-content\/uploads\/2021\/11\/alloy-steel-blades-of-PET-bottle-de-labeling-machine.jpg\" alt=\"Klingen aus legiertem Stahl der Etikettiermaschine f\u00fcr PET-Flaschen\" width=\"750\" height=\"500\" srcset=\"https:\/\/recyclingequipinc.com\/wp-content\/uploads\/2021\/11\/alloy-steel-blades-of-PET-bottle-de-labeling-machine.jpg 750w, https:\/\/recyclingequipinc.com\/wp-content\/uploads\/2021\/11\/alloy-steel-blades-of-PET-bottle-de-labeling-machine-300x200.jpg 300w, https:\/\/recyclingequipinc.com\/wp-content\/uploads\/2021\/11\/alloy-steel-blades-of-PET-bottle-de-labeling-machine-600x400.jpg 600w\" sizes=\"(max-width: 750px) 100vw, 750px\" \/><figcaption id=\"caption-attachment-5220\" class=\"wp-caption-text\">Klingen aus legiertem Stahl der Etikettiermaschine f\u00fcr PET-Flaschen<\/figcaption><\/figure> <h2>Warum die Etikettenentfernungsmaschine f\u00fcr PET-Flaschen verwenden?<\/h2> <p class=\"translation-block\">Die PET-Flaschen werden normalerweise vor dem Zerkleinern entfernt, da das Etikettenmaterial sich vom PET-Flaschenmaterial unterscheidet. Wenn die PET-Flaschen mit Etiketten zerkleinert werden, ist es schwierig, die Etikettenchips von den PET-Flocken zu trennen. Die Etikettenchips verringern die Reinheit der PET-Flocken, daher ist es besser, die Etiketten zu entfernen, bevor die PET-Flaschen in den <a href=\"https:\/\/recyclingequipinc.com\/de\/produkt\/waste-plastic-crusher\/\"><strong>Kunststoffbrecher<\/strong><\/a> gelangen. Im Vergleich zur manuellen Etikettenentfernung arbeitet die Entetikettiermaschine effizienter und schneller. Wenn Sie die Reinheit der PET-Flocken weiter verbessern m\u00f6chten, k\u00f6nnen Sie eine Kunststoffsortiermaschine verwenden, um andere Materialien manuell auszusortieren.<\/p> <h2>Parameter der PET-Flaschenetiketten-Entfernermaschine<\/h2> <table style=\"height: 265px;\" width=\"599\"> <tbody> <tr> <td width=\"274\">Modell<\/td> <td width=\"278\">SL-600<\/td> <\/tr> <tr> <td width=\"274\">Die Hauptleistung des Plastikflaschenentferners<\/td> <td width=\"278\">11 kW<\/td> <\/tr> <tr> <td width=\"274\">Macht der Fans<\/td> <td width=\"278\">3 kW<\/td> <\/tr> <tr> <td width=\"274\">Kapazit\u00e4t<\/td> <td width=\"278\">1-1,2 t\/h<\/td> <\/tr> <tr> <td width=\"274\">Die Geschwindigkeit, mit der das Etikett entfernt wird<\/td> <td width=\"278\">98%<\/td> <\/tr> <tr> <td width=\"274\">Gr\u00f6\u00dfe<\/td> <td width=\"278\">4000*1800*1600mm<\/td> <\/tr> <tr> <td width=\"274\">Gewicht<\/td> <td width=\"278\">1500 kg<\/td> <\/tr> <\/tbody> <\/table> <h2><\/h2>","protected":false},"excerpt":{"rendered":"<p>Eine Maschine zum Entfernen von PET-Flaschenetiketten ist eine Ausr\u00fcstung zum Entfernen von Etiketten von PET-Flaschen, um die Reinheit der fertigen PET-Produkte zu verbessern. Es verwendet Klingen aus legiertem Stahl, langlebig, hart und z\u00e4h. Die Entetikettierungsmaschine mit gro\u00dfer Kapazit\u00e4t arbeitet effizient und ihre Entfernungsrate kann 98% erreichen. Dar\u00fcber hinaus k\u00f6nnen L\u00e4nge und Breite der Maschine individuell an Ihre Bed\u00fcrfnisse angepasst werden.<\/p>","protected":false},"featured_media":16801,"template":"","meta":{"site-sidebar-layout":"default","site-content-layout":"default","ast-site-content-layout":"default","site-content-style":"default","site-sidebar-style":"default","ast-global-header-display":"","ast-banner-title-visibility":"","ast-main-header-display":"","ast-hfb-above-header-display":"","ast-hfb-below-header-display":"","ast-hfb-mobile-header-display":"","site-post-title":"","ast-breadcrumbs-content":"","ast-featured-img":"","footer-sml-layout":"","ast-disable-related-posts":"","theme-transparent-header-meta":"default","adv-header-id-meta":"","stick-header-meta":"default","header-above-stick-meta":"","header-main-stick-meta":"","header-below-stick-meta":"","astra-migrate-meta-layouts":"set","ast-page-background-enabled":"default","ast-page-background-meta":{"desktop":{"background-color":"","background-image":"","background-repeat":"repeat","background-position":"center center","background-size":"auto","background-attachment":"scroll","background-type":"","background-media":"","overlay-type":"","overlay-color":"","overlay-opacity":"","overlay-gradient":""},"tablet":{"background-color":"","background-image":"","background-repeat":"repeat","background-position":"center center","background-size":"auto","background-attachment":"scroll","background-type":"","background-media":"","overlay-type":"","overlay-color":"","overlay-opacity":"","overlay-gradient":""},"mobile":{"background-color":"","background-image":"","background-repeat":"repeat","background-position":"center center","background-size":"auto","background-attachment":"scroll","background-type":"","background-media":"","overlay-type":"","overlay-color":"","overlay-opacity":"","overlay-gradient":""}},"ast-content-background-meta":{"desktop":{"background-color":"var(--ast-global-color-5)","background-image":"","background-repeat":"repeat","background-position":"center center","background-size":"auto","background-attachment":"scroll","background-type":"","background-media":"","overlay-type":"","overlay-color":"","overlay-opacity":"","overlay-gradient":""},"tablet":{"background-color":"var(--ast-global-color-5)","background-image":"","background-repeat":"repeat","background-position":"center center","background-size":"auto","background-attachment":"scroll","background-type":"","background-media":"","overlay-type":"","overlay-color":"","overlay-opacity":"","overlay-gradient":""},"mobile":{"background-color":"var(--ast-global-color-5)","background-image":"","background-repeat":"repeat","background-position":"center center","background-size":"auto","background-attachment":"scroll","background-type":"","background-media":"","overlay-type":"","overlay-color":"","overlay-opacity":"","overlay-gradient":""}}},"product_brand":[],"product_cat":[36],"product_tag":[91,90],"class_list":{"0":"post-5215","1":"product","2":"type-product","3":"status-publish","4":"has-post-thumbnail","6":"product_cat-plastic-recycling-machine","7":"product_tag-label-remover","8":"product_tag-pet-part","9":"desktop-align-center","10":"tablet-align-center","11":"mobile-align-center","13":"first","14":"instock","15":"shipping-taxable","16":"product-type-simple"},"_links":{"self":[{"href":"https:\/\/recyclingequipinc.com\/de\/wp-json\/wp\/v2\/product\/5215","targetHints":{"allow":["GET"]}}],"collection":[{"href":"https:\/\/recyclingequipinc.com\/de\/wp-json\/wp\/v2\/product"}],"about":[{"href":"https:\/\/recyclingequipinc.com\/de\/wp-json\/wp\/v2\/types\/product"}],"version-history":[{"count":0,"href":"https:\/\/recyclingequipinc.com\/de\/wp-json\/wp\/v2\/product\/5215\/revisions"}],"wp:featuredmedia":[{"embeddable":true,"href":"https:\/\/recyclingequipinc.com\/de\/wp-json\/wp\/v2\/media\/16801"}],"wp:attachment":[{"href":"https:\/\/recyclingequipinc.com\/de\/wp-json\/wp\/v2\/media?parent=5215"}],"wp:term":[{"taxonomy":"product_brand","embeddable":true,"href":"https:\/\/recyclingequipinc.com\/de\/wp-json\/wp\/v2\/product_brand?post=5215"},{"taxonomy":"product_cat","embeddable":true,"href":"https:\/\/recyclingequipinc.com\/de\/wp-json\/wp\/v2\/product_cat?post=5215"},{"taxonomy":"product_tag","embeddable":true,"href":"https:\/\/recyclingequipinc.com\/de\/wp-json\/wp\/v2\/product_tag?post=5215"}],"curies":[{"name":"wp","href":"https:\/\/api.w.org\/{rel}","templated":true}]}}