{"id":5099,"date":"2021-10-28T01:59:58","date_gmt":"2021-10-28T01:59:58","guid":{"rendered":"https:\/\/recyclingequipinc.com\/?post_type=product&#038;p=5099"},"modified":"2025-01-20T10:21:14","modified_gmt":"2025-01-20T02:21:14","slug":"vertical-dewatering-machine-vertical-dryer","status":"publish","type":"product","link":"https:\/\/recyclingequipinc.com\/de\/product\/vertical-dewatering-machine-vertical-dryer\/","title":{"rendered":"Kunststoff-Entw\u00e4sserungsmaschine | Vertikaler Kunststofftrockner"},"content":{"rendered":"<p>Die Kunststoff-Entw\u00e4sserungsmaschine verf\u00fcgt \u00fcber eine Hochgeschwindigkeits-Entw\u00e4sserungsfunktion, die haupts\u00e4chlich zum Trocknen von nassen Kunststofffolienabf\u00e4llen, gewebten Beuteln, Flocken usw. in der Kunststofffolien-Recyclinglinie eingesetzt wird. Die Maschine schleudert und trocknet nicht nur nasses Material, sondern trennt auch einige Verunreinigungen vom Material ab, um die Reinigungsqualit\u00e4t zu erh\u00f6hen. Sie sollten den vertikalen Kunststofftrockner am Ende des Wasserbeckens installieren und nach dem Zerkleinern und Reinigen verwenden. Um die Produktionseffizienz zu verbessern, kann der vertikale Kunststoffentw\u00e4sserer mit einem automatischen F\u00f6rderband kombiniert werden, um entw\u00e4sserte Kunststoffflocken in eine automatische Zuf\u00fchrmaschine zu transportieren, wodurch die manuelle Zuf\u00fchrung ersetzt und Arbeitsaufwand gespart wird. Im Inneren der Kunststoff-Entw\u00e4sserungsmaschine befindet sich eine Schneckenzuf\u00fchrvorrichtung, die eine starke Zentrifugalkraft anwendet, um das Wasser w\u00e4hrend des Schneckenf\u00f6rdervorgangs auszuwerfen.<\/p> <div class=\"ast-oembed-container\" style=\"height: 100%;\"><iframe title=\"Vertikale Hebe- und Entw\u00e4sserungsmaschine f\u00fcr Kunststoffrecyclingfabriken\" width=\"500\" height=\"281\" src=\"https:\/\/www.youtube.com\/embed\/b9OoE2BIFGA?feature=oembed\" frameborder=\"0\" allow=\"accelerometer; autoplay; clipboard-write; encrypted-media; gyroscope; picture-in-picture; web-share\" referrerpolicy=\"strict-origin-when-cross-origin\" allowfullscreen><\/iframe><\/div> <figure id=\"attachment_5465\" aria-describedby=\"caption-attachment-5465\" style=\"width: 750px\" class=\"wp-caption aligncenter\"><img fetchpriority=\"high\" decoding=\"async\" class=\"size-full wp-image-5465\" src=\"https:\/\/recyclingequipinc.com\/wp-content\/uploads\/2021\/10\/vertical-centrifugal-plastic-dehydrator.jpg\" alt=\"Vertikaler Zentrifugal-Kunststoff-D\u00f6rrapparat\" width=\"750\" height=\"540\" srcset=\"https:\/\/recyclingequipinc.com\/wp-content\/uploads\/2021\/10\/vertical-centrifugal-plastic-dehydrator.jpg 750w, https:\/\/recyclingequipinc.com\/wp-content\/uploads\/2021\/10\/vertical-centrifugal-plastic-dehydrator-300x216.jpg 300w, https:\/\/recyclingequipinc.com\/wp-content\/uploads\/2021\/10\/vertical-centrifugal-plastic-dehydrator-600x432.jpg 600w\" sizes=\"(max-width: 750px) 100vw, 750px\" \/><figcaption id=\"caption-attachment-5465\" class=\"wp-caption-text\">Vertikaler Zentrifugal-Kunststoff-D\u00f6rrapparat<\/figcaption><\/figure> <h2>Eigenschaften der Kunststoff-Entw\u00e4sserungsmaschine<\/h2> <ul> <li>Funktionsprinzip: starke Wirbeltrocknung, automatisches Ausblasen, Selbstansaugfunktion, hohe Geschwindigkeit\u00a0<a href=\"https:\/\/en.wikipedia.org\/wiki\/Centrifugal\" target=\"_blank\" rel=\"noopener\">Zentrifugal<\/a> Entw\u00e4sserung, Str\u00f6mungsleitger\u00e4t<\/li> <li>Aussehen Struktur: Single Power, aufrechter Transport<\/li> <li>Arbeitsgeschwindigkeit: (900-1500) U\/min (Beschleuniger kann hinzugef\u00fcgt werden)<\/li> <\/ul> <h2>Die Funktionsweise des Kunststoff-Dehydrators:<\/h2> <ul> <li>\u00dcberpr\u00fcfen Sie, ob sich Kleinteile in der Maschine befinden. Die Kleinigkeiten in der Kunststoff-Entw\u00e4sserungsmaschine beeintr\u00e4chtigen den Betriebseffekt der Maschine. Drehen Sie den Spindelmotor beim Starten in Pfeilrichtung.<\/li> <li>Probelauf f\u00fcr 5 Minuten. Wenn der neue Kunststoff-D\u00f6rrautomat in Betrieb genommen wird, sollte er 5 Minuten lang laufen. Wenn keine Anomalie vorliegt, kann es zu Dehydrierung kommen. Im Falle einer Anomalie schalten Sie das Ger\u00e4t sofort aus, um den Fehler zu beheben.<\/li> <li>Der Austrocknungseffekt ist nicht gut. Wenn der Entw\u00e4sserungseffekt nicht mehr so \u200b\u200bgut ist wie zuvor, schalten Sie bitte den Strom aus und \u00f6ffnen Sie die Abdeckung der Maschine, um zu sehen, ob sich Fremdk\u00f6rper darin befinden. Wenn ja, entfernen Sie die Fremdk\u00f6rper aus dem Ger\u00e4t und starten Sie es erneut.<\/li> <li>Schalten Sie nach dem D\u00f6rren die Stromversorgung des Kunststoff-D\u00f6rrger\u00e4ts aus, schalten Sie das Innere des D\u00f6rrger\u00e4ts ein, entfernen Sie \u00fcbersch\u00fcssiges Plastik und halten Sie die gesamte Maschine sauber.<\/li> <\/ul> <figure id=\"attachment_5464\" aria-describedby=\"caption-attachment-5464\" style=\"width: 720px\" class=\"wp-caption aligncenter\"><img decoding=\"async\" class=\"size-full wp-image-5464\" src=\"https:\/\/recyclingequipinc.com\/wp-content\/uploads\/2021\/10\/plastic-dewatering-machine.jpg\" alt=\"Kunststoff-Entw\u00e4sserungsmaschine\" width=\"720\" height=\"540\" srcset=\"https:\/\/recyclingequipinc.com\/wp-content\/uploads\/2021\/10\/plastic-dewatering-machine.jpg 720w, https:\/\/recyclingequipinc.com\/wp-content\/uploads\/2021\/10\/plastic-dewatering-machine-300x225.jpg 300w, https:\/\/recyclingequipinc.com\/wp-content\/uploads\/2021\/10\/plastic-dewatering-machine-600x450.jpg 600w\" sizes=\"(max-width: 720px) 100vw, 720px\" \/><figcaption id=\"caption-attachment-5464\" class=\"wp-caption-text\">Kunststoff-Entw\u00e4sserungsmaschine<\/figcaption><\/figure> <h2>Was k\u00f6nnen wir bieten, wenn Sie mit uns zusammenarbeiten?<\/h2> <p class=\"translation-block\">Als erfahrener Hersteller und Lieferant von Recyclingmaschinen verf\u00fcgt Shuliy Machinery \u00fcber umfangreiche Erfahrung in <a href=\"https:\/\/recyclingequipinc.com\/de\/produkt\/plastic-film-recycling-machine\/\"><strong>Kunststofffolien-Recyclingmaschinen<\/strong><\/a>. Da unser Unternehmen \u00fcber professionelle Techniker f\u00fcr Forschung, Design und Herstellung verf\u00fcgt. Und die Kunststoff-Entw\u00e4sserungsmaschine wurde aufgrund ihrer guten Leistung, hohen Qualit\u00e4t und angemessenen Preise in viele L\u00e4nder exportiert. Dar\u00fcber hinaus unterst\u00fctzen wir Anpassungsdienste entsprechend Ihren tats\u00e4chlichen Bed\u00fcrfnissen und Situationen. Nach dem Verkauf k\u00f6nnen wir Techniker zur Anleitung bei der Installation der Ger\u00e4te senden, wenn dies erforderlich ist. M\u00f6chten Sie mehr Informationen? Willkommen, um uns f\u00fcr weitere Details und das Angebot zu kontaktieren.<\/p> <h2>Parameter der vertikalen Kunststoff-Entw\u00e4sserungsmaschine<\/h2> <table> <tbody> <tr> <td width=\"189\">Modell<\/td> <td width=\"189\">500<\/td> <td width=\"189\">600<\/td> <\/tr> <tr> <td width=\"189\">Leistung<\/td> <td width=\"189\">7,5 kW<\/td> <td width=\"189\">15 kW<\/td> <\/tr> <\/tbody> <\/table>","protected":false},"excerpt":{"rendered":"<p>Die Kunststoff-Entw\u00e4sserungsmaschine verf\u00fcgt \u00fcber die Funktionen einer Hochgeschwindigkeits-Zentrifugalentw\u00e4sserung, einer starken Wirbeltrocknung und einer automatischen L\u00f6schung. Es wird haupts\u00e4chlich zum Trocknen von Kunststofffolienabf\u00e4llen in der PP-PE-Folienrecyclinglinie verwendet. Die Maschine schleudert und trocknet nicht nur nasses Material, sondern trennt auch einige Verunreinigungen vom Material ab, um die Reinigungsqualit\u00e4t zu erh\u00f6hen.<\/p>","protected":false},"featured_media":16819,"template":"","meta":{"site-sidebar-layout":"default","site-content-layout":"default","ast-site-content-layout":"default","site-content-style":"default","site-sidebar-style":"default","ast-global-header-display":"","ast-banner-title-visibility":"","ast-main-header-display":"","ast-hfb-above-header-display":"","ast-hfb-below-header-display":"","ast-hfb-mobile-header-display":"","site-post-title":"","ast-breadcrumbs-content":"","ast-featured-img":"","footer-sml-layout":"","ast-disable-related-posts":"","theme-transparent-header-meta":"default","adv-header-id-meta":"","stick-header-meta":"default","header-above-stick-meta":"","header-main-stick-meta":"","header-below-stick-meta":"","astra-migrate-meta-layouts":"set","ast-page-background-enabled":"default","ast-page-background-meta":{"desktop":{"background-color":"","background-image":"","background-repeat":"repeat","background-position":"center center","background-size":"auto","background-attachment":"scroll","background-type":"","background-media":"","overlay-type":"","overlay-color":"","overlay-opacity":"","overlay-gradient":""},"tablet":{"background-color":"","background-image":"","background-repeat":"repeat","background-position":"center center","background-size":"auto","background-attachment":"scroll","background-type":"","background-media":"","overlay-type":"","overlay-color":"","overlay-opacity":"","overlay-gradient":""},"mobile":{"background-color":"","background-image":"","background-repeat":"repeat","background-position":"center center","background-size":"auto","background-attachment":"scroll","background-type":"","background-media":"","overlay-type":"","overlay-color":"","overlay-opacity":"","overlay-gradient":""}},"ast-content-background-meta":{"desktop":{"background-color":"var(--ast-global-color-5)","background-image":"","background-repeat":"repeat","background-position":"center center","background-size":"auto","background-attachment":"scroll","background-type":"","background-media":"","overlay-type":"","overlay-color":"","overlay-opacity":"","overlay-gradient":""},"tablet":{"background-color":"var(--ast-global-color-5)","background-image":"","background-repeat":"repeat","background-position":"center center","background-size":"auto","background-attachment":"scroll","background-type":"","background-media":"","overlay-type":"","overlay-color":"","overlay-opacity":"","overlay-gradient":""},"mobile":{"background-color":"var(--ast-global-color-5)","background-image":"","background-repeat":"repeat","background-position":"center center","background-size":"auto","background-attachment":"scroll","background-type":"","background-media":"","overlay-type":"","overlay-color":"","overlay-opacity":"","overlay-gradient":""}}},"product_brand":[],"product_cat":[36],"product_tag":[92],"class_list":{"0":"post-5099","1":"product","2":"type-product","3":"status-publish","4":"has-post-thumbnail","6":"product_cat-plastic-recycling-machine","7":"product_tag-dryer","8":"desktop-align-center","9":"tablet-align-center","10":"mobile-align-center","12":"first","13":"instock","14":"shipping-taxable","15":"product-type-simple"},"_links":{"self":[{"href":"https:\/\/recyclingequipinc.com\/de\/wp-json\/wp\/v2\/product\/5099","targetHints":{"allow":["GET"]}}],"collection":[{"href":"https:\/\/recyclingequipinc.com\/de\/wp-json\/wp\/v2\/product"}],"about":[{"href":"https:\/\/recyclingequipinc.com\/de\/wp-json\/wp\/v2\/types\/product"}],"version-history":[{"count":0,"href":"https:\/\/recyclingequipinc.com\/de\/wp-json\/wp\/v2\/product\/5099\/revisions"}],"wp:featuredmedia":[{"embeddable":true,"href":"https:\/\/recyclingequipinc.com\/de\/wp-json\/wp\/v2\/media\/16819"}],"wp:attachment":[{"href":"https:\/\/recyclingequipinc.com\/de\/wp-json\/wp\/v2\/media?parent=5099"}],"wp:term":[{"taxonomy":"product_brand","embeddable":true,"href":"https:\/\/recyclingequipinc.com\/de\/wp-json\/wp\/v2\/product_brand?post=5099"},{"taxonomy":"product_cat","embeddable":true,"href":"https:\/\/recyclingequipinc.com\/de\/wp-json\/wp\/v2\/product_cat?post=5099"},{"taxonomy":"product_tag","embeddable":true,"href":"https:\/\/recyclingequipinc.com\/de\/wp-json\/wp\/v2\/product_tag?post=5099"}],"curies":[{"name":"wp","href":"https:\/\/api.w.org\/{rel}","templated":true}]}}