{"id":5066,"date":"2021-10-26T10:03:36","date_gmt":"2021-10-26T10:03:36","guid":{"rendered":"https:\/\/recyclingequipinc.com\/?post_type=product&#038;p=5066"},"modified":"2025-01-20T10:22:27","modified_gmt":"2025-01-20T02:22:27","slug":"scrap-metal-baler","status":"publish","type":"product","link":"https:\/\/recyclingequipinc.com\/de\/product\/scrap-metal-baler\/","title":{"rendered":"Schrottballenpresse"},"content":{"rendered":"<p class=\"translation-block\"><strong>Schrottpressen<\/strong> haben breite Anwendungen in der Abfallmetallrecyclingindustrie und der Metallschmelzindustrie und eignen sich f\u00fcr verschiedene gro\u00dfe, mittlere und kleine Stahlwerke. Sie k\u00f6nnen verschiedene Arten von Metallschrott zu Quader-, W\u00fcrfel-, Polyeder- und Zylinderformen extrudieren. Die anwendbaren Rohmaterialien umfassen Metallschrott, Stahlsp\u00e4ne, Schrottstahl, Eisenschrott, Kupferschrott, Aluminiumschrott, Aluminiumsp\u00e4ne, zerlegte Autokarosserien, Dosen, Aluminiumlegierungen, Alt\u00f6leimer usw. Nach dem Pressen kann die Maschine den Metallballen seitlich oder nach vorne auswerfen. Der komprimierte Metallschrott ist bequem zu lagern, zu transportieren und zu schmelzen.<\/p> <figure id=\"attachment_5083\" aria-describedby=\"caption-attachment-5083\" style=\"width: 750px\" class=\"wp-caption alignnone\"><img fetchpriority=\"high\" decoding=\"async\" class=\"size-full wp-image-5083\" src=\"https:\/\/recyclingequipinc.com\/wp-content\/uploads\/2021\/10\/hydraulic-scrap-metal-baler.jpg\" alt=\"hydraulische Schrottballenpresse\" width=\"750\" height=\"500\" srcset=\"https:\/\/recyclingequipinc.com\/wp-content\/uploads\/2021\/10\/hydraulic-scrap-metal-baler.jpg 750w, https:\/\/recyclingequipinc.com\/wp-content\/uploads\/2021\/10\/hydraulic-scrap-metal-baler-300x200.jpg 300w, https:\/\/recyclingequipinc.com\/wp-content\/uploads\/2021\/10\/hydraulic-scrap-metal-baler-600x400.jpg 600w\" sizes=\"(max-width: 750px) 100vw, 750px\" \/><figcaption id=\"caption-attachment-5083\" class=\"wp-caption-text\">hydraulische Schrottballenpresse<\/figcaption><\/figure> <h2>Arbeitsverfahren f\u00fcr eine Schrottballenpresse<\/h2> <p>Automatische Zuf\u00fchrung von Metallmaterial zur Kompressionskammer \u2192 die Stahlabdeckplatte der T\u00fcr wird nach unten gedr\u00fcckt und verriegelt \u2192 die hintere Pressplatte wird durch den Hydraulikzylinder nach vorne gedr\u00fcckt \u2192 die seitliche Druckplatte wird auf die andere Seite gedr\u00fcckt \u2192 der Block wird in einer bestimmten Form geformt \u2192 der Stahl Anheben der Abdeckplatte \u2192 Die Blockdrehvorrichtung dreht das komprimierte Metallmaterial heraus \u2192 Der Zylinder wird zur\u00fcckgesetzt \u2192 Der gesamte Vorgang ist abgeschlossen<\/p> <h2>Merkmale und Vorteile der Metallballenpresse<\/h2> <ol> <li>Hydraulisch angetrieben, arbeiten reibungslos, sicher und zuverl\u00e4ssig<\/li> <li>Die Altmetallballenpresse verf\u00fcgt \u00fcber eine manuelle oder automatische SPS-Steuerung.<\/li> <li>Die Entladungsform umfasst vier Typen: Metallblock mit Seitendrehung, Block mit Seitenschub, Vorw\u00e4rtsschub und optionale Vorw\u00e4rtsdrehung.<\/li> <li>F\u00fcr die Installation sind keine Fu\u00dfschrauben erforderlich, und der Dieselmotor kann an einem Ort verwendet werden, an dem keine Stromversorgung vorhanden ist.<\/li> <li>Kompakte Struktur, einfache Bedienung, einfache Wartung, zuverl\u00e4ssige Abdichtung, bequemes Be- und Entladen,<\/li> <li>Die Ausr\u00fcstung verbessert die Arbeitseffizienz, verringert die Arbeitsintensit\u00e4t, spart Arbeitskr\u00e4fte und senkt die Transportkosten.<\/li> <li>Benutzer k\u00f6nnen die Verpackungsspezifikationen und -gr\u00f6\u00dfen an ihre Bed\u00fcrfnisse anpassen, um die Zusammenarbeit beim Transport oder bei der Lagerung zu optimieren.<\/li> <\/ol> <figure id=\"attachment_5079\" aria-describedby=\"caption-attachment-5079\" style=\"width: 750px\" class=\"wp-caption alignleft\"><img decoding=\"async\" class=\"size-full wp-image-5079\" src=\"https:\/\/recyclingequipinc.com\/wp-content\/uploads\/2021\/10\/final-products-of-waste-metal-baler.jpg\" alt=\"Endprodukte der Altmetallballenpresse\" width=\"750\" height=\"687\" srcset=\"https:\/\/recyclingequipinc.com\/wp-content\/uploads\/2021\/10\/final-products-of-waste-metal-baler.jpg 750w, https:\/\/recyclingequipinc.com\/wp-content\/uploads\/2021\/10\/final-products-of-waste-metal-baler-300x275.jpg 300w, https:\/\/recyclingequipinc.com\/wp-content\/uploads\/2021\/10\/final-products-of-waste-metal-baler-600x550.jpg 600w\" sizes=\"(max-width: 750px) 100vw, 750px\" \/><figcaption id=\"caption-attachment-5079\" class=\"wp-caption-text\">Endprodukte der Altmetallballenpresse<\/figcaption><\/figure> <h2>Schrottballenpresse zum Verkauf bei Shuliy Machinery<\/h2> <p>Die hydraulische Altmetallballenpresse verf\u00fcgt \u00fcber 10 Varianten und mehr als 20 Spezifikationen von 63 Tonnen bis 600 Tonnen, die den unterschiedlichen Kundenanforderungen gerecht werden k\u00f6nnen. Verschiedene Spezifikationen der hydraulischen Metallballenpressen sind mit unterschiedlichen Beh\u00e4ltergr\u00f6\u00dfen, Pressgr\u00f6\u00dfen, Formzeit, Leistung und Preis usw. ausgestattet. Sie k\u00f6nnen nach Ihren tats\u00e4chlichen Bed\u00fcrfnissen w\u00e4hlen oder sich mit uns in Verbindung setzen, um professionelle Vorschl\u00e4ge zu erhalten. Dar\u00fcber hinaus unterst\u00fctzen wir auch Anpassungsdienste. Das bedeutet, dass wir die Metallballenpresse entsprechend Ihren spezifischen Anforderungen an die Ausr\u00fcstung anpassen k\u00f6nnen. Wir werden unser Bestes tun, um Ihnen den besten Service zu bieten.<\/p> <h2>Was sollten Sie beim Kauf einer Schrottballenpresse beachten?<\/h2> <p>Um eine geeignete Metallballenpresse auszuw\u00e4hlen und zu kaufen, ist es besser, diese Dinge wie folgt zu ber\u00fccksichtigen.<\/p> <ol> <li>Welches Metallmaterial m\u00f6chten Sie in den Block pressen? Unterschiedliche Materialien erfordern unterschiedliche Leistung, Beh\u00e4ltergr\u00f6\u00dfen, Formzeit usw.<\/li> <li>Wie gro\u00df ist der Metallblock, den Sie erhalten m\u00f6chten? Die komprimierte Gr\u00f6\u00dfe wirkt sich auf den Lager- und Transportraum aus.<\/li> <li>Wie w\u00e4re es mit der Gr\u00f6\u00dfe des Komprimierungsraums? Die Beh\u00e4ltergr\u00f6\u00dfe bestimmt die komprimierte Gr\u00f6\u00dfe, sodass Sie je nach Pressraum eine geeignete Metallballenpresse ausw\u00e4hlen k\u00f6nnen.<\/li> <li>Wie viele Tonnen Druck? Je schwerer das Metallmaterial ist, desto mehr Druck ist erforderlich. Und der gr\u00f6\u00dfere Druck kann das Metallmaterial kompakter komprimieren.<\/li> <\/ol> <p>&nbsp;<\/p>","protected":false},"excerpt":{"rendered":"<p>Mit der Schrottballenpresse werden verschiedene Arten von Metallabf\u00e4llen in Quader, W\u00fcrfel, Polyeder oder Zylinder usw. extrudiert. Die Maschine eignet sich f\u00fcr Rohstoffe wie Metallschrott, Stahlsp\u00e4ne, Stahlschrott, Eisenschrott, Kupferschrott, Aluminiumschrott, Aluminiumsp\u00e4ne, zerlegte Autokarosserien, Dosen, Aluminiumlegierungen, Alt\u00f6lf\u00e4sser usw. Der Antrieb erfolgt hydraulisch und arbeitet reibungslos, sicher und zuverl\u00e4ssig. Es \u00fcbernimmt die manuelle oder automatische SPS-Steuerung. Vier Arten von Auswurfformen sind optional: Metallballen mit Seitendrehung, Ballen mit Seitenschub, Vorw\u00e4rtsschub und Vorw\u00e4rtsdrehung.<\/p>","protected":false},"featured_media":5074,"template":"","meta":{"site-sidebar-layout":"default","site-content-layout":"default","ast-site-content-layout":"default","site-content-style":"default","site-sidebar-style":"default","ast-global-header-display":"","ast-banner-title-visibility":"","ast-main-header-display":"","ast-hfb-above-header-display":"","ast-hfb-below-header-display":"","ast-hfb-mobile-header-display":"","site-post-title":"","ast-breadcrumbs-content":"","ast-featured-img":"","footer-sml-layout":"","ast-disable-related-posts":"","theme-transparent-header-meta":"default","adv-header-id-meta":"","stick-header-meta":"default","header-above-stick-meta":"","header-main-stick-meta":"","header-below-stick-meta":"","astra-migrate-meta-layouts":"default","ast-page-background-enabled":"default","ast-page-background-meta":{"desktop":{"background-color":"","background-image":"","background-repeat":"repeat","background-position":"center center","background-size":"auto","background-attachment":"scroll","background-type":"","background-media":"","overlay-type":"","overlay-color":"","overlay-opacity":"","overlay-gradient":""},"tablet":{"background-color":"","background-image":"","background-repeat":"repeat","background-position":"center center","background-size":"auto","background-attachment":"scroll","background-type":"","background-media":"","overlay-type":"","overlay-color":"","overlay-opacity":"","overlay-gradient":""},"mobile":{"background-color":"","background-image":"","background-repeat":"repeat","background-position":"center center","background-size":"auto","background-attachment":"scroll","background-type":"","background-media":"","overlay-type":"","overlay-color":"","overlay-opacity":"","overlay-gradient":""}},"ast-content-background-meta":{"desktop":{"background-color":"var(--ast-global-color-5)","background-image":"","background-repeat":"repeat","background-position":"center center","background-size":"auto","background-attachment":"scroll","background-type":"","background-media":"","overlay-type":"","overlay-color":"","overlay-opacity":"","overlay-gradient":""},"tablet":{"background-color":"var(--ast-global-color-5)","background-image":"","background-repeat":"repeat","background-position":"center center","background-size":"auto","background-attachment":"scroll","background-type":"","background-media":"","overlay-type":"","overlay-color":"","overlay-opacity":"","overlay-gradient":""},"mobile":{"background-color":"var(--ast-global-color-5)","background-image":"","background-repeat":"repeat","background-position":"center center","background-size":"auto","background-attachment":"scroll","background-type":"","background-media":"","overlay-type":"","overlay-color":"","overlay-opacity":"","overlay-gradient":""}}},"product_brand":[],"product_cat":[34],"product_tag":[94,52,93],"class_list":{"0":"post-5066","1":"product","2":"type-product","3":"status-publish","4":"has-post-thumbnail","6":"product_cat-industrial-baler","7":"product_tag-hydraulic-baler","8":"product_tag-metal-baler","9":"product_tag-scrap-baler","10":"desktop-align-center","11":"tablet-align-center","12":"mobile-align-center","14":"first","15":"instock","16":"shipping-taxable","17":"product-type-simple"},"_links":{"self":[{"href":"https:\/\/recyclingequipinc.com\/de\/wp-json\/wp\/v2\/product\/5066","targetHints":{"allow":["GET"]}}],"collection":[{"href":"https:\/\/recyclingequipinc.com\/de\/wp-json\/wp\/v2\/product"}],"about":[{"href":"https:\/\/recyclingequipinc.com\/de\/wp-json\/wp\/v2\/types\/product"}],"version-history":[{"count":0,"href":"https:\/\/recyclingequipinc.com\/de\/wp-json\/wp\/v2\/product\/5066\/revisions"}],"wp:featuredmedia":[{"embeddable":true,"href":"https:\/\/recyclingequipinc.com\/de\/wp-json\/wp\/v2\/media\/5074"}],"wp:attachment":[{"href":"https:\/\/recyclingequipinc.com\/de\/wp-json\/wp\/v2\/media?parent=5066"}],"wp:term":[{"taxonomy":"product_brand","embeddable":true,"href":"https:\/\/recyclingequipinc.com\/de\/wp-json\/wp\/v2\/product_brand?post=5066"},{"taxonomy":"product_cat","embeddable":true,"href":"https:\/\/recyclingequipinc.com\/de\/wp-json\/wp\/v2\/product_cat?post=5066"},{"taxonomy":"product_tag","embeddable":true,"href":"https:\/\/recyclingequipinc.com\/de\/wp-json\/wp\/v2\/product_tag?post=5066"}],"curies":[{"name":"wp","href":"https:\/\/api.w.org\/{rel}","templated":true}]}}