{"id":5063,"date":"2021-10-27T03:31:39","date_gmt":"2021-10-27T03:31:39","guid":{"rendered":"https:\/\/recyclingequipinc.com\/?post_type=product&#038;p=5063"},"modified":"2024-11-14T15:04:05","modified_gmt":"2024-11-14T07:04:05","slug":"apple-tray-making-machine","status":"publish","type":"product","link":"https:\/\/recyclingequipinc.com\/de\/product\/apple-tray-making-machine\/","title":{"rendered":"Maschine zur Herstellung von Apfelschalen"},"content":{"rendered":"<p class=\"translation-block\"><strong><b>Apfeltablett-Herstellungsmaschine<\/b><\/strong>, wie der Name schon sagt, ist eine Maschine zur Herstellung von Papiertabletts f\u00fcr \u00c4pfel und andere Fr\u00fcchte. Nat\u00fcrlich sind nicht nur Obstschalen, sondern auch andere Schuhschalen, Eierkartons, Eierschachteln, Kaffeetabletts usw. erh\u00e4ltlich. Die Maschine ist exquisites Design, vern\u00fcnftige Struktur, stabile Leistung und hohe Qualit\u00e4t. Diese Maschine ist umweltfreundlich, da die mit dieser Maschine hergestellten Apfeltabletts Papiertabletts sind. Die Rohstoffe f\u00fcr die Herstellung von Papiertabletts sind Altpapier, alte Zeitschriften, alte Pappkartons und andere Papiermaterialien, die verwendet und wiederverwendet werden. Wenn Sie in dieser Branche t\u00e4tig sind, kann dies Ihnen gro\u00dfe Gewinne bringen. Wir freuen uns jederzeit \u00fcber Ihre Anfrage!<\/p> <figure id=\"attachment_5071\" aria-describedby=\"caption-attachment-5071\" style=\"width: 820px\" class=\"wp-caption aligncenter\"><img fetchpriority=\"high\" decoding=\"async\" class=\"size-full wp-image-5071\" src=\"https:\/\/recyclingequipinc.com\/wp-content\/uploads\/2021\/10\/apple-trays.jpg\" alt=\"Apfeltabletts\" width=\"820\" height=\"217\" srcset=\"https:\/\/recyclingequipinc.com\/wp-content\/uploads\/2021\/10\/apple-trays.jpg 820w, https:\/\/recyclingequipinc.com\/wp-content\/uploads\/2021\/10\/apple-trays-750x198.jpg 750w, https:\/\/recyclingequipinc.com\/wp-content\/uploads\/2021\/10\/apple-trays-300x79.jpg 300w, https:\/\/recyclingequipinc.com\/wp-content\/uploads\/2021\/10\/apple-trays-768x203.jpg 768w, https:\/\/recyclingequipinc.com\/wp-content\/uploads\/2021\/10\/apple-trays-600x159.jpg 600w\" sizes=\"(max-width: 820px) 100vw, 820px\" \/><figcaption id=\"caption-attachment-5071\" class=\"wp-caption-text\">Apfeltabletts<\/figcaption><\/figure> <h2><strong><b>Hauptmodelle zum Verkauf<\/b><\/strong><\/h2> <p>Nach verschiedenen Standards k\u00f6nnen Maschinen zur Herstellung von Apfelschalen wie folgt klassifiziert werden:<\/p> <p class=\"translation-block\"><strong>Basierend auf den unterschiedlichen Kapazit\u00e4ten<\/strong> kann sie in kleine, mittlere und gro\u00dfe Kapazit\u00e4ten unterteilt werden. Die kleine Leistung betr\u00e4gt etwa 1000 bis 1500 St\u00fcck Papiertabletts pro Stunde. Die mittlere Leistung liegt bei etwa 2000 bis 4000 St\u00fcck pro Stunde. Die gro\u00dfe Leistung liegt bei \u00fcber 4000 St\u00fcck Papiertabletts pro Stunde.<\/p> <p class=\"translation-block\"><strong>Gem\u00e4\u00df den unterschiedlichen Trocknungsmethoden<\/strong> wird die Apfeltablett-Maschine in halbautomatisch und vollautomatisch unterteilt. Die halbautomatische Trocknungsmethode ist nat\u00fcrliche Trocknung und Trolley-Trocknung. Die vollautomatische umfasst zwei Arten: Ziegelofen-Trocknung und Metalltrocknung. Zwischen diesen beiden erfordert die Ziegelofen-Trocknung, dass die Kunden ihre eigenen Ziegel\u00f6fen bauen, aber wir k\u00f6nnen den Kunden auf der Grundlage ihrer Bed\u00fcrfnisse professionelle technische Anleitungen geben.<\/p> <figure id=\"attachment_5213\" aria-describedby=\"caption-attachment-5213\" style=\"width: 300px\" class=\"wp-caption aligncenter\"><img decoding=\"async\" class=\"size-medium wp-image-5213\" src=\"https:\/\/recyclingequipinc.com\/wp-content\/uploads\/2021\/10\/apple-tray-making-machine-300x200.jpg\" alt=\"Maschine zur Herstellung von Apfelschalen\" width=\"300\" height=\"200\" srcset=\"https:\/\/recyclingequipinc.com\/wp-content\/uploads\/2021\/10\/apple-tray-making-machine-300x200.jpg 300w, https:\/\/recyclingequipinc.com\/wp-content\/uploads\/2021\/10\/apple-tray-making-machine-600x400.jpg 600w, https:\/\/recyclingequipinc.com\/wp-content\/uploads\/2021\/10\/apple-tray-making-machine.jpg 750w\" sizes=\"(max-width: 300px) 100vw, 300px\" \/><figcaption id=\"caption-attachment-5213\" class=\"wp-caption-text\">Maschine zur Herstellung von Apfelschalen<\/figcaption><\/figure> <h2><strong><b>Endprodukte der Apple Tray Machine<\/b><\/strong><\/h2> <p>Obwohl es sich um eine Apfelschalenmaschine handelt, kann sie nicht nur Apfelschalen herstellen. Der wichtigste Teil dieser Maschine ist die Formmaschine, die die von Ihnen ben\u00f6tigten Papierschalen durch Matrizen herstellen kann. Wenn Sie beispielsweise derzeit eine H\u00fchnerfarm betreiben und beim Verkauf von Eiern Papierkisten verwenden m\u00fcssen. Dann ben\u00f6tigen Sie zu diesem Zeitpunkt eine Eierablagemaschine, also eine Eierablageformmaschine. Die Form muss zur Gr\u00f6\u00dfe des Eies passen. Daher kann das fertige Produkt auch Eierkartons, Schuhtabletts, Kaffeetabletts, Samentabletts, Weintabletts, Obsttabletts, medizinische Tabletts, Hardware-Tabletts usw. sein. Wenn Sie es ben\u00f6tigen, k\u00f6nnen Sie uns kontaktieren und wir werden uns bei Ihnen melden so schnell wie m\u00f6glich!<\/p> <figure id=\"attachment_4492\" aria-describedby=\"caption-attachment-4492\" style=\"width: 750px\" class=\"wp-caption aligncenter\"><img decoding=\"async\" class=\"size-full wp-image-4492\" src=\"https:\/\/recyclingequipinc.com\/wp-content\/uploads\/2021\/09\/finished-products.jpg\" alt=\"Endprodukte\" width=\"750\" height=\"354\" srcset=\"https:\/\/recyclingequipinc.com\/wp-content\/uploads\/2021\/09\/finished-products.jpg 750w, https:\/\/recyclingequipinc.com\/wp-content\/uploads\/2021\/09\/finished-products-300x142.jpg 300w, https:\/\/recyclingequipinc.com\/wp-content\/uploads\/2021\/09\/finished-products-600x283.jpg 600w\" sizes=\"(max-width: 750px) 100vw, 750px\" \/><figcaption id=\"caption-attachment-4492\" class=\"wp-caption-text\">Endprodukte<\/figcaption><\/figure> <h2><strong><b>Prozess der Herstellung eines Apfeltabletts<\/b><\/strong><\/h2> <p>Der Vorgang bei der Herstellung von Apfelschalen ist einfach. . Es kann grob in Aufschluss, Formen, Trocknen, Hei\u00dfpressen und Verpacken unterteilt werden.<\/p> <p class=\"translation-block\"><strong>Pulpen<\/strong>: In diesem Prozess wird Altpapier mit einer Hochdruck-Pulpenmaschine zu Pulpe zerkleinert. Vorbereitung f\u00fcr den n\u00e4chsten Schritt - Formen. Es m\u00fcssen jedoch bestimmte Verfahren befolgt werden. Kunden m\u00fcssen drei Becken bauen, eines zur Wasserspeicherung, eines f\u00fcr zerkleinerte Pulpe und eines f\u00fcr proportional gemischte Pulpe.<\/p> <p class=\"translation-block\"><strong>Formen<\/strong>: Dieser Schritt dient haupts\u00e4chlich der Formung der Pulpe, d. h. durch die Formmaschine wird die Pulpe in das gew\u00fcnschte Papiertablett umgewandelt. Zwischen Pulpen und Formen werden auch eine Vakuumpumpe und ein Luftkompressor ben\u00f6tigt. Die Vakuumpumpe saugt die Pulpe auf die Formform, w\u00e4hrend der Luftkompressor die geformte Form auf die Transferform bl\u00e4st.<\/p> <p class=\"translation-block\"><strong>Trocknen<\/strong>: Da die neu geformte Form eine gewisse Feuchtigkeit enth\u00e4lt und nass ist, muss sie getrocknet werden. Es gibt drei Trocknungsmethoden: nat\u00fcrliche Trocknung, Ziegelofentrocknung und Metalltrocknung. Sie k\u00f6nnen die geeignete Trocknungsmethode entsprechend Ihrer eigenen Produktionsgr\u00f6\u00dfe w\u00e4hlen.<\/p> <p class=\"translation-block\"><strong>Hei\u00dfpressen &amp; Verpacken<\/strong>: Im Allgemeinen ben\u00f6tigen Kartons eine Hei\u00dfpressformung, da dies das Papiertablett sch\u00f6ner macht und Platz spart. Verpacken bedeutet, das Papiertablett zu sammeln und anzuordnen, um es ordentlich und praktisch zu machen.<\/p> <figure id=\"attachment_4495\" aria-describedby=\"caption-attachment-4495\" style=\"width: 750px\" class=\"wp-caption aligncenter\"><img loading=\"lazy\" decoding=\"async\" class=\"size-full wp-image-4495\" src=\"https:\/\/recyclingequipinc.com\/wp-content\/uploads\/2021\/09\/technological-process-.jpg\" alt=\"technologischer Prozess-\" width=\"750\" height=\"457\" srcset=\"https:\/\/recyclingequipinc.com\/wp-content\/uploads\/2021\/09\/technological-process-.jpg 750w, https:\/\/recyclingequipinc.com\/wp-content\/uploads\/2021\/09\/technological-process--300x183.jpg 300w, https:\/\/recyclingequipinc.com\/wp-content\/uploads\/2021\/09\/technological-process--600x366.jpg 600w\" sizes=\"(max-width: 750px) 100vw, 750px\" \/><figcaption id=\"caption-attachment-4495\" class=\"wp-caption-text\">technologischer Prozess<\/figcaption><\/figure> <h2><strong><b>Warum sollten Sie sich f\u00fcr Shuliy Machinery entscheiden?<\/b><\/strong><\/h2> <p class=\"translation-block\">Tats\u00e4chlich gibt es viele Hersteller von Apfeltablett-Herstellungsmaschinen auf dem Markt und viele Arten. Warum also <a href=\"https:\/\/recyclingequipinc.com\/de\/\">Shuliy Machinery<\/a> als Ihren Lieferanten w\u00e4hlen? Die wichtigsten Punkte sind folgende:<\/p> <p class=\"translation-block\"><strong>R\u00fccksichtsvoller Service<\/strong>: Wir bieten Vorverkaufs-, In-Sales- und After-Sales-Service sowie einen 24-Stunden-Online-Man service, der Ihre Fragen jederzeit online beantworten kann.<\/p> <p class=\"translation-block\"><strong>Qualit\u00e4tssicherung<\/strong>: Unsere Maschinen verf\u00fcgen \u00fcber relevante Qualifikationszertifikate wie CE, GMP usw. Und wir haben unser eigenes Qualit\u00e4tskontrollsystem, das die Qualit\u00e4t jeder Komponente w\u00e4hrend der Produktion streng kontrollieren kann.<\/p> <p class=\"translation-block\"><strong>Kundenspezifische Dienstleistungen<\/strong>: Sie haben m\u00f6glicherweise unterschiedliche Anforderungen, je nach Ihrem Gesch\u00e4ft. Aber wir k\u00f6nnen die Maschine f\u00fcr Sie nach Ihren Anforderungen anpassen. Unsere Techniker k\u00f6nnen professionelle Vorschl\u00e4ge machen, um Ihre Bed\u00fcrfnisse zu erf\u00fcllen.<\/p> <figure id=\"attachment_4545\" aria-describedby=\"caption-attachment-4545\" style=\"width: 720px\" class=\"wp-caption aligncenter\"><img loading=\"lazy\" decoding=\"async\" class=\"size-full wp-image-4545\" src=\"https:\/\/recyclingequipinc.com\/wp-content\/uploads\/2021\/09\/factory-display.jpg\" alt=\"Werksanzeige\" width=\"720\" height=\"378\" srcset=\"https:\/\/recyclingequipinc.com\/wp-content\/uploads\/2021\/09\/factory-display.jpg 720w, https:\/\/recyclingequipinc.com\/wp-content\/uploads\/2021\/09\/factory-display-300x158.jpg 300w, https:\/\/recyclingequipinc.com\/wp-content\/uploads\/2021\/09\/factory-display-600x315.jpg 600w\" sizes=\"(max-width: 720px) 100vw, 720px\" \/><figcaption id=\"caption-attachment-4545\" class=\"wp-caption-text\">Werksanzeige<\/figcaption><\/figure> <h2><strong><b>Breit <\/b><\/strong><strong><b>P<\/b><\/strong><strong><b>Aussichten von Apple <\/b><\/strong><strong><b>T<\/b><\/strong><strong><b>Strahl<\/b><\/strong><strong><b>\u00a0Maschine<\/b><\/strong><\/h2> <p class=\"translation-block\">Mit der kontinuierlichen Entwicklung der Gesellschaft legen die Menschen immer mehr Wert auf die Umwelt. Diese Apfeltablett-Herstellungsmaschine ist eine umweltfreundliche Maschine, die nicht nur Unternehmen Gewinne bringt, sondern auch die Umwelt sch\u00fctzt. Au\u00dferdem wird sie im t\u00e4glichen Leben sehr verbreitet sein. Apfeltabletts k\u00f6nnen nicht nur \u00c4pfel verpacken, sondern auch Platz sparen und sind beim Lagern sauber und ordentlich. Und die Rohstoffe sind billig und leicht zu sammeln, was die Kosten spart. Es ist von gro\u00dfem Wert als Gesch\u00e4ft. Ebenso ist es auch die <a href=\"https:\/\/recyclingequipinc.com\/de\/produkt\/egg-tray-making-machine\/\">Eierkartonmaschine<\/a>. Wir freuen uns auf Ihre Anrufe!<\/p>","protected":false},"excerpt":{"rendered":"<p class=\"translation-block\"><strong><b>Apfeltablett-Herstellungsmaschine<\/b><\/strong>, wie der Name schon sagt, ist eine Maschine zur Herstellung von Apfeltabletts. Nat\u00fcrlich sind nicht nur Apfeltabletts, sondern auch andere Schuhschalen, Eierkartons, Eierschachteln, Kaffeetabletts usw. erh\u00e4ltlich. Wenn Sie in dieser Branche t\u00e4tig sind, kann dies Ihnen gro\u00dfe Gewinne bringen. Wir freuen uns jederzeit \u00fcber Ihre Anfrage!<\/p>","protected":false},"featured_media":5090,"template":"","meta":{"site-sidebar-layout":"default","site-content-layout":"default","ast-site-content-layout":"default","site-content-style":"default","site-sidebar-style":"default","ast-global-header-display":"","ast-banner-title-visibility":"","ast-main-header-display":"","ast-hfb-above-header-display":"","ast-hfb-below-header-display":"","ast-hfb-mobile-header-display":"","site-post-title":"","ast-breadcrumbs-content":"","ast-featured-img":"","footer-sml-layout":"","ast-disable-related-posts":"","theme-transparent-header-meta":"default","adv-header-id-meta":"","stick-header-meta":"default","header-above-stick-meta":"","header-main-stick-meta":"","header-below-stick-meta":"","astra-migrate-meta-layouts":"set","ast-page-background-enabled":"default","ast-page-background-meta":{"desktop":{"background-color":"","background-image":"","background-repeat":"repeat","background-position":"center center","background-size":"auto","background-attachment":"scroll","background-type":"","background-media":"","overlay-type":"","overlay-color":"","overlay-opacity":"","overlay-gradient":""},"tablet":{"background-color":"","background-image":"","background-repeat":"repeat","background-position":"center center","background-size":"auto","background-attachment":"scroll","background-type":"","background-media":"","overlay-type":"","overlay-color":"","overlay-opacity":"","overlay-gradient":""},"mobile":{"background-color":"","background-image":"","background-repeat":"repeat","background-position":"center center","background-size":"auto","background-attachment":"scroll","background-type":"","background-media":"","overlay-type":"","overlay-color":"","overlay-opacity":"","overlay-gradient":""}},"ast-content-background-meta":{"desktop":{"background-color":"var(--ast-global-color-5)","background-image":"","background-repeat":"repeat","background-position":"center center","background-size":"auto","background-attachment":"scroll","background-type":"","background-media":"","overlay-type":"","overlay-color":"","overlay-opacity":"","overlay-gradient":""},"tablet":{"background-color":"var(--ast-global-color-5)","background-image":"","background-repeat":"repeat","background-position":"center center","background-size":"auto","background-attachment":"scroll","background-type":"","background-media":"","overlay-type":"","overlay-color":"","overlay-opacity":"","overlay-gradient":""},"mobile":{"background-color":"var(--ast-global-color-5)","background-image":"","background-repeat":"repeat","background-position":"center center","background-size":"auto","background-attachment":"scroll","background-type":"","background-media":"","overlay-type":"","overlay-color":"","overlay-opacity":"","overlay-gradient":""}}},"product_brand":[],"product_cat":[35],"product_tag":[],"class_list":{"0":"post-5063","1":"product","2":"type-product","3":"status-publish","4":"has-post-thumbnail","6":"product_cat-egg-tray-machine","7":"desktop-align-center","8":"tablet-align-center","9":"mobile-align-center","11":"first","12":"instock","13":"shipping-taxable","14":"product-type-simple"},"_links":{"self":[{"href":"https:\/\/recyclingequipinc.com\/de\/wp-json\/wp\/v2\/product\/5063","targetHints":{"allow":["GET"]}}],"collection":[{"href":"https:\/\/recyclingequipinc.com\/de\/wp-json\/wp\/v2\/product"}],"about":[{"href":"https:\/\/recyclingequipinc.com\/de\/wp-json\/wp\/v2\/types\/product"}],"version-history":[{"count":0,"href":"https:\/\/recyclingequipinc.com\/de\/wp-json\/wp\/v2\/product\/5063\/revisions"}],"wp:featuredmedia":[{"embeddable":true,"href":"https:\/\/recyclingequipinc.com\/de\/wp-json\/wp\/v2\/media\/5090"}],"wp:attachment":[{"href":"https:\/\/recyclingequipinc.com\/de\/wp-json\/wp\/v2\/media?parent=5063"}],"wp:term":[{"taxonomy":"product_brand","embeddable":true,"href":"https:\/\/recyclingequipinc.com\/de\/wp-json\/wp\/v2\/product_brand?post=5063"},{"taxonomy":"product_cat","embeddable":true,"href":"https:\/\/recyclingequipinc.com\/de\/wp-json\/wp\/v2\/product_cat?post=5063"},{"taxonomy":"product_tag","embeddable":true,"href":"https:\/\/recyclingequipinc.com\/de\/wp-json\/wp\/v2\/product_tag?post=5063"}],"curies":[{"name":"wp","href":"https:\/\/api.w.org\/{rel}","templated":true}]}}