{"id":4980,"date":"2021-10-09T07:51:32","date_gmt":"2021-10-09T07:51:32","guid":{"rendered":"https:\/\/recyclingequipinc.com\/?post_type=product&#038;p=4980"},"modified":"2021-12-01T02:54:16","modified_gmt":"2021-12-01T02:54:16","slug":"fish-meal-packing-machine","status":"publish","type":"product","link":"https:\/\/recyclingequipinc.com\/de\/product\/fish-meal-packing-machine\/","title":{"rendered":"Fischmehl-Verpackungsmaschine"},"content":{"rendered":"<p>Eine Fischmehl-Verpackungsmaschine wird verwendet, um produziertes Fischmehl in Beutel mit einem bestimmten Gewicht oder Volumen zu verpacken. Die Verpackungsausr\u00fcstung \u00e4hnelt der herk\u00f6mmlichen Pulververpackungsmaschine und kann den Prozess des Messens, Beutelmachens, F\u00fcllens, Verschlie\u00dfens, Schneidens und Z\u00e4hlens automatisch abschlie\u00dfen. Der Fischmehlverpacker verf\u00fcgt \u00fcber eine Mikrocomputer-Chipsteuerung und das Bedienfeld kann die Verpackungsgeschwindigkeit, die L\u00e4nge des Verpackungsbeutels, die Hei\u00dfsiegeltemperatur usw. steuern. Dar\u00fcber hinaus ist ein Anpassungsservice entsprechend den tats\u00e4chlichen Anforderungen verf\u00fcgbar.<\/p> <h2>Merkmale und Vorteile der Fischmehl-Verpackungsmaschine<\/h2> <ol> <li>Angemessenes Design, kompakte Struktur, geringer Platzbedarf<\/li> <li>Stabiler Betrieb, einfacher Betrieb, automatische Verpackung<\/li> <li>Arbeitskosten sparen, Arbeitseffizienz verbessern<\/li> <li>Gut verpacktes Fischmehl ist sauber und attraktiv auf dem Markt<\/li> <li>\u00dcber den Touchscreen lassen sich verschiedene Arbeitsparameter einfach einrichten.<\/li> <li>Als Vorsichtsma\u00dfnahme ist die horizontale Siegelmaschine mit einer Sicherheitsabdeckung ausgestattet.<\/li> <\/ol> <h2>Aufbau einer Fischmehl-Verpackungsmaschine<\/h2> <p>Die Fischmehl-Verpackungsmaschine besteht aus einem Verpackungsfolien-Rollenfixierer, einem Bedienfeld, einem Trichter, einer Schnecke, einem Beutelhersteller, einer vertikalen Siegelvorrichtung, einer horizontalen Siegelmaschine und einem Schneider. Wie der Name schon sagt, wird ein Rollfixierer zum Verlegen von Verpackungsfolien verwendet. Das Bedienfeld besteht aus einem Touchscreen, einer vertikalen und horizontalen Siegeltemperaturanzeige, einem Ein-\/Aus-Schalter, einer Nottaste usw. Und der Touchscreen verwaltet die Sprache, die L\u00e4nge des Verpackungsbeutels, die Verpackungsgeschwindigkeit usw. Die Schnecke hat den Auslass des Trichters installiert. Die Maschine steuert das Verpackungsvolumen durch \u00c4nderung der Schneckendrehungen, der Spiralgeschwindigkeit, der Schneckengr\u00f6\u00dfe usw.<\/p> <h2>Abschluss<\/h2> <p>Als professioneller Hersteller von Fischmehlmaschinen bieten wir nicht nur Fischmehl-Verpackungsmaschinen, sondern auch andere Fischmehlmaschinen zum Verkauf an, wie z. B. Fischschneidemaschinen, Fischkochmaschinen, Fischquetschmaschinen, Fischmehl-Trocknungsmaschinen, Fischmehl-Siebmaschinen usw Dar\u00fcber hinaus k\u00f6nnen wir Ihnen bei Bedarf auch bei der Gestaltung des Musters und der Form Ihrer Verpackungstasche behilflich sein. Dar\u00fcber hinaus unterst\u00fctzen wir den OEM-Service entsprechend Ihren tats\u00e4chlichen Anforderungen. Kontaktieren Sie uns, um weitere Informationen und den besten Preis zu erhalten. Wir werden Ihnen so schnell wie m\u00f6glich antworten.<\/p> <p>&nbsp;<\/p>","protected":false},"excerpt":{"rendered":"<p>Die Fischmehl-Verpackungsmaschine kann den gesamten Prozess des Abmessens, Beutelmachens, F\u00fcllens, Verschlie\u00dfens, Schneidens und Z\u00e4hlens automatisch abschlie\u00dfen. Die Mikrocomputer-Chipsteuerung ist intelligent, um verschiedene Parameter einzurichten. Es nimmt wenig Platz ein, arbeitet effizient und ist einfach zu bedienen. Dar\u00fcber hinaus ist ein OEM-Service verf\u00fcgbar.<\/p>","protected":false},"featured_media":4982,"template":"","meta":{"site-sidebar-layout":"default","site-content-layout":"default","ast-site-content-layout":"default","site-content-style":"default","site-sidebar-style":"default","ast-global-header-display":"","ast-banner-title-visibility":"","ast-main-header-display":"","ast-hfb-above-header-display":"","ast-hfb-below-header-display":"","ast-hfb-mobile-header-display":"","site-post-title":"","ast-breadcrumbs-content":"","ast-featured-img":"","footer-sml-layout":"","ast-disable-related-posts":"","theme-transparent-header-meta":"default","adv-header-id-meta":"","stick-header-meta":"default","header-above-stick-meta":"","header-main-stick-meta":"","header-below-stick-meta":"","astra-migrate-meta-layouts":"default","ast-page-background-enabled":"default","ast-page-background-meta":{"desktop":{"background-color":"","background-image":"","background-repeat":"repeat","background-position":"center center","background-size":"auto","background-attachment":"scroll","background-type":"","background-media":"","overlay-type":"","overlay-color":"","overlay-opacity":"","overlay-gradient":""},"tablet":{"background-color":"","background-image":"","background-repeat":"repeat","background-position":"center center","background-size":"auto","background-attachment":"scroll","background-type":"","background-media":"","overlay-type":"","overlay-color":"","overlay-opacity":"","overlay-gradient":""},"mobile":{"background-color":"","background-image":"","background-repeat":"repeat","background-position":"center center","background-size":"auto","background-attachment":"scroll","background-type":"","background-media":"","overlay-type":"","overlay-color":"","overlay-opacity":"","overlay-gradient":""}},"ast-content-background-meta":{"desktop":{"background-color":"var(--ast-global-color-5)","background-image":"","background-repeat":"repeat","background-position":"center center","background-size":"auto","background-attachment":"scroll","background-type":"","background-media":"","overlay-type":"","overlay-color":"","overlay-opacity":"","overlay-gradient":""},"tablet":{"background-color":"var(--ast-global-color-5)","background-image":"","background-repeat":"repeat","background-position":"center center","background-size":"auto","background-attachment":"scroll","background-type":"","background-media":"","overlay-type":"","overlay-color":"","overlay-opacity":"","overlay-gradient":""},"mobile":{"background-color":"var(--ast-global-color-5)","background-image":"","background-repeat":"repeat","background-position":"center center","background-size":"auto","background-attachment":"scroll","background-type":"","background-media":"","overlay-type":"","overlay-color":"","overlay-opacity":"","overlay-gradient":""}}},"product_brand":[],"product_cat":[15],"product_tag":[],"class_list":{"0":"post-4980","1":"product","2":"type-product","3":"status-publish","4":"has-post-thumbnail","6":"product_cat-fish-meal-plant","7":"desktop-align-center","8":"tablet-align-center","9":"mobile-align-center","11":"first","12":"instock","13":"shipping-taxable","14":"product-type-simple"},"_links":{"self":[{"href":"https:\/\/recyclingequipinc.com\/de\/wp-json\/wp\/v2\/product\/4980","targetHints":{"allow":["GET"]}}],"collection":[{"href":"https:\/\/recyclingequipinc.com\/de\/wp-json\/wp\/v2\/product"}],"about":[{"href":"https:\/\/recyclingequipinc.com\/de\/wp-json\/wp\/v2\/types\/product"}],"version-history":[{"count":0,"href":"https:\/\/recyclingequipinc.com\/de\/wp-json\/wp\/v2\/product\/4980\/revisions"}],"wp:featuredmedia":[{"embeddable":true,"href":"https:\/\/recyclingequipinc.com\/de\/wp-json\/wp\/v2\/media\/4982"}],"wp:attachment":[{"href":"https:\/\/recyclingequipinc.com\/de\/wp-json\/wp\/v2\/media?parent=4980"}],"wp:term":[{"taxonomy":"product_brand","embeddable":true,"href":"https:\/\/recyclingequipinc.com\/de\/wp-json\/wp\/v2\/product_brand?post=4980"},{"taxonomy":"product_cat","embeddable":true,"href":"https:\/\/recyclingequipinc.com\/de\/wp-json\/wp\/v2\/product_cat?post=4980"},{"taxonomy":"product_tag","embeddable":true,"href":"https:\/\/recyclingequipinc.com\/de\/wp-json\/wp\/v2\/product_tag?post=4980"}],"curies":[{"name":"wp","href":"https:\/\/api.w.org\/{rel}","templated":true}]}}